{"id":74,"date":"2018-07-30T00:39:48","date_gmt":"2018-07-29T21:39:48","guid":{"rendered":"https:\/\/h2n312.wordpress.com\/?page_id=74"},"modified":"2025-06-04T19:21:44","modified_gmt":"2025-06-04T16:21:44","slug":"guide","status":"publish","type":"page","link":"https:\/\/hand2noteguide.com\/es\/guide\/","title":{"rendered":"Manual de Usuario de Hand2Note 3"},"content":{"rendered":"\n<p>En este art\u00edculo repasaremos todas las funciones de Hand2Note. El manual contiene la informaci\u00f3n sobre todas las funciones del software.<\/p>\n\n\n\n<div class=\"red-block\">\n<p style=\"margin-bottom:0\">\u26a0\ufe0f Este manual es sobre la versi\u00f3n 3 de Hand2Note, que ahora est\u00e1 desactualizada. Consulta el <a href=\"https:\/\/hand2noteguide.com\/es\/user-manual\/\"><strong>Manual de Usuario de Hand2Note 4<\/strong><\/a>.<\/p>\n<\/div>\n\n\n\n<h2 class=\"wp-block-heading\"><a href=\"https:\/\/hand2noteguide.com\/es\/guide\/hud\/\">HUD<\/a><\/h2>\n\n\n\n<figure class=\"wp-block-image\"><img loading=\"lazy\" decoding=\"async\" width=\"887\" height=\"604\" src=\"https:\/\/hand2noteguide.com\/wp-content\/uploads\/2020\/03\/hand2note-default-hud.png\" alt=\"hand2note hud\" class=\"wp-image-1792\" srcset=\"https:\/\/hand2noteguide.com\/wp-content\/uploads\/2020\/03\/hand2note-default-hud.png 887w, https:\/\/hand2noteguide.com\/wp-content\/uploads\/2020\/03\/hand2note-default-hud-300x204.png 300w, https:\/\/hand2noteguide.com\/wp-content\/uploads\/2020\/03\/hand2note-default-hud-768x523.png 768w, https:\/\/hand2noteguide.com\/wp-content\/uploads\/2020\/03\/hand2note-default-hud-772x526.png 772w, https:\/\/hand2noteguide.com\/wp-content\/uploads\/2020\/03\/hand2note-default-hud-624x425.png 624w\" sizes=\"auto, (max-width: 887px) 100vw, 887px\" \/><figcaption class=\"wp-element-caption\">HUD predeterminado de Hand2Note<\/figcaption><\/figure>\n\n\n\n<p><a href=\"https:\/\/hand2noteguide.com\/es\/poker\/poker-hud\/\">HUD<\/a> es una de las funciones principales de cualquier software de seguimiento de poker y Hand2Note no es una excepci\u00f3n. Hand2Note ofrece a los usuarios HUDs avanzados posicionales y din\u00e1micos, pero tambi\u00e9n puedes usar un HUD est\u00e1tico simple. Aprende m\u00e1s sobre los diferentes tipos de HUD en <a aria-label=\"este art\u00edculo (se abrir\u00e1 en una nueva pesta\u00f1a)\" href=\"http:\/\/www.hand2note.com\/Help\/pages\/HUDOverview\/\" target=\"_blank\" rel=\"noreferrer noopener\">este art\u00edculo<\/a>.<\/p>\n\n\n\n<p>Dos perfiles de HUD predeterminados est\u00e1n disponibles en Hand2Note inmediatamente despu\u00e9s de la instalaci\u00f3n. Tambi\u00e9n puedes crear tu propio HUD, importar un HUD de otro rastreador o comprar uno de los paquetes comerciales en la tienda oficial. Lee <a href=\"https:\/\/hand2noteguide.com\/es\/hand2note-hud\/\">este material<\/a> para entender qu\u00e9 opci\u00f3n de HUD se adapta mejor a ti.<\/p>\n\n\n\n<h3 class=\"wp-block-heading\">Preguntas Frecuentes sobre HUD<\/h3>\n\n\n\n\n<!-- Page-list plugin v.5.2 wordpress.org\/plugins\/page-list\/ -->\n<ul class=\"page-list \">\n<li class=\"page_item page-item-1556\"><a href=\"https:\/\/hand2noteguide.com\/es\/guide\/hud\/different-huds-in-different-rooms\/\">Usar diferentes HUDs en diferentes salas<\/a><\/li>\n<li class=\"page_item page-item-379\"><a href=\"https:\/\/hand2noteguide.com\/es\/guide\/hud\/activate-session-hud\/\">C\u00f3mo activar el HUD de sesi\u00f3n<\/a><\/li>\n<li class=\"page_item page-item-409\"><a href=\"https:\/\/hand2noteguide.com\/es\/guide\/hud\/hero-hud\/\">\u00bfC\u00f3mo obtener HUD en Hero?<\/a><\/li>\n<li class=\"page_item page-item-472\"><a href=\"https:\/\/hand2noteguide.com\/es\/guide\/hud\/disable-hud\/\">C\u00f3mo desactivar el HUD<\/a><\/li>\n<li class=\"page_item page-item-452\"><a href=\"https:\/\/hand2noteguide.com\/es\/guide\/hud\/divide-stats-sh-fr\/\">C\u00f3mo dividir las estad\u00edsticas seg\u00fan el n\u00famero de jugadores (SH\/FR)?<\/a><\/li>\n<li class=\"page_item page-item-1527\"><a href=\"https:\/\/hand2noteguide.com\/es\/guide\/hud\/switch-profile\/\">C\u00f3mo cambiar el perfil del HUD<\/a><\/li>\n\n<\/ul>\n\n\n\n<h3 class=\"wp-block-heading\">Creaci\u00f3n de HUD<\/h3>\n\n\n\n<p>Hand2Note tiene herramientas muy flexibles para crear tu propio HUD. Puedes personalizar profundamente tus estad\u00edsticas, HUD y popups para crear un perfil adecuado a tus necesidades.<\/p>\n\n\n\n<p>Consulta primero el manual de <a href=\"https:\/\/www.hand2note.com\/Help\/pages\/HUDCustomization\/\" target=\"_blank\" rel=\"noreferrer noopener\" aria-label=\"trabajar con el editor de HUD (se abrir\u00e1 en una nueva pesta\u00f1a)\">trabajar con el editor de HUD<\/a>. A continuaci\u00f3n, tambi\u00e9n puedes encontrar respuestas a preguntas frecuentes.<\/p>\n\n\n\n\n<!-- Page-list plugin v.5.2 wordpress.org\/plugins\/page-list\/ -->\n<ul class=\"page-list \">\n<li class=\"page_item page-item-367\"><a href=\"https:\/\/hand2noteguide.com\/es\/guide\/hud\/add-aggression-wtsd\/\">C\u00f3mo insertar estad\u00edsticas de agresi\u00f3n y showdown en el HUD<\/a><\/li>\n<li class=\"page_item page-item-402\"><a href=\"https:\/\/hand2noteguide.com\/es\/guide\/hud\/add-hands-counter\/\">\u00bfC\u00f3mo insertar el contador de manos?<\/a><\/li>\n<li class=\"page_item page-item-396\"><a href=\"https:\/\/hand2noteguide.com\/es\/guide\/hud\/add-abbreviations\/\">\u00bfC\u00f3mo agregar abreviaturas a las stats?<\/a><\/li>\n<li class=\"page_item page-item-375\"><a href=\"https:\/\/hand2noteguide.com\/es\/guide\/hud\/add-nickname-winrate-stacksize\/\">C\u00f3mo insertar apodo, winrate y tama\u00f1o de stack en el HUD<\/a><\/li>\n\n<\/ul>\n\n\n\n<h2 class=\"wp-block-heading\"><a href=\"https:\/\/hand2noteguide.com\/es\/guide\/creating-stats\/\">Stats<\/a><\/h2>\n\n\n\n<figure class=\"wp-block-image\"><img loading=\"lazy\" decoding=\"async\" width=\"1024\" height=\"569\" src=\"https:\/\/hand2noteguide.com\/wp-content\/uploads\/2020\/03\/hand2note-stats-editor-1024x569.png\" alt=\"hand2note stats editor\" class=\"wp-image-1804\" srcset=\"https:\/\/hand2noteguide.com\/wp-content\/uploads\/2020\/03\/hand2note-stats-editor-1024x569.png 1024w, https:\/\/hand2noteguide.com\/wp-content\/uploads\/2020\/03\/hand2note-stats-editor-300x167.png 300w, https:\/\/hand2noteguide.com\/wp-content\/uploads\/2020\/03\/hand2note-stats-editor-768x427.png 768w, https:\/\/hand2noteguide.com\/wp-content\/uploads\/2020\/03\/hand2note-stats-editor-772x429.png 772w, https:\/\/hand2noteguide.com\/wp-content\/uploads\/2020\/03\/hand2note-stats-editor-624x347.png 624w, https:\/\/hand2noteguide.com\/wp-content\/uploads\/2020\/03\/hand2note-stats-editor.png 1121w\" sizes=\"auto, (max-width: 1024px) 100vw, 1024px\" \/><figcaption class=\"wp-element-caption\">Editor de stats de Hand2Note<\/figcaption><\/figure>\n\n\n\n<p>Hand2Note tiene una interfaz intuitiva y potente para crear <a href=\"https:\/\/hand2noteguide.com\/es\/poker\/poker-hud-stats\/\">stats de poker<\/a> personalizadas. Adem\u00e1s, una gran cantidad de stats predefinidas est\u00e1n disponibles inmediatamente despu\u00e9s de la instalaci\u00f3n.<\/p>\n\n\n\n<p>Consulta la <a href=\"https:\/\/hand2noteguide.com\/es\/guide\/creating-stats\/\">introducci\u00f3n<\/a> a las estad\u00edsticas de poker en Hand2Note. Luego, echa un vistazo a los manuales sobre c\u00f3mo operar con diferentes tipos de stats en el software:<\/p>\n\n\n\n\n<!-- Page-list plugin v.5.2 wordpress.org\/plugins\/page-list\/ -->\n<ul class=\"page-list \">\n<li class=\"page_item page-item-548\"><a href=\"https:\/\/hand2noteguide.com\/es\/guide\/creating-stats\/simple\/\">Estad\u00edsticas simples<\/a><\/li>\n<li class=\"page_item page-item-555\"><a href=\"https:\/\/hand2noteguide.com\/es\/guide\/creating-stats\/expression\/\">Estad\u00edsticas de expresi\u00f3n<\/a><\/li>\n\n<\/ul>\n\n\n\n<h2 class=\"wp-block-heading\"><a href=\"https:\/\/hand2noteguide.com\/es\/guide\/database\/\">Database<\/a><\/h2>\n\n\n\n<figure class=\"wp-block-image\"><img loading=\"lazy\" decoding=\"async\" width=\"985\" height=\"661\" src=\"https:\/\/hand2noteguide.com\/wp-content\/uploads\/2020\/03\/hand2note-database.png\" alt=\"hand2note database\" class=\"wp-image-1802\" srcset=\"https:\/\/hand2noteguide.com\/wp-content\/uploads\/2020\/03\/hand2note-database.png 985w, https:\/\/hand2noteguide.com\/wp-content\/uploads\/2020\/03\/hand2note-database-300x201.png 300w, https:\/\/hand2noteguide.com\/wp-content\/uploads\/2020\/03\/hand2note-database-768x515.png 768w, https:\/\/hand2noteguide.com\/wp-content\/uploads\/2020\/03\/hand2note-database-772x518.png 772w, https:\/\/hand2noteguide.com\/wp-content\/uploads\/2020\/03\/hand2note-database-624x419.png 624w\" sizes=\"auto, (max-width: 985px) 100vw, 985px\" \/><figcaption class=\"wp-element-caption\">Gesti\u00f3n de base de datos de Hand2Note<\/figcaption><\/figure>\n\n\n\n<p>Hand2Note utiliza su servidor de base de datos incorporado por defecto. Por lo tanto, no necesitas tener PostgreSQL instalado en tu PC para el correcto funcionamiento de Hand2Note.<\/p>\n\n\n\n<p>Puedes gestionar las bases de datos a trav\u00e9s de la interfaz de Hand2Note en&nbsp;<em>Configuration \u2192 Database<\/em>. Lee el <a href=\"https:\/\/hand2noteguide.com\/es\/guide\/database\/\">breve manual<\/a> sobre bases de datos en Hand2Note. Tambi\u00e9n hay algunos enlaces r\u00e1pidos para las solicitudes m\u00e1s frecuentes:<\/p>\n\n\n\n\n<!-- Page-list plugin v.5.2 wordpress.org\/plugins\/page-list\/ -->\n<ul class=\"page-list \">\n<li class=\"page_item page-item-196\"><a href=\"https:\/\/hand2noteguide.com\/es\/guide\/database\/where-is-database-stored\/\">\u00bfD\u00f3nde se almacena la base de datos?<\/a><\/li>\n<li class=\"page_item page-item-199\"><a href=\"https:\/\/hand2noteguide.com\/es\/guide\/database\/move-database-to-another-drive\/\">C\u00f3mo mover la base de datos a otra unidad<\/a><\/li>\n<li class=\"page_item page-item-160\"><a href=\"https:\/\/hand2noteguide.com\/es\/guide\/database\/move-database-to-another-pc\/\">C\u00f3mo mover la base de datos a otro PC<\/a><\/li>\n<li class=\"page_item page-item-208\"><a href=\"https:\/\/hand2noteguide.com\/es\/guide\/database\/create-database\/\">C\u00f3mo crear una nueva base de datos<\/a><\/li>\n<li class=\"page_item page-item-204\"><a href=\"https:\/\/hand2noteguide.com\/es\/guide\/database\/delete-hands\/\">C\u00f3mo eliminar manos de la base de datos<\/a><\/li>\n\n<\/ul>\n\n\n\n<h2 class=\"wp-block-heading\">Suscripci\u00f3n<\/h2>\n\n\n\n<p>Hand2Note es <a href=\"https:\/\/hand2noteguide.com\/es\/hand2note-for-free\/\">gratuito<\/a> para cualquier nivel en la versi\u00f3n BASE con algunas limitaciones en la funcionalidad. Si deseas utilizar todas las funciones avanzadas del software, puedes comprar uno de los complementos: ASIA, EDGE o PRO. La elecci\u00f3n del plan de suscripci\u00f3n depende de las salas en las que juegues y las funciones que necesites. Consulta la informaci\u00f3n m\u00e1s importante sobre la licencia:<\/p>\n\n\n\n<ul class=\"wp-block-list\">\n<li><a href=\"https:\/\/hand2noteguide.com\/es\/guide\/choose-subscription\/\">\u00bfQu\u00e9 plan de suscripci\u00f3n es adecuado para m\u00ed?<\/a><\/li>\n\n\n\n<li><a href=\"https:\/\/hand2noteguide.com\/es\/why-purchase-hand2note\/\">\u00bfQu\u00e9 beneficios obtendr\u00e9 de la suscripci\u00f3n?<\/a><\/li>\n\n\n\n<li><a href=\"https:\/\/hand2noteguide.com\/es\/promo\/\"><strong>\u00bfPuedo obtener un descuento? (S\u00ed)<\/strong><\/a><\/li>\n\n\n\n<li><a href=\"https:\/\/hand2noteguide.com\/es\/guide\/upgrade-subscription\/\">\u00bfC\u00f3mo actualizar\/downgradear el plan de suscripci\u00f3n?<\/a><\/li>\n<\/ul>\n\n\n\n<h2 class=\"wp-block-heading\">Com\u00fan<\/h2>\n\n\n\n<p>Estas son las principales caracter\u00edsticas comunes del rastreador que todos los jugadores encontrar\u00e1n \u00fatiles. Revisa los manuales cuidadosamente:<\/p>\n\n\n\n\n<!-- Page-list plugin v.5.2 wordpress.org\/plugins\/page-list\/ -->\n<ul class=\"page-list \">\n<li class=\"page_item page-item-316\"><a href=\"https:\/\/hand2noteguide.com\/es\/guide\/alias\/\">Alias de jugadores<\/a><\/li>\n<li class=\"page_item page-item-420\"><a href=\"https:\/\/hand2noteguide.com\/es\/guide\/notes-on-players\/\">Escribiendo notas sobre los jugadores<\/a><\/li>\n<li class=\"page_item page-item-269\"><a href=\"https:\/\/hand2noteguide.com\/es\/guide\/how-to-mark-hands\/\">C\u00f3mo marcar manos mientras juegas<\/a><\/li>\n<li class=\"page_item page-item-413\"><a href=\"https:\/\/hand2noteguide.com\/es\/guide\/hero-stats\/\">C\u00f3mo revisar las stats del Hero?<\/a><\/li>\n<li class=\"page_item page-item-876\"><a href=\"https:\/\/hand2noteguide.com\/es\/guide\/rebuild-stats\/\">Reconstrucci\u00f3n de stats<\/a><\/li>\n\n<\/ul>\n\n\n\n<h2 class=\"wp-block-heading\">Funciones exclusivas<\/h2>\n\n\n\n<p>Range Research y Decision Analysis son las herramientas m\u00e1s poderosas de Hand2Note. Te permiten explorar a fondo a tus oponentes y tus propias debilidades. Estas herramientas solo est\u00e1n disponibles en la versi\u00f3n EDGE o PRO, por lo que puede ser la motivaci\u00f3n para adquirirla.<\/p>\n\n\n\n<ul class=\"page-list \">\n<li class=\"page_item page-item-3424\"><a href=\"https:\/\/hand2noteguide.com\/es\/guide\/range-research\/\"><strong>Range Research<\/strong><\/a><\/li>\n<li class=\"page_item page-item-586\"><a href=\"https:\/\/hand2noteguide.com\/es\/guide\/decision-analysis\/\">Descubre la rentabilidad de varias categor\u00edas de manos<\/a><\/li>\n\n<\/ul>\n\n\n\n<h2 class=\"wp-block-heading\">Exportar y mover<\/h2>\n\n\n\n<p>Hand2Note es muy flexible y puedes exportar f\u00e1cilmente todas las configuraciones, HUDs, notas y manos o moverlas a otro rastreador de Hand2Note en otro dispositivo. Consulta los manuales r\u00e1pidos sobre c\u00f3mo extraer la informaci\u00f3n necesaria del software:<\/p>\n\n\n\n\n<!-- Page-list plugin v.5.2 wordpress.org\/plugins\/page-list\/ -->\n<ul class=\"page-list \">\n<li class=\"page_item page-item-254\"><a href=\"https:\/\/hand2noteguide.com\/es\/guide\/where-are-notes-stored\/\">\u00bfD\u00f3nde se almacenan las notas?<\/a><\/li>\n<li class=\"page_item page-item-151\"><a href=\"https:\/\/hand2noteguide.com\/es\/guide\/hands-archive\/\">\u00bfD\u00f3nde guarda Hand2Note los historiales de manos?<\/a><\/li>\n<li class=\"page_item page-item-263\"><a href=\"https:\/\/hand2noteguide.com\/es\/guide\/moving-marked-hands\/\">Mover manos marcadas<\/a><\/li>\n<li class=\"page_item page-item-256\"><a href=\"https:\/\/hand2noteguide.com\/es\/guide\/moving-hud-and-settings\/\">Moviendo el HUD y configuraciones<\/a><\/li>\n<li class=\"page_item page-item-166\"><a href=\"https:\/\/hand2noteguide.com\/es\/guide\/export-hands\/\">Exportar manos desde Hand2Note<\/a><\/li>\n\n<\/ul>\n\n\n\n<h2 class=\"wp-block-heading\">Varios<\/h2>\n\n\n\n<p>Informaci\u00f3n t\u00e9cnica adicional que puede ser \u00fatil:<\/p>\n\n\n\n\n<!-- Page-list plugin v.5.2 wordpress.org\/plugins\/page-list\/ -->\n<ul class=\"page-list \">\n<li class=\"page_item page-item-572\"><a href=\"https:\/\/hand2noteguide.com\/es\/guide\/system-requirements\/\">Requisitos del Sistema<\/a><\/li>\n<li class=\"page_item page-item-113\"><a href=\"https:\/\/hand2noteguide.com\/es\/guide\/hand2note-version\/\">Versi\u00f3n utilizada. Actualizaci\u00f3n de Hand2Note.<\/a><\/li>\n\n<\/ul>\n\n\n\n<p>Eso es todo con la gu\u00eda de Hand2Note, pero tenemos algunos otros manuales relacionados que podr\u00edan serte \u00fatiles.<\/p>\n\n\n\n<h2 class=\"wp-block-heading\">Otros manuales de software<\/h2>\n\n\n\n<p>Consulta nuestras rese\u00f1as sobre otras <a href=\"https:\/\/hand2noteguide.com\/es\/poker\/5-best-online-poker-software\/\">herramientas de poker populares<\/a> que casi todos los jugadores encontrar\u00e1n \u00fatiles.<\/p>\n\n\n\n<ul class=\"page-list\">\n<li><a href=\"https:\/\/hand2noteguide.com\/es\/poker\/the-best-poker-preflop-charts-software\/\">FreeBetRange<\/a><\/li>\n<li><a href=\"https:\/\/hand2noteguide.com\/es\/poker\/poker-gto\/gto-wizard-review\/\">GTO Wizard<\/a><\/li>\n<li><a href=\"https:\/\/hand2noteguide.com\/es\/starscaption\/\">StarsCaption<\/a><\/li>\n<\/ul>\n\n\n\n<h2 class=\"wp-block-heading\"><a href=\"https:\/\/hand2noteguide.com\/es\/poker\/\">Manual general de poker<\/a><\/h2>\n\n\n\n<p>Adem\u00e1s de los manuales de software, tambi\u00e9n tenemos una <a href=\"https:\/\/hand2noteguide.com\/es\/poker\/\">gu\u00eda general de poker<\/a>. Te ayudar\u00e1 a entender los conceptos b\u00e1sicos del poker y tambi\u00e9n los elementos avanzados de la estrategia ganadora. Hay 9 pasos para estudiar la teor\u00eda del poker y convertirse en un jugador exitoso. \u00bfEn qu\u00e9 paso te encuentras ahora?<\/p>\n","protected":false},"excerpt":{"rendered":"<p>A detailed description of all the functions of Hand2Note, answers to frequently asked questions<\/p>\n","protected":false},"author":1,"featured_media":0,"parent":0,"menu_order":5,"comment_status":"closed","ping_status":"closed","template":"page-templates\/full-width-page.php","meta":{"footnotes":""},"class_list":["post-74","page","type-page","status-publish","hentry"],"translation":{"provider":"WPGlobus","version":"3.0.2","language":"es","enabled_languages":["en","ru","pt","zh","es","fr","de","it","ja"],"languages":{"en":{"title":true,"content":true,"excerpt":true},"ru":{"title":true,"content":true,"excerpt":true},"pt":{"title":true,"content":true,"excerpt":false},"zh":{"title":true,"content":true,"excerpt":true},"es":{"title":true,"content":true,"excerpt":false},"fr":{"title":true,"content":true,"excerpt":false},"de":{"title":true,"content":true,"excerpt":false},"it":{"title":true,"content":true,"excerpt":false},"ja":{"title":true,"content":true,"excerpt":false}}},"yoast_head":"<!-- This site is optimized with the Yoast SEO plugin v27.0 - https:\/\/yoast.com\/product\/yoast-seo-wordpress\/ -->\n<title>Manual de Usuario de Hand2Note 3<\/title>\n<meta name=\"description\" content=\"En este art\u00edculo repasaremos todas las funciones de Hand2Note. El manual contiene la informaci\u00f3n sobre todas las funciones del software.\" \/>\n<meta name=\"robots\" content=\"index, follow, max-snippet:-1, max-image-preview:large, max-video-preview:-1\" \/>\n<link rel=\"canonical\" href=\"https:\/\/hand2noteguide.com\/guide\/\" \/>\n<meta property=\"og:locale\" content=\"es_ES\" \/>\n<meta property=\"og:type\" content=\"article\" \/>\n<meta property=\"og:title\" content=\"Manual de Usuario de Hand2Note 3\" \/>\n<meta property=\"og:description\" content=\"En este art\u00edculo repasaremos todas las funciones de Hand2Note. El manual contiene la informaci\u00f3n sobre todas las funciones del software.\" \/>\n<meta property=\"og:url\" content=\"https:\/\/hand2noteguide.com\/guide\/\" \/>\n<meta property=\"og:site_name\" content=\"Hand2Note Guide\" \/>\n<meta property=\"article:modified_time\" content=\"2025-06-04T16:21:44+00:00\" \/>\n<meta property=\"og:image\" content=\"https:\/\/hand2noteguide.com\/wp-content\/uploads\/2020\/03\/hand2note-default-hud.png\" \/>\n<meta name=\"twitter:card\" content=\"summary_large_image\" \/>\n<meta name=\"twitter:label1\" content=\"Est. reading time\" \/>\n\t<meta name=\"twitter:data1\" content=\"22 minutes\" \/>\n<!-- \/ Yoast SEO plugin. -->","yoast_head_json":{"title":"Manual de Usuario de Hand2Note 3","description":"En este art\u00edculo repasaremos todas las funciones de Hand2Note. El manual contiene la informaci\u00f3n sobre todas las funciones del software.","robots":{"index":"index","follow":"follow","max-snippet":"max-snippet:-1","max-image-preview":"max-image-preview:large","max-video-preview":"max-video-preview:-1"},"canonical":"https:\/\/hand2noteguide.com\/guide\/","og_locale":"es_ES","og_type":"article","og_title":"Manual de Usuario de Hand2Note 3","og_description":"En este art\u00edculo repasaremos todas las funciones de Hand2Note. El manual contiene la informaci\u00f3n sobre todas las funciones del software.","og_url":"https:\/\/hand2noteguide.com\/guide\/","og_site_name":"Hand2Note Guide","article_modified_time":"2025-06-04T16:21:44+00:00","og_image":[{"url":"https:\/\/hand2noteguide.com\/wp-content\/uploads\/2020\/03\/hand2note-default-hud.png","type":"","width":"","height":""}],"twitter_card":"summary_large_image","twitter_misc":{"Est. reading time":"22 minutes"},"schema":{"@context":"https:\/\/schema.org","@graph":[]}},"jetpack_sharing_enabled":false,"_links":{"self":[{"href":"https:\/\/hand2noteguide.com\/es\/wp-json\/wp\/v2\/pages\/74","targetHints":{"allow":["GET"]}}],"collection":[{"href":"https:\/\/hand2noteguide.com\/es\/wp-json\/wp\/v2\/pages"}],"about":[{"href":"https:\/\/hand2noteguide.com\/es\/wp-json\/wp\/v2\/types\/page"}],"author":[{"embeddable":true,"href":"https:\/\/hand2noteguide.com\/es\/wp-json\/wp\/v2\/users\/1"}],"replies":[{"embeddable":true,"href":"https:\/\/hand2noteguide.com\/es\/wp-json\/wp\/v2\/comments?post=74"}],"version-history":[{"count":160,"href":"https:\/\/hand2noteguide.com\/es\/wp-json\/wp\/v2\/pages\/74\/revisions"}],"predecessor-version":[{"id":13561,"href":"https:\/\/hand2noteguide.com\/es\/wp-json\/wp\/v2\/pages\/74\/revisions\/13561"}],"wp:attachment":[{"href":"https:\/\/hand2noteguide.com\/es\/wp-json\/wp\/v2\/media?parent=74"}],"curies":[{"name":"wp","href":"https:\/\/api.w.org\/{rel}","templated":true}]}}