{"id":7498,"date":"2024-07-31T10:57:12","date_gmt":"2024-07-31T07:57:12","guid":{"rendered":"https:\/\/hand2noteguide.com\/?page_id=7498"},"modified":"2026-03-11T18:38:41","modified_gmt":"2026-03-11T15:38:41","slug":"gto-wizard-price","status":"publish","type":"page","link":"https:\/\/hand2noteguide.com\/es\/poker\/poker-gto\/gto-wizard-review\/gto-wizard-price\/","title":{"rendered":"Precio de GTO Wizard \ud83d\udcb0: \u00bfcu\u00e1nto cuesta la mejor app de GTO?"},"content":{"rendered":"\n<p>GTO Wizard es la mejor app de entrenamiento de <a href=\"https:\/\/hand2noteguide.com\/es\/poker\/poker-gto\/\">GTO<\/a> y uno de los mejores softwares de p\u00f3ker en general. Es ampliamente utilizada por jugadores de p\u00f3ker de todos los niveles para mejorar su conocimiento del GTO. Puedes conocer m\u00e1s sobre las funciones de GTO Wizard en nuestra <a href=\"https:\/\/hand2noteguide.com\/es\/poker\/poker-gto\/gto-wizard-review\/\">rese\u00f1a<\/a>.<\/p>\n\n\n\n<p>La gente suele tener preguntas sobre la pol\u00edtica de precios de GTO Wizard. En este breve art\u00edculo revisaremos todos los planes de pago que GTO Wizard ofrece a sus usuarios.<\/p>\n\n\n\n<figure class=\"wp-block-image size-large\"><img loading=\"lazy\" decoding=\"async\" width=\"1024\" height=\"707\" src=\"https:\/\/hand2noteguide.com\/wp-content\/uploads\/2024\/07\/gto-wizard-price-min-1024x707.png\" alt=\"Precio de GTO Wizard\" class=\"wp-image-7503\" srcset=\"https:\/\/hand2noteguide.com\/wp-content\/uploads\/2024\/07\/gto-wizard-price-min-1024x707.png 1024w, https:\/\/hand2noteguide.com\/wp-content\/uploads\/2024\/07\/gto-wizard-price-min-300x207.png 300w, https:\/\/hand2noteguide.com\/wp-content\/uploads\/2024\/07\/gto-wizard-price-min-768x530.png 768w, https:\/\/hand2noteguide.com\/wp-content\/uploads\/2024\/07\/gto-wizard-price-min-1536x1061.png 1536w, https:\/\/hand2noteguide.com\/wp-content\/uploads\/2024\/07\/gto-wizard-price-min-2048x1414.png 2048w, https:\/\/hand2noteguide.com\/wp-content\/uploads\/2024\/07\/gto-wizard-price-min-772x533.png 772w, https:\/\/hand2noteguide.com\/wp-content\/uploads\/2024\/07\/gto-wizard-price-min-624x431.png 624w\" sizes=\"auto, (max-width: 1024px) 100vw, 1024px\" \/><figcaption class=\"wp-element-caption\">Precios de GTO Wizard<\/figcaption><\/figure>\n\n\n\n<p><strong>El precio de GTO Wizard empieza desde $35 al mes.<\/strong> Todos los niveles de pago est\u00e1n divididos por tipo de juego y tambi\u00e9n por funcionalidad.<\/p>\n\n\n\n<p>Hay 5 grupos de tipos de juego:<\/p>\n\n\n\n<ul class=\"wp-block-list\">\n<li>Cash game<\/li>\n\n\n\n<li>MTT<\/li>\n\n\n\n<li>Spin and Go<\/li>\n\n\n\n<li>HU SNG<\/li>\n\n\n\n<li>Straddle + Ante<\/li>\n<\/ul>\n\n\n\n<p>Y hay 3 tipos de suscripci\u00f3n:<\/p>\n\n\n\n<ul class=\"wp-block-list\">\n<li>Starter<\/li>\n\n\n\n<li>Premium<\/li>\n\n\n\n<li>Elite<\/li>\n<\/ul>\n\n\n\n<p>Dependiendo del tipo de juegos que prefieras y del nivel de funcionalidad que necesites, el precio variar\u00e1. En la siguiente tabla puedes ver los precios para todos los escenarios.<\/p>\n\n\n\n<p><strong>\u2705 Todos los precios de la tabla incluyen nuestro <a href=\"https:\/\/hand2noteguide.com\/es\/poker\/poker-gto\/gto-wizard-review\/gto-wizard-discount\/\">descuento<\/a>.<\/strong><\/p>\n\n\n\n<figure class=\"wp-block-table\"><table><tbody><tr><td><\/td><td><strong>Cash game<\/strong><\/td><td><strong>MTT<\/strong><\/td><td><strong>Spin &amp; Go<\/strong><\/td><td><strong>HU SNG<\/strong><\/td><td><strong>Straddle + Ante<\/strong><\/td><\/tr><tr><td><strong>Starter<\/strong><\/td><td>Desde <strong>$35 al mes<\/strong><\/td><td>Desde <strong>$35 al mes<\/strong><\/td><td>Desde <strong>$35 al mes<\/strong><\/td><td>Desde <strong>$26 al mes<\/strong><\/td><td>&#8211;<\/td><\/tr><tr><td><strong>Premium<\/strong><\/td><td>Desde <strong><s>$69<\/s> $62 al mes<\/strong><\/td><td>Desde <strong><s>$69<\/s> $62 al mes<\/strong><\/td><td>Desde <strong><s>$69<\/s> $62 al mes<\/strong><\/td><td>Desde <strong><s>$49<\/s> $44 al mes<\/strong><\/td><td>Desde <strong><s>$69<\/s> $62 al mes<\/strong><\/td><\/tr><tr><td><strong>Elite<\/strong><\/td><td>Desde <strong><s>$129<\/s> $116 al mes<\/strong><\/td><td>Desde <strong><s>$129<\/s> $116 al mes<\/strong><\/td><td>Desde <strong><s>$129<\/s> $116 al mes<\/strong><\/td><td>Desde <strong><s>$129<\/s> $116 al mes<\/strong><\/td><td>Desde <strong><s>$129<\/s> $116 al mes<\/strong><\/td><\/tr><tr><td><strong>Ultra<\/strong><\/td><td>Desde <strong><s>$229<\/s> $206 al mes<\/strong><\/td><td>Desde <strong><s>$229<\/s> $206 al mes<\/strong><\/td><td>Desde <strong><s>$229<\/s> $206 al mes<\/strong><\/td><td>&#8211;<\/td><td>Desde <strong><s>$229<\/s> $206 al mes<\/strong><\/td><\/tr><\/tbody><\/table><figcaption class=\"wp-element-caption\">Desglose de precios de GTO Wizard<\/figcaption><\/figure>\n\n\n\n<p>La descripci\u00f3n detallada de cada plan est\u00e1 disponible directamente en la app de GTO Wizard. As\u00ed que no te preocupes: podr\u00e1s entender exactamente qu\u00e9 necesitas directamente desde su p\u00e1gina de pago.<\/p>\n\n\n<div class=\"wp-block-h2n-cta-button\" style=\"text-align: left;\"><a href=\"https:\/\/hand2noteguide.com\/es\/go\/gtowizard\/\" class=\"btn btn-primary btn-color-amber\" target=\"_blank\" rel=\"noopener noreferrer nofollow sponsored\">Ir al sitio web de GTO Wizard \u2192<\/a><\/div>\n\n\n<p>Puedes obtener un mejor precio si eliges una suscripci\u00f3n anual. En combinaci\u00f3n con nuestra <a href=\"https:\/\/hand2noteguide.com\/es\/poker\/poker-gto\/gto-wizard-review\/gto-wizard-discount\/\">oferta<\/a>, conseguir\u00e1s la mejor oferta posible al comprar GTO Wizard.<\/p>\n\n\n\n<figure class=\"wp-block-image size-large\"><img loading=\"lazy\" decoding=\"async\" width=\"1024\" height=\"649\" src=\"https:\/\/hand2noteguide.com\/wp-content\/uploads\/2024\/07\/gto-wizard-discount-min-1024x649.png\" alt=\"\" class=\"wp-image-7529\" srcset=\"https:\/\/hand2noteguide.com\/wp-content\/uploads\/2024\/07\/gto-wizard-discount-min-1024x649.png 1024w, https:\/\/hand2noteguide.com\/wp-content\/uploads\/2024\/07\/gto-wizard-discount-min-300x190.png 300w, https:\/\/hand2noteguide.com\/wp-content\/uploads\/2024\/07\/gto-wizard-discount-min-768x487.png 768w, https:\/\/hand2noteguide.com\/wp-content\/uploads\/2024\/07\/gto-wizard-discount-min-1536x973.png 1536w, https:\/\/hand2noteguide.com\/wp-content\/uploads\/2024\/07\/gto-wizard-discount-min-2048x1298.png 2048w, https:\/\/hand2noteguide.com\/wp-content\/uploads\/2024\/07\/gto-wizard-discount-min-772x489.png 772w, https:\/\/hand2noteguide.com\/wp-content\/uploads\/2024\/07\/gto-wizard-discount-min-624x395.png 624w\" sizes=\"auto, (max-width: 1024px) 100vw, 1024px\" \/><figcaption class=\"wp-element-caption\">Elige un plan anual para obtener el m\u00e1ximo descuento<\/figcaption><\/figure>\n\n\n\n<h2 class=\"wp-block-heading\">Actualizaci\u00f3n 2026: el nuevo nivel &#8220;Ultra&#8221;<\/h2>\n\n\n\n<p>A principios de 2026, GTO Wizard introdujo el nivel <strong>Ultra<\/strong>, dise\u00f1ado para profesionales de high stakes y usuarios avanzados que necesitan m\u00e1s que una simple biblioteca pre-resuelta. Este nivel integra oficialmente el potente <strong>Multiway AI Solver<\/strong> directamente en la interfaz.<\/p>\n\n\n\n<p><strong>Principales funciones de Ultra:<\/strong><\/p>\n\n\n\n<ul class=\"wp-block-list\">\n<li><strong>Resoluci\u00f3n preflop multiway ilimitada:<\/strong> resuelve cualquier situaci\u00f3n con hasta 9 jugadores desde cero. Puedes personalizar los stacks, los antes y los tama\u00f1os de apuesta para cada jugador.<\/li>\n\n\n\n<li><strong>Resoluci\u00f3n postflop multiway:<\/strong> acceso a soluciones para botes postflop de 3 jugadores con personalizaci\u00f3n completa mediante IA.<\/li>\n\n\n\n<li><strong>1500 Power Credits al mes:<\/strong> utilizados para generar Aggregated Reports avanzados y subconjuntos personalizados de flops.<\/li>\n<\/ul>\n\n\n\n<p>El precio del plan Ultra comienza en <strong>$206\/mes<\/strong> (incluyendo el ahorro del plan anual y nuestro descuento exclusivo del 10%).<\/p>\n\n\n\n<h2 class=\"wp-block-heading\">La gente tambi\u00e9n pregunta sobre GTO Wizard<\/h2>\n\n\n\n<h3 class=\"wp-block-heading\">\u00bfHay que pagar por GTO Wizard?<\/h3>\n\n\n\n<p>GTO Wizard tiene una versi\u00f3n gratuita, aunque es muy limitada en funcionalidad. Para usar todas las incre\u00edbles funciones que ofrece la app, tendr\u00e1s que comprar una de las opciones de suscripci\u00f3n de pago.<\/p>\n\n\n\n<h3 class=\"wp-block-heading\">\u00bfEs bueno GTO Wizard?<\/h3>\n\n\n\n<p>S\u00ed, GTO Wizard es una app de p\u00f3ker fiable y de confianza que ha sido ampliamente probada y aprobada por jugadores profesionales y coaches. Es una herramienta esencial para cualquier jugador de p\u00f3ker que quiera estudiar y practicar GTO.<\/p>\n\n\n\n<h3 class=\"wp-block-heading\">\u00bfSe puede descargar GTO Wizard?<\/h3>\n\n\n\n<p>No, es una app basada en el navegador. Solo puedes usarla desde tu navegador, sin necesidad de descargar nada en tu PC. Puedes iniciar sesi\u00f3n en la app en cualquier momento desde cualquier dispositivo: todos los datos se almacenan en los servidores de GTO Wizard.<\/p>\n","protected":false},"excerpt":{"rendered":"<p>GTO Wizard es la mejor app de entrenamiento de GTO y uno de los mejores softwares de p\u00f3ker en general. Es ampliamente utilizada por jugadores de p\u00f3ker de todos los niveles para mejorar su conocimiento del GTO. Puedes conocer m\u00e1s sobre las funciones de GTO Wizard en nuestra rese\u00f1a. La gente suele tener preguntas sobre &hellip; <a href=\"https:\/\/hand2noteguide.com\/es\/poker\/poker-gto\/gto-wizard-review\/gto-wizard-price\/\" class=\"more-link\">Continue reading <span class=\"screen-reader-text\">Precio de GTO Wizard \ud83d\udcb0: \u00bfcu\u00e1nto cuesta la mejor app de GTO?<\/span><\/a><\/p>\n","protected":false},"author":1,"featured_media":0,"parent":6182,"menu_order":0,"comment_status":"closed","ping_status":"closed","template":"","meta":{"footnotes":""},"class_list":["post-7498","page","type-page","status-publish","hentry"],"translation":{"provider":"WPGlobus","version":"3.0.2","language":"es","enabled_languages":["en","ru","pt","zh","es","fr","de","it","ja"],"languages":{"en":{"title":true,"content":true,"excerpt":false},"ru":{"title":true,"content":true,"excerpt":false},"pt":{"title":true,"content":true,"excerpt":false},"zh":{"title":true,"content":true,"excerpt":false},"es":{"title":true,"content":true,"excerpt":false},"fr":{"title":true,"content":true,"excerpt":false},"de":{"title":true,"content":true,"excerpt":false},"it":{"title":true,"content":true,"excerpt":false},"ja":{"title":true,"content":true,"excerpt":false}}},"yoast_head":"<!-- This site is optimized with the Yoast SEO plugin v27.0 - https:\/\/yoast.com\/product\/yoast-seo-wordpress\/ -->\n<title>Precio de GTO Wizard \ud83d\udcb0: \u00bfcu\u00e1nto cuesta la mejor app de GTO?<\/title>\n<meta name=\"description\" content=\"Descubre cu\u00e1nto cuesta GTO Wizard, la mejor app de entrenamiento GTO para jugadores de p\u00f3ker. Conoce sus planes de precios y consigue la mejor oferta con nuestro descuento.\" \/>\n<meta name=\"robots\" content=\"index, follow, max-snippet:-1, max-image-preview:large, max-video-preview:-1\" \/>\n<link rel=\"canonical\" href=\"https:\/\/hand2noteguide.com\/poker\/poker-gto\/gto-wizard-review\/gto-wizard-price\/\" \/>\n<meta property=\"og:locale\" content=\"es_ES\" \/>\n<meta property=\"og:type\" content=\"article\" \/>\n<meta property=\"og:title\" content=\"Precio de GTO Wizard \ud83d\udcb0: \u00bfcu\u00e1nto cuesta la mejor app de GTO?\" \/>\n<meta property=\"og:description\" content=\"Descubre cu\u00e1nto cuesta GTO Wizard, la mejor app de entrenamiento GTO para jugadores de p\u00f3ker. Conoce sus planes de precios y consigue la mejor oferta con nuestro descuento.\" \/>\n<meta property=\"og:url\" content=\"https:\/\/hand2noteguide.com\/poker\/poker-gto\/gto-wizard-review\/gto-wizard-price\/\" \/>\n<meta property=\"og:site_name\" content=\"Hand2Note Guide\" \/>\n<meta property=\"article:modified_time\" content=\"2026-03-11T15:38:41+00:00\" \/>\n<meta property=\"og:image\" content=\"https:\/\/hand2noteguide.com\/wp-content\/uploads\/2024\/07\/gto-wizard-price-min.png\" \/>\n\t<meta property=\"og:image:width\" content=\"2246\" \/>\n\t<meta property=\"og:image:height\" content=\"1551\" \/>\n\t<meta property=\"og:image:type\" content=\"image\/png\" \/>\n<meta name=\"twitter:card\" content=\"summary_large_image\" \/>\n<meta name=\"twitter:label1\" content=\"Est. reading time\" \/>\n\t<meta name=\"twitter:data1\" content=\"4 minutes\" \/>\n<!-- \/ Yoast SEO plugin. -->","yoast_head_json":{"title":"Precio de GTO Wizard \ud83d\udcb0: \u00bfcu\u00e1nto cuesta la mejor app de GTO?","description":"Descubre cu\u00e1nto cuesta GTO Wizard, la mejor app de entrenamiento GTO para jugadores de p\u00f3ker. Conoce sus planes de precios y consigue la mejor oferta con nuestro descuento.","robots":{"index":"index","follow":"follow","max-snippet":"max-snippet:-1","max-image-preview":"max-image-preview:large","max-video-preview":"max-video-preview:-1"},"canonical":"https:\/\/hand2noteguide.com\/poker\/poker-gto\/gto-wizard-review\/gto-wizard-price\/","og_locale":"es_ES","og_type":"article","og_title":"Precio de GTO Wizard \ud83d\udcb0: \u00bfcu\u00e1nto cuesta la mejor app de GTO?","og_description":"Descubre cu\u00e1nto cuesta GTO Wizard, la mejor app de entrenamiento GTO para jugadores de p\u00f3ker. Conoce sus planes de precios y consigue la mejor oferta con nuestro descuento.","og_url":"https:\/\/hand2noteguide.com\/poker\/poker-gto\/gto-wizard-review\/gto-wizard-price\/","og_site_name":"Hand2Note Guide","article_modified_time":"2026-03-11T15:38:41+00:00","og_image":[{"width":2246,"height":1551,"url":"https:\/\/hand2noteguide.com\/wp-content\/uploads\/2024\/07\/gto-wizard-price-min.png","type":"image\/png"}],"twitter_card":"summary_large_image","twitter_misc":{"Est. reading time":"4 minutes"},"schema":{"@context":"https:\/\/schema.org","@graph":[]}},"jetpack_sharing_enabled":true,"_links":{"self":[{"href":"https:\/\/hand2noteguide.com\/es\/wp-json\/wp\/v2\/pages\/7498","targetHints":{"allow":["GET"]}}],"collection":[{"href":"https:\/\/hand2noteguide.com\/es\/wp-json\/wp\/v2\/pages"}],"about":[{"href":"https:\/\/hand2noteguide.com\/es\/wp-json\/wp\/v2\/types\/page"}],"author":[{"embeddable":true,"href":"https:\/\/hand2noteguide.com\/es\/wp-json\/wp\/v2\/users\/1"}],"replies":[{"embeddable":true,"href":"https:\/\/hand2noteguide.com\/es\/wp-json\/wp\/v2\/comments?post=7498"}],"version-history":[{"count":67,"href":"https:\/\/hand2noteguide.com\/es\/wp-json\/wp\/v2\/pages\/7498\/revisions"}],"predecessor-version":[{"id":15848,"href":"https:\/\/hand2noteguide.com\/es\/wp-json\/wp\/v2\/pages\/7498\/revisions\/15848"}],"up":[{"embeddable":true,"href":"https:\/\/hand2noteguide.com\/es\/wp-json\/wp\/v2\/pages\/6182"}],"wp:attachment":[{"href":"https:\/\/hand2noteguide.com\/es\/wp-json\/wp\/v2\/media?parent=7498"}],"curies":[{"name":"wp","href":"https:\/\/api.w.org\/{rel}","templated":true}]}}