{"id":76,"date":"2018-07-30T00:45:18","date_gmt":"2018-07-29T21:45:18","guid":{"rendered":"https:\/\/h2n312.wordpress.com\/?page_id=76"},"modified":"2026-03-26T20:22:03","modified_gmt":"2026-03-26T17:22:03","slug":"promo","status":"publish","type":"page","link":"https:\/\/hand2noteguide.com\/es\/promo\/","title":{"rendered":"C\u00f3digo promocional GUIDE10: 10% de descuento y HUDs de bonificaci\u00f3n"},"content":{"rendered":"\n<p><span style=\"font-size: inherit\">Usa el<\/span><strong style=\"font-size: inherit\"> c\u00f3digo promocional GUIDE10<\/strong> <span style=\"font-size: inherit\">al comprar una suscripci\u00f3n de <\/span><a href=\"https:\/\/hand2note.com\/es\/\" target=\"_blank\" rel=\"noreferrer noopener\">Hand2Note<\/a><span style=\"font-size: inherit\"> para obtener un descuento instant\u00e1neo del 10%. <\/span>Solo necesitas ingresar el cup\u00f3n en un campo especial en la p\u00e1gina de compra. El precio se recalcular\u00e1 inmediatamente.<\/p>\n\n\n\n<p>\u00a1Nuestro c\u00f3digo funciona para las versiones de Hand2Note 3 y Hand2Note 4!<\/p>\n\n\n\n<figure class=\"wp-block-image size-large\"><img loading=\"lazy\" decoding=\"async\" width=\"1024\" height=\"802\" src=\"https:\/\/hand2noteguide.com\/wp-content\/uploads\/2026\/03\/hand2note-promo-code-1024x802.webp\" alt=\"Hand2Note Promo Code\" class=\"wp-image-15993\" srcset=\"https:\/\/hand2noteguide.com\/wp-content\/uploads\/2026\/03\/hand2note-promo-code-1024x802.webp 1024w, https:\/\/hand2noteguide.com\/wp-content\/uploads\/2026\/03\/hand2note-promo-code-300x235.webp 300w, https:\/\/hand2noteguide.com\/wp-content\/uploads\/2026\/03\/hand2note-promo-code-768x601.webp 768w, https:\/\/hand2noteguide.com\/wp-content\/uploads\/2026\/03\/hand2note-promo-code-1536x1203.webp 1536w, https:\/\/hand2noteguide.com\/wp-content\/uploads\/2026\/03\/hand2note-promo-code-2048x1604.webp 2048w, https:\/\/hand2noteguide.com\/wp-content\/uploads\/2026\/03\/hand2note-promo-code-772x605.webp 772w\" sizes=\"auto, (max-width: 1024px) 100vw, 1024px\" \/><figcaption class=\"wp-element-caption\">Ingresa el c\u00f3digo promocional para obtener un descuento en Hand2Note<\/figcaption><\/figure>\n\n\n\n\n<h2 class=\"wp-block-heading\"><strong>C\u00f3mo usar el c\u00f3digo promocional GUIDE10<\/strong><\/h2>\n\n\n\n<ol class=\"wp-block-list\" start=\"1\">\n<li>Abre la p\u00e1gina oficial de compra de Hand2Note<\/li>\n\n\n\n<li>Elige tu plan (Learner o Pro)<\/li>\n\n\n\n<li>Ingresa GUIDE10 en el campo de c\u00f3digo promocional al finalizar la compra<\/li>\n\n\n\n<li>El descuento del 10% se aplica instant\u00e1neamente<\/li>\n\n\n\n<li>Completa el pago y comienza a usar Hand2Note<\/li>\n<\/ol>\n\n\n<div class=\"wp-block-h2n-alert h2n-alert h2n-alert--info\"><div class=\"h2n-alert__icon\" aria-hidden=\"true\"><svg width=\"22\" height=\"22\" viewBox=\"0 0 24 24\" fill=\"none\" stroke=\"currentColor\" stroke-width=\"2\" stroke-linecap=\"round\" stroke-linejoin=\"round\"><circle cx=\"12\" cy=\"12\" r=\"10\"\/><line x1=\"12\" y1=\"16\" x2=\"12\" y2=\"12\"\/><circle cx=\"12\" cy=\"8\" r=\"1\" fill=\"currentColor\" stroke=\"none\"\/><\/svg><\/div><div class=\"h2n-alert__content\">El c\u00f3digo promocional se puede combinar con el descuento anual oficial (25%), haciendo que la licencia anual sea la opci\u00f3n de mejor valor.<\/div><\/div>\n\n\n<h2 class=\"wp-block-heading\">\u00a1HUDs adicionales y curso en video incluidos!<\/h2>\n\n\n\n<p>Obtienes m\u00e1s que solo un descuento. Nuestro paquete de bonificaci\u00f3n incluye:<\/p>\n\n\n\n<h3 class=\"wp-block-heading\"><strong>HUDs profesionales<\/strong><\/h3>\n\n\n\n<p>Te damos <a href=\"https:\/\/hand2noteguide.com\/es\/hud-store\/simple-cash\/\">Simple Cash<\/a>, <a href=\"https:\/\/hand2noteguide.com\/es\/cosmos-free-mtt-hud\/\">Cosmos MTT<\/a>, <a href=\"https:\/\/www.hudstore.poker\/products\/cosmos-spins\" target=\"_blank\" rel=\"noreferrer noopener\">Cosmos Spins<\/a>, y <a href=\"https:\/\/hand2noteguide.com\/es\/hud-store\/simple-cash-pack-for-free\/\">otros 4 sets de HUD &amp; popup<\/a> gratis por 1 a\u00f1o. Nuestro conjunto de HUDs cubre todos los tipos de juegos (Cash, MTT, Spin&amp;Go) y es adecuado tanto para el uso en el juego como para el an\u00e1lisis fuera de la mesa.<\/p>\n\n\n\n<figure class=\"wp-block-gallery has-nested-images columns-3 is-cropped wp-block-gallery-1 is-layout-flex wp-block-gallery-is-layout-flex\">\n<figure class=\"wp-block-image size-large\"><img loading=\"lazy\" decoding=\"async\" width=\"1024\" height=\"737\" data-id=\"8874\" src=\"https:\/\/hand2noteguide.com\/wp-content\/uploads\/2025\/02\/1-simple-cash-1024x737.webp\" alt=\"simple cash hand2note hud\" class=\"wp-image-8874\" srcset=\"https:\/\/hand2noteguide.com\/wp-content\/uploads\/2025\/02\/1-simple-cash-1024x737.webp 1024w, https:\/\/hand2noteguide.com\/wp-content\/uploads\/2025\/02\/1-simple-cash-300x216.webp 300w, https:\/\/hand2noteguide.com\/wp-content\/uploads\/2025\/02\/1-simple-cash-768x552.webp 768w, https:\/\/hand2noteguide.com\/wp-content\/uploads\/2025\/02\/1-simple-cash-1536x1105.webp 1536w, https:\/\/hand2noteguide.com\/wp-content\/uploads\/2025\/02\/1-simple-cash-772x555.webp 772w, https:\/\/hand2noteguide.com\/wp-content\/uploads\/2025\/02\/1-simple-cash-624x449.webp 624w, https:\/\/hand2noteguide.com\/wp-content\/uploads\/2025\/02\/1-simple-cash.webp 1607w\" sizes=\"auto, (max-width: 1024px) 100vw, 1024px\" \/><\/figure>\n\n\n\n<figure class=\"wp-block-image size-large\"><img loading=\"lazy\" decoding=\"async\" width=\"1024\" height=\"728\" data-id=\"8875\" src=\"https:\/\/hand2noteguide.com\/wp-content\/uploads\/2025\/02\/2-cosmos-mtt-1024x728.webp\" alt=\"cosmos mtt hand2note hud\" class=\"wp-image-8875\" srcset=\"https:\/\/hand2noteguide.com\/wp-content\/uploads\/2025\/02\/2-cosmos-mtt-1024x728.webp 1024w, https:\/\/hand2noteguide.com\/wp-content\/uploads\/2025\/02\/2-cosmos-mtt-300x213.webp 300w, https:\/\/hand2noteguide.com\/wp-content\/uploads\/2025\/02\/2-cosmos-mtt-768x546.webp 768w, https:\/\/hand2noteguide.com\/wp-content\/uploads\/2025\/02\/2-cosmos-mtt-1536x1093.webp 1536w, https:\/\/hand2noteguide.com\/wp-content\/uploads\/2025\/02\/2-cosmos-mtt-772x549.webp 772w, https:\/\/hand2noteguide.com\/wp-content\/uploads\/2025\/02\/2-cosmos-mtt-624x444.webp 624w, https:\/\/hand2noteguide.com\/wp-content\/uploads\/2025\/02\/2-cosmos-mtt.webp 1590w\" sizes=\"auto, (max-width: 1024px) 100vw, 1024px\" \/><\/figure>\n\n\n\n<figure class=\"wp-block-image size-large\"><img loading=\"lazy\" decoding=\"async\" width=\"1024\" height=\"615\" data-id=\"8876\" src=\"https:\/\/hand2noteguide.com\/wp-content\/uploads\/2025\/02\/3-cosmos-spins-1024x615.webp\" alt=\"cosmos spins hand2note hud\" class=\"wp-image-8876\" srcset=\"https:\/\/hand2noteguide.com\/wp-content\/uploads\/2025\/02\/3-cosmos-spins-1024x615.webp 1024w, https:\/\/hand2noteguide.com\/wp-content\/uploads\/2025\/02\/3-cosmos-spins-300x180.webp 300w, https:\/\/hand2noteguide.com\/wp-content\/uploads\/2025\/02\/3-cosmos-spins-768x461.webp 768w, https:\/\/hand2noteguide.com\/wp-content\/uploads\/2025\/02\/3-cosmos-spins-772x464.webp 772w, https:\/\/hand2noteguide.com\/wp-content\/uploads\/2025\/02\/3-cosmos-spins-624x375.webp 624w, https:\/\/hand2noteguide.com\/wp-content\/uploads\/2025\/02\/3-cosmos-spins.webp 1224w\" sizes=\"auto, (max-width: 1024px) 100vw, 1024px\" \/><\/figure>\n\n\n\n<figure class=\"wp-block-image size-large\"><img loading=\"lazy\" decoding=\"async\" width=\"1024\" height=\"735\" data-id=\"8877\" src=\"https:\/\/hand2noteguide.com\/wp-content\/uploads\/2025\/02\/4-procash-1024x735.webp\" alt=\"pro cash hand2note hud\" class=\"wp-image-8877\" srcset=\"https:\/\/hand2noteguide.com\/wp-content\/uploads\/2025\/02\/4-procash-1024x735.webp 1024w, https:\/\/hand2noteguide.com\/wp-content\/uploads\/2025\/02\/4-procash-300x215.webp 300w, https:\/\/hand2noteguide.com\/wp-content\/uploads\/2025\/02\/4-procash-768x551.webp 768w, https:\/\/hand2noteguide.com\/wp-content\/uploads\/2025\/02\/4-procash-1536x1102.webp 1536w, https:\/\/hand2noteguide.com\/wp-content\/uploads\/2025\/02\/4-procash-772x554.webp 772w, https:\/\/hand2noteguide.com\/wp-content\/uploads\/2025\/02\/4-procash-624x448.webp 624w, https:\/\/hand2noteguide.com\/wp-content\/uploads\/2025\/02\/4-procash.webp 1557w\" sizes=\"auto, (max-width: 1024px) 100vw, 1024px\" \/><\/figure>\n\n\n\n<figure class=\"wp-block-image size-large\"><img loading=\"lazy\" decoding=\"async\" width=\"1024\" height=\"732\" data-id=\"8878\" src=\"https:\/\/hand2noteguide.com\/wp-content\/uploads\/2025\/02\/5-perfectcash-1024x732.webp\" alt=\"perfect cash hand2note hud\" class=\"wp-image-8878\" srcset=\"https:\/\/hand2noteguide.com\/wp-content\/uploads\/2025\/02\/5-perfectcash-1024x732.webp 1024w, https:\/\/hand2noteguide.com\/wp-content\/uploads\/2025\/02\/5-perfectcash-300x215.webp 300w, https:\/\/hand2noteguide.com\/wp-content\/uploads\/2025\/02\/5-perfectcash-768x549.webp 768w, https:\/\/hand2noteguide.com\/wp-content\/uploads\/2025\/02\/5-perfectcash-1536x1099.webp 1536w, https:\/\/hand2noteguide.com\/wp-content\/uploads\/2025\/02\/5-perfectcash-772x552.webp 772w, https:\/\/hand2noteguide.com\/wp-content\/uploads\/2025\/02\/5-perfectcash-624x446.webp 624w, https:\/\/hand2noteguide.com\/wp-content\/uploads\/2025\/02\/5-perfectcash.webp 1577w\" sizes=\"auto, (max-width: 1024px) 100vw, 1024px\" \/><\/figure>\n\n\n\n<figure class=\"wp-block-image size-large\"><img loading=\"lazy\" decoding=\"async\" width=\"1024\" height=\"571\" data-id=\"8879\" src=\"https:\/\/hand2noteguide.com\/wp-content\/uploads\/2025\/02\/6-cosmos-sixplus-1024x571.webp\" alt=\"Hand2Note Cosmos 6+ HUD\" class=\"wp-image-8879\" srcset=\"https:\/\/hand2noteguide.com\/wp-content\/uploads\/2025\/02\/6-cosmos-sixplus-1024x571.webp 1024w, https:\/\/hand2noteguide.com\/wp-content\/uploads\/2025\/02\/6-cosmos-sixplus-300x167.webp 300w, https:\/\/hand2noteguide.com\/wp-content\/uploads\/2025\/02\/6-cosmos-sixplus-768x428.webp 768w, https:\/\/hand2noteguide.com\/wp-content\/uploads\/2025\/02\/6-cosmos-sixplus-772x430.webp 772w, https:\/\/hand2noteguide.com\/wp-content\/uploads\/2025\/02\/6-cosmos-sixplus-624x348.webp 624w, https:\/\/hand2noteguide.com\/wp-content\/uploads\/2025\/02\/6-cosmos-sixplus.webp 1112w\" sizes=\"auto, (max-width: 1024px) 100vw, 1024px\" \/><\/figure>\n\n\n\n<figure class=\"wp-block-image size-large\"><img loading=\"lazy\" decoding=\"async\" width=\"1024\" height=\"613\" data-id=\"8880\" src=\"https:\/\/hand2noteguide.com\/wp-content\/uploads\/2025\/02\/7-SimpleResearch-1024x613.webp\" alt=\"Simple Research hand2note popups\" class=\"wp-image-8880\" srcset=\"https:\/\/hand2noteguide.com\/wp-content\/uploads\/2025\/02\/7-SimpleResearch-1024x613.webp 1024w, https:\/\/hand2noteguide.com\/wp-content\/uploads\/2025\/02\/7-SimpleResearch-300x180.webp 300w, https:\/\/hand2noteguide.com\/wp-content\/uploads\/2025\/02\/7-SimpleResearch-768x460.webp 768w, https:\/\/hand2noteguide.com\/wp-content\/uploads\/2025\/02\/7-SimpleResearch-1536x919.webp 1536w, https:\/\/hand2noteguide.com\/wp-content\/uploads\/2025\/02\/7-SimpleResearch-2048x1226.webp 2048w, https:\/\/hand2noteguide.com\/wp-content\/uploads\/2025\/02\/7-SimpleResearch-772x462.webp 772w, https:\/\/hand2noteguide.com\/wp-content\/uploads\/2025\/02\/7-SimpleResearch-624x373.webp 624w\" sizes=\"auto, (max-width: 1024px) 100vw, 1024px\" \/><\/figure>\n<\/figure>\n\n\n\n<h3 class=\"wp-block-heading\">Curso en video<\/h3>\n\n\n\n<p>El <a href=\"https:\/\/hand2noteguide.com\/es\/video-course\/\">curso en video de Hand2Note<\/a> por Nick Korolev te gu\u00eda paso a paso en el uso de Hand2Note, desde la configuraci\u00f3n b\u00e1sica y el lanzamiento de tu primer HUD hasta el uso avanzado de todas las funciones clave tanto en las mesas como fuera de ellas. Te ayuda a aprender el software m\u00e1s r\u00e1pido y a comenzar a usar Hand2Note de manera completa y efectiva en tu juego.<\/p>\n\n\n\n<h2 class=\"wp-block-heading\">\u00bfC\u00f3mo reclamo mis bonificaciones?<\/h2>\n\n\n\n<p>Despu\u00e9s de comprar Hand2Note con el c\u00f3digo promocional GUIDE10, recibir\u00e1s un correo electr\u00f3nico con todos los HUDs e instrucciones simples sobre c\u00f3mo instalarlos en Hand2Note.<\/p>\n\n\n\n<div id=\"promo-does-not-work\"><\/div>\n\n\n\n<p>Para obtener acceso a un curso en video, <a href=\"https:\/\/courses.poker\/sign_up\" target=\"_blank\" rel=\"noreferrer noopener\">crea una cuenta en courses.poker<\/a> con el mismo correo electr\u00f3nico que usaste para la compra de Hand2Note. El acceso a todos los videos se otorgar\u00e1 dentro de las 24 horas.<\/p>\n\n\n\n<h2 class=\"wp-block-heading\">\u00bfQu\u00e9 pasa si el c\u00f3digo promocional no funciona?<\/h2>\n\n\n\n<p>Nuestro c\u00f3digo promocional siempre es v\u00e1lido. Si no se aplica al finalizar la compra, la raz\u00f3n m\u00e1s com\u00fan es que tu cuenta de Hand2Note ya ten\u00eda compras anteriores. Seg\u00fan la pol\u00edtica de Hand2Note, <strong>los c\u00f3digos promocionales solo se aplican a la primera compra<\/strong>.<\/p>\n\n\n\n<h2 class=\"wp-block-heading\">\u00bfPor qu\u00e9 deber\u00eda comprar Hand2Note?<\/h2>\n\n\n\n<p>Hand2Note es el software de seguimiento y an\u00e1lisis de p\u00f3ker m\u00e1s poderoso y avanzado del mercado. Proporciona una amplia gama de herramientas para jugadores de p\u00f3ker de cualquier nivel. Ya seas un jugador regular experimentado o solo un principiante, encontrar\u00e1s muchas funciones \u00fatiles en Hand2Note. Te ayudar\u00e1 a analizar tu juego, extraer el m\u00e1ximo valor de tus l\u00edneas y explotar a tus oponentes de manera efectiva.<\/p>\n\n\n\n<p>Lee <a href=\"https:\/\/hand2noteguide.com\/es\/why-hand2note\/\">nuestro material<\/a> sobre por qu\u00e9 deber\u00edas usar Hand2Note en lugar de Holdem Manager o Poker Tracker.<\/p>\n\n\n\n<p>Tambi\u00e9n consulta la <a href=\"https:\/\/hand2note.com\/es\/Help\/hand2note-vs-other-tools\" target=\"_blank\" rel=\"noreferrer noopener\">comparaci\u00f3n detallada de Hand2Note vs Holdem Manager 3 y Poker Tracker 4<\/a> en el sitio oficial de Hand2Note.<\/p>\n\n\n\n<p>Hand2Note es compatible con la mayor\u00eda de las principales salas de p\u00f3ker y formatos, incluidos Juegos de Efectivo, MTTs y Spin &amp; Go, lo que lo convierte en una herramienta poderosa a largo plazo para mejorar.<\/p>\n\n\n\n<h2 class=\"wp-block-heading\">\u00bfQu\u00e9 plan de Hand2Note deber\u00edas elegir?<\/h2>\n\n\n\n<p>Hand2Note ofrece dos planes principales de pago: <strong>Learner<\/strong> y <strong>Pro<\/strong>.<\/p>\n\n\n\n<p>Ambos planes funcionan en todos los sitios de p\u00f3ker y formatos, pero est\u00e1n dise\u00f1ados para diferentes objetivos y niveles de experiencia. A continuaci\u00f3n, una explicaci\u00f3n simple para ayudarte a elegir la opci\u00f3n correcta.<\/p>\n\n\n\n<h3 class=\"wp-block-heading\">Learner<\/h3>\n\n\n\n<p>El plan Learner est\u00e1 dise\u00f1ado para jugadores que reci\u00e9n comienzan con el software de seguimiento de p\u00f3ker o juegan <strong>micro l\u00edmites<\/strong>. Te da acceso a la mayor\u00eda de las funciones de Hand2Note, incluidos los HUDs y los informes b\u00e1sicos, pero con algunas limitaciones.<\/p>\n\n\n\n<h4 class=\"wp-block-heading\"><strong>Lo que obtienes con Learner:<\/strong><\/h4>\n\n\n\n<ul class=\"wp-block-list\">\n<li>Funciona en todos los sitios de p\u00f3ker y aplicaciones m\u00f3viles<\/li>\n\n\n\n<li>HUD con estad\u00edsticas en tiempo real en las mesas<\/li>\n\n\n\n<li>Acceso a la mayor\u00eda de las funciones de Hand2Note<\/li>\n\n\n\n<li>L\u00edmite de base de datos: hasta <strong>200,000 manos<\/strong><\/li>\n\n\n\n<li>Sin filtros personalizados en Reports<\/li>\n\n\n\n<li>L\u00edmite de apuestas:\n<ul class=\"wp-block-list\">\n<li>Juegos de Efectivo hasta <strong>$0.25 ciega grande<\/strong><\/li>\n\n\n\n<li>Torneos hasta <strong>$20 + $2<\/strong><\/li>\n<\/ul>\n<\/li>\n<\/ul>\n\n\n\n<h4 class=\"wp-block-heading\">Precio de Learner:<\/h4>\n\n\n\n<p>El precio original del plan Learner de Hand2Note es de $15.99 por mes cuando se paga anualmente o $19.99 por mes cuando se paga mensualmente. Con el c\u00f3digo promocional GUIDE10, obtienes un descuento del 10%, reduciendo el precio a $14.39 por mes (anual) o $17.99 por mes (mensual). Si eliges el plan anual y usas GUIDE10, <strong>tus ahorros totales ser\u00e1n de $19.19<\/strong> \u2013 pagar\u00e1s $172.71 en lugar de $191.90.<\/p>\n\n\n\n<p>Learner es una buena opci\u00f3n si quieres entender c\u00f3mo funciona el software de seguimiento y mejorar paso a paso sin pagar por funciones avanzadas que a\u00fan no necesitas.<\/p>\n\n\n\n<h3 class=\"wp-block-heading\">Pro<\/h3>\n\n\n\n<p>Mejor para jugadores con objetivos serios y planes a largo plazo. El plan Pro te da <strong>acceso completo<\/strong> a todas las funciones de Hand2Note sin restricciones. Esta es la versi\u00f3n utilizada por jugadores regulares que quieren tener una ventaja en las mesas.<\/p>\n\n\n\n<h4 class=\"wp-block-heading\"><strong>Lo que obtienes con Pro:<\/strong><\/h4>\n\n\n\n<ul class=\"wp-block-list\">\n<li>Funciona en todos los sitios de p\u00f3ker y aplicaciones m\u00f3viles<\/li>\n\n\n\n<li>Todas las funciones de Hand2Note desbloqueadas<\/li>\n\n\n\n<li>Sin l\u00edmites de tama\u00f1o de base de datos<\/li>\n\n\n\n<li>Informes avanzados y filtros personalizados<\/li>\n\n\n\n<li>Herramientas completas de an\u00e1lisis de poblaci\u00f3n<\/li>\n\n\n\n<li>Sin l\u00edmites en apuestas o formatos<\/li>\n<\/ul>\n\n\n\n<h4 class=\"wp-block-heading\">Precio de Pro:<\/h4>\n\n\n\n<p>El precio original del plan Pro de Hand2Note es de $39 por mes cuando se paga anualmente o $49 por mes cuando se paga mensualmente. Con el c\u00f3digo promocional GUIDE10, obtienes un descuento del 10%, reduciendo el precio a $35.10 por mes (anual) o $44.10 por mes (mensual). Si eliges el plan anual y usas GUIDE10, <strong>tus ahorros totales ser\u00e1n de $46.80<\/strong> \u2013 pagar\u00e1s $421.20 en lugar de $468.<\/p>\n\n\n\n<p>Si juegas regularmente, quieres analizar grandes muestras de manos y usar Hand2Note completamente tanto en las mesas como fuera de ellas, <strong>Pro es la opci\u00f3n recomendada<\/strong>.<\/p>\n\n\n\n<h3 class=\"wp-block-heading\">Compara el ahorro con el c\u00f3digo GUIDE10 (1 vs 12 meses)<\/h3>\n\n\n\n<figure class=\"wp-block-table\"><table><thead><tr><th>Plan<\/th><th>Duraci\u00f3n de suscripci\u00f3n<\/th><th>Precio regular<\/th><th>Precio con GUIDE10<\/th><th>Ahorras<\/th><\/tr><\/thead><tbody><tr><td>Learner<\/td><td>1 mes<\/td><td>$19.99<\/td><td>$17.99<\/td><td>$2.00<\/td><\/tr><tr><td>Learner<\/td><td>12 meses<\/td><td>$191.90<\/td><td>$172.71<\/td><td>$19.19<\/td><\/tr><tr><td>Pro<\/td><td>1 mes<\/td><td>$49.00<\/td><td>$44.10<\/td><td>$4.90<\/td><\/tr><tr><td>Pro<\/td><td>12 meses<\/td><td>$468.00<\/td><td>$421.20<\/td><td>$46.80<\/td><\/tr><\/tbody><\/table><\/figure>\n\n\n\n<h2 class=\"wp-block-heading\">FAQ: C\u00f3digos promocionales de Hand2Note<\/h2>\n\n\n\n<p>A continuaci\u00f3n, se encuentran las respuestas a las preguntas m\u00e1s comunes sobre los c\u00f3digos promocionales de Hand2Note.<\/p>\n\n\n\n<h3 class=\"wp-block-heading\">\u00bfCu\u00e1l es el mejor c\u00f3digo promocional de Hand2Note?<\/h3>\n\n\n\n<p>El mejor c\u00f3digo promocional de Hand2Note es <strong>GUIDE10<\/strong>. Proporciona un descuento verificado del 10% e incluye un extenso paquete de bonificaci\u00f3n con m\u00faltiples HUDs y un curso en video.<\/p>\n\n\n\n<h3 class=\"wp-block-heading\">\u00bfC\u00f3mo funcionan los c\u00f3digos promocionales de Hand2Note?<\/h3>\n\n\n\n<p>Los c\u00f3digos promocionales aplican un descuento est\u00e1ndar del 10% al finalizar la compra para las primeras compras de licencia. Las renovaciones de licencia se cobran al precio regular.<\/p>\n\n\n\n<h3 class=\"wp-block-heading\">\u00bfSe pueden combinar los c\u00f3digos promocionales con otros descuentos?<\/h3>\n\n\n\n<p>Los c\u00f3digos promocionales no se pueden combinar entre s\u00ed, pero se pueden combinar con descuentos oficiales de Hand2Note, incluidas las ofertas de Black Friday y el descuento anual del 25%.<\/p>\n\n\n\n<h3 class=\"wp-block-heading\">\u00bfSon seguros los c\u00f3digos promocionales de Hand2Note?<\/h3>\n\n\n\n<p>S\u00ed. Los c\u00f3digos promocionales leg\u00edtimos de Hand2Note son seguros de usar y se aplican directamente en la p\u00e1gina oficial de compra de Hand2Note.<\/p>\n\n\n\n<h3 class=\"wp-block-heading\">\u00bfLos c\u00f3digos promocionales incluyen bonificaciones?<\/h3>\n\n\n\n<p>Algunos c\u00f3digos promocionales pueden incluir bonificaciones adicionales no monetarias, como HUDs o materiales de capacitaci\u00f3n. Entre ellos, GUIDE10 ofrece el paquete de bonificaci\u00f3n m\u00e1s extenso.<\/p>\n\n\n\n<h2 class=\"wp-block-heading\">\u00bfPor qu\u00e9 confiar en Hand2Note Guide?<\/h2>\n\n\n\n<p>Hand2Note Guide ha sido un socio oficial de Hand2Note desde 2019. Promovemos solo licencias oficiales de Hand2Note, ofreciendo descuentos verificados y las mejores bonificaciones iniciales para los jugadores. Recibimos una comisi\u00f3n de afiliado por referir jugadores, sin costo adicional para ti, por lo que todos se benefician.<\/p>\n\n\n\n<p>Nuestro c\u00f3digo promocional GUIDE10 tambi\u00e9n est\u00e1 destacado por el mercado oficial de HUD de Hand2Note <a aria-label=\"undefined (opens in a new tab)\" href=\"https:\/\/www.hudstore.poker\/hand2note-promo-code\" target=\"_blank\" rel=\"noreferrer noopener\">Poker HUD Store<\/a> como un c\u00f3digo promocional recomendado de Hand2Note.<\/p>\n\n\n\n<h2 class=\"wp-block-heading\">Conclusi\u00f3n<\/h2>\n\n\n\n<p>Hand2Note es una de las herramientas de seguimiento y HUD de p\u00f3ker m\u00e1s avanzadas disponibles hoy en d\u00eda y una inversi\u00f3n s\u00f3lida en cualquier etapa de tu carrera de p\u00f3ker.<\/p>\n\n\n\n<p>Si est\u00e1s buscando un c\u00f3digo promocional de Hand2Note, no hay necesidad de complicarlo. <strong>GUIDE10<\/strong> es la opci\u00f3n m\u00e1s confiable y recomendada en 2026. Es un c\u00f3digo promocional verificado y leg\u00edtimo que proporciona el descuento oficial del 10% de Hand2Note e incluye bonificaciones adicionales: HUDs profesionales para Juegos de Efectivo, MTTs y formatos Spin &amp; Go, adem\u00e1s de un curso completo en video sobre c\u00f3mo usar Hand2Note de manera efectiva.<\/p>\n","protected":false},"excerpt":{"rendered":"<p>Usa el c\u00f3digo promocional GUIDE10 al comprar una suscripci\u00f3n de Hand2Note para obtener un descuento instant\u00e1neo del 10%. Solo necesitas ingresar el cup\u00f3n en un campo especial en la p\u00e1gina de compra. El precio se recalcular\u00e1 inmediatamente. \u00a1Nuestro c\u00f3digo funciona para las versiones de Hand2Note 3 y Hand2Note 4! C\u00f3mo usar el c\u00f3digo promocional GUIDE10 &hellip; <a href=\"https:\/\/hand2noteguide.com\/es\/promo\/\" class=\"more-link\">Continue reading <span class=\"screen-reader-text\">C\u00f3digo promocional GUIDE10: 10% de descuento y HUDs de bonificaci\u00f3n<\/span><\/a><\/p>\n","protected":false},"author":1,"featured_media":0,"parent":0,"menu_order":6,"comment_status":"closed","ping_status":"closed","template":"","meta":{"footnotes":""},"class_list":["post-76","page","type-page","status-publish","hentry"],"translation":{"provider":"WPGlobus","version":"3.0.2","language":"es","enabled_languages":["en","ru","pt","zh","es","fr","de","it","ja"],"languages":{"en":{"title":true,"content":true,"excerpt":false},"ru":{"title":true,"content":true,"excerpt":false},"pt":{"title":true,"content":true,"excerpt":false},"zh":{"title":true,"content":true,"excerpt":false},"es":{"title":true,"content":true,"excerpt":false},"fr":{"title":true,"content":true,"excerpt":false},"de":{"title":true,"content":true,"excerpt":false},"it":{"title":true,"content":true,"excerpt":false},"ja":{"title":true,"content":true,"excerpt":false}}},"yoast_head":"<!-- This site is optimized with the Yoast SEO plugin v27.0 - https:\/\/yoast.com\/product\/yoast-seo-wordpress\/ -->\n<title>C\u00f3digo promocional Hand2Note 2026 (GUIDE10): 10% + HUD gratis<\/title>\n<meta name=\"description\" content=\"Usa el c\u00f3digo GUIDE10 de Hand2Note para un 10% de descuento en tu primera compra. Incluye HUDs de bonificaci\u00f3n y un curso en video.\" \/>\n<meta name=\"robots\" content=\"index, follow, max-snippet:-1, max-image-preview:large, max-video-preview:-1\" \/>\n<link rel=\"canonical\" href=\"https:\/\/hand2noteguide.com\/promo\/\" \/>\n<meta property=\"og:locale\" content=\"es_ES\" \/>\n<meta property=\"og:type\" content=\"article\" \/>\n<meta property=\"og:title\" content=\"C\u00f3digo promocional Hand2Note 2026 (GUIDE10): 10% + HUD gratis\" \/>\n<meta property=\"og:description\" content=\"Usa el c\u00f3digo GUIDE10 de Hand2Note para un 10% de descuento en tu primera compra. Incluye HUDs de bonificaci\u00f3n y un curso en video.\" \/>\n<meta property=\"og:url\" content=\"https:\/\/hand2noteguide.com\/promo\/\" \/>\n<meta property=\"og:site_name\" content=\"Hand2Note Guide\" \/>\n<meta property=\"article:modified_time\" content=\"2026-03-26T17:22:03+00:00\" \/>\n<meta property=\"og:image\" content=\"https:\/\/hand2noteguide.com\/wp-content\/uploads\/2026\/03\/hand2note-promo-code.webp\" \/>\n\t<meta property=\"og:image:width\" content=\"2232\" \/>\n\t<meta property=\"og:image:height\" content=\"1748\" \/>\n\t<meta property=\"og:image:type\" content=\"image\/webp\" \/>\n<meta name=\"twitter:card\" content=\"summary_large_image\" \/>\n<meta name=\"twitter:label1\" content=\"Est. reading time\" \/>\n\t<meta name=\"twitter:data1\" content=\"8 minutes\" \/>\n<!-- \/ Yoast SEO plugin. -->","yoast_head_json":{"title":"C\u00f3digo promocional Hand2Note 2026 (GUIDE10): 10% + HUD gratis","description":"Usa el c\u00f3digo GUIDE10 de Hand2Note para un 10% de descuento en tu primera compra. Incluye HUDs de bonificaci\u00f3n y un curso en video.","robots":{"index":"index","follow":"follow","max-snippet":"max-snippet:-1","max-image-preview":"max-image-preview:large","max-video-preview":"max-video-preview:-1"},"canonical":"https:\/\/hand2noteguide.com\/promo\/","og_locale":"es_ES","og_type":"article","og_title":"C\u00f3digo promocional Hand2Note 2026 (GUIDE10): 10% + HUD gratis","og_description":"Usa el c\u00f3digo GUIDE10 de Hand2Note para un 10% de descuento en tu primera compra. Incluye HUDs de bonificaci\u00f3n y un curso en video.","og_url":"https:\/\/hand2noteguide.com\/promo\/","og_site_name":"Hand2Note Guide","article_modified_time":"2026-03-26T17:22:03+00:00","og_image":[{"width":2232,"height":1748,"url":"https:\/\/hand2noteguide.com\/wp-content\/uploads\/2026\/03\/hand2note-promo-code.webp","type":"image\/webp"}],"twitter_card":"summary_large_image","twitter_misc":{"Est. reading time":"8 minutes"},"schema":{"@context":"https:\/\/schema.org","@graph":[]}},"jetpack_sharing_enabled":false,"_links":{"self":[{"href":"https:\/\/hand2noteguide.com\/es\/wp-json\/wp\/v2\/pages\/76","targetHints":{"allow":["GET"]}}],"collection":[{"href":"https:\/\/hand2noteguide.com\/es\/wp-json\/wp\/v2\/pages"}],"about":[{"href":"https:\/\/hand2noteguide.com\/es\/wp-json\/wp\/v2\/types\/page"}],"author":[{"embeddable":true,"href":"https:\/\/hand2noteguide.com\/es\/wp-json\/wp\/v2\/users\/1"}],"replies":[{"embeddable":true,"href":"https:\/\/hand2noteguide.com\/es\/wp-json\/wp\/v2\/comments?post=76"}],"version-history":[{"count":199,"href":"https:\/\/hand2noteguide.com\/es\/wp-json\/wp\/v2\/pages\/76\/revisions"}],"predecessor-version":[{"id":15997,"href":"https:\/\/hand2noteguide.com\/es\/wp-json\/wp\/v2\/pages\/76\/revisions\/15997"}],"wp:attachment":[{"href":"https:\/\/hand2noteguide.com\/es\/wp-json\/wp\/v2\/media?parent=76"}],"curies":[{"name":"wp","href":"https:\/\/api.w.org\/{rel}","templated":true}]}}