{"id":7911,"date":"2024-09-11T01:03:12","date_gmt":"2024-09-10T22:03:12","guid":{"rendered":"https:\/\/hand2noteguide.com\/?page_id=7911"},"modified":"2026-03-11T17:00:45","modified_gmt":"2026-03-11T14:00:45","slug":"poker-positions","status":"publish","type":"page","link":"https:\/\/hand2noteguide.com\/es\/poker\/poker-positions\/","title":{"rendered":"Posiciones en el p\u00f3ker: sus nombres y su importancia en la mesa"},"content":{"rendered":"\n<p>El p\u00f3ker es un juego de mesa donde cada asiento tiene su propio nombre o \u201cposici\u00f3n\u201d. La posici\u00f3n no est\u00e1 vinculada a un asiento espec\u00edfico; en cambio, \ud83d\udd52 <strong>se mueve en el sentido de las agujas del reloj<\/strong> con cada mano repartida.<\/p>\n\n\n\n<p>En general, las posiciones pueden dividirse en 4 grupos principales:<\/p>\n\n\n\n<ul class=\"wp-block-list\">\n<li>\ud83d\udd35 <strong>Blinds<\/strong> (Small Blind, Big Blind);<\/li>\n\n\n\n<li><strong>\ud83d\udfe2<\/strong> <strong>Posiciones tard\u00edas<\/strong> (Button, Cutoff);<\/li>\n\n\n\n<li>\ud83d\udfe0 <strong>Posiciones medias<\/strong> (Hi-Jack, Lo-Jack);<\/li>\n\n\n\n<li>\ud83d\udd34 <strong>Posiciones tempranas<\/strong> (UTG, UTG+1, UTG+2).<\/li>\n<\/ul>\n\n\n\n<p>Dos de los tipos de mesa m\u00e1s comunes en el p\u00f3ker Texas Hold\u2019em son la mesa full-ring (9 posiciones) y la mesa short-handed (6 posiciones). Todos los nombres de las posiciones para estos formatos se muestran en las im\u00e1genes de abajo:<\/p>\n\n\n\n<div class=\"wp-block-jetpack-tiled-gallery aligncenter is-style-columns has-rounded-corners-5\"><div class=\"tiled-gallery__gallery\"><div class=\"tiled-gallery__row\"><div class=\"tiled-gallery__col\"><figure class=\"tiled-gallery__item\"><img decoding=\"async\" srcset=\"https:\/\/i1.wp.com\/hand2noteguide.com\/wp-content\/uploads\/2024\/09\/Short-Handed-Game-min.jpg?strip=info&#038;w=600&#038;ssl=1 600w,https:\/\/i1.wp.com\/hand2noteguide.com\/wp-content\/uploads\/2024\/09\/Short-Handed-Game-min.jpg?strip=info&#038;w=900&#038;ssl=1 900w,https:\/\/i1.wp.com\/hand2noteguide.com\/wp-content\/uploads\/2024\/09\/Short-Handed-Game-min.jpg?strip=info&#038;w=1200&#038;ssl=1 1200w,https:\/\/i1.wp.com\/hand2noteguide.com\/wp-content\/uploads\/2024\/09\/Short-Handed-Game-min.jpg?strip=info&#038;w=1500&#038;ssl=1 1500w,https:\/\/i1.wp.com\/hand2noteguide.com\/wp-content\/uploads\/2024\/09\/Short-Handed-Game-min.jpg?strip=info&#038;w=1600&#038;ssl=1 1600w\" alt=\"\" data-height=\"900\" data-id=\"7913\" data-link=\"https:\/\/hand2noteguide.com\/?attachment_id=7913\" data-url=\"https:\/\/hand2noteguide.com\/wp-content\/uploads\/2024\/09\/Short-Handed-Game-min.jpg\" data-width=\"1600\" src=\"https:\/\/i1.wp.com\/hand2noteguide.com\/wp-content\/uploads\/2024\/09\/Short-Handed-Game-min.jpg?ssl=1\" \/><\/figure><\/div><div class=\"tiled-gallery__col\"><figure class=\"tiled-gallery__item\"><img decoding=\"async\" srcset=\"https:\/\/i0.wp.com\/hand2noteguide.com\/wp-content\/uploads\/2024\/09\/Full-Ring-Game-min.jpg?strip=info&#038;w=600&#038;ssl=1 600w,https:\/\/i0.wp.com\/hand2noteguide.com\/wp-content\/uploads\/2024\/09\/Full-Ring-Game-min.jpg?strip=info&#038;w=900&#038;ssl=1 900w,https:\/\/i0.wp.com\/hand2noteguide.com\/wp-content\/uploads\/2024\/09\/Full-Ring-Game-min.jpg?strip=info&#038;w=1200&#038;ssl=1 1200w,https:\/\/i0.wp.com\/hand2noteguide.com\/wp-content\/uploads\/2024\/09\/Full-Ring-Game-min.jpg?strip=info&#038;w=1500&#038;ssl=1 1500w,https:\/\/i0.wp.com\/hand2noteguide.com\/wp-content\/uploads\/2024\/09\/Full-Ring-Game-min.jpg?strip=info&#038;w=1600&#038;ssl=1 1600w\" alt=\"\" data-height=\"900\" data-id=\"7914\" data-link=\"https:\/\/hand2noteguide.com\/?attachment_id=7914\" data-url=\"https:\/\/hand2noteguide.com\/wp-content\/uploads\/2024\/09\/Full-Ring-Game-min.jpg\" data-width=\"1600\" src=\"https:\/\/i0.wp.com\/hand2noteguide.com\/wp-content\/uploads\/2024\/09\/Full-Ring-Game-min.jpg?ssl=1\" \/><\/figure><\/div><\/div><\/div><\/div>\n\n\n\n<h2 class=\"wp-block-heading\">Concepto de estar en posici\u00f3n \/ fuera de posici\u00f3n en el p\u00f3ker<\/h2>\n\n\n\n<p>Antes de profundizar en la descripci\u00f3n de las posiciones en el p\u00f3ker, es fundamental entender qu\u00e9 significa estar \u201cen posici\u00f3n\u201d. Si el jugador A est\u00e1 en posici\u00f3n respecto al jugador B, se puede asumir lo siguiente:<\/p>\n\n\n\n<ul class=\"wp-block-list\">\n<li>El jugador A est\u00e1 sentado a la <strong>derecha<\/strong> del jugador B;<\/li>\n\n\n\n<li>El jugador A tomar\u00e1 su decisi\u00f3n <strong>despu\u00e9s<\/strong> del jugador B tanto preflop como postflop.<\/li>\n<\/ul>\n\n\n\n<p>Un jugador en posici\u00f3n <strong>recibe m\u00e1s informaci\u00f3n<\/strong> sobre la <a href=\"\/es\/poker\/poker-hand-rankings\/\"><strong>fuerza de las manos<\/strong><\/a> de los jugadores que act\u00faan antes que \u00e9l, bas\u00e1ndose en las <a href=\"\/es\/poker\/poker-actions\/\"><strong>acciones que realizan<\/strong><\/a>. El jugador A, tras recibir informaci\u00f3n de sus oponentes, puede ajustar f\u00e1cilmente su estrategia.<\/p>\n\n\n\n<div class=\"green-block\">\n<p style=\"margin-bottom:0\">\u261d\ufe0f Estar en posici\u00f3n es la situaci\u00f3n m\u00e1s ventajosa en el p\u00f3ker. Los jugadores fuertes aprovechan la ventaja de la posici\u00f3n en su estrategia y juegan rangos m\u00e1s amplios desde las posiciones tard\u00edas.<\/p>\n<\/div>\n\n\n\n<h2 class=\"wp-block-heading\">Posici\u00f3n temprana (EP)<\/h2>\n\n\n\n<figure class=\"wp-block-image size-large\"><img loading=\"lazy\" decoding=\"async\" width=\"1024\" height=\"576\" src=\"http:\/\/hand2noteguide.com\/wp-content\/uploads\/2024\/09\/Early-Position-min-1024x576.jpg\" alt=\"Posici\u00f3n temprana en el p\u00f3ker\" class=\"wp-image-7905\" srcset=\"https:\/\/hand2noteguide.com\/wp-content\/uploads\/2024\/09\/Early-Position-min-1024x576.jpg 1024w, https:\/\/hand2noteguide.com\/wp-content\/uploads\/2024\/09\/Early-Position-min-300x169.jpg 300w, https:\/\/hand2noteguide.com\/wp-content\/uploads\/2024\/09\/Early-Position-min-768x432.jpg 768w, https:\/\/hand2noteguide.com\/wp-content\/uploads\/2024\/09\/Early-Position-min-1536x864.jpg 1536w, https:\/\/hand2noteguide.com\/wp-content\/uploads\/2024\/09\/Early-Position-min-772x434.jpg 772w, https:\/\/hand2noteguide.com\/wp-content\/uploads\/2024\/09\/Early-Position-min-624x351.jpg 624w, https:\/\/hand2noteguide.com\/wp-content\/uploads\/2024\/09\/Early-Position-min.jpg 1600w\" sizes=\"auto, (max-width: 1024px) 100vw, 1024px\" \/><\/figure>\n\n\n\n<p>Los jugadores sentados en <strong>Under The Gun<\/strong> (<strong>UTG, UTG+1, UTG+2<\/strong>) comienzan la acci\u00f3n preflop. Por eso estas posiciones se agrupan como <strong>posiciones tempranas<\/strong> (EP). Las posiciones tempranas suelen ser dif\u00edciles de jugar, porque no se tiene informaci\u00f3n sobre los dem\u00e1s jugadores ni sobre lo que har\u00e1n. Teniendo esto en cuenta, el rango de open-raise desde EP deber\u00eda ser muy estrecho.<\/p>\n\n\n\n<h2 class=\"wp-block-heading\">Posici\u00f3n media (MP)<\/h2>\n\n\n\n<figure class=\"wp-block-image size-large\"><img loading=\"lazy\" decoding=\"async\" width=\"1024\" height=\"576\" src=\"https:\/\/hand2noteguide.com\/wp-content\/uploads\/2024\/09\/Middle-Position-min-1-1024x576.jpg\" alt=\"Posici\u00f3n media en el p\u00f3ker\" class=\"wp-image-7922\" srcset=\"https:\/\/hand2noteguide.com\/wp-content\/uploads\/2024\/09\/Middle-Position-min-1-1024x576.jpg 1024w, https:\/\/hand2noteguide.com\/wp-content\/uploads\/2024\/09\/Middle-Position-min-1-300x169.jpg 300w, https:\/\/hand2noteguide.com\/wp-content\/uploads\/2024\/09\/Middle-Position-min-1-768x432.jpg 768w, https:\/\/hand2noteguide.com\/wp-content\/uploads\/2024\/09\/Middle-Position-min-1-1536x864.jpg 1536w, https:\/\/hand2noteguide.com\/wp-content\/uploads\/2024\/09\/Middle-Position-min-1-772x434.jpg 772w, https:\/\/hand2noteguide.com\/wp-content\/uploads\/2024\/09\/Middle-Position-min-1-624x351.jpg 624w, https:\/\/hand2noteguide.com\/wp-content\/uploads\/2024\/09\/Middle-Position-min-1.jpg 1600w\" sizes=\"auto, (max-width: 1024px) 100vw, 1024px\" \/><\/figure>\n\n\n\n<p>Despu\u00e9s de las posiciones tempranas vienen <strong>LoJack<\/strong> (<strong>LJ<\/strong>) y <strong>HiJack<\/strong> (<strong>HJ<\/strong>)<strong>,<\/strong> las <strong>posiciones medias<\/strong> (<strong>MP<\/strong>). Act\u00faan entre las posiciones tempranas y las tard\u00edas. Un jugador sentado en <strong>LJ<\/strong> todav\u00eda debe ser cuidadoso con su rango de VPIP, ya que a\u00fan quedan 5 jugadores por actuar despu\u00e9s de \u00e9l. Un jugador en <strong>HJ<\/strong>, al haber recibido informaci\u00f3n sobre los jugadores en EP, puede empezar a a\u00f1adir algunas manos m\u00e1s creativas a su rango de apertura para robar las blinds.<\/p>\n\n\n\n<h2 class=\"wp-block-heading\">Posici\u00f3n tard\u00eda<\/h2>\n\n\n\n<h3 class=\"wp-block-heading\">Cutoff (CO)<\/h3>\n\n\n\n<figure class=\"wp-block-image size-large\"><img loading=\"lazy\" decoding=\"async\" width=\"1024\" height=\"576\" src=\"http:\/\/hand2noteguide.com\/wp-content\/uploads\/2024\/09\/Cutoff-min-1024x576.jpg\" alt=\"Posici\u00f3n Cutoff\" class=\"wp-image-7908\" srcset=\"https:\/\/hand2noteguide.com\/wp-content\/uploads\/2024\/09\/Cutoff-min-1024x576.jpg 1024w, https:\/\/hand2noteguide.com\/wp-content\/uploads\/2024\/09\/Cutoff-min-300x169.jpg 300w, https:\/\/hand2noteguide.com\/wp-content\/uploads\/2024\/09\/Cutoff-min-768x432.jpg 768w, https:\/\/hand2noteguide.com\/wp-content\/uploads\/2024\/09\/Cutoff-min-1536x864.jpg 1536w, https:\/\/hand2noteguide.com\/wp-content\/uploads\/2024\/09\/Cutoff-min-772x434.jpg 772w, https:\/\/hand2noteguide.com\/wp-content\/uploads\/2024\/09\/Cutoff-min-624x351.jpg 624w, https:\/\/hand2noteguide.com\/wp-content\/uploads\/2024\/09\/Cutoff-min.jpg 1600w\" sizes=\"auto, (max-width: 1024px) 100vw, 1024px\" \/><\/figure>\n\n\n\n<p>El Cutoff act\u00faa tarde en el preflop. Desde esta posici\u00f3n, un jugador deber\u00eda empezar a robar las blinds de forma agresiva, ya que solo queda un oponente con posici\u00f3n sobre \u00e9l. Y si consigues que el BTN foldee, estar\u00e1s en posici\u00f3n contra las blinds durante toda la mano.<\/p>\n\n\n\n<h3 class=\"wp-block-heading\">Button (BU o BTN)<\/h3>\n\n\n\n<figure class=\"wp-block-image size-large\"><img loading=\"lazy\" decoding=\"async\" width=\"1024\" height=\"576\" src=\"http:\/\/hand2noteguide.com\/wp-content\/uploads\/2024\/09\/BUTTON-min-1024x576.jpg\" alt=\"Posici\u00f3n Button en el p\u00f3ker\" class=\"wp-image-7909\" srcset=\"https:\/\/hand2noteguide.com\/wp-content\/uploads\/2024\/09\/BUTTON-min-1024x576.jpg 1024w, https:\/\/hand2noteguide.com\/wp-content\/uploads\/2024\/09\/BUTTON-min-300x169.jpg 300w, https:\/\/hand2noteguide.com\/wp-content\/uploads\/2024\/09\/BUTTON-min-768x432.jpg 768w, https:\/\/hand2noteguide.com\/wp-content\/uploads\/2024\/09\/BUTTON-min-1536x864.jpg 1536w, https:\/\/hand2noteguide.com\/wp-content\/uploads\/2024\/09\/BUTTON-min-772x434.jpg 772w, https:\/\/hand2noteguide.com\/wp-content\/uploads\/2024\/09\/BUTTON-min-624x351.jpg 624w, https:\/\/hand2noteguide.com\/wp-content\/uploads\/2024\/09\/BUTTON-min.jpg 1600w\" sizes=\"auto, (max-width: 1024px) 100vw, 1024px\" \/><\/figure>\n\n\n\n<p>El Button es la mejor posici\u00f3n posible en el p\u00f3ker, ya que permite al jugador <strong>recopilar informaci\u00f3n<\/strong> de sus oponentes y ser <strong>el \u00faltimo en actuar postflop<\/strong>. Como consecuencia, el BTN tiene el rango m\u00e1s amplio de manos con las que entrar en la mano.<\/p>\n\n\n\n<p>En las partidas caseras, el jugador en la posici\u00f3n de Button tambi\u00e9n es responsable de repartir las cartas en la mano actual.<\/p>\n\n\n\n<h2 class=\"wp-block-heading\">Las blinds<\/h2>\n\n\n\n<figure class=\"wp-block-image size-large\"><img loading=\"lazy\" decoding=\"async\" width=\"1024\" height=\"576\" src=\"http:\/\/hand2noteguide.com\/wp-content\/uploads\/2024\/09\/blinds-min-1-1024x576.jpg\" alt=\"blinds en el p\u00f3ker\" class=\"wp-image-7816\" srcset=\"https:\/\/hand2noteguide.com\/wp-content\/uploads\/2024\/09\/blinds-min-1-1024x576.jpg 1024w, https:\/\/hand2noteguide.com\/wp-content\/uploads\/2024\/09\/blinds-min-1-300x169.jpg 300w, https:\/\/hand2noteguide.com\/wp-content\/uploads\/2024\/09\/blinds-min-1-768x432.jpg 768w, https:\/\/hand2noteguide.com\/wp-content\/uploads\/2024\/09\/blinds-min-1-1536x864.jpg 1536w, https:\/\/hand2noteguide.com\/wp-content\/uploads\/2024\/09\/blinds-min-1-772x434.jpg 772w, https:\/\/hand2noteguide.com\/wp-content\/uploads\/2024\/09\/blinds-min-1-624x351.jpg 624w, https:\/\/hand2noteguide.com\/wp-content\/uploads\/2024\/09\/blinds-min-1.jpg 1600w\" sizes=\"auto, (max-width: 1024px) 100vw, 1024px\" \/><\/figure>\n\n\n\n<p>La Small Blind y la Big Blind ya son posiciones desventajosas porque est\u00e1n obligadas a realizar una apuesta obligatoria preflop antes incluso de ver sus cartas.<\/p>\n\n\n\n<h3 class=\"wp-block-heading\">Small Blind (SB)<\/h3>\n\n\n\n<p>La Small Blind est\u00e1 sentada inmediatamente a la izquierda del bot\u00f3n del dealer. Aunque recibe algo de informaci\u00f3n sobre los oponentes en el preflop, siempre <strong>empieza la acci\u00f3n<\/strong> en el postflop, lo cual es m\u00e1s dif\u00edcil que jugar en posici\u00f3n.<\/p>\n\n\n\n<h3 class=\"wp-block-heading\">Big Blind (BB)<\/h3>\n\n\n\n<p>La Big Blind es la peor y \ud83d\ude23 <strong>la posici\u00f3n m\u00e1s dif\u00edcil<\/strong> en la mesa de p\u00f3ker. Debido a que debe poner una blind completa antes de ver sus cartas, la BB tiene que <strong>jugar un rango amplio<\/strong> de manos <strong>fuera de posici\u00f3n<\/strong> en cada <a href=\"\/es\/poker\/poker-streets\/\">street<\/a>.<\/p>\n\n\n\n<p>Otra caracter\u00edstica especial de jugar desde la BB es que obtienes mejores pot odds para entrar en la mano preflop. Por eso, manos que no se jugar\u00edan desde otras posiciones, incluso desde el button, a menudo se juegan desde la big blind.<\/p>\n\n\n\n<h2 class=\"wp-block-heading\">Conclusi\u00f3n<\/h2>\n\n\n\n<p>En conclusi\u00f3n, el concepto de \u201cposici\u00f3n\u201d es muy importante en el p\u00f3ker. Conocer todas las posiciones en la mesa no solo te permite describir correctamente una mano de p\u00f3ker a un amigo, sino que tambi\u00e9n aumenta tu EV en la mesa al aprovechar la ventaja de jugar en posici\u00f3n.<\/p>\n","protected":false},"excerpt":{"rendered":"<p>El p\u00f3ker es un juego de mesa donde cada asiento tiene su propio nombre o \u201cposici\u00f3n\u201d. La posici\u00f3n no est\u00e1 vinculada a un asiento espec\u00edfico; en cambio, \ud83d\udd52 se mueve en el sentido de las agujas del reloj con cada mano repartida. En general, las posiciones pueden dividirse en 4 grupos principales: Dos de los &hellip; <a href=\"https:\/\/hand2noteguide.com\/es\/poker\/poker-positions\/\" class=\"more-link\">Continue reading <span class=\"screen-reader-text\">Posiciones en el p\u00f3ker: sus nombres y su importancia en la mesa<\/span><\/a><\/p>\n","protected":false},"author":1,"featured_media":0,"parent":7017,"menu_order":0,"comment_status":"closed","ping_status":"closed","template":"","meta":{"footnotes":""},"class_list":["post-7911","page","type-page","status-publish","hentry"],"translation":{"provider":"WPGlobus","version":"3.0.2","language":"es","enabled_languages":["en","ru","pt","zh","es","fr","de","it","ja"],"languages":{"en":{"title":true,"content":true,"excerpt":false},"ru":{"title":true,"content":true,"excerpt":false},"pt":{"title":true,"content":true,"excerpt":false},"zh":{"title":true,"content":true,"excerpt":false},"es":{"title":true,"content":true,"excerpt":false},"fr":{"title":true,"content":true,"excerpt":false},"de":{"title":true,"content":true,"excerpt":false},"it":{"title":true,"content":true,"excerpt":false},"ja":{"title":true,"content":true,"excerpt":false}}},"yoast_head":"<!-- This site is optimized with the Yoast SEO plugin v27.0 - https:\/\/yoast.com\/product\/yoast-seo-wordpress\/ -->\n<title>Posiciones en el p\u00f3ker: sus nombres y su importancia en la mesa<\/title>\n<meta name=\"description\" content=\"Dominar las posiciones en el p\u00f3ker mejorar\u00e1 tu comprensi\u00f3n del juego. Las posiciones tempranas, medias, tard\u00edas y las blinds: todas cumplen roles diferentes.\" \/>\n<meta name=\"robots\" content=\"index, follow, max-snippet:-1, max-image-preview:large, max-video-preview:-1\" \/>\n<link rel=\"canonical\" href=\"https:\/\/hand2noteguide.com\/poker\/poker-positions\/\" \/>\n<meta property=\"og:locale\" content=\"es_ES\" \/>\n<meta property=\"og:type\" content=\"article\" \/>\n<meta property=\"og:title\" content=\"Posiciones en el p\u00f3ker: sus nombres y su importancia en la mesa\" \/>\n<meta property=\"og:description\" content=\"Dominar las posiciones en el p\u00f3ker mejorar\u00e1 tu comprensi\u00f3n del juego. Las posiciones tempranas, medias, tard\u00edas y las blinds: todas cumplen roles diferentes.\" \/>\n<meta property=\"og:url\" content=\"https:\/\/hand2noteguide.com\/poker\/poker-positions\/\" \/>\n<meta property=\"og:site_name\" content=\"Hand2Note Guide\" \/>\n<meta property=\"article:modified_time\" content=\"2026-03-11T14:00:45+00:00\" \/>\n<meta property=\"og:image\" content=\"https:\/\/i1.wp.com\/hand2noteguide.com\/wp-content\/uploads\/2024\/09\/Short-Handed-Game-min.jpg?ssl=1\" \/>\n<meta name=\"twitter:card\" content=\"summary_large_image\" \/>\n<meta name=\"twitter:label1\" content=\"Est. reading time\" \/>\n\t<meta name=\"twitter:data1\" content=\"23 minutes\" \/>\n<!-- \/ Yoast SEO plugin. -->","yoast_head_json":{"title":"Posiciones en el p\u00f3ker: sus nombres y su importancia en la mesa","description":"Dominar las posiciones en el p\u00f3ker mejorar\u00e1 tu comprensi\u00f3n del juego. Las posiciones tempranas, medias, tard\u00edas y las blinds: todas cumplen roles diferentes.","robots":{"index":"index","follow":"follow","max-snippet":"max-snippet:-1","max-image-preview":"max-image-preview:large","max-video-preview":"max-video-preview:-1"},"canonical":"https:\/\/hand2noteguide.com\/poker\/poker-positions\/","og_locale":"es_ES","og_type":"article","og_title":"Posiciones en el p\u00f3ker: sus nombres y su importancia en la mesa","og_description":"Dominar las posiciones en el p\u00f3ker mejorar\u00e1 tu comprensi\u00f3n del juego. Las posiciones tempranas, medias, tard\u00edas y las blinds: todas cumplen roles diferentes.","og_url":"https:\/\/hand2noteguide.com\/poker\/poker-positions\/","og_site_name":"Hand2Note Guide","article_modified_time":"2026-03-11T14:00:45+00:00","og_image":[{"url":"https:\/\/i1.wp.com\/hand2noteguide.com\/wp-content\/uploads\/2024\/09\/Short-Handed-Game-min.jpg?ssl=1","type":"","width":"","height":""}],"twitter_card":"summary_large_image","twitter_misc":{"Est. reading time":"23 minutes"},"schema":{"@context":"https:\/\/schema.org","@graph":[]}},"jetpack_sharing_enabled":true,"_links":{"self":[{"href":"https:\/\/hand2noteguide.com\/es\/wp-json\/wp\/v2\/pages\/7911","targetHints":{"allow":["GET"]}}],"collection":[{"href":"https:\/\/hand2noteguide.com\/es\/wp-json\/wp\/v2\/pages"}],"about":[{"href":"https:\/\/hand2noteguide.com\/es\/wp-json\/wp\/v2\/types\/page"}],"author":[{"embeddable":true,"href":"https:\/\/hand2noteguide.com\/es\/wp-json\/wp\/v2\/users\/1"}],"replies":[{"embeddable":true,"href":"https:\/\/hand2noteguide.com\/es\/wp-json\/wp\/v2\/comments?post=7911"}],"version-history":[{"count":37,"href":"https:\/\/hand2noteguide.com\/es\/wp-json\/wp\/v2\/pages\/7911\/revisions"}],"predecessor-version":[{"id":15818,"href":"https:\/\/hand2noteguide.com\/es\/wp-json\/wp\/v2\/pages\/7911\/revisions\/15818"}],"up":[{"embeddable":true,"href":"https:\/\/hand2noteguide.com\/es\/wp-json\/wp\/v2\/pages\/7017"}],"wp:attachment":[{"href":"https:\/\/hand2noteguide.com\/es\/wp-json\/wp\/v2\/media?parent=7911"}],"curies":[{"name":"wp","href":"https:\/\/api.w.org\/{rel}","templated":true}]}}