{"id":7936,"date":"2024-09-11T01:50:12","date_gmt":"2024-09-10T22:50:12","guid":{"rendered":"https:\/\/hand2noteguide.com\/?page_id=7936"},"modified":"2026-03-11T16:55:58","modified_gmt":"2026-03-11T13:55:58","slug":"poker-streets","status":"publish","type":"page","link":"https:\/\/hand2noteguide.com\/es\/poker\/poker-streets\/","title":{"rendered":"Calles del p\u00f3ker: gu\u00eda estrat\u00e9gica desde el preflop hasta el river"},"content":{"rendered":"\n<p>La street es un <a href=\"\/es\/poker\/poker-terms\/\">t\u00e9rmino de p\u00f3ker<\/a> que encontrar\u00e1s con frecuencia. \u00bfTienes curiosidad por saber qu\u00e9 significa una street en p\u00f3ker y c\u00f3mo afecta a la estrategia?<\/p>\n\n\n\n<p>La expresi\u00f3n street alude a la idea de que jugar al p\u00f3ker es como \ud83c\udfcd\ufe0f caminar por una calle. Cada nueva street <strong>aporta informaci\u00f3n nueva<\/strong> que te ayuda a tomar decisiones m\u00e1s acertadas.<\/p>\n\n\n\n<div class=\"green-block\">\n<p style=\"margin-bottom:0\">\ud83d\udc49 <b>Las streets son las cartas repartidas en momentos espec\u00edficos de una mano<\/b>. El t\u00e9rmino es el mismo en todas las variantes de p\u00f3ker, incluyendo p\u00f3ker con cartas comunitarias, stud y draw. Sin embargo, el n\u00famero y los nombres de las streets pueden variar.<\/p>\n<\/div>\n\n\n\n<p>Por ejemplo, en los juegos con cartas comunitarias como Omaha y Texas Hold&#8217;em hay cinco streets a considerar. El Flop cuenta como tres cartas que se reparten juntas. Luego tienes el Turn y el River, cada uno con una sola carta, completando las cinco streets.<\/p>\n\n\n\n<h2 class=\"wp-block-heading\">Conceptos b\u00e1sicos de las streets en p\u00f3ker<\/h2>\n\n\n\n<p>En juegos con cartas comunitarias como Texas Hold&#8217;em y Omaha es com\u00fan usar t\u00e9rminos como <strong>Preflop<\/strong>, <strong>Flop<\/strong>, <strong>Turn<\/strong> y <strong>River<\/strong>. Sin embargo, algunos jugadores tambi\u00e9n llaman al Turn y al River cuarta y quinta street.&nbsp;<\/p>\n\n\n\n<figure class=\"wp-block-image size-large\"><img loading=\"lazy\" decoding=\"async\" width=\"1024\" height=\"576\" src=\"http:\/\/hand2noteguide.com\/wp-content\/uploads\/2024\/09\/Streets-min-1-1024x576.jpg\" alt=\"Poker streets\" class=\"wp-image-7843\" srcset=\"https:\/\/hand2noteguide.com\/wp-content\/uploads\/2024\/09\/Streets-min-1-1024x576.jpg 1024w, https:\/\/hand2noteguide.com\/wp-content\/uploads\/2024\/09\/Streets-min-1-300x169.jpg 300w, https:\/\/hand2noteguide.com\/wp-content\/uploads\/2024\/09\/Streets-min-1-768x432.jpg 768w, https:\/\/hand2noteguide.com\/wp-content\/uploads\/2024\/09\/Streets-min-1-1536x864.jpg 1536w, https:\/\/hand2noteguide.com\/wp-content\/uploads\/2024\/09\/Streets-min-1-772x434.jpg 772w, https:\/\/hand2noteguide.com\/wp-content\/uploads\/2024\/09\/Streets-min-1-624x351.jpg 624w, https:\/\/hand2noteguide.com\/wp-content\/uploads\/2024\/09\/Streets-min-1.jpg 1600w\" sizes=\"auto, (max-width: 1024px) 100vw, 1024px\" \/><\/figure>\n\n\n\n<p>Una street describe el reparto de cartas, no la ronda de apuestas. En Hold&#8217;em y Omaha hay cuatro rondas de apuestas: Preflop, Flop, Turn y River.<\/p>\n\n\n\n<h2 class=\"wp-block-heading\">El Preflop<\/h2>\n\n\n\n<p>El Preflop es <strong>la primera ronda de apuestas<\/strong> en los juegos de p\u00f3ker con cartas comunitarias. Es el momento en que los jugadores reciben sus cartas ocultas, pero a\u00fan no se han repartido cartas comunitarias. Los dos jugadores a la izquierda del Button colocan las ciegas, y este dinero muerto sirve como incentivo econ\u00f3mico para comenzar la mano.<\/p>\n\n\n\n<figure class=\"wp-block-image size-large\"><img loading=\"lazy\" decoding=\"async\" width=\"1024\" height=\"576\" src=\"https:\/\/hand2noteguide.com\/wp-content\/uploads\/2024\/09\/Preflop-min-1024x576.jpg\" alt=\"poker preflop\" class=\"wp-image-8069\" srcset=\"https:\/\/hand2noteguide.com\/wp-content\/uploads\/2024\/09\/Preflop-min-1024x576.jpg 1024w, https:\/\/hand2noteguide.com\/wp-content\/uploads\/2024\/09\/Preflop-min-300x169.jpg 300w, https:\/\/hand2noteguide.com\/wp-content\/uploads\/2024\/09\/Preflop-min-768x432.jpg 768w, https:\/\/hand2noteguide.com\/wp-content\/uploads\/2024\/09\/Preflop-min-1536x864.jpg 1536w, https:\/\/hand2noteguide.com\/wp-content\/uploads\/2024\/09\/Preflop-min-772x434.jpg 772w, https:\/\/hand2noteguide.com\/wp-content\/uploads\/2024\/09\/Preflop-min-624x351.jpg 624w, https:\/\/hand2noteguide.com\/wp-content\/uploads\/2024\/09\/Preflop-min.jpg 1600w\" sizes=\"auto, (max-width: 1024px) 100vw, 1024px\" \/><\/figure>\n\n\n\n<p>La acci\u00f3n preflop comienza con el jugador en <a href=\"\/es\/poker\/poker-positions\/\">posici\u00f3n<\/a> under the gun y contin\u00faa hasta que todos los jugadores restantes igualan la mayor subida. Tambi\u00e9n es posible que todos los jugadores excepto uno tiren sus cartas. En ese caso, el ganador de la mano ya queda decidido en el preflop y no habr\u00e1 m\u00e1s streets en esa mano.<\/p>\n\n\n\n<p>El preflop puede parecer una fase sencilla, pero las decisiones que tomes en esta etapa pueden tener un gran impacto en c\u00f3mo se desarrollar\u00e1 el resto de la mano.<\/p>\n\n\n\n<h3 class=\"wp-block-heading\">Sienta las bases<\/h3>\n\n\n\n<p>El preflop establece la base de c\u00f3mo se jugar\u00e1 la mano. Decides si <a href=\"\/es\/poker\/poker-actions\/\">igualar, subir o retirarte<\/a>, dependiendo de:<\/p>\n\n\n\n<ul class=\"wp-block-list\">\n<li>\ud83e\udd14 qu\u00e9 tan buenas son tus cartas ocultas;<\/li>\n\n\n\n<li>\u2753 en qu\u00e9 <a href=\"\/es\/poker\/poker-positions\/\">posici\u00f3n<\/a> te encuentras;<\/li>\n\n\n\n<li>\u2753 qu\u00e9 <a href=\"\/es\/poker\/poker-actions\/\">acciones<\/a> ocurrieron antes de tu turno.<\/li>\n<\/ul>\n\n\n\n<p>Tus decisiones dependen en gran medida de si est\u00e1s en posici\u00f3n temprana, media o tard\u00eda. Por ejemplo, deber\u00edas jugar m\u00e1s tight en posiciones tempranas.&nbsp;En cambio, cuando est\u00e1s en una posici\u00f3n tard\u00eda puedes observar los movimientos de tus oponentes antes de actuar. Esto te da m\u00e1s libertad y te permite jugar m\u00e1s manos de forma rentable.<\/p>\n\n\n\n<h3 class=\"wp-block-heading\">Define los <a href=\"https:\/\/blog.freebetrange.com\/es\/article\/poker-preflop-ranges-a-comprehensive-guide\" target=\"_blank\" aria-label=\"undefined (opens in a new tab)\" rel=\"noreferrer noopener\">rangos de manos<\/a><\/h3>\n\n\n\n<p>Los jugadores experimentados <strong>no piensan solo en las cartas ocultas<\/strong> que tienen durante el preflop. Tambi\u00e9n consideran qu\u00e9 manos podr\u00edan tener sus oponentes bas\u00e1ndose en sus acciones. Si puedes estimar el rango de manos de tu rival, podr\u00e1s determinar si tu mano probablemente va por delante o por detr\u00e1s. Entonces podr\u00e1s ajustar tu plan de juego en consecuencia.<\/p>\n\n\n\n<p>Por ejemplo: ves que tu oponente hace un <a aria-label=\"undefined (opens in a new tab)\" href=\"https:\/\/blog.freebetrange.com\/es\/article\/preflop-charts-open-raise-in-6-max-poker-cash-games\" target=\"_blank\" rel=\"noreferrer noopener\">open raise<\/a> desde una posici\u00f3n temprana. A menudo esto indica que tiene una mano premium o al menos muy jugable.<\/p>\n\n\n\n<div class=\"green-block\">\n<p>En promedio, un buen jugador har\u00e1 open raise con alrededor del 15% de las manos desde posici\u00f3n temprana:<\/p>\n<p style=\"margin-bottom:0\"><img decoding=\"async\" style=\"width:500px\" src=\"http:\/\/hand2noteguide.com\/wp-content\/uploads\/2024\/09\/ep-open-raise-min.png\" alt=\"utg open raise\"><\/p>\n<\/div>\n\n\n\n<h2 class=\"wp-block-heading\">El Flop<\/h2>\n\n\n\n<p>En las variantes Omaha y Texas Hold\u2019em, el Flop es la segunda ronda de apuestas despu\u00e9s del preflop. Es un momento emocionante en el que<strong> se revelan las tres primeras cartas comunitarias <\/strong>en la mesa. Estas cartas se muestran boca arriba para todos los jugadores.<\/p>\n\n\n\n<figure class=\"wp-block-image size-large\"><img loading=\"lazy\" decoding=\"async\" width=\"1024\" height=\"576\" src=\"https:\/\/hand2noteguide.com\/wp-content\/uploads\/2024\/09\/Flop-min-1024x576.jpg\" alt=\"poker flop\" class=\"wp-image-7962\" srcset=\"https:\/\/hand2noteguide.com\/wp-content\/uploads\/2024\/09\/Flop-min-1024x576.jpg 1024w, https:\/\/hand2noteguide.com\/wp-content\/uploads\/2024\/09\/Flop-min-300x169.jpg 300w, https:\/\/hand2noteguide.com\/wp-content\/uploads\/2024\/09\/Flop-min-768x432.jpg 768w, https:\/\/hand2noteguide.com\/wp-content\/uploads\/2024\/09\/Flop-min-1536x864.jpg 1536w, https:\/\/hand2noteguide.com\/wp-content\/uploads\/2024\/09\/Flop-min-772x434.jpg 772w, https:\/\/hand2noteguide.com\/wp-content\/uploads\/2024\/09\/Flop-min-624x351.jpg 624w, https:\/\/hand2noteguide.com\/wp-content\/uploads\/2024\/09\/Flop-min.jpg 1600w\" sizes=\"auto, (max-width: 1024px) 100vw, 1024px\" \/><\/figure>\n\n\n\n<p>No es simplemente otra ronda de reparto de cartas, sino un momento decisivo para cada jugador en la mesa de p\u00f3ker.<\/p>\n\n\n\n<h3 class=\"wp-block-heading\">Determina la <a href=\"\/es\/poker\/poker-hand-rankings\/\">fuerza de tu mano<\/a><\/h3>\n\n\n\n<p>El flop es una etapa crucial. Proporciona informaci\u00f3n clave que puede ayudar a los jugadores a evaluar la fuerza de su mano. Al combinar las tres cartas comunitarias del flop con sus cartas ocultas, los jugadores pueden calcular sus probabilidades de tener la mejor mano. Este conocimiento es fundamental para decidir si retirarse, pasar o seguir apostando o igualando.&nbsp;<\/p>\n\n\n\n<h3 class=\"wp-block-heading\">Obliga a los jugadores a adaptarse<\/h3>\n\n\n\n<p>Los jugadores a menudo se ven obligados a ajustar su estrategia en respuesta al flop, ya que este aporta nueva informaci\u00f3n. Los jugadores deben considerar no solo sus propias manos, sino tambi\u00e9n las posibles manos que podr\u00edan tener sus oponentes.&nbsp;<\/p>\n\n\n\n<p>Adaptarse al flop es una parte clave del juego, ya que puede influir significativamente en el resultado de la mano.<\/p>\n\n\n\n<h2 class=\"wp-block-heading\">El Turn<\/h2>\n\n\n\n<p>Despu\u00e9s de la ronda de apuestas del Flop, se quema una carta del mazo y <strong>se revela una cuarta carta comunitaria<\/strong>. Esta carta se llama Turn, tambi\u00e9n conocida como la <strong>cuarta street<\/strong>.<\/p>\n\n\n\n<figure class=\"wp-block-image size-large\"><img loading=\"lazy\" decoding=\"async\" width=\"1024\" height=\"576\" src=\"http:\/\/hand2noteguide.com\/wp-content\/uploads\/2024\/09\/Turn-min-1024x576.jpg\" alt=\"poker turn\" class=\"wp-image-7968\" srcset=\"https:\/\/hand2noteguide.com\/wp-content\/uploads\/2024\/09\/Turn-min-1024x576.jpg 1024w, https:\/\/hand2noteguide.com\/wp-content\/uploads\/2024\/09\/Turn-min-300x169.jpg 300w, https:\/\/hand2noteguide.com\/wp-content\/uploads\/2024\/09\/Turn-min-768x432.jpg 768w, https:\/\/hand2noteguide.com\/wp-content\/uploads\/2024\/09\/Turn-min-1536x864.jpg 1536w, https:\/\/hand2noteguide.com\/wp-content\/uploads\/2024\/09\/Turn-min-772x434.jpg 772w, https:\/\/hand2noteguide.com\/wp-content\/uploads\/2024\/09\/Turn-min-624x351.jpg 624w, https:\/\/hand2noteguide.com\/wp-content\/uploads\/2024\/09\/Turn-min.jpg 1600w\" sizes=\"auto, (max-width: 1024px) 100vw, 1024px\" \/><\/figure>\n\n\n\n<p>El Turn es una ronda de apuestas que a menudo se pasa por alto y que no recibe la atenci\u00f3n que merece. La mayor\u00eda de los materiales estrat\u00e9gicos se centran en jugar correctamente el flop y el river. Sin embargo, el Turn suele verse solo como un puente entre dos streets m\u00e1s importantes.<\/p>\n\n\n\n<p>El bote suele haber crecido bastante durante las rondas de apuestas del Preflop y el Flop, hasta el punto de que debes decidir si comprometerte con la mano o no. Por eso la estrategia en el Turn es un componente esencial de cualquier mano de p\u00f3ker.<\/p>\n\n\n\n<h3 class=\"wp-block-heading\">Cambia dr\u00e1sticamente <a href=\"https:\/\/www.getcoach.poker\/calculators\/holdem-odds\/\" target=\"_blank\" aria-label=\"undefined (opens in a new tab)\" rel=\"noreferrer noopener\">las probabilidades de las manos<\/a><\/h3>\n\n\n\n<p>Adem\u00e1s de a\u00f1adir otra carta al board, la carta del Turn cambia las probabilidades de mejorar las manos.&nbsp;Los jugadores pueden evaluar sus probabilidades de completar una mano ganadora y obtener m\u00e1s informaci\u00f3n para seguir analizando la situaci\u00f3n.<\/p>\n\n\n\n<p>Por ejemplo, las probabilidades de ganar de un jugador aumentan dr\u00e1sticamente \ud83d\ude80 si la carta del turn completa un proyecto de color que estaba persiguiendo. Sin embargo, si el Turn no mejora su mano, puede verse obligado a replantear su estrategia y decidir si retirarse o continuar en el bote hasta la \u00faltima street.<\/p>\n\n\n\n<div class=\"green-block\">\n<p>En el Turn, <b>los proyectos tienen mucha menos equity que en el Flop<\/b>. Por ejemplo, en Texas Holdem, con un proyecto de color contra top pair ten\u00edas casi un 40% de equity en el Flop:<\/p>\n<p><img decoding=\"async\" src=\"http:\/\/hand2noteguide.com\/wp-content\/uploads\/2024\/09\/equity-1-min.png\"><\/p>\n<p>Despu\u00e9s de fallar tu carta en el turn, solo te queda un 20%.<\/p>\n<p><img decoding=\"async\" src=\"http:\/\/hand2noteguide.com\/wp-content\/uploads\/2024\/09\/equity-2-min.png\"><\/p>\n<p style=\"margin-bottom:0\">Tu equity acaba de reducirse a la mitad. Prueba escenarios similares con el <a target=\"_blank\" href=\"https:\/\/www.getcoach.poker\/calculators\/holdem-odds\/\" rel=\"noopener\">Poker Odds Calculator<\/a>.<\/p>\n<\/div>\n\n\n\n<h3 class=\"wp-block-heading\">Pone a prueba las habilidades de los jugadores<\/h3>\n\n\n\n<p>El turn es un momento crucial del juego en el que se ponen a prueba las habilidades de los jugadores. En el Turn, los jugadores deben analizar cuidadosamente las reacciones de sus oponentes, las estrategias de apuesta y el enfoque general de la mano.<\/p>\n\n\n\n<p>En este punto, las <a href=\"\/es\/poker\/poker-bluff\/\">t\u00e9cnicas de farol<\/a> se vuelven a\u00fan m\u00e1s importantes. El bote ya es lo suficientemente grande y solo queda una street para mejorar las manos. Por eso, la ronda de apuestas del Turn es una gran oportunidad para ejercer m\u00e1s presi\u00f3n sobre tus oponentes.<\/p>\n\n\n\n<h2 class=\"wp-block-heading\">El River<\/h2>\n\n\n\n<p>Despu\u00e9s del turn comienza la ronda del River, en la que se revela la quinta y <strong>\u00faltima carta comunitaria boca arriba<\/strong> en la mesa. Es realmente la \u00faltima oportunidad para que los jugadores mejoren su mano.<\/p>\n\n\n\n<figure class=\"wp-block-image size-large\"><img loading=\"lazy\" decoding=\"async\" width=\"1024\" height=\"576\" src=\"http:\/\/hand2noteguide.com\/wp-content\/uploads\/2024\/09\/River-min-1024x576.jpg\" alt=\"poker river\" class=\"wp-image-7969\" srcset=\"https:\/\/hand2noteguide.com\/wp-content\/uploads\/2024\/09\/River-min-1024x576.jpg 1024w, https:\/\/hand2noteguide.com\/wp-content\/uploads\/2024\/09\/River-min-300x169.jpg 300w, https:\/\/hand2noteguide.com\/wp-content\/uploads\/2024\/09\/River-min-768x432.jpg 768w, https:\/\/hand2noteguide.com\/wp-content\/uploads\/2024\/09\/River-min-1536x864.jpg 1536w, https:\/\/hand2noteguide.com\/wp-content\/uploads\/2024\/09\/River-min-772x434.jpg 772w, https:\/\/hand2noteguide.com\/wp-content\/uploads\/2024\/09\/River-min-624x351.jpg 624w, https:\/\/hand2noteguide.com\/wp-content\/uploads\/2024\/09\/River-min.jpg 1600w\" sizes=\"auto, (max-width: 1024px) 100vw, 1024px\" \/><\/figure>\n\n\n\n<p>El river es una street muy interesante y t\u00e9cnicamente dif\u00edcil, donde los jugadores ya no tienen la oportunidad de mejorar sus manos. Todos los jugadores ya han formado sus <a href=\"\/es\/poker\/poker-hand-rankings\/\">combinaciones<\/a>, y solo queda una ronda de apuestas antes del Showdown.<\/p>\n\n\n\n<h3 class=\"wp-block-heading\">Obliga a tomar decisiones costosas<\/h3>\n\n\n\n<p>Claramente, despu\u00e9s de varias rondas de apuestas, el bote ha crecido considerablemente. Las decisiones en el River son muy caras, y puedes sentir un deseo emocional de ganar el bote. Tambi\u00e9n puedes sentir presi\u00f3n porque ya has invertido mucho dinero en \u00e9l. Intenta \ud83e\udde0 <strong>mantener la mente clara<\/strong> y no dejar que las emociones influyan en tus decisiones.<\/p>\n\n\n\n<p>Sin embargo, recuerda que tus oponentes est\u00e1n en la misma situaci\u00f3n. Por lo tanto, <a href=\"\/es\/poker\/poker-bluff\/\"><strong>farolear en el River<\/strong><\/a> puede ser una acci\u00f3n muy arriesgada pero tambi\u00e9n muy rentable. Lo principal es elegir las situaciones correctas y un buen tama\u00f1o de apuesta.<\/p>\n\n\n\n<div class=\"green-block\">\n<p style=\"margin-bottom:0\">\ud83d\udca1 Ten cuidado con tus apuestas por valor: <b>una mano que era fuerte en el Flop no siempre seguir\u00e1 si\u00e9ndolo en el River<\/b>.<\/p>\n<\/div>\n\n\n\n<h3 class=\"wp-block-heading\">Provoca <a href=\"\/es\/poker\/poker-tilt\/\">tilt<\/a><\/h3>\n\n\n\n<p>Los errores m\u00e1s tontos y costosos en el p\u00f3ker suelen cometerse en el River. Un problema t\u00edpico de los jugadores es que no pueden tirar sus cartas, aunque entienden que probablemente perder\u00e1n en el showdown. En el River, m\u00e1s que en cualquier otra street, la psicolog\u00eda juega un papel muy importante.<\/p>\n\n\n\n<h2 class=\"wp-block-heading\">Conclusi\u00f3n<\/h2>\n\n\n\n<p>Para tener \u00e9xito en el p\u00f3ker, debes entender qu\u00e9 son las streets y c\u00f3mo afectan a tu estrategia.&nbsp;<\/p>\n\n\n\n<p>Desde el preflop hasta el river, cada street trae sus propias oportunidades y desaf\u00edos. Si entiendes bien c\u00f3mo funciona cada etapa, podr\u00e1s tomar decisiones m\u00e1s inteligentes, adaptarte a la nueva informaci\u00f3n y mejorar tu juego de p\u00f3ker en general.<\/p>\n","protected":false},"excerpt":{"rendered":"<p>La street es un t\u00e9rmino de p\u00f3ker que encontrar\u00e1s con frecuencia. \u00bfTienes curiosidad por saber qu\u00e9 significa una street en p\u00f3ker y c\u00f3mo afecta a la estrategia? La expresi\u00f3n street alude a la idea de que jugar al p\u00f3ker es como \ud83c\udfcd\ufe0f caminar por una calle. Cada nueva street aporta informaci\u00f3n nueva que te ayuda &hellip; <a href=\"https:\/\/hand2noteguide.com\/es\/poker\/poker-streets\/\" class=\"more-link\">Continue reading <span class=\"screen-reader-text\">Calles del p\u00f3ker: gu\u00eda estrat\u00e9gica desde el preflop hasta el river<\/span><\/a><\/p>\n","protected":false},"author":1,"featured_media":0,"parent":7017,"menu_order":0,"comment_status":"closed","ping_status":"closed","template":"","meta":{"footnotes":""},"class_list":["post-7936","page","type-page","status-publish","hentry"],"translation":{"provider":"WPGlobus","version":"3.0.2","language":"es","enabled_languages":["en","ru","pt","zh","es","fr","de","it","ja"],"languages":{"en":{"title":true,"content":true,"excerpt":false},"ru":{"title":true,"content":true,"excerpt":false},"pt":{"title":true,"content":true,"excerpt":false},"zh":{"title":true,"content":true,"excerpt":false},"es":{"title":true,"content":true,"excerpt":false},"fr":{"title":true,"content":true,"excerpt":false},"de":{"title":true,"content":true,"excerpt":false},"it":{"title":true,"content":true,"excerpt":false},"ja":{"title":true,"content":true,"excerpt":false}}},"yoast_head":"<!-- This site is optimized with the Yoast SEO plugin v27.0 - https:\/\/yoast.com\/product\/yoast-seo-wordpress\/ -->\n<title>Calles del p\u00f3ker: gu\u00eda estrat\u00e9gica desde el preflop hasta el river<\/title>\n<meta name=\"description\" content=\"Aprende los nombres de todas las calles del p\u00f3ker y sus caracter\u00edsticas. Preflop, flop, turn y river: cada calle tiene sus propios elementos estrat\u00e9gicos.\" \/>\n<meta name=\"robots\" content=\"index, follow, max-snippet:-1, max-image-preview:large, max-video-preview:-1\" \/>\n<link rel=\"canonical\" href=\"https:\/\/hand2noteguide.com\/poker\/poker-streets\/\" \/>\n<meta property=\"og:locale\" content=\"es_ES\" \/>\n<meta property=\"og:type\" content=\"article\" \/>\n<meta property=\"og:title\" content=\"Calles del p\u00f3ker: gu\u00eda estrat\u00e9gica desde el preflop hasta el river\" \/>\n<meta property=\"og:description\" content=\"Aprende los nombres de todas las calles del p\u00f3ker y sus caracter\u00edsticas. Preflop, flop, turn y river: cada calle tiene sus propios elementos estrat\u00e9gicos.\" \/>\n<meta property=\"og:url\" content=\"https:\/\/hand2noteguide.com\/poker\/poker-streets\/\" \/>\n<meta property=\"og:site_name\" content=\"Hand2Note Guide\" \/>\n<meta property=\"article:modified_time\" content=\"2026-03-11T13:55:58+00:00\" \/>\n<meta property=\"og:image\" content=\"http:\/\/hand2noteguide.com\/wp-content\/uploads\/2024\/09\/Streets-min-1-1024x576.jpg\" \/>\n<meta name=\"twitter:card\" content=\"summary_large_image\" \/>\n<meta name=\"twitter:label1\" content=\"Est. reading time\" \/>\n\t<meta name=\"twitter:data1\" content=\"70 minutes\" \/>\n<!-- \/ Yoast SEO plugin. -->","yoast_head_json":{"title":"Calles del p\u00f3ker: gu\u00eda estrat\u00e9gica desde el preflop hasta el river","description":"Aprende los nombres de todas las calles del p\u00f3ker y sus caracter\u00edsticas. Preflop, flop, turn y river: cada calle tiene sus propios elementos estrat\u00e9gicos.","robots":{"index":"index","follow":"follow","max-snippet":"max-snippet:-1","max-image-preview":"max-image-preview:large","max-video-preview":"max-video-preview:-1"},"canonical":"https:\/\/hand2noteguide.com\/poker\/poker-streets\/","og_locale":"es_ES","og_type":"article","og_title":"Calles del p\u00f3ker: gu\u00eda estrat\u00e9gica desde el preflop hasta el river","og_description":"Aprende los nombres de todas las calles del p\u00f3ker y sus caracter\u00edsticas. Preflop, flop, turn y river: cada calle tiene sus propios elementos estrat\u00e9gicos.","og_url":"https:\/\/hand2noteguide.com\/poker\/poker-streets\/","og_site_name":"Hand2Note Guide","article_modified_time":"2026-03-11T13:55:58+00:00","og_image":[{"url":"http:\/\/hand2noteguide.com\/wp-content\/uploads\/2024\/09\/Streets-min-1-1024x576.jpg","type":"","width":"","height":""}],"twitter_card":"summary_large_image","twitter_misc":{"Est. reading time":"70 minutes"},"schema":{"@context":"https:\/\/schema.org","@graph":[]}},"jetpack_sharing_enabled":true,"_links":{"self":[{"href":"https:\/\/hand2noteguide.com\/es\/wp-json\/wp\/v2\/pages\/7936","targetHints":{"allow":["GET"]}}],"collection":[{"href":"https:\/\/hand2noteguide.com\/es\/wp-json\/wp\/v2\/pages"}],"about":[{"href":"https:\/\/hand2noteguide.com\/es\/wp-json\/wp\/v2\/types\/page"}],"author":[{"embeddable":true,"href":"https:\/\/hand2noteguide.com\/es\/wp-json\/wp\/v2\/users\/1"}],"replies":[{"embeddable":true,"href":"https:\/\/hand2noteguide.com\/es\/wp-json\/wp\/v2\/comments?post=7936"}],"version-history":[{"count":57,"href":"https:\/\/hand2noteguide.com\/es\/wp-json\/wp\/v2\/pages\/7936\/revisions"}],"predecessor-version":[{"id":15811,"href":"https:\/\/hand2noteguide.com\/es\/wp-json\/wp\/v2\/pages\/7936\/revisions\/15811"}],"up":[{"embeddable":true,"href":"https:\/\/hand2noteguide.com\/es\/wp-json\/wp\/v2\/pages\/7017"}],"wp:attachment":[{"href":"https:\/\/hand2noteguide.com\/es\/wp-json\/wp\/v2\/media?parent=7936"}],"curies":[{"name":"wp","href":"https:\/\/api.w.org\/{rel}","templated":true}]}}