{"id":7989,"date":"2024-09-11T06:48:33","date_gmt":"2024-09-11T03:48:33","guid":{"rendered":"https:\/\/hand2noteguide.com\/?page_id=7989"},"modified":"2026-03-21T15:23:53","modified_gmt":"2026-03-21T12:23:53","slug":"888caption","status":"publish","type":"page","link":"https:\/\/hand2noteguide.com\/es\/888caption\/","title":{"rendered":"888Caption \u267e\ufe0f Tu mejor ayudante en 888poker y WSOP.com"},"content":{"rendered":"\n<p style=\"margin-top:8px\"><span class=\"product-price\">$25<\/span> <span class=\"product-price-desc\">(licencia de 1 a\u00f1o)<\/span><\/p>\n\n\n<p><a class=\"btn btn-primary h2n-crypto-open-checkout\" href=\"https:\/\/hand2noteguide.com\/es\/?h2n_crypto_checkout=1&#038;cfg=eyJwcm9kdWN0X2lkIjoyLCJwcm9kdWN0X3ByaWNlIjoiMjUiLCJkb3dubG9hZF9saW5rIjoiaHR0cHM6XC9cL3Bva2VyY2FwdGlvbi5jb21cL2Rvd25sb2Fkcy5odG1sIiwidmVuZG9yX2VtYWlsIjoicG9rZXJjYXB0aW9uQGdtYWlsLmNvbSIsImxpY2Vuc2VfaWRfcmVxdWlyZWQiOnRydWUsIm5ldHdvcmsiOiJ1c2R0X3RyYzIwIiwiY3VycmVuY3kiOiJVU0RUIiwiYmFzZV9hbW91bnQiOiIyNS4wMDAwMDAiLCJidXR0b25fdGV4dCI6IkNvbXByYXIiLCJ0aXRsZSI6IiIsImRlc2NyaXB0aW9uIjoiIiwic3VjY2Vzc19tb2RlIjoibWFudWFsX2Z1bGZpbGxtZW50IiwicmVxdWlyZV9lbWFpbCI6dHJ1ZSwidHRsX21pbnV0ZXMiOjYwLCJ3YWxsZXQiOiJUTUp3UjNHZTV5TEpvQ0o4ckZ0Y2lRa1JjaDVqRFJMbnUzIn0%3D&#038;sig=6b4eb849bb5e701918eb3d410c9c79cf73894b607f7f94a77dcfe10b2411b305\" target=\"_blank\" rel=\"noopener noreferrer\">Comprar<\/a><\/p>\n\n\n\n<p>888Caption es una herramienta asistente de p\u00f3ker para jugar c\u00f3modamente en las salas de p\u00f3ker de 888poker y WSOP.com. El programa tambi\u00e9n es compatible con 888poker.es, 888poker.dk y todas las dem\u00e1s reservas de 888. Aqu\u00ed est\u00e1n algunas de las <strong>caracter\u00edsticas de 888caption<\/strong>:<\/p>\n\n\n\n<ul class=\"wp-block-list\">\n<li><strong>Tama\u00f1os de Apuesta Autom\u00e1ticos<\/strong>: Tama\u00f1os de apuesta preestablecidos para diferentes situaciones en juegos de efectivo y torneos.<\/li>\n\n\n\n<li><strong>Teclas de Acceso R\u00e1pido<\/strong>: Botones de acci\u00f3n r\u00e1pida para retirarse, subir, sentarse fuera, y m\u00e1s.<\/li>\n\n\n\n<li><strong>HUD Personalizado<\/strong>: Muestra estad\u00edsticas \u00fatiles como <a href=\"https:\/\/hand2noteguide.com\/es\/poker\/free-poker-tools\/pot-odds-calculator\">probabilidades del bote<\/a>, tama\u00f1os de stack, y posiciones de jugadores.<\/li>\n\n\n\n<li><strong>Ajustes de Apuesta con la Rueda del Rat\u00f3n<\/strong>: Cambia f\u00e1cilmente los tama\u00f1os de apuesta usando la rueda del rat\u00f3n.<\/li>\n\n\n\n<li><strong>Gesti\u00f3n del Lobby<\/strong>: Oculta anuncios y evita que el lobby se minimice al abrir mesas.<\/li>\n\n\n\n<li><strong>Recompra Autom\u00e1tica<\/strong>: Recompra autom\u00e1ticamente cuando tu stack es bajo.<\/li>\n\n\n\n<li><strong>Personalizaci\u00f3n de Mesas<\/strong>: Ajusta el tama\u00f1o de la mesa, el marco y los colores del texto a tu gusto.<\/li>\n\n\n\n<li>\u00a1Y mucho m\u00e1s!<\/li>\n<\/ul>\n\n\n\n<p>888Caption funciona perfectamente con <strong><a aria-label=\"undefined (opens in a new tab)\" href=\"https:\/\/hand2note.com\/es\/\" target=\"_blank\" rel=\"noreferrer noopener\">Hand2Note<\/a><\/strong> y est\u00e1 oficialmente \u2705 <strong>aprobado por el soporte de 888<\/strong>.<\/p>\n\n\n\n<figure class=\"wp-block-gallery has-nested-images columns-default is-cropped wp-block-gallery-1 is-layout-flex wp-block-gallery-is-layout-flex\">\n<figure class=\"wp-block-image size-large\"><img loading=\"lazy\" decoding=\"async\" width=\"972\" height=\"664\" data-id=\"7997\" src=\"https:\/\/hand2noteguide.com\/wp-content\/uploads\/2024\/09\/Betscript.jpg\" alt=\"\" class=\"wp-image-7997\" srcset=\"https:\/\/hand2noteguide.com\/wp-content\/uploads\/2024\/09\/Betscript.jpg 972w, https:\/\/hand2noteguide.com\/wp-content\/uploads\/2024\/09\/Betscript-300x205.jpg 300w, https:\/\/hand2noteguide.com\/wp-content\/uploads\/2024\/09\/Betscript-768x525.jpg 768w, https:\/\/hand2noteguide.com\/wp-content\/uploads\/2024\/09\/Betscript-772x527.jpg 772w, https:\/\/hand2noteguide.com\/wp-content\/uploads\/2024\/09\/Betscript-624x426.jpg 624w\" sizes=\"auto, (max-width: 972px) 100vw, 972px\" \/><\/figure>\n\n\n\n<figure class=\"wp-block-image size-large\"><img loading=\"lazy\" decoding=\"async\" width=\"970\" height=\"663\" data-id=\"7998\" src=\"https:\/\/hand2noteguide.com\/wp-content\/uploads\/2024\/09\/Convert-chips.jpg\" alt=\"\" class=\"wp-image-7998\" srcset=\"https:\/\/hand2noteguide.com\/wp-content\/uploads\/2024\/09\/Convert-chips.jpg 970w, https:\/\/hand2noteguide.com\/wp-content\/uploads\/2024\/09\/Convert-chips-300x205.jpg 300w, https:\/\/hand2noteguide.com\/wp-content\/uploads\/2024\/09\/Convert-chips-768x525.jpg 768w, https:\/\/hand2noteguide.com\/wp-content\/uploads\/2024\/09\/Convert-chips-772x528.jpg 772w, https:\/\/hand2noteguide.com\/wp-content\/uploads\/2024\/09\/Convert-chips-624x427.jpg 624w\" sizes=\"auto, (max-width: 970px) 100vw, 970px\" \/><\/figure>\n\n\n\n<figure class=\"wp-block-image size-large\"><img loading=\"lazy\" decoding=\"async\" width=\"970\" height=\"664\" data-id=\"8002\" src=\"https:\/\/hand2noteguide.com\/wp-content\/uploads\/2024\/09\/Dialogs.jpg\" alt=\"\" class=\"wp-image-8002\" srcset=\"https:\/\/hand2noteguide.com\/wp-content\/uploads\/2024\/09\/Dialogs.jpg 970w, https:\/\/hand2noteguide.com\/wp-content\/uploads\/2024\/09\/Dialogs-300x205.jpg 300w, https:\/\/hand2noteguide.com\/wp-content\/uploads\/2024\/09\/Dialogs-768x526.jpg 768w, https:\/\/hand2noteguide.com\/wp-content\/uploads\/2024\/09\/Dialogs-772x528.jpg 772w, https:\/\/hand2noteguide.com\/wp-content\/uploads\/2024\/09\/Dialogs-624x427.jpg 624w\" sizes=\"auto, (max-width: 970px) 100vw, 970px\" \/><\/figure>\n\n\n\n<figure class=\"wp-block-image size-large\"><img loading=\"lazy\" decoding=\"async\" width=\"969\" height=\"665\" data-id=\"8001\" src=\"https:\/\/hand2noteguide.com\/wp-content\/uploads\/2024\/09\/Hotkeys.jpg\" alt=\"\" class=\"wp-image-8001\" srcset=\"https:\/\/hand2noteguide.com\/wp-content\/uploads\/2024\/09\/Hotkeys.jpg 969w, https:\/\/hand2noteguide.com\/wp-content\/uploads\/2024\/09\/Hotkeys-300x206.jpg 300w, https:\/\/hand2noteguide.com\/wp-content\/uploads\/2024\/09\/Hotkeys-768x527.jpg 768w, https:\/\/hand2noteguide.com\/wp-content\/uploads\/2024\/09\/Hotkeys-772x530.jpg 772w, https:\/\/hand2noteguide.com\/wp-content\/uploads\/2024\/09\/Hotkeys-624x428.jpg 624w\" sizes=\"auto, (max-width: 969px) 100vw, 969px\" \/><\/figure>\n\n\n\n<figure class=\"wp-block-image size-large\"><img loading=\"lazy\" decoding=\"async\" width=\"969\" height=\"664\" data-id=\"8003\" src=\"https:\/\/hand2noteguide.com\/wp-content\/uploads\/2024\/09\/HUD.jpg\" alt=\"\" class=\"wp-image-8003\" srcset=\"https:\/\/hand2noteguide.com\/wp-content\/uploads\/2024\/09\/HUD.jpg 969w, https:\/\/hand2noteguide.com\/wp-content\/uploads\/2024\/09\/HUD-300x206.jpg 300w, https:\/\/hand2noteguide.com\/wp-content\/uploads\/2024\/09\/HUD-768x526.jpg 768w, https:\/\/hand2noteguide.com\/wp-content\/uploads\/2024\/09\/HUD-772x529.jpg 772w, https:\/\/hand2noteguide.com\/wp-content\/uploads\/2024\/09\/HUD-624x428.jpg 624w\" sizes=\"auto, (max-width: 969px) 100vw, 969px\" \/><\/figure>\n\n\n\n<figure class=\"wp-block-image size-large\"><img loading=\"lazy\" decoding=\"async\" width=\"970\" height=\"664\" data-id=\"8000\" src=\"https:\/\/hand2noteguide.com\/wp-content\/uploads\/2024\/09\/Layout-editor.jpg\" alt=\"\" class=\"wp-image-8000\" srcset=\"https:\/\/hand2noteguide.com\/wp-content\/uploads\/2024\/09\/Layout-editor.jpg 970w, https:\/\/hand2noteguide.com\/wp-content\/uploads\/2024\/09\/Layout-editor-300x205.jpg 300w, https:\/\/hand2noteguide.com\/wp-content\/uploads\/2024\/09\/Layout-editor-768x526.jpg 768w, https:\/\/hand2noteguide.com\/wp-content\/uploads\/2024\/09\/Layout-editor-772x528.jpg 772w, https:\/\/hand2noteguide.com\/wp-content\/uploads\/2024\/09\/Layout-editor-624x427.jpg 624w\" sizes=\"auto, (max-width: 970px) 100vw, 970px\" \/><\/figure>\n\n\n\n<figure class=\"wp-block-image size-large\"><img loading=\"lazy\" decoding=\"async\" width=\"969\" height=\"663\" data-id=\"7996\" src=\"https:\/\/hand2noteguide.com\/wp-content\/uploads\/2024\/09\/License.jpg\" alt=\"\" class=\"wp-image-7996\" srcset=\"https:\/\/hand2noteguide.com\/wp-content\/uploads\/2024\/09\/License.jpg 969w, https:\/\/hand2noteguide.com\/wp-content\/uploads\/2024\/09\/License-300x205.jpg 300w, https:\/\/hand2noteguide.com\/wp-content\/uploads\/2024\/09\/License-768x525.jpg 768w, https:\/\/hand2noteguide.com\/wp-content\/uploads\/2024\/09\/License-772x528.jpg 772w, https:\/\/hand2noteguide.com\/wp-content\/uploads\/2024\/09\/License-624x427.jpg 624w\" sizes=\"auto, (max-width: 969px) 100vw, 969px\" \/><\/figure>\n\n\n\n<figure class=\"wp-block-image size-large\"><img loading=\"lazy\" decoding=\"async\" width=\"970\" height=\"667\" data-id=\"7995\" src=\"https:\/\/hand2noteguide.com\/wp-content\/uploads\/2024\/09\/Lobby.jpg\" alt=\"\" class=\"wp-image-7995\" srcset=\"https:\/\/hand2noteguide.com\/wp-content\/uploads\/2024\/09\/Lobby.jpg 970w, https:\/\/hand2noteguide.com\/wp-content\/uploads\/2024\/09\/Lobby-300x206.jpg 300w, https:\/\/hand2noteguide.com\/wp-content\/uploads\/2024\/09\/Lobby-768x528.jpg 768w, https:\/\/hand2noteguide.com\/wp-content\/uploads\/2024\/09\/Lobby-772x531.jpg 772w, https:\/\/hand2noteguide.com\/wp-content\/uploads\/2024\/09\/Lobby-624x429.jpg 624w\" sizes=\"auto, (max-width: 970px) 100vw, 970px\" \/><\/figure>\n\n\n\n<figure class=\"wp-block-image size-large\"><img loading=\"lazy\" decoding=\"async\" width=\"969\" height=\"663\" data-id=\"8004\" src=\"https:\/\/hand2noteguide.com\/wp-content\/uploads\/2024\/09\/Options.jpg\" alt=\"\" class=\"wp-image-8004\" srcset=\"https:\/\/hand2noteguide.com\/wp-content\/uploads\/2024\/09\/Options.jpg 969w, https:\/\/hand2noteguide.com\/wp-content\/uploads\/2024\/09\/Options-300x205.jpg 300w, https:\/\/hand2noteguide.com\/wp-content\/uploads\/2024\/09\/Options-768x525.jpg 768w, https:\/\/hand2noteguide.com\/wp-content\/uploads\/2024\/09\/Options-772x528.jpg 772w, https:\/\/hand2noteguide.com\/wp-content\/uploads\/2024\/09\/Options-624x427.jpg 624w\" sizes=\"auto, (max-width: 969px) 100vw, 969px\" \/><\/figure>\n\n\n\n<figure class=\"wp-block-image size-large\"><img loading=\"lazy\" decoding=\"async\" width=\"969\" height=\"663\" data-id=\"7994\" src=\"https:\/\/hand2noteguide.com\/wp-content\/uploads\/2024\/09\/Table-highlight.jpg\" alt=\"\" class=\"wp-image-7994\" srcset=\"https:\/\/hand2noteguide.com\/wp-content\/uploads\/2024\/09\/Table-highlight.jpg 969w, https:\/\/hand2noteguide.com\/wp-content\/uploads\/2024\/09\/Table-highlight-300x205.jpg 300w, https:\/\/hand2noteguide.com\/wp-content\/uploads\/2024\/09\/Table-highlight-768x525.jpg 768w, https:\/\/hand2noteguide.com\/wp-content\/uploads\/2024\/09\/Table-highlight-772x528.jpg 772w, https:\/\/hand2noteguide.com\/wp-content\/uploads\/2024\/09\/Table-highlight-624x427.jpg 624w\" sizes=\"auto, (max-width: 969px) 100vw, 969px\" \/><\/figure>\n\n\n\n<figure class=\"wp-block-image size-large\"><img loading=\"lazy\" decoding=\"async\" width=\"969\" height=\"663\" data-id=\"7999\" src=\"https:\/\/hand2noteguide.com\/wp-content\/uploads\/2024\/09\/Table-manager.jpg\" alt=\"\" class=\"wp-image-7999\" srcset=\"https:\/\/hand2noteguide.com\/wp-content\/uploads\/2024\/09\/Table-manager.jpg 969w, https:\/\/hand2noteguide.com\/wp-content\/uploads\/2024\/09\/Table-manager-300x205.jpg 300w, https:\/\/hand2noteguide.com\/wp-content\/uploads\/2024\/09\/Table-manager-768x525.jpg 768w, https:\/\/hand2noteguide.com\/wp-content\/uploads\/2024\/09\/Table-manager-772x528.jpg 772w, https:\/\/hand2noteguide.com\/wp-content\/uploads\/2024\/09\/Table-manager-624x427.jpg 624w\" sizes=\"auto, (max-width: 969px) 100vw, 969px\" \/><\/figure>\n<\/figure>\n","protected":false},"excerpt":{"rendered":"<p>$25 (licencia de 1 a\u00f1o) 888Caption es una herramienta asistente de p\u00f3ker para jugar c\u00f3modamente en las salas de p\u00f3ker de 888poker y WSOP.com. El programa tambi\u00e9n es compatible con 888poker.es, 888poker.dk y todas las dem\u00e1s reservas de 888. Aqu\u00ed est\u00e1n algunas de las caracter\u00edsticas de 888caption: 888Caption funciona perfectamente con Hand2Note y est\u00e1 oficialmente &hellip; <a href=\"https:\/\/hand2noteguide.com\/es\/888caption\/\" class=\"more-link\">Continue reading <span class=\"screen-reader-text\">888Caption \u267e\ufe0f Tu mejor ayudante en 888poker y WSOP.com<\/span><\/a><\/p>\n","protected":false},"author":1,"featured_media":0,"parent":0,"menu_order":0,"comment_status":"closed","ping_status":"closed","template":"page-templates\/full-width-page.php","meta":{"footnotes":""},"class_list":["post-7989","page","type-page","status-publish","hentry"],"translation":{"provider":"WPGlobus","version":"3.0.2","language":"es","enabled_languages":["en","ru","pt","zh","es","fr","de","it","ja"],"languages":{"en":{"title":true,"content":true,"excerpt":false},"ru":{"title":true,"content":true,"excerpt":false},"pt":{"title":true,"content":true,"excerpt":false},"zh":{"title":true,"content":true,"excerpt":false},"es":{"title":true,"content":true,"excerpt":false},"fr":{"title":true,"content":true,"excerpt":false},"de":{"title":true,"content":true,"excerpt":false},"it":{"title":true,"content":true,"excerpt":false},"ja":{"title":true,"content":true,"excerpt":false}}},"yoast_head":"<!-- This site is optimized with the Yoast SEO plugin v27.0 - https:\/\/yoast.com\/product\/yoast-seo-wordpress\/ -->\n<title>888Caption \u267e\ufe0f Tu mejor ayudante en 888poker y WSOP.com<\/title>\n<meta name=\"description\" content=\"888Caption es la mejor herramienta asistente para jugar en 888poker y WSOP.com. Convierte fichas a BB, utiliza teclas de acceso r\u00e1pido, muestra posiciones, probabilidades del bote, \u00a1y m\u00e1s!\" \/>\n<meta name=\"robots\" content=\"index, follow, max-snippet:-1, max-image-preview:large, max-video-preview:-1\" \/>\n<link rel=\"canonical\" href=\"https:\/\/hand2noteguide.com\/888caption\/\" \/>\n<meta property=\"og:locale\" content=\"es_ES\" \/>\n<meta property=\"og:type\" content=\"article\" \/>\n<meta property=\"og:title\" content=\"888Caption \u267e\ufe0f Tu mejor ayudante en 888poker y WSOP.com\" \/>\n<meta property=\"og:description\" content=\"888Caption es la mejor herramienta asistente para jugar en 888poker y WSOP.com. Convierte fichas a BB, utiliza teclas de acceso r\u00e1pido, muestra posiciones, probabilidades del bote, \u00a1y m\u00e1s!\" \/>\n<meta property=\"og:url\" content=\"https:\/\/hand2noteguide.com\/888caption\/\" \/>\n<meta property=\"og:site_name\" content=\"Hand2Note Guide\" \/>\n<meta property=\"article:modified_time\" content=\"2026-03-21T12:23:53+00:00\" \/>\n<meta property=\"og:image\" content=\"https:\/\/hand2noteguide.com\/wp-content\/uploads\/2024\/09\/Betscript.jpg\" \/>\n\t<meta property=\"og:image:width\" content=\"972\" \/>\n\t<meta property=\"og:image:height\" content=\"664\" \/>\n\t<meta property=\"og:image:type\" content=\"image\/jpeg\" \/>\n<meta name=\"twitter:card\" content=\"summary_large_image\" \/>\n<meta name=\"twitter:label1\" content=\"Est. reading time\" \/>\n\t<meta name=\"twitter:data1\" content=\"3 minutes\" \/>\n<!-- \/ Yoast SEO plugin. -->","yoast_head_json":{"title":"888Caption \u267e\ufe0f Tu mejor ayudante en 888poker y WSOP.com","description":"888Caption es la mejor herramienta asistente para jugar en 888poker y WSOP.com. Convierte fichas a BB, utiliza teclas de acceso r\u00e1pido, muestra posiciones, probabilidades del bote, \u00a1y m\u00e1s!","robots":{"index":"index","follow":"follow","max-snippet":"max-snippet:-1","max-image-preview":"max-image-preview:large","max-video-preview":"max-video-preview:-1"},"canonical":"https:\/\/hand2noteguide.com\/888caption\/","og_locale":"es_ES","og_type":"article","og_title":"888Caption \u267e\ufe0f Tu mejor ayudante en 888poker y WSOP.com","og_description":"888Caption es la mejor herramienta asistente para jugar en 888poker y WSOP.com. Convierte fichas a BB, utiliza teclas de acceso r\u00e1pido, muestra posiciones, probabilidades del bote, \u00a1y m\u00e1s!","og_url":"https:\/\/hand2noteguide.com\/888caption\/","og_site_name":"Hand2Note Guide","article_modified_time":"2026-03-21T12:23:53+00:00","og_image":[{"width":972,"height":664,"url":"https:\/\/hand2noteguide.com\/wp-content\/uploads\/2024\/09\/Betscript.jpg","type":"image\/jpeg"}],"twitter_card":"summary_large_image","twitter_misc":{"Est. reading time":"3 minutes"},"schema":{"@context":"https:\/\/schema.org","@graph":[]}},"jetpack_sharing_enabled":true,"_links":{"self":[{"href":"https:\/\/hand2noteguide.com\/es\/wp-json\/wp\/v2\/pages\/7989","targetHints":{"allow":["GET"]}}],"collection":[{"href":"https:\/\/hand2noteguide.com\/es\/wp-json\/wp\/v2\/pages"}],"about":[{"href":"https:\/\/hand2noteguide.com\/es\/wp-json\/wp\/v2\/types\/page"}],"author":[{"embeddable":true,"href":"https:\/\/hand2noteguide.com\/es\/wp-json\/wp\/v2\/users\/1"}],"replies":[{"embeddable":true,"href":"https:\/\/hand2noteguide.com\/es\/wp-json\/wp\/v2\/comments?post=7989"}],"version-history":[{"count":17,"href":"https:\/\/hand2noteguide.com\/es\/wp-json\/wp\/v2\/pages\/7989\/revisions"}],"predecessor-version":[{"id":15964,"href":"https:\/\/hand2noteguide.com\/es\/wp-json\/wp\/v2\/pages\/7989\/revisions\/15964"}],"wp:attachment":[{"href":"https:\/\/hand2noteguide.com\/es\/wp-json\/wp\/v2\/media?parent=7989"}],"curies":[{"name":"wp","href":"https:\/\/api.w.org\/{rel}","templated":true}]}}