{"id":8034,"date":"2024-09-11T15:31:31","date_gmt":"2024-09-11T12:31:31","guid":{"rendered":"https:\/\/hand2noteguide.com\/?page_id=8034"},"modified":"2026-03-11T14:30:38","modified_gmt":"2026-03-11T11:30:38","slug":"is-poker-luck-or-skill","status":"publish","type":"page","link":"https:\/\/hand2noteguide.com\/es\/poker\/is-poker-luck-or-skill\/","title":{"rendered":"\u00bfEs el p\u00f3ker un juego de suerte o de habilidad?"},"content":{"rendered":"\n<p>El p\u00f3ker es uno de los juegos de cartas m\u00e1s populares del mundo. Millones de personas lo juegan, tanto de manera casual como profesional. Pero a menudo surge una pregunta: \u00bfes el p\u00f3ker un juego de suerte o es un juego de habilidad? Este debate ha estado en curso durante muchos a\u00f1os, con argumentos s\u00f3lidos de ambos lados.<\/p>\n\n\n\n<p><strong>El p\u00f3ker es una mezcla de ambos \ud83c\udf40 suerte y \ud83e\udde0<\/strong> <strong>habilidad<\/strong>. A corto plazo, la suerte juega un papel significativo, ya que el resultado de cada mano est\u00e1 influenciado por las cartas repartidas, que son aleatorias. Sin embargo, a largo plazo, la habilidad se convierte en el factor dominante. Los jugadores experimentados usan estrategia, <a href=\"\/es\/poker\/poker-tilt\/\">psicolog\u00eda<\/a> y probabilidades matem\u00e1ticas para tomar decisiones que maximicen sus posibilidades de ganar. Los jugadores h\u00e1biles superan consistentemente a los oponentes menos h\u00e1biles, especialmente a lo largo de muchas manos.<\/p>\n\n\n\n<div class=\"green-block\">\n<p style=\"margin-bottom:0\">\u261d Por lo tanto, aunque <b>la suerte puede afectar los resultados individuales<\/b>, <b>el p\u00f3ker es fundamentalmente un juego de habilidad<\/b>, donde el conocimiento, la experiencia y la toma de decisiones tienen un impacto decisivo.<\/p>\n<\/div>\n\n\n\n<p>Ahora profundicemos m\u00e1s en el tema.<\/p>\n\n\n\n<h2 class=\"wp-block-heading\">Los fundamentos del p\u00f3ker<\/h2>\n\n\n\n<p>Antes de sumergirnos en el debate, es importante entender los <a href=\"\/es\/poker\/poker-rules\/\">principios b\u00e1sicos del juego de p\u00f3ker<\/a>. El p\u00f3ker es un juego de cartas que involucra <a href=\"\/es\/poker\/poker-hand-rankings\/\">combinaciones de cartas<\/a> y <a href=\"\/es\/poker\/poker-streets\/\">rondas de apuestas<\/a>. El objetivo es ganar fichas o dinero haciendo la mejor mano o convenciendo a otros de que se retiren. Hay varios tipos de p\u00f3ker, como Texas Hold&#8217;em, Omaha y Seven-Card Stud, pero los principios b\u00e1sicos son similares en estos juegos.<\/p>\n\n\n\n<h2 class=\"wp-block-heading\">El papel de la suerte en el p\u00f3ker<\/h2>\n\n\n\n<p>La suerte juega un papel significativo en el p\u00f3ker, especialmente a corto plazo. <strong>Cuando est\u00e1s en la mesa de p\u00f3ker, no tienes control sobre las cartas que te reparten.<\/strong> A veces, obtienes una gran mano, y a veces, obtienes una terrible. Esta aleatoriedad es donde entra en juego la suerte.<\/p>\n\n\n\n<figure class=\"wp-block-embed is-type-video is-provider-youtube wp-block-embed-youtube wp-embed-aspect-16-9 wp-has-aspect-ratio\"><div class=\"wp-block-embed__wrapper\">\n<div class=\"jetpack-video-wrapper\"><iframe loading=\"lazy\" title=\"Aces vs Aces Connor Drinan vs Cary Katz | $1,000,000 WSOP Big One for One Drop\" width=\"700\" height=\"394\" src=\"https:\/\/www.youtube.com\/embed\/iFR5i6RtX18?feature=oembed\" frameborder=\"0\" allow=\"accelerometer; autoplay; clipboard-write; encrypted-media; gyroscope; picture-in-picture; web-share\" referrerpolicy=\"strict-origin-when-cross-origin\" allowfullscreen><\/iframe><\/div>\n<\/div><\/figure>\n\n\n\n<p>Por ejemplo, imagina que est\u00e1s jugando Texas Hold&#8217;em y te reparten ases de bolsillo (dos ases como tu mano inicial). Esta es la mejor mano inicial posible en el juego. Sin embargo, si <a href=\"\/es\/poker\/poker-streets\/\">las cartas comunitarias<\/a> (las cartas que todos comparten) no te ayudan, o si tu oponente tiene suerte y consigue una mejor mano, a\u00fan podr\u00edas perder. En este caso, la suerte juega un papel crucial.<\/p>\n\n\n\n<p>En una sola mano o incluso en algunos juegos, la suerte puede afectar en gran medida los resultados. Un principiante podr\u00eda vencer a un profesional si tiene suerte con las cartas. Esta aleatoriedad hace que el p\u00f3ker sea emocionante, ya que cualquiera puede ganar en cualquier d\u00eda dado.<\/p>\n\n\n\n<h2 class=\"wp-block-heading\">El papel de la habilidad en el p\u00f3ker<\/h2>\n\n\n\n<p>Aunque la suerte es un factor en el p\u00f3ker, la habilidad es lo que separa a los buenos jugadores de los grandes. El p\u00f3ker no se trata solo de las cartas que te reparten; se trata de c\u00f3mo las juegas.<\/p>\n\n\n\n<figure class=\"wp-block-embed is-type-video is-provider-youtube wp-block-embed-youtube wp-embed-aspect-16-9 wp-has-aspect-ratio\"><div class=\"wp-block-embed__wrapper\">\n<div class=\"jetpack-video-wrapper\"><iframe loading=\"lazy\" title=\"PHIL IVEY TOP 5 POKER READS \u2660\ufe0f  PokerStars\" width=\"700\" height=\"394\" src=\"https:\/\/www.youtube.com\/embed\/SMJ7C4atMi0?feature=oembed\" frameborder=\"0\" allow=\"accelerometer; autoplay; clipboard-write; encrypted-media; gyroscope; picture-in-picture; web-share\" referrerpolicy=\"strict-origin-when-cross-origin\" allowfullscreen><\/iframe><\/div>\n<\/div><\/figure>\n\n\n\n<p>La habilidad en el p\u00f3ker involucra varios elementos clave:<\/p>\n\n\n\n<h3 class=\"wp-block-heading\">\ud83d\udcc8 <strong>Entender las probabilidades<\/strong><\/h3>\n\n\n\n<p>Un jugador de p\u00f3ker h\u00e1bil conoce las probabilidades de que ciertas manos ganen o pierdan. Tambi\u00e9n pueden calcular la probabilidad de obtener la carta que necesitan para completar su mano. Esto les ayuda a tomar decisiones informadas sobre si apostar, igualar o retirarse. Entender las probabilidades es una parte fundamental de la estrategia de p\u00f3ker.<\/p>\n\n\n\n<h3 class=\"wp-block-heading\">\ud83e\uddb8\u200d\u2642 <strong><a href=\"\/es\/poker\/poker-bluff\/\">El farol<\/a><\/strong><\/h3>\n\n\n\n<p>El farol es una habilidad esencial en el p\u00f3ker. Involucra hacer que tus oponentes crean que tienes una mano m\u00e1s fuerte de lo que realmente tienes. Un buen farol puede hacer que tus oponentes se retiren, incluso si no tienes una mano fuerte. Los jugadores h\u00e1biles saben cu\u00e1ndo farolear y cu\u00e1ndo jugar de manera directa. Pueden leer a sus oponentes y captar se\u00f1ales (pistas sutiles sobre la fuerza de la mano de su oponente).<\/p>\n\n\n\n<h3 class=\"wp-block-heading\">\ud83e\uddd8\u200d\u2642\ufe0f <strong><a href=\"\/es\/poker\/poker-tilt\/\">El juego mental<\/a><\/strong><\/h3>\n\n\n\n<p>El p\u00f3ker es tanto un juego de psicolog\u00eda como de cartas. Los jugadores h\u00e1biles entienden el comportamiento humano y pueden anticipar los movimientos de sus oponentes. Saben c\u00f3mo presionar a otros jugadores, hacerlos sentir inc\u00f3modos y empujarlos a cometer errores. Este aspecto psicol\u00f3gico del p\u00f3ker es donde la habilidad realmente brilla.<\/p>\n\n\n\n<h3 class=\"wp-block-heading\">\ud83c\udfaf <strong>Experiencia y adaptabilidad<\/strong><\/h3>\n\n\n\n<p>La experiencia es otro factor crucial en el p\u00f3ker. Cuanto m\u00e1s juegas, m\u00e1s situaciones encuentras y mejor te vuelves en la toma de decisiones. Los jugadores experimentados pueden adaptarse r\u00e1pidamente a diferentes estilos de juego y ajustar sus estrategias en consecuencia. Lo han visto todo y saben c\u00f3mo manejar varios escenarios.<\/p>\n\n\n\n<h2 class=\"wp-block-heading\">La visi\u00f3n a largo plazo: Suerte vs. Habilidad<\/h2>\n\n\n\n<p>Aunque la suerte puede influir en el resultado de manos o juegos individuales, la habilidad se vuelve m\u00e1s importante a largo plazo. En un solo juego, un principiante podr\u00eda tener suerte y ganar, pero en cientos o miles de juegos, los jugadores h\u00e1biles consistentemente salen ganando.<\/p>\n\n\n\n<p>Es por eso que los jugadores de p\u00f3ker profesionales pueden ganarse la vida con el juego. No dependen de la suerte. Dependen de sus habilidades y a largo plazo. Saben que a la larga, su comprensi\u00f3n del juego, su capacidad para leer a los oponentes y su pensamiento estrat\u00e9gico llevar\u00e1n a victorias consistentes. Esto es lo opuesto al enfoque de juego en el casino, donde dependes del \u00e9xito a corto plazo.<\/p>\n\n\n\n<div class=\"green-block\">\n<p style=\"margin-bottom:0\">\ud83c\udf93 Observar a los jugadores de p\u00f3ker profesionales proporciona una visi\u00f3n del aspecto de habilidad del juego. Estos jugadores pasan a\u00f1os perfeccionando su oficio. <strong>Estudian el juego<\/strong>, <strong>analizan manos<\/strong> y <strong>trabajan continuamente para mejorar sus habilidades<\/strong>. Entienden los aspectos matem\u00e1ticos y psicol\u00f3gicos del p\u00f3ker a un nivel profundo.<\/p>\n<\/div>\n\n\n\n<p>En los principales torneos de p\u00f3ker, como la Serie Mundial de P\u00f3ker (WSOP), los mismos jugadores a menudo llegan a las mesas finales a\u00f1o tras a\u00f1o. Como lo hizo Mark Newhouse en 2013 y 2014, terminando 9\u00ba en el torneo de p\u00f3ker m\u00e1s popular del mundo durante dos a\u00f1os consecutivos.<\/p>\n\n\n\n<figure class=\"wp-block-embed is-type-video is-provider-youtube wp-block-embed-youtube wp-embed-aspect-16-9 wp-has-aspect-ratio\"><div class=\"wp-block-embed__wrapper\">\n<div class=\"jetpack-video-wrapper\"><iframe loading=\"lazy\" title=\"Mark Newhouse Finishes Ninth, Again | 2014 WSOP Main Event: Final Table | PokerGO\" width=\"700\" height=\"394\" src=\"https:\/\/www.youtube.com\/embed\/mD5dYRAP8bs?feature=oembed\" frameborder=\"0\" allow=\"accelerometer; autoplay; clipboard-write; encrypted-media; gyroscope; picture-in-picture; web-share\" referrerpolicy=\"strict-origin-when-cross-origin\" allowfullscreen><\/iframe><\/div>\n<\/div><\/figure>\n\n\n\n<p>Si el p\u00f3ker fuera puramente un juego de suerte, esperar\u00edamos una variedad mucho m\u00e1s amplia de ganadores. El hecho de que ciertos jugadores consistentemente se desempe\u00f1en bien es una fuerte evidencia de que la habilidad juega un papel dominante.<\/p>\n\n\n\n<p>El verdadero desaf\u00edo para los jugadores de p\u00f3ker profesionales es que a veces la suerte se convierte en un problema incluso a largo plazo. Hay un t\u00e9rmino &#8220;varianza&#8221; en la teor\u00eda de la probabilidad. En palabras simples, significa &#8220;desviaci\u00f3n&#8221; del resultado m\u00e1s probable, y esta desviaci\u00f3n a veces puede ser enorme.<\/p>\n\n\n\n<figure class=\"wp-block-image size-large is-resized\"><img loading=\"lazy\" decoding=\"async\" src=\"https:\/\/hand2noteguide.com\/wp-content\/uploads\/2024\/09\/variance-min-1024x499.png\" alt=\"\" class=\"wp-image-8051\" width=\"840\" height=\"409\" srcset=\"https:\/\/hand2noteguide.com\/wp-content\/uploads\/2024\/09\/variance-min-1024x499.png 1024w, https:\/\/hand2noteguide.com\/wp-content\/uploads\/2024\/09\/variance-min-300x146.png 300w, https:\/\/hand2noteguide.com\/wp-content\/uploads\/2024\/09\/variance-min-768x374.png 768w, https:\/\/hand2noteguide.com\/wp-content\/uploads\/2024\/09\/variance-min-1536x748.png 1536w, https:\/\/hand2noteguide.com\/wp-content\/uploads\/2024\/09\/variance-min-772x376.png 772w, https:\/\/hand2noteguide.com\/wp-content\/uploads\/2024\/09\/variance-min-624x304.png 624w, https:\/\/hand2noteguide.com\/wp-content\/uploads\/2024\/09\/variance-min.png 1880w\" sizes=\"auto, (max-width: 840px) 100vw, 840px\" \/><figcaption class=\"wp-element-caption\">Un ejemplo del <a href=\"https:\/\/www.primedope.com\/poker-variance-calculator\/\" target=\"_blank\" aria-label=\"undefined (opens in a new tab)\" rel=\"noreferrer noopener nofollow\">calculador de varianza de p\u00f3ker<\/a>. Jugando la misma estrategia durante 30,000 manos, los resultados podr\u00edan ser dr\u00e1sticamente diferentes.<\/figcaption><\/figure>\n\n\n\n<p>Digamos que lanzas una moneda 100 veces. Llamemos a lanzar una moneda 100 veces un &#8220;intento&#8221;. Luego imagina que haces millones de estos intentos. En la mayor\u00eda de los intentos, obtendr\u00e1s un resultado promedio de 50-50 caras y cruces, tal vez desplazado hacia un lado u otro un poco, como 52-48, 57-43, 39-61, etc. Pero habr\u00e1 algunos intentos que te sorprender\u00e1n, como 91-9. Parece imposible, pero a lo largo de un mill\u00f3n de intentos, tambi\u00e9n obtendr\u00e1s ese resultado. Lo mismo ocurre en el p\u00f3ker: algunos profesionales son menos afortunados que otros, y pueden perder en botes cruciales a\u00f1o tras a\u00f1o. Pero aqu\u00ed en la vida real, no tienes la oportunidad de simular muchos &#8220;intentos&#8221;, solo tienes una vida. Y <strong>una vida humana podr\u00eda no ser suficiente para vencer la varianza en el p\u00f3ker<\/strong>.<\/p>\n\n\n\n<h2 class=\"wp-block-heading\">Suerte vs. Habilidad en Torneos de P\u00f3ker<\/h2>\n\n\n\n<p>En un torneo de p\u00f3ker, los jugadores comienzan con un n\u00famero fijo de fichas y compiten hasta que un jugador tiene todas las fichas. \u2b50 <strong>En un solo torneo, la suerte juega un papel crucial.<\/strong> Las cartas que te reparten y el momento de tus manos pueden influir en gran medida en tu \u00e9xito. Incluso el mejor jugador del mundo puede ser eliminado temprano si enfrenta una racha de mala suerte. Es por eso que, a corto plazo, la suerte a menudo decide qui\u00e9n gana y qui\u00e9n pierde.<\/p>\n\n\n\n<figure class=\"wp-block-embed is-type-video is-provider-youtube wp-block-embed-youtube wp-embed-aspect-16-9 wp-has-aspect-ratio\"><div class=\"wp-block-embed__wrapper\">\n<div class=\"jetpack-video-wrapper\"><iframe loading=\"lazy\" title=\"Heartbreak in the Biggest World Series of Poker Main Event in History! [INSANE HAND]\" width=\"700\" height=\"394\" src=\"https:\/\/www.youtube.com\/embed\/OP_TWxC0hDA?feature=oembed\" frameborder=\"0\" allow=\"accelerometer; autoplay; clipboard-write; encrypted-media; gyroscope; picture-in-picture; web-share\" referrerpolicy=\"strict-origin-when-cross-origin\" allowfullscreen><\/iframe><\/div>\n<\/div><\/figure>\n\n\n\n<p>Sin embargo, la habilidad sigue siendo importante. Los jugadores h\u00e1biles saben c\u00f3mo maximizar sus oportunidades cuando tienen buenas manos y minimizar las p\u00e9rdidas cuando no las tienen. Entienden las estrategias del juego y saben c\u00f3mo leer a sus oponentes.<\/p>\n\n\n\n<p>Pero incluso los jugadores m\u00e1s h\u00e1biles no pueden controlar la suerte en un solo torneo. Es por eso que los profesionales juegan muchos torneos. <strong>En un gran n\u00famero de torneos, la habilidad se convierte en el factor dominante.<\/strong> La suerte de las cartas se equilibra con el tiempo, y los mejores jugadores consistentemente se desempe\u00f1an bien.<\/p>\n\n\n\n<p>En resumen, aunque la suerte es m\u00e1s importante en un solo torneo de p\u00f3ker, la habilidad es lo que permite a un buen jugador tener \u00e9xito a largo plazo. Cuantos m\u00e1s torneos juegues, m\u00e1s la habilidad toma el control, y la suerte juega un papel menor en tu \u00e9xito general.<\/p>\n\n\n\n<h2 class=\"wp-block-heading\">La perspectiva legal: \u00bfEs el p\u00f3ker un juego de habilidad?<\/h2>\n\n\n\n<p>La pregunta de si el p\u00f3ker es un juego de suerte o habilidad tambi\u00e9n tiene implicaciones legales. En algunos pa\u00edses y estados, los juegos de azar (como la ruleta) est\u00e1n fuertemente regulados o incluso prohibidos, mientras que los juegos de habilidad (como el ajedrez) no lo est\u00e1n. La clasificaci\u00f3n del p\u00f3ker puede determinar c\u00f3mo se regula.<\/p>\n\n\n\n<p>En muchos lugares, los tribunales han dictaminado que el p\u00f3ker es un juego de habilidad. Por ejemplo, en 2012, <strong>un \ud83d\udc68\ud83c\udffb\u200d\u2696\ufe0f juez federal en Nueva York dictamin\u00f3 que el p\u00f3ker es m\u00e1s un juego de habilidad<\/strong> que de azar, y por lo tanto no est\u00e1 sujeto a las mismas leyes de juego que los juegos de azar. Este fallo se bas\u00f3 en el argumento de que, aunque la suerte juega un papel a corto plazo, la habilidad es el factor dominante a largo plazo.<\/p>\n\n\n\n<div class=\"green-block\">\n<p style=\"margin-bottom:0\">\ud83c\udfdb\ufe0f No existe una posici\u00f3n \u00fanica en el entorno legislativo mundial sobre en qu\u00e9 categor\u00eda de juegos deber\u00eda clasificarse el p\u00f3ker.<\/p>\n<\/div>\n\n\n\n<p>Las leyes en diferentes pa\u00edses del mundo pueden diferir dr\u00e1sticamente. En algunos, el p\u00f3ker est\u00e1 estrictamente prohibido junto con juegos de azar como las tragamonedas o la ruleta, mientras que en otros, el p\u00f3ker se considera un deporte profesional y se celebran competiciones oficiales.<\/p>\n\n\n\n<h2 class=\"wp-block-heading\">Conclusi\u00f3n: \u00bfEs el p\u00f3ker un juego de suerte o habilidad?<\/h2>\n\n\n\n<p>Entonces, finalmente, \u00bfes el p\u00f3ker un juego de suerte o habilidad? La respuesta es que <strong>es ambos.<\/strong> La suerte tiene m\u00e1s influencia en una mano o juego dado, mientras que la habilidad toma el papel principal con el tiempo. Los jugadores h\u00e1biles entienden las probabilidades, saben <a href=\"\/es\/poker\/poker-bluff\/\">cu\u00e1ndo farolear<\/a> y pueden leer a sus oponentes. Superan consistentemente a los jugadores menos h\u00e1biles, demostrando que el p\u00f3ker es fundamentalmente un juego de habilidad.<\/p>\n\n\n\n<p>Para los jugadores casuales, el elemento de suerte hace que el p\u00f3ker sea emocionante y accesible. Cualquiera puede ganar una mano, incluso contra el mejor jugador de p\u00f3ker del planeta. Pero para aquellos que quieren tener \u00e9xito a largo plazo, desarrollar sus habilidades y <a href=\"\/es\/poker\/5-best-online-poker-training-sites\/\">entrenarse<\/a> es esencial, como en cualquier otro deporte profesional. El p\u00f3ker es un juego complejo y fascinante que requiere tanto suerte como habilidad, lo que lo convierte en uno de los juegos de cartas m\u00e1s hermosos jam\u00e1s creados.<\/p>\n","protected":false},"excerpt":{"rendered":"<p>El p\u00f3ker es uno de los juegos de cartas m\u00e1s populares del mundo. Millones de personas lo juegan, tanto de manera casual como profesional. Pero a menudo surge una pregunta: \u00bfes el p\u00f3ker un juego de suerte o es un juego de habilidad? Este debate ha estado en curso durante muchos a\u00f1os, con argumentos s\u00f3lidos &hellip; <a href=\"https:\/\/hand2noteguide.com\/es\/poker\/is-poker-luck-or-skill\/\" class=\"more-link\">Continue reading <span class=\"screen-reader-text\">\u00bfEs el p\u00f3ker un juego de suerte o de habilidad?<\/span><\/a><\/p>\n","protected":false},"author":1,"featured_media":0,"parent":7017,"menu_order":0,"comment_status":"closed","ping_status":"closed","template":"","meta":{"footnotes":""},"class_list":["post-8034","page","type-page","status-publish","hentry"],"translation":{"provider":"WPGlobus","version":"3.0.2","language":"es","enabled_languages":["en","ru","pt","zh","es","fr","de","it","ja"],"languages":{"en":{"title":true,"content":true,"excerpt":false},"ru":{"title":true,"content":true,"excerpt":false},"pt":{"title":true,"content":true,"excerpt":false},"zh":{"title":true,"content":true,"excerpt":false},"es":{"title":true,"content":true,"excerpt":false},"fr":{"title":true,"content":true,"excerpt":false},"de":{"title":true,"content":true,"excerpt":false},"it":{"title":true,"content":true,"excerpt":false},"ja":{"title":true,"content":true,"excerpt":false}}},"yoast_head":"<!-- This site is optimized with the Yoast SEO plugin v27.0 - https:\/\/yoast.com\/product\/yoast-seo-wordpress\/ -->\n<title>\u00bfEs el p\u00f3ker un juego de suerte o de habilidad?<\/title>\n<meta name=\"description\" content=\"Debatiendo durante a\u00f1os, \u00bfes el p\u00f3ker un juego de suerte o de habilidad? Inicialmente impulsado por la suerte, pero dominado por la habilidad, la estrategia y la experiencia.\" \/>\n<meta name=\"robots\" content=\"index, follow, max-snippet:-1, max-image-preview:large, max-video-preview:-1\" \/>\n<link rel=\"canonical\" href=\"https:\/\/hand2noteguide.com\/poker\/is-poker-luck-or-skill\/\" \/>\n<meta property=\"og:locale\" content=\"es_ES\" \/>\n<meta property=\"og:type\" content=\"article\" \/>\n<meta property=\"og:title\" content=\"\u00bfEs el p\u00f3ker un juego de suerte o de habilidad?\" \/>\n<meta property=\"og:description\" content=\"Debatiendo durante a\u00f1os, \u00bfes el p\u00f3ker un juego de suerte o de habilidad? Inicialmente impulsado por la suerte, pero dominado por la habilidad, la estrategia y la experiencia.\" \/>\n<meta property=\"og:url\" content=\"https:\/\/hand2noteguide.com\/poker\/is-poker-luck-or-skill\/\" \/>\n<meta property=\"og:site_name\" content=\"Hand2Note Guide\" \/>\n<meta property=\"article:modified_time\" content=\"2026-03-11T11:30:38+00:00\" \/>\n<meta property=\"og:image\" content=\"https:\/\/hand2noteguide.com\/wp-content\/uploads\/2024\/09\/variance-min.png\" \/>\n\t<meta property=\"og:image:width\" content=\"1880\" \/>\n\t<meta property=\"og:image:height\" content=\"916\" \/>\n\t<meta property=\"og:image:type\" content=\"image\/png\" \/>\n<meta name=\"twitter:card\" content=\"summary_large_image\" \/>\n<meta name=\"twitter:label1\" content=\"Est. reading time\" \/>\n\t<meta name=\"twitter:data1\" content=\"56 minutes\" \/>\n<!-- \/ Yoast SEO plugin. -->","yoast_head_json":{"title":"\u00bfEs el p\u00f3ker un juego de suerte o de habilidad?","description":"Debatiendo durante a\u00f1os, \u00bfes el p\u00f3ker un juego de suerte o de habilidad? Inicialmente impulsado por la suerte, pero dominado por la habilidad, la estrategia y la experiencia.","robots":{"index":"index","follow":"follow","max-snippet":"max-snippet:-1","max-image-preview":"max-image-preview:large","max-video-preview":"max-video-preview:-1"},"canonical":"https:\/\/hand2noteguide.com\/poker\/is-poker-luck-or-skill\/","og_locale":"es_ES","og_type":"article","og_title":"\u00bfEs el p\u00f3ker un juego de suerte o de habilidad?","og_description":"Debatiendo durante a\u00f1os, \u00bfes el p\u00f3ker un juego de suerte o de habilidad? Inicialmente impulsado por la suerte, pero dominado por la habilidad, la estrategia y la experiencia.","og_url":"https:\/\/hand2noteguide.com\/poker\/is-poker-luck-or-skill\/","og_site_name":"Hand2Note Guide","article_modified_time":"2026-03-11T11:30:38+00:00","og_image":[{"width":1880,"height":916,"url":"https:\/\/hand2noteguide.com\/wp-content\/uploads\/2024\/09\/variance-min.png","type":"image\/png"}],"twitter_card":"summary_large_image","twitter_misc":{"Est. reading time":"56 minutes"},"schema":{"@context":"https:\/\/schema.org","@graph":[]}},"jetpack_sharing_enabled":true,"_links":{"self":[{"href":"https:\/\/hand2noteguide.com\/es\/wp-json\/wp\/v2\/pages\/8034","targetHints":{"allow":["GET"]}}],"collection":[{"href":"https:\/\/hand2noteguide.com\/es\/wp-json\/wp\/v2\/pages"}],"about":[{"href":"https:\/\/hand2noteguide.com\/es\/wp-json\/wp\/v2\/types\/page"}],"author":[{"embeddable":true,"href":"https:\/\/hand2noteguide.com\/es\/wp-json\/wp\/v2\/users\/1"}],"replies":[{"embeddable":true,"href":"https:\/\/hand2noteguide.com\/es\/wp-json\/wp\/v2\/comments?post=8034"}],"version-history":[{"count":38,"href":"https:\/\/hand2noteguide.com\/es\/wp-json\/wp\/v2\/pages\/8034\/revisions"}],"predecessor-version":[{"id":15790,"href":"https:\/\/hand2noteguide.com\/es\/wp-json\/wp\/v2\/pages\/8034\/revisions\/15790"}],"up":[{"embeddable":true,"href":"https:\/\/hand2noteguide.com\/es\/wp-json\/wp\/v2\/pages\/7017"}],"wp:attachment":[{"href":"https:\/\/hand2noteguide.com\/es\/wp-json\/wp\/v2\/media?parent=8034"}],"curies":[{"name":"wp","href":"https:\/\/api.w.org\/{rel}","templated":true}]}}