{"id":8180,"date":"2024-09-12T13:44:54","date_gmt":"2024-09-12T10:44:54","guid":{"rendered":"https:\/\/hand2noteguide.com\/?page_id=8180"},"modified":"2026-03-11T13:56:09","modified_gmt":"2026-03-11T10:56:09","slug":"poker-hud-stats","status":"publish","type":"page","link":"https:\/\/hand2noteguide.com\/es\/poker\/poker-hud-stats\/","title":{"rendered":"Estad\u00edsticas del HUD de poker: aprende a usar las estad\u00edsticas en el juego de poker"},"content":{"rendered":"\n<p>El poker es un juego de estrategia, observaci\u00f3n y toma de decisiones r\u00e1pidas. En el poker en l\u00ednea, un Poker HUD (Heads-Up Display) puede ser una herramienta poderosa. Te muestra estad\u00edsticas importantes sobre tus oponentes en tiempo real. Estas estad\u00edsticas te ayudan a entender c\u00f3mo juegan tus oponentes, permiti\u00e9ndote tomar mejores decisiones.<\/p>\n\n\n\n<p>Si a\u00fan no est\u00e1s familiarizado con el HUD, te recomendamos leer primero nuestro art\u00edculo <a href=\"\/es\/poker\/poker-hud\/\">Poker HUD: La Gu\u00eda Definitiva para Principiantes<\/a>. En el art\u00edculo actual, no abordaremos los problemas t\u00e9cnicos del HUD. Nos centraremos en una explicaci\u00f3n detallada de las estad\u00edsticas m\u00e1s importantes que los jugadores profesionales suelen tener en sus HUDs.<\/p>\n\n\n\n<h2 class=\"wp-block-heading\">\u00bfQu\u00e9 Son las Estad\u00edsticas de Poker en el HUD?<\/h2>\n\n\n\n<p>Las estad\u00edsticas del Poker HUD son puntos de datos que un HUD recopila y muestra mientras juegas. Estas estad\u00edsticas rastrean las acciones y tendencias de tus oponentes a lo largo del tiempo. Al analizar estas estad\u00edsticas, puedes detectar patrones en c\u00f3mo juegan tus oponentes, lo que facilita explotar sus debilidades. Puedes usar estas estad\u00edsticas tanto para la toma de decisiones en el juego como para analizar el juego fuera de las mesas.<\/p>\n\n\n\n<figure class=\"wp-block-image size-full\"><img loading=\"lazy\" decoding=\"async\" width=\"599\" height=\"232\" src=\"http:\/\/hand2noteguide.com\/wp-content\/uploads\/2020\/08\/simple-cash-transcription-1.png\" alt=\"estad\u00edsticas del hud de poker\" class=\"wp-image-3817\" srcset=\"https:\/\/hand2noteguide.com\/wp-content\/uploads\/2020\/08\/simple-cash-transcription-1.png 599w, https:\/\/hand2noteguide.com\/wp-content\/uploads\/2020\/08\/simple-cash-transcription-1-300x116.png 300w\" sizes=\"auto, (max-width: 599px) 100vw, 599px\" \/><\/figure>\n\n\n\n<h2 class=\"wp-block-heading\">Estad\u00edsticas Clave del Poker HUD<\/h2>\n\n\n\n<p>Hay muchas estad\u00edsticas que un HUD puede mostrar, pero aqu\u00ed est\u00e1n las m\u00e1s importantes para principiantes:<\/p>\n\n\n\n<h3 class=\"wp-block-heading\">VPIP (Voluntarily Put Money in Pot)<\/h3>\n\n\n\n<p>VPIP es la estad\u00edstica m\u00e1s fundamental en el poker. Muestra un <strong>% de manos en las que un jugador pone dinero en el bote cuando no tiene que hacerlo<\/strong> (las apuestas obligatorias de ciega peque\u00f1a y ciega grande no cuentan).<\/p>\n\n\n\n<figure class=\"wp-block-image size-large\"><img loading=\"lazy\" decoding=\"async\" width=\"1024\" height=\"576\" src=\"http:\/\/hand2noteguide.com\/wp-content\/uploads\/2024\/09\/VPIP-min-1024x576.jpg\" alt=\"f\u00f3rmula de estad\u00edstica vpip de poker\" class=\"wp-image-8153\" srcset=\"https:\/\/hand2noteguide.com\/wp-content\/uploads\/2024\/09\/VPIP-min-1024x576.jpg 1024w, https:\/\/hand2noteguide.com\/wp-content\/uploads\/2024\/09\/VPIP-min-300x169.jpg 300w, https:\/\/hand2noteguide.com\/wp-content\/uploads\/2024\/09\/VPIP-min-768x432.jpg 768w, https:\/\/hand2noteguide.com\/wp-content\/uploads\/2024\/09\/VPIP-min-1536x864.jpg 1536w, https:\/\/hand2noteguide.com\/wp-content\/uploads\/2024\/09\/VPIP-min-772x434.jpg 772w, https:\/\/hand2noteguide.com\/wp-content\/uploads\/2024\/09\/VPIP-min-624x351.jpg 624w, https:\/\/hand2noteguide.com\/wp-content\/uploads\/2024\/09\/VPIP-min.jpg 1600w\" sizes=\"auto, (max-width: 1024px) 100vw, 1024px\" \/><figcaption class=\"wp-element-caption\">F\u00f3rmula de VPIP: una proporci\u00f3n entre [el n\u00famero de manos donde un jugador voluntariamente puso dinero en el bote] y [el n\u00famero total de manos].<\/figcaption><\/figure>\n\n\n\n<p>VPIP es la estad\u00edstica m\u00e1s importante en tu HUD. Incluso con un tama\u00f1o de muestra peque\u00f1o, mientras que otras estad\u00edsticas pueden no ser a\u00fan informativas, VPIP ya puede proporcionar informaci\u00f3n valiosa sobre el estilo de juego de tu oponente. Un <strong>VPIP alto significa que un jugador es loose<\/strong>, jugando muchas manos, mientras que <strong>un VPIP bajo indica un jugador tight<\/strong> que solo juega manos fuertes. Usa esta estad\u00edstica para determinar si un oponente es loose o tight y ajusta tu estrategia en consecuencia.<\/p>\n\n\n\n<h4 class=\"wp-block-heading\">\u00bfCu\u00e1l es un Buen Rango de VPIP?<\/h4>\n\n\n\n<p>Ten en cuenta que los valores dados para VPIP y otras estad\u00edsticas son aproximados para que tengas alg\u00fan tipo de referencia en tu cabeza. En realidad, los intervalos pueden variar mucho dependiendo del tipo de juego, los estilos de los jugadores, los tama\u00f1os de stack, los l\u00edmites del juego y otros factores.<\/p>\n\n\n\n<ul class=\"wp-block-list\">\n<li>\ud83d\udc4d <strong>El valor t\u00edpico de la estad\u00edstica VPIP para un buen jugador en l\u00ednea<\/strong> generalmente se encuentra en el intervalo <strong>de 20 a 30<\/strong>. Todos los valores mencionados aqu\u00ed y m\u00e1s adelante son relevantes para un juego cl\u00e1sico de No-Limit Holdem Cash de 6-max.<\/li>\n\n\n\n<li>\ud83d\uddff <strong>Si el VPIP es menor de 15<\/strong>, este jugador es <strong>demasiado tight<\/strong>, juega solo manos premium y generalmente es f\u00e1cil de leer. Tambi\u00e9n se les suele llamar \u201cnits\u201d.<\/li>\n\n\n\n<li>\ud83d\udc35 <strong>Si el VPIP es mayor de 35<\/strong>, es un estilo <strong>muy loose<\/strong>. M\u00e1s a menudo, los jugadores recreativos tienen un VPIP inflado porque a menudo entran al juego con manos &#8220;jugables&#8221; que en realidad tienen un EV negativo.<\/li>\n<\/ul>\n\n\n\n<div class=\"green-block\">\n<p style=\"margin-bottom:0\">Para entender mejor el significado de las estad\u00edsticas, te recomendamos que estudies <a target=\"_blank\" href=\"https:\/\/blog.freebetrange.com\/es\/article\/poker-preflop-ranges-a-comprehensive-guide\" rel=\"noopener\"><b>el concepto de rangos en el poker<\/b><\/a>. Con la ayuda de los rangos, podemos hacer suposiciones sobre qu\u00e9 manos podr\u00eda tener un oponente con un valor de estad\u00edstica dado.<\/p>\n<\/div>\n\n\n\n<h3 class=\"wp-block-heading\">PFR (Pre-Flop Raise)<\/h3>\n\n\n\n<p>PFR significa Pre-Flop Raise y muestra con qu\u00e9 frecuencia un jugador sube antes del flop. Un PFR alto significa que un jugador es agresivo, a menudo tratando de tomar el control de la mano temprano. Un PFR bajo sugiere un jugador m\u00e1s pasivo que prefiere igualar o retirarse en lugar de subir.<\/p>\n\n\n\n<figure class=\"wp-block-image size-large\"><img loading=\"lazy\" decoding=\"async\" width=\"1024\" height=\"576\" src=\"https:\/\/hand2noteguide.com\/wp-content\/uploads\/2024\/09\/pfr-min-1024x576.png\" alt=\"f\u00f3rmula de estad\u00edstica pfr de poker\" class=\"wp-image-8500\" srcset=\"https:\/\/hand2noteguide.com\/wp-content\/uploads\/2024\/09\/pfr-min-1024x576.png 1024w, https:\/\/hand2noteguide.com\/wp-content\/uploads\/2024\/09\/pfr-min-300x169.png 300w, https:\/\/hand2noteguide.com\/wp-content\/uploads\/2024\/09\/pfr-min-768x432.png 768w, https:\/\/hand2noteguide.com\/wp-content\/uploads\/2024\/09\/pfr-min-1536x864.png 1536w, https:\/\/hand2noteguide.com\/wp-content\/uploads\/2024\/09\/pfr-min-772x434.png 772w, https:\/\/hand2noteguide.com\/wp-content\/uploads\/2024\/09\/pfr-min-624x351.png 624w, https:\/\/hand2noteguide.com\/wp-content\/uploads\/2024\/09\/pfr-min.png 1600w\" sizes=\"auto, (max-width: 1024px) 100vw, 1024px\" \/><figcaption class=\"wp-element-caption\">F\u00f3rmula de PFR: una proporci\u00f3n entre [el n\u00famero de manos donde un jugador hizo un raise pre-flop] y [el n\u00famero total de manos].<\/figcaption><\/figure>\n\n\n\n<ul class=\"wp-block-list\">\n<li>\ud83d\udc4d <strong>El valor de PFR equilibrado<\/strong> es algo <strong>entre 15 y 25<\/strong>. Los jugadores en este rango son agresivos pero no imprudentes. Suben con manos fuertes y mezclan algunos <a href=\"\/es\/poker\/poker-bluff\/\">faroles<\/a>.<\/li>\n\n\n\n<li>\ud83d\uddff Los jugadores con un <strong>PFR de menos de 10<\/strong> suben <strong>muy raramente<\/strong>. Son demasiado cautelosos y pueden perder oportunidades.<\/li>\n\n\n\n<li>\ud83d\udc35 Los jugadores con un <strong>PFR superior a 28<\/strong> suben <strong>demasiado a menudo<\/strong>. Son demasiado agresivos y pueden ser explotados con el enfoque correcto.<\/li>\n<\/ul>\n\n\n\n<h3 class=\"wp-block-heading\">Usando VPIP y PFR Juntos<\/h3>\n\n\n\n<p>Comparar el VPIP de un jugador con su PFR puede darte informaci\u00f3n sobre su estilo. Por ejemplo, un jugador con un VPIP alto pero un PFR bajo podr\u00eda ser loose-pasivo, lo que significa que juega muchas manos pero rara vez sube.<\/p>\n\n\n\n<p>En los juegos de cash cl\u00e1sicos de poker en l\u00ednea, los jugadores profesionales generalmente tienen una diferencia entre VPIP y PFR no mayor de 10. Un jugador regular t\u00edpico de 6-max tendr\u00eda estad\u00edsticas de <strong>VPIP\/PFR<\/strong> como <strong>26\/21<\/strong>.<\/p>\n\n\n\n<p>En las discusiones de manos y estrategias de poker, los jugadores a menudo mencionan estos 2 n\u00fameros juntos como piezas clave de informaci\u00f3n sobre sus oponentes. Por ejemplo, podr\u00edas escuchar \u201c<em>Estaba en el bot\u00f3n, hice un open raise con <span class=\"hc club\">A\u2663<\/span> <span class=\"hc club\">5\u2663<\/span>, y recib\u00ed un 3bet de un jugador regular agresivo 30\/25 desde la ciega peque\u00f1a<\/em>\u201d. Esto significa que el jugador en la ciega peque\u00f1a tiene un VPIP de 30 y un PFR de 25.<\/p>\n\n\n\n<div class=\"green-block\">\n<h4 style=\"color:#656565;font-size:20px\">\u00bfQu\u00e9 software me permite usar todas estas estad\u00edsticas?<\/h4>\n<p style=\"margin-bottom:0\">El mejor software estad\u00edstico de poker en el mercado es <a target=\"_blank\" href=\"https:\/\/hand2note.com\/es\/\" rel=\"noopener\"><b>Hand2Note<\/b><\/a>. Te proporciona un HUD conveniente y funcional, con la capacidad de agregar cualquier estad\u00edstica a \u00e9l. Otra caracter\u00edstica distintiva de Hand2Note es que te proporciona una interfaz para crear tus propias estad\u00edsticas. De esta manera, puedes crear estad\u00edsticas \u00fanicas para situaciones de juego.<\/p>\n<\/div>\n\n\n\n<h3 class=\"wp-block-heading\"><a href=\"\/es\/poker\/3bet-in-poker\/\">Porcentaje de 3-Bet<\/a><\/h3>\n\n\n\n<p>El porcentaje de 3-Bet muestra con qu\u00e9 frecuencia un jugador resube antes del flop. Un porcentaje de 3-Bet alto significa que un jugador es muy agresivo, a menudo resubiendo con un amplio rango de manos. Un porcentaje de 3-Bet bajo indica que un jugador solo resube con manos premium. Si conoces el porcentaje de 3-Bet de un oponente, puedes ajustar tu estrategia al enfrentar una resubida.<\/p>\n\n\n\n<figure class=\"wp-block-image size-large\"><img loading=\"lazy\" decoding=\"async\" width=\"1024\" height=\"576\" src=\"http:\/\/hand2noteguide.com\/wp-content\/uploads\/2024\/09\/3Bet-min-1024x576.jpg\" alt=\"3bet\" class=\"wp-image-8154\" srcset=\"https:\/\/hand2noteguide.com\/wp-content\/uploads\/2024\/09\/3Bet-min-1024x576.jpg 1024w, https:\/\/hand2noteguide.com\/wp-content\/uploads\/2024\/09\/3Bet-min-300x169.jpg 300w, https:\/\/hand2noteguide.com\/wp-content\/uploads\/2024\/09\/3Bet-min-768x432.jpg 768w, https:\/\/hand2noteguide.com\/wp-content\/uploads\/2024\/09\/3Bet-min-1536x864.jpg 1536w, https:\/\/hand2noteguide.com\/wp-content\/uploads\/2024\/09\/3Bet-min-772x434.jpg 772w, https:\/\/hand2noteguide.com\/wp-content\/uploads\/2024\/09\/3Bet-min-624x351.jpg 624w, https:\/\/hand2noteguide.com\/wp-content\/uploads\/2024\/09\/3Bet-min.jpg 1600w\" sizes=\"auto, (max-width: 1024px) 100vw, 1024px\" \/><\/figure>\n\n\n\n<p>Aprende m\u00e1s sobre 3bets y los valores t\u00edpicos en nuestro art\u00edculo <a href=\"\/es\/poker\/3bet-in-poker\/\">Poker 3Bet<\/a>.<\/p>\n\n\n\n<h3 class=\"wp-block-heading\">AF &amp; Afq (Factor de Agresi\u00f3n &amp; Frecuencia de Agresi\u00f3n)<\/h3>\n\n\n\n<p>AF y Afq son dos estad\u00edsticas con el mismo principio: muestran el grado de agresi\u00f3n de un jugador. Se calculan utilizando f\u00f3rmulas ligeramente diferentes. AF es la proporci\u00f3n del n\u00famero total de apuestas y subidas al n\u00famero total de igualaciones del jugador. Mientras que Afq es la proporci\u00f3n de apuestas y subidas a todas las acciones pasivas posibles (retirarse, igualar, pasar).<\/p>\n\n\n\n<figure class=\"wp-block-image size-large\"><img loading=\"lazy\" decoding=\"async\" width=\"1024\" height=\"576\" src=\"https:\/\/hand2noteguide.com\/wp-content\/uploads\/2024\/09\/agg-min-1024x576.png\" alt=\"\" class=\"wp-image-8501\" srcset=\"https:\/\/hand2noteguide.com\/wp-content\/uploads\/2024\/09\/agg-min-1024x576.png 1024w, https:\/\/hand2noteguide.com\/wp-content\/uploads\/2024\/09\/agg-min-300x169.png 300w, https:\/\/hand2noteguide.com\/wp-content\/uploads\/2024\/09\/agg-min-768x432.png 768w, https:\/\/hand2noteguide.com\/wp-content\/uploads\/2024\/09\/agg-min-1536x864.png 1536w, https:\/\/hand2noteguide.com\/wp-content\/uploads\/2024\/09\/agg-min-772x434.png 772w, https:\/\/hand2noteguide.com\/wp-content\/uploads\/2024\/09\/agg-min-624x351.png 624w, https:\/\/hand2noteguide.com\/wp-content\/uploads\/2024\/09\/agg-min.png 1600w\" sizes=\"auto, (max-width: 1024px) 100vw, 1024px\" \/><figcaption class=\"wp-element-caption\">F\u00f3rmulas de estad\u00edsticas de agresi\u00f3n en poker<\/figcaption><\/figure>\n\n\n\n<p>\u00bfCu\u00e1l estad\u00edstica es mejor usar? Encontrar\u00e1s diferentes opiniones en la comunidad de poker, pero AFq se considera una estad\u00edstica m\u00e1s pr\u00e1ctica y moderna. Su valor es m\u00e1s transparente &#8211; % de acciones agresivas de todas las acciones. Tambi\u00e9n es m\u00e1s informativa en muestras peque\u00f1as &#8211; lo cual es una ventaja muy importante en los juegos modernos.<\/p>\n\n\n\n<h3 class=\"wp-block-heading\">WTSD (Went to Showdown)<\/h3>\n\n\n\n<p>WTSD mide con qu\u00e9 frecuencia un jugador llega al showdown despu\u00e9s de ver el flop. Un WTSD alto sugiere que al jugador le gusta ver el showdown y puede ser una &#8220;estaci\u00f3n de llamadas&#8221;, alguien que iguala a menudo y no se retira f\u00e1cilmente. Un WTSD bajo significa que el jugador es m\u00e1s propenso a retirarse antes del showdown, lo que facilita enga\u00f1arlo para que se retire del bote.<\/p>\n\n\n\n<figure class=\"wp-block-image size-large\"><img loading=\"lazy\" decoding=\"async\" width=\"1024\" height=\"576\" src=\"https:\/\/hand2noteguide.com\/wp-content\/uploads\/2024\/09\/WTSD-min-1024x576.jpg\" alt=\"\" class=\"wp-image-8396\" srcset=\"https:\/\/hand2noteguide.com\/wp-content\/uploads\/2024\/09\/WTSD-min-1024x576.jpg 1024w, https:\/\/hand2noteguide.com\/wp-content\/uploads\/2024\/09\/WTSD-min-300x169.jpg 300w, https:\/\/hand2noteguide.com\/wp-content\/uploads\/2024\/09\/WTSD-min-768x432.jpg 768w, https:\/\/hand2noteguide.com\/wp-content\/uploads\/2024\/09\/WTSD-min-1536x864.jpg 1536w, https:\/\/hand2noteguide.com\/wp-content\/uploads\/2024\/09\/WTSD-min-772x434.jpg 772w, https:\/\/hand2noteguide.com\/wp-content\/uploads\/2024\/09\/WTSD-min-624x351.jpg 624w, https:\/\/hand2noteguide.com\/wp-content\/uploads\/2024\/09\/WTSD-min.jpg 1600w\" sizes=\"auto, (max-width: 1024px) 100vw, 1024px\" \/><figcaption class=\"wp-element-caption\">F\u00f3rmula de la estad\u00edstica Went To Showdown<\/figcaption><\/figure>\n\n\n\n<p>Hay muchas otras estad\u00edsticas de poker que ir\u00e1s aprendiendo gradualmente a medida que avances en tu viaje con <a href=\"https:\/\/hand2note.com\/es\/\" target=\"_blank\" aria-label=\"undefined (opens in a new tab)\" rel=\"noreferrer noopener\">Hand2Note<\/a>. Recomendamos incorporar estad\u00edsticas en tu juego y an\u00e1lisis gradualmente, pasando de las m\u00e1s populares a las menos populares.<\/p>\n\n\n\n<h2 class=\"wp-block-heading\">C\u00f3mo Usar las Estad\u00edsticas del Poker HUD<\/h2>\n\n\n\n<p>Usar las estad\u00edsticas del Poker HUD de manera efectiva requiere pr\u00e1ctica y experiencia. Aqu\u00ed tienes algunos consejos para comenzar:<\/p>\n\n\n\n<ol class=\"wp-block-list\">\n<li><strong>Enf\u00f3cate en lo B\u00e1sico<\/strong>. Como principiante, comienza enfoc\u00e1ndote en las estad\u00edsticas clave como VPIP, PFR y Afq. Estas te dar\u00e1n una buena idea del estilo de juego general de tus oponentes.<\/li>\n\n\n\n<li><strong>Ajusta al Tama\u00f1o de Muestra<\/strong>. La precisi\u00f3n de las estad\u00edsticas depende de cu\u00e1ntas manos tienes de un jugador. Un tama\u00f1o de muestra grande te da datos m\u00e1s confiables, mientras que un tama\u00f1o de muestra peque\u00f1o puede ser enga\u00f1oso. Ten mucho cuidado con las estad\u00edsticas con muestras bajas: la varianza puede tener un gran impacto en ellas y no transmiten ninguna informaci\u00f3n valiosa. Apunta a unas 10 muestras para una estad\u00edstica: no tomes una estad\u00edstica en serio si tiene menos de esa muestra.<\/li>\n\n\n\n<li><strong>Usa las Estad\u00edsticas en Combinaci\u00f3n<\/strong>. No te bases en una sola estad\u00edstica. Combina m\u00faltiples estad\u00edsticas para obtener una imagen completa del estilo de tu oponente. Por ejemplo, compara VPIP y PFR para ver si un jugador es loose-agresivo o tight-agresivo.<\/li>\n\n\n\n<li><strong>Adapta tu Estrategia<\/strong>. Usa las estad\u00edsticas para adaptar tu estrategia en tiempo real. Si ves que un oponente tiene un alto Fold to C-Bet, considera <a href=\"\/es\/poker\/poker-bluff\/\">farolear<\/a> m\u00e1s a menudo. Si tienen un alto WTSD, s\u00e9 m\u00e1s cauteloso con los faroles.<\/li>\n\n\n\n<li><strong>Recuerda el <\/strong><a href=\"\/es\/poker\/poker-positions\/\"><strong>Factor de Posici\u00f3n<\/strong><\/a>. Los valores de estad\u00edstica que te dimos arriba son t\u00edpicos, pero el mismo jugador puede tener valores dr\u00e1sticamente diferentes para la misma estad\u00edstica en diferentes posiciones. Por ejemplo, los buenos jugadores tienen un raise pre-flop de alrededor del 14% desde la posici\u00f3n Early y alrededor del 40% desde el Button. Esto se debe a que en el Button tienes una posici\u00f3n mucho mejor para entrar al juego y puedes jugar muchas m\u00e1s manos de manera rentable.<\/li>\n\n\n\n<li><strong>No te Pierdas en los N\u00fameros<\/strong>. A\u00fan juegas poker, un juego humano. No pases todo tu tiempo bancario mirando n\u00fameros. Hay mucha otra informaci\u00f3n \u00fatil disponible para ti en la mano: historial de acciones, textura del board, tama\u00f1os de apuestas, tells de tiempo, la equidad de tu mano, y as\u00ed sucesivamente.<\/li>\n<\/ol>\n\n\n\n<h2 class=\"wp-block-heading\">Conclusi\u00f3n<\/h2>\n\n\n\n<p>Las estad\u00edsticas del Poker HUD son herramientas poderosas que pueden darte una ventaja significativa en el poker en l\u00ednea. Al entender y usar estas estad\u00edsticas de manera efectiva, puedes tomar mejores decisiones y mejorar tus posibilidades de ganar. Comienza con lo b\u00e1sico, aprende a leer las estad\u00edsticas y practica us\u00e1ndolas en tus juegos. Con tiempo y experiencia, te convertir\u00e1s en un jugador de poker m\u00e1s h\u00e1bil y exitoso.<\/p>\n","protected":false},"excerpt":{"rendered":"<p>El poker es un juego de estrategia, observaci\u00f3n y toma de decisiones r\u00e1pidas. En el poker en l\u00ednea, un Poker HUD (Heads-Up Display) puede ser una herramienta poderosa. Te muestra estad\u00edsticas importantes sobre tus oponentes en tiempo real. Estas estad\u00edsticas te ayudan a entender c\u00f3mo juegan tus oponentes, permiti\u00e9ndote tomar mejores decisiones. Si a\u00fan no &hellip; <a href=\"https:\/\/hand2noteguide.com\/es\/poker\/poker-hud-stats\/\" class=\"more-link\">Continue reading <span class=\"screen-reader-text\">Estad\u00edsticas del HUD de poker: aprende a usar las estad\u00edsticas en el juego de poker<\/span><\/a><\/p>\n","protected":false},"author":1,"featured_media":0,"parent":7017,"menu_order":0,"comment_status":"closed","ping_status":"closed","template":"","meta":{"footnotes":""},"class_list":["post-8180","page","type-page","status-publish","hentry"],"translation":{"provider":"WPGlobus","version":"3.0.2","language":"es","enabled_languages":["en","ru","pt","zh","es","fr","de","it","ja"],"languages":{"en":{"title":true,"content":true,"excerpt":false},"ru":{"title":true,"content":true,"excerpt":false},"pt":{"title":true,"content":true,"excerpt":false},"zh":{"title":true,"content":true,"excerpt":false},"es":{"title":true,"content":true,"excerpt":false},"fr":{"title":true,"content":true,"excerpt":false},"de":{"title":true,"content":true,"excerpt":false},"it":{"title":true,"content":true,"excerpt":false},"ja":{"title":true,"content":true,"excerpt":false}}},"yoast_head":"<!-- This site is optimized with the Yoast SEO plugin v27.0 - https:\/\/yoast.com\/product\/yoast-seo-wordpress\/ -->\n<title>Estad\u00edsticas del HUD de poker - Aprende a usar las estad\u00edsticas en el juego de poker<\/title>\n<meta name=\"description\" content=\"Aprende a usar las estad\u00edsticas del HUD de poker y cu\u00e1les son sus valores comunes. Las estad\u00edsticas clave incluyen VPIP, PFR, 3BET y WTSD. Las estad\u00edsticas pueden ayudarte a explotar a tus oponentes.\" \/>\n<meta name=\"robots\" content=\"index, follow, max-snippet:-1, max-image-preview:large, max-video-preview:-1\" \/>\n<link rel=\"canonical\" href=\"https:\/\/hand2noteguide.com\/poker\/poker-hud-stats\/\" \/>\n<meta property=\"og:locale\" content=\"es_ES\" \/>\n<meta property=\"og:type\" content=\"article\" \/>\n<meta property=\"og:title\" content=\"Estad\u00edsticas del HUD de poker - Aprende a usar las estad\u00edsticas en el juego de poker\" \/>\n<meta property=\"og:description\" content=\"Aprende a usar las estad\u00edsticas del HUD de poker y cu\u00e1les son sus valores comunes. Las estad\u00edsticas clave incluyen VPIP, PFR, 3BET y WTSD. Las estad\u00edsticas pueden ayudarte a explotar a tus oponentes.\" \/>\n<meta property=\"og:url\" content=\"https:\/\/hand2noteguide.com\/poker\/poker-hud-stats\/\" \/>\n<meta property=\"og:site_name\" content=\"Hand2Note Guide\" \/>\n<meta property=\"article:modified_time\" content=\"2026-03-11T10:56:09+00:00\" \/>\n<meta property=\"og:image\" content=\"http:\/\/hand2noteguide.com\/wp-content\/uploads\/2020\/08\/simple-cash-transcription-1.png\" \/>\n<meta name=\"twitter:card\" content=\"summary_large_image\" \/>\n<meta name=\"twitter:label1\" content=\"Est. reading time\" \/>\n\t<meta name=\"twitter:data1\" content=\"10 minutes\" \/>\n<!-- \/ Yoast SEO plugin. -->","yoast_head_json":{"title":"Estad\u00edsticas del HUD de poker - Aprende a usar las estad\u00edsticas en el juego de poker","description":"Aprende a usar las estad\u00edsticas del HUD de poker y cu\u00e1les son sus valores comunes. Las estad\u00edsticas clave incluyen VPIP, PFR, 3BET y WTSD. Las estad\u00edsticas pueden ayudarte a explotar a tus oponentes.","robots":{"index":"index","follow":"follow","max-snippet":"max-snippet:-1","max-image-preview":"max-image-preview:large","max-video-preview":"max-video-preview:-1"},"canonical":"https:\/\/hand2noteguide.com\/poker\/poker-hud-stats\/","og_locale":"es_ES","og_type":"article","og_title":"Estad\u00edsticas del HUD de poker - Aprende a usar las estad\u00edsticas en el juego de poker","og_description":"Aprende a usar las estad\u00edsticas del HUD de poker y cu\u00e1les son sus valores comunes. Las estad\u00edsticas clave incluyen VPIP, PFR, 3BET y WTSD. Las estad\u00edsticas pueden ayudarte a explotar a tus oponentes.","og_url":"https:\/\/hand2noteguide.com\/poker\/poker-hud-stats\/","og_site_name":"Hand2Note Guide","article_modified_time":"2026-03-11T10:56:09+00:00","og_image":[{"url":"http:\/\/hand2noteguide.com\/wp-content\/uploads\/2020\/08\/simple-cash-transcription-1.png","type":"","width":"","height":""}],"twitter_card":"summary_large_image","twitter_misc":{"Est. reading time":"10 minutes"},"schema":{"@context":"https:\/\/schema.org","@graph":[]}},"jetpack_sharing_enabled":true,"_links":{"self":[{"href":"https:\/\/hand2noteguide.com\/es\/wp-json\/wp\/v2\/pages\/8180","targetHints":{"allow":["GET"]}}],"collection":[{"href":"https:\/\/hand2noteguide.com\/es\/wp-json\/wp\/v2\/pages"}],"about":[{"href":"https:\/\/hand2noteguide.com\/es\/wp-json\/wp\/v2\/types\/page"}],"author":[{"embeddable":true,"href":"https:\/\/hand2noteguide.com\/es\/wp-json\/wp\/v2\/users\/1"}],"replies":[{"embeddable":true,"href":"https:\/\/hand2noteguide.com\/es\/wp-json\/wp\/v2\/comments?post=8180"}],"version-history":[{"count":79,"href":"https:\/\/hand2noteguide.com\/es\/wp-json\/wp\/v2\/pages\/8180\/revisions"}],"predecessor-version":[{"id":15766,"href":"https:\/\/hand2noteguide.com\/es\/wp-json\/wp\/v2\/pages\/8180\/revisions\/15766"}],"up":[{"embeddable":true,"href":"https:\/\/hand2noteguide.com\/es\/wp-json\/wp\/v2\/pages\/7017"}],"wp:attachment":[{"href":"https:\/\/hand2noteguide.com\/es\/wp-json\/wp\/v2\/media?parent=8180"}],"curies":[{"name":"wp","href":"https:\/\/api.w.org\/{rel}","templated":true}]}}