{"id":8237,"date":"2024-09-12T15:27:30","date_gmt":"2024-09-12T12:27:30","guid":{"rendered":"https:\/\/hand2noteguide.com\/?page_id=8237"},"modified":"2026-03-11T13:47:45","modified_gmt":"2026-03-11T10:47:45","slug":"poker-tilt","status":"publish","type":"page","link":"https:\/\/hand2noteguide.com\/es\/poker\/poker-tilt\/","title":{"rendered":"El tilt en el p\u00f3ker: entender y gestionar tus emociones"},"content":{"rendered":"\n<p>El p\u00f3ker no es solo un juego de habilidad y estrategia. Tambi\u00e9n es un juego de emociones. Incluso los mejores jugadores pueden tener dificultades para controlar sus sentimientos en la mesa. Uno de los mayores desaf\u00edos que enfrentan los jugadores de p\u00f3ker es el &#8220;tilt&#8221;. \u2620\ufe0f El tilt puede arruinar tu juego, vaciar tu bankroll y dejarte con una gran frustraci\u00f3n. Entender qu\u00e9 es el tilt y aprender a gestionarlo es crucial para cualquier jugador de p\u00f3ker serio.<\/p>\n\n\n\n<figure class=\"wp-block-image size-full\"><img loading=\"lazy\" decoding=\"async\" width=\"540\" height=\"346\" src=\"http:\/\/hand2noteguide.com\/wp-content\/uploads\/2024\/09\/anger.jpg\" alt=\"\" class=\"wp-image-8250\" srcset=\"https:\/\/hand2noteguide.com\/wp-content\/uploads\/2024\/09\/anger.jpg 540w, https:\/\/hand2noteguide.com\/wp-content\/uploads\/2024\/09\/anger-300x192.jpg 300w\" sizes=\"auto, (max-width: 540px) 100vw, 540px\" \/><\/figure>\n\n\n\n<p>En este art\u00edculo exploraremos qu\u00e9 es el tilt en p\u00f3ker, por qu\u00e9 ocurre, c\u00f3mo afecta a tu juego y, lo m\u00e1s importante, c\u00f3mo gestionarlo y prevenirlo.<\/p>\n\n\n\n<h2 class=\"wp-block-heading\">\u00bfQu\u00e9 es el tilt en p\u00f3ker?<\/h2>\n\n\n\n<p>El tilt es un t\u00e9rmino utilizado en p\u00f3ker para describir un estado emocional de <strong>frustraci\u00f3n<\/strong> o <strong>enojo<\/strong> que conduce a tomar malas decisiones. Cuando un jugador est\u00e1 en tilt, a menudo hace apuestas irracionales, intenta recuperar p\u00e9rdidas o juega manos que normalmente no jugar\u00eda. El tilt no significa solo perder los nervios. Tambi\u00e9n puede ser m\u00e1s sutil, como <strong>sentirse demasiado confiado<\/strong> despu\u00e9s de una gran victoria o ponerse ansioso despu\u00e9s de una racha de p\u00e9rdidas.<\/p>\n\n\n\n<div class=\"green-block\">\n<p style=\"margin-bottom:0\">\ud83d\udcad Cualquier emoci\u00f3n fuerte que afecte tu capacidad para pensar con claridad y tomar buenas decisiones puede considerarse tilt.<\/p>\n<\/div>\n\n\n\n<figure class=\"wp-block-embed is-type-video is-provider-youtube wp-block-embed-youtube wp-embed-aspect-16-9 wp-has-aspect-ratio\"><div class=\"wp-block-embed__wrapper\">\n<div class=\"jetpack-video-wrapper\"><iframe loading=\"lazy\" title=\"Phil Hellmuth Is On MEGA TILT After These Monster Pots\" width=\"700\" height=\"394\" src=\"https:\/\/www.youtube.com\/embed\/u_KNDOtj0DU?feature=oembed\" frameborder=\"0\" allow=\"accelerometer; autoplay; clipboard-write; encrypted-media; gyroscope; picture-in-picture; web-share\" referrerpolicy=\"strict-origin-when-cross-origin\" allowfullscreen><\/iframe><\/div>\n<\/div><\/figure>\n\n\n\n<p>El tilt puede ocurrirle a cualquiera, sin importar el nivel de experiencia. Todos somos humanos y estamos sujetos a emociones. Los jugadores profesionales de p\u00f3ker tambi\u00e9n pueden entrar en tilt, pero ocurre con menos frecuencia y la calidad de sus decisiones no disminuye tanto. Adem\u00e1s, los buenos jugadores conocen diversas t\u00e9cnicas para trabajar el tilt, lo que les permite mantener la disciplina y la concentraci\u00f3n a un buen nivel y superar este estado m\u00e1s f\u00e1cil y r\u00e1pidamente.<\/p>\n\n\n\n<h2 class=\"wp-block-heading\">\u00bfPor qu\u00e9 los jugadores entran en tilt?<\/h2>\n\n\n\n<p>Varios factores pueden hacer que un jugador de p\u00f3ker, tanto en vivo como online, entre en tilt. Aqu\u00ed tienes algunos desencadenantes comunes:<\/p>\n\n\n\n<h3 class=\"wp-block-heading\">1. <strong>Bad Beats<\/strong><\/h3>\n\n\n\n<p>Un bad beat ocurre cuando pierdes una mano a pesar de tener las cartas m\u00e1s fuertes. Esto puede ser incre\u00edblemente frustrante, especialmente si pierdes contra un proyecto que se completa en <a href=\"\/es\/poker\/poker-streets\/\">el River<\/a>. Los bad beats son una causa com\u00fan de tilt porque te hacen sentir desafortunado e impotente.<\/p>\n\n\n\n<h3 class=\"wp-block-heading\">2. <strong>Rachas de p\u00e9rdidas<\/strong><\/h3>\n\n\n\n<p>Cuando pierdes varias manos seguidas, es f\u00e1cil frustrarse y empezar a dudar de tus habilidades. Esto puede llevar a la desesperaci\u00f3n, donde comienzas a tomar decisiones imprudentes para intentar recuperar lo perdido. Lo que a su vez puede provocar p\u00e9rdidas a\u00fan mayores, m\u00e1s frustraci\u00f3n y un estado de tilt m\u00e1s profundo.<\/p>\n\n\n\n<figure class=\"wp-block-image size-large is-resized\"><img loading=\"lazy\" decoding=\"async\" src=\"http:\/\/hand2noteguide.com\/wp-content\/uploads\/2024\/09\/variance-min-1024x499.png\" alt=\"\" class=\"wp-image-8051\" width=\"840\" height=\"409\" srcset=\"https:\/\/hand2noteguide.com\/wp-content\/uploads\/2024\/09\/variance-min-1024x499.png 1024w, https:\/\/hand2noteguide.com\/wp-content\/uploads\/2024\/09\/variance-min-300x146.png 300w, https:\/\/hand2noteguide.com\/wp-content\/uploads\/2024\/09\/variance-min-768x374.png 768w, https:\/\/hand2noteguide.com\/wp-content\/uploads\/2024\/09\/variance-min-1536x748.png 1536w, https:\/\/hand2noteguide.com\/wp-content\/uploads\/2024\/09\/variance-min-772x376.png 772w, https:\/\/hand2noteguide.com\/wp-content\/uploads\/2024\/09\/variance-min-624x304.png 624w, https:\/\/hand2noteguide.com\/wp-content\/uploads\/2024\/09\/variance-min.png 1880w\" sizes=\"auto, (max-width: 840px) 100vw, 840px\" \/><figcaption class=\"wp-element-caption\">La varianza en el p\u00f3ker es brutal. Puedes jugar con una estrategia ganadora y aun as\u00ed pasar por un downswing largo.<\/figcaption><\/figure>\n\n\n\n<h3 class=\"wp-block-heading\">3. <strong>Comportamiento de los oponentes<\/strong><\/h3>\n\n\n\n<p>A veces, el comportamiento de otros jugadores puede ponerte en tilt. Si un oponente hace trash talk, slowroll o se comporta de manera irrespetuosa, puede hacerte enfadar y distraerte de tu juego. Esto es m\u00e1s com\u00fan en el p\u00f3ker en vivo, pero en el p\u00f3ker online tambi\u00e9n puede ocurrir, por ejemplo cuando los oponentes escriben comentarios agresivos en el chat.<\/p>\n\n\n\n<figure class=\"wp-block-embed is-type-video is-provider-youtube wp-block-embed-youtube wp-embed-aspect-16-9 wp-has-aspect-ratio\"><div class=\"wp-block-embed__wrapper\">\n<div class=\"jetpack-video-wrapper\"><iframe loading=\"lazy\" title=\"TONY G Vs PHIL HELLMUTH: Part II of the EPIC Battle \u2660\ufe0f Poker Rivals \u2660\ufe0f PokerStars\" width=\"700\" height=\"394\" src=\"https:\/\/www.youtube.com\/embed\/oDqJZ-xEqWk?feature=oembed\" frameborder=\"0\" allow=\"accelerometer; autoplay; clipboard-write; encrypted-media; gyroscope; picture-in-picture; web-share\" referrerpolicy=\"strict-origin-when-cross-origin\" allowfullscreen><\/iframe><\/div>\n<\/div><\/figure>\n\n\n\n<h3 class=\"wp-block-heading\">4. <strong>Problemas personales<\/strong><\/h3>\n\n\n\n<p>Factores externos como el estr\u00e9s del trabajo, las relaciones o problemas de salud tambi\u00e9n pueden afectar tu estado mental en la mesa de p\u00f3ker. Si ya te sientes emocional antes de empezar a jugar, es m\u00e1s probable que entres en tilt.<\/p>\n\n\n\n<h3 class=\"wp-block-heading\">5. <strong>Fatiga<\/strong><\/h3>\n\n\n\n<p>Jugar p\u00f3ker durante muchas horas sin descanso puede provocar agotamiento mental. Cuando est\u00e1s cansado, es m\u00e1s dif\u00edcil controlar tus emociones y pensar con claridad, lo que te hace m\u00e1s vulnerable al tilt.<\/p>\n\n\n\n<h2 class=\"wp-block-heading\">\u00bfC\u00f3mo afecta el tilt a tu juego?<\/h2>\n\n\n\n<p>El tilt puede tener un impacto serio en tu rendimiento en el p\u00f3ker. As\u00ed es como puede afectar tu juego:<\/p>\n\n\n\n<h3 class=\"wp-block-heading\">1. <strong>Malas decisiones<\/strong><\/h3>\n\n\n\n<p>Cuando est\u00e1s en tilt, tus emociones toman el control y dejas de pensar de forma l\u00f3gica. Puedes jugar manos que normalmente no jugar\u00edas, hacer apuestas m\u00e1s grandes de lo habitual o pagar cuando deber\u00edas retirarte. Esto puede provocar p\u00e9rdidas importantes. El gran problema es que tus malas decisiones pueden frustrarte a\u00fan m\u00e1s, lo que te lleva a tomar decisiones todav\u00eda peores, y as\u00ed sucesivamente. El juego mental del p\u00f3ker es un gran desaf\u00edo para cualquier jugador.<\/p>\n\n\n\n<h3 class=\"wp-block-heading\">2. <strong>Perseguir las p\u00e9rdidas<\/strong><\/h3>\n\n\n\n<p>Uno de los signos m\u00e1s comunes del tilt es intentar recuperar las p\u00e9rdidas. En lugar de aceptar que has perdido y mantener tu estrategia, empiezas a hacer apuestas imprudentes para intentar recuperar lo perdido. Esto normalmente termina en p\u00e9rdidas a\u00fan mayores.<\/p>\n\n\n\n<h3 class=\"wp-block-heading\">3. <strong>Jugar demasiado agresivo o demasiado pasivo<\/strong><\/h3>\n\n\n\n<p>El tilt puede hacer que juegues demasiado agresivo o demasiado pasivo. Puede que empieces a apostar de forma descontrolada sin considerar las probabilidades, o que te vuelvas tan temeroso de perder que foldees demasiado a menudo, incluso cuando tienes una buena mano.<\/p>\n\n\n\n<h3 class=\"wp-block-heading\">4. <strong>Perder la concentraci\u00f3n<\/strong><\/h3>\n\n\n\n<p>Cuando est\u00e1s en tilt, es f\u00e1cil perder la concentraci\u00f3n en el juego. Puedes dejar de prestar atenci\u00f3n a las <a href=\"\/es\/poker\/poker-actions\/\">acciones<\/a> de tus oponentes. Tambi\u00e9n puedes pasar por alto detalles importantes, olvidar considerar las odds o dejar de mirar las <a href=\"\/es\/poker\/poker-hud-stats\/\">estad\u00edsticas del HUD<\/a> relevantes. Esta falta de concentraci\u00f3n puede provocar errores costosos.<\/p>\n\n\n\n<h3 class=\"wp-block-heading\">5. <strong>Da\u00f1o a tu bankroll<\/strong><\/h3>\n\n\n\n<p>Si no controlas tu tilt, puede vaciar r\u00e1pidamente tu bankroll. Unas pocas malas decisiones pueden provocar grandes p\u00e9rdidas, y si sigues intentando recuperar lo perdido mientras est\u00e1s en tilt, puedes terminar perdiendo mucho m\u00e1s de lo que puedes permitirte.<\/p>\n\n\n\n<figure class=\"wp-block-image size-large\"><img loading=\"lazy\" decoding=\"async\" width=\"1024\" height=\"628\" src=\"https:\/\/hand2noteguide.com\/wp-content\/uploads\/2024\/09\/bankroll-min-1024x628.png\" alt=\"\" class=\"wp-image-8255\" srcset=\"https:\/\/hand2noteguide.com\/wp-content\/uploads\/2024\/09\/bankroll-min-1024x628.png 1024w, https:\/\/hand2noteguide.com\/wp-content\/uploads\/2024\/09\/bankroll-min-300x184.png 300w, https:\/\/hand2noteguide.com\/wp-content\/uploads\/2024\/09\/bankroll-min-768x471.png 768w, https:\/\/hand2noteguide.com\/wp-content\/uploads\/2024\/09\/bankroll-min-1536x942.png 1536w, https:\/\/hand2noteguide.com\/wp-content\/uploads\/2024\/09\/bankroll-min-2048x1257.png 2048w, https:\/\/hand2noteguide.com\/wp-content\/uploads\/2024\/09\/bankroll-min-772x474.png 772w, https:\/\/hand2noteguide.com\/wp-content\/uploads\/2024\/09\/bankroll-min-624x383.png 624w\" sizes=\"auto, (max-width: 1024px) 100vw, 1024px\" \/><figcaption class=\"wp-element-caption\">Tama\u00f1o de bankroll recomendado seg\u00fan la <a aria-label=\"undefined (opens in a new tab)\" href=\"https:\/\/www.getcoach.poker\/calculators\/bankroll-size\/\" target=\"_blank\" rel=\"noreferrer noopener\">Poker Bankroll Calculator<\/a><\/figcaption><\/figure>\n\n\n\n<h2 class=\"wp-block-heading\">C\u00f3mo gestionar y prevenir el tilt<\/h2>\n\n\n\n<p>Gestionar el tilt es una habilidad esencial si quieres ser un jugador de p\u00f3ker exitoso. Aqu\u00ed tienes algunas estrategias que te ayudar\u00e1n a mantener el control:<\/p>\n\n\n\n<h3 class=\"wp-block-heading\">1. Reconoce las se\u00f1ales de tilt<\/h3>\n\n\n\n<p>El primer paso para gestionar el tilt es reconocer cu\u00e1ndo est\u00e1s en tilt. Presta atenci\u00f3n a tus emociones y a tu comportamiento. \u00bfTe sientes frustrado, enfadado o ansioso? \u00bfEst\u00e1s tomando decisiones que normalmente no tomar\u00edas? Si es as\u00ed, puede que est\u00e9s en tilt. Cuanto antes lo reconozcas, m\u00e1s f\u00e1cil ser\u00e1 recuperar el control.<\/p>\n\n\n\n<h3 class=\"wp-block-heading\">2. T\u00f3mate un descanso<\/h3>\n\n\n\n<p>Cuando notes que est\u00e1s en tilt, lo mejor que puedes hacer es tomarte un descanso. Al\u00e9jate de la mesa, sal a caminar o haz algo que te ayude a relajarte. Tomar un descanso te permite despejar la mente, recuperar la calma y volver al juego con una nueva perspectiva.<\/p>\n\n\n\n<figure class=\"wp-block-image size-large\"><img loading=\"lazy\" decoding=\"async\" width=\"1024\" height=\"683\" src=\"https:\/\/hand2noteguide.com\/wp-content\/uploads\/2024\/09\/break-from-work-min-1024x683.jpg\" alt=\"\" class=\"wp-image-8260\" srcset=\"https:\/\/hand2noteguide.com\/wp-content\/uploads\/2024\/09\/break-from-work-min-1024x683.jpg 1024w, https:\/\/hand2noteguide.com\/wp-content\/uploads\/2024\/09\/break-from-work-min-300x200.jpg 300w, https:\/\/hand2noteguide.com\/wp-content\/uploads\/2024\/09\/break-from-work-min-768x512.jpg 768w, https:\/\/hand2noteguide.com\/wp-content\/uploads\/2024\/09\/break-from-work-min-772x515.jpg 772w, https:\/\/hand2noteguide.com\/wp-content\/uploads\/2024\/09\/break-from-work-min-624x416.jpg 624w, https:\/\/hand2noteguide.com\/wp-content\/uploads\/2024\/09\/break-from-work-min.jpg 1536w\" sizes=\"auto, (max-width: 1024px) 100vw, 1024px\" \/><\/figure>\n\n\n\n<h3 class=\"wp-block-heading\">3. Establece \u270b stop-loss<\/h3>\n\n\n\n<p>Antes de empezar a jugar, establece l\u00edmites para ti mismo. Decide cu\u00e1nto est\u00e1s dispuesto a perder y respeta esa cantidad. Si alcanzas tu l\u00edmite, deja de jugar, incluso si sientes que puedes recuperarlo. Establecer l\u00edmites ayuda a prevenir el tilt al mantener tus p\u00e9rdidas bajo control.<\/p>\n\n\n\n<h3 class=\"wp-block-heading\">4. Practica mindfulness y \ud83e\uddd8\u200d\u2642\ufe0f meditaci\u00f3n<\/h3>\n\n\n\n<p>El mindfulness es la pr\u00e1ctica de permanecer presente y consciente de tus pensamientos y emociones sin dejar que te controlen. Practic\u00e1ndolo, puedes aprender a observar tus emociones sin reaccionar a ellas, lo que te ayudar\u00e1 a mantener la calma y la concentraci\u00f3n en la mesa de p\u00f3ker.<\/p>\n\n\n\n<h3 class=\"wp-block-heading\">5. Conc\u00e9ntrate en el largo plazo<\/h3>\n\n\n\n<p>El p\u00f3ker es un juego de varianza, lo que significa que los resultados a corto plazo no siempre reflejan tu nivel de habilidad. En lugar de obsesionarte con el resultado de manos individuales, c\u00e9ntrate en tomar buenas decisiones y mejorar tu juego en general. Esta perspectiva a largo plazo puede ayudarte a mantener la calma y evitar el tilt.<\/p>\n\n\n\n<div class=\"green-block\">\n<p style=\"margin-bottom:0\">\ud83d\udc49 Recomendamos revisar el <a target=\"_blank\" href=\"https:\/\/courses.poker\/p\/tilt-buster-tilt-free-in-3-days\" rel=\"noopener\"><b>curso en video Tilt Buster<\/b><\/a>. Es un curso corto y efectivo que te ayudar\u00e1 a aprender r\u00e1pidamente t\u00e9cnicas simples para gestionar tus emociones y dominar el tilt en general.<\/p>\n<\/div>\n\n\n\n<h3 class=\"wp-block-heading\">6. No juegues cuando est\u00e9s emocional<\/h3>\n\n\n\n<p>Si ya te sientes emocional o estresado antes de empezar a jugar, es mejor saltarte la sesi\u00f3n. Jugar p\u00f3ker requiere una mente clara y control emocional. Si no est\u00e1s en el estado mental adecuado, es m\u00e1s probable que entres en tilt.<\/p>\n\n\n\n<h3 class=\"wp-block-heading\">7. Desarrolla una rutina previa a la sesi\u00f3n<\/h3>\n\n\n\n<p>Tener una rutina antes de jugar puede ayudarte a entrar en el estado mental adecuado. Esto puede incluir ejercicios de respiraci\u00f3n profunda, visualizaci\u00f3n o revisar tus objetivos para la sesi\u00f3n. Una rutina consistente puede ayudarte a mantenerte concentrado y tranquilo.<\/p>\n\n\n\n<h3 class=\"wp-block-heading\">8. Analiza qu\u00e9 desencadena tu tilt<\/h3>\n\n\n\n<p>Despu\u00e9s de una sesi\u00f3n, t\u00f3mate un tiempo para reflexionar sobre qu\u00e9 provoc\u00f3 tu tilt. \u00bfFue un bad beat, una racha de p\u00e9rdidas o algo m\u00e1s? Al entender tus desencadenantes, podr\u00e1s trabajar mejor en gestionarlos en el futuro. Incluso podr\u00edas descubrir que ciertos tipos de juegos u oponentes provocan tu tilt con m\u00e1s frecuencia.<\/p>\n\n\n\n<h3 class=\"wp-block-heading\">9. Aprende de tus errores<\/h3>\n\n\n\n<p>El tilt puede ser una experiencia de aprendizaje valiosa si te tomas el tiempo de analizar tus errores. Despu\u00e9s de una sesi\u00f3n, revisa tus manos y decisiones para ver d\u00f3nde te equivocaste. Este an\u00e1lisis puede ayudarte a reconocer patrones en tu comportamiento y mejorar tu juego.<\/p>\n\n\n\n<h3 class=\"wp-block-heading\">10. Busca apoyo<\/h3>\n\n\n\n<p>Si el tilt es un problema recurrente para ti, considera buscar apoyo de otros jugadores o de un coach. Hablar sobre tus experiencias y recibir consejos de personas que tambi\u00e9n han lidiado con el tilt puede ayudarte a encontrar nuevas estrategias para gestionar tus emociones.<\/p>\n\n\n\n<div class=\"green-block\">\n<p style=\"margin-bottom:0\">\ud83d\udc49 Presta atenci\u00f3n al <a target=\"_blank\" href=\"https:\/\/www.getcoach.poker\/coaches\/psychology\/\" rel=\"noopener\"><b>coaching de juego mental<\/b><\/a>. Existen coaches de p\u00f3ker que se especializan en el aspecto mental del juego. A menudo tienen formaci\u00f3n en psicolog\u00eda o una amplia experiencia en este campo. Ayudan a los jugadores exitosos a mantenerse en buena forma mental incluso durante largas rachas negativas.<\/p>\n<\/div>\n\n\n\n<h3 class=\"wp-block-heading\">11. Construye un estilo de vida saludable fuera de las mesas<\/h3>\n\n\n\n<p>Tu vida fuera de la mesa influye en tus decisiones mucho m\u00e1s de lo que imaginas. Si est\u00e1s satisfecho con tu vida en general, te resultar\u00e1 mucho m\u00e1s f\u00e1cil tomar decisiones claras en la mesa. Presta atenci\u00f3n a tu vida: come bien, intenta relajarte m\u00e1s y mejora tu sue\u00f1o. Rod\u00e9ate de personas con ideas similares con las que disfrutes pasar tiempo.<\/p>\n\n\n\n<div class=\"green-block\">\n<p style=\"margin-bottom:0\">\u2728 Un entorno positivo en tu vida te llenar\u00e1 de emociones positivas, y no tendr\u00e1s que buscarlas en tus decisiones en la mesa.<\/p>\n<\/div>\n\n\n\n<h2 class=\"wp-block-heading\">Conclusi\u00f3n<\/h2>\n\n\n\n<p>El tilt es uno de los mayores desaf\u00edos que enfrentan todos los jugadores de p\u00f3ker, pero no es invencible. Al entender qu\u00e9 es el tilt, reconocer sus se\u00f1ales y utilizar estrategias para gestionarlo, podr\u00e1s mantener tus emociones bajo control y tomar mejores decisiones en la mesa. Recuerda que el p\u00f3ker es una marat\u00f3n, no un sprint. Mantener la calma, la concentraci\u00f3n y la disciplina te llevar\u00e1 al \u00e9xito a largo plazo en el juego. Practica estos consejos y ver\u00e1s c\u00f3mo manejas el tilt de forma m\u00e1s efectiva, lo que finalmente mejorar\u00e1 tu rendimiento general en el p\u00f3ker.<\/p>\n","protected":false},"excerpt":{"rendered":"<p>El p\u00f3ker no es solo un juego de habilidad y estrategia. Tambi\u00e9n es un juego de emociones. Incluso los mejores jugadores pueden tener dificultades para controlar sus sentimientos en la mesa. Uno de los mayores desaf\u00edos que enfrentan los jugadores de p\u00f3ker es el &#8220;tilt&#8221;. \u2620\ufe0f El tilt puede arruinar tu juego, vaciar tu bankroll &hellip; <a href=\"https:\/\/hand2noteguide.com\/es\/poker\/poker-tilt\/\" class=\"more-link\">Continue reading <span class=\"screen-reader-text\">El tilt en el p\u00f3ker: entender y gestionar tus emociones<\/span><\/a><\/p>\n","protected":false},"author":1,"featured_media":0,"parent":7017,"menu_order":0,"comment_status":"closed","ping_status":"closed","template":"","meta":{"footnotes":""},"class_list":["post-8237","page","type-page","status-publish","hentry"],"translation":{"provider":"WPGlobus","version":"3.0.2","language":"es","enabled_languages":["en","ru","pt","zh","es","fr","de","it","ja"],"languages":{"en":{"title":true,"content":true,"excerpt":false},"ru":{"title":true,"content":true,"excerpt":false},"pt":{"title":true,"content":true,"excerpt":false},"zh":{"title":true,"content":true,"excerpt":false},"es":{"title":true,"content":true,"excerpt":false},"fr":{"title":true,"content":true,"excerpt":false},"de":{"title":true,"content":true,"excerpt":false},"it":{"title":true,"content":true,"excerpt":false},"ja":{"title":true,"content":true,"excerpt":false}}},"yoast_head":"<!-- This site is optimized with the Yoast SEO plugin v27.0 - https:\/\/yoast.com\/product\/yoast-seo-wordpress\/ -->\n<title>El tilt en el p\u00f3ker: entender y gestionar tus emociones<\/title>\n<meta name=\"description\" content=\"Entender y gestionar el tilt en el p\u00f3ker es clave para lograr el \u00e9xito a largo plazo. Conoce sus desencadenantes e implementa estrategias para mantenerte concentrado.\" \/>\n<meta name=\"robots\" content=\"index, follow, max-snippet:-1, max-image-preview:large, max-video-preview:-1\" \/>\n<link rel=\"canonical\" href=\"https:\/\/hand2noteguide.com\/poker\/poker-tilt\/\" \/>\n<meta property=\"og:locale\" content=\"es_ES\" \/>\n<meta property=\"og:type\" content=\"article\" \/>\n<meta property=\"og:title\" content=\"El tilt en el p\u00f3ker: entender y gestionar tus emociones\" \/>\n<meta property=\"og:description\" content=\"Entender y gestionar el tilt en el p\u00f3ker es clave para lograr el \u00e9xito a largo plazo. Conoce sus desencadenantes e implementa estrategias para mantenerte concentrado.\" \/>\n<meta property=\"og:url\" content=\"https:\/\/hand2noteguide.com\/poker\/poker-tilt\/\" \/>\n<meta property=\"og:site_name\" content=\"Hand2Note Guide\" \/>\n<meta property=\"article:modified_time\" content=\"2026-03-11T10:47:45+00:00\" \/>\n<meta property=\"og:image\" content=\"http:\/\/hand2noteguide.com\/wp-content\/uploads\/2024\/09\/anger.jpg\" \/>\n<meta name=\"twitter:card\" content=\"summary_large_image\" \/>\n<meta name=\"twitter:label1\" content=\"Est. reading time\" \/>\n\t<meta name=\"twitter:data1\" content=\"55 minutes\" \/>\n<!-- \/ Yoast SEO plugin. -->","yoast_head_json":{"title":"El tilt en el p\u00f3ker: entender y gestionar tus emociones","description":"Entender y gestionar el tilt en el p\u00f3ker es clave para lograr el \u00e9xito a largo plazo. Conoce sus desencadenantes e implementa estrategias para mantenerte concentrado.","robots":{"index":"index","follow":"follow","max-snippet":"max-snippet:-1","max-image-preview":"max-image-preview:large","max-video-preview":"max-video-preview:-1"},"canonical":"https:\/\/hand2noteguide.com\/poker\/poker-tilt\/","og_locale":"es_ES","og_type":"article","og_title":"El tilt en el p\u00f3ker: entender y gestionar tus emociones","og_description":"Entender y gestionar el tilt en el p\u00f3ker es clave para lograr el \u00e9xito a largo plazo. Conoce sus desencadenantes e implementa estrategias para mantenerte concentrado.","og_url":"https:\/\/hand2noteguide.com\/poker\/poker-tilt\/","og_site_name":"Hand2Note Guide","article_modified_time":"2026-03-11T10:47:45+00:00","og_image":[{"url":"http:\/\/hand2noteguide.com\/wp-content\/uploads\/2024\/09\/anger.jpg","type":"","width":"","height":""}],"twitter_card":"summary_large_image","twitter_misc":{"Est. reading time":"55 minutes"},"schema":{"@context":"https:\/\/schema.org","@graph":[]}},"jetpack_sharing_enabled":true,"_links":{"self":[{"href":"https:\/\/hand2noteguide.com\/es\/wp-json\/wp\/v2\/pages\/8237","targetHints":{"allow":["GET"]}}],"collection":[{"href":"https:\/\/hand2noteguide.com\/es\/wp-json\/wp\/v2\/pages"}],"about":[{"href":"https:\/\/hand2noteguide.com\/es\/wp-json\/wp\/v2\/types\/page"}],"author":[{"embeddable":true,"href":"https:\/\/hand2noteguide.com\/es\/wp-json\/wp\/v2\/users\/1"}],"replies":[{"embeddable":true,"href":"https:\/\/hand2noteguide.com\/es\/wp-json\/wp\/v2\/comments?post=8237"}],"version-history":[{"count":66,"href":"https:\/\/hand2noteguide.com\/es\/wp-json\/wp\/v2\/pages\/8237\/revisions"}],"predecessor-version":[{"id":15765,"href":"https:\/\/hand2noteguide.com\/es\/wp-json\/wp\/v2\/pages\/8237\/revisions\/15765"}],"up":[{"embeddable":true,"href":"https:\/\/hand2noteguide.com\/es\/wp-json\/wp\/v2\/pages\/7017"}],"wp:attachment":[{"href":"https:\/\/hand2noteguide.com\/es\/wp-json\/wp\/v2\/media?parent=8237"}],"curies":[{"name":"wp","href":"https:\/\/api.w.org\/{rel}","templated":true}]}}