{"id":8482,"date":"2024-09-12T23:15:05","date_gmt":"2024-09-12T20:15:05","guid":{"rendered":"https:\/\/hand2noteguide.com\/?page_id=8482"},"modified":"2026-03-11T13:22:42","modified_gmt":"2026-03-11T10:22:42","slug":"chances-of-getting-a-royal-flush","status":"publish","type":"page","link":"https:\/\/hand2noteguide.com\/es\/poker\/chances-of-getting-a-royal-flush\/","title":{"rendered":"Probabilidades de conseguir una escalera real en p\u00f3ker"},"content":{"rendered":"\n<p>La escalera real es la mano m\u00e1s rara y codiciada en el p\u00f3ker. Es la mano definitiva, la que ocupa el puesto m\u00e1s alto en la <a href=\"\/es\/poker\/poker-hand-rankings\/\">lista de todas las combinaciones de p\u00f3ker<\/a>. Pero \u00bfqu\u00e9 tan rara es realmente? \u00bfY cu\u00e1l es la probabilidad de conseguir una escalera real en una partida real al menos una vez en la vida? Veamos las matem\u00e1ticas detr\u00e1s de esto y analicemos qu\u00e9 se necesita para conseguir una escalera real en p\u00f3ker.<\/p>\n\n\n\n<h2 class=\"wp-block-heading\">\u00bfQu\u00e9 es una escalera real?<\/h2>\n\n\n\n<p>Primero, entendamos qu\u00e9 es una escalera real. Una escalera real es la mano m\u00e1s alta en el p\u00f3ker. Consiste en cinco cartas consecutivas del mismo palo. Estas cartas son el diez, la jota, la reina, el rey y el as.<\/p>\n\n\n\n<p>Por ejemplo, si tienes <span class=\"hc spade\">A\u2660<\/span> <span class=\"hc spade\">K\u2660<\/span> <span class=\"hc spade\">Q\u2660<\/span> <span class=\"hc spade\">J\u2660<\/span> <span class=\"hc spade\">T\u2660<\/span>, tienes una escalera real. Solo existen cuatro posibles escaleras reales en una baraja (una por cada palo: \u2665 corazones, \u2666 diamantes, \u2663 tr\u00e9boles y \u2660 picas).<\/p>\n\n\n\n<figure class=\"wp-block-image size-large\"><img loading=\"lazy\" decoding=\"async\" width=\"1024\" height=\"576\" src=\"http:\/\/hand2noteguide.com\/wp-content\/uploads\/2024\/09\/royal-flush-min-1024x576.jpg\" alt=\"royal flush\" class=\"wp-image-7872\" srcset=\"https:\/\/hand2noteguide.com\/wp-content\/uploads\/2024\/09\/royal-flush-min-1024x576.jpg 1024w, https:\/\/hand2noteguide.com\/wp-content\/uploads\/2024\/09\/royal-flush-min-300x169.jpg 300w, https:\/\/hand2noteguide.com\/wp-content\/uploads\/2024\/09\/royal-flush-min-768x432.jpg 768w, https:\/\/hand2noteguide.com\/wp-content\/uploads\/2024\/09\/royal-flush-min-1536x864.jpg 1536w, https:\/\/hand2noteguide.com\/wp-content\/uploads\/2024\/09\/royal-flush-min-772x434.jpg 772w, https:\/\/hand2noteguide.com\/wp-content\/uploads\/2024\/09\/royal-flush-min-624x351.jpg 624w, https:\/\/hand2noteguide.com\/wp-content\/uploads\/2024\/09\/royal-flush-min.jpg 1600w\" sizes=\"auto, (max-width: 1024px) 100vw, 1024px\" \/><\/figure>\n\n\n\n<h2 class=\"wp-block-heading\">C\u00e1lculo de la probabilidad de conseguir una escalera real<\/h2>\n\n\n\n<h3 class=\"wp-block-heading\">Paso 1. \u00bfCu\u00e1ntas manos de p\u00f3ker existen?<\/h3>\n\n\n\n<p>Para entender las probabilidades de conseguir una escalera real, primero hay que saber cu\u00e1ntas manos de p\u00f3ker posibles se pueden repartir. Una baraja est\u00e1ndar tiene 52 cartas. Para calcular el n\u00famero de manos posibles, necesitamos calcular las combinaciones de 5 cartas de un total de 52.<\/p>\n\n\n\n<p>La f\u00f3rmula para calcular combinaciones es:<\/p>\n\n\n\n<blockquote class=\"wp-block-quote is-layout-flow wp-block-quote-is-layout-flow\">\n<p>C(n,k)=n! \/ (k! \u00d7 (n\u2212k)!)<\/p>\n<\/blockquote>\n\n\n\n<p>Donde (n) es el n\u00famero total de cartas (52 en una baraja) y (k) es el n\u00famero de cartas en la mano (5 en p\u00f3ker). Entonces:<\/p>\n\n\n\n<blockquote class=\"wp-block-quote is-layout-flow wp-block-quote-is-layout-flow\">\n<p>C(52, 5) = 52! \/ (5! \u00d7 (52\u22125)!) = 2,598,960.<\/p>\n<\/blockquote>\n\n\n\n<p>Esto significa que existen 2,598,960 posibles manos de 5 cartas en p\u00f3ker.<\/p>\n\n\n\n<h3 class=\"wp-block-heading\">Paso 2. \u00bfCu\u00e1ntas escaleras reales existen?<\/h3>\n\n\n\n<p>Ahora veamos cu\u00e1ntas escaleras reales son posibles. Como mencionamos, una escalera real es una secuencia de cinco cartas espec\u00edficas (diez, jota, reina, rey y as) del mismo palo. Como hay cuatro palos, existen 4 escaleras reales.<\/p>\n\n\n\n<h3 class=\"wp-block-heading\">Paso 3. Probabilidad de conseguir una escalera real<\/h3>\n\n\n\n<p>La probabilidad de cualquier evento se calcula como:<\/p>\n\n\n\n<blockquote class=\"wp-block-quote is-layout-flow wp-block-quote-is-layout-flow\">\n<p>P(A) = n\u00famero de resultados favorables \/ n\u00famero total de resultados posibles<\/p>\n<\/blockquote>\n\n\n\n<p>Para una escalera real, la probabilidad es:<\/p>\n\n\n\n<blockquote class=\"wp-block-quote is-layout-flow wp-block-quote-is-layout-flow\">\n<p>P(Escalera real) = 4 \/ 2,598,960 = 1 \/ 649,740<\/p>\n<\/blockquote>\n\n\n\n<p>As\u00ed que la probabilidad de recibir una escalera real en una mano de p\u00f3ker de 5 cartas es de 1 entre 649,740. Esto significa que, en promedio, <strong>conseguir\u00e1s una escalera real una vez cada 650,000 manos<\/strong>.<\/p>\n\n\n\n<h3 class=\"wp-block-heading\">\u00bfPor qu\u00e9 es tan rara?<\/h3>\n\n\n\n<p>La rareza de la escalera real se debe a la combinaci\u00f3n extremadamente espec\u00edfica de cartas que se necesita. Hay muchas otras manos de p\u00f3ker que puedes conseguir, como pares, tr\u00edos, full houses o escaleras de color, pero la escalera real es la m\u00e1s rara. Las probabilidades de obtener otras manos son mucho mayores, por lo que aparecen con m\u00e1s frecuencia durante el juego.<\/p>\n\n\n\n<h3 class=\"wp-block-heading\">\u00bfCon qu\u00e9 frecuencia conseguir\u00e9 una escalera real en partidas en vivo?<\/h3>\n\n\n\n<p>En mesas en vivo, la velocidad de reparto suele ser de unas 20 manos por hora. Para alcanzar las 650,000 manos tendr\u00edas que dedicar 32,500 horas a jugar al p\u00f3ker. Si juegas 8 horas al d\u00eda, 5 d\u00edas a la semana (como si fuera un trabajo real), necesitar\u00edas <strong>m\u00e1s de 15 a\u00f1os<\/strong> para llegar a las 650,000 manos jugadas.<\/p>\n\n\n\n<p>Pero incluso as\u00ed, no hay ninguna garant\u00eda de que veas una escalera real ni una sola vez. Mucho depende de la suerte. Algunos jugadores se encuentran con una escalera real muchas veces, mientras que otros nunca han experimentado la sensaci\u00f3n de tener la combinaci\u00f3n m\u00e1s fuerte.<\/p>\n\n\n\n<figure class=\"wp-block-embed is-type-video is-provider-youtube wp-block-embed-youtube wp-embed-aspect-16-9 wp-has-aspect-ratio\"><div class=\"wp-block-embed__wrapper\">\n<div class=\"jetpack-video-wrapper\"><iframe loading=\"lazy\" title=\"ROYAL FLUSH vs FULL HOUSE | Sickest Runout in Poker History!\" width=\"700\" height=\"394\" src=\"https:\/\/www.youtube.com\/embed\/Ff5PxLLi06g?feature=oembed\" frameborder=\"0\" allow=\"accelerometer; autoplay; clipboard-write; encrypted-media; gyroscope; picture-in-picture; web-share\" referrerpolicy=\"strict-origin-when-cross-origin\" allowfullscreen><\/iframe><\/div>\n<\/div><\/figure>\n\n\n\n<h3 class=\"wp-block-heading\"><strong>\u00bfY qu\u00e9 pasa con el p\u00f3ker online?<\/strong><\/h3>\n\n\n\n<p>En el p\u00f3ker online, tus probabilidades de conseguir una escalera real son mayores debido a la mayor velocidad de juego. En las partidas online, los jugadores suelen recibir alrededor de 90 manos por hora. Si hacemos los mismos c\u00e1lculos, para jugar 650,000 manos necesitar\u00edas <strong>3,5 a\u00f1os jugando a tiempo completo<\/strong>.<\/p>\n\n\n\n<p>Puedes mejorar a\u00fan m\u00e1s tus probabilidades jugando en varias mesas al mismo tiempo, como hacen muchos profesionales online. En ese caso, es bastante probable que veas al menos una escalera real en menos de un a\u00f1o.<\/p>\n\n\n\n<figure class=\"wp-block-embed is-type-video is-provider-youtube wp-block-embed-youtube wp-embed-aspect-16-9 wp-has-aspect-ratio\"><div class=\"wp-block-embed__wrapper\">\n<div class=\"jetpack-video-wrapper\"><iframe loading=\"lazy\" title=\"Just Another Royal Flush! - PokerStars Online Twitch Stream Best Moments\" width=\"700\" height=\"394\" src=\"https:\/\/www.youtube.com\/embed\/pU1G67uLQRE?feature=oembed\" frameborder=\"0\" allow=\"accelerometer; autoplay; clipboard-write; encrypted-media; gyroscope; picture-in-picture; web-share\" referrerpolicy=\"strict-origin-when-cross-origin\" allowfullscreen><\/iframe><\/div>\n<\/div><\/figure>\n\n\n\n<h2 class=\"wp-block-heading\">Comparaci\u00f3n de la escalera real con otras manos<\/h2>\n\n\n\n<p>Para poner en perspectiva lo rara que es la escalera real, comparemos sus probabilidades con las de otras manos de p\u00f3ker:<\/p>\n\n\n\n<ul class=\"wp-block-list\">\n<li><strong>Escalera de color (sin contar la escalera real)<\/strong>: 1 entre 72,193<\/li>\n\n\n\n<li><strong>P\u00f3ker (Four of a Kind)<\/strong>: 1 entre 4,165<\/li>\n\n\n\n<li><strong>Full House<\/strong>: 1 entre 694<\/li>\n\n\n\n<li><strong>Color<\/strong>: 1 entre 509<\/li>\n\n\n\n<li><strong>Escalera<\/strong>: 1 entre 255<\/li>\n\n\n\n<li><strong>Tr\u00edo<\/strong>: 1 entre 47<\/li>\n\n\n\n<li><strong>Doble pareja<\/strong>: 1 entre 21<\/li>\n\n\n\n<li><strong>Una pareja<\/strong>: 1 entre 2.4<\/li>\n\n\n\n<li><strong>Carta alta<\/strong>: 1 entre 1.3<\/li>\n<\/ul>\n\n\n\n<p>Como puedes ver claramente por estos n\u00fameros, la escalera real es, con diferencia, la mano m\u00e1s rara.<\/p>\n\n\n\n<h2 class=\"wp-block-heading\">Probabilidades en diferentes variantes de p\u00f3ker<\/h2>\n\n\n\n<p>Las probabilidades que hemos analizado se aplican al cl\u00e1sico p\u00f3ker de 5 cartas. Pero el p\u00f3ker tiene muchas variantes, como Texas Hold&#8217;em, Omaha y Seven-Card Stud. Las probabilidades de conseguir una escalera real pueden variar dependiendo del juego.<\/p>\n\n\n\n<ul class=\"wp-block-list\">\n<li><a href=\"\/es\/poker\/poker-rules\/\"><strong>Texas Hold&#8217;em<\/strong><\/a>: En Texas Hold&#8217;em, cada jugador recibe dos cartas privadas y se colocan cinco cartas comunitarias boca arriba para que todos puedan usarlas. La probabilidad de conseguir una escalera real es ligeramente diferente porque los jugadores tienen siete cartas para formar la mejor mano de cinco cartas. Las probabilidades son aproximadamente 1 entre 30,939.<\/li>\n\n\n\n<li><strong>Omaha<\/strong>: En Omaha, los jugadores reciben cuatro cartas privadas y se comparten cinco cartas comunitarias. Los jugadores deben usar exactamente dos de sus cartas privadas y tres de las comunitarias para formar la mejor mano. Las probabilidades son aproximadamente 1 entre 108,290.<\/li>\n\n\n\n<li><strong>Seven-Card Stud<\/strong>: En Seven-Card Stud, cada jugador recibe siete cartas y gana la mejor mano de cinco cartas. Las probabilidades de conseguir una escalera real son aproximadamente 1 entre 30,939, similares a Texas Hold&#8217;em.<\/li>\n<\/ul>\n\n\n\n<p>Estas variaciones hacen que la escalera real sea ligeramente m\u00e1s alcanzable en algunos juegos que en otros, pero sigue siendo una mano extremadamente rara.<\/p>\n\n\n\n<h2 class=\"wp-block-heading\">Qu\u00e9 hacer si consigues una escalera real<\/h2>\n\n\n\n<p>Si tienes la suerte de conseguir una escalera real, es algo muy especial. Es una mano que no puede ser vencida. La mejor estrategia es apostar con confianza pero sin ser demasiado agresivo, ya que quieres mantener a tus oponentes en la mano. Si los asustas con una apuesta demasiado grande, podr\u00edan retirarse y no ganar\u00e1s tanto. Una escalera real bien jugada puede hacerte ganar un bote enorme. En partidas en vivo, adem\u00e1s, tendr\u00e1s otro gran desaf\u00edo: mantener la cara de p\u00f3ker en esa mano \ud83d\ude05<\/p>\n\n\n\n<h2 class=\"wp-block-heading\">Conclusi\u00f3n<\/h2>\n\n\n\n<p>La escalera real es la cima de las manos de p\u00f3ker: rara e imbatible. Con probabilidades de 1 entre 649,740 en el p\u00f3ker de 5 cartas, no es de extra\u00f1ar que los jugadores sue\u00f1en con conseguirla. Aunque las probabilidades son un poco mejores en juegos como Texas Hold\u2019em o Seven-Card Stud, sigue siendo un objetivo dif\u00edcil de alcanzar. Si alguna vez consigues una escalera real, disfruta el momento y ju\u00e9gala con inteligencia. Es una mano que no aparece muy a menudo, y cuando lo hace, es un momento para recordar.<\/p>\n","protected":false},"excerpt":{"rendered":"<p>La escalera real es la mano m\u00e1s rara y codiciada en el p\u00f3ker. Es la mano definitiva, la que ocupa el puesto m\u00e1s alto en la lista de todas las combinaciones de p\u00f3ker. Pero \u00bfqu\u00e9 tan rara es realmente? \u00bfY cu\u00e1l es la probabilidad de conseguir una escalera real en una partida real al menos &hellip; <a href=\"https:\/\/hand2noteguide.com\/es\/poker\/chances-of-getting-a-royal-flush\/\" class=\"more-link\">Continue reading <span class=\"screen-reader-text\">Probabilidades de conseguir una escalera real en p\u00f3ker<\/span><\/a><\/p>\n","protected":false},"author":1,"featured_media":0,"parent":7017,"menu_order":0,"comment_status":"closed","ping_status":"closed","template":"","meta":{"footnotes":""},"class_list":["post-8482","page","type-page","status-publish","hentry"],"translation":{"provider":"WPGlobus","version":"3.0.2","language":"es","enabled_languages":["en","ru","pt","zh","es","fr","de","it","ja"],"languages":{"en":{"title":true,"content":true,"excerpt":false},"ru":{"title":true,"content":true,"excerpt":false},"pt":{"title":true,"content":true,"excerpt":false},"zh":{"title":true,"content":true,"excerpt":false},"es":{"title":true,"content":true,"excerpt":false},"fr":{"title":true,"content":true,"excerpt":false},"de":{"title":true,"content":true,"excerpt":false},"it":{"title":true,"content":true,"excerpt":false},"ja":{"title":true,"content":true,"excerpt":false}}},"yoast_head":"<!-- This site is optimized with the Yoast SEO plugin v27.0 - https:\/\/yoast.com\/product\/yoast-seo-wordpress\/ -->\n<title>Probabilidades de conseguir una escalera real en p\u00f3ker<\/title>\n<meta name=\"description\" content=\"La escalera real es la mano m\u00e1s rara y la mejor combinaci\u00f3n en p\u00f3ker. Las probabilidades de conseguir una escalera real son extremadamente bajas: aproximadamente 1 entre 649.740.\" \/>\n<meta name=\"robots\" content=\"index, follow, max-snippet:-1, max-image-preview:large, max-video-preview:-1\" \/>\n<link rel=\"canonical\" href=\"https:\/\/hand2noteguide.com\/poker\/chances-of-getting-a-royal-flush\/\" \/>\n<meta property=\"og:locale\" content=\"es_ES\" \/>\n<meta property=\"og:type\" content=\"article\" \/>\n<meta property=\"og:title\" content=\"Probabilidades de conseguir una escalera real en p\u00f3ker\" \/>\n<meta property=\"og:description\" content=\"La escalera real es la mano m\u00e1s rara y la mejor combinaci\u00f3n en p\u00f3ker. Las probabilidades de conseguir una escalera real son extremadamente bajas: aproximadamente 1 entre 649.740.\" \/>\n<meta property=\"og:url\" content=\"https:\/\/hand2noteguide.com\/poker\/chances-of-getting-a-royal-flush\/\" \/>\n<meta property=\"og:site_name\" content=\"Hand2Note Guide\" \/>\n<meta property=\"article:modified_time\" content=\"2026-03-11T10:22:42+00:00\" \/>\n<meta property=\"og:image\" content=\"http:\/\/hand2noteguide.com\/wp-content\/uploads\/2024\/09\/royal-flush-min-1024x576.jpg\" \/>\n<meta name=\"twitter:card\" content=\"summary_large_image\" \/>\n<meta name=\"twitter:label1\" content=\"Est. reading time\" \/>\n\t<meta name=\"twitter:data1\" content=\"35 minutes\" \/>\n<!-- \/ Yoast SEO plugin. -->","yoast_head_json":{"title":"Probabilidades de conseguir una escalera real en p\u00f3ker","description":"La escalera real es la mano m\u00e1s rara y la mejor combinaci\u00f3n en p\u00f3ker. Las probabilidades de conseguir una escalera real son extremadamente bajas: aproximadamente 1 entre 649.740.","robots":{"index":"index","follow":"follow","max-snippet":"max-snippet:-1","max-image-preview":"max-image-preview:large","max-video-preview":"max-video-preview:-1"},"canonical":"https:\/\/hand2noteguide.com\/poker\/chances-of-getting-a-royal-flush\/","og_locale":"es_ES","og_type":"article","og_title":"Probabilidades de conseguir una escalera real en p\u00f3ker","og_description":"La escalera real es la mano m\u00e1s rara y la mejor combinaci\u00f3n en p\u00f3ker. Las probabilidades de conseguir una escalera real son extremadamente bajas: aproximadamente 1 entre 649.740.","og_url":"https:\/\/hand2noteguide.com\/poker\/chances-of-getting-a-royal-flush\/","og_site_name":"Hand2Note Guide","article_modified_time":"2026-03-11T10:22:42+00:00","og_image":[{"url":"http:\/\/hand2noteguide.com\/wp-content\/uploads\/2024\/09\/royal-flush-min-1024x576.jpg","type":"","width":"","height":""}],"twitter_card":"summary_large_image","twitter_misc":{"Est. reading time":"35 minutes"},"schema":{"@context":"https:\/\/schema.org","@graph":[]}},"jetpack_sharing_enabled":true,"_links":{"self":[{"href":"https:\/\/hand2noteguide.com\/es\/wp-json\/wp\/v2\/pages\/8482","targetHints":{"allow":["GET"]}}],"collection":[{"href":"https:\/\/hand2noteguide.com\/es\/wp-json\/wp\/v2\/pages"}],"about":[{"href":"https:\/\/hand2noteguide.com\/es\/wp-json\/wp\/v2\/types\/page"}],"author":[{"embeddable":true,"href":"https:\/\/hand2noteguide.com\/es\/wp-json\/wp\/v2\/users\/1"}],"replies":[{"embeddable":true,"href":"https:\/\/hand2noteguide.com\/es\/wp-json\/wp\/v2\/comments?post=8482"}],"version-history":[{"count":38,"href":"https:\/\/hand2noteguide.com\/es\/wp-json\/wp\/v2\/pages\/8482\/revisions"}],"predecessor-version":[{"id":15740,"href":"https:\/\/hand2noteguide.com\/es\/wp-json\/wp\/v2\/pages\/8482\/revisions\/15740"}],"up":[{"embeddable":true,"href":"https:\/\/hand2noteguide.com\/es\/wp-json\/wp\/v2\/pages\/7017"}],"wp:attachment":[{"href":"https:\/\/hand2noteguide.com\/es\/wp-json\/wp\/v2\/media?parent=8482"}],"curies":[{"name":"wp","href":"https:\/\/api.w.org\/{rel}","templated":true}]}}