{"id":8503,"date":"2024-09-13T13:15:27","date_gmt":"2024-09-13T10:15:27","guid":{"rendered":"https:\/\/hand2noteguide.com\/?page_id=8503"},"modified":"2026-03-11T12:55:43","modified_gmt":"2026-03-11T09:55:43","slug":"flopzilla","status":"publish","type":"page","link":"https:\/\/hand2noteguide.com\/es\/flopzilla\/","title":{"rendered":"Flopzilla: calculadora de equity en p\u00f3ker, an\u00e1lisis de rangos y m\u00e1s"},"content":{"rendered":"\n<p style=\"margin-top:8px\"><span class=\"product-price\">$25<\/span> <span class=\"product-price-desc\">(licencia de por vida)<\/span><\/p>\n<p><a class=\"button add-to-cart\" href=\"\/es\/flopzilla\/buy-flopzilla\/\">Comprar ahora<\/a><\/p>\n\n\n\n<p>Flopzilla es el software definitivo para <a aria-label=\"undefined (opens in a new tab)\" href=\"https:\/\/blog.freebetrange.com\/es\/article\/poker-preflop-ranges-a-comprehensive-guide\" target=\"_blank\" rel=\"noreferrer noopener\">rangos de p\u00f3ker<\/a> y c\u00e1lculo de equity. Te permite calcular r\u00e1pidamente las probabilidades de ganar para cualquier mano contra un rango, y para situaciones de rango contra rango en cualquier <a href=\"\/es\/poker\/poker-streets\/\">Flop, Turn y River<\/a>. Adem\u00e1s, Flopzilla tambi\u00e9n te muestra c\u00f3mo un rango conecta con diferentes texturas de board. Es una herramienta completa para comprender en profundidad c\u00f3mo funcionan los rangos y la equity en el p\u00f3ker.<\/p>\n\n\n\n<figure class=\"wp-block-image size-large\"><img loading=\"lazy\" decoding=\"async\" width=\"1024\" height=\"613\" src=\"https:\/\/hand2noteguide.com\/wp-content\/uploads\/2024\/09\/flopzilla-interface-min-1024x613.png\" alt=\"\" class=\"wp-image-8507\" srcset=\"https:\/\/hand2noteguide.com\/wp-content\/uploads\/2024\/09\/flopzilla-interface-min-1024x613.png 1024w, https:\/\/hand2noteguide.com\/wp-content\/uploads\/2024\/09\/flopzilla-interface-min-300x180.png 300w, https:\/\/hand2noteguide.com\/wp-content\/uploads\/2024\/09\/flopzilla-interface-min-768x460.png 768w, https:\/\/hand2noteguide.com\/wp-content\/uploads\/2024\/09\/flopzilla-interface-min-1536x919.png 1536w, https:\/\/hand2noteguide.com\/wp-content\/uploads\/2024\/09\/flopzilla-interface-min-2048x1225.png 2048w, https:\/\/hand2noteguide.com\/wp-content\/uploads\/2024\/09\/flopzilla-interface-min-772x462.png 772w, https:\/\/hand2noteguide.com\/wp-content\/uploads\/2024\/09\/flopzilla-interface-min-624x373.png 624w\" sizes=\"auto, (max-width: 1024px) 100vw, 1024px\" \/><figcaption class=\"wp-element-caption\">Flopzilla: el mejor software para an\u00e1lisis de rangos de p\u00f3ker<\/figcaption><\/figure>\n\n\n\n<h2 class=\"wp-block-heading\">\u00bfCu\u00e1les son las funciones de Flopzilla?<\/h2>\n\n\n\n<p>Flopzilla te ofrece numerosas herramientas para explorar rangos de p\u00f3ker en cualquier situaci\u00f3n posible de juego.<\/p>\n\n\n\n<ul class=\"wp-block-list\">\n<li>\ud83d\udcc8 <strong>C\u00e1lculo avanzado de equity.<\/strong> Puedes introducir un rango y ver c\u00f3mo se comporta contra manos espec\u00edficas u otros rangos. Puedes ver las probabilidades de ganar en cualquier street, desde preflop hasta el river. Tambi\u00e9n muestra c\u00f3mo cambian las probabilidades dependiendo de los diferentes runouts en las siguientes streets.<\/li>\n\n\n\n<li>\ud83d\udcca <strong>An\u00e1lisis de c\u00f3mo conectan los rangos con el board.<\/strong> Explora c\u00f3mo diferentes rangos conectan con distintas texturas de board. Es una habilidad clave entender c\u00f3mo t\u00fa y tu oponente conectan con el board. \u00bfCu\u00e1ntas manos fuertes y cu\u00e1ntos proyectos hay en el rango de tu oponente? \u00bfQui\u00e9n tiene m\u00e1s manos nuts? \u00bfQu\u00e9 porcentaje del rango es top pair o mejor? Encontrar\u00e1s las respuestas a estas preguntas para cualquier board y rango que introduzcas.<\/li>\n\n\n\n<li>\ud83d\udce6 <strong>Guarda tus rangos.<\/strong> Puedes construir tu estrategia preflop y guardarla en Flopzilla. Despu\u00e9s podr\u00e1s usar esos rangos guardados para an\u00e1lisis de equity y de board.<\/li>\n\n\n\n<li><strong>\ud83d\udcbe<\/strong> <strong>Guardar\/Cargar c\u00e1lculos.<\/strong> Puedes guardar f\u00e1cilmente cualquier situaci\u00f3n que analices para revisarla m\u00e1s adelante.<\/li>\n\n\n\n<li><strong>\ud83d\udd04<\/strong> <strong>Sincronizaci\u00f3n con el solver GTO+.<\/strong> Puedes conectar Flopzilla con el solver GTO Plus para an\u00e1lisis avanzados de estrategia. Puedes analizar tus rangos de Flopzilla desde la <a href=\"\/es\/poker\/poker-gto\/\">perspectiva GTO<\/a> en el solver. O tambi\u00e9n puedes importar una situaci\u00f3n desde el solver a Flopzilla para explorarla con las funciones de Flopzilla.<\/li>\n<\/ul>\n\n\n\n<p>Echa un vistazo al video tutorial de Flopzilla de <a href=\"https:\/\/www.getcoach.poker\/videos\/splitsuit-poker\/\" target=\"_blank\" aria-label=\"undefined (opens in a new tab)\" rel=\"noreferrer noopener\">James &#8220;SplitSuit&#8221; Sweeney<\/a>. Te guiar\u00e1 a trav\u00e9s de las funciones b\u00e1sicas de Flopzilla para que puedas empezar a usar el software con confianza.<\/p>\n\n\n\n<figure class=\"wp-block-embed is-type-video is-provider-youtube wp-block-embed-youtube wp-embed-aspect-16-9 wp-has-aspect-ratio\"><div class=\"wp-block-embed__wrapper\">\n<div class=\"jetpack-video-wrapper\"><iframe loading=\"lazy\" title=\"Flopzilla Pro Tutorial (21 Features You Should Be Using)\" width=\"700\" height=\"394\" src=\"https:\/\/www.youtube.com\/embed\/ZwRLXy40N7E?feature=oembed\" frameborder=\"0\" allow=\"accelerometer; autoplay; clipboard-write; encrypted-media; gyroscope; picture-in-picture; web-share\" referrerpolicy=\"strict-origin-when-cross-origin\" allowfullscreen><\/iframe><\/div>\n<\/div><\/figure>\n\n\n\n<p>Recomendamos encarecidamente incluir el software de p\u00f3ker Flopzilla en tu arsenal de herramientas de an\u00e1lisis. Muchos jugadores de p\u00f3ker exitosos utilizan Flopzilla para mejorar su estrategia.<\/p>\n\n\n<div class=\"wp-block-h2n-alert h2n-alert h2n-alert--info\"><div class=\"h2n-alert__icon\" aria-hidden=\"true\"><svg width=\"22\" height=\"22\" viewBox=\"0 0 24 24\" fill=\"none\" stroke=\"currentColor\" stroke-width=\"2\" stroke-linecap=\"round\" stroke-linejoin=\"round\"><circle cx=\"12\" cy=\"12\" r=\"10\"\/><line x1=\"12\" y1=\"16\" x2=\"12\" y2=\"12\"\/><circle cx=\"12\" cy=\"8\" r=\"1\" fill=\"currentColor\" stroke=\"none\"\/><\/svg><\/div><div class=\"h2n-alert__content\">Si necesitas c\u00e1lculos r\u00e1pidos y simples de equity mano vs mano, tambi\u00e9n puedes usar nuestra <a href=\"\/es\/poker\/free-poker-tools\/poker-odds-calculator\/\">calculadora gratuita de odds de p\u00f3ker<\/a>.<\/div><\/div>\n\n\n<h2 class=\"wp-block-heading\">\u00bfCu\u00e1l es el precio de Flopzilla?<\/h2>\n\n\n\n<p>Flopzilla cuesta <strong>$25 por una licencia de por vida<\/strong>. Tanto Flopzilla v1 como Flopzilla PRO est\u00e1n incluidos en la compra, por lo que puedes elegir qu\u00e9 versi\u00f3n usar. Flopzilla PRO es la versi\u00f3n m\u00e1s reciente, con una interfaz mejorada, mayor velocidad y funciones adicionales. Te recomendamos usar Flopzilla Pro, ya que tiene el mismo precio y mejores funcionalidades. Todas las capturas de pantalla y tutoriales de arriba se hicieron con la versi\u00f3n Pro.<\/p>\n\n\n\n<h2 class=\"wp-block-heading\">\u00bfC\u00f3mo comprar Flopzilla?<\/h2>\n\n\n\n<p>Ve a la p\u00e1gina&nbsp;<a href=\"\/es\/flopzilla\/buy-flopzilla\/\"><strong>Flopzilla: comprar y activar<\/strong><\/a>&nbsp;y sigue las instrucciones. Necesitas realizar el pago y proporcionar tu correo electr\u00f3nico y tu hardware ID para activar la licencia. <a href=\"https:\/\/hand2noteguide.com\/es\/contact-us\/\">Cont\u00e1ctanos<\/a> si tienes alguna pregunta adicional sobre la compra de Flopzilla.<\/p>\n","protected":false},"excerpt":{"rendered":"<p>$25 (licencia de por vida) Comprar ahora Flopzilla es el software definitivo para rangos de p\u00f3ker y c\u00e1lculo de equity. Te permite calcular r\u00e1pidamente las probabilidades de ganar para cualquier mano contra un rango, y para situaciones de rango contra rango en cualquier Flop, Turn y River. Adem\u00e1s, Flopzilla tambi\u00e9n te muestra c\u00f3mo un rango &hellip; <a href=\"https:\/\/hand2noteguide.com\/es\/flopzilla\/\" class=\"more-link\">Continue reading <span class=\"screen-reader-text\">Flopzilla: calculadora de equity en p\u00f3ker, an\u00e1lisis de rangos y m\u00e1s<\/span><\/a><\/p>\n","protected":false},"author":1,"featured_media":0,"parent":0,"menu_order":0,"comment_status":"closed","ping_status":"closed","template":"page-templates\/full-width-page.php","meta":{"footnotes":""},"class_list":["post-8503","page","type-page","status-publish","hentry"],"translation":{"provider":"WPGlobus","version":"3.0.2","language":"es","enabled_languages":["en","ru","pt","zh","es","fr","de","it","ja"],"languages":{"en":{"title":true,"content":true,"excerpt":false},"ru":{"title":true,"content":true,"excerpt":false},"pt":{"title":true,"content":true,"excerpt":false},"zh":{"title":true,"content":true,"excerpt":false},"es":{"title":true,"content":true,"excerpt":false},"fr":{"title":true,"content":true,"excerpt":false},"de":{"title":true,"content":true,"excerpt":false},"it":{"title":true,"content":true,"excerpt":false},"ja":{"title":true,"content":true,"excerpt":false}}},"yoast_head":"<!-- This site is optimized with the Yoast SEO plugin v27.0 - https:\/\/yoast.com\/product\/yoast-seo-wordpress\/ -->\n<title>Flopzilla: calculadora de equity en p\u00f3ker, an\u00e1lisis de rangos y m\u00e1s<\/title>\n<meta name=\"description\" content=\"Flopzilla es una calculadora avanzada de equity y un software de an\u00e1lisis de rangos de p\u00f3ker. Calcula la equity y explora rangos y su interacci\u00f3n con el board.\" \/>\n<meta name=\"robots\" content=\"index, follow, max-snippet:-1, max-image-preview:large, max-video-preview:-1\" \/>\n<link rel=\"canonical\" href=\"https:\/\/hand2noteguide.com\/flopzilla\/\" \/>\n<meta property=\"og:locale\" content=\"es_ES\" \/>\n<meta property=\"og:type\" content=\"article\" \/>\n<meta property=\"og:title\" content=\"Flopzilla: calculadora de equity en p\u00f3ker, an\u00e1lisis de rangos y m\u00e1s\" \/>\n<meta property=\"og:description\" content=\"Flopzilla es una calculadora avanzada de equity y un software de an\u00e1lisis de rangos de p\u00f3ker. Calcula la equity y explora rangos y su interacci\u00f3n con el board.\" \/>\n<meta property=\"og:url\" content=\"https:\/\/hand2noteguide.com\/flopzilla\/\" \/>\n<meta property=\"og:site_name\" content=\"Hand2Note Guide\" \/>\n<meta property=\"article:modified_time\" content=\"2026-03-11T09:55:43+00:00\" \/>\n<meta property=\"og:image\" content=\"https:\/\/hand2noteguide.com\/wp-content\/uploads\/2024\/09\/flopzilla-interface-min.png\" \/>\n\t<meta property=\"og:image:width\" content=\"3070\" \/>\n\t<meta property=\"og:image:height\" content=\"1837\" \/>\n\t<meta property=\"og:image:type\" content=\"image\/png\" \/>\n<meta name=\"twitter:card\" content=\"summary_large_image\" \/>\n<meta name=\"twitter:label1\" content=\"Est. reading time\" \/>\n\t<meta name=\"twitter:data1\" content=\"3 minutes\" \/>\n<!-- \/ Yoast SEO plugin. -->","yoast_head_json":{"title":"Flopzilla: calculadora de equity en p\u00f3ker, an\u00e1lisis de rangos y m\u00e1s","description":"Flopzilla es una calculadora avanzada de equity y un software de an\u00e1lisis de rangos de p\u00f3ker. Calcula la equity y explora rangos y su interacci\u00f3n con el board.","robots":{"index":"index","follow":"follow","max-snippet":"max-snippet:-1","max-image-preview":"max-image-preview:large","max-video-preview":"max-video-preview:-1"},"canonical":"https:\/\/hand2noteguide.com\/flopzilla\/","og_locale":"es_ES","og_type":"article","og_title":"Flopzilla: calculadora de equity en p\u00f3ker, an\u00e1lisis de rangos y m\u00e1s","og_description":"Flopzilla es una calculadora avanzada de equity y un software de an\u00e1lisis de rangos de p\u00f3ker. Calcula la equity y explora rangos y su interacci\u00f3n con el board.","og_url":"https:\/\/hand2noteguide.com\/flopzilla\/","og_site_name":"Hand2Note Guide","article_modified_time":"2026-03-11T09:55:43+00:00","og_image":[{"width":3070,"height":1837,"url":"https:\/\/hand2noteguide.com\/wp-content\/uploads\/2024\/09\/flopzilla-interface-min.png","type":"image\/png"}],"twitter_card":"summary_large_image","twitter_misc":{"Est. reading time":"3 minutes"},"schema":{"@context":"https:\/\/schema.org","@graph":[]}},"jetpack_sharing_enabled":true,"_links":{"self":[{"href":"https:\/\/hand2noteguide.com\/es\/wp-json\/wp\/v2\/pages\/8503","targetHints":{"allow":["GET"]}}],"collection":[{"href":"https:\/\/hand2noteguide.com\/es\/wp-json\/wp\/v2\/pages"}],"about":[{"href":"https:\/\/hand2noteguide.com\/es\/wp-json\/wp\/v2\/types\/page"}],"author":[{"embeddable":true,"href":"https:\/\/hand2noteguide.com\/es\/wp-json\/wp\/v2\/users\/1"}],"replies":[{"embeddable":true,"href":"https:\/\/hand2noteguide.com\/es\/wp-json\/wp\/v2\/comments?post=8503"}],"version-history":[{"count":67,"href":"https:\/\/hand2noteguide.com\/es\/wp-json\/wp\/v2\/pages\/8503\/revisions"}],"predecessor-version":[{"id":15726,"href":"https:\/\/hand2noteguide.com\/es\/wp-json\/wp\/v2\/pages\/8503\/revisions\/15726"}],"wp:attachment":[{"href":"https:\/\/hand2noteguide.com\/es\/wp-json\/wp\/v2\/media?parent=8503"}],"curies":[{"name":"wp","href":"https:\/\/api.w.org\/{rel}","templated":true}]}}