{"id":8513,"date":"2024-09-13T13:53:57","date_gmt":"2024-09-13T10:53:57","guid":{"rendered":"https:\/\/hand2noteguide.com\/?page_id=8513"},"modified":"2026-02-21T11:26:37","modified_gmt":"2026-02-21T08:26:37","slug":"buy-flopzilla","status":"publish","type":"page","link":"https:\/\/hand2noteguide.com\/es\/flopzilla\/buy-flopzilla\/","title":{"rendered":"Flopzilla: Comprar y Activar"},"content":{"rendered":"\n<p style=\"margin-top:8px\"><span class=\"product-price\">$25<\/span> <span class=\"product-price-desc\">(licencia de por vida)<\/span><\/p>\n\n\n\n<div class=\"red-block\"><p style=\"margin-bottom:0\">Actualmente <b>no aceptamos pagos<\/b> por Flopzilla. Puedes <a target=\"_blank\" href=\"https:\/\/www.flopzilla.com\/purchase\/\" rel=\"noopener\">comprar Flopzilla en su sitio web oficial &rarr;<\/a>.<\/p><\/div>\n\n\n\n<h2 class=\"wp-block-heading\">1. Env\u00eda un pago<\/h2>\n\n\n\n<p>Primero, necesitas realizar un pago de $25 por tu licencia de por vida de <a href=\"\/es\/flopzilla\/\">Flopzilla<\/a>. Puedes usar el pago r\u00e1pido a trav\u00e9s de <strong>Paypal<\/strong>. Alternativamente, puedes pagar mediante <strong>Skrill <\/strong>o <strong>Crypto<\/strong>. En ese caso, simplemente realiza una transferencia manual a los detalles de pago especificados.<\/p>\n\n\n\n<p>Una vez realizado el pago, procede al siguiente paso en esta p\u00e1gina.<\/p>\n\n\n\n<h2 class=\"wp-block-heading\">2. Descarga Flopzilla<\/h2>\n\n\n\n<p>Abre la p\u00e1gina de <a aria-label=\"undefined (opens in a new tab)\" href=\"https:\/\/www.flopzilla.com\/download\/\" target=\"_blank\" rel=\"noreferrer noopener\">Descargas<\/a> y obt\u00e9n la \u00faltima versi\u00f3n de Flopzilla Pro. Si ya has descargado Flopzilla antes, est\u00e1 bien, omite este paso.<\/p>\n\n\n\n<p>Despu\u00e9s de completar la descarga, ejecuta el archivo y sigue los pasos de instalaci\u00f3n.<\/p>\n\n\n\n<figure class=\"wp-block-image size-large\"><img loading=\"lazy\" decoding=\"async\" width=\"1024\" height=\"616\" src=\"https:\/\/hand2noteguide.com\/wp-content\/uploads\/2024\/09\/download-flopzilla-min-1024x616.png\" alt=\"\" class=\"wp-image-8516\" srcset=\"https:\/\/hand2noteguide.com\/wp-content\/uploads\/2024\/09\/download-flopzilla-min-1024x616.png 1024w, https:\/\/hand2noteguide.com\/wp-content\/uploads\/2024\/09\/download-flopzilla-min-300x180.png 300w, https:\/\/hand2noteguide.com\/wp-content\/uploads\/2024\/09\/download-flopzilla-min-768x462.png 768w, https:\/\/hand2noteguide.com\/wp-content\/uploads\/2024\/09\/download-flopzilla-min-1536x923.png 1536w, https:\/\/hand2noteguide.com\/wp-content\/uploads\/2024\/09\/download-flopzilla-min-2048x1231.png 2048w, https:\/\/hand2noteguide.com\/wp-content\/uploads\/2024\/09\/download-flopzilla-min-772x464.png 772w, https:\/\/hand2noteguide.com\/wp-content\/uploads\/2024\/09\/download-flopzilla-min-624x375.png 624w\" sizes=\"auto, (max-width: 1024px) 100vw, 1024px\" \/><\/figure>\n\n\n\n<h2 class=\"wp-block-heading\">3. Ingresa tu Email e ID de Hardware<\/h2>\n\n\n\n<div class=\"wpcf7 no-js\" id=\"wpcf7-f8522-o1\" lang=\"en-US\" dir=\"ltr\" data-wpcf7-id=\"8522\">\n<div class=\"screen-reader-response\"><p role=\"status\" aria-live=\"polite\" aria-atomic=\"true\"><\/p> <ul><\/ul><\/div>\n<form action=\"\/es\/wp-json\/wp\/v2\/pages\/8513#wpcf7-f8522-o1\" method=\"post\" class=\"wpcf7-form init\" aria-label=\"Contact form\" novalidate=\"novalidate\" data-status=\"init\">\n<fieldset class=\"hidden-fields-container\"><input type=\"hidden\" name=\"_wpcf7\" value=\"8522\" \/><input type=\"hidden\" name=\"_wpcf7_version\" value=\"6.1.5\" \/><input type=\"hidden\" name=\"_wpcf7_locale\" value=\"en_US\" \/><input type=\"hidden\" name=\"_wpcf7_unit_tag\" value=\"wpcf7-f8522-o1\" \/><input type=\"hidden\" name=\"_wpcf7_container_post\" value=\"0\" \/><input type=\"hidden\" name=\"_wpcf7_posted_data_hash\" value=\"\" \/><input type=\"hidden\" name=\"_wpcf7_recaptcha_response\" value=\"\" \/>\n<\/fieldset>\n<p><label> Email<br \/>\n<span class=\"wpcf7-form-control-wrap\" data-name=\"your-email\"><input size=\"40\" maxlength=\"400\" class=\"wpcf7-form-control wpcf7-email wpcf7-validates-as-required wpcf7-text wpcf7-validates-as-email\" autocomplete=\"email\" aria-required=\"true\" aria-invalid=\"false\" value=\"\" type=\"email\" name=\"your-email\" \/><\/span> <\/label>\n<\/p>\n<p><label> Hardware ID<br \/>\n<span class=\"wpcf7-form-control-wrap\" data-name=\"your-hardware-id\"><input size=\"40\" maxlength=\"400\" class=\"wpcf7-form-control wpcf7-text wpcf7-validates-as-required\" aria-required=\"true\" aria-invalid=\"false\" value=\"\" type=\"text\" name=\"your-hardware-id\" \/><\/span> <\/label>\n<\/p>\n<p><input class=\"wpcf7-form-control wpcf7-submit has-spinner\" type=\"submit\" value=\"Submit\" \/>\n<\/p><div class=\"wpcf7-response-output\" aria-hidden=\"true\"><\/div>\n<\/form>\n<\/div>\n\n\n\n\n<h3 class=\"wp-block-heading\">\u00bfC\u00f3mo obtener un ID de Hardware?<\/h3>\n\n\n\n<p>Ve a la pesta\u00f1a &#8220;Register&#8221; en Flopzilla y ver\u00e1s un ID de Hardware en una ventana emergente:<\/p>\n\n\n\n<figure class=\"wp-block-image size-large\"><img loading=\"lazy\" decoding=\"async\" width=\"1024\" height=\"505\" src=\"https:\/\/hand2noteguide.com\/wp-content\/uploads\/2024\/09\/hardware-min-1024x505.png\" alt=\"\" class=\"wp-image-8517\" srcset=\"https:\/\/hand2noteguide.com\/wp-content\/uploads\/2024\/09\/hardware-min-1024x505.png 1024w, https:\/\/hand2noteguide.com\/wp-content\/uploads\/2024\/09\/hardware-min-300x148.png 300w, https:\/\/hand2noteguide.com\/wp-content\/uploads\/2024\/09\/hardware-min-768x379.png 768w, https:\/\/hand2noteguide.com\/wp-content\/uploads\/2024\/09\/hardware-min-1536x758.png 1536w, https:\/\/hand2noteguide.com\/wp-content\/uploads\/2024\/09\/hardware-min-2048x1010.png 2048w, https:\/\/hand2noteguide.com\/wp-content\/uploads\/2024\/09\/hardware-min-772x381.png 772w, https:\/\/hand2noteguide.com\/wp-content\/uploads\/2024\/09\/hardware-min-624x308.png 624w\" sizes=\"auto, (max-width: 1024px) 100vw, 1024px\" \/><\/figure>\n\n\n\n<h2 class=\"wp-block-heading\">4. \u00a1Listo!<\/h2>\n\n\n\n<p>Ahora, por favor espera hasta que tu licencia sea activada. Una vez que esto suceda, recibir\u00e1s un correo electr\u00f3nico con tu clave. Recomendamos revisar los <a aria-label=\"undefined (opens in a new tab)\" href=\"https:\/\/www.getcoach.poker\/videos\/flopzilla-pro-tutorial-21-features-you-should-be-using\/\" target=\"_blank\" rel=\"noreferrer noopener\">videos tutoriales de Flopzilla<\/a> para aprender todas las funciones del software y usarlas eficientemente.<\/p>\n\n\n\n<p>Si tienes alguna pregunta o inquietud sobre los procesos de pago\/activaci\u00f3n, no dudes en <a href=\"\/es\/contact-us\/\">contactarnos<\/a>.<\/p>\n","protected":false},"excerpt":{"rendered":"<p>$25 (licencia de por vida) Actualmente no aceptamos pagos por Flopzilla. Puedes comprar Flopzilla en su sitio web oficial &rarr;. 1. Env\u00eda un pago Primero, necesitas realizar un pago de $25 por tu licencia de por vida de Flopzilla. Puedes usar el pago r\u00e1pido a trav\u00e9s de Paypal. Alternativamente, puedes pagar mediante Skrill o Crypto. &hellip; <a href=\"https:\/\/hand2noteguide.com\/es\/flopzilla\/buy-flopzilla\/\" class=\"more-link\">Continue reading <span class=\"screen-reader-text\">Flopzilla: Comprar y Activar<\/span><\/a><\/p>\n","protected":false},"author":1,"featured_media":0,"parent":8503,"menu_order":0,"comment_status":"closed","ping_status":"closed","template":"page-templates\/full-width-page.php","meta":{"footnotes":""},"class_list":["post-8513","page","type-page","status-publish","hentry"],"translation":{"provider":"WPGlobus","version":"3.0.2","language":"es","enabled_languages":["en","ru","pt","zh","es","fr","de","it","ja"],"languages":{"en":{"title":true,"content":true,"excerpt":false},"ru":{"title":true,"content":true,"excerpt":false},"pt":{"title":true,"content":true,"excerpt":false},"zh":{"title":true,"content":true,"excerpt":false},"es":{"title":true,"content":true,"excerpt":false},"fr":{"title":true,"content":true,"excerpt":false},"de":{"title":true,"content":true,"excerpt":false},"it":{"title":true,"content":true,"excerpt":false},"ja":{"title":true,"content":true,"excerpt":false}}},"yoast_head":"<!-- This site is optimized with the Yoast SEO plugin v27.0 - https:\/\/yoast.com\/product\/yoast-seo-wordpress\/ -->\n<title>Flopzilla: Comprar y Activar<\/title>\n<meta name=\"description\" content=\"Compra y activa f\u00e1cilmente tu licencia de por vida de Flopzilla. Sigue nuestra gu\u00eda paso a paso para descargar, instalar y comenzar a usar Flopzilla hoy mismo.\" \/>\n<meta name=\"robots\" content=\"index, follow, max-snippet:-1, max-image-preview:large, max-video-preview:-1\" \/>\n<link rel=\"canonical\" href=\"https:\/\/hand2noteguide.com\/flopzilla\/buy-flopzilla\/\" \/>\n<meta property=\"og:locale\" content=\"es_ES\" \/>\n<meta property=\"og:type\" content=\"article\" \/>\n<meta property=\"og:title\" content=\"Flopzilla: Comprar y Activar\" \/>\n<meta property=\"og:description\" content=\"Compra y activa f\u00e1cilmente tu licencia de por vida de Flopzilla. Sigue nuestra gu\u00eda paso a paso para descargar, instalar y comenzar a usar Flopzilla hoy mismo.\" \/>\n<meta property=\"og:url\" content=\"https:\/\/hand2noteguide.com\/flopzilla\/buy-flopzilla\/\" \/>\n<meta property=\"og:site_name\" content=\"Hand2Note Guide\" \/>\n<meta property=\"article:modified_time\" content=\"2026-02-21T08:26:37+00:00\" \/>\n<meta property=\"og:image\" content=\"https:\/\/hand2noteguide.com\/wp-content\/uploads\/2024\/09\/download-flopzilla-min-1024x616.png\" \/>\n<meta name=\"twitter:card\" content=\"summary_large_image\" \/>\n<meta name=\"twitter:label1\" content=\"Est. reading time\" \/>\n\t<meta name=\"twitter:data1\" content=\"2 minutes\" \/>\n<!-- \/ Yoast SEO plugin. -->","yoast_head_json":{"title":"Flopzilla: Comprar y Activar","description":"Compra y activa f\u00e1cilmente tu licencia de por vida de Flopzilla. Sigue nuestra gu\u00eda paso a paso para descargar, instalar y comenzar a usar Flopzilla hoy mismo.","robots":{"index":"index","follow":"follow","max-snippet":"max-snippet:-1","max-image-preview":"max-image-preview:large","max-video-preview":"max-video-preview:-1"},"canonical":"https:\/\/hand2noteguide.com\/flopzilla\/buy-flopzilla\/","og_locale":"es_ES","og_type":"article","og_title":"Flopzilla: Comprar y Activar","og_description":"Compra y activa f\u00e1cilmente tu licencia de por vida de Flopzilla. Sigue nuestra gu\u00eda paso a paso para descargar, instalar y comenzar a usar Flopzilla hoy mismo.","og_url":"https:\/\/hand2noteguide.com\/flopzilla\/buy-flopzilla\/","og_site_name":"Hand2Note Guide","article_modified_time":"2026-02-21T08:26:37+00:00","og_image":[{"url":"https:\/\/hand2noteguide.com\/wp-content\/uploads\/2024\/09\/download-flopzilla-min-1024x616.png","type":"","width":"","height":""}],"twitter_card":"summary_large_image","twitter_misc":{"Est. reading time":"2 minutes"},"schema":{"@context":"https:\/\/schema.org","@graph":[]}},"jetpack_sharing_enabled":true,"_links":{"self":[{"href":"https:\/\/hand2noteguide.com\/es\/wp-json\/wp\/v2\/pages\/8513","targetHints":{"allow":["GET"]}}],"collection":[{"href":"https:\/\/hand2noteguide.com\/es\/wp-json\/wp\/v2\/pages"}],"about":[{"href":"https:\/\/hand2noteguide.com\/es\/wp-json\/wp\/v2\/types\/page"}],"author":[{"embeddable":true,"href":"https:\/\/hand2noteguide.com\/es\/wp-json\/wp\/v2\/users\/1"}],"replies":[{"embeddable":true,"href":"https:\/\/hand2noteguide.com\/es\/wp-json\/wp\/v2\/comments?post=8513"}],"version-history":[{"count":41,"href":"https:\/\/hand2noteguide.com\/es\/wp-json\/wp\/v2\/pages\/8513\/revisions"}],"predecessor-version":[{"id":14489,"href":"https:\/\/hand2noteguide.com\/es\/wp-json\/wp\/v2\/pages\/8513\/revisions\/14489"}],"up":[{"embeddable":true,"href":"https:\/\/hand2noteguide.com\/es\/wp-json\/wp\/v2\/pages\/8503"}],"wp:attachment":[{"href":"https:\/\/hand2noteguide.com\/es\/wp-json\/wp\/v2\/media?parent=8513"}],"curies":[{"name":"wp","href":"https:\/\/api.w.org\/{rel}","templated":true}]}}