{"id":876,"date":"2019-05-27T08:02:28","date_gmt":"2019-05-27T05:02:28","guid":{"rendered":"https:\/\/h2n312.wordpress.com\/?page_id=876"},"modified":"2025-06-04T17:46:16","modified_gmt":"2025-06-04T14:46:16","slug":"rebuild-stats","status":"publish","type":"page","link":"https:\/\/hand2noteguide.com\/es\/guide\/rebuild-stats\/","title":{"rendered":"Reconstrucci\u00f3n de stats"},"content":{"rendered":"<p>Para reconstruir <a href=\"https:\/\/hand2noteguide.com\/es\/guide\/creating-stats\/\">los stats<\/a>, haz lo siguiente:<\/p>\n<ol>\n<li>Abre la ventana principal de Hand2Note<\/li>\n<li>Haz clic en &#8220;Clear Stats&#8221;<\/li>\n<li>Haz clic en &#8220;Build Stats&#8221;<\/li>\n<li>Espera hasta el final del proceso<\/li>\n<\/ol>\n<p><img loading=\"lazy\" decoding=\"async\" class=\"alignnone size-full wp-image-904\" src=\"https:\/\/hand2noteguide.com\/wp-content\/uploads\/2019\/05\/hand2note-rebuild-stats.png\" alt=\"hand2note rebuild stats\" width=\"612\" height=\"131\" srcset=\"https:\/\/hand2noteguide.com\/wp-content\/uploads\/2019\/05\/hand2note-rebuild-stats.png 612w, https:\/\/hand2noteguide.com\/wp-content\/uploads\/2019\/05\/hand2note-rebuild-stats-300x64.png 300w\" sizes=\"auto, (max-width: 612px) 100vw, 612px\" \/><\/p>\n<h3>\u00bfPor qu\u00e9 lo necesitas?<\/h3>\n<p>Hand2Note almacena los stats en forma terminada. Cuando te sientas en una mesa, los stats en el <a href=\"https:\/\/hand2noteguide.com\/es\/guide\/hud\/\">HUD<\/a> no se calculan cada vez en toda la <a href=\"https:\/\/hand2noteguide.com\/es\/guide\/database\/\">base de datos<\/a> en tiempo real. El tracker muestra stats ya completados, y las estad\u00edsticas se calculan solo a partir de manos nuevas. Esto te permite aumentar significativamente la velocidad del rendimiento del software y reducir el consumo de recursos del ordenador durante el juego.<\/p>\n<h3>\u00bfCu\u00e1ndo es necesario reconstruir?<\/h3>\n<ul>\n<li>Despu\u00e9s de cualquier cambio en los stats del HUD o popup<\/li>\n<li>Al cambiar el perfil de HUD y Popup o cualquier otro cambio en la configuraci\u00f3n de tipos de juego (<em>Settings \u2192 Game Types<\/em>)<\/li>\n<li>Al cambiar el cambio de zona horaria (<em>Settings \u2192 Rooms<\/em>)<\/li>\n<li>Al cambiar la moneda principal (<em>Settings \u2192 Other options \u2192 Currency<\/em>)<\/li>\n<\/ul>\n<h3>\u00bfPerder\u00e9 alg\u00fan dato?<\/h3>\n<p>No, todas tus manos permanecer\u00e1n en su lugar. Solo se recalcular\u00e1n las estad\u00edsticas.<\/p>\n<h3>\u00bfCu\u00e1nto tiempo tomar\u00e1 la reconstrucci\u00f3n?<\/h3>\n<p>Depende del tama\u00f1o de la base de datos, la complejidad y el n\u00famero de stats utilizados en tu HUD y popups, as\u00ed como de la capacidad de tu dispositivo. En un ordenador est\u00e1ndar, al usar un n\u00famero promedio de stats, la velocidad de construcci\u00f3n puede ser de aproximadamente 1000 manos por segundo.<\/p>\n","protected":false},"excerpt":{"rendered":"<p>Para reconstruir los stats, haz lo siguiente: Abre la ventana principal de Hand2Note Haz clic en &#8220;Clear Stats&#8221; Haz clic en &#8220;Build Stats&#8221; Espera hasta el final del proceso \u00bfPor qu\u00e9 lo necesitas? Hand2Note almacena los stats en forma terminada. Cuando te sientas en una mesa, los stats en el HUD no se calculan cada &hellip; <a href=\"https:\/\/hand2noteguide.com\/es\/guide\/rebuild-stats\/\" class=\"more-link\">Continue reading <span class=\"screen-reader-text\">Reconstrucci\u00f3n de stats<\/span><\/a><\/p>\n","protected":false},"author":1,"featured_media":0,"parent":74,"menu_order":0,"comment_status":"closed","ping_status":"closed","template":"page-templates\/full-width-page.php","meta":{"footnotes":""},"class_list":["post-876","page","type-page","status-publish","hentry"],"translation":{"provider":"WPGlobus","version":"3.0.2","language":"es","enabled_languages":["en","ru","pt","zh","es","fr","de","it","ja"],"languages":{"en":{"title":true,"content":true,"excerpt":false},"ru":{"title":true,"content":true,"excerpt":false},"pt":{"title":true,"content":true,"excerpt":false},"zh":{"title":true,"content":true,"excerpt":false},"es":{"title":true,"content":true,"excerpt":false},"fr":{"title":true,"content":true,"excerpt":false},"de":{"title":true,"content":true,"excerpt":false},"it":{"title":true,"content":true,"excerpt":false},"ja":{"title":true,"content":true,"excerpt":false}}},"yoast_head":"<!-- This site is optimized with the Yoast SEO plugin v27.0 - https:\/\/yoast.com\/product\/yoast-seo-wordpress\/ -->\n<title>C\u00f3mo reconstruir stats en Hand2Note: Una gu\u00eda r\u00e1pida<\/title>\n<meta name=\"description\" content=\"Aprende c\u00f3mo reconstruir stats de manera eficiente en Hand2Note. Sigue nuestra gu\u00eda paso a paso para optimizar el rendimiento y asegurar estad\u00edsticas de p\u00f3ker precisas.\" \/>\n<meta name=\"robots\" content=\"index, follow, max-snippet:-1, max-image-preview:large, max-video-preview:-1\" \/>\n<link rel=\"canonical\" href=\"https:\/\/hand2noteguide.com\/guide\/rebuild-stats\/\" \/>\n<meta property=\"og:locale\" content=\"es_ES\" \/>\n<meta property=\"og:type\" content=\"article\" \/>\n<meta property=\"og:title\" content=\"C\u00f3mo reconstruir stats en Hand2Note: Una gu\u00eda r\u00e1pida\" \/>\n<meta property=\"og:description\" content=\"Aprende c\u00f3mo reconstruir stats de manera eficiente en Hand2Note. Sigue nuestra gu\u00eda paso a paso para optimizar el rendimiento y asegurar estad\u00edsticas de p\u00f3ker precisas.\" \/>\n<meta property=\"og:url\" content=\"https:\/\/hand2noteguide.com\/guide\/rebuild-stats\/\" \/>\n<meta property=\"og:site_name\" content=\"Hand2Note Guide\" \/>\n<meta property=\"article:modified_time\" content=\"2025-06-04T14:46:16+00:00\" \/>\n<meta property=\"og:image\" content=\"https:\/\/hand2noteguide.com\/wp-content\/uploads\/2018\/08\/hand2note-d0bfd0b5d180d0b5d181d182d180d0bed0b8d182d18c-d181d182d0b0d182d0b8d181d182d0b8d0bad183.png\" \/>\n<meta name=\"twitter:card\" content=\"summary_large_image\" \/>\n<meta name=\"twitter:label1\" content=\"Est. reading time\" \/>\n\t<meta name=\"twitter:data1\" content=\"7 minutes\" \/>\n<!-- \/ Yoast SEO plugin. -->","yoast_head_json":{"title":"C\u00f3mo reconstruir stats en Hand2Note: Una gu\u00eda r\u00e1pida","description":"Aprende c\u00f3mo reconstruir stats de manera eficiente en Hand2Note. Sigue nuestra gu\u00eda paso a paso para optimizar el rendimiento y asegurar estad\u00edsticas de p\u00f3ker precisas.","robots":{"index":"index","follow":"follow","max-snippet":"max-snippet:-1","max-image-preview":"max-image-preview:large","max-video-preview":"max-video-preview:-1"},"canonical":"https:\/\/hand2noteguide.com\/guide\/rebuild-stats\/","og_locale":"es_ES","og_type":"article","og_title":"C\u00f3mo reconstruir stats en Hand2Note: Una gu\u00eda r\u00e1pida","og_description":"Aprende c\u00f3mo reconstruir stats de manera eficiente en Hand2Note. Sigue nuestra gu\u00eda paso a paso para optimizar el rendimiento y asegurar estad\u00edsticas de p\u00f3ker precisas.","og_url":"https:\/\/hand2noteguide.com\/guide\/rebuild-stats\/","og_site_name":"Hand2Note Guide","article_modified_time":"2025-06-04T14:46:16+00:00","og_image":[{"url":"https:\/\/hand2noteguide.com\/wp-content\/uploads\/2018\/08\/hand2note-d0bfd0b5d180d0b5d181d182d180d0bed0b8d182d18c-d181d182d0b0d182d0b8d181d182d0b8d0bad183.png","type":"","width":"","height":""}],"twitter_card":"summary_large_image","twitter_misc":{"Est. reading time":"7 minutes"},"schema":{"@context":"https:\/\/schema.org","@graph":[]}},"jetpack_sharing_enabled":false,"_links":{"self":[{"href":"https:\/\/hand2noteguide.com\/es\/wp-json\/wp\/v2\/pages\/876","targetHints":{"allow":["GET"]}}],"collection":[{"href":"https:\/\/hand2noteguide.com\/es\/wp-json\/wp\/v2\/pages"}],"about":[{"href":"https:\/\/hand2noteguide.com\/es\/wp-json\/wp\/v2\/types\/page"}],"author":[{"embeddable":true,"href":"https:\/\/hand2noteguide.com\/es\/wp-json\/wp\/v2\/users\/1"}],"replies":[{"embeddable":true,"href":"https:\/\/hand2noteguide.com\/es\/wp-json\/wp\/v2\/comments?post=876"}],"version-history":[{"count":12,"href":"https:\/\/hand2noteguide.com\/es\/wp-json\/wp\/v2\/pages\/876\/revisions"}],"predecessor-version":[{"id":13515,"href":"https:\/\/hand2noteguide.com\/es\/wp-json\/wp\/v2\/pages\/876\/revisions\/13515"}],"up":[{"embeddable":true,"href":"https:\/\/hand2noteguide.com\/es\/wp-json\/wp\/v2\/pages\/74"}],"wp:attachment":[{"href":"https:\/\/hand2noteguide.com\/es\/wp-json\/wp\/v2\/media?parent=876"}],"curies":[{"name":"wp","href":"https:\/\/api.w.org\/{rel}","templated":true}]}}