{"id":8774,"date":"2024-11-09T21:02:21","date_gmt":"2024-11-09T18:02:21","guid":{"rendered":"https:\/\/hand2noteguide.com\/?page_id=8774"},"modified":"2026-02-21T10:44:54","modified_gmt":"2026-02-21T07:44:54","slug":"winamaxcaption","status":"publish","type":"page","link":"https:\/\/hand2noteguide.com\/es\/winamaxcaption\/","title":{"rendered":"WinamaxCaption \ud83d\udca5 Tu Mejor Ayudante en Winamax"},"content":{"rendered":"\n<p style=\"margin-top:8px\"><span class=\"product-price\">$30<\/span> <span class=\"product-price-desc\">(licencia de 1 a\u00f1o)<\/span><\/p>\n\n\n<p><a class=\"btn btn-primary h2n-crypto-open-checkout\" href=\"https:\/\/hand2noteguide.com\/es\/?h2n_crypto_checkout=1&#038;cfg=eyJwcm9kdWN0X2lkIjo0LCJwcm9kdWN0X3ByaWNlIjoiMzAiLCJkb3dubG9hZF9saW5rIjoiaHR0cHM6XC9cL3Bva2VyY2FwdGlvbi5jb21cL2Rvd25sb2Fkcy5odG1sIiwidmVuZG9yX2VtYWlsIjoicG9rZXJjYXB0aW9uQGdtYWlsLmNvbSIsImxpY2Vuc2VfaWRfcmVxdWlyZWQiOnRydWUsIm5ldHdvcmsiOiJ1c2R0X3RyYzIwIiwiY3VycmVuY3kiOiJVU0RUIiwiYmFzZV9hbW91bnQiOiIzMC4wMDAwMDAiLCJidXR0b25fdGV4dCI6IkNvbXByYXIiLCJ0aXRsZSI6IiIsImRlc2NyaXB0aW9uIjoiIiwic3VjY2Vzc19tb2RlIjoibWFudWFsX2Z1bGZpbGxtZW50IiwicmVxdWlyZV9lbWFpbCI6dHJ1ZSwidHRsX21pbnV0ZXMiOjYwLCJ3YWxsZXQiOiJUTUp3UjNHZTV5TEpvQ0o4ckZ0Y2lRa1JjaDVqRFJMbnUzIn0%3D&#038;sig=f9c1af62f7ed72b56c48bbe6439a8596bdc38429f334bc77d8aef5c0820b2914\" target=\"_blank\" rel=\"noopener noreferrer\">Comprar<\/a><\/p>\n\n\n\n<p>WinamaxCaption es una herramienta que mejora el juego en Winamax Poker. Est\u00e1 completamente aprobada por Winamax y mejora la eficiencia de tus sesiones con teclas de acceso r\u00e1pido personalizables, un HUD detallado, activaci\u00f3n autom\u00e1tica de mesas y m\u00e1s. Las caracter\u00edsticas incluyen:<\/p>\n\n\n\n<ul class=\"wp-block-list\">\n<li>Tama\u00f1o de apuestas y teclas de acceso r\u00e1pido personalizables.<\/li>\n\n\n\n<li>HUD con probabilidades de call\/push, tama\u00f1o del bote y m\u00e1s.<\/li>\n\n\n\n<li>Resaltado de mesas por acci\u00f3n o criterio.<\/li>\n\n\n\n<li>Activaci\u00f3n autom\u00e1tica de mesas.<\/li>\n\n\n\n<li>Modo eficiente para computadoras lentas.<\/li>\n\n\n\n<li>\u00a1Y otras caracter\u00edsticas!<\/li>\n<\/ul>\n\n\n\n<p>Perfecto para un multi-tabling m\u00e1s fluido y r\u00e1pido.<\/p>\n\n\n\n<figure class=\"wp-block-gallery has-nested-images columns-default is-cropped wp-block-gallery-1 is-layout-flex wp-block-gallery-is-layout-flex\">\n<figure class=\"wp-block-image size-large\"><img loading=\"lazy\" decoding=\"async\" width=\"985\" height=\"695\" data-id=\"8777\" src=\"https:\/\/hand2noteguide.com\/wp-content\/uploads\/2024\/11\/1-min.jpg\" alt=\"\" class=\"wp-image-8777\" srcset=\"https:\/\/hand2noteguide.com\/wp-content\/uploads\/2024\/11\/1-min.jpg 985w, https:\/\/hand2noteguide.com\/wp-content\/uploads\/2024\/11\/1-min-300x212.jpg 300w, https:\/\/hand2noteguide.com\/wp-content\/uploads\/2024\/11\/1-min-768x542.jpg 768w, https:\/\/hand2noteguide.com\/wp-content\/uploads\/2024\/11\/1-min-772x545.jpg 772w, https:\/\/hand2noteguide.com\/wp-content\/uploads\/2024\/11\/1-min-624x440.jpg 624w\" sizes=\"auto, (max-width: 985px) 100vw, 985px\" \/><\/figure>\n\n\n\n<figure class=\"wp-block-image size-large\"><img loading=\"lazy\" decoding=\"async\" width=\"985\" height=\"696\" data-id=\"8779\" src=\"https:\/\/hand2noteguide.com\/wp-content\/uploads\/2024\/11\/2-min.jpg\" alt=\"\" class=\"wp-image-8779\" srcset=\"https:\/\/hand2noteguide.com\/wp-content\/uploads\/2024\/11\/2-min.jpg 985w, https:\/\/hand2noteguide.com\/wp-content\/uploads\/2024\/11\/2-min-300x212.jpg 300w, https:\/\/hand2noteguide.com\/wp-content\/uploads\/2024\/11\/2-min-768x543.jpg 768w, https:\/\/hand2noteguide.com\/wp-content\/uploads\/2024\/11\/2-min-772x545.jpg 772w, https:\/\/hand2noteguide.com\/wp-content\/uploads\/2024\/11\/2-min-624x441.jpg 624w\" sizes=\"auto, (max-width: 985px) 100vw, 985px\" \/><\/figure>\n\n\n\n<figure class=\"wp-block-image size-large\"><img loading=\"lazy\" decoding=\"async\" width=\"985\" height=\"695\" data-id=\"8775\" src=\"https:\/\/hand2noteguide.com\/wp-content\/uploads\/2024\/11\/3-min.jpg\" alt=\"\" class=\"wp-image-8775\" srcset=\"https:\/\/hand2noteguide.com\/wp-content\/uploads\/2024\/11\/3-min.jpg 985w, https:\/\/hand2noteguide.com\/wp-content\/uploads\/2024\/11\/3-min-300x212.jpg 300w, https:\/\/hand2noteguide.com\/wp-content\/uploads\/2024\/11\/3-min-768x542.jpg 768w, https:\/\/hand2noteguide.com\/wp-content\/uploads\/2024\/11\/3-min-772x545.jpg 772w, https:\/\/hand2noteguide.com\/wp-content\/uploads\/2024\/11\/3-min-624x440.jpg 624w\" sizes=\"auto, (max-width: 985px) 100vw, 985px\" \/><\/figure>\n\n\n\n<figure class=\"wp-block-image size-large\"><img loading=\"lazy\" decoding=\"async\" width=\"985\" height=\"696\" data-id=\"8780\" src=\"https:\/\/hand2noteguide.com\/wp-content\/uploads\/2024\/11\/4-min.jpg\" alt=\"\" class=\"wp-image-8780\" srcset=\"https:\/\/hand2noteguide.com\/wp-content\/uploads\/2024\/11\/4-min.jpg 985w, https:\/\/hand2noteguide.com\/wp-content\/uploads\/2024\/11\/4-min-300x212.jpg 300w, https:\/\/hand2noteguide.com\/wp-content\/uploads\/2024\/11\/4-min-768x543.jpg 768w, https:\/\/hand2noteguide.com\/wp-content\/uploads\/2024\/11\/4-min-772x545.jpg 772w, https:\/\/hand2noteguide.com\/wp-content\/uploads\/2024\/11\/4-min-624x441.jpg 624w\" sizes=\"auto, (max-width: 985px) 100vw, 985px\" \/><\/figure>\n\n\n\n<figure class=\"wp-block-image size-large\"><img loading=\"lazy\" decoding=\"async\" width=\"986\" height=\"694\" data-id=\"8778\" src=\"https:\/\/hand2noteguide.com\/wp-content\/uploads\/2024\/11\/5-min.jpg\" alt=\"\" class=\"wp-image-8778\" srcset=\"https:\/\/hand2noteguide.com\/wp-content\/uploads\/2024\/11\/5-min.jpg 986w, https:\/\/hand2noteguide.com\/wp-content\/uploads\/2024\/11\/5-min-300x211.jpg 300w, https:\/\/hand2noteguide.com\/wp-content\/uploads\/2024\/11\/5-min-768x541.jpg 768w, https:\/\/hand2noteguide.com\/wp-content\/uploads\/2024\/11\/5-min-772x543.jpg 772w, https:\/\/hand2noteguide.com\/wp-content\/uploads\/2024\/11\/5-min-624x439.jpg 624w\" sizes=\"auto, (max-width: 986px) 100vw, 986px\" \/><\/figure>\n\n\n\n<figure class=\"wp-block-image size-large\"><img loading=\"lazy\" decoding=\"async\" width=\"986\" height=\"697\" data-id=\"8776\" src=\"https:\/\/hand2noteguide.com\/wp-content\/uploads\/2024\/11\/6-min.jpg\" alt=\"\" class=\"wp-image-8776\" srcset=\"https:\/\/hand2noteguide.com\/wp-content\/uploads\/2024\/11\/6-min.jpg 986w, https:\/\/hand2noteguide.com\/wp-content\/uploads\/2024\/11\/6-min-300x212.jpg 300w, https:\/\/hand2noteguide.com\/wp-content\/uploads\/2024\/11\/6-min-768x543.jpg 768w, https:\/\/hand2noteguide.com\/wp-content\/uploads\/2024\/11\/6-min-772x546.jpg 772w, https:\/\/hand2noteguide.com\/wp-content\/uploads\/2024\/11\/6-min-624x441.jpg 624w\" sizes=\"auto, (max-width: 986px) 100vw, 986px\" \/><\/figure>\n<\/figure>\n\n\n\n<h2 class=\"wp-block-heading\">\u00bfCu\u00e1les son las caracter\u00edsticas de Winamax Caption?<\/h2>\n\n\n\n<h3 class=\"wp-block-heading\">1. <strong>Teclas de acceso r\u00e1pido<\/strong><\/h3>\n\n\n\n<ul class=\"wp-block-list\">\n<li>Teclas de acceso r\u00e1pido personalizables para acciones: check\/fold, call, bet\/raise, sentarse en la siguiente ciega grande, cerrar mesa, replayer y m\u00e1s.<\/li>\n\n\n\n<li>Teclas de acceso r\u00e1pido para apuestas con f\u00f3rmulas personalizadas.<\/li>\n\n\n\n<li>Asignar teclas de acceso r\u00e1pido para hacer clic en puntos espec\u00edficos de la mesa.<\/li>\n<\/ul>\n\n\n\n<h3 class=\"wp-block-heading\">2. <strong>Betscript<\/strong><\/h3>\n\n\n\n<ul class=\"wp-block-list\">\n<li>Definir tama\u00f1os de apuesta\/raise para varias situaciones (por ejemplo, preflop, postflop).<\/li>\n\n\n\n<li>Entrada autom\u00e1tica de cantidades de apuesta preestablecidas en el cuadro de apuestas cuando es el turno del h\u00e9roe.<\/li>\n\n\n\n<li>Botones en pantalla personalizables con soporte de f\u00f3rmulas.<\/li>\n<\/ul>\n\n\n\n<h3 class=\"wp-block-heading\">3. <strong>HUD Personalizable<\/strong><\/h3>\n\n\n\n<ul class=\"wp-block-list\">\n<li>Muestra informaci\u00f3n completa: stake, nivel de ciegas, probabilidades de call, probabilidades de push, SPR (Relaci\u00f3n de Stack a Bote), equity de farol, tama\u00f1o del bote y el stack del h\u00e9roe para la siguiente calle.<\/li>\n\n\n\n<li>Muestra valores como el tama\u00f1o del bote y la cantidad del cuadro de apuestas como un porcentaje del bote.<\/li>\n\n\n\n<li>Los valores num\u00e9ricos en el HUD pueden cambiar de color seg\u00fan los umbrales que establezcas.<\/li>\n\n\n\n<li>Etiquetas de posici\u00f3n personalizables para varios tama\u00f1os de mesa.<\/li>\n\n\n\n<li>Soporte para crear m\u00faltiples botones de apuesta personalizados con f\u00f3rmulas.<\/li>\n<\/ul>\n\n\n\n<h3 class=\"wp-block-heading\">4. <strong>Resaltado de Mesas<\/strong><\/h3>\n\n\n\n<ul class=\"wp-block-list\">\n<li>Resaltar mesas seg\u00fan diferentes criterios:\n<ul class=\"wp-block-list\">\n<li>Mesa bajo el cursor del rat\u00f3n.<\/li>\n\n\n\n<li>Mesa donde es el turno del h\u00e9roe.<\/li>\n\n\n\n<li>Nivel de ciegas, tama\u00f1o del bote, tama\u00f1o del stack, estado de compra y estado ITM (En el Dinero).<\/li>\n<\/ul>\n<\/li>\n\n\n\n<li>Resaltado de marco y\/o relleno para hacer m\u00e1s visibles las mesas activas.<\/li>\n<\/ul>\n\n\n\n<h3 class=\"wp-block-heading\">5. <strong>Personalizaci\u00f3n de la Rueda del Rat\u00f3n<\/strong><\/h3>\n\n\n\n<ul class=\"wp-block-list\">\n<li>Configura la rueda del rat\u00f3n para ajustar los tama\u00f1os de las apuestas (en ciegas grandes o d\u00f3lares).<\/li>\n\n\n\n<li>Direcci\u00f3n de la rueda configurable para ajustes finos.<\/li>\n<\/ul>\n\n\n\n<h3 class=\"wp-block-heading\">6. <strong>Gesti\u00f3n de Slots de Lobby y Mesas<\/strong><\/h3>\n\n\n\n<ul class=\"wp-block-list\">\n<li>Slots designados para el lobby, nuevas mesas y el replayer.<\/li>\n\n\n\n<li>Capacidad para organizar mesas para una navegaci\u00f3n y enfoque m\u00e1s f\u00e1cil.<\/li>\n<\/ul>\n\n\n\n<h3 class=\"wp-block-heading\">7. <strong>Activaci\u00f3n Autom\u00e1tica de Mesas<\/strong><\/h3>\n\n\n\n<ul class=\"wp-block-list\">\n<li>Activar autom\u00e1ticamente las mesas cuando es el turno del h\u00e9roe para actuar.<\/li>\n\n\n\n<li>Configuraciones de activaci\u00f3n incluyen:\n<ul class=\"wp-block-list\">\n<li>Por tiempo desde que se recibi\u00f3 la acci\u00f3n.<\/li>\n\n\n\n<li>Por tiempo restante para la acci\u00f3n.<\/li>\n<\/ul>\n<\/li>\n\n\n\n<li>Opci\u00f3n para mover autom\u00e1ticamente el rat\u00f3n a la mesa activa.<\/li>\n\n\n\n<li>Puede desactivar la auto-activaci\u00f3n si el lobby principal est\u00e1 enfocado.<\/li>\n\n\n\n<li>Opci\u00f3n para la auto-activaci\u00f3n sin perder el enfoque en la pantalla actual.<\/li>\n<\/ul>\n\n\n\n<h3 class=\"wp-block-heading\">8. <strong>Soporte de Playground (Modo Stack)<\/strong><\/h3>\n\n\n\n<ul class=\"wp-block-list\">\n<li>Funciona completamente en el modo stack de Playground para un multi-tabling m\u00e1s eficiente en computadoras m\u00e1s lentas.<\/li>\n\n\n\n<li>Reduce el uso de recursos por parte del cliente de Winamax durante el juego de alto volumen.<\/li>\n<\/ul>\n","protected":false},"excerpt":{"rendered":"<p>$30 (licencia de 1 a\u00f1o) WinamaxCaption es una herramienta que mejora el juego en Winamax Poker. Est\u00e1 completamente aprobada por Winamax y mejora la eficiencia de tus sesiones con teclas de acceso r\u00e1pido personalizables, un HUD detallado, activaci\u00f3n autom\u00e1tica de mesas y m\u00e1s. Las caracter\u00edsticas incluyen: Perfecto para un multi-tabling m\u00e1s fluido y r\u00e1pido. \u00bfCu\u00e1les &hellip; <a href=\"https:\/\/hand2noteguide.com\/es\/winamaxcaption\/\" class=\"more-link\">Continue reading <span class=\"screen-reader-text\">WinamaxCaption \ud83d\udca5 Tu Mejor Ayudante en Winamax<\/span><\/a><\/p>\n","protected":false},"author":1,"featured_media":0,"parent":0,"menu_order":0,"comment_status":"closed","ping_status":"closed","template":"page-templates\/full-width-page.php","meta":{"footnotes":""},"class_list":["post-8774","page","type-page","status-publish","hentry"],"translation":{"provider":"WPGlobus","version":"3.0.2","language":"es","enabled_languages":["en","ru","pt","zh","es","fr","de","it","ja"],"languages":{"en":{"title":true,"content":true,"excerpt":false},"ru":{"title":true,"content":true,"excerpt":false},"pt":{"title":true,"content":true,"excerpt":false},"zh":{"title":true,"content":true,"excerpt":false},"es":{"title":true,"content":true,"excerpt":false},"fr":{"title":true,"content":true,"excerpt":false},"de":{"title":true,"content":true,"excerpt":false},"it":{"title":true,"content":true,"excerpt":false},"ja":{"title":true,"content":true,"excerpt":false}}},"yoast_head":"<!-- This site is optimized with the Yoast SEO plugin v27.0 - https:\/\/yoast.com\/product\/yoast-seo-wordpress\/ -->\n<title>WinamaxCaption \ud83d\udca5 Tu Mejor Ayudante en Winamax<\/title>\n<meta name=\"description\" content=\"WinamaxCaption mejora el cliente de Winamax Poker con teclas de acceso r\u00e1pido, HUD, cambio autom\u00e1tico de mesas y m\u00e1s. Herramienta aprobada para un multi-tabling m\u00e1s r\u00e1pido y f\u00e1cil.\" \/>\n<meta name=\"robots\" content=\"index, follow, max-snippet:-1, max-image-preview:large, max-video-preview:-1\" \/>\n<link rel=\"canonical\" href=\"https:\/\/hand2noteguide.com\/ru\/winamaxcaption\/\" \/>\n<meta property=\"og:locale\" content=\"es_ES\" \/>\n<meta property=\"og:type\" content=\"article\" \/>\n<meta property=\"og:title\" content=\"WinamaxCaption \ud83d\udca5 Tu Mejor Ayudante en Winamax\" \/>\n<meta property=\"og:description\" content=\"WinamaxCaption mejora el cliente de Winamax Poker con teclas de acceso r\u00e1pido, HUD, cambio autom\u00e1tico de mesas y m\u00e1s. Herramienta aprobada para un multi-tabling m\u00e1s r\u00e1pido y f\u00e1cil.\" \/>\n<meta property=\"og:url\" content=\"https:\/\/hand2noteguide.com\/ru\/winamaxcaption\/\" \/>\n<meta property=\"og:site_name\" content=\"Hand2Note Guide\" \/>\n<meta property=\"article:modified_time\" content=\"2026-02-21T07:44:54+00:00\" \/>\n<meta property=\"og:image\" content=\"https:\/\/hand2noteguide.com\/wp-content\/uploads\/2024\/11\/1-min.jpg\" \/>\n<meta name=\"twitter:card\" content=\"summary_large_image\" \/>\n<meta name=\"twitter:label1\" content=\"Est. reading time\" \/>\n\t<meta name=\"twitter:data1\" content=\"4 minutes\" \/>\n<!-- \/ Yoast SEO plugin. -->","yoast_head_json":{"title":"WinamaxCaption \ud83d\udca5 Tu Mejor Ayudante en Winamax","description":"WinamaxCaption mejora el cliente de Winamax Poker con teclas de acceso r\u00e1pido, HUD, cambio autom\u00e1tico de mesas y m\u00e1s. Herramienta aprobada para un multi-tabling m\u00e1s r\u00e1pido y f\u00e1cil.","robots":{"index":"index","follow":"follow","max-snippet":"max-snippet:-1","max-image-preview":"max-image-preview:large","max-video-preview":"max-video-preview:-1"},"canonical":"https:\/\/hand2noteguide.com\/ru\/winamaxcaption\/","og_locale":"es_ES","og_type":"article","og_title":"WinamaxCaption \ud83d\udca5 Tu Mejor Ayudante en Winamax","og_description":"WinamaxCaption mejora el cliente de Winamax Poker con teclas de acceso r\u00e1pido, HUD, cambio autom\u00e1tico de mesas y m\u00e1s. Herramienta aprobada para un multi-tabling m\u00e1s r\u00e1pido y f\u00e1cil.","og_url":"https:\/\/hand2noteguide.com\/ru\/winamaxcaption\/","og_site_name":"Hand2Note Guide","article_modified_time":"2026-02-21T07:44:54+00:00","og_image":[{"url":"https:\/\/hand2noteguide.com\/wp-content\/uploads\/2024\/11\/1-min.jpg","type":"","width":"","height":""}],"twitter_card":"summary_large_image","twitter_misc":{"Est. reading time":"4 minutes"},"schema":{"@context":"https:\/\/schema.org","@graph":[]}},"jetpack_sharing_enabled":true,"_links":{"self":[{"href":"https:\/\/hand2noteguide.com\/es\/wp-json\/wp\/v2\/pages\/8774","targetHints":{"allow":["GET"]}}],"collection":[{"href":"https:\/\/hand2noteguide.com\/es\/wp-json\/wp\/v2\/pages"}],"about":[{"href":"https:\/\/hand2noteguide.com\/es\/wp-json\/wp\/v2\/types\/page"}],"author":[{"embeddable":true,"href":"https:\/\/hand2noteguide.com\/es\/wp-json\/wp\/v2\/users\/1"}],"replies":[{"embeddable":true,"href":"https:\/\/hand2noteguide.com\/es\/wp-json\/wp\/v2\/comments?post=8774"}],"version-history":[{"count":14,"href":"https:\/\/hand2noteguide.com\/es\/wp-json\/wp\/v2\/pages\/8774\/revisions"}],"predecessor-version":[{"id":15168,"href":"https:\/\/hand2noteguide.com\/es\/wp-json\/wp\/v2\/pages\/8774\/revisions\/15168"}],"wp:attachment":[{"href":"https:\/\/hand2noteguide.com\/es\/wp-json\/wp\/v2\/media?parent=8774"}],"curies":[{"name":"wp","href":"https:\/\/api.w.org\/{rel}","templated":true}]}}