{"id":8858,"date":"2025-02-03T05:13:32","date_gmt":"2025-02-03T02:13:32","guid":{"rendered":"https:\/\/hand2noteguide.com\/?page_id=8858"},"modified":"2026-02-21T11:25:21","modified_gmt":"2026-02-21T08:25:21","slug":"cosmos-free-mtt-hud","status":"publish","type":"page","link":"https:\/\/hand2noteguide.com\/es\/hud-store\/cosmos-free-mtt-hud\/","title":{"rendered":"Cosmos HUD Gratis para MTT"},"content":{"rendered":"\n<p>\u00bfBuscas un HUD simple pero efectivo para torneos multimesa? La versi\u00f3n gratuita de Cosmos MTT HUD del experto oficial de Hand2Note <a href=\"https:\/\/www.getcoach.poker\/coaches\/romanbelousov\/\" target=\"_blank\" aria-label=\"undefined (opens in a new tab)\" rel=\"noreferrer noopener\">Roman Belousov<\/a> podr\u00eda ser una gran opci\u00f3n para ti. El paquete contiene 2 versiones del HUD y tambi\u00e9n un popup. En total, el paquete Cosmos contiene alrededor de 300 estad\u00edsticas, que est\u00e1n convenientemente organizadas y bien probadas.<\/p>\n\n\n\n<p>Este HUD est\u00e1 incluido en la lista de 7 HUDs que obtienes como bono gratuito al comprar Hand2Note con el <a href=\"https:\/\/hand2noteguide.com\/es\/promo\/\">c\u00f3digo promocional GUIDE10<\/a>.<\/p>\n\n\n\n<h2 class=\"wp-block-heading\">Resumen de los HUDs:<\/h2>\n\n\n\n<figure class=\"wp-block-gallery has-nested-images columns-default is-cropped wp-block-gallery-1 is-layout-flex wp-block-gallery-is-layout-flex\">\n<figure class=\"wp-block-image size-large\"><img loading=\"lazy\" decoding=\"async\" width=\"1024\" height=\"733\" data-id=\"8859\" src=\"https:\/\/hand2noteguide.com\/wp-content\/uploads\/2025\/02\/1-1024x733.webp\" alt=\"\" class=\"wp-image-8859\" srcset=\"https:\/\/hand2noteguide.com\/wp-content\/uploads\/2025\/02\/1-1024x733.webp 1024w, https:\/\/hand2noteguide.com\/wp-content\/uploads\/2025\/02\/1-300x215.webp 300w, https:\/\/hand2noteguide.com\/wp-content\/uploads\/2025\/02\/1-768x550.webp 768w, https:\/\/hand2noteguide.com\/wp-content\/uploads\/2025\/02\/1-1536x1100.webp 1536w, https:\/\/hand2noteguide.com\/wp-content\/uploads\/2025\/02\/1-772x553.webp 772w, https:\/\/hand2noteguide.com\/wp-content\/uploads\/2025\/02\/1-624x447.webp 624w, https:\/\/hand2noteguide.com\/wp-content\/uploads\/2025\/02\/1.webp 1575w\" sizes=\"auto, (max-width: 1024px) 100vw, 1024px\" \/><\/figure>\n\n\n\n<figure class=\"wp-block-image size-large\"><img loading=\"lazy\" decoding=\"async\" width=\"1024\" height=\"731\" data-id=\"8860\" src=\"https:\/\/hand2noteguide.com\/wp-content\/uploads\/2025\/02\/2-1024x731.webp\" alt=\"\" class=\"wp-image-8860\" srcset=\"https:\/\/hand2noteguide.com\/wp-content\/uploads\/2025\/02\/2-1024x731.webp 1024w, https:\/\/hand2noteguide.com\/wp-content\/uploads\/2025\/02\/2-300x214.webp 300w, https:\/\/hand2noteguide.com\/wp-content\/uploads\/2025\/02\/2-768x548.webp 768w, https:\/\/hand2noteguide.com\/wp-content\/uploads\/2025\/02\/2-1536x1096.webp 1536w, https:\/\/hand2noteguide.com\/wp-content\/uploads\/2025\/02\/2-772x551.webp 772w, https:\/\/hand2noteguide.com\/wp-content\/uploads\/2025\/02\/2-624x445.webp 624w, https:\/\/hand2noteguide.com\/wp-content\/uploads\/2025\/02\/2.webp 1583w\" sizes=\"auto, (max-width: 1024px) 100vw, 1024px\" \/><\/figure>\n<\/figure>\n\n\n\n<h2 class=\"wp-block-heading\">Resumen del popup:<\/h2>\n\n\n\n<figure class=\"wp-block-gallery has-nested-images columns-default is-cropped wp-block-gallery-2 is-layout-flex wp-block-gallery-is-layout-flex\">\n<figure class=\"wp-block-image size-large\"><img loading=\"lazy\" decoding=\"async\" width=\"1024\" height=\"779\" data-id=\"8862\" src=\"https:\/\/hand2noteguide.com\/wp-content\/uploads\/2025\/02\/3-1024x779.webp\" alt=\"\" class=\"wp-image-8862\" srcset=\"https:\/\/hand2noteguide.com\/wp-content\/uploads\/2025\/02\/3-1024x779.webp 1024w, https:\/\/hand2noteguide.com\/wp-content\/uploads\/2025\/02\/3-300x228.webp 300w, https:\/\/hand2noteguide.com\/wp-content\/uploads\/2025\/02\/3-768x584.webp 768w, https:\/\/hand2noteguide.com\/wp-content\/uploads\/2025\/02\/3-772x587.webp 772w, https:\/\/hand2noteguide.com\/wp-content\/uploads\/2025\/02\/3-624x475.webp 624w, https:\/\/hand2noteguide.com\/wp-content\/uploads\/2025\/02\/3.webp 1316w\" sizes=\"auto, (max-width: 1024px) 100vw, 1024px\" \/><\/figure>\n\n\n\n<figure class=\"wp-block-image size-large\"><img loading=\"lazy\" decoding=\"async\" width=\"1024\" height=\"725\" data-id=\"8861\" src=\"https:\/\/hand2noteguide.com\/wp-content\/uploads\/2025\/02\/4-1024x725.webp\" alt=\"\" class=\"wp-image-8861\" srcset=\"https:\/\/hand2noteguide.com\/wp-content\/uploads\/2025\/02\/4-1024x725.webp 1024w, https:\/\/hand2noteguide.com\/wp-content\/uploads\/2025\/02\/4-300x212.webp 300w, https:\/\/hand2noteguide.com\/wp-content\/uploads\/2025\/02\/4-768x544.webp 768w, https:\/\/hand2noteguide.com\/wp-content\/uploads\/2025\/02\/4-772x547.webp 772w, https:\/\/hand2noteguide.com\/wp-content\/uploads\/2025\/02\/4-624x442.webp 624w, https:\/\/hand2noteguide.com\/wp-content\/uploads\/2025\/02\/4.webp 1306w\" sizes=\"auto, (max-width: 1024px) 100vw, 1024px\" \/><\/figure>\n\n\n\n<figure class=\"wp-block-image size-large\"><img loading=\"lazy\" decoding=\"async\" width=\"1011\" height=\"1024\" data-id=\"8865\" src=\"https:\/\/hand2noteguide.com\/wp-content\/uploads\/2025\/02\/5-1011x1024.webp\" alt=\"\" class=\"wp-image-8865\" srcset=\"https:\/\/hand2noteguide.com\/wp-content\/uploads\/2025\/02\/5-1011x1024.webp 1011w, https:\/\/hand2noteguide.com\/wp-content\/uploads\/2025\/02\/5-296x300.webp 296w, https:\/\/hand2noteguide.com\/wp-content\/uploads\/2025\/02\/5-768x778.webp 768w, https:\/\/hand2noteguide.com\/wp-content\/uploads\/2025\/02\/5-772x782.webp 772w, https:\/\/hand2noteguide.com\/wp-content\/uploads\/2025\/02\/5-96x96.webp 96w, https:\/\/hand2noteguide.com\/wp-content\/uploads\/2025\/02\/5-616x624.webp 616w, https:\/\/hand2noteguide.com\/wp-content\/uploads\/2025\/02\/5.webp 1353w\" sizes=\"auto, (max-width: 1011px) 100vw, 1011px\" \/><\/figure>\n\n\n\n<figure class=\"wp-block-image size-large\"><img loading=\"lazy\" decoding=\"async\" width=\"1024\" height=\"822\" data-id=\"8863\" src=\"https:\/\/hand2noteguide.com\/wp-content\/uploads\/2025\/02\/6-1024x822.webp\" alt=\"\" class=\"wp-image-8863\" srcset=\"https:\/\/hand2noteguide.com\/wp-content\/uploads\/2025\/02\/6-1024x822.webp 1024w, https:\/\/hand2noteguide.com\/wp-content\/uploads\/2025\/02\/6-300x241.webp 300w, https:\/\/hand2noteguide.com\/wp-content\/uploads\/2025\/02\/6-768x616.webp 768w, https:\/\/hand2noteguide.com\/wp-content\/uploads\/2025\/02\/6-772x620.webp 772w, https:\/\/hand2noteguide.com\/wp-content\/uploads\/2025\/02\/6-624x501.webp 624w, https:\/\/hand2noteguide.com\/wp-content\/uploads\/2025\/02\/6.webp 1302w\" sizes=\"auto, (max-width: 1024px) 100vw, 1024px\" \/><\/figure>\n\n\n\n<figure class=\"wp-block-image size-large\"><img loading=\"lazy\" decoding=\"async\" width=\"921\" height=\"1024\" data-id=\"8868\" src=\"https:\/\/hand2noteguide.com\/wp-content\/uploads\/2025\/02\/7-921x1024.webp\" alt=\"\" class=\"wp-image-8868\" srcset=\"https:\/\/hand2noteguide.com\/wp-content\/uploads\/2025\/02\/7-921x1024.webp 921w, https:\/\/hand2noteguide.com\/wp-content\/uploads\/2025\/02\/7-270x300.webp 270w, https:\/\/hand2noteguide.com\/wp-content\/uploads\/2025\/02\/7-768x854.webp 768w, https:\/\/hand2noteguide.com\/wp-content\/uploads\/2025\/02\/7-772x859.webp 772w, https:\/\/hand2noteguide.com\/wp-content\/uploads\/2025\/02\/7-561x624.webp 561w, https:\/\/hand2noteguide.com\/wp-content\/uploads\/2025\/02\/7.webp 1284w\" sizes=\"auto, (max-width: 921px) 100vw, 921px\" \/><\/figure>\n\n\n\n<figure class=\"wp-block-image size-large\"><img loading=\"lazy\" decoding=\"async\" width=\"1024\" height=\"807\" data-id=\"8864\" src=\"https:\/\/hand2noteguide.com\/wp-content\/uploads\/2025\/02\/8-1024x807.webp\" alt=\"\" class=\"wp-image-8864\" srcset=\"https:\/\/hand2noteguide.com\/wp-content\/uploads\/2025\/02\/8-1024x807.webp 1024w, https:\/\/hand2noteguide.com\/wp-content\/uploads\/2025\/02\/8-300x237.webp 300w, https:\/\/hand2noteguide.com\/wp-content\/uploads\/2025\/02\/8-768x606.webp 768w, https:\/\/hand2noteguide.com\/wp-content\/uploads\/2025\/02\/8-772x609.webp 772w, https:\/\/hand2noteguide.com\/wp-content\/uploads\/2025\/02\/8-624x492.webp 624w, https:\/\/hand2noteguide.com\/wp-content\/uploads\/2025\/02\/8.webp 1390w\" sizes=\"auto, (max-width: 1024px) 100vw, 1024px\" \/><\/figure>\n\n\n\n<figure class=\"wp-block-image size-large\"><img loading=\"lazy\" decoding=\"async\" width=\"1024\" height=\"595\" data-id=\"8866\" src=\"https:\/\/hand2noteguide.com\/wp-content\/uploads\/2025\/02\/9-1024x595.webp\" alt=\"\" class=\"wp-image-8866\" srcset=\"https:\/\/hand2noteguide.com\/wp-content\/uploads\/2025\/02\/9-1024x595.webp 1024w, https:\/\/hand2noteguide.com\/wp-content\/uploads\/2025\/02\/9-300x174.webp 300w, https:\/\/hand2noteguide.com\/wp-content\/uploads\/2025\/02\/9-768x446.webp 768w, https:\/\/hand2noteguide.com\/wp-content\/uploads\/2025\/02\/9-772x448.webp 772w, https:\/\/hand2noteguide.com\/wp-content\/uploads\/2025\/02\/9-624x362.webp 624w, https:\/\/hand2noteguide.com\/wp-content\/uploads\/2025\/02\/9.webp 1426w\" sizes=\"auto, (max-width: 1024px) 100vw, 1024px\" \/><\/figure>\n\n\n\n<figure class=\"wp-block-image size-large\"><img loading=\"lazy\" decoding=\"async\" width=\"1024\" height=\"821\" data-id=\"8867\" src=\"https:\/\/hand2noteguide.com\/wp-content\/uploads\/2025\/02\/10-1024x821.webp\" alt=\"\" class=\"wp-image-8867\" srcset=\"https:\/\/hand2noteguide.com\/wp-content\/uploads\/2025\/02\/10-1024x821.webp 1024w, https:\/\/hand2noteguide.com\/wp-content\/uploads\/2025\/02\/10-300x241.webp 300w, https:\/\/hand2noteguide.com\/wp-content\/uploads\/2025\/02\/10-768x616.webp 768w, https:\/\/hand2noteguide.com\/wp-content\/uploads\/2025\/02\/10-772x619.webp 772w, https:\/\/hand2noteguide.com\/wp-content\/uploads\/2025\/02\/10-624x500.webp 624w, https:\/\/hand2noteguide.com\/wp-content\/uploads\/2025\/02\/10.webp 1313w\" sizes=\"auto, (max-width: 1024px) 100vw, 1024px\" \/><\/figure>\n<\/figure>\n\n\n\n<p>Si est\u00e1s buscando un HUD m\u00e1s avanzado, te recomendamos revisar el producto completo <a href=\"https:\/\/www.hudstore.poker\/products\/cosmos-mtt\" target=\"_blank\" rel=\"noreferrer noopener\">Cosmos MTT<\/a> en la tienda de Hand2Note.<\/p>\n","protected":false},"excerpt":{"rendered":"<p>\u00bfBuscas un HUD simple pero efectivo para torneos multimesa? La versi\u00f3n gratuita de Cosmos MTT HUD del experto oficial de Hand2Note Roman Belousov podr\u00eda ser una gran opci\u00f3n para ti. El paquete contiene 2 versiones del HUD y tambi\u00e9n un popup. En total, el paquete Cosmos contiene alrededor de 300 estad\u00edsticas, que est\u00e1n convenientemente organizadas &hellip; <a href=\"https:\/\/hand2noteguide.com\/es\/hud-store\/cosmos-free-mtt-hud\/\" class=\"more-link\">Continue reading <span class=\"screen-reader-text\">Cosmos HUD Gratis para MTT<\/span><\/a><\/p>\n","protected":false},"author":4,"featured_media":0,"parent":4640,"menu_order":0,"comment_status":"closed","ping_status":"closed","template":"page-templates\/full-width-page.php","meta":{"footnotes":""},"class_list":["post-8858","page","type-page","status-publish","hentry"],"translation":{"provider":"WPGlobus","version":"3.0.2","language":"es","enabled_languages":["en","ru","pt","zh","es","fr","de","it","ja"],"languages":{"en":{"title":true,"content":true,"excerpt":false},"ru":{"title":true,"content":true,"excerpt":false},"pt":{"title":true,"content":true,"excerpt":false},"zh":{"title":true,"content":true,"excerpt":false},"es":{"title":true,"content":true,"excerpt":false},"fr":{"title":true,"content":true,"excerpt":false},"de":{"title":true,"content":true,"excerpt":false},"it":{"title":true,"content":true,"excerpt":false},"ja":{"title":true,"content":true,"excerpt":false}}},"yoast_head":"<!-- This site is optimized with the Yoast SEO plugin v27.0 - https:\/\/yoast.com\/product\/yoast-seo-wordpress\/ -->\n<title>HUD Gratis Cosmos para MTT: Simple y Efectivo para Torneos<\/title>\n<meta name=\"description\" content=\"Descubre el HUD Gratis Cosmos para MTT de Roman Belousov, dise\u00f1ado para torneos multimesa. Incluye 2 versiones de HUD y un popup con 300 estad\u00edsticas organizadas.\" \/>\n<meta name=\"robots\" content=\"index, follow, max-snippet:-1, max-image-preview:large, max-video-preview:-1\" \/>\n<link rel=\"canonical\" href=\"https:\/\/hand2noteguide.com\/hud-store\/cosmos-free-mtt-hud\/\" \/>\n<meta property=\"og:locale\" content=\"es_ES\" \/>\n<meta property=\"og:type\" content=\"article\" \/>\n<meta property=\"og:title\" content=\"HUD Gratis Cosmos para MTT: Simple y Efectivo para Torneos\" \/>\n<meta property=\"og:description\" content=\"Descubre el HUD Gratis Cosmos para MTT de Roman Belousov, dise\u00f1ado para torneos multimesa. Incluye 2 versiones de HUD y un popup con 300 estad\u00edsticas organizadas.\" \/>\n<meta property=\"og:url\" content=\"https:\/\/hand2noteguide.com\/hud-store\/cosmos-free-mtt-hud\/\" \/>\n<meta property=\"og:site_name\" content=\"Hand2Note Guide\" \/>\n<meta property=\"article:modified_time\" content=\"2026-02-21T08:25:21+00:00\" \/>\n<meta property=\"og:image\" content=\"https:\/\/hand2noteguide.com\/wp-content\/uploads\/2025\/02\/1-1024x733.webp\" \/>\n<meta name=\"twitter:card\" content=\"summary_large_image\" \/>\n<meta name=\"twitter:label1\" content=\"Est. reading time\" \/>\n\t<meta name=\"twitter:data1\" content=\"3 minutes\" \/>\n<!-- \/ Yoast SEO plugin. -->","yoast_head_json":{"title":"HUD Gratis Cosmos para MTT: Simple y Efectivo para Torneos","description":"Descubre el HUD Gratis Cosmos para MTT de Roman Belousov, dise\u00f1ado para torneos multimesa. Incluye 2 versiones de HUD y un popup con 300 estad\u00edsticas organizadas.","robots":{"index":"index","follow":"follow","max-snippet":"max-snippet:-1","max-image-preview":"max-image-preview:large","max-video-preview":"max-video-preview:-1"},"canonical":"https:\/\/hand2noteguide.com\/hud-store\/cosmos-free-mtt-hud\/","og_locale":"es_ES","og_type":"article","og_title":"HUD Gratis Cosmos para MTT: Simple y Efectivo para Torneos","og_description":"Descubre el HUD Gratis Cosmos para MTT de Roman Belousov, dise\u00f1ado para torneos multimesa. Incluye 2 versiones de HUD y un popup con 300 estad\u00edsticas organizadas.","og_url":"https:\/\/hand2noteguide.com\/hud-store\/cosmos-free-mtt-hud\/","og_site_name":"Hand2Note Guide","article_modified_time":"2026-02-21T08:25:21+00:00","og_image":[{"url":"https:\/\/hand2noteguide.com\/wp-content\/uploads\/2025\/02\/1-1024x733.webp","type":"","width":"","height":""}],"twitter_card":"summary_large_image","twitter_misc":{"Est. reading time":"3 minutes"},"schema":{"@context":"https:\/\/schema.org","@graph":[]}},"jetpack_sharing_enabled":true,"_links":{"self":[{"href":"https:\/\/hand2noteguide.com\/es\/wp-json\/wp\/v2\/pages\/8858","targetHints":{"allow":["GET"]}}],"collection":[{"href":"https:\/\/hand2noteguide.com\/es\/wp-json\/wp\/v2\/pages"}],"about":[{"href":"https:\/\/hand2noteguide.com\/es\/wp-json\/wp\/v2\/types\/page"}],"author":[{"embeddable":true,"href":"https:\/\/hand2noteguide.com\/es\/wp-json\/wp\/v2\/users\/4"}],"replies":[{"embeddable":true,"href":"https:\/\/hand2noteguide.com\/es\/wp-json\/wp\/v2\/comments?post=8858"}],"version-history":[{"count":20,"href":"https:\/\/hand2noteguide.com\/es\/wp-json\/wp\/v2\/pages\/8858\/revisions"}],"predecessor-version":[{"id":15167,"href":"https:\/\/hand2noteguide.com\/es\/wp-json\/wp\/v2\/pages\/8858\/revisions\/15167"}],"up":[{"embeddable":true,"href":"https:\/\/hand2noteguide.com\/es\/wp-json\/wp\/v2\/pages\/4640"}],"wp:attachment":[{"href":"https:\/\/hand2noteguide.com\/es\/wp-json\/wp\/v2\/media?parent=8858"}],"curies":[{"name":"wp","href":"https:\/\/api.w.org\/{rel}","templated":true}]}}