{"id":9238,"date":"2025-03-15T01:15:37","date_gmt":"2025-03-14T22:15:37","guid":{"rendered":"https:\/\/hand2noteguide.com\/?page_id=9238"},"modified":"2026-03-10T11:10:12","modified_gmt":"2026-03-10T08:10:12","slug":"creating-and-using-aliases-in-hand2note","status":"publish","type":"page","link":"https:\/\/hand2noteguide.com\/es\/user-manual\/creating-and-using-aliases-in-hand2note\/","title":{"rendered":"Creaci\u00f3n y uso de alias en Hand2Note"},"content":{"rendered":"\n<p>Los alias te permiten combinar manos jugadas desde m\u00faltiples cuentas (apodos\/IDs) juntas, proporcionando una visualizaci\u00f3n de todos sus resultados, sesiones y estad\u00edsticas en un formato de jugador \u00fanico.<\/p>\n\n\n\n<p>Esta funci\u00f3n es \u00fatil cuando:<\/p>\n\n\n\n<ul class=\"wp-block-list\">\n<li>si juegas en m\u00faltiples salas y\/o desde m\u00faltiples cuentas (apodos\/IDs), y quieres ver todos tus datos como uno solo;<\/li>\n\n\n\n<li>si conoces de manera confiable a tu oponente, as\u00ed como muchas de sus cuentas (apodos\/IDs) en diferentes sitios, y quieres ver todas sus estad\u00edsticas en conjunto;<\/li>\n\n\n\n<li>si eres un entrenador o fundaci\u00f3n activa, y quieres ver los resultados de tus estudiantes o jugadores &#8211; como uno solo, para identificar fugas o tendencias comunes.<\/li>\n<\/ul>\n\n\n\n<h2 class=\"wp-block-heading\">Creaci\u00f3n de un alias<\/h2>\n\n\n\n<p><em>La regla principal: antes de crear un alias, al menos una mano de la cuenta (apodo\/ID) que se va a agregar al alias debe haber sido jugada con Hand2Note habilitado, y debe mostrarse all\u00ed. De lo contrario, al agregar una cuenta (apodo\/ID) al alias, simplemente no la encontrar\u00e1s en la lista ofrecida de cuentas (apodos\/IDs).<\/em><\/p>\n\n\n\n<p>1) Despu\u00e9s de ejecutar la \u201cRegla Principal\u201d, en la esquina inferior izquierda de la ventana de Hand2Note, encuentra la cl\u00e1usula \u201cConfiguration\u201d y haz clic en ella (1). En el men\u00fa de configuraci\u00f3n abierto, selecciona la pesta\u00f1a \u201cAliases\u201d (2) y haz clic en \u201c+ Add Alias\u201d (3):<\/p>\n\n\n\n<figure class=\"wp-block-image size-large\"><img loading=\"lazy\" decoding=\"async\" width=\"1024\" height=\"549\" src=\"http:\/\/hand2noteguide.com\/wp-content\/uploads\/2025\/04\/alias-1-1024x549.jpg\" alt=\"\" class=\"wp-image-10120\" srcset=\"https:\/\/hand2noteguide.com\/wp-content\/uploads\/2025\/04\/alias-1-1024x549.jpg 1024w, https:\/\/hand2noteguide.com\/wp-content\/uploads\/2025\/04\/alias-1-300x161.jpg 300w, https:\/\/hand2noteguide.com\/wp-content\/uploads\/2025\/04\/alias-1-768x412.jpg 768w, https:\/\/hand2noteguide.com\/wp-content\/uploads\/2025\/04\/alias-1-1536x824.jpg 1536w, https:\/\/hand2noteguide.com\/wp-content\/uploads\/2025\/04\/alias-1-772x414.jpg 772w, https:\/\/hand2noteguide.com\/wp-content\/uploads\/2025\/04\/alias-1-624x335.jpg 624w, https:\/\/hand2noteguide.com\/wp-content\/uploads\/2025\/04\/alias-1.jpg 1600w\" sizes=\"auto, (max-width: 1024px) 100vw, 1024px\" \/><\/figure>\n\n\n\n<p>2) En el men\u00fa abierto \u201cAdd Alias\u201d, en el campo etiquetado como \u201cnew alias\u201d ingresa un nombre para \u00e9l (sin usar s\u00edmbolos especiales) (1), luego habilita la cl\u00e1usula \u201cis Single Person\u201d (opcional) haciendo clic en la casilla de verificaci\u00f3n junto a ella (2). En el campo \u201cSearch Player\u201d (3), ingresa el apodo o ID que deseas agregar al Alias, y tan pronto como aparezca en el men\u00fa de abajo, haz clic en el \u201c+\u201d frente a \u00e9l. (4). Repite los pasos (3) y (4) con cada uno de los apodos o IDs requeridos para ser agregados al alias. Despu\u00e9s de eso, aseg\u00farate de que todos los apodos o IDs requeridos est\u00e9n presentes en el men\u00fa (5), y si todo est\u00e1 listo, haz clic en \u201cOK\u201d en la parte inferior derecha de la ventana (6).<\/p>\n\n\n\n<figure class=\"wp-block-image size-full\"><img loading=\"lazy\" decoding=\"async\" width=\"808\" height=\"826\" src=\"http:\/\/hand2noteguide.com\/wp-content\/uploads\/2025\/04\/alias-2.jpg\" alt=\"\" class=\"wp-image-10121\" srcset=\"https:\/\/hand2noteguide.com\/wp-content\/uploads\/2025\/04\/alias-2.jpg 808w, https:\/\/hand2noteguide.com\/wp-content\/uploads\/2025\/04\/alias-2-293x300.jpg 293w, https:\/\/hand2noteguide.com\/wp-content\/uploads\/2025\/04\/alias-2-768x785.jpg 768w, https:\/\/hand2noteguide.com\/wp-content\/uploads\/2025\/04\/alias-2-772x789.jpg 772w, https:\/\/hand2noteguide.com\/wp-content\/uploads\/2025\/04\/alias-2-610x624.jpg 610w\" sizes=\"auto, (max-width: 808px) 100vw, 808px\" \/><\/figure>\n\n\n\n<h3 class=\"wp-block-heading\">M\u00e9todo avanzado: Creaci\u00f3n de alias de jugadores con estad\u00edsticas espec\u00edficas<\/h3>\n\n\n\n<p>Usando la funci\u00f3n <a href=\"https:\/\/hand2noteguide.com\/es\/user-manual\/the-multiple-players-tool-in-hand2note-range-research\/\">Multiple Player Reports<\/a> de Hand2Note, puedes crear r\u00e1pidamente un alias de jugadores que coincidan con filtros espec\u00edficos que configures. Puedes hacer eso para analizar grupos espec\u00edficos de oponentes y construir una estrategia explotadora contra ellos.<\/p>\n\n\n\n<h2 class=\"wp-block-heading\">Uso de un alias<\/h2>\n\n\n\n<p>Para ver los datos de un alias terminado en la pesta\u00f1a \u201c<a href=\"https:\/\/hand2noteguide.com\/es\/user-manual\/hand2note-report-menu\/\">Reports<\/a>\u201d, haz clic en el icono del jugador (1), y luego en la lista desplegable puedes encontrarlo (2); al hacer clic en \u00e9l, ver\u00e1s el informe que necesitas:<\/p>\n\n\n\n<figure class=\"wp-block-image size-large\"><img loading=\"lazy\" decoding=\"async\" width=\"1024\" height=\"551\" src=\"http:\/\/hand2noteguide.com\/wp-content\/uploads\/2025\/04\/alias-3-1024x551.jpg\" alt=\"\" class=\"wp-image-10122\" srcset=\"https:\/\/hand2noteguide.com\/wp-content\/uploads\/2025\/04\/alias-3-1024x551.jpg 1024w, https:\/\/hand2noteguide.com\/wp-content\/uploads\/2025\/04\/alias-3-300x161.jpg 300w, https:\/\/hand2noteguide.com\/wp-content\/uploads\/2025\/04\/alias-3-768x413.jpg 768w, https:\/\/hand2noteguide.com\/wp-content\/uploads\/2025\/04\/alias-3-1536x827.jpg 1536w, https:\/\/hand2noteguide.com\/wp-content\/uploads\/2025\/04\/alias-3-772x415.jpg 772w, https:\/\/hand2noteguide.com\/wp-content\/uploads\/2025\/04\/alias-3-624x336.jpg 624w, https:\/\/hand2noteguide.com\/wp-content\/uploads\/2025\/04\/alias-3.jpg 1600w\" sizes=\"auto, (max-width: 1024px) 100vw, 1024px\" \/><\/figure>\n\n\n\n<p>Para ver los datos de un alias listo en la pesta\u00f1a \u201cStatistics\u201d, haz clic en el icono del jugador (1), y en la lista desplegable (2) puedes encontrarlo; al hacer clic en \u00e9l, ver\u00e1s las estad\u00edsticas que necesitas:<\/p>\n\n\n\n<figure class=\"wp-block-image size-large\"><img loading=\"lazy\" decoding=\"async\" width=\"1024\" height=\"564\" src=\"http:\/\/hand2noteguide.com\/wp-content\/uploads\/2025\/04\/alias-4-1024x564.jpg\" alt=\"\" class=\"wp-image-10123\" srcset=\"https:\/\/hand2noteguide.com\/wp-content\/uploads\/2025\/04\/alias-4-1024x564.jpg 1024w, https:\/\/hand2noteguide.com\/wp-content\/uploads\/2025\/04\/alias-4-300x165.jpg 300w, https:\/\/hand2noteguide.com\/wp-content\/uploads\/2025\/04\/alias-4-768x423.jpg 768w, https:\/\/hand2noteguide.com\/wp-content\/uploads\/2025\/04\/alias-4-1536x847.jpg 1536w, https:\/\/hand2noteguide.com\/wp-content\/uploads\/2025\/04\/alias-4-772x426.jpg 772w, https:\/\/hand2noteguide.com\/wp-content\/uploads\/2025\/04\/alias-4-624x344.jpg 624w, https:\/\/hand2noteguide.com\/wp-content\/uploads\/2025\/04\/alias-4.jpg 1600w\" sizes=\"auto, (max-width: 1024px) 100vw, 1024px\" \/><\/figure>\n\n\n\n<p>Para ver los datos de un alias listo en la pesta\u00f1a \u201cSessions\u201d, haz clic en el icono del jugador (1), y en la lista desplegable (2) puedes encontrarlo; al hacer clic en \u00e9l, ver\u00e1s las sesiones que necesitas:<\/p>\n\n\n\n<figure class=\"wp-block-image size-large\"><img loading=\"lazy\" decoding=\"async\" width=\"1024\" height=\"577\" src=\"http:\/\/hand2noteguide.com\/wp-content\/uploads\/2025\/04\/alias-5-1024x577.jpg\" alt=\"\" class=\"wp-image-10124\" srcset=\"https:\/\/hand2noteguide.com\/wp-content\/uploads\/2025\/04\/alias-5-1024x577.jpg 1024w, https:\/\/hand2noteguide.com\/wp-content\/uploads\/2025\/04\/alias-5-300x169.jpg 300w, https:\/\/hand2noteguide.com\/wp-content\/uploads\/2025\/04\/alias-5-768x433.jpg 768w, https:\/\/hand2noteguide.com\/wp-content\/uploads\/2025\/04\/alias-5-1536x866.jpg 1536w, https:\/\/hand2noteguide.com\/wp-content\/uploads\/2025\/04\/alias-5-772x435.jpg 772w, https:\/\/hand2noteguide.com\/wp-content\/uploads\/2025\/04\/alias-5-624x352.jpg 624w, https:\/\/hand2noteguide.com\/wp-content\/uploads\/2025\/04\/alias-5.jpg 1600w\" sizes=\"auto, (max-width: 1024px) 100vw, 1024px\" \/><\/figure>\n\n\n\n<h2 class=\"wp-block-heading\">Conclusi\u00f3n<\/h2>\n\n\n\n<p>Ahora sabes c\u00f3mo crear alias y realizar un an\u00e1lisis m\u00e1s completo de tus propios resultados, as\u00ed como de los resultados de otros jugadores. Lo cual, a su vez, con el enfoque correcto, tendr\u00e1 un impacto positivo en tu $\/hora.<\/p>\n","protected":false},"excerpt":{"rendered":"<p>Los alias te permiten combinar manos jugadas desde m\u00faltiples cuentas (apodos\/IDs) juntas, proporcionando una visualizaci\u00f3n de todos sus resultados, sesiones y estad\u00edsticas en un formato de jugador \u00fanico. Esta funci\u00f3n es \u00fatil cuando: Creaci\u00f3n de un alias La regla principal: antes de crear un alias, al menos una mano de la cuenta (apodo\/ID) que se &hellip; <a href=\"https:\/\/hand2noteguide.com\/es\/user-manual\/creating-and-using-aliases-in-hand2note\/\" class=\"more-link\">Continue reading <span class=\"screen-reader-text\">Creaci\u00f3n y uso de alias en Hand2Note<\/span><\/a><\/p>\n","protected":false},"author":3,"featured_media":10119,"parent":9199,"menu_order":0,"comment_status":"closed","ping_status":"closed","template":"","meta":{"footnotes":""},"class_list":["post-9238","page","type-page","status-publish","has-post-thumbnail","hentry"],"translation":{"provider":"WPGlobus","version":"3.0.2","language":"es","enabled_languages":["en","ru","pt","zh","es","fr","de","it","ja"],"languages":{"en":{"title":true,"content":true,"excerpt":false},"ru":{"title":true,"content":true,"excerpt":false},"pt":{"title":true,"content":true,"excerpt":false},"zh":{"title":true,"content":true,"excerpt":false},"es":{"title":true,"content":true,"excerpt":false},"fr":{"title":true,"content":true,"excerpt":false},"de":{"title":true,"content":true,"excerpt":false},"it":{"title":true,"content":true,"excerpt":false},"ja":{"title":true,"content":true,"excerpt":false}}},"yoast_head":"<!-- This site is optimized with the Yoast SEO plugin v27.0 - https:\/\/yoast.com\/product\/yoast-seo-wordpress\/ -->\n<title>Creaci\u00f3n y uso de alias en Hand2Note<\/title>\n<meta name=\"description\" content=\"Aprende c\u00f3mo crear y usar alias en Hand2Note para fusionar los datos de m\u00faltiples cuentas y mejorar el an\u00e1lisis de p\u00f3ker, el seguimiento de oponentes y obtener mejores perspectivas de entrenamiento.\" \/>\n<meta name=\"robots\" content=\"index, follow, max-snippet:-1, max-image-preview:large, max-video-preview:-1\" \/>\n<link rel=\"canonical\" href=\"https:\/\/hand2noteguide.com\/user-manual\/creating-and-using-aliases-in-hand2note\/\" \/>\n<meta property=\"og:locale\" content=\"es_ES\" \/>\n<meta property=\"og:type\" content=\"article\" \/>\n<meta property=\"og:title\" content=\"Creaci\u00f3n y uso de alias en Hand2Note\" \/>\n<meta property=\"og:description\" content=\"Aprende c\u00f3mo crear y usar alias en Hand2Note para fusionar los datos de m\u00faltiples cuentas y mejorar el an\u00e1lisis de p\u00f3ker, el seguimiento de oponentes y obtener mejores perspectivas de entrenamiento.\" \/>\n<meta property=\"og:url\" content=\"https:\/\/hand2noteguide.com\/user-manual\/creating-and-using-aliases-in-hand2note\/\" \/>\n<meta property=\"og:site_name\" content=\"Hand2Note Guide\" \/>\n<meta property=\"article:modified_time\" content=\"2026-03-10T08:10:12+00:00\" \/>\n<meta property=\"og:image\" content=\"https:\/\/hand2noteguide.com\/wp-content\/uploads\/2025\/04\/hand2note-alias.jpg\" \/>\n\t<meta property=\"og:image:width\" content=\"1600\" \/>\n\t<meta property=\"og:image:height\" content=\"933\" \/>\n\t<meta property=\"og:image:type\" content=\"image\/jpeg\" \/>\n<meta name=\"twitter:card\" content=\"summary_large_image\" \/>\n<meta name=\"twitter:label1\" content=\"Est. reading time\" \/>\n\t<meta name=\"twitter:data1\" content=\"17 minutes\" \/>\n<!-- \/ Yoast SEO plugin. -->","yoast_head_json":{"title":"Creaci\u00f3n y uso de alias en Hand2Note","description":"Aprende c\u00f3mo crear y usar alias en Hand2Note para fusionar los datos de m\u00faltiples cuentas y mejorar el an\u00e1lisis de p\u00f3ker, el seguimiento de oponentes y obtener mejores perspectivas de entrenamiento.","robots":{"index":"index","follow":"follow","max-snippet":"max-snippet:-1","max-image-preview":"max-image-preview:large","max-video-preview":"max-video-preview:-1"},"canonical":"https:\/\/hand2noteguide.com\/user-manual\/creating-and-using-aliases-in-hand2note\/","og_locale":"es_ES","og_type":"article","og_title":"Creaci\u00f3n y uso de alias en Hand2Note","og_description":"Aprende c\u00f3mo crear y usar alias en Hand2Note para fusionar los datos de m\u00faltiples cuentas y mejorar el an\u00e1lisis de p\u00f3ker, el seguimiento de oponentes y obtener mejores perspectivas de entrenamiento.","og_url":"https:\/\/hand2noteguide.com\/user-manual\/creating-and-using-aliases-in-hand2note\/","og_site_name":"Hand2Note Guide","article_modified_time":"2026-03-10T08:10:12+00:00","og_image":[{"width":1600,"height":933,"url":"https:\/\/hand2noteguide.com\/wp-content\/uploads\/2025\/04\/hand2note-alias.jpg","type":"image\/jpeg"}],"twitter_card":"summary_large_image","twitter_misc":{"Est. reading time":"17 minutes"},"schema":{"@context":"https:\/\/schema.org","@graph":[]}},"jetpack_sharing_enabled":true,"_links":{"self":[{"href":"https:\/\/hand2noteguide.com\/es\/wp-json\/wp\/v2\/pages\/9238","targetHints":{"allow":["GET"]}}],"collection":[{"href":"https:\/\/hand2noteguide.com\/es\/wp-json\/wp\/v2\/pages"}],"about":[{"href":"https:\/\/hand2noteguide.com\/es\/wp-json\/wp\/v2\/types\/page"}],"author":[{"embeddable":true,"href":"https:\/\/hand2noteguide.com\/es\/wp-json\/wp\/v2\/users\/3"}],"replies":[{"embeddable":true,"href":"https:\/\/hand2noteguide.com\/es\/wp-json\/wp\/v2\/comments?post=9238"}],"version-history":[{"count":21,"href":"https:\/\/hand2noteguide.com\/es\/wp-json\/wp\/v2\/pages\/9238\/revisions"}],"predecessor-version":[{"id":15609,"href":"https:\/\/hand2noteguide.com\/es\/wp-json\/wp\/v2\/pages\/9238\/revisions\/15609"}],"up":[{"embeddable":true,"href":"https:\/\/hand2noteguide.com\/es\/wp-json\/wp\/v2\/pages\/9199"}],"wp:featuredmedia":[{"embeddable":true,"href":"https:\/\/hand2noteguide.com\/es\/wp-json\/wp\/v2\/media\/10119"}],"wp:attachment":[{"href":"https:\/\/hand2noteguide.com\/es\/wp-json\/wp\/v2\/media?parent=9238"}],"curies":[{"name":"wp","href":"https:\/\/api.w.org\/{rel}","templated":true}]}}