{"id":9242,"date":"2025-03-15T17:26:53","date_gmt":"2025-03-15T14:26:53","guid":{"rendered":"https:\/\/hand2noteguide.com\/?page_id=9242"},"modified":"2026-03-10T11:11:04","modified_gmt":"2026-03-10T08:11:04","slug":"export-import-aliases-in-hand2note","status":"publish","type":"page","link":"https:\/\/hand2noteguide.com\/es\/user-manual\/export-import-aliases-in-hand2note\/","title":{"rendered":"Exportar\/Importar alias en Hand2Note"},"content":{"rendered":"\n<p>Hand2Note te permite exportar e importar <a href=\"https:\/\/hand2noteguide.com\/es\/user-manual\/creating-and-using-aliases-in-hand2note\/\">alias<\/a> a trav\u00e9s de archivos de texto, lo que simplifica enormemente el proceso de su creaci\u00f3n o transferencia de un Hand2Note a otro.<\/p>\n\n\n\n<div class=\"wp-block-group is-vertical is-content-justification-left is-layout-flex wp-container-core-group-is-layout-c0ca7d81 wp-block-group-is-layout-flex\">\n<p>Estas funciones ser\u00e1n \u00fatiles:<\/p>\n\n\n\n<div class=\"wp-block-group\"><div class=\"wp-block-group__inner-container is-layout-constrained wp-block-group-is-layout-constrained\">\n<ul class=\"wp-block-list\">\n<li>para entrenadores o fondos que analizan el juego de sus estudiantes utilizando alias, ya que crearlos manualmente consume mucho tiempo. Exportar e importar automatizar\u00e1 parcialmente estos pasos;<\/li>\n\n\n\n<li>para jugadores que est\u00e1n transfiriendo sus configuraciones de Hand2Note a un nuevo dispositivo y tambi\u00e9n desean realizar una transferencia de alias.<\/li>\n<\/ul>\n<\/div><\/div>\n<\/div>\n\n\n\n<p>Las capacidades de exportaci\u00f3n e importaci\u00f3n son dif\u00edciles de apreciar completamente, porque no solo es un proceso de automatizaci\u00f3n de la creaci\u00f3n e ingreso de alias, sino tambi\u00e9n de facilitar su edici\u00f3n, fusi\u00f3n, divisi\u00f3n y muchas otras caracter\u00edsticas que son mucho m\u00e1s f\u00e1ciles de realizar a trav\u00e9s de archivos de texto que manualmente en el entorno de Hand2Note.<\/p>\n\n\n\n<h2 class=\"wp-block-heading\">Creaci\u00f3n de un archivo de texto de alias<\/h2>\n\n\n\n<div class=\"wp-block-group\"><div class=\"wp-block-group__inner-container is-layout-constrained wp-block-group-is-layout-constrained\">\n<p>1) Crea un archivo de texto vac\u00edo en tu escritorio: haz clic con el bot\u00f3n derecho del rat\u00f3n en cualquier espacio libre de tu escritorio y selecciona \u201cNuevo &#8211; Documento de texto\u201d:<\/p>\n\n\n\n<figure class=\"wp-block-image size-large\"><img loading=\"lazy\" decoding=\"async\" width=\"1024\" height=\"891\" src=\"http:\/\/hand2noteguide.com\/wp-content\/uploads\/2025\/04\/ex1-1024x891.jpg\" alt=\"\" class=\"wp-image-10130\" srcset=\"https:\/\/hand2noteguide.com\/wp-content\/uploads\/2025\/04\/ex1-1024x891.jpg 1024w, https:\/\/hand2noteguide.com\/wp-content\/uploads\/2025\/04\/ex1-300x261.jpg 300w, https:\/\/hand2noteguide.com\/wp-content\/uploads\/2025\/04\/ex1-768x668.jpg 768w, https:\/\/hand2noteguide.com\/wp-content\/uploads\/2025\/04\/ex1-772x672.jpg 772w, https:\/\/hand2noteguide.com\/wp-content\/uploads\/2025\/04\/ex1-624x543.jpg 624w, https:\/\/hand2noteguide.com\/wp-content\/uploads\/2025\/04\/ex1.jpg 1246w\" sizes=\"auto, (max-width: 1024px) 100vw, 1024px\" \/><\/figure>\n<\/div><\/div>\n\n\n\n<p><\/p>\n\n\n\n<p>2) A continuaci\u00f3n, establece el nombre del archivo de texto (en ingl\u00e9s y sin caracteres especiales) y \u00e1brelo; aqu\u00ed crear\u00e1s un alias de jugador ingresando los datos de cada jugador desde una nueva l\u00ednea en el siguiente formato:<\/p>\n\n\n\n<p>NOMBRE DEL ALIAS, APODO DEL JUGADOR, NOMBRE DE LA SALA DE P\u00d3KER<\/p>\n\n\n\n<p><\/p>\n\n\n\n<p>En el ejemplo de la captura de pantalla a continuaci\u00f3n:<\/p>\n\n\n\n<ul class=\"wp-block-list\">\n<li>NOMBRE DEL ALIAS es \u201c1\u201d<\/li>\n\n\n\n<li>NOMBRE DE LA SALA DE P\u00d3KER es \u201cPokerStars.\u201d <\/li>\n\n\n\n<li>coma (\u201c,\u201d) &#8211; act\u00faa como un separador obligatorio entre los datos ingresados <\/li>\n\n\n\n<li>APODO DEL JUGADOR &#8211; especificado entre el nombre del alias y el nombre de la sala de p\u00f3ker, separados por comas<\/li>\n<\/ul>\n\n\n\n<figure class=\"wp-block-image size-large\"><img loading=\"lazy\" decoding=\"async\" width=\"1024\" height=\"852\" src=\"http:\/\/hand2noteguide.com\/wp-content\/uploads\/2025\/04\/ex2-1024x852.jpg\" alt=\"\" class=\"wp-image-10131\" srcset=\"https:\/\/hand2noteguide.com\/wp-content\/uploads\/2025\/04\/ex2-1024x852.jpg 1024w, https:\/\/hand2noteguide.com\/wp-content\/uploads\/2025\/04\/ex2-300x250.jpg 300w, https:\/\/hand2noteguide.com\/wp-content\/uploads\/2025\/04\/ex2-768x639.jpg 768w, https:\/\/hand2noteguide.com\/wp-content\/uploads\/2025\/04\/ex2-772x642.jpg 772w, https:\/\/hand2noteguide.com\/wp-content\/uploads\/2025\/04\/ex2-624x519.jpg 624w, https:\/\/hand2noteguide.com\/wp-content\/uploads\/2025\/04\/ex2.jpg 1078w\" sizes=\"auto, (max-width: 1024px) 100vw, 1024px\" \/><\/figure>\n\n\n\n<div class=\"wp-block-group\"><div class=\"wp-block-group__inner-container is-layout-constrained wp-block-group-is-layout-constrained\">\n<p>Una lista de los nombres de salas de p\u00f3ker m\u00e1s populares para ingresar:<\/p>\n\n\n\n<ul class=\"wp-block-list\">\n<li>PokerStars<\/li>\n\n\n\n<li>Pacific<\/li>\n\n\n\n<li>IPoker<\/li>\n\n\n\n<li>PokerBros<\/li>\n\n\n\n<li>PPPoker<\/li>\n\n\n\n<li>Xpoker<\/li>\n<\/ul>\n<\/div><\/div>\n\n\n\n<p><em>Si no ves tu sala deseada en esta lista, por favor pregunta al servicio de atenci\u00f3n al cliente de Hand2Note por su nombre correcto, no olvides especificar que es necesario para crear un archivo de texto de alias.<\/em><\/p>\n\n\n\n<p><\/p>\n\n\n\n<p>3) Despu\u00e9s de ingresar todos los datos, guarda el archivo de texto en un lugar conveniente con la extensi\u00f3n \u201cCSV\u201d (.csv). Esto se puede hacer editando el final en el nombre del archivo, cambiando despu\u00e9s del punto de \u201c.txt\u201d a \u201c.csv\u201d y guardando este cambio.<\/p>\n\n\n\n<figure class=\"wp-block-image size-full\"><img loading=\"lazy\" decoding=\"async\" width=\"435\" height=\"105\" src=\"http:\/\/hand2noteguide.com\/wp-content\/uploads\/2025\/04\/ex3.jpg\" alt=\"\" class=\"wp-image-10132\" srcset=\"https:\/\/hand2noteguide.com\/wp-content\/uploads\/2025\/04\/ex3.jpg 435w, https:\/\/hand2noteguide.com\/wp-content\/uploads\/2025\/04\/ex3-300x72.jpg 300w\" sizes=\"auto, (max-width: 435px) 100vw, 435px\" \/><\/figure>\n\n\n\n<p>4) Carga el archivo de texto de alias creado en Hand2Note.<br>Para hacer esto, abre \u201cConfiguraci\u00f3n\u201d en la ventana principal de Hand2Note, luego ve a la pesta\u00f1a \u201cAlias\u201d y haz clic en \u201c+ Importar desde CSV\u201d, y en el men\u00fa de b\u00fasqueda de archivos que se abre, encuentra el archivo de texto de alias que creaste y selecci\u00f3nalo.<br><\/p>\n\n\n\n<figure class=\"wp-block-image size-large\"><img loading=\"lazy\" decoding=\"async\" width=\"1024\" height=\"551\" src=\"http:\/\/hand2noteguide.com\/wp-content\/uploads\/2025\/04\/ex4-1024x551.jpg\" alt=\"\" class=\"wp-image-10133\" srcset=\"https:\/\/hand2noteguide.com\/wp-content\/uploads\/2025\/04\/ex4-1024x551.jpg 1024w, https:\/\/hand2noteguide.com\/wp-content\/uploads\/2025\/04\/ex4-300x161.jpg 300w, https:\/\/hand2noteguide.com\/wp-content\/uploads\/2025\/04\/ex4-768x413.jpg 768w, https:\/\/hand2noteguide.com\/wp-content\/uploads\/2025\/04\/ex4-1536x827.jpg 1536w, https:\/\/hand2noteguide.com\/wp-content\/uploads\/2025\/04\/ex4-772x415.jpg 772w, https:\/\/hand2noteguide.com\/wp-content\/uploads\/2025\/04\/ex4-624x336.jpg 624w, https:\/\/hand2noteguide.com\/wp-content\/uploads\/2025\/04\/ex4.jpg 1600w\" sizes=\"auto, (max-width: 1024px) 100vw, 1024px\" \/><\/figure>\n\n\n\n<p>Si todo se hizo correctamente, el alias aparecer\u00e1 en la lista de alias y estar\u00e1 disponible para ser abierto y utilizado a trav\u00e9s del men\u00fa de Reports, Sessions o Statistics.<\/p>\n\n\n\n<p><br><em>Una adici\u00f3n \u00fatil:<br><br>Justo antes de cargar en Hand2Note, tambi\u00e9n puedes editar archivos de texto \u201cCSV\u201d usando un editor de tablas, por ejemplo, \u201cMicrosoft Excel\u201d, as\u00ed como crearlos o editarlos usando algunas redes neuronales. Esto simplifica y ampl\u00eda enormemente las posibilidades de analizar, estructurar y editar datos dentro del archivo; lo principal es cumplir estrictamente con el formato de entrada de datos: <\/em><\/p>\n\n\n\n<p><em>NOMBRE DEL ALIAS, APODO DEL JUGADOR, NOMBRE DE LA SALA DE P\u00d3KER.<\/em><\/p>\n\n\n\n<h2 class=\"wp-block-heading\">Exportaci\u00f3n de un alias a un archivo de texto<\/h2>\n\n\n\n<p>Para exportar alias desde Hand2Note, en la ventana principal de Hand2Note abre \u201cConfiguraci\u00f3n\u201d, luego ve a la pesta\u00f1a \u201cAlias\u201d y haz clic en \u201c+ Exportar a CSV\u2026\u201d:<\/p>\n\n\n\n<figure class=\"wp-block-image size-large\"><img loading=\"lazy\" decoding=\"async\" width=\"1024\" height=\"545\" src=\"http:\/\/hand2noteguide.com\/wp-content\/uploads\/2025\/04\/ex5-1024x545.jpg\" alt=\"\" class=\"wp-image-10134\" srcset=\"https:\/\/hand2noteguide.com\/wp-content\/uploads\/2025\/04\/ex5-1024x545.jpg 1024w, https:\/\/hand2noteguide.com\/wp-content\/uploads\/2025\/04\/ex5-300x160.jpg 300w, https:\/\/hand2noteguide.com\/wp-content\/uploads\/2025\/04\/ex5-768x409.jpg 768w, https:\/\/hand2noteguide.com\/wp-content\/uploads\/2025\/04\/ex5-1536x818.jpg 1536w, https:\/\/hand2noteguide.com\/wp-content\/uploads\/2025\/04\/ex5-772x411.jpg 772w, https:\/\/hand2noteguide.com\/wp-content\/uploads\/2025\/04\/ex5-624x332.jpg 624w, https:\/\/hand2noteguide.com\/wp-content\/uploads\/2025\/04\/ex5.jpg 1600w\" sizes=\"auto, (max-width: 1024px) 100vw, 1024px\" \/><\/figure>\n\n\n\n<p><br>Despu\u00e9s de eso, especifica la ubicaci\u00f3n de guardado y da un nombre al archivo que se va a guardar.<\/p>\n\n\n\n<h2 class=\"wp-block-heading\">En conclusi\u00f3n:<\/h2>\n\n\n\n<p>No tengas miedo de experimentar: crear, exportar e importar alias dentro de grandes fundaciones o grandes grupos de jugadores es una habilidad extremadamente importante y \u00fatil que ofrece amplias oportunidades para analizar, agrupar, filtrar y evaluar jugadores, en un formato grupal. Esto puede facilitar, expandir y sistematizar enormemente la informaci\u00f3n que recibes.<\/p>\n","protected":false},"excerpt":{"rendered":"<p>Hand2Note te permite exportar e importar alias a trav\u00e9s de archivos de texto, lo que simplifica enormemente el proceso de su creaci\u00f3n o transferencia de un Hand2Note a otro. Estas funciones ser\u00e1n \u00fatiles: Las capacidades de exportaci\u00f3n e importaci\u00f3n son dif\u00edciles de apreciar completamente, porque no solo es un proceso de automatizaci\u00f3n de la creaci\u00f3n &hellip; <a href=\"https:\/\/hand2noteguide.com\/es\/user-manual\/export-import-aliases-in-hand2note\/\" class=\"more-link\">Continue reading <span class=\"screen-reader-text\">Exportar\/Importar alias en Hand2Note<\/span><\/a><\/p>\n","protected":false},"author":3,"featured_media":10129,"parent":9199,"menu_order":0,"comment_status":"closed","ping_status":"closed","template":"","meta":{"footnotes":""},"class_list":["post-9242","page","type-page","status-publish","has-post-thumbnail","hentry"],"translation":{"provider":"WPGlobus","version":"3.0.2","language":"es","enabled_languages":["en","ru","pt","zh","es","fr","de","it","ja"],"languages":{"en":{"title":true,"content":true,"excerpt":false},"ru":{"title":true,"content":true,"excerpt":false},"pt":{"title":true,"content":true,"excerpt":false},"zh":{"title":true,"content":true,"excerpt":false},"es":{"title":true,"content":true,"excerpt":false},"fr":{"title":true,"content":true,"excerpt":false},"de":{"title":true,"content":true,"excerpt":false},"it":{"title":true,"content":true,"excerpt":false},"ja":{"title":true,"content":true,"excerpt":false}}},"yoast_head":"<!-- This site is optimized with the Yoast SEO plugin v27.0 - https:\/\/yoast.com\/product\/yoast-seo-wordpress\/ -->\n<title>Exportar\/Importar alias en Hand2Note<\/title>\n<meta name=\"description\" content=\"Aprende c\u00f3mo crear, editar, importar y exportar archivos de alias de jugador en Hand2Note utilizando el formato CSV para un agrupamiento y an\u00e1lisis de jugadores eficiente.\" \/>\n<meta name=\"robots\" content=\"index, follow, max-snippet:-1, max-image-preview:large, max-video-preview:-1\" \/>\n<link rel=\"canonical\" href=\"https:\/\/hand2noteguide.com\/user-manual\/export-import-aliases-in-hand2note\/\" \/>\n<meta property=\"og:locale\" content=\"es_ES\" \/>\n<meta property=\"og:type\" content=\"article\" \/>\n<meta property=\"og:title\" content=\"Exportar\/Importar alias en Hand2Note\" \/>\n<meta property=\"og:description\" content=\"Aprende c\u00f3mo crear, editar, importar y exportar archivos de alias de jugador en Hand2Note utilizando el formato CSV para un agrupamiento y an\u00e1lisis de jugadores eficiente.\" \/>\n<meta property=\"og:url\" content=\"https:\/\/hand2noteguide.com\/user-manual\/export-import-aliases-in-hand2note\/\" \/>\n<meta property=\"og:site_name\" content=\"Hand2Note Guide\" \/>\n<meta property=\"article:modified_time\" content=\"2026-03-10T08:11:04+00:00\" \/>\n<meta property=\"og:image\" content=\"https:\/\/hand2noteguide.com\/wp-content\/uploads\/2025\/04\/export-import-aliases.jpg\" \/>\n\t<meta property=\"og:image:width\" content=\"1600\" \/>\n\t<meta property=\"og:image:height\" content=\"1600\" \/>\n\t<meta property=\"og:image:type\" content=\"image\/jpeg\" \/>\n<meta name=\"twitter:card\" content=\"summary_large_image\" \/>\n<meta name=\"twitter:label1\" content=\"Est. reading time\" \/>\n\t<meta name=\"twitter:data1\" content=\"21 minutes\" \/>\n<!-- \/ Yoast SEO plugin. -->","yoast_head_json":{"title":"Exportar\/Importar alias en Hand2Note","description":"Aprende c\u00f3mo crear, editar, importar y exportar archivos de alias de jugador en Hand2Note utilizando el formato CSV para un agrupamiento y an\u00e1lisis de jugadores eficiente.","robots":{"index":"index","follow":"follow","max-snippet":"max-snippet:-1","max-image-preview":"max-image-preview:large","max-video-preview":"max-video-preview:-1"},"canonical":"https:\/\/hand2noteguide.com\/user-manual\/export-import-aliases-in-hand2note\/","og_locale":"es_ES","og_type":"article","og_title":"Exportar\/Importar alias en Hand2Note","og_description":"Aprende c\u00f3mo crear, editar, importar y exportar archivos de alias de jugador en Hand2Note utilizando el formato CSV para un agrupamiento y an\u00e1lisis de jugadores eficiente.","og_url":"https:\/\/hand2noteguide.com\/user-manual\/export-import-aliases-in-hand2note\/","og_site_name":"Hand2Note Guide","article_modified_time":"2026-03-10T08:11:04+00:00","og_image":[{"width":1600,"height":1600,"url":"https:\/\/hand2noteguide.com\/wp-content\/uploads\/2025\/04\/export-import-aliases.jpg","type":"image\/jpeg"}],"twitter_card":"summary_large_image","twitter_misc":{"Est. reading time":"21 minutes"},"schema":{"@context":"https:\/\/schema.org","@graph":[]}},"jetpack_sharing_enabled":true,"_links":{"self":[{"href":"https:\/\/hand2noteguide.com\/es\/wp-json\/wp\/v2\/pages\/9242","targetHints":{"allow":["GET"]}}],"collection":[{"href":"https:\/\/hand2noteguide.com\/es\/wp-json\/wp\/v2\/pages"}],"about":[{"href":"https:\/\/hand2noteguide.com\/es\/wp-json\/wp\/v2\/types\/page"}],"author":[{"embeddable":true,"href":"https:\/\/hand2noteguide.com\/es\/wp-json\/wp\/v2\/users\/3"}],"replies":[{"embeddable":true,"href":"https:\/\/hand2noteguide.com\/es\/wp-json\/wp\/v2\/comments?post=9242"}],"version-history":[{"count":33,"href":"https:\/\/hand2noteguide.com\/es\/wp-json\/wp\/v2\/pages\/9242\/revisions"}],"predecessor-version":[{"id":15610,"href":"https:\/\/hand2noteguide.com\/es\/wp-json\/wp\/v2\/pages\/9242\/revisions\/15610"}],"up":[{"embeddable":true,"href":"https:\/\/hand2noteguide.com\/es\/wp-json\/wp\/v2\/pages\/9199"}],"wp:featuredmedia":[{"embeddable":true,"href":"https:\/\/hand2noteguide.com\/es\/wp-json\/wp\/v2\/media\/10129"}],"wp:attachment":[{"href":"https:\/\/hand2noteguide.com\/es\/wp-json\/wp\/v2\/media?parent=9242"}],"curies":[{"name":"wp","href":"https:\/\/api.w.org\/{rel}","templated":true}]}}