{"id":9263,"date":"2025-03-19T18:08:46","date_gmt":"2025-03-19T15:08:46","guid":{"rendered":"https:\/\/hand2noteguide.com\/?page_id=9263"},"modified":"2026-03-10T11:11:49","modified_gmt":"2026-03-10T08:11:49","slug":"currency-display-settings-in-hand2note","status":"publish","type":"page","link":"https:\/\/hand2noteguide.com\/es\/user-manual\/currency-display-settings-in-hand2note\/","title":{"rendered":"Configuraci\u00f3n de visualizaci\u00f3n de moneda en Hand2Note"},"content":{"rendered":"\n<p>Hand2Note te permite realizar configuraciones finas de moneda que afectan la visualizaci\u00f3n de ganancias o p\u00e9rdidas en informes y sesiones.<\/p>\n\n\n\n<h2 class=\"wp-block-heading\">Cuando juegas en varias aplicaciones de p\u00f3ker, las ganancias o p\u00e9rdidas pueden no mostrarse correctamente<\/h2>\n\n\n\n<p>Por ejemplo, cuando tienes algunas aplicaciones transfiriendo datos a trav\u00e9s de la importaci\u00f3n autom\u00e1tica de manos en moneda USD ($) y otras en moneda CNY (\u00a5); al mismo tiempo, todas las cuentas jugadas est\u00e1n en el mismo alias.<\/p>\n\n\n\n<p>Adem\u00e1s, sabes con certeza que las aplicaciones que proporcionan datos de juego a trav\u00e9s de la importaci\u00f3n autom\u00e1tica en moneda CNY (\u00a5) en realidad no significan moneda CNY (\u00a5), sino m\u00e1s bien moneda USD ($) a una proporci\u00f3n de 1 a 1.<\/p>\n\n\n\n<p>Si no has realizado ajustes de moneda, tus datos se ver\u00e1n as\u00ed:<\/p>\n\n\n\n<figure class=\"wp-block-image size-full\"><img loading=\"lazy\" decoding=\"async\" width=\"812\" height=\"785\" src=\"http:\/\/hand2noteguide.com\/wp-content\/uploads\/2025\/04\/currency-2.jpg\" alt=\"\" class=\"wp-image-10142\" srcset=\"https:\/\/hand2noteguide.com\/wp-content\/uploads\/2025\/04\/currency-2.jpg 812w, https:\/\/hand2noteguide.com\/wp-content\/uploads\/2025\/04\/currency-2-300x290.jpg 300w, https:\/\/hand2noteguide.com\/wp-content\/uploads\/2025\/04\/currency-2-768x742.jpg 768w, https:\/\/hand2noteguide.com\/wp-content\/uploads\/2025\/04\/currency-2-772x746.jpg 772w, https:\/\/hand2noteguide.com\/wp-content\/uploads\/2025\/04\/currency-2-624x603.jpg 624w\" sizes=\"auto, (max-width: 812px) 100vw, 812px\" \/><\/figure>\n\n\n\n<p>Donde lo resaltado bajo \u201c1\u201d son resultados de cuentas dentro de la aplicaci\u00f3n con moneda USD ($), y bajo \u201c2\u201d son resultados de cuentas dentro de la aplicaci\u00f3n con moneda CNY (\u00a5).<\/p>\n\n\n\n<p>Observa m\u00e1s de cerca la pesta\u00f1a \u201cResultados\u201d &#8211; la columna \u201cGanado\u201d contiene datos de resultados en diferentes monedas, que por configuraciones b\u00e1sicas de H2N se convierten a la tasa de cambio mundial de moneda CNY (\u00a5) a USD ($) y proporciona informaci\u00f3n resumida en esta columna abajo en la l\u00ednea \u201cResumen\u201d.<\/p>\n\n\n\n<p>Dado que sabes que el juego en aplicaciones con moneda CNY (\u00a5) para ti en realidad se calcula en moneda USD ($) en la proporci\u00f3n de 1:1, este tipo de configuraciones no es adecuado, porque la informaci\u00f3n en la l\u00ednea \u201cResumen\u201d no es correcta debido a la conversi\u00f3n a la tasa incorrecta para ti.<\/p>\n\n\n\n<h2 class=\"wp-block-heading\">Para la correcta visualizaci\u00f3n de ganancias o p\u00e9rdidas, necesitas configurar las monedas<\/h2>\n\n\n\n<p>Ve a \u201cConfiguraci\u00f3n\u201d, luego a \u201cMonedas\u201d y desmarca \u201cAuto obtener de una bolsa de valores\u201d. Despu\u00e9s de eso, encuentra la columna con la tasa de cambio requerida (por ejemplo: \u201cUSD\/CNY\u201d) y c\u00e1mbiala a la proporci\u00f3n requerida (por ejemplo: 1:1, es decir, al valor \u201c1\u201d).<\/p>\n\n\n\n<figure class=\"wp-block-image size-large\"><img loading=\"lazy\" decoding=\"async\" width=\"1024\" height=\"576\" src=\"http:\/\/hand2noteguide.com\/wp-content\/uploads\/2025\/04\/currency-3-1024x576.jpg\" alt=\"\" class=\"wp-image-10143\" srcset=\"https:\/\/hand2noteguide.com\/wp-content\/uploads\/2025\/04\/currency-3-1024x576.jpg 1024w, https:\/\/hand2noteguide.com\/wp-content\/uploads\/2025\/04\/currency-3-300x169.jpg 300w, https:\/\/hand2noteguide.com\/wp-content\/uploads\/2025\/04\/currency-3-768x432.jpg 768w, https:\/\/hand2noteguide.com\/wp-content\/uploads\/2025\/04\/currency-3-1536x864.jpg 1536w, https:\/\/hand2noteguide.com\/wp-content\/uploads\/2025\/04\/currency-3-772x434.jpg 772w, https:\/\/hand2noteguide.com\/wp-content\/uploads\/2025\/04\/currency-3-624x351.jpg 624w, https:\/\/hand2noteguide.com\/wp-content\/uploads\/2025\/04\/currency-3.jpg 1600w\" sizes=\"auto, (max-width: 1024px) 100vw, 1024px\" \/><\/figure>\n\n\n\n<p>Si todo se hizo correctamente, tus datos cambiar\u00e1n a los datos actuales como en el ejemplo a continuaci\u00f3n:<\/p>\n\n\n\n<figure class=\"wp-block-image size-full\"><img loading=\"lazy\" decoding=\"async\" width=\"802\" height=\"784\" src=\"http:\/\/hand2noteguide.com\/wp-content\/uploads\/2025\/04\/currency-4.png\" alt=\"\" class=\"wp-image-10144\" srcset=\"https:\/\/hand2noteguide.com\/wp-content\/uploads\/2025\/04\/currency-4.png 802w, https:\/\/hand2noteguide.com\/wp-content\/uploads\/2025\/04\/currency-4-300x293.png 300w, https:\/\/hand2noteguide.com\/wp-content\/uploads\/2025\/04\/currency-4-768x751.png 768w, https:\/\/hand2noteguide.com\/wp-content\/uploads\/2025\/04\/currency-4-772x755.png 772w, https:\/\/hand2noteguide.com\/wp-content\/uploads\/2025\/04\/currency-4-624x610.png 624w\" sizes=\"auto, (max-width: 802px) 100vw, 802px\" \/><\/figure>\n\n\n\n<h2 class=\"wp-block-heading\">Cuando juegas en diferentes clubes con diferentes valores de fichas, la configuraci\u00f3n de \u201cClub Rates\u201d te ayudar\u00e1<\/h2>\n\n\n\n<p>Para mostrar correctamente la moneda al jugar en clubes con diferentes precios de fichas, necesitas ir a \u201cConfiguraci\u00f3n\u201d, luego seleccionar la pesta\u00f1a \u201cClub Rates\u201d y hacer clic en \u201cAgregar Club Rates\u201d<\/p>\n\n\n\n<figure class=\"wp-block-image size-large\"><img loading=\"lazy\" decoding=\"async\" width=\"1024\" height=\"576\" src=\"http:\/\/hand2noteguide.com\/wp-content\/uploads\/2025\/04\/currency-5-1024x576.jpg\" alt=\"\" class=\"wp-image-10145\" srcset=\"https:\/\/hand2noteguide.com\/wp-content\/uploads\/2025\/04\/currency-5-1024x576.jpg 1024w, https:\/\/hand2noteguide.com\/wp-content\/uploads\/2025\/04\/currency-5-300x169.jpg 300w, https:\/\/hand2noteguide.com\/wp-content\/uploads\/2025\/04\/currency-5-768x432.jpg 768w, https:\/\/hand2noteguide.com\/wp-content\/uploads\/2025\/04\/currency-5-1536x864.jpg 1536w, https:\/\/hand2noteguide.com\/wp-content\/uploads\/2025\/04\/currency-5-772x434.jpg 772w, https:\/\/hand2noteguide.com\/wp-content\/uploads\/2025\/04\/currency-5-624x351.jpg 624w, https:\/\/hand2noteguide.com\/wp-content\/uploads\/2025\/04\/currency-5.jpg 1600w\" sizes=\"auto, (max-width: 1024px) 100vw, 1024px\" \/><\/figure>\n\n\n\n<p>A continuaci\u00f3n, en la ventana \u201cEditar Club Rates\u201d, selecciona la aplicaci\u00f3n deseada del men\u00fa desplegable \u201cPoker Site\u201d (1), especifica el ID del club para tu aplicaci\u00f3n en el campo \u201cClub id\u201d (2) y frente a \u00e9l en el campo \u201cChip in Usd\u201d (3) especifica el valor de la ficha en USD (puedes verificar el valor de la ficha con tu programa de afiliados o agente que proporciona acceso al juego en este club). Despu\u00e9s de hacer clic en \u201c+ Agregar Club Rate\u2026\u201d (4) repite los pasos (1), (2) y (3) si es necesario ajustar la tasa para otros clubes.<\/p>\n\n\n\n<p>Una vez que hayas completado la configuraci\u00f3n, haz clic en \u201cOK\u201d (5).<\/p>\n\n\n\n<figure class=\"wp-block-image size-full\"><img loading=\"lazy\" decoding=\"async\" width=\"359\" height=\"348\" src=\"http:\/\/hand2noteguide.com\/wp-content\/uploads\/2025\/04\/currency-6.jpg\" alt=\"\" class=\"wp-image-10146\" srcset=\"https:\/\/hand2noteguide.com\/wp-content\/uploads\/2025\/04\/currency-6.jpg 359w, https:\/\/hand2noteguide.com\/wp-content\/uploads\/2025\/04\/currency-6-300x291.jpg 300w\" sizes=\"auto, (max-width: 359px) 100vw, 359px\" \/><\/figure>\n\n\n\n<p>Si todo es correcto, Hand2Note debe reiniciarse para que los cambios surtan efecto y aparezcan en los informes y sesiones.<\/p>\n","protected":false},"excerpt":{"rendered":"<p>Hand2Note te permite realizar configuraciones finas de moneda que afectan la visualizaci\u00f3n de ganancias o p\u00e9rdidas en informes y sesiones. Cuando juegas en varias aplicaciones de p\u00f3ker, las ganancias o p\u00e9rdidas pueden no mostrarse correctamente Por ejemplo, cuando tienes algunas aplicaciones transfiriendo datos a trav\u00e9s de la importaci\u00f3n autom\u00e1tica de manos en moneda USD ($) &hellip; <a href=\"https:\/\/hand2noteguide.com\/es\/user-manual\/currency-display-settings-in-hand2note\/\" class=\"more-link\">Continue reading <span class=\"screen-reader-text\">Configuraci\u00f3n de visualizaci\u00f3n de moneda en Hand2Note<\/span><\/a><\/p>\n","protected":false},"author":3,"featured_media":10141,"parent":9199,"menu_order":0,"comment_status":"closed","ping_status":"closed","template":"","meta":{"footnotes":""},"class_list":["post-9263","page","type-page","status-publish","has-post-thumbnail","hentry"],"translation":{"provider":"WPGlobus","version":"3.0.2","language":"es","enabled_languages":["en","ru","pt","zh","es","fr","de","it","ja"],"languages":{"en":{"title":true,"content":true,"excerpt":false},"ru":{"title":true,"content":true,"excerpt":false},"pt":{"title":true,"content":true,"excerpt":false},"zh":{"title":true,"content":true,"excerpt":false},"es":{"title":true,"content":true,"excerpt":false},"fr":{"title":true,"content":true,"excerpt":false},"de":{"title":true,"content":true,"excerpt":false},"it":{"title":true,"content":true,"excerpt":false},"ja":{"title":true,"content":true,"excerpt":false}}},"yoast_head":"<!-- This site is optimized with the Yoast SEO plugin v27.0 - https:\/\/yoast.com\/product\/yoast-seo-wordpress\/ -->\n<title>Configuraci\u00f3n de visualizaci\u00f3n de moneda en Hand2Note<\/title>\n<meta name=\"description\" content=\"Configura las tasas de moneda y de club en Hand2Note para asegurar un seguimiento preciso de ganancias\/p\u00e9rdidas en aplicaciones con diferentes monedas o valores de fichas.\" \/>\n<meta name=\"robots\" content=\"index, follow, max-snippet:-1, max-image-preview:large, max-video-preview:-1\" \/>\n<link rel=\"canonical\" href=\"https:\/\/hand2noteguide.com\/user-manual\/currency-display-settings-in-hand2note\/\" \/>\n<meta property=\"og:locale\" content=\"es_ES\" \/>\n<meta property=\"og:type\" content=\"article\" \/>\n<meta property=\"og:title\" content=\"Configuraci\u00f3n de visualizaci\u00f3n de moneda en Hand2Note\" \/>\n<meta property=\"og:description\" content=\"Configura las tasas de moneda y de club en Hand2Note para asegurar un seguimiento preciso de ganancias\/p\u00e9rdidas en aplicaciones con diferentes monedas o valores de fichas.\" \/>\n<meta property=\"og:url\" content=\"https:\/\/hand2noteguide.com\/user-manual\/currency-display-settings-in-hand2note\/\" \/>\n<meta property=\"og:site_name\" content=\"Hand2Note Guide\" \/>\n<meta property=\"article:modified_time\" content=\"2026-03-10T08:11:49+00:00\" \/>\n<meta property=\"og:image\" content=\"https:\/\/hand2noteguide.com\/wp-content\/uploads\/2025\/04\/currency-1.jpg\" \/>\n\t<meta property=\"og:image:width\" content=\"1600\" \/>\n\t<meta property=\"og:image:height\" content=\"1067\" \/>\n\t<meta property=\"og:image:type\" content=\"image\/jpeg\" \/>\n<meta name=\"twitter:card\" content=\"summary_large_image\" \/>\n<meta name=\"twitter:label1\" content=\"Est. reading time\" \/>\n\t<meta name=\"twitter:data1\" content=\"16 minutes\" \/>\n<!-- \/ Yoast SEO plugin. -->","yoast_head_json":{"title":"Configuraci\u00f3n de visualizaci\u00f3n de moneda en Hand2Note","description":"Configura las tasas de moneda y de club en Hand2Note para asegurar un seguimiento preciso de ganancias\/p\u00e9rdidas en aplicaciones con diferentes monedas o valores de fichas.","robots":{"index":"index","follow":"follow","max-snippet":"max-snippet:-1","max-image-preview":"max-image-preview:large","max-video-preview":"max-video-preview:-1"},"canonical":"https:\/\/hand2noteguide.com\/user-manual\/currency-display-settings-in-hand2note\/","og_locale":"es_ES","og_type":"article","og_title":"Configuraci\u00f3n de visualizaci\u00f3n de moneda en Hand2Note","og_description":"Configura las tasas de moneda y de club en Hand2Note para asegurar un seguimiento preciso de ganancias\/p\u00e9rdidas en aplicaciones con diferentes monedas o valores de fichas.","og_url":"https:\/\/hand2noteguide.com\/user-manual\/currency-display-settings-in-hand2note\/","og_site_name":"Hand2Note Guide","article_modified_time":"2026-03-10T08:11:49+00:00","og_image":[{"width":1600,"height":1067,"url":"https:\/\/hand2noteguide.com\/wp-content\/uploads\/2025\/04\/currency-1.jpg","type":"image\/jpeg"}],"twitter_card":"summary_large_image","twitter_misc":{"Est. reading time":"16 minutes"},"schema":{"@context":"https:\/\/schema.org","@graph":[]}},"jetpack_sharing_enabled":true,"_links":{"self":[{"href":"https:\/\/hand2noteguide.com\/es\/wp-json\/wp\/v2\/pages\/9263","targetHints":{"allow":["GET"]}}],"collection":[{"href":"https:\/\/hand2noteguide.com\/es\/wp-json\/wp\/v2\/pages"}],"about":[{"href":"https:\/\/hand2noteguide.com\/es\/wp-json\/wp\/v2\/types\/page"}],"author":[{"embeddable":true,"href":"https:\/\/hand2noteguide.com\/es\/wp-json\/wp\/v2\/users\/3"}],"replies":[{"embeddable":true,"href":"https:\/\/hand2noteguide.com\/es\/wp-json\/wp\/v2\/comments?post=9263"}],"version-history":[{"count":33,"href":"https:\/\/hand2noteguide.com\/es\/wp-json\/wp\/v2\/pages\/9263\/revisions"}],"predecessor-version":[{"id":15611,"href":"https:\/\/hand2noteguide.com\/es\/wp-json\/wp\/v2\/pages\/9263\/revisions\/15611"}],"up":[{"embeddable":true,"href":"https:\/\/hand2noteguide.com\/es\/wp-json\/wp\/v2\/pages\/9199"}],"wp:featuredmedia":[{"embeddable":true,"href":"https:\/\/hand2noteguide.com\/es\/wp-json\/wp\/v2\/media\/10141"}],"wp:attachment":[{"href":"https:\/\/hand2noteguide.com\/es\/wp-json\/wp\/v2\/media?parent=9263"}],"curies":[{"name":"wp","href":"https:\/\/api.w.org\/{rel}","templated":true}]}}