{"id":9299,"date":"2025-03-20T01:00:47","date_gmt":"2025-03-19T22:00:47","guid":{"rendered":"https:\/\/hand2noteguide.com\/?page_id=9299"},"modified":"2026-03-10T11:12:55","modified_gmt":"2026-03-10T08:12:55","slug":"setting-up-an-auto-import-in-hand2note","status":"publish","type":"page","link":"https:\/\/hand2noteguide.com\/es\/user-manual\/setting-up-an-auto-import-in-hand2note\/","title":{"rendered":"Configuraci\u00f3n de la importaci\u00f3n autom\u00e1tica en Hand2Note"},"content":{"rendered":"\n<p>Al jugar en la mayor\u00eda de las salas de p\u00f3ker cl\u00e1sicas con Hand2Note, la funci\u00f3n de importaci\u00f3n autom\u00e1tica debe configurarse correctamente.<\/p>\n\n\n\n<p>Es responsable de recopilar estad\u00edsticas que tienen lugar en las mesas, en el transcurso de las manos. Esto, a su vez, permite procesar y actualizar inmediatamente las estad\u00edsticas de tus oponentes en el HUD y POPUP.<\/p>\n\n\n\n<h2 class=\"wp-block-heading\">Instrucciones generales paso a paso para configurar la importaci\u00f3n autom\u00e1tica<\/h2>\n\n\n\n<p>Configurar la importaci\u00f3n autom\u00e1tica consta de varios pasos:<\/p>\n\n\n\n<ol class=\"wp-block-list\">\n<li>Habilitar la funci\u00f3n de guardado de manos local en el cliente de la sala de p\u00f3ker;<\/li>\n\n\n\n<li>Encontrar y copiar la ruta a la ubicaci\u00f3n de la carpeta de guardado local del cliente de p\u00f3ker;<\/li>\n\n\n\n<li>Abrir en Hand2Note &#8211; &#8220;Configuration&#8221;, luego ir a la pesta\u00f1a &#8220;Auto import&#8221; y hacer clic en el bot\u00f3n &#8220;+ Add auto import folder\u2026&#8221;;<\/li>\n\n\n\n<li>En la ventana de b\u00fasqueda de carpetas, especificar la ruta a la ubicaci\u00f3n previamente copiada de la carpeta de guardado local del cliente de p\u00f3ker.<\/li>\n<\/ol>\n\n\n\n<p>Si todo se hace correctamente, la funci\u00f3n de importaci\u00f3n autom\u00e1tica funcionar\u00e1. Ser\u00e1 posible asegurarse en el momento de jugar en las mesas, las estad\u00edsticas se recopilar\u00e1n y cambiar\u00e1n, en el transcurso de las manos.<\/p>\n\n\n\n<h3 class=\"wp-block-heading\">Ejemplos de configuraci\u00f3n de la funci\u00f3n de importaci\u00f3n autom\u00e1tica de Hand2Note al jugar en sitios de p\u00f3ker populares<\/h3>\n\n\n\n<figure class=\"wp-block-gallery has-nested-images columns-3 is-cropped wp-block-gallery-1 is-layout-flex wp-block-gallery-is-layout-flex\">\n<figure class=\"wp-block-image size-full\"><img loading=\"lazy\" decoding=\"async\" width=\"2312\" height=\"945\" data-id=\"9331\" src=\"https:\/\/hand2noteguide.com\/wp-content\/uploads\/2025\/03\/PS-1.png\" alt=\"\" class=\"wp-image-9331\" srcset=\"https:\/\/hand2noteguide.com\/wp-content\/uploads\/2025\/03\/PS-1.png 2312w, https:\/\/hand2noteguide.com\/wp-content\/uploads\/2025\/03\/PS-1-300x123.png 300w, https:\/\/hand2noteguide.com\/wp-content\/uploads\/2025\/03\/PS-1-1024x419.png 1024w, https:\/\/hand2noteguide.com\/wp-content\/uploads\/2025\/03\/PS-1-768x314.png 768w, https:\/\/hand2noteguide.com\/wp-content\/uploads\/2025\/03\/PS-1-1536x628.png 1536w, https:\/\/hand2noteguide.com\/wp-content\/uploads\/2025\/03\/PS-1-2048x837.png 2048w, https:\/\/hand2noteguide.com\/wp-content\/uploads\/2025\/03\/PS-1-772x316.png 772w, https:\/\/hand2noteguide.com\/wp-content\/uploads\/2025\/03\/PS-1-624x255.png 624w\" sizes=\"auto, (max-width: 2312px) 100vw, 2312px\" \/><figcaption class=\"wp-element-caption\">PokerStars<\/figcaption><\/figure>\n\n\n\n<figure class=\"wp-block-image size-full\"><img loading=\"lazy\" decoding=\"async\" width=\"1799\" height=\"868\" data-id=\"9333\" src=\"https:\/\/hand2noteguide.com\/wp-content\/uploads\/2025\/03\/888-1.png\" alt=\"\" class=\"wp-image-9333\" srcset=\"https:\/\/hand2noteguide.com\/wp-content\/uploads\/2025\/03\/888-1.png 1799w, https:\/\/hand2noteguide.com\/wp-content\/uploads\/2025\/03\/888-1-300x145.png 300w, https:\/\/hand2noteguide.com\/wp-content\/uploads\/2025\/03\/888-1-1024x494.png 1024w, https:\/\/hand2noteguide.com\/wp-content\/uploads\/2025\/03\/888-1-768x371.png 768w, https:\/\/hand2noteguide.com\/wp-content\/uploads\/2025\/03\/888-1-1536x741.png 1536w, https:\/\/hand2noteguide.com\/wp-content\/uploads\/2025\/03\/888-1-772x372.png 772w, https:\/\/hand2noteguide.com\/wp-content\/uploads\/2025\/03\/888-1-624x301.png 624w\" sizes=\"auto, (max-width: 1799px) 100vw, 1799px\" \/><figcaption class=\"wp-element-caption\">888Poker (Pacific)<\/figcaption><\/figure>\n\n\n\n<figure class=\"wp-block-image size-full\"><img loading=\"lazy\" decoding=\"async\" width=\"1885\" height=\"712\" data-id=\"9330\" src=\"https:\/\/hand2noteguide.com\/wp-content\/uploads\/2025\/03\/EvenBet-Platform-SW\u0421-Poker-1.png\" alt=\"\" class=\"wp-image-9330\" srcset=\"https:\/\/hand2noteguide.com\/wp-content\/uploads\/2025\/03\/EvenBet-Platform-SW\u0421-Poker-1.png 1885w, https:\/\/hand2noteguide.com\/wp-content\/uploads\/2025\/03\/EvenBet-Platform-SW\u0421-Poker-1-300x113.png 300w, https:\/\/hand2noteguide.com\/wp-content\/uploads\/2025\/03\/EvenBet-Platform-SW\u0421-Poker-1-1024x387.png 1024w, https:\/\/hand2noteguide.com\/wp-content\/uploads\/2025\/03\/EvenBet-Platform-SW\u0421-Poker-1-768x290.png 768w, https:\/\/hand2noteguide.com\/wp-content\/uploads\/2025\/03\/EvenBet-Platform-SW\u0421-Poker-1-1536x580.png 1536w, https:\/\/hand2noteguide.com\/wp-content\/uploads\/2025\/03\/EvenBet-Platform-SW\u0421-Poker-1-772x292.png 772w, https:\/\/hand2noteguide.com\/wp-content\/uploads\/2025\/03\/EvenBet-Platform-SW\u0421-Poker-1-624x236.png 624w\" sizes=\"auto, (max-width: 1885px) 100vw, 1885px\" \/><figcaption class=\"wp-element-caption\">EvenBet Platform (SW\u0421 Poker)<\/figcaption><\/figure>\n\n\n\n<figure class=\"wp-block-image size-full\"><img loading=\"lazy\" decoding=\"async\" width=\"1831\" height=\"769\" data-id=\"9332\" src=\"https:\/\/hand2noteguide.com\/wp-content\/uploads\/2025\/03\/Winamax-1.png\" alt=\"\" class=\"wp-image-9332\" srcset=\"https:\/\/hand2noteguide.com\/wp-content\/uploads\/2025\/03\/Winamax-1.png 1831w, https:\/\/hand2noteguide.com\/wp-content\/uploads\/2025\/03\/Winamax-1-300x126.png 300w, https:\/\/hand2noteguide.com\/wp-content\/uploads\/2025\/03\/Winamax-1-1024x430.png 1024w, https:\/\/hand2noteguide.com\/wp-content\/uploads\/2025\/03\/Winamax-1-768x323.png 768w, https:\/\/hand2noteguide.com\/wp-content\/uploads\/2025\/03\/Winamax-1-1536x645.png 1536w, https:\/\/hand2noteguide.com\/wp-content\/uploads\/2025\/03\/Winamax-1-772x324.png 772w, https:\/\/hand2noteguide.com\/wp-content\/uploads\/2025\/03\/Winamax-1-624x262.png 624w\" sizes=\"auto, (max-width: 1831px) 100vw, 1831px\" \/><figcaption class=\"wp-element-caption\">Winamax<\/figcaption><\/figure>\n\n\n\n<figure class=\"wp-block-image size-full\"><img loading=\"lazy\" decoding=\"async\" width=\"1918\" height=\"740\" data-id=\"9334\" src=\"https:\/\/hand2noteguide.com\/wp-content\/uploads\/2025\/03\/WPN-1.png\" alt=\"\" class=\"wp-image-9334\" srcset=\"https:\/\/hand2noteguide.com\/wp-content\/uploads\/2025\/03\/WPN-1.png 1918w, https:\/\/hand2noteguide.com\/wp-content\/uploads\/2025\/03\/WPN-1-300x116.png 300w, https:\/\/hand2noteguide.com\/wp-content\/uploads\/2025\/03\/WPN-1-1024x395.png 1024w, https:\/\/hand2noteguide.com\/wp-content\/uploads\/2025\/03\/WPN-1-768x296.png 768w, https:\/\/hand2noteguide.com\/wp-content\/uploads\/2025\/03\/WPN-1-1536x593.png 1536w, https:\/\/hand2noteguide.com\/wp-content\/uploads\/2025\/03\/WPN-1-772x298.png 772w, https:\/\/hand2noteguide.com\/wp-content\/uploads\/2025\/03\/WPN-1-624x241.png 624w\" sizes=\"auto, (max-width: 1918px) 100vw, 1918px\" \/><figcaption class=\"wp-element-caption\">ACR Poker (WPN)<\/figcaption><\/figure>\n<\/figure>\n\n\n\n<h3 class=\"wp-block-heading\">Ejemplo de configuraci\u00f3n de la importaci\u00f3n autom\u00e1tica para la sala de p\u00f3ker \u201cRedStar\u201d<\/h3>\n\n\n\n<p>Lo primero que necesitas hacer es encontrar y habilitar la funci\u00f3n de guardado de manos local en el cliente de p\u00f3ker. Para hacer esto, pasa el cursor sobre el icono del avatar en la esquina superior izquierda del cliente de p\u00f3ker (1) y haz clic en \u201cSettings\u201d (2). Luego, encuentra el elemento \u201cStore hand history locally\u201d y marca la casilla (3).<\/p>\n\n\n\n<figure class=\"wp-block-image size-full\"><img loading=\"lazy\" decoding=\"async\" width=\"1001\" height=\"718\" src=\"https:\/\/hand2noteguide.com\/wp-content\/uploads\/2025\/03\/RedStar.jpg\" alt=\"\" class=\"wp-image-9311\" srcset=\"https:\/\/hand2noteguide.com\/wp-content\/uploads\/2025\/03\/RedStar.jpg 1001w, https:\/\/hand2noteguide.com\/wp-content\/uploads\/2025\/03\/RedStar-300x215.jpg 300w, https:\/\/hand2noteguide.com\/wp-content\/uploads\/2025\/03\/RedStar-768x551.jpg 768w, https:\/\/hand2noteguide.com\/wp-content\/uploads\/2025\/03\/RedStar-772x554.jpg 772w, https:\/\/hand2noteguide.com\/wp-content\/uploads\/2025\/03\/RedStar-624x448.jpg 624w\" sizes=\"auto, (max-width: 1001px) 100vw, 1001px\" \/><\/figure>\n\n\n\n<p>A continuaci\u00f3n, cierra el cliente de p\u00f3ker, encuentra su acceso directo en el escritorio y haz clic en \u00e9l con el RMB (bot\u00f3n derecho del rat\u00f3n), en la lista desplegable, selecciona \u201cOpen file location\u201d.<\/p>\n\n\n\n<figure class=\"wp-block-image size-full\"><img loading=\"lazy\" decoding=\"async\" width=\"530\" height=\"517\" src=\"https:\/\/hand2noteguide.com\/wp-content\/uploads\/2025\/03\/\u0411\u0435\u0437-\u0438\u043c\u0435\u043d\u0438-2.jpg\" alt=\"\" class=\"wp-image-9312\" srcset=\"https:\/\/hand2noteguide.com\/wp-content\/uploads\/2025\/03\/\u0411\u0435\u0437-\u0438\u043c\u0435\u043d\u0438-2.jpg 530w, https:\/\/hand2noteguide.com\/wp-content\/uploads\/2025\/03\/\u0411\u0435\u0437-\u0438\u043c\u0435\u043d\u0438-2-300x293.jpg 300w\" sizes=\"auto, (max-width: 530px) 100vw, 530px\" \/><\/figure>\n\n\n\n<p>Despu\u00e9s de abrir la carpeta ra\u00edz del cliente de p\u00f3ker, ser\u00e1 necesario encontrar la carpeta de guardado local de manos, abrirla y copiar la ruta a ella.<\/p>\n\n\n\n<p>En la mayor\u00eda de los casos, se encuentra en la carpeta \u201cdata\u201d (1) y tiene el apodo del jugador en su nombre (en el ejemplo a continuaci\u00f3n &#8211; \u201cHero_nickname\u201d (2)). Copia la ruta a la carpeta \u201cHero_nickname\u201d haciendo clic derecho en la barra de direcciones en la parte superior de la ventana (3) y haz clic en \u201cCopy\u201d (4).<\/p>\n\n\n\n<figure class=\"wp-block-image size-large\"><img loading=\"lazy\" decoding=\"async\" width=\"1024\" height=\"599\" src=\"https:\/\/hand2noteguide.com\/wp-content\/uploads\/2025\/03\/\u0411\u0435\u0437-\u0438\u043c\u0435\u043d\u0438-3-1024x599.jpg\" alt=\"\" class=\"wp-image-9313\" srcset=\"https:\/\/hand2noteguide.com\/wp-content\/uploads\/2025\/03\/\u0411\u0435\u0437-\u0438\u043c\u0435\u043d\u0438-3-1024x599.jpg 1024w, https:\/\/hand2noteguide.com\/wp-content\/uploads\/2025\/03\/\u0411\u0435\u0437-\u0438\u043c\u0435\u043d\u0438-3-300x176.jpg 300w, https:\/\/hand2noteguide.com\/wp-content\/uploads\/2025\/03\/\u0411\u0435\u0437-\u0438\u043c\u0435\u043d\u0438-3-768x449.jpg 768w, https:\/\/hand2noteguide.com\/wp-content\/uploads\/2025\/03\/\u0411\u0435\u0437-\u0438\u043c\u0435\u043d\u0438-3-1536x899.jpg 1536w, https:\/\/hand2noteguide.com\/wp-content\/uploads\/2025\/03\/\u0411\u0435\u0437-\u0438\u043c\u0435\u043d\u0438-3-772x452.jpg 772w, https:\/\/hand2noteguide.com\/wp-content\/uploads\/2025\/03\/\u0411\u0435\u0437-\u0438\u043c\u0435\u043d\u0438-3-624x365.jpg 624w, https:\/\/hand2noteguide.com\/wp-content\/uploads\/2025\/03\/\u0411\u0435\u0437-\u0438\u043c\u0435\u043d\u0438-3.jpg 1806w\" sizes=\"auto, (max-width: 1024px) 100vw, 1024px\" \/><\/figure>\n\n\n\n<p>Ahora abre Hand2Note, encuentra y haz clic en \u201cConfiguration\u201d (1), \u201cAuto import\u201d (2) y en \u00e9l haz clic en el bot\u00f3n \u201c+ Add auto import folder\u2026\u201d. (3). En la ventana de b\u00fasqueda de carpetas abierta, especifica la ruta a la ubicaci\u00f3n previamente copiada de la carpeta de guardado local del cliente de p\u00f3ker (4), aseg\u00farate de que es exactamente la carpeta abierta en la ventana de b\u00fasqueda de carpetas y haz clic en \u201cSelect a folder\u201d (5).<\/p>\n\n\n\n<figure class=\"wp-block-image size-large\"><img loading=\"lazy\" decoding=\"async\" width=\"1024\" height=\"549\" src=\"https:\/\/hand2noteguide.com\/wp-content\/uploads\/2025\/03\/\u0411\u0435\u0437-\u0438\u043c\u0435\u043d\u0438-1-1024x549.jpg\" alt=\"\" class=\"wp-image-9314\" srcset=\"https:\/\/hand2noteguide.com\/wp-content\/uploads\/2025\/03\/\u0411\u0435\u0437-\u0438\u043c\u0435\u043d\u0438-1-1024x549.jpg 1024w, https:\/\/hand2noteguide.com\/wp-content\/uploads\/2025\/03\/\u0411\u0435\u0437-\u0438\u043c\u0435\u043d\u0438-1-300x161.jpg 300w, https:\/\/hand2noteguide.com\/wp-content\/uploads\/2025\/03\/\u0411\u0435\u0437-\u0438\u043c\u0435\u043d\u0438-1-768x412.jpg 768w, https:\/\/hand2noteguide.com\/wp-content\/uploads\/2025\/03\/\u0411\u0435\u0437-\u0438\u043c\u0435\u043d\u0438-1-1536x824.jpg 1536w, https:\/\/hand2noteguide.com\/wp-content\/uploads\/2025\/03\/\u0411\u0435\u0437-\u0438\u043c\u0435\u043d\u0438-1-772x414.jpg 772w, https:\/\/hand2noteguide.com\/wp-content\/uploads\/2025\/03\/\u0411\u0435\u0437-\u0438\u043c\u0435\u043d\u0438-1-624x335.jpg 624w, https:\/\/hand2noteguide.com\/wp-content\/uploads\/2025\/03\/\u0411\u0435\u0437-\u0438\u043c\u0435\u043d\u0438-1.jpg 1914w\" sizes=\"auto, (max-width: 1024px) 100vw, 1024px\" \/><\/figure>\n\n\n\n<p>Para asegurarte de que la importaci\u00f3n autom\u00e1tica est\u00e1 configurada correctamente, ser\u00e1 suficiente sentarse en las mesas y jugar un peque\u00f1o n\u00famero de manos. Presta atenci\u00f3n al HUD y POPUP, notar\u00e1s que los valores de las estad\u00edsticas cambian con cada mano jugada de acuerdo con la acci\u00f3n en curso en las mesas.<\/p>\n\n\n\n<p>Ver tambi\u00e9n: <a href=\"https:\/\/hand2note.com\/Help\/getting-started\" target=\"_blank\" rel=\"noreferrer noopener\">Manual oficial de Hand2Note: Gu\u00eda de inicio<\/a>.<\/p>\n","protected":false},"excerpt":{"rendered":"<p>Al jugar en la mayor\u00eda de las salas de p\u00f3ker cl\u00e1sicas con Hand2Note, la funci\u00f3n de importaci\u00f3n autom\u00e1tica debe configurarse correctamente. Es responsable de recopilar estad\u00edsticas que tienen lugar en las mesas, en el transcurso de las manos. Esto, a su vez, permite procesar y actualizar inmediatamente las estad\u00edsticas de tus oponentes en el HUD &hellip; <a href=\"https:\/\/hand2noteguide.com\/es\/user-manual\/setting-up-an-auto-import-in-hand2note\/\" class=\"more-link\">Continue reading <span class=\"screen-reader-text\">Configuraci\u00f3n de la importaci\u00f3n autom\u00e1tica en Hand2Note<\/span><\/a><\/p>\n","protected":false},"author":3,"featured_media":9304,"parent":9199,"menu_order":0,"comment_status":"closed","ping_status":"closed","template":"","meta":{"footnotes":""},"class_list":["post-9299","page","type-page","status-publish","has-post-thumbnail","hentry"],"translation":{"provider":"WPGlobus","version":"3.0.2","language":"es","enabled_languages":["en","ru","pt","zh","es","fr","de","it","ja"],"languages":{"en":{"title":true,"content":true,"excerpt":false},"ru":{"title":true,"content":true,"excerpt":false},"pt":{"title":true,"content":true,"excerpt":false},"zh":{"title":true,"content":true,"excerpt":false},"es":{"title":true,"content":true,"excerpt":false},"fr":{"title":true,"content":true,"excerpt":false},"de":{"title":true,"content":true,"excerpt":false},"it":{"title":true,"content":true,"excerpt":false},"ja":{"title":true,"content":true,"excerpt":false}}},"yoast_head":"<!-- This site is optimized with the Yoast SEO plugin v27.0 - https:\/\/yoast.com\/product\/yoast-seo-wordpress\/ -->\n<title>Configuraci\u00f3n de la importaci\u00f3n autom\u00e1tica en Hand2Note<\/title>\n<meta name=\"description\" content=\"Configura la importaci\u00f3n autom\u00e1tica de Hand2Note para rastrear manos en tiempo real y actualizar las estad\u00edsticas del HUD en salas de p\u00f3ker como PokerStars, 888Poker y ACR.\" \/>\n<meta name=\"robots\" content=\"index, follow, max-snippet:-1, max-image-preview:large, max-video-preview:-1\" \/>\n<link rel=\"canonical\" href=\"https:\/\/hand2noteguide.com\/user-manual\/setting-up-an-auto-import-in-hand2note\/\" \/>\n<meta property=\"og:locale\" content=\"es_ES\" \/>\n<meta property=\"og:type\" content=\"article\" \/>\n<meta property=\"og:title\" content=\"Configuraci\u00f3n de la importaci\u00f3n autom\u00e1tica en Hand2Note\" \/>\n<meta property=\"og:description\" content=\"Configura la importaci\u00f3n autom\u00e1tica de Hand2Note para rastrear manos en tiempo real y actualizar las estad\u00edsticas del HUD en salas de p\u00f3ker como PokerStars, 888Poker y ACR.\" \/>\n<meta property=\"og:url\" content=\"https:\/\/hand2noteguide.com\/user-manual\/setting-up-an-auto-import-in-hand2note\/\" \/>\n<meta property=\"og:site_name\" content=\"Hand2Note Guide\" \/>\n<meta property=\"article:modified_time\" content=\"2026-03-10T08:12:55+00:00\" \/>\n<meta property=\"og:image\" content=\"https:\/\/hand2noteguide.com\/wp-content\/uploads\/2025\/03\/Base_new_HUD_prev.jpg\" \/>\n\t<meta property=\"og:image:width\" content=\"1413\" \/>\n\t<meta property=\"og:image:height\" content=\"832\" \/>\n\t<meta property=\"og:image:type\" content=\"image\/jpeg\" \/>\n<meta name=\"twitter:card\" content=\"summary_large_image\" \/>\n<meta name=\"twitter:label1\" content=\"Est. reading time\" \/>\n\t<meta name=\"twitter:data1\" content=\"5 minutes\" \/>\n<!-- \/ Yoast SEO plugin. -->","yoast_head_json":{"title":"Configuraci\u00f3n de la importaci\u00f3n autom\u00e1tica en Hand2Note","description":"Configura la importaci\u00f3n autom\u00e1tica de Hand2Note para rastrear manos en tiempo real y actualizar las estad\u00edsticas del HUD en salas de p\u00f3ker como PokerStars, 888Poker y ACR.","robots":{"index":"index","follow":"follow","max-snippet":"max-snippet:-1","max-image-preview":"max-image-preview:large","max-video-preview":"max-video-preview:-1"},"canonical":"https:\/\/hand2noteguide.com\/user-manual\/setting-up-an-auto-import-in-hand2note\/","og_locale":"es_ES","og_type":"article","og_title":"Configuraci\u00f3n de la importaci\u00f3n autom\u00e1tica en Hand2Note","og_description":"Configura la importaci\u00f3n autom\u00e1tica de Hand2Note para rastrear manos en tiempo real y actualizar las estad\u00edsticas del HUD en salas de p\u00f3ker como PokerStars, 888Poker y ACR.","og_url":"https:\/\/hand2noteguide.com\/user-manual\/setting-up-an-auto-import-in-hand2note\/","og_site_name":"Hand2Note Guide","article_modified_time":"2026-03-10T08:12:55+00:00","og_image":[{"width":1413,"height":832,"url":"https:\/\/hand2noteguide.com\/wp-content\/uploads\/2025\/03\/Base_new_HUD_prev.jpg","type":"image\/jpeg"}],"twitter_card":"summary_large_image","twitter_misc":{"Est. reading time":"5 minutes"},"schema":{"@context":"https:\/\/schema.org","@graph":[]}},"jetpack_sharing_enabled":true,"_links":{"self":[{"href":"https:\/\/hand2noteguide.com\/es\/wp-json\/wp\/v2\/pages\/9299","targetHints":{"allow":["GET"]}}],"collection":[{"href":"https:\/\/hand2noteguide.com\/es\/wp-json\/wp\/v2\/pages"}],"about":[{"href":"https:\/\/hand2noteguide.com\/es\/wp-json\/wp\/v2\/types\/page"}],"author":[{"embeddable":true,"href":"https:\/\/hand2noteguide.com\/es\/wp-json\/wp\/v2\/users\/3"}],"replies":[{"embeddable":true,"href":"https:\/\/hand2noteguide.com\/es\/wp-json\/wp\/v2\/comments?post=9299"}],"version-history":[{"count":44,"href":"https:\/\/hand2noteguide.com\/es\/wp-json\/wp\/v2\/pages\/9299\/revisions"}],"predecessor-version":[{"id":15612,"href":"https:\/\/hand2noteguide.com\/es\/wp-json\/wp\/v2\/pages\/9299\/revisions\/15612"}],"up":[{"embeddable":true,"href":"https:\/\/hand2noteguide.com\/es\/wp-json\/wp\/v2\/pages\/9199"}],"wp:featuredmedia":[{"embeddable":true,"href":"https:\/\/hand2noteguide.com\/es\/wp-json\/wp\/v2\/media\/9304"}],"wp:attachment":[{"href":"https:\/\/hand2noteguide.com\/es\/wp-json\/wp\/v2\/media?parent=9299"}],"curies":[{"name":"wp","href":"https:\/\/api.w.org\/{rel}","templated":true}]}}