{"id":9345,"date":"2025-03-20T15:19:28","date_gmt":"2025-03-20T12:19:28","guid":{"rendered":"https:\/\/hand2noteguide.com\/?page_id=9345"},"modified":"2026-03-10T11:13:39","modified_gmt":"2026-03-10T08:13:39","slug":"fish-game-analysis-selection-win-rate-at-fish-tables","status":"publish","type":"page","link":"https:\/\/hand2noteguide.com\/es\/user-manual\/fish-game-analysis-selection-win-rate-at-fish-tables\/","title":{"rendered":"Analizando la selecci\u00f3n de mesas y el juego contra fish con Hand2Note"},"content":{"rendered":"\n<p>No es ning\u00fan secreto que una de las habilidades principales de los jugadores de p\u00f3ker profesionales es la selecci\u00f3n de juegos (apuntar a los fish).<\/p>\n\n\n\n<p>Hand2Note te permite calcular el porcentaje de juego en mesas con un fish, as\u00ed como analizar el juego en estas mesas.<\/p>\n\n\n\n<h2 class=\"wp-block-heading\">Calculando el porcentaje de juego en mesas con fish<\/h2>\n\n\n\n<p>Para determinar cu\u00e1l es tu porcentaje de selecci\u00f3n de juego necesitas:<\/p>\n\n\n\n<ol class=\"wp-block-list\">\n<li>Encontrar <strong>el n\u00famero de todas las manos jugadas<\/strong>;<\/li>\n\n\n\n<li>Encontrar <strong>el n\u00famero de manos jugadas en mesas con un fish<\/strong>;<\/li>\n\n\n\n<li>Calcular el porcentaje de selecci\u00f3n de juego usando la f\u00f3rmula: <strong>n\u00famero de manos jugadas en mesas con un fish<\/strong> \/ <strong>n\u00famero de todas las manos jugadas<\/strong> * <strong>100<\/strong>.<\/li>\n<\/ol>\n\n\n\n<p>Para calcular el porcentaje de juego en mesas con fish en Hand2Note, haz lo siguiente:<\/p>\n\n\n\n<ol class=\"wp-block-list\">\n<li>En la ventana principal de Hand2Note, abre la pesta\u00f1a \u201c<a href=\"https:\/\/hand2noteguide.com\/es\/user-manual\/hand2note-report-menu\/\">Reports<\/a>\u201d (1), encuentra la estad\u00edstica &#8220;Number of hands&#8221; (2), este es el n\u00famero de todas las manos jugadas (33000 en nuestro caso), memor\u00edzalo o an\u00f3talo;<\/li>\n\n\n\n<li>Luego haz clic en el bot\u00f3n \u201cFilter\u201d (3), en la ventana de filtro que se abre, ve a la pesta\u00f1a \u201cGeneral\u201d (4);<\/li>\n\n\n\n<li>En la l\u00ednea \u201cFish Count\u201d (5), indica el n\u00famero deseado de jugadores fish en la mesa (por ejemplo, establece \u201c1+\u201d);<\/li>\n\n\n\n<li>En la l\u00ednea \u201cMax Fish Vpip\u201d (6) especifica con qu\u00e9 VPIP fish est\u00e1s interesado (por ejemplo, establece \u201c50+\u201d), luego haz clic en \u201cAPPLY\u201d (7) para a\u00f1adir el filtro;<\/li>\n\n\n\n<li>Despu\u00e9s de aplicar el filtro, memoriza o anota el valor \u201cHands\u201d (8) &#8211; este es el n\u00famero de manos jugadas en las mesas con fish (19000 en nuestro caso);<\/li>\n\n\n\n<li>Calcula seg\u00fan la f\u00f3rmula: n\u00famero de manos jugadas en mesas con un fish \/ n\u00famero de manos jugadas * 100 (19000 \/ 33000 * 100 = <strong>57.5%<\/strong>).<\/li>\n<\/ol>\n\n\n\n<figure class=\"wp-block-image size-large\"><img loading=\"lazy\" decoding=\"async\" width=\"1024\" height=\"647\" src=\"https:\/\/hand2noteguide.com\/wp-content\/uploads\/2025\/03\/\u0411\u0435\u0437-\u0438\u043c\u0435\u043d\u04383-1024x647.jpg\" alt=\"\" class=\"wp-image-9387\" srcset=\"https:\/\/hand2noteguide.com\/wp-content\/uploads\/2025\/03\/\u0411\u0435\u0437-\u0438\u043c\u0435\u043d\u04383-1024x647.jpg 1024w, https:\/\/hand2noteguide.com\/wp-content\/uploads\/2025\/03\/\u0411\u0435\u0437-\u0438\u043c\u0435\u043d\u04383-300x190.jpg 300w, https:\/\/hand2noteguide.com\/wp-content\/uploads\/2025\/03\/\u0411\u0435\u0437-\u0438\u043c\u0435\u043d\u04383-768x485.jpg 768w, https:\/\/hand2noteguide.com\/wp-content\/uploads\/2025\/03\/\u0411\u0435\u0437-\u0438\u043c\u0435\u043d\u04383-1536x971.jpg 1536w, https:\/\/hand2noteguide.com\/wp-content\/uploads\/2025\/03\/\u0411\u0435\u0437-\u0438\u043c\u0435\u043d\u04383-772x488.jpg 772w, https:\/\/hand2noteguide.com\/wp-content\/uploads\/2025\/03\/\u0411\u0435\u0437-\u0438\u043c\u0435\u043d\u04383-624x394.jpg 624w, https:\/\/hand2noteguide.com\/wp-content\/uploads\/2025\/03\/\u0411\u0435\u0437-\u0438\u043c\u0435\u043d\u04383.jpg 1687w\" sizes=\"auto, (max-width: 1024px) 100vw, 1024px\" \/><\/figure>\n\n\n\n<p>Se cree que el porcentaje m\u00ednimo de juego en mesas con fish, utilizando la selecci\u00f3n de mesas, deber\u00eda ser:<\/p>\n\n\n\n<ul class=\"wp-block-list\">\n<li>Al jugar en salas de p\u00f3ker con lobby semi-an\u00f3nimo (RedStar, Chico, WPN y otros) &#8211; del 65% en adelante;<\/li>\n\n\n\n<li>Al jugar en salas de p\u00f3ker con lobby abierto (888Poker, PokerStars, PPPoker, PokerBROS, CoinPoker y otros) &#8211; del 80% en adelante.<\/li>\n<\/ul>\n\n\n\n<p>En el ejemplo, el juego se lleva a cabo en la sala de p\u00f3ker RedStar con un lobby semi-an\u00f3nimo y el porcentaje de selecci\u00f3n es del 57.5%.<\/p>\n\n\n\n<p>Por lo tanto, el jugador evaluado debe aumentar el porcentaje de juego en mesas con fish al porcentaje requerido en salas con lobbies semi-an\u00f3nimos, m\u00e1s espec\u00edficamente por encima del 65%.<\/p>\n\n\n\n<h2 class=\"wp-block-heading\">Analizando el juego en mesas con fish<\/h2>\n\n\n\n<p>Despu\u00e9s de aplicar el filtro, no solo puedes calcular el porcentaje de selecci\u00f3n, sino que tambi\u00e9n puedes evaluar muchas estad\u00edsticas al jugar contra fish, tales como:<\/p>\n\n\n\n<ul class=\"wp-block-list\">\n<li>&#8220;VPIP&#8221; y &#8220;PFR&#8221; (1);<\/li>\n\n\n\n<li>&#8220;Win rate bb\/100&#8221; (2);<\/li>\n\n\n\n<li>&#8220;3Bet&#8221;, &#8220;WTSD&#8221;, &#8220;W%SD&#8221;, &#8220;WWSF%&#8221; (3);<\/li>\n\n\n\n<li>Al abrir la pesta\u00f1a \u201cPositions\u201d (4), presta atenci\u00f3n a la columna \u201cWin rate bb\/100\u201d (5) &#8211; ver\u00e1s tus valores de win rate bb\/100 para diferentes posiciones.<\/li>\n<\/ul>\n\n\n\n<figure class=\"wp-block-image size-large\"><img loading=\"lazy\" decoding=\"async\" width=\"1024\" height=\"558\" src=\"https:\/\/hand2noteguide.com\/wp-content\/uploads\/2025\/03\/\u0411\u0435\u0437-\u0438\u043c\u0435\u043d\u04384-1024x558.jpg\" alt=\"\" class=\"wp-image-9405\" srcset=\"https:\/\/hand2noteguide.com\/wp-content\/uploads\/2025\/03\/\u0411\u0435\u0437-\u0438\u043c\u0435\u043d\u04384-1024x558.jpg 1024w, https:\/\/hand2noteguide.com\/wp-content\/uploads\/2025\/03\/\u0411\u0435\u0437-\u0438\u043c\u0435\u043d\u04384-300x163.jpg 300w, https:\/\/hand2noteguide.com\/wp-content\/uploads\/2025\/03\/\u0411\u0435\u0437-\u0438\u043c\u0435\u043d\u04384-768x418.jpg 768w, https:\/\/hand2noteguide.com\/wp-content\/uploads\/2025\/03\/\u0411\u0435\u0437-\u0438\u043c\u0435\u043d\u04384-772x421.jpg 772w, https:\/\/hand2noteguide.com\/wp-content\/uploads\/2025\/03\/\u0411\u0435\u0437-\u0438\u043c\u0435\u043d\u04384-624x340.jpg 624w, https:\/\/hand2noteguide.com\/wp-content\/uploads\/2025\/03\/\u0411\u0435\u0437-\u0438\u043c\u0435\u043d\u04384.jpg 1303w\" sizes=\"auto, (max-width: 1024px) 100vw, 1024px\" \/><\/figure>\n\n\n\n<p>Si miramos el ejemplo, vemos un juego bastante tight &#8211; VPIP es 19 y PFR es 17. El jugador deber\u00eda aumentar sus valores de VPIP y PFR al jugar contra fish.<\/p>\n\n\n\n<p>El win rate bb\/100 es bajo pero aceptable. Deber\u00eda ser 13 bb\/100 o m\u00e1s, seg\u00fan lo estimado por los principales entrenadores de Holdem.<\/p>\n\n\n\n<p>Los par\u00e1metros restantes en el ejemplo son demasiado variables y cambiantes en la estimaci\u00f3n debido al bajo n\u00famero de manos en mesas con un fish.<\/p>\n","protected":false},"excerpt":{"rendered":"<p>No es ning\u00fan secreto que una de las habilidades principales de los jugadores de p\u00f3ker profesionales es la selecci\u00f3n de juegos (apuntar a los fish). Hand2Note te permite calcular el porcentaje de juego en mesas con un fish, as\u00ed como analizar el juego en estas mesas. Calculando el porcentaje de juego en mesas con fish &hellip; <a href=\"https:\/\/hand2noteguide.com\/es\/user-manual\/fish-game-analysis-selection-win-rate-at-fish-tables\/\" class=\"more-link\">Continue reading <span class=\"screen-reader-text\">Analizando la selecci\u00f3n de mesas y el juego contra fish con Hand2Note<\/span><\/a><\/p>\n","protected":false},"author":3,"featured_media":9356,"parent":9199,"menu_order":0,"comment_status":"closed","ping_status":"closed","template":"","meta":{"footnotes":""},"class_list":["post-9345","page","type-page","status-publish","has-post-thumbnail","hentry"],"translation":{"provider":"WPGlobus","version":"3.0.2","language":"es","enabled_languages":["en","ru","pt","zh","es","fr","de","it","ja"],"languages":{"en":{"title":true,"content":true,"excerpt":false},"ru":{"title":true,"content":true,"excerpt":false},"pt":{"title":true,"content":true,"excerpt":false},"zh":{"title":true,"content":true,"excerpt":false},"es":{"title":true,"content":true,"excerpt":false},"fr":{"title":true,"content":true,"excerpt":false},"de":{"title":true,"content":true,"excerpt":false},"it":{"title":true,"content":true,"excerpt":false},"ja":{"title":true,"content":true,"excerpt":false}}},"yoast_head":"<!-- This site is optimized with the Yoast SEO plugin v27.0 - https:\/\/yoast.com\/product\/yoast-seo-wordpress\/ -->\n<title>Analizando la selecci\u00f3n de mesas y el juego contra fish con Hand2Note<\/title>\n<meta name=\"description\" content=\"Calcula y mejora la selecci\u00f3n de juegos de p\u00f3ker con Hand2Note. Rastrea manos jugadas contra fish y aumenta tu tasa de ganancias mediante un enfoque inteligente y an\u00e1lisis de estad\u00edsticas.\" \/>\n<meta name=\"robots\" content=\"index, follow, max-snippet:-1, max-image-preview:large, max-video-preview:-1\" \/>\n<link rel=\"canonical\" href=\"https:\/\/hand2noteguide.com\/user-manual\/fish-game-analysis-selection-win-rate-at-fish-tables\/\" \/>\n<meta property=\"og:locale\" content=\"es_ES\" \/>\n<meta property=\"og:type\" content=\"article\" \/>\n<meta property=\"og:title\" content=\"Analizando la selecci\u00f3n de mesas y el juego contra fish con Hand2Note\" \/>\n<meta property=\"og:description\" content=\"Calcula y mejora la selecci\u00f3n de juegos de p\u00f3ker con Hand2Note. Rastrea manos jugadas contra fish y aumenta tu tasa de ganancias mediante un enfoque inteligente y an\u00e1lisis de estad\u00edsticas.\" \/>\n<meta property=\"og:url\" content=\"https:\/\/hand2noteguide.com\/user-manual\/fish-game-analysis-selection-win-rate-at-fish-tables\/\" \/>\n<meta property=\"og:site_name\" content=\"Hand2Note Guide\" \/>\n<meta property=\"article:modified_time\" content=\"2026-03-10T08:13:39+00:00\" \/>\n<meta property=\"og:image\" content=\"https:\/\/hand2noteguide.com\/wp-content\/uploads\/2025\/03\/\u0411\u0435\u0437-\u0438\u043c\u0435\u043d\u0438-1-1.jpg\" \/>\n\t<meta property=\"og:image:width\" content=\"1813\" \/>\n\t<meta property=\"og:image:height\" content=\"1810\" \/>\n\t<meta property=\"og:image:type\" content=\"image\/jpeg\" \/>\n<meta name=\"twitter:card\" content=\"summary_large_image\" \/>\n<meta name=\"twitter:label1\" content=\"Est. reading time\" \/>\n\t<meta name=\"twitter:data1\" content=\"17 minutes\" \/>\n<!-- \/ Yoast SEO plugin. -->","yoast_head_json":{"title":"Analizando la selecci\u00f3n de mesas y el juego contra fish con Hand2Note","description":"Calcula y mejora la selecci\u00f3n de juegos de p\u00f3ker con Hand2Note. Rastrea manos jugadas contra fish y aumenta tu tasa de ganancias mediante un enfoque inteligente y an\u00e1lisis de estad\u00edsticas.","robots":{"index":"index","follow":"follow","max-snippet":"max-snippet:-1","max-image-preview":"max-image-preview:large","max-video-preview":"max-video-preview:-1"},"canonical":"https:\/\/hand2noteguide.com\/user-manual\/fish-game-analysis-selection-win-rate-at-fish-tables\/","og_locale":"es_ES","og_type":"article","og_title":"Analizando la selecci\u00f3n de mesas y el juego contra fish con Hand2Note","og_description":"Calcula y mejora la selecci\u00f3n de juegos de p\u00f3ker con Hand2Note. Rastrea manos jugadas contra fish y aumenta tu tasa de ganancias mediante un enfoque inteligente y an\u00e1lisis de estad\u00edsticas.","og_url":"https:\/\/hand2noteguide.com\/user-manual\/fish-game-analysis-selection-win-rate-at-fish-tables\/","og_site_name":"Hand2Note Guide","article_modified_time":"2026-03-10T08:13:39+00:00","og_image":[{"width":1813,"height":1810,"url":"https:\/\/hand2noteguide.com\/wp-content\/uploads\/2025\/03\/\u0411\u0435\u0437-\u0438\u043c\u0435\u043d\u0438-1-1.jpg","type":"image\/jpeg"}],"twitter_card":"summary_large_image","twitter_misc":{"Est. reading time":"17 minutes"},"schema":{"@context":"https:\/\/schema.org","@graph":[]}},"jetpack_sharing_enabled":true,"_links":{"self":[{"href":"https:\/\/hand2noteguide.com\/es\/wp-json\/wp\/v2\/pages\/9345","targetHints":{"allow":["GET"]}}],"collection":[{"href":"https:\/\/hand2noteguide.com\/es\/wp-json\/wp\/v2\/pages"}],"about":[{"href":"https:\/\/hand2noteguide.com\/es\/wp-json\/wp\/v2\/types\/page"}],"author":[{"embeddable":true,"href":"https:\/\/hand2noteguide.com\/es\/wp-json\/wp\/v2\/users\/3"}],"replies":[{"embeddable":true,"href":"https:\/\/hand2noteguide.com\/es\/wp-json\/wp\/v2\/comments?post=9345"}],"version-history":[{"count":57,"href":"https:\/\/hand2noteguide.com\/es\/wp-json\/wp\/v2\/pages\/9345\/revisions"}],"predecessor-version":[{"id":15613,"href":"https:\/\/hand2noteguide.com\/es\/wp-json\/wp\/v2\/pages\/9345\/revisions\/15613"}],"up":[{"embeddable":true,"href":"https:\/\/hand2noteguide.com\/es\/wp-json\/wp\/v2\/pages\/9199"}],"wp:featuredmedia":[{"embeddable":true,"href":"https:\/\/hand2noteguide.com\/es\/wp-json\/wp\/v2\/media\/9356"}],"wp:attachment":[{"href":"https:\/\/hand2noteguide.com\/es\/wp-json\/wp\/v2\/media?parent=9345"}],"curies":[{"name":"wp","href":"https:\/\/api.w.org\/{rel}","templated":true}]}}