{"id":9435,"date":"2025-03-26T16:16:01","date_gmt":"2025-03-26T13:16:01","guid":{"rendered":"https:\/\/hand2noteguide.com\/?page_id=9435"},"modified":"2026-03-10T11:14:58","modified_gmt":"2026-03-10T08:14:58","slug":"marking-hands-in-hand2note","status":"publish","type":"page","link":"https:\/\/hand2noteguide.com\/es\/user-manual\/marking-hands-in-hand2note\/","title":{"rendered":"Marcando manos en Hand2Note"},"content":{"rendered":"\n<p>Hand2Note te permite crear y aplicar varias etiquetas a manos ya jugadas, as\u00ed como organizarlas, exportarlas y presentarlas en forma visual.<\/p>\n\n\n\n<h2 class=\"wp-block-heading\">Creaci\u00f3n de etiquetas personalizadas para marcar manos en Hand2Note<\/h2>\n\n\n\n<p>Justo despu\u00e9s de la instalaci\u00f3n, Hand2Note ya tiene etiquetas b\u00e1sicas para marcar manos (3), puedes verlas abriendo la ventana principal del programa: \u201cConfiguraci\u00f3n\u201d (1) y luego ir a la pesta\u00f1a &#8220;Etiquetas de Manos Marcadas&#8221; (2):<\/p>\n\n\n\n<figure class=\"wp-block-image size-large\"><img loading=\"lazy\" decoding=\"async\" width=\"1024\" height=\"576\" src=\"https:\/\/hand2noteguide.com\/wp-content\/uploads\/2025\/03\/\u0411\u0435\u0437-\u0438\u043c\u0435\u043d\u0438-2221-1024x576.jpg\" alt=\"\" class=\"wp-image-9446\" srcset=\"https:\/\/hand2noteguide.com\/wp-content\/uploads\/2025\/03\/\u0411\u0435\u0437-\u0438\u043c\u0435\u043d\u0438-2221-1024x576.jpg 1024w, https:\/\/hand2noteguide.com\/wp-content\/uploads\/2025\/03\/\u0411\u0435\u0437-\u0438\u043c\u0435\u043d\u0438-2221-300x169.jpg 300w, https:\/\/hand2noteguide.com\/wp-content\/uploads\/2025\/03\/\u0411\u0435\u0437-\u0438\u043c\u0435\u043d\u0438-2221-768x432.jpg 768w, https:\/\/hand2noteguide.com\/wp-content\/uploads\/2025\/03\/\u0411\u0435\u0437-\u0438\u043c\u0435\u043d\u0438-2221-1536x864.jpg 1536w, https:\/\/hand2noteguide.com\/wp-content\/uploads\/2025\/03\/\u0411\u0435\u0437-\u0438\u043c\u0435\u043d\u0438-2221-772x434.jpg 772w, https:\/\/hand2noteguide.com\/wp-content\/uploads\/2025\/03\/\u0411\u0435\u0437-\u0438\u043c\u0435\u043d\u0438-2221-624x351.jpg 624w, https:\/\/hand2noteguide.com\/wp-content\/uploads\/2025\/03\/\u0411\u0435\u0437-\u0438\u043c\u0435\u043d\u0438-2221.jpg 1920w\" sizes=\"auto, (max-width: 1024px) 100vw, 1024px\" \/><\/figure>\n\n\n\n<p>Para crear tu propia etiqueta, haz clic en \u201cCrear Etiqueta\u2026\u201d (1). Inmediatamente despu\u00e9s de hacer clic en \u201cCrear Etiqueta\u2026\u201d, aparecer\u00e1 una etiqueta llamada \u201cmi etiqueta\u201d al final de la lista de etiquetas (2).<\/p>\n\n\n\n<div class=\"wp-block-group\"><div class=\"wp-block-group__inner-container is-layout-constrained wp-block-group-is-layout-constrained\">\n<p>Al pasar el cursor sobre el \u00e1rea de \u201cmi etiqueta\u201d (2) se te presentar\u00e1n herramientas para editarla:<\/p>\n\n\n\n<ul class=\"wp-block-list\">\n<li>Puedes cambiar la posici\u00f3n de la etiqueta en la lista haciendo clic en el s\u00edmbolo de flecha (5);<\/li>\n\n\n\n<li>Puedes cambiar el color de la etiqueta haciendo clic en el cuadrado de color (4);<\/li>\n\n\n\n<li>Puedes cambiar el nombre de la etiqueta haciendo doble clic en el \u00e1rea (3) o haciendo clic una vez en el \u00e1rea (6);<\/li>\n\n\n\n<li>Puedes eliminar una marca presionando el \u00e1rea (7).<\/li>\n<\/ul>\n<\/div><\/div>\n\n\n\n<figure class=\"wp-block-image size-full is-resized\"><img loading=\"lazy\" decoding=\"async\" src=\"https:\/\/hand2noteguide.com\/wp-content\/uploads\/2025\/03\/\u0411\u0435\u0437-\u0438\u043c\u0435\u043d\u04386767-1.jpg\" alt=\"\" class=\"wp-image-9447\" width=\"416\" height=\"503\" srcset=\"https:\/\/hand2noteguide.com\/wp-content\/uploads\/2025\/03\/\u0411\u0435\u0437-\u0438\u043c\u0435\u043d\u04386767-1.jpg 442w, https:\/\/hand2noteguide.com\/wp-content\/uploads\/2025\/03\/\u0411\u0435\u0437-\u0438\u043c\u0435\u043d\u04386767-1-248x300.jpg 248w\" sizes=\"auto, (max-width: 416px) 100vw, 416px\" \/><\/figure>\n\n\n\n<h2 class=\"wp-block-heading\">Diferentes formas de marcar manos<\/h2>\n\n\n\n<div class=\"wp-block-group\"><div class=\"wp-block-group__inner-container is-layout-constrained wp-block-group-is-layout-constrained\">\n<p>Puedes marcar manos en Hand2Note en dos situaciones:<\/p>\n\n\n\n<ul class=\"wp-block-list\">\n<li>En el momento de jugar en la mesa;<\/li>\n\n\n\n<li>Fuera de la mesa.<\/li>\n<\/ul>\n<\/div><\/div>\n\n\n\n<div class=\"wp-block-group\"><div class=\"wp-block-group__inner-container is-layout-constrained wp-block-group-is-layout-constrained\">\n<p>De la misma manera, es posible marcar una mano por dos m\u00e9todos:<\/p>\n\n\n\n<ul class=\"wp-block-list\">\n<li>Usando la etiqueta;<\/li>\n\n\n\n<li>Sin etiqueta.<\/li>\n<\/ul>\n<\/div><\/div>\n\n\n\n<h3 class=\"wp-block-heading\">Marcando manos en el momento de jugar en la mesa<\/h3>\n\n\n\n<p>Puedes marcar la mano necesaria en un proceso del juego inmediatamente despu\u00e9s de su finalizaci\u00f3n (durante la mano que le sigue) presionando teclas r\u00e1pidas:<\/p>\n\n\n\n<ul class=\"wp-block-list\">\n<li>\u201cF5\u201d &#8211; marca la \u00faltima mano jugada en la mesa sin usar la etiqueta;<\/li>\n\n\n\n<li>\u201cF6\u201d &#8211; marca la \u00faltima mano jugada en la mesa usando la etiqueta.<\/li>\n<\/ul>\n\n\n\n<p>Para cambiar las teclas r\u00e1pidas a las preferidas: Abre \u201cConfiguraci\u00f3n\u201d (1), ve al men\u00fa \u201cHUD\u201d (2), despl\u00e1zate hacia abajo hasta la columna \u201cTeclas R\u00e1pidas\u201d (3), y cambia los par\u00e1metros:<\/p>\n\n\n\n<ul class=\"wp-block-list\">\n<li>\u201cTecla para marcar la \u00faltima mano\u201d (4) &#8211; establece la tecla r\u00e1pida para marcar la \u00faltima mano jugada en la mesa sin usar la etiqueta;<\/li>\n\n\n\n<li>\u201cTecla para marcar la \u00faltima mano con etiquetas\u201d (5) &#8211; establece la tecla r\u00e1pida para marcar la \u00faltima mano jugada en la mesa usando la etiqueta.<\/li>\n<\/ul>\n\n\n\n<figure class=\"wp-block-image size-large\"><img loading=\"lazy\" decoding=\"async\" width=\"1024\" height=\"576\" src=\"https:\/\/hand2noteguide.com\/wp-content\/uploads\/2025\/03\/\u0411\u0435\u0437-\u0438\u043c\u0435\u043d\u0438-6767671-1024x576.jpg\" alt=\"\" class=\"wp-image-9472\" srcset=\"https:\/\/hand2noteguide.com\/wp-content\/uploads\/2025\/03\/\u0411\u0435\u0437-\u0438\u043c\u0435\u043d\u0438-6767671-1024x576.jpg 1024w, https:\/\/hand2noteguide.com\/wp-content\/uploads\/2025\/03\/\u0411\u0435\u0437-\u0438\u043c\u0435\u043d\u0438-6767671-300x169.jpg 300w, https:\/\/hand2noteguide.com\/wp-content\/uploads\/2025\/03\/\u0411\u0435\u0437-\u0438\u043c\u0435\u043d\u0438-6767671-768x432.jpg 768w, https:\/\/hand2noteguide.com\/wp-content\/uploads\/2025\/03\/\u0411\u0435\u0437-\u0438\u043c\u0435\u043d\u0438-6767671-1536x864.jpg 1536w, https:\/\/hand2noteguide.com\/wp-content\/uploads\/2025\/03\/\u0411\u0435\u0437-\u0438\u043c\u0435\u043d\u0438-6767671-772x434.jpg 772w, https:\/\/hand2noteguide.com\/wp-content\/uploads\/2025\/03\/\u0411\u0435\u0437-\u0438\u043c\u0435\u043d\u0438-6767671-624x351.jpg 624w, https:\/\/hand2noteguide.com\/wp-content\/uploads\/2025\/03\/\u0411\u0435\u0437-\u0438\u043c\u0435\u043d\u0438-6767671.jpg 1920w\" sizes=\"auto, (max-width: 1024px) 100vw, 1024px\" \/><\/figure>\n\n\n\n<h3 class=\"wp-block-heading\">Marcando manos fuera de la mesa<\/h3>\n\n\n\n<p>Puedes marcar la mano necesaria fuera de la mesa ya sea en la secci\u00f3n \u201cSesiones\u201d o en la secci\u00f3n \u201cInformes\u201d &#8211; encontr\u00e1ndola en cualquiera de ellas en la lista de manos (\u201cManos\u201d):<\/p>\n\n\n\n<ul class=\"wp-block-list\">\n<li>Para la secci\u00f3n &#8220;Informes&#8221;: En la ventana principal de Hand2Note abre el men\u00fa \u201cInformes\u201d (1), encuentra la mano que deseas marcar en la lista \u201cManos\u201d (2) y usa RMB (bot\u00f3n derecho del rat\u00f3n). En la lista desplegable elige c\u00f3mo deseas marcar la mano:\n<ul class=\"wp-block-list\">\n<li>Sin usar la etiqueta &#8211; haciendo clic en \u201cMarcar Mano\u201d (3);<\/li>\n\n\n\n<li>Usando una etiqueta &#8211; haciendo clic en \u201cMarcar Mano Con Etiquetas\u2026\u201d (4).<\/li>\n<\/ul>\n<\/li>\n\n\n\n<li>Para la secci\u00f3n &#8220;Sesiones&#8221;: En la ventana principal de Hand2Note abre el men\u00fa \u201cSesiones\u201d (5), encuentra la mano que deseas marcar en la lista \u201cManos\u201d (6), y haz clic derecho sobre ella. En la lista desplegable, elige c\u00f3mo deseas marcar la mano:\n<ul class=\"wp-block-list\">\n<li>Sin usar la etiqueta &#8211; haciendo clic en \u201cMarcar Mano\u201d (7);<\/li>\n\n\n\n<li>Usando una etiqueta &#8211; haciendo clic en \u201cMarcar Mano Con Etiquetas\u2026\u201d (8).<\/li>\n<\/ul>\n<\/li>\n<\/ul>\n\n\n\n<figure class=\"wp-block-image size-large\"><img loading=\"lazy\" decoding=\"async\" width=\"1024\" height=\"576\" src=\"https:\/\/hand2noteguide.com\/wp-content\/uploads\/2025\/03\/\u0411\u0435\u0437-\u0438\u043c\u0435\u043d\u0438-14568787845455-1024x576.jpg\" alt=\"\" class=\"wp-image-9507\" srcset=\"https:\/\/hand2noteguide.com\/wp-content\/uploads\/2025\/03\/\u0411\u0435\u0437-\u0438\u043c\u0435\u043d\u0438-14568787845455-1024x576.jpg 1024w, https:\/\/hand2noteguide.com\/wp-content\/uploads\/2025\/03\/\u0411\u0435\u0437-\u0438\u043c\u0435\u043d\u0438-14568787845455-300x169.jpg 300w, https:\/\/hand2noteguide.com\/wp-content\/uploads\/2025\/03\/\u0411\u0435\u0437-\u0438\u043c\u0435\u043d\u0438-14568787845455-768x432.jpg 768w, https:\/\/hand2noteguide.com\/wp-content\/uploads\/2025\/03\/\u0411\u0435\u0437-\u0438\u043c\u0435\u043d\u0438-14568787845455-1536x864.jpg 1536w, https:\/\/hand2noteguide.com\/wp-content\/uploads\/2025\/03\/\u0411\u0435\u0437-\u0438\u043c\u0435\u043d\u0438-14568787845455-772x434.jpg 772w, https:\/\/hand2noteguide.com\/wp-content\/uploads\/2025\/03\/\u0411\u0435\u0437-\u0438\u043c\u0435\u043d\u0438-14568787845455-624x351.jpg 624w, https:\/\/hand2noteguide.com\/wp-content\/uploads\/2025\/03\/\u0411\u0435\u0437-\u0438\u043c\u0435\u043d\u0438-14568787845455.jpg 1920w\" sizes=\"auto, (max-width: 1024px) 100vw, 1024px\" \/><\/figure>\n\n\n\n<h2 class=\"wp-block-heading\">Ver, ordenar y exportar manos marcadas a Hand2Note<\/h2>\n\n\n\n<p>Para ver todas las manos marcadas, necesitas seleccionar \u201cManos Marcadas\u201d en la ventana principal de Hand2Note (1). En la lista abierta puedes ver todas las manos marcadas (2). Adem\u00e1s, si prestas atenci\u00f3n al inicio de cada l\u00ednea, puedes ver las etiquetas (3) que se les asignaron o la ausencia de etiquetas (4) &#8211; para las manos que fueron marcadas sin etiquetas.<\/p>\n\n\n\n<figure class=\"wp-block-image size-large\"><img loading=\"lazy\" decoding=\"async\" width=\"1024\" height=\"550\" src=\"https:\/\/hand2noteguide.com\/wp-content\/uploads\/2025\/03\/\u0411\u0435\u0437-\u0438\u043c\u0435\u043d\u0438345-1-1-1024x550.jpg\" alt=\"\" class=\"wp-image-9513\" srcset=\"https:\/\/hand2noteguide.com\/wp-content\/uploads\/2025\/03\/\u0411\u0435\u0437-\u0438\u043c\u0435\u043d\u0438345-1-1-1024x550.jpg 1024w, https:\/\/hand2noteguide.com\/wp-content\/uploads\/2025\/03\/\u0411\u0435\u0437-\u0438\u043c\u0435\u043d\u0438345-1-1-300x161.jpg 300w, https:\/\/hand2noteguide.com\/wp-content\/uploads\/2025\/03\/\u0411\u0435\u0437-\u0438\u043c\u0435\u043d\u0438345-1-1-768x413.jpg 768w, https:\/\/hand2noteguide.com\/wp-content\/uploads\/2025\/03\/\u0411\u0435\u0437-\u0438\u043c\u0435\u043d\u0438345-1-1-1536x825.jpg 1536w, https:\/\/hand2noteguide.com\/wp-content\/uploads\/2025\/03\/\u0411\u0435\u0437-\u0438\u043c\u0435\u043d\u0438345-1-1-772x415.jpg 772w, https:\/\/hand2noteguide.com\/wp-content\/uploads\/2025\/03\/\u0411\u0435\u0437-\u0438\u043c\u0435\u043d\u0438345-1-1-624x335.jpg 624w, https:\/\/hand2noteguide.com\/wp-content\/uploads\/2025\/03\/\u0411\u0435\u0437-\u0438\u043c\u0435\u043d\u0438345-1-1.jpg 1915w\" sizes=\"auto, (max-width: 1024px) 100vw, 1024px\" \/><\/figure>\n\n\n\n<p>Para ordenar manos por etiquetas, necesitas hacer clic en \u201cEtiquetas\u2026\u201d (1) y en la lista desplegable marcar las etiquetas necesarias para mostrar (2).<\/p>\n\n\n\n<figure class=\"wp-block-image size-large\"><img loading=\"lazy\" decoding=\"async\" width=\"1024\" height=\"564\" src=\"https:\/\/hand2noteguide.com\/wp-content\/uploads\/2025\/03\/\u0411\u0435\u0437-\u04384543\u043a\u0443\u043f\u043c\u0435\u043d\u0438-1-1024x564.jpg\" alt=\"\" class=\"wp-image-9518\" srcset=\"https:\/\/hand2noteguide.com\/wp-content\/uploads\/2025\/03\/\u0411\u0435\u0437-\u04384543\u043a\u0443\u043f\u043c\u0435\u043d\u0438-1-1024x564.jpg 1024w, https:\/\/hand2noteguide.com\/wp-content\/uploads\/2025\/03\/\u0411\u0435\u0437-\u04384543\u043a\u0443\u043f\u043c\u0435\u043d\u0438-1-300x165.jpg 300w, https:\/\/hand2noteguide.com\/wp-content\/uploads\/2025\/03\/\u0411\u0435\u0437-\u04384543\u043a\u0443\u043f\u043c\u0435\u043d\u0438-1-768x423.jpg 768w, https:\/\/hand2noteguide.com\/wp-content\/uploads\/2025\/03\/\u0411\u0435\u0437-\u04384543\u043a\u0443\u043f\u043c\u0435\u043d\u0438-1-1536x846.jpg 1536w, https:\/\/hand2noteguide.com\/wp-content\/uploads\/2025\/03\/\u0411\u0435\u0437-\u04384543\u043a\u0443\u043f\u043c\u0435\u043d\u0438-1-772x425.jpg 772w, https:\/\/hand2noteguide.com\/wp-content\/uploads\/2025\/03\/\u0411\u0435\u0437-\u04384543\u043a\u0443\u043f\u043c\u0435\u043d\u0438-1-624x344.jpg 624w, https:\/\/hand2noteguide.com\/wp-content\/uploads\/2025\/03\/\u0411\u0435\u0437-\u04384543\u043a\u0443\u043f\u043c\u0435\u043d\u0438-1.jpg 1597w\" sizes=\"auto, (max-width: 1024px) 100vw, 1024px\" \/><\/figure>\n\n\n\n<div class=\"wp-block-group\"><div class=\"wp-block-group__inner-container is-layout-constrained wp-block-group-is-layout-constrained\">\n<p>Al presionar el s\u00edmbolo de engranaje (1) en la esquina superior derecha, estar\u00e1n disponibles las siguientes funciones:<\/p>\n\n\n\n<ul class=\"wp-block-list\">\n<li>\u201cImportar Manos Marcadas\u2026\u201d (2) &#8211; importar manos desde archivos de texto a la secci\u00f3n \u201cManos Marcadas\u201d;<\/li>\n\n\n\n<li>\u201cExportar Manos Marcadas\u2026\u201d (3) &#8211; exportar manos desde la secci\u00f3n \u201cManos Marcadas\u201d a archivos de texto;<\/li>\n\n\n\n<li>\u201cDesmarcar Todas las Manos\u201d (4) &#8211; desmarca todas las manos de \u2018Manos Marcadas\u2019 y las elimina de la secci\u00f3n.<\/li>\n<\/ul>\n<\/div><\/div>\n\n\n\n<figure class=\"wp-block-image size-large\"><img loading=\"lazy\" decoding=\"async\" width=\"1024\" height=\"551\" src=\"https:\/\/hand2noteguide.com\/wp-content\/uploads\/2025\/03\/\u0411\u0435\u0437-\u043878\u0435\u043d\u043c\u0435\u043d\u0438-1-1024x551.jpg\" alt=\"\" class=\"wp-image-9519\" srcset=\"https:\/\/hand2noteguide.com\/wp-content\/uploads\/2025\/03\/\u0411\u0435\u0437-\u043878\u0435\u043d\u043c\u0435\u043d\u0438-1-1024x551.jpg 1024w, https:\/\/hand2noteguide.com\/wp-content\/uploads\/2025\/03\/\u0411\u0435\u0437-\u043878\u0435\u043d\u043c\u0435\u043d\u0438-1-300x161.jpg 300w, https:\/\/hand2noteguide.com\/wp-content\/uploads\/2025\/03\/\u0411\u0435\u0437-\u043878\u0435\u043d\u043c\u0435\u043d\u0438-1-768x413.jpg 768w, https:\/\/hand2noteguide.com\/wp-content\/uploads\/2025\/03\/\u0411\u0435\u0437-\u043878\u0435\u043d\u043c\u0435\u043d\u0438-1-1536x827.jpg 1536w, https:\/\/hand2noteguide.com\/wp-content\/uploads\/2025\/03\/\u0411\u0435\u0437-\u043878\u0435\u043d\u043c\u0435\u043d\u0438-1-772x415.jpg 772w, https:\/\/hand2noteguide.com\/wp-content\/uploads\/2025\/03\/\u0411\u0435\u0437-\u043878\u0435\u043d\u043c\u0435\u043d\u0438-1-624x336.jpg 624w, https:\/\/hand2noteguide.com\/wp-content\/uploads\/2025\/03\/\u0411\u0435\u0437-\u043878\u0435\u043d\u043c\u0435\u043d\u0438-1.jpg 1916w\" sizes=\"auto, (max-width: 1024px) 100vw, 1024px\" \/><\/figure>\n\n\n\n<p><\/p>\n","protected":false},"excerpt":{"rendered":"<p>Hand2Note te permite crear y aplicar varias etiquetas a manos ya jugadas, as\u00ed como organizarlas, exportarlas y presentarlas en forma visual. Creaci\u00f3n de etiquetas personalizadas para marcar manos en Hand2Note Justo despu\u00e9s de la instalaci\u00f3n, Hand2Note ya tiene etiquetas b\u00e1sicas para marcar manos (3), puedes verlas abriendo la ventana principal del programa: \u201cConfiguraci\u00f3n\u201d (1) y &hellip; <a href=\"https:\/\/hand2noteguide.com\/es\/user-manual\/marking-hands-in-hand2note\/\" class=\"more-link\">Continue reading <span class=\"screen-reader-text\">Marcando manos en Hand2Note<\/span><\/a><\/p>\n","protected":false},"author":3,"featured_media":9537,"parent":9199,"menu_order":0,"comment_status":"closed","ping_status":"closed","template":"","meta":{"footnotes":""},"class_list":["post-9435","page","type-page","status-publish","has-post-thumbnail","hentry"],"translation":{"provider":"WPGlobus","version":"3.0.2","language":"es","enabled_languages":["en","ru","pt","zh","es","fr","de","it","ja"],"languages":{"en":{"title":true,"content":true,"excerpt":false},"ru":{"title":true,"content":true,"excerpt":false},"pt":{"title":true,"content":true,"excerpt":false},"zh":{"title":true,"content":true,"excerpt":false},"es":{"title":true,"content":true,"excerpt":false},"fr":{"title":true,"content":true,"excerpt":false},"de":{"title":true,"content":true,"excerpt":false},"it":{"title":true,"content":true,"excerpt":false},"ja":{"title":true,"content":true,"excerpt":false}}},"yoast_head":"<!-- This site is optimized with the Yoast SEO plugin v27.0 - https:\/\/yoast.com\/product\/yoast-seo-wordpress\/ -->\n<title>C\u00f3mo marcar y organizar manos de p\u00f3ker en Hand2Note<\/title>\n<meta name=\"description\" content=\"Aprende c\u00f3mo crear, aplicar y gestionar etiquetas personalizadas en Hand2Note para marcar manos durante o despu\u00e9s del juego, organizarlas, verlas, exportarlas o clasificarlas f\u00e1cilmente.\" \/>\n<meta name=\"robots\" content=\"index, follow, max-snippet:-1, max-image-preview:large, max-video-preview:-1\" \/>\n<link rel=\"canonical\" href=\"https:\/\/hand2noteguide.com\/user-manual\/marking-hands-in-hand2note\/\" \/>\n<meta property=\"og:locale\" content=\"es_ES\" \/>\n<meta property=\"og:type\" content=\"article\" \/>\n<meta property=\"og:title\" content=\"\u041c\u0430\u0440\u043a\u0438\u0440\u043e\u0432\u043a\u0430 \u0440\u0443\u043a \u0432 Hand2Note\" \/>\n<meta property=\"og:description\" content=\"Hand2Note \u043f\u043e\u0437\u0432\u043e\u043b\u044f\u0435\u0442 \u043f\u0440\u0438\u043c\u0435\u043d\u044f\u0442\u044c \u0440\u0430\u0437\u043b\u0438\u0447\u043d\u044b\u0435 \u043c\u0435\u0442\u043a\u0438 \u043d\u0430 \u0443\u0436\u0435 \u0441\u044b\u0433\u0440\u0430\u043d\u043d\u044b\u0435 \u0440\u0430\u0437\u0434\u0430\u0447\u0438, \u0430 \u0442\u0430\u043a \u0436\u0435 \u0438\u0445 \u0441\u0438\u0441\u0442\u0435\u043c\u0430\u0442\u0438\u0437\u0438\u0440\u043e\u0432\u0430\u0442\u044c, \u044d\u043a\u0441\u043f\u043e\u0440\u0442\u0438\u0440\u043e\u0432\u0430\u0442\u044c \u0438 \u043f\u0440\u0435\u0434\u043e\u0441\u0442\u0430\u0432\u043b\u044f\u0442\u044c \u0432 \u043d\u0430\u0433\u043b\u044f\u0434\u043d\u043e\u043c \u0432\u0438\u0434\u0435.\" \/>\n<meta property=\"og:url\" content=\"https:\/\/hand2noteguide.com\/user-manual\/marking-hands-in-hand2note\/\" \/>\n<meta property=\"og:site_name\" content=\"Hand2Note Guide\" \/>\n<meta property=\"article:modified_time\" content=\"2026-03-10T08:14:58+00:00\" \/>\n<meta property=\"og:image\" content=\"http:\/\/hand2noteguide.com\/wp-content\/uploads\/2025\/03\/--1-2-1024x576-1.jpg\" \/>\n\t<meta property=\"og:image:width\" content=\"1024\" \/>\n\t<meta property=\"og:image:height\" content=\"576\" \/>\n\t<meta property=\"og:image:type\" content=\"image\/jpeg\" \/>\n<meta name=\"twitter:card\" content=\"summary_large_image\" \/>\n<meta name=\"twitter:label1\" content=\"Est. reading time\" \/>\n\t<meta name=\"twitter:data1\" content=\"22 minutes\" \/>\n<!-- \/ Yoast SEO plugin. -->","yoast_head_json":{"title":"C\u00f3mo marcar y organizar manos de p\u00f3ker en Hand2Note","description":"Aprende c\u00f3mo crear, aplicar y gestionar etiquetas personalizadas en Hand2Note para marcar manos durante o despu\u00e9s del juego, organizarlas, verlas, exportarlas o clasificarlas f\u00e1cilmente.","robots":{"index":"index","follow":"follow","max-snippet":"max-snippet:-1","max-image-preview":"max-image-preview:large","max-video-preview":"max-video-preview:-1"},"canonical":"https:\/\/hand2noteguide.com\/user-manual\/marking-hands-in-hand2note\/","og_locale":"es_ES","og_type":"article","og_title":"\u041c\u0430\u0440\u043a\u0438\u0440\u043e\u0432\u043a\u0430 \u0440\u0443\u043a \u0432 Hand2Note","og_description":"Hand2Note \u043f\u043e\u0437\u0432\u043e\u043b\u044f\u0435\u0442 \u043f\u0440\u0438\u043c\u0435\u043d\u044f\u0442\u044c \u0440\u0430\u0437\u043b\u0438\u0447\u043d\u044b\u0435 \u043c\u0435\u0442\u043a\u0438 \u043d\u0430 \u0443\u0436\u0435 \u0441\u044b\u0433\u0440\u0430\u043d\u043d\u044b\u0435 \u0440\u0430\u0437\u0434\u0430\u0447\u0438, \u0430 \u0442\u0430\u043a \u0436\u0435 \u0438\u0445 \u0441\u0438\u0441\u0442\u0435\u043c\u0430\u0442\u0438\u0437\u0438\u0440\u043e\u0432\u0430\u0442\u044c, \u044d\u043a\u0441\u043f\u043e\u0440\u0442\u0438\u0440\u043e\u0432\u0430\u0442\u044c \u0438 \u043f\u0440\u0435\u0434\u043e\u0441\u0442\u0430\u0432\u043b\u044f\u0442\u044c \u0432 \u043d\u0430\u0433\u043b\u044f\u0434\u043d\u043e\u043c \u0432\u0438\u0434\u0435.","og_url":"https:\/\/hand2noteguide.com\/user-manual\/marking-hands-in-hand2note\/","og_site_name":"Hand2Note Guide","article_modified_time":"2026-03-10T08:14:58+00:00","og_image":[{"width":1024,"height":576,"url":"http:\/\/hand2noteguide.com\/wp-content\/uploads\/2025\/03\/--1-2-1024x576-1.jpg","type":"image\/jpeg"}],"twitter_card":"summary_large_image","twitter_misc":{"Est. reading time":"22 minutes"},"schema":{"@context":"https:\/\/schema.org","@graph":[]}},"jetpack_sharing_enabled":true,"_links":{"self":[{"href":"https:\/\/hand2noteguide.com\/es\/wp-json\/wp\/v2\/pages\/9435","targetHints":{"allow":["GET"]}}],"collection":[{"href":"https:\/\/hand2noteguide.com\/es\/wp-json\/wp\/v2\/pages"}],"about":[{"href":"https:\/\/hand2noteguide.com\/es\/wp-json\/wp\/v2\/types\/page"}],"author":[{"embeddable":true,"href":"https:\/\/hand2noteguide.com\/es\/wp-json\/wp\/v2\/users\/3"}],"replies":[{"embeddable":true,"href":"https:\/\/hand2noteguide.com\/es\/wp-json\/wp\/v2\/comments?post=9435"}],"version-history":[{"count":60,"href":"https:\/\/hand2noteguide.com\/es\/wp-json\/wp\/v2\/pages\/9435\/revisions"}],"predecessor-version":[{"id":15614,"href":"https:\/\/hand2noteguide.com\/es\/wp-json\/wp\/v2\/pages\/9435\/revisions\/15614"}],"up":[{"embeddable":true,"href":"https:\/\/hand2noteguide.com\/es\/wp-json\/wp\/v2\/pages\/9199"}],"wp:featuredmedia":[{"embeddable":true,"href":"https:\/\/hand2noteguide.com\/es\/wp-json\/wp\/v2\/media\/9537"}],"wp:attachment":[{"href":"https:\/\/hand2noteguide.com\/es\/wp-json\/wp\/v2\/media?parent=9435"}],"curies":[{"name":"wp","href":"https:\/\/api.w.org\/{rel}","templated":true}]}}