{"id":95,"date":"2018-07-30T02:09:53","date_gmt":"2018-07-29T23:09:53","guid":{"rendered":"https:\/\/h2n312.wordpress.com\/?page_id=95"},"modified":"2025-06-04T19:19:09","modified_gmt":"2025-06-04T16:19:09","slug":"h2n-takes-much-space","status":"publish","type":"page","link":"https:\/\/hand2noteguide.com\/es\/issues-resolving\/h2n-takes-much-space\/","title":{"rendered":"Hand2Note ocupa demasiado espacio"},"content":{"rendered":"\n<p>Por defecto, la carpeta de Hand2Note se encuentra en <strong>C:\/Program Files\/Hand2Note<\/strong>. Si esta carpeta ocupa demasiado espacio, lo m\u00e1s probable es que la mayor parte del espacio est\u00e9 ocupado por archivos de registro (carpeta de <strong>logs<\/strong>).<\/p>\n\n\n\n<figure class=\"wp-block-image\"><img loading=\"lazy\" decoding=\"async\" width=\"827\" height=\"549\" src=\"https:\/\/hand2noteguide.com\/wp-content\/uploads\/2020\/04\/hand2note-logs-folder.png\" alt=\"hand2note logs folder\" class=\"wp-image-2237\" srcset=\"https:\/\/hand2noteguide.com\/wp-content\/uploads\/2020\/04\/hand2note-logs-folder.png 827w, https:\/\/hand2noteguide.com\/wp-content\/uploads\/2020\/04\/hand2note-logs-folder-300x199.png 300w, https:\/\/hand2noteguide.com\/wp-content\/uploads\/2020\/04\/hand2note-logs-folder-768x510.png 768w, https:\/\/hand2noteguide.com\/wp-content\/uploads\/2020\/04\/hand2note-logs-folder-772x512.png 772w, https:\/\/hand2noteguide.com\/wp-content\/uploads\/2020\/04\/hand2note-logs-folder-624x414.png 624w\" sizes=\"auto, (max-width: 827px) 100vw, 827px\" \/><figcaption>Carpeta de logs de Hand2Note<\/figcaption><\/figure>\n\n\n\n<p>Puedes eliminar completamente esta carpeta si su tama\u00f1o te molesta, no afectar\u00e1 el funcionamiento del software.<\/p>\n\n\n\n<p>Tambi\u00e9n puedes desactivar el registro en la configuraci\u00f3n del programa. Para hacerlo, ve a <em>Settings \u2192 Other options \u2192 Logging<\/em>, desmarca todas las opciones y haz clic en &#8220;Save&#8221;:<\/p>\n\n\n\n<figure class=\"wp-block-image\"><img loading=\"lazy\" decoding=\"async\" width=\"855\" height=\"632\" src=\"https:\/\/hand2noteguide.com\/wp-content\/uploads\/2020\/04\/hand2note-logging-options.png\" alt=\"hand2note logging options\" class=\"wp-image-2238\" srcset=\"https:\/\/hand2noteguide.com\/wp-content\/uploads\/2020\/04\/hand2note-logging-options.png 855w, https:\/\/hand2noteguide.com\/wp-content\/uploads\/2020\/04\/hand2note-logging-options-300x222.png 300w, https:\/\/hand2noteguide.com\/wp-content\/uploads\/2020\/04\/hand2note-logging-options-768x568.png 768w, https:\/\/hand2noteguide.com\/wp-content\/uploads\/2020\/04\/hand2note-logging-options-772x571.png 772w, https:\/\/hand2noteguide.com\/wp-content\/uploads\/2020\/04\/hand2note-logging-options-624x461.png 624w\" sizes=\"auto, (max-width: 855px) 100vw, 855px\" \/><figcaption>Desactivar opciones de registro<\/figcaption><\/figure>\n\n\n\n<p>Despu\u00e9s de eso, Hand2Note solo guardar\u00e1 los registros del sistema m\u00e1s necesarios, que no ocupar\u00e1n mucho espacio.<\/p>\n\n\n\n<p>Una parte sustancial del espacio en disco tambi\u00e9n puede estar ocupada por la <a href=\"https:\/\/hand2noteguide.com\/es\/guide\/database\/\">base de datos<\/a>. Puedes <a href=\"https:\/\/hand2noteguide.com\/es\/guide\/database\/move-database-to-another-drive\/\">mover la base de datos a otro disco<\/a>, o simplemente <a href=\"https:\/\/hand2noteguide.com\/es\/guide\/database\/create-database\/\">crear una base de datos limpia<\/a> e importar solo las manos relevantes en ella.<\/p>\n","protected":false},"excerpt":{"rendered":"<p>Por defecto, la carpeta de Hand2Note se encuentra en C:\/Program Files\/Hand2Note. Si esta carpeta ocupa demasiado espacio, lo m\u00e1s probable es que la mayor parte del espacio est\u00e9 ocupado por archivos de registro (carpeta de logs). Puedes eliminar completamente esta carpeta si su tama\u00f1o te molesta, no afectar\u00e1 el funcionamiento del software. Tambi\u00e9n puedes desactivar &hellip; <a href=\"https:\/\/hand2noteguide.com\/es\/issues-resolving\/h2n-takes-much-space\/\" class=\"more-link\">Continue reading <span class=\"screen-reader-text\">Hand2Note ocupa demasiado espacio<\/span><\/a><\/p>\n","protected":false},"author":1,"featured_media":0,"parent":236,"menu_order":3,"comment_status":"closed","ping_status":"closed","template":"page-templates\/full-width-page.php","meta":{"footnotes":""},"class_list":["post-95","page","type-page","status-publish","hentry"],"translation":{"provider":"WPGlobus","version":"3.0.2","language":"es","enabled_languages":["en","ru","pt","zh","es","fr","de","it","ja"],"languages":{"en":{"title":true,"content":true,"excerpt":false},"ru":{"title":true,"content":true,"excerpt":false},"pt":{"title":true,"content":true,"excerpt":false},"zh":{"title":true,"content":true,"excerpt":false},"es":{"title":true,"content":true,"excerpt":false},"fr":{"title":true,"content":true,"excerpt":false},"de":{"title":true,"content":true,"excerpt":false},"it":{"title":true,"content":true,"excerpt":false},"ja":{"title":true,"content":true,"excerpt":false}}},"yoast_head":"<!-- This site is optimized with the Yoast SEO plugin v27.0 - https:\/\/yoast.com\/product\/yoast-seo-wordpress\/ -->\n<title>Optimiza el Almacenamiento de Hand2Note: Libera Espacio F\u00e1cilmente<\/title>\n<meta name=\"description\" content=\"Aprende c\u00f3mo gestionar el almacenamiento de Hand2Note eliminando archivos de registro y moviendo bases de datos. Libera espacio sin afectar el rendimiento del software.\" \/>\n<meta name=\"robots\" content=\"index, follow, max-snippet:-1, max-image-preview:large, max-video-preview:-1\" \/>\n<link rel=\"canonical\" href=\"https:\/\/hand2noteguide.com\/issues-resolving\/h2n-takes-much-space\/\" \/>\n<meta property=\"og:locale\" content=\"es_ES\" \/>\n<meta property=\"og:type\" content=\"article\" \/>\n<meta property=\"og:title\" content=\"Optimiza el Almacenamiento de Hand2Note: Libera Espacio F\u00e1cilmente\" \/>\n<meta property=\"og:description\" content=\"Aprende c\u00f3mo gestionar el almacenamiento de Hand2Note eliminando archivos de registro y moviendo bases de datos. Libera espacio sin afectar el rendimiento del software.\" \/>\n<meta property=\"og:url\" content=\"https:\/\/hand2noteguide.com\/issues-resolving\/h2n-takes-much-space\/\" \/>\n<meta property=\"og:site_name\" content=\"Hand2Note Guide\" \/>\n<meta property=\"article:modified_time\" content=\"2025-06-04T16:19:09+00:00\" \/>\n<meta property=\"og:image\" content=\"https:\/\/hand2noteguide.com\/wp-content\/uploads\/2018\/07\/logs111.png\" \/>\n<meta name=\"twitter:card\" content=\"summary_large_image\" \/>\n<meta name=\"twitter:label1\" content=\"Est. reading time\" \/>\n\t<meta name=\"twitter:data1\" content=\"5 minutes\" \/>\n<!-- \/ Yoast SEO plugin. -->","yoast_head_json":{"title":"Optimiza el Almacenamiento de Hand2Note: Libera Espacio F\u00e1cilmente","description":"Aprende c\u00f3mo gestionar el almacenamiento de Hand2Note eliminando archivos de registro y moviendo bases de datos. Libera espacio sin afectar el rendimiento del software.","robots":{"index":"index","follow":"follow","max-snippet":"max-snippet:-1","max-image-preview":"max-image-preview:large","max-video-preview":"max-video-preview:-1"},"canonical":"https:\/\/hand2noteguide.com\/issues-resolving\/h2n-takes-much-space\/","og_locale":"es_ES","og_type":"article","og_title":"Optimiza el Almacenamiento de Hand2Note: Libera Espacio F\u00e1cilmente","og_description":"Aprende c\u00f3mo gestionar el almacenamiento de Hand2Note eliminando archivos de registro y moviendo bases de datos. Libera espacio sin afectar el rendimiento del software.","og_url":"https:\/\/hand2noteguide.com\/issues-resolving\/h2n-takes-much-space\/","og_site_name":"Hand2Note Guide","article_modified_time":"2025-06-04T16:19:09+00:00","og_image":[{"url":"https:\/\/hand2noteguide.com\/wp-content\/uploads\/2018\/07\/logs111.png","type":"","width":"","height":""}],"twitter_card":"summary_large_image","twitter_misc":{"Est. reading time":"5 minutes"},"schema":{"@context":"https:\/\/schema.org","@graph":[]}},"jetpack_sharing_enabled":false,"_links":{"self":[{"href":"https:\/\/hand2noteguide.com\/es\/wp-json\/wp\/v2\/pages\/95","targetHints":{"allow":["GET"]}}],"collection":[{"href":"https:\/\/hand2noteguide.com\/es\/wp-json\/wp\/v2\/pages"}],"about":[{"href":"https:\/\/hand2noteguide.com\/es\/wp-json\/wp\/v2\/types\/page"}],"author":[{"embeddable":true,"href":"https:\/\/hand2noteguide.com\/es\/wp-json\/wp\/v2\/users\/1"}],"replies":[{"embeddable":true,"href":"https:\/\/hand2noteguide.com\/es\/wp-json\/wp\/v2\/comments?post=95"}],"version-history":[{"count":15,"href":"https:\/\/hand2noteguide.com\/es\/wp-json\/wp\/v2\/pages\/95\/revisions"}],"predecessor-version":[{"id":13559,"href":"https:\/\/hand2noteguide.com\/es\/wp-json\/wp\/v2\/pages\/95\/revisions\/13559"}],"up":[{"embeddable":true,"href":"https:\/\/hand2noteguide.com\/es\/wp-json\/wp\/v2\/pages\/236"}],"wp:attachment":[{"href":"https:\/\/hand2noteguide.com\/es\/wp-json\/wp\/v2\/media?parent=95"}],"curies":[{"name":"wp","href":"https:\/\/api.w.org\/{rel}","templated":true}]}}