{"id":9541,"date":"2025-04-02T19:32:06","date_gmt":"2025-04-02T16:32:06","guid":{"rendered":"https:\/\/hand2noteguide.com\/?page_id=9541"},"modified":"2026-03-10T11:15:43","modified_gmt":"2026-03-10T08:15:43","slug":"how-to-distinguish-between-a-fish-and-a-hu-reg","status":"publish","type":"page","link":"https:\/\/hand2noteguide.com\/es\/user-manual\/how-to-distinguish-between-a-fish-and-a-hu-reg\/","title":{"rendered":"C\u00f3mo diferenciar a un fish de un jugador heads-up en mesas de 3+max con Hand2Note"},"content":{"rendered":"\n<p>Hay situaciones en las que los jugadores que prefieren jugar en formato heads-up (dos jugadores por mesa) se sientan en mesas de 3+max (tres o m\u00e1s jugadores por mesa). Al mismo tiempo, su principal volumen de juego se lleva a cabo en las mesas heads-up, donde su VPIP (porcentaje de dinero voluntario en el bote) ser\u00e1 mucho m\u00e1s alto que cuando juegan en las mesas de 3+max. Esto crea una estad\u00edstica general difusa sobre el jugador, y como resultado, es una falsa selecci\u00f3n para nosotros jugar contra \u00e9l en mesas de 3+max, confundi\u00e9ndolo con un fish.<\/p>\n\n\n\n<p>Hand2Note te permite personalizar las estad\u00edsticas dividi\u00e9ndolas en formatos: estad\u00edsticas de Heads-Up y estad\u00edsticas cuando se juega en mesas de 3+max. Mostrando HUDs y Popups con las estad\u00edsticas del jugador en Heads-Up en las mesas Heads-Up, y para las mesas de 3+max, las estad\u00edsticas del jugador recopiladas cuando jug\u00f3 en las mesas de 3+max.<\/p>\n\n\n\n<h2 class=\"wp-block-heading\">Personalizaci\u00f3n de Hand2Note para adaptar estad\u00edsticas para mesas Heads-Up y 3+max<\/h2>\n\n\n\n<p>En este ejemplo, veamos c\u00f3mo configurar el perfil personalizado para jugar Texas Holdem NL Cash.<\/p>\n\n\n\n<p>En la ventana principal de Hand2Note abre el men\u00fa \u201cConfiguration\u201d (1) y selecciona \u201cGame Types\u201d (2). Luego haz clic en el perfil \u201cTexas Holdem NL Cash\u201d (3) y cambia el valor del est\u00e1ndar \u201c2 to 10\u201d a \u201c2 to 2\u201d (4). Luego haz clic en el \u201c+\u201d debajo de la lista de perfiles (5) para crear un nuevo perfil.<\/p>\n\n\n\n<figure class=\"wp-block-image size-large\"><img loading=\"lazy\" decoding=\"async\" width=\"1024\" height=\"551\" src=\"https:\/\/hand2noteguide.com\/wp-content\/uploads\/2025\/04\/1-1-1024x551.jpg\" alt=\"\" class=\"wp-image-9577\" srcset=\"https:\/\/hand2noteguide.com\/wp-content\/uploads\/2025\/04\/1-1-1024x551.jpg 1024w, https:\/\/hand2noteguide.com\/wp-content\/uploads\/2025\/04\/1-1-300x161.jpg 300w, https:\/\/hand2noteguide.com\/wp-content\/uploads\/2025\/04\/1-1-768x413.jpg 768w, https:\/\/hand2noteguide.com\/wp-content\/uploads\/2025\/04\/1-1-1536x826.jpg 1536w, https:\/\/hand2noteguide.com\/wp-content\/uploads\/2025\/04\/1-1-772x415.jpg 772w, https:\/\/hand2noteguide.com\/wp-content\/uploads\/2025\/04\/1-1-624x336.jpg 624w, https:\/\/hand2noteguide.com\/wp-content\/uploads\/2025\/04\/1-1.jpg 1917w\" sizes=\"auto, (max-width: 1024px) 100vw, 1024px\" \/><\/figure>\n\n\n\n<p>En el nuevo perfil cambia el valor en la l\u00ednea \u201cPlayers In Hand\u201d del est\u00e1ndar \u201c2 to 10\u201d a \u201c3 to 10\u201d (1). A continuaci\u00f3n, aseg\u00farate de que los perfiles est\u00e9n guardados observando los cambios en sus nombres de los inicialmente id\u00e9nticos \u201cTexas Holdem NL Cash\u201d a \u201cTexas Holdem NL Cash 2-2 players\u201d y \u201cTexas Holdem NL Cash 3-10 players\u201d respectivamente (2).<\/p>\n\n\n\n<figure class=\"wp-block-image size-large\"><img loading=\"lazy\" decoding=\"async\" width=\"1024\" height=\"550\" src=\"https:\/\/hand2noteguide.com\/wp-content\/uploads\/2025\/04\/2-1024x550.jpg\" alt=\"\" class=\"wp-image-9578\" srcset=\"https:\/\/hand2noteguide.com\/wp-content\/uploads\/2025\/04\/2-1024x550.jpg 1024w, https:\/\/hand2noteguide.com\/wp-content\/uploads\/2025\/04\/2-300x161.jpg 300w, https:\/\/hand2noteguide.com\/wp-content\/uploads\/2025\/04\/2-768x413.jpg 768w, https:\/\/hand2noteguide.com\/wp-content\/uploads\/2025\/04\/2-1536x826.jpg 1536w, https:\/\/hand2noteguide.com\/wp-content\/uploads\/2025\/04\/2-772x415.jpg 772w, https:\/\/hand2noteguide.com\/wp-content\/uploads\/2025\/04\/2-624x335.jpg 624w, https:\/\/hand2noteguide.com\/wp-content\/uploads\/2025\/04\/2.jpg 1918w\" sizes=\"auto, (max-width: 1024px) 100vw, 1024px\" \/><\/figure>\n\n\n\n<p>Si ya has cargado algunas estad\u00edsticas en Hand2Note, deben ser reconstruidas con los nuevos cambios. Si no, has terminado de configurar la adaptaci\u00f3n de estad\u00edsticas para mesas Heads-Up y 3+max, y estos perfiles funcionar\u00e1n en el programa en el futuro.<\/p>\n\n\n\n<p>Para reconstruir las estad\u00edsticas cargadas previamente, en la l\u00ednea superior de la ventana del programa, encuentra el men\u00fa \u201cDatabase\u201d (1) y haz clic en \u00e9l. En la lista desplegable, selecciona \u201cClean &amp; Rebuild Statistics\u201d (2), y en la ventana \u201cBuild Statistics\u201d, haz clic en \u201cAPPLY\u201d (3). Espera a que se complete el rec\u00e1lculo de las estad\u00edsticas.<\/p>\n\n\n\n<figure class=\"wp-block-image size-large\"><img loading=\"lazy\" decoding=\"async\" width=\"1024\" height=\"552\" src=\"https:\/\/hand2noteguide.com\/wp-content\/uploads\/2025\/04\/3-1024x552.jpg\" alt=\"\" class=\"wp-image-9579\" srcset=\"https:\/\/hand2noteguide.com\/wp-content\/uploads\/2025\/04\/3-1024x552.jpg 1024w, https:\/\/hand2noteguide.com\/wp-content\/uploads\/2025\/04\/3-300x162.jpg 300w, https:\/\/hand2noteguide.com\/wp-content\/uploads\/2025\/04\/3-768x414.jpg 768w, https:\/\/hand2noteguide.com\/wp-content\/uploads\/2025\/04\/3-1536x828.jpg 1536w, https:\/\/hand2noteguide.com\/wp-content\/uploads\/2025\/04\/3-772x416.jpg 772w, https:\/\/hand2noteguide.com\/wp-content\/uploads\/2025\/04\/3-624x336.jpg 624w, https:\/\/hand2noteguide.com\/wp-content\/uploads\/2025\/04\/3.jpg 1913w\" sizes=\"auto, (max-width: 1024px) 100vw, 1024px\" \/><\/figure>\n\n\n\n<p>La configuraci\u00f3n est\u00e1 completa, puedes probar el programa sent\u00e1ndote en diferentes mesas (Heads Up y 3+max) con el mismo oponente y notar los cambios.<\/p>\n","protected":false},"excerpt":{"rendered":"<p>Hay situaciones en las que los jugadores que prefieren jugar en formato heads-up (dos jugadores por mesa) se sientan en mesas de 3+max (tres o m\u00e1s jugadores por mesa). Al mismo tiempo, su principal volumen de juego se lleva a cabo en las mesas heads-up, donde su VPIP (porcentaje de dinero voluntario en el bote) &hellip; <a href=\"https:\/\/hand2noteguide.com\/es\/user-manual\/how-to-distinguish-between-a-fish-and-a-hu-reg\/\" class=\"more-link\">Continue reading <span class=\"screen-reader-text\">C\u00f3mo diferenciar a un fish de un jugador heads-up en mesas de 3+max con Hand2Note<\/span><\/a><\/p>\n","protected":false},"author":3,"featured_media":9573,"parent":9199,"menu_order":0,"comment_status":"closed","ping_status":"closed","template":"","meta":{"footnotes":""},"class_list":["post-9541","page","type-page","status-publish","has-post-thumbnail","hentry"],"translation":{"provider":"WPGlobus","version":"3.0.2","language":"es","enabled_languages":["en","ru","pt","zh","es","fr","de","it","ja"],"languages":{"en":{"title":true,"content":true,"excerpt":false},"ru":{"title":true,"content":true,"excerpt":false},"pt":{"title":true,"content":true,"excerpt":false},"zh":{"title":true,"content":true,"excerpt":false},"es":{"title":true,"content":true,"excerpt":false},"fr":{"title":true,"content":true,"excerpt":false},"de":{"title":true,"content":true,"excerpt":false},"it":{"title":true,"content":true,"excerpt":false},"ja":{"title":true,"content":true,"excerpt":false}}},"yoast_head":"<!-- This site is optimized with the Yoast SEO plugin v27.0 - https:\/\/yoast.com\/product\/yoast-seo-wordpress\/ -->\n<title>C\u00f3mo diferenciar a un fish de un jugador heads-up en mesas de 3+max con Hand2Note<\/title>\n<meta name=\"description\" content=\"Mejora tus lecturas de poker separando las estad\u00edsticas de Heads-Up y 3+max en Hand2Note. Configura perfiles precisos y evita datos enga\u00f1osos de formatos de mesa mixtos.\" \/>\n<meta name=\"robots\" content=\"index, follow, max-snippet:-1, max-image-preview:large, max-video-preview:-1\" \/>\n<link rel=\"canonical\" href=\"https:\/\/hand2noteguide.com\/user-manual\/how-to-distinguish-between-a-fish-and-a-hu-reg\/\" \/>\n<meta property=\"og:locale\" content=\"es_ES\" \/>\n<meta property=\"og:type\" content=\"article\" \/>\n<meta property=\"og:title\" content=\"C\u00f3mo diferenciar a un fish de un jugador heads-up en mesas de 3+max con Hand2Note\" \/>\n<meta property=\"og:description\" content=\"Mejora tus lecturas de poker separando las estad\u00edsticas de Heads-Up y 3+max en Hand2Note. Configura perfiles precisos y evita datos enga\u00f1osos de formatos de mesa mixtos.\" \/>\n<meta property=\"og:url\" content=\"https:\/\/hand2noteguide.com\/user-manual\/how-to-distinguish-between-a-fish-and-a-hu-reg\/\" \/>\n<meta property=\"og:site_name\" content=\"Hand2Note Guide\" \/>\n<meta property=\"article:modified_time\" content=\"2026-03-10T08:15:43+00:00\" \/>\n<meta property=\"og:image\" content=\"https:\/\/hand2noteguide.com\/wp-content\/uploads\/2025\/04\/Poker-Table.jpg\" \/>\n\t<meta property=\"og:image:width\" content=\"988\" \/>\n\t<meta property=\"og:image:height\" content=\"1400\" \/>\n\t<meta property=\"og:image:type\" content=\"image\/jpeg\" \/>\n<meta name=\"twitter:card\" content=\"summary_large_image\" \/>\n<meta name=\"twitter:label1\" content=\"Est. reading time\" \/>\n\t<meta name=\"twitter:data1\" content=\"13 minutes\" \/>\n<!-- \/ Yoast SEO plugin. -->","yoast_head_json":{"title":"C\u00f3mo diferenciar a un fish de un jugador heads-up en mesas de 3+max con Hand2Note","description":"Mejora tus lecturas de poker separando las estad\u00edsticas de Heads-Up y 3+max en Hand2Note. Configura perfiles precisos y evita datos enga\u00f1osos de formatos de mesa mixtos.","robots":{"index":"index","follow":"follow","max-snippet":"max-snippet:-1","max-image-preview":"max-image-preview:large","max-video-preview":"max-video-preview:-1"},"canonical":"https:\/\/hand2noteguide.com\/user-manual\/how-to-distinguish-between-a-fish-and-a-hu-reg\/","og_locale":"es_ES","og_type":"article","og_title":"C\u00f3mo diferenciar a un fish de un jugador heads-up en mesas de 3+max con Hand2Note","og_description":"Mejora tus lecturas de poker separando las estad\u00edsticas de Heads-Up y 3+max en Hand2Note. Configura perfiles precisos y evita datos enga\u00f1osos de formatos de mesa mixtos.","og_url":"https:\/\/hand2noteguide.com\/user-manual\/how-to-distinguish-between-a-fish-and-a-hu-reg\/","og_site_name":"Hand2Note Guide","article_modified_time":"2026-03-10T08:15:43+00:00","og_image":[{"width":988,"height":1400,"url":"https:\/\/hand2noteguide.com\/wp-content\/uploads\/2025\/04\/Poker-Table.jpg","type":"image\/jpeg"}],"twitter_card":"summary_large_image","twitter_misc":{"Est. reading time":"13 minutes"},"schema":{"@context":"https:\/\/schema.org","@graph":[]}},"jetpack_sharing_enabled":true,"_links":{"self":[{"href":"https:\/\/hand2noteguide.com\/es\/wp-json\/wp\/v2\/pages\/9541","targetHints":{"allow":["GET"]}}],"collection":[{"href":"https:\/\/hand2noteguide.com\/es\/wp-json\/wp\/v2\/pages"}],"about":[{"href":"https:\/\/hand2noteguide.com\/es\/wp-json\/wp\/v2\/types\/page"}],"author":[{"embeddable":true,"href":"https:\/\/hand2noteguide.com\/es\/wp-json\/wp\/v2\/users\/3"}],"replies":[{"embeddable":true,"href":"https:\/\/hand2noteguide.com\/es\/wp-json\/wp\/v2\/comments?post=9541"}],"version-history":[{"count":44,"href":"https:\/\/hand2noteguide.com\/es\/wp-json\/wp\/v2\/pages\/9541\/revisions"}],"predecessor-version":[{"id":15615,"href":"https:\/\/hand2noteguide.com\/es\/wp-json\/wp\/v2\/pages\/9541\/revisions\/15615"}],"up":[{"embeddable":true,"href":"https:\/\/hand2noteguide.com\/es\/wp-json\/wp\/v2\/pages\/9199"}],"wp:featuredmedia":[{"embeddable":true,"href":"https:\/\/hand2noteguide.com\/es\/wp-json\/wp\/v2\/media\/9573"}],"wp:attachment":[{"href":"https:\/\/hand2noteguide.com\/es\/wp-json\/wp\/v2\/media?parent=9541"}],"curies":[{"name":"wp","href":"https:\/\/api.w.org\/{rel}","templated":true}]}}