{"id":9609,"date":"2025-04-05T13:16:20","date_gmt":"2025-04-05T10:16:20","guid":{"rendered":"https:\/\/hand2noteguide.com\/?page_id=9609"},"modified":"2026-03-10T11:16:50","modified_gmt":"2026-03-10T08:16:50","slug":"transferring-the-database-storage-location-as-well-as-creating-a-new-database","status":"publish","type":"page","link":"https:\/\/hand2noteguide.com\/es\/user-manual\/transferring-the-database-storage-location-as-well-as-creating-a-new-database\/","title":{"rendered":"Transferir la base de datos de Hand2Note a un nuevo directorio"},"content":{"rendered":"\n<p>A menudo, muchos jugadores enfrentan el problema de la falta de espacio libre en el disco local donde se almacena la base de datos de Hand2Note (por defecto, este es el disco local donde est\u00e1 instalado tu sistema operativo, con el s\u00edmbolo asignado \u201cC\u201d).<\/p>\n\n\n\n<p>Hand2Note te permite mover la base de datos a cualquier directorio que desees.<\/p>\n\n\n\n<h2 class=\"wp-block-heading\">Informaci\u00f3n importante antes de comenzar a trabajar con la base de datos<\/h2>\n\n\n\n<p>La base de datos se utiliza para almacenar y mantener todos los c\u00e1lculos estad\u00edsticos. Por lo general, es el elemento m\u00e1s voluminoso en Hand2Note, al instalar el programa; por defecto se encuentra en el directorio (bajo el sistema operativo WINDOWS):<\/p>\n\n\n\n<p><em>C: (disco local donde est\u00e1 instalado el sistema operativo)Usuarios(nombre de usuario del sistema operativo)AppDataRoamingHand2Note<\/em><\/p>\n\n\n\n<p>Para el correcto funcionamiento de la base de datos, debe estar instalada solo en unidades f\u00edsicas internas y particiones l\u00f3gicas (discos locales) creadas en ellas. Est\u00e1 prohibido instalarla en discos duros externos, memoria flash (unidades USB) o el disco local de otro ordenador a trav\u00e9s de una red local con carpetas compartidas.<\/p>\n\n\n\n<p>La base de datos debe tener una ruta a su ubicaci\u00f3n que consista exclusivamente en letras en ingl\u00e9s y sin el uso de caracteres especiales.<\/p>\n\n\n\n<p>Tambi\u00e9n debes considerar la velocidad de la unidad f\u00edsica interna al trabajar con datos. Para que Hand2Note funcione correctamente, debes preferir un SSD con interfaz de conexi\u00f3n M2 o una unidad m\u00e1s r\u00e1pida.<\/p>\n\n\n\n<h2 class=\"wp-block-heading\">Ejemplo de migraci\u00f3n de la base de datos<\/h2>\n\n\n\n<p>Para mover la base de datos, abre Hand2Note, ve a \u201cConfiguration\u201d (1), luego selecciona \u201cDatabase\u201d (2) y haz clic en \u201cOpen Folder\u201d (3); cierra Hand2Note dejando la ventana abierta despu\u00e9s de hacer clic en \u201cOpen Folder\u201d.<\/p>\n\n\n\n<figure class=\"wp-block-image size-large\"><img loading=\"lazy\" decoding=\"async\" width=\"1024\" height=\"551\" src=\"https:\/\/hand2noteguide.com\/wp-content\/uploads\/2025\/04\/\u0411\u0435\u0437-\u0438\u043c\u0435\u043d\u0438-1\u0443\u0432\u044b\u0430\u044b-1024x551.jpg\" alt=\"\" class=\"wp-image-9641\" srcset=\"https:\/\/hand2noteguide.com\/wp-content\/uploads\/2025\/04\/\u0411\u0435\u0437-\u0438\u043c\u0435\u043d\u0438-1\u0443\u0432\u044b\u0430\u044b-1024x551.jpg 1024w, https:\/\/hand2noteguide.com\/wp-content\/uploads\/2025\/04\/\u0411\u0435\u0437-\u0438\u043c\u0435\u043d\u0438-1\u0443\u0432\u044b\u0430\u044b-300x161.jpg 300w, https:\/\/hand2noteguide.com\/wp-content\/uploads\/2025\/04\/\u0411\u0435\u0437-\u0438\u043c\u0435\u043d\u0438-1\u0443\u0432\u044b\u0430\u044b-768x413.jpg 768w, https:\/\/hand2noteguide.com\/wp-content\/uploads\/2025\/04\/\u0411\u0435\u0437-\u0438\u043c\u0435\u043d\u0438-1\u0443\u0432\u044b\u0430\u044b-1536x826.jpg 1536w, https:\/\/hand2noteguide.com\/wp-content\/uploads\/2025\/04\/\u0411\u0435\u0437-\u0438\u043c\u0435\u043d\u0438-1\u0443\u0432\u044b\u0430\u044b-772x415.jpg 772w, https:\/\/hand2noteguide.com\/wp-content\/uploads\/2025\/04\/\u0411\u0435\u0437-\u0438\u043c\u0435\u043d\u0438-1\u0443\u0432\u044b\u0430\u044b-624x336.jpg 624w, https:\/\/hand2noteguide.com\/wp-content\/uploads\/2025\/04\/\u0411\u0435\u0437-\u0438\u043c\u0435\u043d\u0438-1\u0443\u0432\u044b\u0430\u044b.jpg 1908w\" sizes=\"auto, (max-width: 1024px) 100vw, 1024px\" \/><\/figure>\n\n\n\n<p>En la ventana abierta, haz clic derecho en la carpeta \u201cDatabases\u201d (1) y en el men\u00fa desplegable haz clic en el bot\u00f3n \u201cCut\u201d (2). Abre una nueva ubicaci\u00f3n para guardar la base de datos (en el ejemplo esto es: \u201cDisco local (D:)\u201d) y en ella haz clic en cualquier \u00e1rea libre (3). En el men\u00fa desplegable, selecciona el bot\u00f3n \u201cPaste\u201d (4). De esta manera, has migrado la base de datos a una nueva ubicaci\u00f3n.<\/p>\n\n\n\n<figure class=\"wp-block-image size-large\"><img loading=\"lazy\" decoding=\"async\" width=\"1024\" height=\"630\" src=\"https:\/\/hand2noteguide.com\/wp-content\/uploads\/2025\/04\/\u0411\u0435\u0437-fgdfgdfgdf1-1024x630.jpg\" alt=\"\" class=\"wp-image-9643\" srcset=\"https:\/\/hand2noteguide.com\/wp-content\/uploads\/2025\/04\/\u0411\u0435\u0437-fgdfgdfgdf1-1024x630.jpg 1024w, https:\/\/hand2noteguide.com\/wp-content\/uploads\/2025\/04\/\u0411\u0435\u0437-fgdfgdfgdf1-300x185.jpg 300w, https:\/\/hand2noteguide.com\/wp-content\/uploads\/2025\/04\/\u0411\u0435\u0437-fgdfgdfgdf1-768x473.jpg 768w, https:\/\/hand2noteguide.com\/wp-content\/uploads\/2025\/04\/\u0411\u0435\u0437-fgdfgdfgdf1-1536x945.jpg 1536w, https:\/\/hand2noteguide.com\/wp-content\/uploads\/2025\/04\/\u0411\u0435\u0437-fgdfgdfgdf1-772x475.jpg 772w, https:\/\/hand2noteguide.com\/wp-content\/uploads\/2025\/04\/\u0411\u0435\u0437-fgdfgdfgdf1-624x384.jpg 624w, https:\/\/hand2noteguide.com\/wp-content\/uploads\/2025\/04\/\u0411\u0435\u0437-fgdfgdfgdf1.jpg 1539w\" sizes=\"auto, (max-width: 1024px) 100vw, 1024px\" \/><\/figure>\n\n\n\n<p>Ahora necesitas especificar una nueva ubicaci\u00f3n para la base de datos en Hand2Note. Para hacer esto, inicia Hand2Note, haz clic en \u201cConfiguration\u201d (1) en la ventana principal del programa, ve al men\u00fa \u201cDatabase\u201d (2) y haz clic en \u201cChange Folder\u2026\u201d (3). En la ventana de b\u00fasqueda de carpetas abierta (4) especifica la ruta a la nueva ubicaci\u00f3n de la base de datos (5) y haz clic en \u201cSelect a folder\u201d (6).<\/p>\n\n\n\n<figure class=\"wp-block-image size-large\"><img loading=\"lazy\" decoding=\"async\" width=\"1024\" height=\"576\" src=\"https:\/\/hand2noteguide.com\/wp-content\/uploads\/2025\/04\/\u0411\u0435\u0437-\u0438\u044b\u0432\u044b\u0432\u043c\u0435\u043d\u0438-1-1024x576.jpg\" alt=\"\" class=\"wp-image-9644\" srcset=\"https:\/\/hand2noteguide.com\/wp-content\/uploads\/2025\/04\/\u0411\u0435\u0437-\u0438\u044b\u0432\u044b\u0432\u043c\u0435\u043d\u0438-1-1024x576.jpg 1024w, https:\/\/hand2noteguide.com\/wp-content\/uploads\/2025\/04\/\u0411\u0435\u0437-\u0438\u044b\u0432\u044b\u0432\u043c\u0435\u043d\u0438-1-300x169.jpg 300w, https:\/\/hand2noteguide.com\/wp-content\/uploads\/2025\/04\/\u0411\u0435\u0437-\u0438\u044b\u0432\u044b\u0432\u043c\u0435\u043d\u0438-1-768x432.jpg 768w, https:\/\/hand2noteguide.com\/wp-content\/uploads\/2025\/04\/\u0411\u0435\u0437-\u0438\u044b\u0432\u044b\u0432\u043c\u0435\u043d\u0438-1-1536x864.jpg 1536w, https:\/\/hand2noteguide.com\/wp-content\/uploads\/2025\/04\/\u0411\u0435\u0437-\u0438\u044b\u0432\u044b\u0432\u043c\u0435\u043d\u0438-1-772x434.jpg 772w, https:\/\/hand2noteguide.com\/wp-content\/uploads\/2025\/04\/\u0411\u0435\u0437-\u0438\u044b\u0432\u044b\u0432\u043c\u0435\u043d\u0438-1-624x351.jpg 624w, https:\/\/hand2noteguide.com\/wp-content\/uploads\/2025\/04\/\u0411\u0435\u0437-\u0438\u044b\u0432\u044b\u0432\u043c\u0435\u043d\u0438-1.jpg 1920w\" sizes=\"auto, (max-width: 1024px) 100vw, 1024px\" \/><\/figure>\n\n\n\n<p>De esta manera, migrar\u00e1s la base de datos a cualquier ubicaci\u00f3n deseada.<\/p>\n\n\n\n<p>Hand2Note tambi\u00e9n te permite crear m\u00faltiples bases de datos para diferentes prop\u00f3sitos. Para obtener m\u00e1s informaci\u00f3n, consulta el art\u00edculo: <a href=\"https:\/\/hand2noteguide.com\/es\/user-manual\/creating-deleting-and-switching-databases\/\">Creaci\u00f3n, eliminaci\u00f3n y cambio de bases de datos en Hand2Note<\/a>.<\/p>\n","protected":false},"excerpt":{"rendered":"<p>A menudo, muchos jugadores enfrentan el problema de la falta de espacio libre en el disco local donde se almacena la base de datos de Hand2Note (por defecto, este es el disco local donde est\u00e1 instalado tu sistema operativo, con el s\u00edmbolo asignado \u201cC\u201d). Hand2Note te permite mover la base de datos a cualquier directorio &hellip; <a href=\"https:\/\/hand2noteguide.com\/es\/user-manual\/transferring-the-database-storage-location-as-well-as-creating-a-new-database\/\" class=\"more-link\">Continue reading <span class=\"screen-reader-text\">Transferir la base de datos de Hand2Note a un nuevo directorio<\/span><\/a><\/p>\n","protected":false},"author":3,"featured_media":9613,"parent":9199,"menu_order":0,"comment_status":"closed","ping_status":"closed","template":"","meta":{"footnotes":""},"class_list":["post-9609","page","type-page","status-publish","has-post-thumbnail","hentry"],"translation":{"provider":"WPGlobus","version":"3.0.2","language":"es","enabled_languages":["en","ru","pt","zh","es","fr","de","it","ja"],"languages":{"en":{"title":true,"content":true,"excerpt":false},"ru":{"title":true,"content":true,"excerpt":false},"pt":{"title":true,"content":true,"excerpt":false},"zh":{"title":true,"content":true,"excerpt":false},"es":{"title":true,"content":true,"excerpt":false},"fr":{"title":true,"content":true,"excerpt":false},"de":{"title":true,"content":true,"excerpt":false},"it":{"title":true,"content":true,"excerpt":false},"ja":{"title":true,"content":true,"excerpt":false}}},"yoast_head":"<!-- This site is optimized with the Yoast SEO plugin v27.0 - https:\/\/yoast.com\/product\/yoast-seo-wordpress\/ -->\n<title>Transferir la base de datos de Hand2Note a un nuevo directorio<\/title>\n<meta name=\"description\" content=\"Libera espacio moviendo tu base de datos de Hand2Note a otro disco. Aprende c\u00f3mo migrarla de manera segura y mejorar el rendimiento usando un SSD.\" \/>\n<meta name=\"robots\" content=\"index, follow, max-snippet:-1, max-image-preview:large, max-video-preview:-1\" \/>\n<link rel=\"canonical\" href=\"https:\/\/hand2noteguide.com\/user-manual\/transferring-the-database-storage-location-as-well-as-creating-a-new-database\/\" \/>\n<meta property=\"og:locale\" content=\"es_ES\" \/>\n<meta property=\"og:type\" content=\"article\" \/>\n<meta property=\"og:title\" content=\"Transferir la base de datos de Hand2Note a un nuevo directorio\" \/>\n<meta property=\"og:description\" content=\"Libera espacio moviendo tu base de datos de Hand2Note a otro disco. Aprende c\u00f3mo migrarla de manera segura y mejorar el rendimiento usando un SSD.\" \/>\n<meta property=\"og:url\" content=\"https:\/\/hand2noteguide.com\/user-manual\/transferring-the-database-storage-location-as-well-as-creating-a-new-database\/\" \/>\n<meta property=\"og:site_name\" content=\"Hand2Note Guide\" \/>\n<meta property=\"article:modified_time\" content=\"2026-03-10T08:16:50+00:00\" \/>\n<meta property=\"og:image\" content=\"https:\/\/hand2noteguide.com\/wp-content\/uploads\/2025\/04\/11.jpg\" \/>\n\t<meta property=\"og:image:width\" content=\"1391\" \/>\n\t<meta property=\"og:image:height\" content=\"961\" \/>\n\t<meta property=\"og:image:type\" content=\"image\/jpeg\" \/>\n<meta name=\"twitter:card\" content=\"summary_large_image\" \/>\n<meta name=\"twitter:label1\" content=\"Est. reading time\" \/>\n\t<meta name=\"twitter:data1\" content=\"15 minutes\" \/>\n<!-- \/ Yoast SEO plugin. -->","yoast_head_json":{"title":"Transferir la base de datos de Hand2Note a un nuevo directorio","description":"Libera espacio moviendo tu base de datos de Hand2Note a otro disco. Aprende c\u00f3mo migrarla de manera segura y mejorar el rendimiento usando un SSD.","robots":{"index":"index","follow":"follow","max-snippet":"max-snippet:-1","max-image-preview":"max-image-preview:large","max-video-preview":"max-video-preview:-1"},"canonical":"https:\/\/hand2noteguide.com\/user-manual\/transferring-the-database-storage-location-as-well-as-creating-a-new-database\/","og_locale":"es_ES","og_type":"article","og_title":"Transferir la base de datos de Hand2Note a un nuevo directorio","og_description":"Libera espacio moviendo tu base de datos de Hand2Note a otro disco. Aprende c\u00f3mo migrarla de manera segura y mejorar el rendimiento usando un SSD.","og_url":"https:\/\/hand2noteguide.com\/user-manual\/transferring-the-database-storage-location-as-well-as-creating-a-new-database\/","og_site_name":"Hand2Note Guide","article_modified_time":"2026-03-10T08:16:50+00:00","og_image":[{"width":1391,"height":961,"url":"https:\/\/hand2noteguide.com\/wp-content\/uploads\/2025\/04\/11.jpg","type":"image\/jpeg"}],"twitter_card":"summary_large_image","twitter_misc":{"Est. reading time":"15 minutes"},"schema":{"@context":"https:\/\/schema.org","@graph":[]}},"jetpack_sharing_enabled":true,"_links":{"self":[{"href":"https:\/\/hand2noteguide.com\/es\/wp-json\/wp\/v2\/pages\/9609","targetHints":{"allow":["GET"]}}],"collection":[{"href":"https:\/\/hand2noteguide.com\/es\/wp-json\/wp\/v2\/pages"}],"about":[{"href":"https:\/\/hand2noteguide.com\/es\/wp-json\/wp\/v2\/types\/page"}],"author":[{"embeddable":true,"href":"https:\/\/hand2noteguide.com\/es\/wp-json\/wp\/v2\/users\/3"}],"replies":[{"embeddable":true,"href":"https:\/\/hand2noteguide.com\/es\/wp-json\/wp\/v2\/comments?post=9609"}],"version-history":[{"count":64,"href":"https:\/\/hand2noteguide.com\/es\/wp-json\/wp\/v2\/pages\/9609\/revisions"}],"predecessor-version":[{"id":15616,"href":"https:\/\/hand2noteguide.com\/es\/wp-json\/wp\/v2\/pages\/9609\/revisions\/15616"}],"up":[{"embeddable":true,"href":"https:\/\/hand2noteguide.com\/es\/wp-json\/wp\/v2\/pages\/9199"}],"wp:featuredmedia":[{"embeddable":true,"href":"https:\/\/hand2noteguide.com\/es\/wp-json\/wp\/v2\/media\/9613"}],"wp:attachment":[{"href":"https:\/\/hand2noteguide.com\/es\/wp-json\/wp\/v2\/media?parent=9609"}],"curies":[{"name":"wp","href":"https:\/\/api.w.org\/{rel}","templated":true}]}}