{"id":9692,"date":"2025-04-06T12:51:53","date_gmt":"2025-04-06T09:51:53","guid":{"rendered":"https:\/\/hand2noteguide.com\/?page_id=9692"},"modified":"2026-03-10T11:17:28","modified_gmt":"2026-03-10T08:17:28","slug":"creating-deleting-and-switching-databases","status":"publish","type":"page","link":"https:\/\/hand2noteguide.com\/es\/user-manual\/creating-deleting-and-switching-databases\/","title":{"rendered":"Creaci\u00f3n, eliminaci\u00f3n y cambio de bases de datos en Hand2Note"},"content":{"rendered":"\n<p>La base de datos se utiliza para almacenar y mantener todos los c\u00e1lculos estad\u00edsticos. Hand2Note te permite trabajar con m\u00faltiples bases de datos, as\u00ed como crear, eliminar y cambiar entre ellas.<\/p>\n\n\n\n<p>Para ver el n\u00famero de bases de datos en tu Hand2Note, abre el men\u00fa &#8220;Configuration&#8221; (1) en la ventana principal del programa, luego ve a &#8220;Database&#8221; (2). En el men\u00fa &#8220;Database&#8221; puedes ver la lista de bases de datos ya creadas (3).<\/p>\n\n\n\n<p>La base de datos activa en el momento de la operaci\u00f3n del programa tendr\u00e1 un punto amarillo brillante a la izquierda de su nombre.<\/p>\n\n\n\n<p>Para crear una base de datos adicional, haz clic en &#8220;+ Create Database&#8221; (4) y en la ventana &#8220;Enter the new name&#8221;, dale un nombre en el campo de entrada de texto (5), usando solo letras en ingl\u00e9s y sin usar caracteres especiales. Al terminar, haz clic en &#8220;OK&#8221; (6).<\/p>\n\n\n\n<figure class=\"wp-block-image size-large\"><img loading=\"lazy\" decoding=\"async\" width=\"1024\" height=\"576\" src=\"https:\/\/hand2noteguide.com\/wp-content\/uploads\/2025\/04\/\u0411\u0435\u0437-\u0438\u0432\u0430\u0432\u0430\u0432\u0430\u043c\u0435\u043d\u0438-1-1024x576.jpg\" alt=\"\" class=\"wp-image-9673\" srcset=\"https:\/\/hand2noteguide.com\/wp-content\/uploads\/2025\/04\/\u0411\u0435\u0437-\u0438\u0432\u0430\u0432\u0430\u0432\u0430\u043c\u0435\u043d\u0438-1-1024x576.jpg 1024w, https:\/\/hand2noteguide.com\/wp-content\/uploads\/2025\/04\/\u0411\u0435\u0437-\u0438\u0432\u0430\u0432\u0430\u0432\u0430\u043c\u0435\u043d\u0438-1-300x169.jpg 300w, https:\/\/hand2noteguide.com\/wp-content\/uploads\/2025\/04\/\u0411\u0435\u0437-\u0438\u0432\u0430\u0432\u0430\u0432\u0430\u043c\u0435\u043d\u0438-1-768x432.jpg 768w, https:\/\/hand2noteguide.com\/wp-content\/uploads\/2025\/04\/\u0411\u0435\u0437-\u0438\u0432\u0430\u0432\u0430\u0432\u0430\u043c\u0435\u043d\u0438-1-1536x864.jpg 1536w, https:\/\/hand2noteguide.com\/wp-content\/uploads\/2025\/04\/\u0411\u0435\u0437-\u0438\u0432\u0430\u0432\u0430\u0432\u0430\u043c\u0435\u043d\u0438-1-772x434.jpg 772w, https:\/\/hand2noteguide.com\/wp-content\/uploads\/2025\/04\/\u0411\u0435\u0437-\u0438\u0432\u0430\u0432\u0430\u0432\u0430\u043c\u0435\u043d\u0438-1-624x351.jpg 624w, https:\/\/hand2noteguide.com\/wp-content\/uploads\/2025\/04\/\u0411\u0435\u0437-\u0438\u0432\u0430\u0432\u0430\u0432\u0430\u043c\u0435\u043d\u0438-1.jpg 1920w\" sizes=\"auto, (max-width: 1024px) 100vw, 1024px\" \/><\/figure>\n\n\n\n<p>Si has hecho todo correctamente, la nueva base de datos deber\u00eda aparecer en la lista general de bases de datos (1) y estar activada, como lo indica un punto amarillo brillante a la izquierda de su nombre.<\/p>\n\n\n\n<p>Para cambiar a cualquier base de datos deseada, haz clic en el c\u00edrculo blanco frente a su nombre; en el momento de su activaci\u00f3n, deber\u00eda convertirse en un punto amarillo brillante.<\/p>\n\n\n\n<p>Al pasar el cursor sobre el nombre de cualquier base de datos, puedes notar que aparece un icono de papelera (2). Si haces clic en este icono, puedes eliminar la base de datos que no necesitas.<\/p>\n\n\n\n<figure class=\"wp-block-image size-large\"><img loading=\"lazy\" decoding=\"async\" width=\"1024\" height=\"552\" src=\"https:\/\/hand2noteguide.com\/wp-content\/uploads\/2025\/04\/\u0411\u0435\u0437\u044b\u0432\u0430\u044b\u0432\u0430-\u0438\u043c\u0435\u043d\u0438-2-1024x552.jpg\" alt=\"\" class=\"wp-image-9674\" srcset=\"https:\/\/hand2noteguide.com\/wp-content\/uploads\/2025\/04\/\u0411\u0435\u0437\u044b\u0432\u0430\u044b\u0432\u0430-\u0438\u043c\u0435\u043d\u0438-2-1024x552.jpg 1024w, https:\/\/hand2noteguide.com\/wp-content\/uploads\/2025\/04\/\u0411\u0435\u0437\u044b\u0432\u0430\u044b\u0432\u0430-\u0438\u043c\u0435\u043d\u0438-2-300x162.jpg 300w, https:\/\/hand2noteguide.com\/wp-content\/uploads\/2025\/04\/\u0411\u0435\u0437\u044b\u0432\u0430\u044b\u0432\u0430-\u0438\u043c\u0435\u043d\u0438-2-768x414.jpg 768w, https:\/\/hand2noteguide.com\/wp-content\/uploads\/2025\/04\/\u0411\u0435\u0437\u044b\u0432\u0430\u044b\u0432\u0430-\u0438\u043c\u0435\u043d\u0438-2-1536x828.jpg 1536w, https:\/\/hand2noteguide.com\/wp-content\/uploads\/2025\/04\/\u0411\u0435\u0437\u044b\u0432\u0430\u044b\u0432\u0430-\u0438\u043c\u0435\u043d\u0438-2-772x416.jpg 772w, https:\/\/hand2noteguide.com\/wp-content\/uploads\/2025\/04\/\u0411\u0435\u0437\u044b\u0432\u0430\u044b\u0432\u0430-\u0438\u043c\u0435\u043d\u0438-2-624x336.jpg 624w, https:\/\/hand2noteguide.com\/wp-content\/uploads\/2025\/04\/\u0411\u0435\u0437\u044b\u0432\u0430\u044b\u0432\u0430-\u0438\u043c\u0435\u043d\u0438-2.jpg 1918w\" sizes=\"auto, (max-width: 1024px) 100vw, 1024px\" \/><\/figure>\n\n\n\n<p>Adem\u00e1s, Hand2Note te permite cambiar la ubicaci\u00f3n de la base de datos a un nuevo directorio. Para saber m\u00e1s, consulta el art\u00edculo: <a href=\"https:\/\/hand2noteguide.com\/es\/user-manual\/transferring-the-database-storage-location-as-well-as-creating-a-new-database\/\">Transferring Hand2Note Database to a New Directory<\/a>.<\/p>\n","protected":false},"excerpt":{"rendered":"<p>La base de datos se utiliza para almacenar y mantener todos los c\u00e1lculos estad\u00edsticos. Hand2Note te permite trabajar con m\u00faltiples bases de datos, as\u00ed como crear, eliminar y cambiar entre ellas. Para ver el n\u00famero de bases de datos en tu Hand2Note, abre el men\u00fa &#8220;Configuration&#8221; (1) en la ventana principal del programa, luego ve &hellip; <a href=\"https:\/\/hand2noteguide.com\/es\/user-manual\/creating-deleting-and-switching-databases\/\" class=\"more-link\">Continue reading <span class=\"screen-reader-text\">Creaci\u00f3n, eliminaci\u00f3n y cambio de bases de datos en Hand2Note<\/span><\/a><\/p>\n","protected":false},"author":3,"featured_media":9700,"parent":9199,"menu_order":0,"comment_status":"closed","ping_status":"closed","template":"","meta":{"footnotes":""},"class_list":["post-9692","page","type-page","status-publish","has-post-thumbnail","hentry"],"translation":{"provider":"WPGlobus","version":"3.0.2","language":"es","enabled_languages":["en","ru","pt","zh","es","fr","de","it","ja"],"languages":{"en":{"title":true,"content":true,"excerpt":false},"ru":{"title":true,"content":true,"excerpt":false},"pt":{"title":true,"content":true,"excerpt":false},"zh":{"title":true,"content":true,"excerpt":false},"es":{"title":true,"content":true,"excerpt":false},"fr":{"title":true,"content":true,"excerpt":false},"de":{"title":true,"content":true,"excerpt":false},"it":{"title":true,"content":true,"excerpt":false},"ja":{"title":true,"content":true,"excerpt":false}}},"yoast_head":"<!-- This site is optimized with the Yoast SEO plugin v27.0 - https:\/\/yoast.com\/product\/yoast-seo-wordpress\/ -->\n<title>Creaci\u00f3n, eliminaci\u00f3n y cambio de bases de datos en Hand2Note<\/title>\n<meta name=\"description\" content=\"Gestiona estad\u00edsticas eficientemente en Hand2Note: crea, cambia o elimina m\u00faltiples bases de datos con facilidad. Aprende c\u00f3mo organizar tus datos y optimizar el rendimiento.\" \/>\n<meta name=\"robots\" content=\"index, follow, max-snippet:-1, max-image-preview:large, max-video-preview:-1\" \/>\n<link rel=\"canonical\" href=\"https:\/\/hand2noteguide.com\/user-manual\/creating-deleting-and-switching-databases\/\" \/>\n<meta property=\"og:locale\" content=\"es_ES\" \/>\n<meta property=\"og:type\" content=\"article\" \/>\n<meta property=\"og:title\" content=\"Creaci\u00f3n, eliminaci\u00f3n y cambio de bases de datos en Hand2Note\" \/>\n<meta property=\"og:description\" content=\"Gestiona estad\u00edsticas eficientemente en Hand2Note: crea, cambia o elimina m\u00faltiples bases de datos con facilidad. Aprende c\u00f3mo organizar tus datos y optimizar el rendimiento.\" \/>\n<meta property=\"og:url\" content=\"https:\/\/hand2noteguide.com\/user-manual\/creating-deleting-and-switching-databases\/\" \/>\n<meta property=\"og:site_name\" content=\"Hand2Note Guide\" \/>\n<meta property=\"article:modified_time\" content=\"2026-03-10T08:17:28+00:00\" \/>\n<meta property=\"og:image\" content=\"https:\/\/hand2noteguide.com\/wp-content\/uploads\/2025\/04\/\u0411\u0435\u0437-\u0438666\u043c\u0435\u043d\u0438-1.jpg\" \/>\n\t<meta property=\"og:image:width\" content=\"1401\" \/>\n\t<meta property=\"og:image:height\" content=\"843\" \/>\n\t<meta property=\"og:image:type\" content=\"image\/jpeg\" \/>\n<meta name=\"twitter:card\" content=\"summary_large_image\" \/>\n<meta name=\"twitter:label1\" content=\"Est. reading time\" \/>\n\t<meta name=\"twitter:data1\" content=\"8 minutes\" \/>\n<!-- \/ Yoast SEO plugin. -->","yoast_head_json":{"title":"Creaci\u00f3n, eliminaci\u00f3n y cambio de bases de datos en Hand2Note","description":"Gestiona estad\u00edsticas eficientemente en Hand2Note: crea, cambia o elimina m\u00faltiples bases de datos con facilidad. Aprende c\u00f3mo organizar tus datos y optimizar el rendimiento.","robots":{"index":"index","follow":"follow","max-snippet":"max-snippet:-1","max-image-preview":"max-image-preview:large","max-video-preview":"max-video-preview:-1"},"canonical":"https:\/\/hand2noteguide.com\/user-manual\/creating-deleting-and-switching-databases\/","og_locale":"es_ES","og_type":"article","og_title":"Creaci\u00f3n, eliminaci\u00f3n y cambio de bases de datos en Hand2Note","og_description":"Gestiona estad\u00edsticas eficientemente en Hand2Note: crea, cambia o elimina m\u00faltiples bases de datos con facilidad. Aprende c\u00f3mo organizar tus datos y optimizar el rendimiento.","og_url":"https:\/\/hand2noteguide.com\/user-manual\/creating-deleting-and-switching-databases\/","og_site_name":"Hand2Note Guide","article_modified_time":"2026-03-10T08:17:28+00:00","og_image":[{"width":1401,"height":843,"url":"https:\/\/hand2noteguide.com\/wp-content\/uploads\/2025\/04\/\u0411\u0435\u0437-\u0438666\u043c\u0435\u043d\u0438-1.jpg","type":"image\/jpeg"}],"twitter_card":"summary_large_image","twitter_misc":{"Est. reading time":"8 minutes"},"schema":{"@context":"https:\/\/schema.org","@graph":[]}},"jetpack_sharing_enabled":true,"_links":{"self":[{"href":"https:\/\/hand2noteguide.com\/es\/wp-json\/wp\/v2\/pages\/9692","targetHints":{"allow":["GET"]}}],"collection":[{"href":"https:\/\/hand2noteguide.com\/es\/wp-json\/wp\/v2\/pages"}],"about":[{"href":"https:\/\/hand2noteguide.com\/es\/wp-json\/wp\/v2\/types\/page"}],"author":[{"embeddable":true,"href":"https:\/\/hand2noteguide.com\/es\/wp-json\/wp\/v2\/users\/3"}],"replies":[{"embeddable":true,"href":"https:\/\/hand2noteguide.com\/es\/wp-json\/wp\/v2\/comments?post=9692"}],"version-history":[{"count":26,"href":"https:\/\/hand2noteguide.com\/es\/wp-json\/wp\/v2\/pages\/9692\/revisions"}],"predecessor-version":[{"id":15617,"href":"https:\/\/hand2noteguide.com\/es\/wp-json\/wp\/v2\/pages\/9692\/revisions\/15617"}],"up":[{"embeddable":true,"href":"https:\/\/hand2noteguide.com\/es\/wp-json\/wp\/v2\/pages\/9199"}],"wp:featuredmedia":[{"embeddable":true,"href":"https:\/\/hand2noteguide.com\/es\/wp-json\/wp\/v2\/media\/9700"}],"wp:attachment":[{"href":"https:\/\/hand2noteguide.com\/es\/wp-json\/wp\/v2\/media?parent=9692"}],"curies":[{"name":"wp","href":"https:\/\/api.w.org\/{rel}","templated":true}]}}