{"id":9710,"date":"2025-04-07T13:58:48","date_gmt":"2025-04-07T10:58:48","guid":{"rendered":"https:\/\/hand2noteguide.com\/?page_id=9710"},"modified":"2026-03-10T11:18:21","modified_gmt":"2026-03-10T08:18:21","slug":"why-it-is-important-to-mark-fish-and-regulars-in-hand2note-reg-vs-fish-function","status":"publish","type":"page","link":"https:\/\/hand2noteguide.com\/es\/user-manual\/why-it-is-important-to-mark-fish-and-regulars-in-hand2note-reg-vs-fish-function\/","title":{"rendered":"Por qu\u00e9 es importante marcar a los jugadores con colores (funci\u00f3n &#8220;Reg vs Fish&#8221;)"},"content":{"rendered":"\n<p>La mayor\u00eda de los regulares juegan de manera muy diferente dependiendo de si est\u00e1n enfrent\u00e1ndose a un fish u otro regular. Esto, a su vez, puede sesgar enormemente las estad\u00edsticas proporcionadas sobre ellos en los HUDs o Popups.<\/p>\n\n\n\n<p>Hand2Note nos permite excluir de las estad\u00edsticas proporcionadas sobre regulares las manos jugadas contra fish. Esto nos permite ver estad\u00edsticas correctas al jugar contra ellos.<\/p>\n\n\n\n<h2 class=\"wp-block-heading\">M\u00e1s detalles sobre c\u00f3mo Hand2Note identifica a los fish y regulares<\/h2>\n\n\n\n<p>Hand2Note define a los fish o regulares mediante un filtrado jer\u00e1rquico. Es decir, seg\u00fan el principio de \u201ceste es un regular, y el resto son fish\u201d.<\/p>\n\n\n\n<p>La jerarqu\u00eda de la definici\u00f3n de regulares es en orden:<\/p>\n\n\n\n<ol class=\"wp-block-list\">\n<li>Una marca de color colocada por el propio jugador. Hand2Note primero se refiere a las marcas colocadas por el jugador en sus oponentes para la determinaci\u00f3n inicial del regular;<\/li>\n\n\n\n<li>Si no hay una marca establecida manualmente en un jugador, el programa se refiere a los ajustes en el men\u00fa \u201cGame Types\u201d para determinar autom\u00e1ticamente al regular.<\/li>\n<\/ol>\n\n\n\n<p><em>Si los par\u00e1metros establecidos en \u201cGame Types\u201d contradicen la marca del usuario de Hand2Note, el programa los excluye, considerando la marca del jugador como final y correcta.<\/em><\/p>\n\n\n\n<h3 class=\"wp-block-heading\">Personalizaci\u00f3n de los marcadores de color<\/h3>\n\n\n\n<p>Los ajustes de los marcadores de color que los jugadores utilizan para marcar a los oponentes se pueden encontrar abriendo \u201cConfiguration\u201d (1) y luego yendo a \u201cColor Markers\u201d (2).<\/p>\n\n\n\n<p>Este men\u00fa te permite editar los marcadores de color:<\/p>\n\n\n\n<ul class=\"wp-block-list\">\n<li>El \u00e1rea (3) define qu\u00e9 marca se considera la marca en el regular. Al presionar el interruptor puedes editar este par\u00e1metro;<\/li>\n\n\n\n<li>El \u00e1rea (4) te permite editar el nombre del marcador. Para cambiarlo, haz doble clic en su nombre e introduce uno nuevo;<\/li>\n\n\n\n<li>El \u00e1rea (5) te permite cambiar el color del marcador;<\/li>\n\n\n\n<li>Adem\u00e1s, cuando pasas el rat\u00f3n sobre cualquiera de los marcadores, aparece un \u00e1rea (6) en la que puedes hacer clic en el icono de la urna (7) para eliminar el marcador.<\/li>\n<\/ul>\n\n\n\n<p>Para crear un nuevo marcador de color, haz clic en \u201c+ Add color marker\u2026\u201d (8).<\/p>\n\n\n\n<figure class=\"wp-block-image size-large\"><img loading=\"lazy\" decoding=\"async\" width=\"1024\" height=\"548\" src=\"https:\/\/hand2noteguide.com\/wp-content\/uploads\/2025\/04\/\u0411\u0435\u0437-\u0438\u043c\u0435666\u043d\u0438-1-1024x548.jpg\" alt=\"\" class=\"wp-image-9738\" srcset=\"https:\/\/hand2noteguide.com\/wp-content\/uploads\/2025\/04\/\u0411\u0435\u0437-\u0438\u043c\u0435666\u043d\u0438-1-1024x548.jpg 1024w, https:\/\/hand2noteguide.com\/wp-content\/uploads\/2025\/04\/\u0411\u0435\u0437-\u0438\u043c\u0435666\u043d\u0438-1-300x161.jpg 300w, https:\/\/hand2noteguide.com\/wp-content\/uploads\/2025\/04\/\u0411\u0435\u0437-\u0438\u043c\u0435666\u043d\u0438-1-768x411.jpg 768w, https:\/\/hand2noteguide.com\/wp-content\/uploads\/2025\/04\/\u0411\u0435\u0437-\u0438\u043c\u0435666\u043d\u0438-1-1536x823.jpg 1536w, https:\/\/hand2noteguide.com\/wp-content\/uploads\/2025\/04\/\u0411\u0435\u0437-\u0438\u043c\u0435666\u043d\u0438-1-772x413.jpg 772w, https:\/\/hand2noteguide.com\/wp-content\/uploads\/2025\/04\/\u0411\u0435\u0437-\u0438\u043c\u0435666\u043d\u0438-1-624x334.jpg 624w, https:\/\/hand2noteguide.com\/wp-content\/uploads\/2025\/04\/\u0411\u0435\u0437-\u0438\u043c\u0435666\u043d\u0438-1.jpg 1916w\" sizes=\"auto, (max-width: 1024px) 100vw, 1024px\" \/><\/figure>\n\n\n\n<h3 class=\"wp-block-heading\">Detecci\u00f3n autom\u00e1tica de regulares usando la configuraci\u00f3n de par\u00e1metros \u201cGame Types\u201d<\/h3>\n\n\n\n<p>Para configurar la detecci\u00f3n autom\u00e1tica de regulares, haz clic en \u201cConfiguration\u201d (1) en la ventana principal de Hand2Note. Luego ve al men\u00fa \u201cGame Types\u201d (2) y selecciona el perfil de juego que deseas editar (3). El men\u00fa de configuraci\u00f3n para la detecci\u00f3n autom\u00e1tica de regulares se ubicar\u00e1 en la parte inferior de cada perfil de Game Types, bajo \u201cWho is regular?\u201d (4).<\/p>\n\n\n\n<figure class=\"wp-block-image size-large\"><img loading=\"lazy\" decoding=\"async\" width=\"1024\" height=\"554\" src=\"https:\/\/hand2noteguide.com\/wp-content\/uploads\/2025\/04\/\u0411\u0435\u0437-\u0438\u043c\u0432\u0430\u0432\u0430\u0435\u043d\u0438-1-1024x554.jpg\" alt=\"\" class=\"wp-image-9751\" srcset=\"https:\/\/hand2noteguide.com\/wp-content\/uploads\/2025\/04\/\u0411\u0435\u0437-\u0438\u043c\u0432\u0430\u0432\u0430\u0435\u043d\u0438-1-1024x554.jpg 1024w, https:\/\/hand2noteguide.com\/wp-content\/uploads\/2025\/04\/\u0411\u0435\u0437-\u0438\u043c\u0432\u0430\u0432\u0430\u0435\u043d\u0438-1-300x162.jpg 300w, https:\/\/hand2noteguide.com\/wp-content\/uploads\/2025\/04\/\u0411\u0435\u0437-\u0438\u043c\u0432\u0430\u0432\u0430\u0435\u043d\u0438-1-768x415.jpg 768w, https:\/\/hand2noteguide.com\/wp-content\/uploads\/2025\/04\/\u0411\u0435\u0437-\u0438\u043c\u0432\u0430\u0432\u0430\u0435\u043d\u0438-1-1536x831.jpg 1536w, https:\/\/hand2noteguide.com\/wp-content\/uploads\/2025\/04\/\u0411\u0435\u0437-\u0438\u043c\u0432\u0430\u0432\u0430\u0435\u043d\u0438-1-772x418.jpg 772w, https:\/\/hand2noteguide.com\/wp-content\/uploads\/2025\/04\/\u0411\u0435\u0437-\u0438\u043c\u0432\u0430\u0432\u0430\u0435\u043d\u0438-1-624x338.jpg 624w, https:\/\/hand2noteguide.com\/wp-content\/uploads\/2025\/04\/\u0411\u0435\u0437-\u0438\u043c\u0432\u0430\u0432\u0430\u0435\u043d\u0438-1.jpg 1917w\" sizes=\"auto, (max-width: 1024px) 100vw, 1024px\" \/><\/figure>\n\n\n\n<p>Los par\u00e1metros de detecci\u00f3n autom\u00e1tica de regulares se dividen en dos bloques principales: (5) y (11). Ambos bloques (5) y (11) funcionan simult\u00e1neamente a trav\u00e9s de la condici\u00f3n \u201co\u201d. En caso de que no se cumpla la condici\u00f3n especificada en el bloque (11), Hand2Note procede de las condiciones especificadas en el bloque (5), y viceversa.<\/p>\n\n\n\n<p>El bloque (5) se divide en par\u00e1metros que funcionan a trav\u00e9s de la condici\u00f3n \u201cy\u201d. Es decir, para que un jugador sea definido como regular por Hand2Note basado en el bloque (5), todas las condiciones deben cumplirse simult\u00e1neamente:<\/p>\n\n\n\n<ul class=\"wp-block-list\">\n<li>\u201cPlayer Hand Count\u201d (6) &#8211; par\u00e1metro que cuenta el n\u00famero m\u00ednimo de manos jugadas por un jugador;<\/li>\n\n\n\n<li>\u201cVPIP\u201d (7) es un par\u00e1metro que tiene en cuenta el porcentaje de dinero voluntario depositado en el banco por el jugador;<\/li>\n\n\n\n<li>\u201cPFR\u201d (8) es un par\u00e1metro que tiene en cuenta el porcentaje de manos en las que un jugador hace una subida preflop;<\/li>\n\n\n\n<li>\u201cVPIP &#8211; PFR\u201d (9) &#8211; un par\u00e1metro que tiene en cuenta la diferencia entre el porcentaje de dinero voluntario en el bote por el jugador y el porcentaje de manos en las que el jugador hace una subida preflop;<\/li>\n\n\n\n<li>\u201cLimp\u201d (10) &#8211; un par\u00e1metro que tiene en cuenta el porcentaje de manos en las que el jugador hace un limp preflop.<\/li>\n<\/ul>\n\n\n\n<h2 class=\"wp-block-heading\">Exclusi\u00f3n de las estad\u00edsticas sobre regulares &#8211; acciones realizadas por ellos contra fish<\/h2>\n\n\n\n<p>Para activar la funci\u00f3n, abre el men\u00fa \u201cConfiguration\u201d (1) y ve a la pesta\u00f1a \u201cOther\u201d (2). Luego activa el interruptor opuesto a \u201cExclude reg-vs-fish hands from the stats sample\u201d (3).<\/p>\n\n\n\n<figure class=\"wp-block-image size-large\"><img loading=\"lazy\" decoding=\"async\" width=\"1024\" height=\"550\" src=\"https:\/\/hand2noteguide.com\/wp-content\/uploads\/2025\/04\/\u0411\u0435\u0437-\u0438\u043cdfdf\u0435\u043d\u0438-1-1024x550.jpg\" alt=\"\" class=\"wp-image-9918\" srcset=\"https:\/\/hand2noteguide.com\/wp-content\/uploads\/2025\/04\/\u0411\u0435\u0437-\u0438\u043cdfdf\u0435\u043d\u0438-1-1024x550.jpg 1024w, https:\/\/hand2noteguide.com\/wp-content\/uploads\/2025\/04\/\u0411\u0435\u0437-\u0438\u043cdfdf\u0435\u043d\u0438-1-300x161.jpg 300w, https:\/\/hand2noteguide.com\/wp-content\/uploads\/2025\/04\/\u0411\u0435\u0437-\u0438\u043cdfdf\u0435\u043d\u0438-1-768x412.jpg 768w, https:\/\/hand2noteguide.com\/wp-content\/uploads\/2025\/04\/\u0411\u0435\u0437-\u0438\u043cdfdf\u0435\u043d\u0438-1-1536x825.jpg 1536w, https:\/\/hand2noteguide.com\/wp-content\/uploads\/2025\/04\/\u0411\u0435\u0437-\u0438\u043cdfdf\u0435\u043d\u0438-1-772x414.jpg 772w, https:\/\/hand2noteguide.com\/wp-content\/uploads\/2025\/04\/\u0411\u0435\u0437-\u0438\u043cdfdf\u0435\u043d\u0438-1-624x335.jpg 624w, https:\/\/hand2noteguide.com\/wp-content\/uploads\/2025\/04\/\u0411\u0435\u0437-\u0438\u043cdfdf\u0435\u043d\u0438-1.jpg 1911w\" sizes=\"auto, (max-width: 1024px) 100vw, 1024px\" \/><\/figure>\n\n\n\n<p>As\u00ed, has habilitado una funci\u00f3n que te permite excluir de las estad\u00edsticas proporcionadas sobre regulares &#8211; manos jugadas contra fish. Todas las futuras estad\u00edsticas que se carguen en Hand2Note se calcular\u00e1n con esta funci\u00f3n.<\/p>\n\n\n\n<p>Para recalcular las estad\u00edsticas previamente cargadas con esta funci\u00f3n, es necesario reconstruir la base de datos de Hand2Note. Para hacerlo, despu\u00e9s de habilitar la funci\u00f3n \u201cExclude reg-vs-fish hands from the stats sample\u201d, haz clic en \u201cDatabase\u201d (4) en la parte superior de la ventana. En la lista desplegable, selecciona \u201cClean &amp; Rebuild Statistics\u201d (5). Luego confirma el inicio de la reconstrucci\u00f3n haciendo clic en \u201cYES\u201d (6) y espera a que termine.<\/p>\n","protected":false},"excerpt":{"rendered":"<p>La mayor\u00eda de los regulares juegan de manera muy diferente dependiendo de si est\u00e1n enfrent\u00e1ndose a un fish u otro regular. Esto, a su vez, puede sesgar enormemente las estad\u00edsticas proporcionadas sobre ellos en los HUDs o Popups. Hand2Note nos permite excluir de las estad\u00edsticas proporcionadas sobre regulares las manos jugadas contra fish. Esto nos &hellip; <a href=\"https:\/\/hand2noteguide.com\/es\/user-manual\/why-it-is-important-to-mark-fish-and-regulars-in-hand2note-reg-vs-fish-function\/\" class=\"more-link\">Continue reading <span class=\"screen-reader-text\">Por qu\u00e9 es importante marcar a los jugadores con colores (funci\u00f3n &#8220;Reg vs Fish&#8221;)<\/span><\/a><\/p>\n","protected":false},"author":3,"featured_media":9733,"parent":9199,"menu_order":0,"comment_status":"closed","ping_status":"closed","template":"","meta":{"footnotes":""},"class_list":["post-9710","page","type-page","status-publish","has-post-thumbnail","hentry"],"translation":{"provider":"WPGlobus","version":"3.0.2","language":"es","enabled_languages":["en","ru","pt","zh","es","fr","de","it","ja"],"languages":{"en":{"title":true,"content":true,"excerpt":false},"ru":{"title":true,"content":true,"excerpt":false},"pt":{"title":true,"content":true,"excerpt":false},"zh":{"title":true,"content":true,"excerpt":false},"es":{"title":true,"content":true,"excerpt":false},"fr":{"title":true,"content":true,"excerpt":false},"de":{"title":true,"content":true,"excerpt":false},"it":{"title":true,"content":true,"excerpt":false},"ja":{"title":true,"content":true,"excerpt":false}}},"yoast_head":"<!-- This site is optimized with the Yoast SEO plugin v27.0 - https:\/\/yoast.com\/product\/yoast-seo-wordpress\/ -->\n<title>Por qu\u00e9 es importante marcar a los jugadores con colores (funci\u00f3n &quot;Reg vs Fish&quot;)<\/title>\n<meta name=\"description\" content=\"Mejora la precisi\u00f3n del HUD de Hand2Note excluyendo manos reg-vs-fish. Configura regulares mediante marcadores de color y ajustes de tipo de juego para obtener mejores estad\u00edsticas.\" \/>\n<meta name=\"robots\" content=\"index, follow, max-snippet:-1, max-image-preview:large, max-video-preview:-1\" \/>\n<link rel=\"canonical\" href=\"https:\/\/hand2noteguide.com\/user-manual\/why-it-is-important-to-mark-fish-and-regulars-in-hand2note-reg-vs-fish-function\/\" \/>\n<meta property=\"og:locale\" content=\"es_ES\" \/>\n<meta property=\"og:type\" content=\"article\" \/>\n<meta property=\"og:title\" content=\"Por qu\u00e9 es importante marcar a los jugadores con colores (funci\u00f3n &quot;Reg vs Fish&quot;)\" \/>\n<meta property=\"og:description\" content=\"Mejora la precisi\u00f3n del HUD de Hand2Note excluyendo manos reg-vs-fish. Configura regulares mediante marcadores de color y ajustes de tipo de juego para obtener mejores estad\u00edsticas.\" \/>\n<meta property=\"og:url\" content=\"https:\/\/hand2noteguide.com\/user-manual\/why-it-is-important-to-mark-fish-and-regulars-in-hand2note-reg-vs-fish-function\/\" \/>\n<meta property=\"og:site_name\" content=\"Hand2Note Guide\" \/>\n<meta property=\"article:modified_time\" content=\"2026-03-10T08:18:21+00:00\" \/>\n<meta property=\"og:image\" content=\"https:\/\/hand2noteguide.com\/wp-content\/uploads\/2025\/04\/\u0411\u0435\u0437-\u0438\u043c\u0444\u044b\u0432\u0444\u044b\u0432\u0444\u0435\u043d\u0438-1.jpg\" \/>\n\t<meta property=\"og:image:width\" content=\"1856\" \/>\n\t<meta property=\"og:image:height\" content=\"1921\" \/>\n\t<meta property=\"og:image:type\" content=\"image\/jpeg\" \/>\n<meta name=\"twitter:card\" content=\"summary_large_image\" \/>\n<meta name=\"twitter:label1\" content=\"Est. reading time\" \/>\n\t<meta name=\"twitter:data1\" content=\"24 minutes\" \/>\n<!-- \/ Yoast SEO plugin. -->","yoast_head_json":{"title":"Por qu\u00e9 es importante marcar a los jugadores con colores (funci\u00f3n \"Reg vs Fish\")","description":"Mejora la precisi\u00f3n del HUD de Hand2Note excluyendo manos reg-vs-fish. Configura regulares mediante marcadores de color y ajustes de tipo de juego para obtener mejores estad\u00edsticas.","robots":{"index":"index","follow":"follow","max-snippet":"max-snippet:-1","max-image-preview":"max-image-preview:large","max-video-preview":"max-video-preview:-1"},"canonical":"https:\/\/hand2noteguide.com\/user-manual\/why-it-is-important-to-mark-fish-and-regulars-in-hand2note-reg-vs-fish-function\/","og_locale":"es_ES","og_type":"article","og_title":"Por qu\u00e9 es importante marcar a los jugadores con colores (funci\u00f3n \"Reg vs Fish\")","og_description":"Mejora la precisi\u00f3n del HUD de Hand2Note excluyendo manos reg-vs-fish. Configura regulares mediante marcadores de color y ajustes de tipo de juego para obtener mejores estad\u00edsticas.","og_url":"https:\/\/hand2noteguide.com\/user-manual\/why-it-is-important-to-mark-fish-and-regulars-in-hand2note-reg-vs-fish-function\/","og_site_name":"Hand2Note Guide","article_modified_time":"2026-03-10T08:18:21+00:00","og_image":[{"width":1856,"height":1921,"url":"https:\/\/hand2noteguide.com\/wp-content\/uploads\/2025\/04\/\u0411\u0435\u0437-\u0438\u043c\u0444\u044b\u0432\u0444\u044b\u0432\u0444\u0435\u043d\u0438-1.jpg","type":"image\/jpeg"}],"twitter_card":"summary_large_image","twitter_misc":{"Est. reading time":"24 minutes"},"schema":{"@context":"https:\/\/schema.org","@graph":[]}},"jetpack_sharing_enabled":true,"_links":{"self":[{"href":"https:\/\/hand2noteguide.com\/es\/wp-json\/wp\/v2\/pages\/9710","targetHints":{"allow":["GET"]}}],"collection":[{"href":"https:\/\/hand2noteguide.com\/es\/wp-json\/wp\/v2\/pages"}],"about":[{"href":"https:\/\/hand2noteguide.com\/es\/wp-json\/wp\/v2\/types\/page"}],"author":[{"embeddable":true,"href":"https:\/\/hand2noteguide.com\/es\/wp-json\/wp\/v2\/users\/3"}],"replies":[{"embeddable":true,"href":"https:\/\/hand2noteguide.com\/es\/wp-json\/wp\/v2\/comments?post=9710"}],"version-history":[{"count":57,"href":"https:\/\/hand2noteguide.com\/es\/wp-json\/wp\/v2\/pages\/9710\/revisions"}],"predecessor-version":[{"id":15618,"href":"https:\/\/hand2noteguide.com\/es\/wp-json\/wp\/v2\/pages\/9710\/revisions\/15618"}],"up":[{"embeddable":true,"href":"https:\/\/hand2noteguide.com\/es\/wp-json\/wp\/v2\/pages\/9199"}],"wp:featuredmedia":[{"embeddable":true,"href":"https:\/\/hand2noteguide.com\/es\/wp-json\/wp\/v2\/media\/9733"}],"wp:attachment":[{"href":"https:\/\/hand2noteguide.com\/es\/wp-json\/wp\/v2\/media?parent=9710"}],"curies":[{"name":"wp","href":"https:\/\/api.w.org\/{rel}","templated":true}]}}