{"id":9942,"date":"2025-04-12T19:17:04","date_gmt":"2025-04-12T16:17:04","guid":{"rendered":"https:\/\/hand2noteguide.com\/?page_id=9942"},"modified":"2026-03-10T11:19:18","modified_gmt":"2026-03-10T08:19:18","slug":"configuring-hand2note-to-play-in-applications-via-an-emulator-using-the-example-of-pokerbros","status":"publish","type":"page","link":"https:\/\/hand2noteguide.com\/es\/user-manual\/configuring-hand2note-to-play-in-applications-via-an-emulator-using-the-example-of-pokerbros\/","title":{"rendered":"Configuraci\u00f3n de Hand2Note para jugar en aplicaciones a trav\u00e9s de emulador"},"content":{"rendered":"\n<p>Hand2Note te permite mostrar HUDs y Popups, recopilar estad\u00edsticas no solo en salas cl\u00e1sicas como <a href=\"https:\/\/hand2noteguide.com\/es\/pokerstars-hud\/\">PokerStars<\/a> o RedStar, sino tambi\u00e9n en muchas aplicaciones de p\u00f3ker m\u00f3viles como <a href=\"https:\/\/hand2noteguide.com\/es\/pokerbros-hud\/\">PokerBros<\/a> o <a href=\"https:\/\/hand2noteguide.com\/es\/coinpoker-hud\/\">CoinPoker<\/a>.<\/p>\n\n\n\n<p>Esta funci\u00f3n te da una ventaja en el juego porque en las aplicaciones la mayor\u00eda de los oponentes usan smartphones para jugar. Al jugar a trav\u00e9s de smartphones, la salida y recopilaci\u00f3n de estad\u00edsticas no es posible en este momento. Como resultado, ver\u00e1s las debilidades de tus oponentes, pero ellos no ver\u00e1n las tuyas.<\/p>\n\n\n\n<h2 class=\"wp-block-heading\">Configuraci\u00f3n de programas para jugar a trav\u00e9s de emuladores de Android<\/h2>\n\n\n\n<p>Para la configuraci\u00f3n, necesitar\u00e1s:<\/p>\n\n\n\n<ul class=\"wp-block-list\">\n<li>Emulador de Android (por ejemplo: \u201cLDPlayer\u201d);<\/li>\n\n\n\n<li>El archivo de instalaci\u00f3n de la aplicaci\u00f3n de p\u00f3ker para ser instalado en el entorno Android (la extensi\u00f3n del archivo debe ser \u201c.apk\u201d);<\/li>\n\n\n\n<li>Hand2Note con una suscripci\u00f3n activa.<\/li>\n<\/ul>\n\n\n\n<p>Etapas de configuraci\u00f3n de programas para mostrar y recopilar estad\u00edsticas exitosamente en las mesas:<\/p>\n\n\n\n<ol class=\"wp-block-list\">\n<li>Instalar el Emulador de Android en tu computadora;<\/li>\n\n\n\n<li>Crear un entorno de emulaci\u00f3n en el emulador y habilitar \u201cacceso ROOT\u201d en \u00e9l. Adem\u00e1s, configurar \u201cAbrir conexi\u00f3n local\u201d en los par\u00e1metros de \u201cDepuraci\u00f3n ADB\u201d;<\/li>\n\n\n\n<li>Iniciar el entorno de emulaci\u00f3n de Android creado e instalar la aplicaci\u00f3n de p\u00f3ker requerida en \u00e9l;<\/li>\n\n\n\n<li>Despu\u00e9s de la instalaci\u00f3n, ejecutarlo, esperar a que se abra la ventana de ingreso de usuario y contrase\u00f1a, y cerrar el entorno de emulaci\u00f3n;<\/li>\n\n\n\n<li>Flashear la aplicaci\u00f3n en el entorno de emulaci\u00f3n usando Hand2Note. Para hacerlo, inicia Hand2Note, luego inicia el entorno de emulaci\u00f3n y espera un par de minutos.<\/li>\n<\/ol>\n\n\n\n<p>Despu\u00e9s de completar todos los pasos, puedes registrarte o iniciar sesi\u00f3n en una cuenta ya preparada y comenzar a jugar.<\/p>\n\n\n\n<p><em>Despu\u00e9s de flashear la aplicaci\u00f3n con Hand2Note, no ejecutes este entorno de emulaci\u00f3n sin tener Hand2Note ejecut\u00e1ndose antes. Si lo haces, el flasheo puede fallar y tu cuenta ser\u00e1 vista como una cuenta de jugador desde una computadora. Esto, a su vez, puede llevar a sanciones por parte de clubes o agentes.<\/em><\/p>\n\n\n\n<h2 class=\"wp-block-heading\">Ejemplo de configuraci\u00f3n para jugar en la aplicaci\u00f3n \u201cPokerBROS\u201d<\/h2>\n\n\n\n<p>Antes de configurar, instala \u201cLDPlayer\u201d en tu computadora. Tambi\u00e9n descarga el archivo de instalaci\u00f3n de la aplicaci\u00f3n \u201cPokerBROS\u201d para el entorno Android (con extensi\u00f3n \u201c.apk\u201d).<\/p>\n\n\n\n<p><em>El emulador y Hand2Note siempre deben ejecutarse como administrador.<\/em><\/p>\n\n\n\n<p>Inicia la lista de emuladores \u201cLDPlayer\u201d haciendo clic en el acceso directo \u201cLDMultiPlayer\u201d(1). Luego, crea un nuevo emulador haciendo clic en \u201cNuevo \/ Clonar\u201d(2) y seleccionando \u201cNuevo LDPlayer\u201d(3). En el nuevo emulador, ve a la configuraci\u00f3n haciendo clic en el engranaje (4).<\/p>\n\n\n\n<figure class=\"wp-block-image size-large\"><img loading=\"lazy\" decoding=\"async\" width=\"1024\" height=\"572\" src=\"https:\/\/hand2noteguide.com\/wp-content\/uploads\/2025\/04\/\u0411\u0435\u0437-\u0438\u043c\u0435\u043d32\u0430\u043223\u0430\u0438-1-1024x572.jpg\" alt=\"\" class=\"wp-image-10007\" srcset=\"https:\/\/hand2noteguide.com\/wp-content\/uploads\/2025\/04\/\u0411\u0435\u0437-\u0438\u043c\u0435\u043d32\u0430\u043223\u0430\u0438-1-1024x572.jpg 1024w, https:\/\/hand2noteguide.com\/wp-content\/uploads\/2025\/04\/\u0411\u0435\u0437-\u0438\u043c\u0435\u043d32\u0430\u043223\u0430\u0438-1-300x168.jpg 300w, https:\/\/hand2noteguide.com\/wp-content\/uploads\/2025\/04\/\u0411\u0435\u0437-\u0438\u043c\u0435\u043d32\u0430\u043223\u0430\u0438-1-768x429.jpg 768w, https:\/\/hand2noteguide.com\/wp-content\/uploads\/2025\/04\/\u0411\u0435\u0437-\u0438\u043c\u0435\u043d32\u0430\u043223\u0430\u0438-1-772x431.jpg 772w, https:\/\/hand2noteguide.com\/wp-content\/uploads\/2025\/04\/\u0411\u0435\u0437-\u0438\u043c\u0435\u043d32\u0430\u043223\u0430\u0438-1-624x348.jpg 624w, https:\/\/hand2noteguide.com\/wp-content\/uploads\/2025\/04\/\u0411\u0435\u0437-\u0438\u043c\u0435\u043d32\u0430\u043223\u0430\u0438-1.jpg 1533w\" sizes=\"auto, (max-width: 1024px) 100vw, 1024px\" \/><\/figure>\n\n\n\n<p><em>Ten en cuenta que est\u00e1 prohibido usar, eliminar o de cualquier manera afectar al emulador n\u00famero \u201c0\u201d. Ign\u00f3ralo al configurar o jugar.<\/em><\/p>\n\n\n\n<p>En la ventana de \u201cConfiguraci\u00f3n\u201d abierta en la pesta\u00f1a \u201cAvanzado\u201d(1) abre el men\u00fa \u201cModo m\u00f3vil\u201d(2). Establece la resoluci\u00f3n m\u00e1s baja posible (por ejemplo: \u201c540&#215;960\u201d)(3).<\/p>\n\n\n\n<figure class=\"wp-block-image size-full\"><img loading=\"lazy\" decoding=\"async\" width=\"796\" height=\"687\" src=\"https:\/\/hand2noteguide.com\/wp-content\/uploads\/2025\/04\/\u0411\u0435\u0437-\u0438\u043c\u044b\u0432\u0430\u044b\u0432\u0435\u043d\u0438-1.jpg\" alt=\"\" class=\"wp-image-10027\" srcset=\"https:\/\/hand2noteguide.com\/wp-content\/uploads\/2025\/04\/\u0411\u0435\u0437-\u0438\u043c\u044b\u0432\u0430\u044b\u0432\u0435\u043d\u0438-1.jpg 796w, https:\/\/hand2noteguide.com\/wp-content\/uploads\/2025\/04\/\u0411\u0435\u0437-\u0438\u043c\u044b\u0432\u0430\u044b\u0432\u0435\u043d\u0438-1-300x259.jpg 300w, https:\/\/hand2noteguide.com\/wp-content\/uploads\/2025\/04\/\u0411\u0435\u0437-\u0438\u043c\u044b\u0432\u0430\u044b\u0432\u0435\u043d\u0438-1-768x663.jpg 768w, https:\/\/hand2noteguide.com\/wp-content\/uploads\/2025\/04\/\u0411\u0435\u0437-\u0438\u043c\u044b\u0432\u0430\u044b\u0432\u0435\u043d\u0438-1-772x666.jpg 772w, https:\/\/hand2noteguide.com\/wp-content\/uploads\/2025\/04\/\u0411\u0435\u0437-\u0438\u043c\u044b\u0432\u0430\u044b\u0432\u0435\u043d\u0438-1-624x539.jpg 624w\" sizes=\"auto, (max-width: 796px) 100vw, 796px\" \/><\/figure>\n\n\n\n<p>A continuaci\u00f3n, ve a la pesta\u00f1a \u201cOtras configuraciones\u201d (1). Encuentra el par\u00e1metro \u201cPermiso de Root\u201d y habil\u00edtalo (2). Luego, encuentra la l\u00ednea etiquetada \u201cDepuraci\u00f3n ADB\u201d y selecciona \u201cAbrir conexi\u00f3n local\u201d (3) en la lista desplegable. Haz clic en el bot\u00f3n \u201cGuardar configuraciones\u201d (4) en la parte inferior de la ventana para aplicar los cambios.<\/p>\n\n\n\n<figure class=\"wp-block-image size-full\"><img loading=\"lazy\" decoding=\"async\" width=\"797\" height=\"686\" src=\"https:\/\/hand2noteguide.com\/wp-content\/uploads\/2025\/04\/\u0411\u0435\u0437-\u0444\u044b\u0432\u0444\u044b\u0432\u04442.jpg\" alt=\"\" class=\"wp-image-10020\" srcset=\"https:\/\/hand2noteguide.com\/wp-content\/uploads\/2025\/04\/\u0411\u0435\u0437-\u0444\u044b\u0432\u0444\u044b\u0432\u04442.jpg 797w, https:\/\/hand2noteguide.com\/wp-content\/uploads\/2025\/04\/\u0411\u0435\u0437-\u0444\u044b\u0432\u0444\u044b\u0432\u04442-300x258.jpg 300w, https:\/\/hand2noteguide.com\/wp-content\/uploads\/2025\/04\/\u0411\u0435\u0437-\u0444\u044b\u0432\u0444\u044b\u0432\u04442-768x661.jpg 768w, https:\/\/hand2noteguide.com\/wp-content\/uploads\/2025\/04\/\u0411\u0435\u0437-\u0444\u044b\u0432\u0444\u044b\u0432\u04442-772x664.jpg 772w, https:\/\/hand2noteguide.com\/wp-content\/uploads\/2025\/04\/\u0411\u0435\u0437-\u0444\u044b\u0432\u0444\u044b\u0432\u04442-624x537.jpg 624w\" sizes=\"auto, (max-width: 797px) 100vw, 797px\" \/><\/figure>\n\n\n\n<p>Inicia el emulador haciendo clic en el bot\u00f3n \u201cIniciar\u201d (1) y espera a que se abra. Cuando el emulador est\u00e9 funcionando, cierra el banner publicitario haciendo clic en la cruz en su esquina superior derecha(2).<\/p>\n\n\n\n<figure class=\"wp-block-image size-large\"><img loading=\"lazy\" decoding=\"async\" width=\"1024\" height=\"816\" src=\"https:\/\/hand2noteguide.com\/wp-content\/uploads\/2025\/04\/\u0411\u0435\u0437-\u0438\u043c\u044b\u0432\u0430\u044b\u0432\u0430\u0435\u043d\u0438-1-1024x816.jpg\" alt=\"\" class=\"wp-image-10031\" srcset=\"https:\/\/hand2noteguide.com\/wp-content\/uploads\/2025\/04\/\u0411\u0435\u0437-\u0438\u043c\u044b\u0432\u0430\u044b\u0432\u0430\u0435\u043d\u0438-1-1024x816.jpg 1024w, https:\/\/hand2noteguide.com\/wp-content\/uploads\/2025\/04\/\u0411\u0435\u0437-\u0438\u043c\u044b\u0432\u0430\u044b\u0432\u0430\u0435\u043d\u0438-1-300x239.jpg 300w, https:\/\/hand2noteguide.com\/wp-content\/uploads\/2025\/04\/\u0411\u0435\u0437-\u0438\u043c\u044b\u0432\u0430\u044b\u0432\u0430\u0435\u043d\u0438-1-768x612.jpg 768w, https:\/\/hand2noteguide.com\/wp-content\/uploads\/2025\/04\/\u0411\u0435\u0437-\u0438\u043c\u044b\u0432\u0430\u044b\u0432\u0430\u0435\u043d\u0438-1-772x615.jpg 772w, https:\/\/hand2noteguide.com\/wp-content\/uploads\/2025\/04\/\u0411\u0435\u0437-\u0438\u043c\u044b\u0432\u0430\u044b\u0432\u0430\u0435\u043d\u0438-1-624x497.jpg 624w, https:\/\/hand2noteguide.com\/wp-content\/uploads\/2025\/04\/\u0411\u0435\u0437-\u0438\u043c\u044b\u0432\u0430\u044b\u0432\u0430\u0435\u043d\u0438-1.jpg 1320w\" sizes=\"auto, (max-width: 1024px) 100vw, 1024px\" \/><\/figure>\n\n\n\n<p>Instala la aplicaci\u00f3n \u201cPokerBROS\u201d en el emulador en funcionamiento. Para hacerlo, presiona y mant\u00e9n el archivo de instalaci\u00f3n de la aplicaci\u00f3n \u201cPokerBROS\u201d en el escritorio con el bot\u00f3n izquierdo del rat\u00f3n (1). Arr\u00e1stralo a cualquier espacio libre en el emulador (2) y suelta el bot\u00f3n izquierdo del rat\u00f3n (3).<\/p>\n\n\n\n<figure class=\"wp-block-image size-large\"><img loading=\"lazy\" decoding=\"async\" width=\"950\" height=\"1024\" src=\"https:\/\/hand2noteguide.com\/wp-content\/uploads\/2025\/04\/\u0411\u0435\u0437-\u0438\u043c\u0447\u0441\u043c\u0447\u0441\u043c\u0447\u0441\u0435\u043d\u0438-1-950x1024.jpg\" alt=\"\" class=\"wp-image-10034\" srcset=\"https:\/\/hand2noteguide.com\/wp-content\/uploads\/2025\/04\/\u0411\u0435\u0437-\u0438\u043c\u0447\u0441\u043c\u0447\u0441\u043c\u0447\u0441\u0435\u043d\u0438-1-950x1024.jpg 950w, https:\/\/hand2noteguide.com\/wp-content\/uploads\/2025\/04\/\u0411\u0435\u0437-\u0438\u043c\u0447\u0441\u043c\u0447\u0441\u043c\u0447\u0441\u0435\u043d\u0438-1-278x300.jpg 278w, https:\/\/hand2noteguide.com\/wp-content\/uploads\/2025\/04\/\u0411\u0435\u0437-\u0438\u043c\u0447\u0441\u043c\u0447\u0441\u043c\u0447\u0441\u0435\u043d\u0438-1-768x828.jpg 768w, https:\/\/hand2noteguide.com\/wp-content\/uploads\/2025\/04\/\u0411\u0435\u0437-\u0438\u043c\u0447\u0441\u043c\u0447\u0441\u043c\u0447\u0441\u0435\u043d\u0438-1-772x832.jpg 772w, https:\/\/hand2noteguide.com\/wp-content\/uploads\/2025\/04\/\u0411\u0435\u0437-\u0438\u043c\u0447\u0441\u043c\u0447\u0441\u043c\u0447\u0441\u0435\u043d\u0438-1-579x624.jpg 579w, https:\/\/hand2noteguide.com\/wp-content\/uploads\/2025\/04\/\u0411\u0435\u0437-\u0438\u043c\u0447\u0441\u043c\u0447\u0441\u043c\u0447\u0441\u0435\u043d\u0438-1.jpg 955w\" sizes=\"auto, (max-width: 950px) 100vw, 950px\" \/><\/figure>\n\n\n\n<p>A continuaci\u00f3n, inicia la aplicaci\u00f3n \u201cPokerBROS\u201d en el emulador (1) y espera a que se cargue hasta que aparezca la ventana de inicio de sesi\u00f3n y contrase\u00f1a (2). Cierra el emulador haciendo clic en la cruz en la esquina superior derecha (3).<\/p>\n\n\n\n<figure class=\"wp-block-image size-large\"><img loading=\"lazy\" decoding=\"async\" width=\"1024\" height=\"842\" src=\"https:\/\/hand2noteguide.com\/wp-content\/uploads\/2025\/04\/\u0411\u0435\u0437-\u0438\u043c\u0441\u0447\u043c\u0447\u0441\u043c\u0435\u043d\u0438-1-1024x842.jpg\" alt=\"\" class=\"wp-image-10035\" srcset=\"https:\/\/hand2noteguide.com\/wp-content\/uploads\/2025\/04\/\u0411\u0435\u0437-\u0438\u043c\u0441\u0447\u043c\u0447\u0441\u043c\u0435\u043d\u0438-1-1024x842.jpg 1024w, https:\/\/hand2noteguide.com\/wp-content\/uploads\/2025\/04\/\u0411\u0435\u0437-\u0438\u043c\u0441\u0447\u043c\u0447\u0441\u043c\u0435\u043d\u0438-1-300x247.jpg 300w, https:\/\/hand2noteguide.com\/wp-content\/uploads\/2025\/04\/\u0411\u0435\u0437-\u0438\u043c\u0441\u0447\u043c\u0447\u0441\u043c\u0435\u043d\u0438-1-768x632.jpg 768w, https:\/\/hand2noteguide.com\/wp-content\/uploads\/2025\/04\/\u0411\u0435\u0437-\u0438\u043c\u0441\u0447\u043c\u0447\u0441\u043c\u0435\u043d\u0438-1-772x635.jpg 772w, https:\/\/hand2noteguide.com\/wp-content\/uploads\/2025\/04\/\u0411\u0435\u0437-\u0438\u043c\u0441\u0447\u043c\u0447\u0441\u043c\u0435\u043d\u0438-1-624x513.jpg 624w, https:\/\/hand2noteguide.com\/wp-content\/uploads\/2025\/04\/\u0411\u0435\u0437-\u0438\u043c\u0441\u0447\u043c\u0447\u0441\u043c\u0435\u043d\u0438-1.jpg 1286w\" sizes=\"auto, (max-width: 1024px) 100vw, 1024px\" \/><\/figure>\n\n\n\n<p>A continuaci\u00f3n, inicia Hand2Note, y despu\u00e9s de eso, inicia el emulador. Espera un par de minutos para que se complete el proceso de flasheo del emulador, y puedes proceder a registrarte o jugar el juego.<\/p>\n\n\n\n<p>No se requieren manipulaciones en Hand2Note en s\u00ed. Despu\u00e9s de que la configuraci\u00f3n est\u00e9 hecha, cuando abras mesas en la aplicaci\u00f3n, el HUD aparecer\u00e1 autom\u00e1ticamente sobre los jugadores. Adem\u00e1s, se recopilar\u00e1n y guardar\u00e1n estad\u00edsticas.<\/p>\n\n\n\n<p><em>El primer proceso de flasheo va acompa\u00f1ado del cierre y apertura espont\u00e1nea del emulador. Esto indica que el flasheo de la aplicaci\u00f3n fue exitoso.<\/em><\/p>\n","protected":false},"excerpt":{"rendered":"<p>Hand2Note te permite mostrar HUDs y Popups, recopilar estad\u00edsticas no solo en salas cl\u00e1sicas como PokerStars o RedStar, sino tambi\u00e9n en muchas aplicaciones de p\u00f3ker m\u00f3viles como PokerBros o CoinPoker. Esta funci\u00f3n te da una ventaja en el juego porque en las aplicaciones la mayor\u00eda de los oponentes usan smartphones para jugar. Al jugar a &hellip; <a href=\"https:\/\/hand2noteguide.com\/es\/user-manual\/configuring-hand2note-to-play-in-applications-via-an-emulator-using-the-example-of-pokerbros\/\" class=\"more-link\">Continue reading <span class=\"screen-reader-text\">Configuraci\u00f3n de Hand2Note para jugar en aplicaciones a trav\u00e9s de emulador<\/span><\/a><\/p>\n","protected":false},"author":3,"featured_media":9962,"parent":9199,"menu_order":0,"comment_status":"closed","ping_status":"closed","template":"","meta":{"footnotes":""},"class_list":["post-9942","page","type-page","status-publish","has-post-thumbnail","hentry"],"translation":{"provider":"WPGlobus","version":"3.0.2","language":"es","enabled_languages":["en","ru","pt","zh","es","fr","de","it","ja"],"languages":{"en":{"title":true,"content":true,"excerpt":false},"ru":{"title":true,"content":true,"excerpt":false},"pt":{"title":true,"content":true,"excerpt":false},"zh":{"title":true,"content":true,"excerpt":false},"es":{"title":true,"content":true,"excerpt":false},"fr":{"title":true,"content":true,"excerpt":false},"de":{"title":true,"content":true,"excerpt":false},"it":{"title":true,"content":true,"excerpt":false},"ja":{"title":true,"content":true,"excerpt":false}}},"yoast_head":"<!-- This site is optimized with the Yoast SEO plugin v27.0 - https:\/\/yoast.com\/product\/yoast-seo-wordpress\/ -->\n<title>Configuraci\u00f3n de Hand2Note para jugar en aplicaciones a trav\u00e9s de emulador<\/title>\n<meta name=\"description\" content=\"Usa Hand2Note con emuladores de Android para mostrar HUDs y recopilar estad\u00edsticas en aplicaciones de p\u00f3ker m\u00f3viles como PokerBROS - obt\u00e9n una ventaja sobre los usuarios de smartphones.\" \/>\n<meta name=\"robots\" content=\"index, follow, max-snippet:-1, max-image-preview:large, max-video-preview:-1\" \/>\n<link rel=\"canonical\" href=\"https:\/\/hand2noteguide.com\/user-manual\/configuring-hand2note-to-play-in-applications-via-an-emulator-using-the-example-of-pokerbros\/\" \/>\n<meta property=\"og:locale\" content=\"es_ES\" \/>\n<meta property=\"og:type\" content=\"article\" \/>\n<meta property=\"og:title\" content=\"Configuraci\u00f3n de Hand2Note para jugar en aplicaciones a trav\u00e9s de emulador\" \/>\n<meta property=\"og:description\" content=\"Usa Hand2Note con emuladores de Android para mostrar HUDs y recopilar estad\u00edsticas en aplicaciones de p\u00f3ker m\u00f3viles como PokerBROS - obt\u00e9n una ventaja sobre los usuarios de smartphones.\" \/>\n<meta property=\"og:url\" content=\"https:\/\/hand2noteguide.com\/user-manual\/configuring-hand2note-to-play-in-applications-via-an-emulator-using-the-example-of-pokerbros\/\" \/>\n<meta property=\"og:site_name\" content=\"Hand2Note Guide\" \/>\n<meta property=\"article:modified_time\" content=\"2026-03-10T08:19:18+00:00\" \/>\n<meta property=\"og:image\" content=\"https:\/\/hand2noteguide.com\/wp-content\/uploads\/2025\/04\/\u0411\u0435\u0437-\u0438xcxcxcxcxcx.jpg\" \/>\n\t<meta property=\"og:image:width\" content=\"1920\" \/>\n\t<meta property=\"og:image:height\" content=\"1080\" \/>\n\t<meta property=\"og:image:type\" content=\"image\/jpeg\" \/>\n<meta name=\"twitter:card\" content=\"summary_large_image\" \/>\n<meta name=\"twitter:label1\" content=\"Est. reading time\" \/>\n\t<meta name=\"twitter:data1\" content=\"23 minutes\" \/>\n<!-- \/ Yoast SEO plugin. -->","yoast_head_json":{"title":"Configuraci\u00f3n de Hand2Note para jugar en aplicaciones a trav\u00e9s de emulador","description":"Usa Hand2Note con emuladores de Android para mostrar HUDs y recopilar estad\u00edsticas en aplicaciones de p\u00f3ker m\u00f3viles como PokerBROS - obt\u00e9n una ventaja sobre los usuarios de smartphones.","robots":{"index":"index","follow":"follow","max-snippet":"max-snippet:-1","max-image-preview":"max-image-preview:large","max-video-preview":"max-video-preview:-1"},"canonical":"https:\/\/hand2noteguide.com\/user-manual\/configuring-hand2note-to-play-in-applications-via-an-emulator-using-the-example-of-pokerbros\/","og_locale":"es_ES","og_type":"article","og_title":"Configuraci\u00f3n de Hand2Note para jugar en aplicaciones a trav\u00e9s de emulador","og_description":"Usa Hand2Note con emuladores de Android para mostrar HUDs y recopilar estad\u00edsticas en aplicaciones de p\u00f3ker m\u00f3viles como PokerBROS - obt\u00e9n una ventaja sobre los usuarios de smartphones.","og_url":"https:\/\/hand2noteguide.com\/user-manual\/configuring-hand2note-to-play-in-applications-via-an-emulator-using-the-example-of-pokerbros\/","og_site_name":"Hand2Note Guide","article_modified_time":"2026-03-10T08:19:18+00:00","og_image":[{"width":1920,"height":1080,"url":"https:\/\/hand2noteguide.com\/wp-content\/uploads\/2025\/04\/\u0411\u0435\u0437-\u0438xcxcxcxcxcx.jpg","type":"image\/jpeg"}],"twitter_card":"summary_large_image","twitter_misc":{"Est. reading time":"23 minutes"},"schema":{"@context":"https:\/\/schema.org","@graph":[]}},"jetpack_sharing_enabled":true,"_links":{"self":[{"href":"https:\/\/hand2noteguide.com\/es\/wp-json\/wp\/v2\/pages\/9942","targetHints":{"allow":["GET"]}}],"collection":[{"href":"https:\/\/hand2noteguide.com\/es\/wp-json\/wp\/v2\/pages"}],"about":[{"href":"https:\/\/hand2noteguide.com\/es\/wp-json\/wp\/v2\/types\/page"}],"author":[{"embeddable":true,"href":"https:\/\/hand2noteguide.com\/es\/wp-json\/wp\/v2\/users\/3"}],"replies":[{"embeddable":true,"href":"https:\/\/hand2noteguide.com\/es\/wp-json\/wp\/v2\/comments?post=9942"}],"version-history":[{"count":91,"href":"https:\/\/hand2noteguide.com\/es\/wp-json\/wp\/v2\/pages\/9942\/revisions"}],"predecessor-version":[{"id":15619,"href":"https:\/\/hand2noteguide.com\/es\/wp-json\/wp\/v2\/pages\/9942\/revisions\/15619"}],"up":[{"embeddable":true,"href":"https:\/\/hand2noteguide.com\/es\/wp-json\/wp\/v2\/pages\/9199"}],"wp:featuredmedia":[{"embeddable":true,"href":"https:\/\/hand2noteguide.com\/es\/wp-json\/wp\/v2\/media\/9962"}],"wp:attachment":[{"href":"https:\/\/hand2noteguide.com\/es\/wp-json\/wp\/v2\/media?parent=9942"}],"curies":[{"name":"wp","href":"https:\/\/api.w.org\/{rel}","templated":true}]}}