{"id":10055,"date":"2025-04-14T13:46:25","date_gmt":"2025-04-14T10:46:25","guid":{"rendered":"https:\/\/hand2noteguide.com\/?page_id=10055"},"modified":"2026-03-10T11:19:57","modified_gmt":"2026-03-10T08:19:57","slug":"installing-customized-statistics-packages-in-hand2note","status":"publish","type":"page","link":"https:\/\/hand2noteguide.com\/fr\/user-manual\/installing-customized-statistics-packages-in-hand2note\/","title":{"rendered":"Installation de packages personnalis\u00e9s dans Hand2Note"},"content":{"rendered":"\n<p>Pour Hand2Note, il existe de nombreux packages statistiques cr\u00e9\u00e9s par les joueurs eux-m\u00eames, ainsi que par des d\u00e9veloppeurs professionnels. Ils diff\u00e8rent par les statistiques, l&#8217;ergonomie, les disciplines cibles et les objectifs. Ils vont d&#8217;un focus sur la pratique aux tables \u00e0 des \u00e9tudes analytiques approfondies des tendances du jeu.<\/p>\n\n\n\n<p>Pour trouver celui qui vous convient ou pour vous familiariser avec une grande vari\u00e9t\u00e9 de packages, vous pouvez visiter <a aria-label=\"undefined (s'ouvrira dans un nouvel onglet)\" href=\"https:\/\/www.hudstore.poker\/\" target=\"_blank\" rel=\"noreferrer noopener\">POKER HUD STORE<\/a>.<\/p>\n\n\n\n<p>Pour installer un package de statistiques tiers, vous aurez besoin de :<\/p>\n\n\n\n<ul class=\"wp-block-list\">\n<li>l&#8217;application Hand2Note install\u00e9e avec un abonnement actif ;<\/li>\n\n\n\n<li>le fichier d&#8217;installation du package fourni par le d\u00e9veloppeur (avec l&#8217;extension de fichier : \u201c.h2npackage\u201d).<\/li>\n<\/ul>\n\n\n\n<p>Avant l&#8217;installation, assurez-vous que le d\u00e9veloppeur du package a li\u00e9 la licence du package \u00e0 votre compte Hand2Note. Pour cela, faites attention au bas de la fen\u00eatre du programme, il affiche le nombre de packages li\u00e9s \u00e0 votre compte (1). Lorsque vous survolez l&#8217;ic\u00f4ne du point d&#8217;exclamation dans un cercle (2), la liste de toutes les liaisons actives \u00e0 votre compte personnel (par exemple : \u201cExploit_HUD_Base_full\u201d) (3) appara\u00eetra.<\/p>\n\n\n\n<figure class=\"wp-block-image size-large\"><img loading=\"lazy\" decoding=\"async\" width=\"1024\" height=\"576\" src=\"https:\/\/hand2noteguide.com\/wp-content\/uploads\/2025\/04\/\u0411\u0435\u0437-\u0438\u043c\u0435\u043d\u0438-1-4-1024x576.jpg\" alt=\"\" class=\"wp-image-10100\" srcset=\"https:\/\/hand2noteguide.com\/wp-content\/uploads\/2025\/04\/\u0411\u0435\u0437-\u0438\u043c\u0435\u043d\u0438-1-4-1024x576.jpg 1024w, https:\/\/hand2noteguide.com\/wp-content\/uploads\/2025\/04\/\u0411\u0435\u0437-\u0438\u043c\u0435\u043d\u0438-1-4-300x169.jpg 300w, https:\/\/hand2noteguide.com\/wp-content\/uploads\/2025\/04\/\u0411\u0435\u0437-\u0438\u043c\u0435\u043d\u0438-1-4-768x432.jpg 768w, https:\/\/hand2noteguide.com\/wp-content\/uploads\/2025\/04\/\u0411\u0435\u0437-\u0438\u043c\u0435\u043d\u0438-1-4-1536x864.jpg 1536w, https:\/\/hand2noteguide.com\/wp-content\/uploads\/2025\/04\/\u0411\u0435\u0437-\u0438\u043c\u0435\u043d\u0438-1-4-772x434.jpg 772w, https:\/\/hand2noteguide.com\/wp-content\/uploads\/2025\/04\/\u0411\u0435\u0437-\u0438\u043c\u0435\u043d\u0438-1-4-624x351.jpg 624w, https:\/\/hand2noteguide.com\/wp-content\/uploads\/2025\/04\/\u0411\u0435\u0437-\u0438\u043c\u0435\u043d\u0438-1-4.jpg 1920w\" sizes=\"auto, (max-width: 1024px) 100vw, 1024px\" \/><\/figure>\n\n\n\n<p>Pour installer un package dans Hand2Note, trouvez \u201cConfiguration\u201d (1) en haut du programme et cliquez dessus. Dans la liste d\u00e9roulante, s\u00e9lectionnez \u201cImport Package\u2026\u201d (2). Dans la fen\u00eatre de recherche ouverte, sp\u00e9cifiez le fichier d&#8217;installation du package de statistiques (3) et cliquez sur le bouton \u201cOpen\u201d (4) pour commencer \u00e0 charger le package dans Hand2Note. Apr\u00e8s l&#8217;installation, la fen\u00eatre \u201cRestart is required\u201d appara\u00eetra ; s\u00e9lectionnez \u201cRESTART HAND2NOTE\u201d (5) pour appliquer tous les changements.<\/p>\n\n\n\n<figure class=\"wp-block-image size-large\"><img loading=\"lazy\" decoding=\"async\" width=\"1024\" height=\"576\" src=\"https:\/\/hand2noteguide.com\/wp-content\/uploads\/2025\/04\/\u0411\u0435\u0437-345345345341-1024x576.jpg\" alt=\"\" class=\"wp-image-10067\" srcset=\"https:\/\/hand2noteguide.com\/wp-content\/uploads\/2025\/04\/\u0411\u0435\u0437-345345345341-1024x576.jpg 1024w, https:\/\/hand2noteguide.com\/wp-content\/uploads\/2025\/04\/\u0411\u0435\u0437-345345345341-300x169.jpg 300w, https:\/\/hand2noteguide.com\/wp-content\/uploads\/2025\/04\/\u0411\u0435\u0437-345345345341-768x432.jpg 768w, https:\/\/hand2noteguide.com\/wp-content\/uploads\/2025\/04\/\u0411\u0435\u0437-345345345341-1536x864.jpg 1536w, https:\/\/hand2noteguide.com\/wp-content\/uploads\/2025\/04\/\u0411\u0435\u0437-345345345341-772x434.jpg 772w, https:\/\/hand2noteguide.com\/wp-content\/uploads\/2025\/04\/\u0411\u0435\u0437-345345345341-624x351.jpg 624w, https:\/\/hand2noteguide.com\/wp-content\/uploads\/2025\/04\/\u0411\u0435\u0437-345345345341.jpg 1920w\" sizes=\"auto, (max-width: 1024px) 100vw, 1024px\" \/><\/figure>\n\n\n\n<p><em>Dans certains cas, les d\u00e9veloppeurs fournissent un fichier d&#8217;installation du package de statistiques avec l&#8217;extension \u201c.h2nconfig\u201d. Pour l&#8217;installer, dans l&#8217;ordre mentionn\u00e9 ci-dessus, vous devez s\u00e9lectionner \u201cImport Config\u2026\u201d dans la liste d\u00e9roulante au lieu de \u201cImport Package\u2026\u201d. Le reste de la proc\u00e9dure reste le m\u00eame.<\/em><\/p>\n\n\n\n<p>Si le HUD r\u00e9cemment install\u00e9 n&#8217;appara\u00eet pas \u00e0 la table, vous devez changer votre profil HUD actuel. Pour ce faire, trouvez le petit logo Hand2Note (1) \u00e0 la table et faites un clic droit dessus. Dans la liste d\u00e9roulante, survolez \u201cSwitch Profile\u201d (2), et dans la deuxi\u00e8me liste d\u00e9roulante (3) s\u00e9lectionnez le profil requis.<\/p>\n\n\n\n<figure class=\"wp-block-image size-large\"><img loading=\"lazy\" decoding=\"async\" width=\"1024\" height=\"782\" src=\"https:\/\/hand2noteguide.com\/wp-content\/uploads\/2025\/04\/Pok\u044b\u0432\u0430\u044b\u0432\u0430\u044b\u0432er-Table-1-1024x782.jpg\" alt=\"\" class=\"wp-image-10084\" srcset=\"https:\/\/hand2noteguide.com\/wp-content\/uploads\/2025\/04\/Pok\u044b\u0432\u0430\u044b\u0432\u0430\u044b\u0432er-Table-1-1024x782.jpg 1024w, https:\/\/hand2noteguide.com\/wp-content\/uploads\/2025\/04\/Pok\u044b\u0432\u0430\u044b\u0432\u0430\u044b\u0432er-Table-1-300x229.jpg 300w, https:\/\/hand2noteguide.com\/wp-content\/uploads\/2025\/04\/Pok\u044b\u0432\u0430\u044b\u0432\u0430\u044b\u0432er-Table-1-768x587.jpg 768w, https:\/\/hand2noteguide.com\/wp-content\/uploads\/2025\/04\/Pok\u044b\u0432\u0430\u044b\u0432\u0430\u044b\u0432er-Table-1-772x590.jpg 772w, https:\/\/hand2noteguide.com\/wp-content\/uploads\/2025\/04\/Pok\u044b\u0432\u0430\u044b\u0432\u0430\u044b\u0432er-Table-1-624x477.jpg 624w, https:\/\/hand2noteguide.com\/wp-content\/uploads\/2025\/04\/Pok\u044b\u0432\u0430\u044b\u0432\u0430\u044b\u0432er-Table-1.jpg 1064w\" sizes=\"auto, (max-width: 1024px) 100vw, 1024px\" \/><\/figure>\n","protected":false},"excerpt":{"rendered":"<p>Pour Hand2Note, il existe de nombreux packages statistiques cr\u00e9\u00e9s par les joueurs eux-m\u00eames, ainsi que par des d\u00e9veloppeurs professionnels. Ils diff\u00e8rent par les statistiques, l&#8217;ergonomie, les disciplines cibles et les objectifs. Ils vont d&#8217;un focus sur la pratique aux tables \u00e0 des \u00e9tudes analytiques approfondies des tendances du jeu. Pour trouver celui qui vous convient &hellip; <a href=\"https:\/\/hand2noteguide.com\/fr\/user-manual\/installing-customized-statistics-packages-in-hand2note\/\" class=\"more-link\">Continue reading <span class=\"screen-reader-text\">Installation de packages personnalis\u00e9s dans Hand2Note<\/span><\/a><\/p>\n","protected":false},"author":3,"featured_media":10075,"parent":9199,"menu_order":0,"comment_status":"closed","ping_status":"closed","template":"","meta":{"footnotes":""},"class_list":["post-10055","page","type-page","status-publish","has-post-thumbnail","hentry"],"translation":{"provider":"WPGlobus","version":"3.0.2","language":"fr","enabled_languages":["en","ru","pt","zh","es","fr","de","it","ja"],"languages":{"en":{"title":true,"content":true,"excerpt":false},"ru":{"title":true,"content":true,"excerpt":false},"pt":{"title":true,"content":true,"excerpt":false},"zh":{"title":true,"content":true,"excerpt":false},"es":{"title":true,"content":true,"excerpt":false},"fr":{"title":true,"content":true,"excerpt":false},"de":{"title":true,"content":true,"excerpt":false},"it":{"title":true,"content":true,"excerpt":false},"ja":{"title":true,"content":true,"excerpt":false}}},"yoast_head":"<!-- This site is optimized with the Yoast SEO plugin v27.0 - https:\/\/yoast.com\/product\/yoast-seo-wordpress\/ -->\n<title>Installation de packages personnalis\u00e9s dans Hand2Note<\/title>\n<meta name=\"description\" content=\"D\u00e9couvrez comment installer des packages HUD tiers dans Hand2Note pour personnaliser vos statistiques, am\u00e9liorer l&#039;analyse et perfectionner votre jeu de poker.\" \/>\n<meta name=\"robots\" content=\"index, follow, max-snippet:-1, max-image-preview:large, max-video-preview:-1\" \/>\n<link rel=\"canonical\" href=\"https:\/\/hand2noteguide.com\/user-manual\/installing-customized-statistics-packages-in-hand2note\/\" \/>\n<meta property=\"og:locale\" content=\"fr_FR\" \/>\n<meta property=\"og:type\" content=\"article\" \/>\n<meta property=\"og:title\" content=\"Installation de packages personnalis\u00e9s dans Hand2Note\" \/>\n<meta property=\"og:description\" content=\"D\u00e9couvrez comment installer des packages HUD tiers dans Hand2Note pour personnaliser vos statistiques, am\u00e9liorer l&#039;analyse et perfectionner votre jeu de poker.\" \/>\n<meta property=\"og:url\" content=\"https:\/\/hand2noteguide.com\/user-manual\/installing-customized-statistics-packages-in-hand2note\/\" \/>\n<meta property=\"og:site_name\" content=\"Hand2Note Guide\" \/>\n<meta property=\"article:modified_time\" content=\"2026-03-10T08:19:57+00:00\" \/>\n<meta property=\"og:image\" content=\"https:\/\/hand2noteguide.com\/wp-content\/uploads\/2025\/04\/\u0411\u0435\u0437-\u0438erere\u043c\u0435\u043d\u0438-1-1.jpg\" \/>\n\t<meta property=\"og:image:width\" content=\"1920\" \/>\n\t<meta property=\"og:image:height\" content=\"1080\" \/>\n\t<meta property=\"og:image:type\" content=\"image\/jpeg\" \/>\n<meta name=\"twitter:card\" content=\"summary_large_image\" \/>\n<meta name=\"twitter:label1\" content=\"Est. reading time\" \/>\n\t<meta name=\"twitter:data1\" content=\"11 minutes\" \/>\n<!-- \/ Yoast SEO plugin. -->","yoast_head_json":{"title":"Installation de packages personnalis\u00e9s dans Hand2Note","description":"D\u00e9couvrez comment installer des packages HUD tiers dans Hand2Note pour personnaliser vos statistiques, am\u00e9liorer l'analyse et perfectionner votre jeu de poker.","robots":{"index":"index","follow":"follow","max-snippet":"max-snippet:-1","max-image-preview":"max-image-preview:large","max-video-preview":"max-video-preview:-1"},"canonical":"https:\/\/hand2noteguide.com\/user-manual\/installing-customized-statistics-packages-in-hand2note\/","og_locale":"fr_FR","og_type":"article","og_title":"Installation de packages personnalis\u00e9s dans Hand2Note","og_description":"D\u00e9couvrez comment installer des packages HUD tiers dans Hand2Note pour personnaliser vos statistiques, am\u00e9liorer l'analyse et perfectionner votre jeu de poker.","og_url":"https:\/\/hand2noteguide.com\/user-manual\/installing-customized-statistics-packages-in-hand2note\/","og_site_name":"Hand2Note Guide","article_modified_time":"2026-03-10T08:19:57+00:00","og_image":[{"width":1920,"height":1080,"url":"https:\/\/hand2noteguide.com\/wp-content\/uploads\/2025\/04\/\u0411\u0435\u0437-\u0438erere\u043c\u0435\u043d\u0438-1-1.jpg","type":"image\/jpeg"}],"twitter_card":"summary_large_image","twitter_misc":{"Est. reading time":"11 minutes"},"schema":{"@context":"https:\/\/schema.org","@graph":[]}},"jetpack_sharing_enabled":true,"_links":{"self":[{"href":"https:\/\/hand2noteguide.com\/fr\/wp-json\/wp\/v2\/pages\/10055","targetHints":{"allow":["GET"]}}],"collection":[{"href":"https:\/\/hand2noteguide.com\/fr\/wp-json\/wp\/v2\/pages"}],"about":[{"href":"https:\/\/hand2noteguide.com\/fr\/wp-json\/wp\/v2\/types\/page"}],"author":[{"embeddable":true,"href":"https:\/\/hand2noteguide.com\/fr\/wp-json\/wp\/v2\/users\/3"}],"replies":[{"embeddable":true,"href":"https:\/\/hand2noteguide.com\/fr\/wp-json\/wp\/v2\/comments?post=10055"}],"version-history":[{"count":47,"href":"https:\/\/hand2noteguide.com\/fr\/wp-json\/wp\/v2\/pages\/10055\/revisions"}],"predecessor-version":[{"id":15620,"href":"https:\/\/hand2noteguide.com\/fr\/wp-json\/wp\/v2\/pages\/10055\/revisions\/15620"}],"up":[{"embeddable":true,"href":"https:\/\/hand2noteguide.com\/fr\/wp-json\/wp\/v2\/pages\/9199"}],"wp:featuredmedia":[{"embeddable":true,"href":"https:\/\/hand2noteguide.com\/fr\/wp-json\/wp\/v2\/media\/10075"}],"wp:attachment":[{"href":"https:\/\/hand2noteguide.com\/fr\/wp-json\/wp\/v2\/media?parent=10055"}],"curies":[{"name":"wp","href":"https:\/\/api.w.org\/{rel}","templated":true}]}}