{"id":10343,"date":"2025-04-20T19:04:25","date_gmt":"2025-04-20T16:04:25","guid":{"rendered":"https:\/\/hand2noteguide.com\/?page_id=10343"},"modified":"2026-03-10T11:22:10","modified_gmt":"2026-03-10T08:22:10","slug":"hand2note-report-menu","status":"publish","type":"page","link":"https:\/\/hand2noteguide.com\/fr\/user-manual\/hand2note-report-menu\/","title":{"rendered":"L&#8217;outil &#8220;Reports&#8221; de Hand2Note"},"content":{"rendered":"\n<p>Dans Hand2Note, l&#8217;onglet \u201cReports\u201d fournit un outil puissant et presque illimit\u00e9 pour analyser votre jeu ou celui de vos adversaires. Gr\u00e2ce \u00e0 cela, la capacit\u00e9 de filtrer diverses situations de jeu est litt\u00e9ralement limit\u00e9e uniquement par votre propre imagination.<\/p>\n\n\n\n<p>Les \u201cReports\u201d vous permettent d&#8217;obtenir des informations aussi d\u00e9taill\u00e9es que possible non seulement sur les situations de jeu habituelles mais aussi de r\u00e9pondre \u00e0 des questions complexes et non standard, telles que : \u201c\u00c0 quelle fr\u00e9quence, \u00e9tant en position pr\u00e9coce, je fais un continuation bet au flop et je me couche sur une relance de mon adversaire qui est au BTN&#8221; ?<\/p>\n\n\n\n<p>Dans cet article, nous examinerons la navigation et les fonctionnalit\u00e9s de base de cet onglet. Cela vous aidera \u00e0 comprendre la m\u00e9canique de travail avec les \u201cReports\u201d, ainsi qu&#8217;\u00e0 vous familiariser avec ses fonctionnalit\u00e9s.<\/p>\n\n\n\n<h2 class=\"wp-block-heading\">Navigation dans les \u201cReports\u201d et m\u00e9canique de travail avec eux<\/h2>\n\n\n\n<p>Pour ouvrir l&#8217;onglet \u201cReports\u201d, trouvez \u201cReports\u201d (1) dans la fen\u00eatre principale et cliquez dessus.<\/p>\n\n\n\n<figure class=\"wp-block-image size-large\"><img loading=\"lazy\" decoding=\"async\" width=\"1024\" height=\"576\" src=\"http:\/\/hand2noteguide.com\/wp-content\/uploads\/2025\/04\/\u0411\u0435\u0437-567567567\u0438\u043c\u0435\u043d\u0438-1-1024x576.jpg\" alt=\"\" class=\"wp-image-10390\" srcset=\"https:\/\/hand2noteguide.com\/wp-content\/uploads\/2025\/04\/\u0411\u0435\u0437-567567567\u0438\u043c\u0435\u043d\u0438-1-1024x576.jpg 1024w, https:\/\/hand2noteguide.com\/wp-content\/uploads\/2025\/04\/\u0411\u0435\u0437-567567567\u0438\u043c\u0435\u043d\u0438-1-300x169.jpg 300w, https:\/\/hand2noteguide.com\/wp-content\/uploads\/2025\/04\/\u0411\u0435\u0437-567567567\u0438\u043c\u0435\u043d\u0438-1-768x432.jpg 768w, https:\/\/hand2noteguide.com\/wp-content\/uploads\/2025\/04\/\u0411\u0435\u0437-567567567\u0438\u043c\u0435\u043d\u0438-1-1536x864.jpg 1536w, https:\/\/hand2noteguide.com\/wp-content\/uploads\/2025\/04\/\u0411\u0435\u0437-567567567\u0438\u043c\u0435\u043d\u0438-1-772x434.jpg 772w, https:\/\/hand2noteguide.com\/wp-content\/uploads\/2025\/04\/\u0411\u0435\u0437-567567567\u0438\u043c\u0435\u043d\u0438-1-624x351.jpg 624w, https:\/\/hand2noteguide.com\/wp-content\/uploads\/2025\/04\/\u0411\u0435\u0437-567567567\u0438\u043c\u0435\u043d\u0438-1.jpg 1920w\" sizes=\"auto, (max-width: 1024px) 100vw, 1024px\" \/><\/figure>\n\n\n\n<p>La m\u00e9canique de travail avec les rapports a un encha\u00eenement s\u00e9quentiel d&#8217;actions, \u00e0 savoir :<\/p>\n\n\n\n<ol class=\"wp-block-list\">\n<li>Tout d&#8217;abord, nous devons r\u00e9pondre \u00e0 la question : \u201cDe qui analysons-nous le jeu ?\u201d. Pour s\u00e9lectionner un objet (joueur, alias ou ensemble de joueurs) \u00e0 analyser, vous devez cliquer sur le bouton avec le pseudo dans le coin sup\u00e9rieur gauche de la fen\u00eatre (2). Imm\u00e9diatement apr\u00e8s la s\u00e9lection &#8211; dans la zone (4) et la zone (5) nous verrons les statistiques sans aucun filtrage sur l&#8217;objet analys\u00e9 que nous avons sp\u00e9cifi\u00e9.<\/li>\n\n\n\n<li>Ensuite, nous devons r\u00e9pondre \u00e0 la question : \u201cQuels crit\u00e8res devons-nous analyser pour les statistiques d&#8217;un joueur, d&#8217;un alias ou d&#8217;un ensemble de joueurs ?\u201d. Pour d\u00e9finir le filtre n\u00e9cessaire pour les statistiques qui correspondent aux crit\u00e8res d&#8217;analyse, trouvez le bouton \u201c+ Filter\u201d (3) et cliquez dessus. Ensuite, s\u00e9lectionnez le filtre souhait\u00e9 et appliquez-le. Apr\u00e8s cela, les statistiques dans la zone (4) et la zone (5) changeront selon le filtre appliqu\u00e9.<\/li>\n<\/ol>\n\n\n\n<h3 class=\"wp-block-heading\">S\u00e9lection des filtres \u00e0 appliquer aux statistiques<\/h3>\n\n\n\n<p>Apr\u00e8s avoir cliqu\u00e9 sur le bouton \u201c+ Filter\u201d, la fen\u00eatre des filtres s&#8217;ouvre. Vous pouvez y choisir l&#8217;un des filtres pr\u00eats \u00e0 l&#8217;emploi situ\u00e9s dans les onglets au milieu de la fen\u00eatre. Vous pouvez \u00e9galement cr\u00e9er votre propre filtre pour l&#8217;analyse en appelant l&#8217;\u00e9diteur de statistiques en cliquant sur \u201c+ Custom Filter\u201d (8).<\/p>\n\n\n\n<p><em>Vous pouvez utiliser plusieurs filtres en m\u00eame temps. L&#8217;essentiel est de ne pas utiliser ensemble des filtres mutuellement exclusifs ; sinon, le rapport affichera des r\u00e9sultats nuls.<\/em><\/p>\n\n\n\n<p>Apr\u00e8s avoir s\u00e9lectionn\u00e9 les filtres, cliquez sur le bouton \u201cAPPLY\u201d (9) &#8211; pour les appliquer dans les rapports.<\/p>\n\n\n\n<figure class=\"wp-block-image size-large\"><img loading=\"lazy\" decoding=\"async\" width=\"1024\" height=\"601\" src=\"http:\/\/hand2noteguide.com\/wp-content\/uploads\/2025\/04\/\u0411\u0435\u0437-\u0438\u043c7676767\u0435\u043d\u0438-2-1024x601.jpg\" alt=\"\" class=\"wp-image-10432\" srcset=\"https:\/\/hand2noteguide.com\/wp-content\/uploads\/2025\/04\/\u0411\u0435\u0437-\u0438\u043c7676767\u0435\u043d\u0438-2-1024x601.jpg 1024w, https:\/\/hand2noteguide.com\/wp-content\/uploads\/2025\/04\/\u0411\u0435\u0437-\u0438\u043c7676767\u0435\u043d\u0438-2-300x176.jpg 300w, https:\/\/hand2noteguide.com\/wp-content\/uploads\/2025\/04\/\u0411\u0435\u0437-\u0438\u043c7676767\u0435\u043d\u0438-2-768x451.jpg 768w, https:\/\/hand2noteguide.com\/wp-content\/uploads\/2025\/04\/\u0411\u0435\u0437-\u0438\u043c7676767\u0435\u043d\u0438-2-1536x901.jpg 1536w, https:\/\/hand2noteguide.com\/wp-content\/uploads\/2025\/04\/\u0411\u0435\u0437-\u0438\u043c7676767\u0435\u043d\u0438-2-772x453.jpg 772w, https:\/\/hand2noteguide.com\/wp-content\/uploads\/2025\/04\/\u0411\u0435\u0437-\u0438\u043c7676767\u0435\u043d\u0438-2-624x366.jpg 624w, https:\/\/hand2noteguide.com\/wp-content\/uploads\/2025\/04\/\u0411\u0435\u0437-\u0438\u043c7676767\u0435\u043d\u0438-2.jpg 1841w\" sizes=\"auto, (max-width: 1024px) 100vw, 1024px\" \/><\/figure>\n\n\n\n<p>L&#8217;ensemble pr\u00eat de filtres pr\u00e9sent\u00e9 dans les onglets est divis\u00e9 en cat\u00e9gories :<\/p>\n\n\n\n<ul class=\"wp-block-list\">\n<li>Onglet &#8220;Quick Filters&#8221; (1) &#8211; dans cet onglet, vous pouvez s\u00e9lectionner l&#8217;une des principales actions possibles d&#8217;un joueur \u00e0 analyser ;<\/li>\n\n\n\n<li>Onglet &#8220;Positions&#8221; (2) &#8211; dans cet onglet, vous pouvez indiquer la position du joueur ou de son adversaire dans la main &#8211; soit pr\u00e9flop soit postflop ;<\/li>\n\n\n\n<li>Onglet &#8220;General&#8221; (3) permet de filtrer les statistiques par les principales caract\u00e9ristiques du jeu lui-m\u00eame. Par exemple : taille de la table, grosse blind, straddle, salle de poker, s\u00e9lection (le nombre de jetons \u00e0 la table avec le joueur), devise jou\u00e9e, type de jeu (Hold&#8217;em, Omaha et similaires), taille du pot et bien d&#8217;autres ;<\/li>\n\n\n\n<li>L&#8217;onglet &#8220;Actions&#8221; (4) &#8211; permet de construire une ligne d&#8217;actions du joueur de rue en rue pour l&#8217;analyse ;<\/li>\n\n\n\n<li>L&#8217;onglet &#8220;Hand Strength&#8221; (5) &#8211; permet de d\u00e9finir pour l&#8217;analyse la main (ou plusieurs mains) qui ont \u00e9t\u00e9 distribu\u00e9es au joueur lorsque les cartes ont \u00e9t\u00e9 distribu\u00e9es. \u00c9galement dans cet onglet, vous pouvez inclure pour l&#8217;analyse uniquement les mains que le joueur a montr\u00e9es pendant le jeu (mains connues) ;<\/li>\n\n\n\n<li>L&#8217;onglet &#8220;Session&#8221; (6) &#8211; permet de s\u00e9lectionner la p\u00e9riode de temps du jeu \u00e0 analyser. Par exemple : par heure de la journ\u00e9e, jour de la semaine, mois de l&#8217;ann\u00e9e et bien d&#8217;autres ;<\/li>\n\n\n\n<li>L&#8217;onglet &#8220;Tournaments&#8221; (7) permet de s\u00e9lectionner des crit\u00e8res sp\u00e9cifiques aux tournois pour l&#8217;analyse.<\/li>\n<\/ul>\n\n\n\n<h3 class=\"wp-block-heading\">Visualisation des r\u00e9sultats ainsi que navigation \u00e0 travers les onglets statistiques<\/h3>\n\n\n\n<p>Apr\u00e8s avoir s\u00e9lectionn\u00e9 un joueur, ainsi que s\u00e9lectionn\u00e9 des filtres et les avoir appliqu\u00e9s, nous pouvons voir toutes les informations n\u00e9cessaires \u00e0 leur sujet sous forme statistique imm\u00e9diatement sous le bouton \u201c+Filter\u201d &#8211; dans le champ (1) et le champ (2).<\/p>\n\n\n\n<figure class=\"wp-block-image size-large\"><img loading=\"lazy\" decoding=\"async\" width=\"1024\" height=\"573\" src=\"http:\/\/hand2noteguide.com\/wp-content\/uploads\/2025\/04\/\u0411\u0435\u0437-\u0438\u043c\u04353453\u043d\u0438-1-1024x573.jpg\" alt=\"\" class=\"wp-image-10453\" srcset=\"https:\/\/hand2noteguide.com\/wp-content\/uploads\/2025\/04\/\u0411\u0435\u0437-\u0438\u043c\u04353453\u043d\u0438-1-1024x573.jpg 1024w, https:\/\/hand2noteguide.com\/wp-content\/uploads\/2025\/04\/\u0411\u0435\u0437-\u0438\u043c\u04353453\u043d\u0438-1-300x168.jpg 300w, https:\/\/hand2noteguide.com\/wp-content\/uploads\/2025\/04\/\u0411\u0435\u0437-\u0438\u043c\u04353453\u043d\u0438-1-768x430.jpg 768w, https:\/\/hand2noteguide.com\/wp-content\/uploads\/2025\/04\/\u0411\u0435\u0437-\u0438\u043c\u04353453\u043d\u0438-1-1536x860.jpg 1536w, https:\/\/hand2noteguide.com\/wp-content\/uploads\/2025\/04\/\u0411\u0435\u0437-\u0438\u043c\u04353453\u043d\u0438-1-772x432.jpg 772w, https:\/\/hand2noteguide.com\/wp-content\/uploads\/2025\/04\/\u0411\u0435\u0437-\u0438\u043c\u04353453\u043d\u0438-1-624x349.jpg 624w, https:\/\/hand2noteguide.com\/wp-content\/uploads\/2025\/04\/\u0411\u0435\u0437-\u0438\u043c\u04353453\u043d\u0438-1.jpg 1691w\" sizes=\"auto, (max-width: 1024px) 100vw, 1024px\" \/><\/figure>\n\n\n\n<p>Le champ (1) montre les onglets :<\/p>\n\n\n\n<ul class=\"wp-block-list\">\n<li>\u201cStats\u201d &#8211; ici vous pouvez voir les principaux indicateurs statistiques tels que le Win Rate, VPIP, PFR, <a href=\"https:\/\/hand2noteguide.com\/fr\/poker\/poker-hud-stats\/3bet-in-poker\/\">3bet<\/a>, et bien d&#8217;autres ;<\/li>\n\n\n\n<li>\u201cGraph\u201d &#8211; dans cet onglet, vous pouvez voir un graphique des r\u00e9sultats de jeu &#8211; dans la devise de votre choix ou en grosses blinds ;<\/li>\n\n\n\n<li>\u201cPreflop Range\u201d &#8211; diagramme pr\u00e9flop des mains que le joueur a montr\u00e9es pendant le jeu ;<\/li>\n\n\n\n<li>\u201cHand Strength\u201d &#8211; montre la force de la main jou\u00e9e par le joueur sur diff\u00e9rentes rues.<\/li>\n<\/ul>\n\n\n\n<p>Dans le champ (2) il y a divers onglets o\u00f9 vous pouvez voir des donn\u00e9es telles que : la liste des mains (\u201cHands\u201d), les r\u00e9sultats du jeu \u00e0 diff\u00e9rents niveaux (\u201cResults\u201d), les r\u00e9sultats en tenant compte des diff\u00e9rentes positions pr\u00e9flop du joueur (\u201cPositions\u201d) et bien d&#8217;autres.<\/p>\n\n\n\n<p><em>\u00c9galement, dans le champ (2) vous pouvez cliquer sur l&#8217;ic\u00f4ne \u201c+\u201d (3) \u00e0 la fin de la liste des onglets et ajouter des onglets manquants avec divers ensembles de donn\u00e9es (4).<\/em><\/p>\n\n\n\n<h3 class=\"wp-block-heading\">Rapport dans un rapport<\/h3>\n\n\n\n<p>Il convient de pr\u00eater une attention particuli\u00e8re \u00e0 une fonction telle que l&#8217;ouverture d&#8217;un rapport suppl\u00e9mentaire dans un rapport d\u00e9j\u00e0 cr\u00e9\u00e9.<\/p>\n\n\n\n<p>En cliquant sur les lignes dans certains onglets du champ (1) vous pouvez ouvrir une fen\u00eatre de rapport suppl\u00e9mentaire \u00e0 droite, dans le champ (2). Elle prendra d\u00e9j\u00e0 en compte tous les filtres pr\u00e9c\u00e9demment appliqu\u00e9s, ainsi que la ligne dans les onglets que vous avez s\u00e9lectionn\u00e9e (par exemple : NL $5, 6-max).<\/p>\n\n\n\n<figure class=\"wp-block-image size-large\"><img loading=\"lazy\" decoding=\"async\" width=\"1024\" height=\"551\" src=\"http:\/\/hand2noteguide.com\/wp-content\/uploads\/2025\/04\/\u0411\u0435\u0437-\u0438\u043cSDFSDFSDF\u0435\u043d\u0438-2-1024x551.jpg\" alt=\"\" class=\"wp-image-10482\" srcset=\"https:\/\/hand2noteguide.com\/wp-content\/uploads\/2025\/04\/\u0411\u0435\u0437-\u0438\u043cSDFSDFSDF\u0435\u043d\u0438-2-1024x551.jpg 1024w, https:\/\/hand2noteguide.com\/wp-content\/uploads\/2025\/04\/\u0411\u0435\u0437-\u0438\u043cSDFSDFSDF\u0435\u043d\u0438-2-300x161.jpg 300w, https:\/\/hand2noteguide.com\/wp-content\/uploads\/2025\/04\/\u0411\u0435\u0437-\u0438\u043cSDFSDFSDF\u0435\u043d\u0438-2-768x413.jpg 768w, https:\/\/hand2noteguide.com\/wp-content\/uploads\/2025\/04\/\u0411\u0435\u0437-\u0438\u043cSDFSDFSDF\u0435\u043d\u0438-2-1536x826.jpg 1536w, https:\/\/hand2noteguide.com\/wp-content\/uploads\/2025\/04\/\u0411\u0435\u0437-\u0438\u043cSDFSDFSDF\u0435\u043d\u0438-2-772x415.jpg 772w, https:\/\/hand2noteguide.com\/wp-content\/uploads\/2025\/04\/\u0411\u0435\u0437-\u0438\u043cSDFSDFSDF\u0435\u043d\u0438-2-624x336.jpg 624w, https:\/\/hand2noteguide.com\/wp-content\/uploads\/2025\/04\/\u0411\u0435\u0437-\u0438\u043cSDFSDFSDF\u0435\u043d\u0438-2.jpg 1915w\" sizes=\"auto, (max-width: 1024px) 100vw, 1024px\" \/><\/figure>\n\n\n\n<p>Dans le champ (2) vous pouvez appliquer vos propres filtres, en plus des filtres du champ (1), pour l&#8217;analyse. Et aussi continuer la transition vers le troisi\u00e8me rapport \u00e0 droite, en cliquant sur les lignes n\u00e9cessaires dans les onglets internes des statistiques, mais d\u00e9j\u00e0 dans la zone du deuxi\u00e8me rapport.<\/p>\n\n\n\n<p>Cette fonctionnalit\u00e9 vous permet de filtrer les statistiques par-dessus le filtrage pr\u00e9c\u00e9demment cr\u00e9\u00e9, simplifiant ainsi et \u00e9largissant infiniment les possibilit\u00e9s d&#8217;analyse.<\/p>\n\n\n\n<h3 class=\"wp-block-heading\">Exportation des mains depuis le menu des rapports<\/h3>\n\n\n\n<p>Hand2Note permet d&#8217;exporter des mains depuis les rapports. Y compris celles avec des filtres appliqu\u00e9s aux statistiques.<\/p>\n\n\n\n<p>Cela, \u00e0 son tour, nous donne la possibilit\u00e9 de d\u00e9charger des mains avec certaines situations de jeu, en tenant compte des filtres appliqu\u00e9s auparavant. \u00c0 l&#8217;avenir, ces mains peuvent \u00eatre utilis\u00e9es, par exemple, pour \u00eatre charg\u00e9es dans une base de donn\u00e9es s\u00e9par\u00e9e.<\/p>\n\n\n\n<p>Pour exporter des mains depuis les rapports, s\u00e9lectionnez l&#8217;onglet \u201cHands\u201d (1). Ensuite, dans la liste des mains ouverte ci-dessous (2), cliquez sur l&#8217;une d&#8217;elles avec le bouton droit de la souris. Dans la liste d\u00e9roulante, s\u00e9lectionnez \u201cExport Hands\u201d (3), et sp\u00e9cifiez un emplacement de sauvegarde.<\/p>\n\n\n\n<figure class=\"wp-block-image size-large\"><img loading=\"lazy\" decoding=\"async\" width=\"1024\" height=\"576\" src=\"http:\/\/hand2noteguide.com\/wp-content\/uploads\/2025\/04\/\u0411\u0435\u0437-\u0432\u0444\u044b\u0432\u0444\u044b\u0432\u0444\u0432\u0444\u044b\u0432\u0444\u044b\u0432\u0438\u043c\u0435\u043d\u0438-3-1024x576.jpg\" alt=\"\" class=\"wp-image-10500\" srcset=\"https:\/\/hand2noteguide.com\/wp-content\/uploads\/2025\/04\/\u0411\u0435\u0437-\u0432\u0444\u044b\u0432\u0444\u044b\u0432\u0444\u0432\u0444\u044b\u0432\u0444\u044b\u0432\u0438\u043c\u0435\u043d\u0438-3-1024x576.jpg 1024w, https:\/\/hand2noteguide.com\/wp-content\/uploads\/2025\/04\/\u0411\u0435\u0437-\u0432\u0444\u044b\u0432\u0444\u044b\u0432\u0444\u0432\u0444\u044b\u0432\u0444\u044b\u0432\u0438\u043c\u0435\u043d\u0438-3-300x169.jpg 300w, https:\/\/hand2noteguide.com\/wp-content\/uploads\/2025\/04\/\u0411\u0435\u0437-\u0432\u0444\u044b\u0432\u0444\u044b\u0432\u0444\u0432\u0444\u044b\u0432\u0444\u044b\u0432\u0438\u043c\u0435\u043d\u0438-3-768x432.jpg 768w, https:\/\/hand2noteguide.com\/wp-content\/uploads\/2025\/04\/\u0411\u0435\u0437-\u0432\u0444\u044b\u0432\u0444\u044b\u0432\u0444\u0432\u0444\u044b\u0432\u0444\u044b\u0432\u0438\u043c\u0435\u043d\u0438-3-1536x864.jpg 1536w, https:\/\/hand2noteguide.com\/wp-content\/uploads\/2025\/04\/\u0411\u0435\u0437-\u0432\u0444\u044b\u0432\u0444\u044b\u0432\u0444\u0432\u0444\u044b\u0432\u0444\u044b\u0432\u0438\u043c\u0435\u043d\u0438-3-772x434.jpg 772w, https:\/\/hand2noteguide.com\/wp-content\/uploads\/2025\/04\/\u0411\u0435\u0437-\u0432\u0444\u044b\u0432\u0444\u044b\u0432\u0444\u0432\u0444\u044b\u0432\u0444\u044b\u0432\u0438\u043c\u0435\u043d\u0438-3-624x351.jpg 624w, https:\/\/hand2noteguide.com\/wp-content\/uploads\/2025\/04\/\u0411\u0435\u0437-\u0432\u0444\u044b\u0432\u0444\u044b\u0432\u0444\u0432\u0444\u044b\u0432\u0444\u044b\u0432\u0438\u043c\u0435\u043d\u0438-3.jpg 1920w\" sizes=\"auto, (max-width: 1024px) 100vw, 1024px\" \/><\/figure>\n\n\n\n<p>Voir aussi : <a href=\"https:\/\/hand2note.com\/Help\/Features\/reports\" target=\"_blank\" rel=\"noreferrer noopener\">Manuel officiel de Hand2Note : Reports<\/a>.<\/p>\n","protected":false},"excerpt":{"rendered":"<p>Dans Hand2Note, l&#8217;onglet \u201cReports\u201d fournit un outil puissant et presque illimit\u00e9 pour analyser votre jeu ou celui de vos adversaires. Gr\u00e2ce \u00e0 cela, la capacit\u00e9 de filtrer diverses situations de jeu est litt\u00e9ralement limit\u00e9e uniquement par votre propre imagination. Les \u201cReports\u201d vous permettent d&#8217;obtenir des informations aussi d\u00e9taill\u00e9es que possible non seulement sur les situations &hellip; <a href=\"https:\/\/hand2noteguide.com\/fr\/user-manual\/hand2note-report-menu\/\" class=\"more-link\">Continue reading <span class=\"screen-reader-text\">L&#8217;outil &#8220;Reports&#8221; de Hand2Note<\/span><\/a><\/p>\n","protected":false},"author":3,"featured_media":10348,"parent":9199,"menu_order":0,"comment_status":"closed","ping_status":"closed","template":"","meta":{"footnotes":""},"class_list":["post-10343","page","type-page","status-publish","has-post-thumbnail","hentry"],"translation":{"provider":"WPGlobus","version":"3.0.2","language":"fr","enabled_languages":["en","ru","pt","zh","es","fr","de","it","ja"],"languages":{"en":{"title":true,"content":true,"excerpt":false},"ru":{"title":true,"content":true,"excerpt":false},"pt":{"title":true,"content":true,"excerpt":false},"zh":{"title":true,"content":true,"excerpt":false},"es":{"title":true,"content":true,"excerpt":false},"fr":{"title":true,"content":true,"excerpt":false},"de":{"title":true,"content":true,"excerpt":false},"it":{"title":true,"content":true,"excerpt":false},"ja":{"title":true,"content":true,"excerpt":false}}},"yoast_head":"<!-- This site is optimized with the Yoast SEO plugin v27.0 - https:\/\/yoast.com\/product\/yoast-seo-wordpress\/ -->\n<title>L&#039;outil &quot;Reports&quot; de Hand2Note<\/title>\n<meta name=\"description\" content=\"Analysez la strat\u00e9gie de poker comme jamais auparavant avec l&#039;onglet \u201cReports\u201d de Hand2Note - filtrez n&#039;importe quel sc\u00e9nario et obtenez des insights approfondis sur votre jeu.\" \/>\n<meta name=\"robots\" content=\"index, follow, max-snippet:-1, max-image-preview:large, max-video-preview:-1\" \/>\n<link rel=\"canonical\" href=\"https:\/\/hand2noteguide.com\/user-manual\/hand2note-report-menu\/\" \/>\n<meta property=\"og:locale\" content=\"fr_FR\" \/>\n<meta property=\"og:type\" content=\"article\" \/>\n<meta property=\"og:title\" content=\"L&#039;outil &quot;Reports&quot; de Hand2Note\" \/>\n<meta property=\"og:description\" content=\"Analysez la strat\u00e9gie de poker comme jamais auparavant avec l&#039;onglet \u201cReports\u201d de Hand2Note - filtrez n&#039;importe quel sc\u00e9nario et obtenez des insights approfondis sur votre jeu.\" \/>\n<meta property=\"og:url\" content=\"https:\/\/hand2noteguide.com\/user-manual\/hand2note-report-menu\/\" \/>\n<meta property=\"og:site_name\" content=\"Hand2Note Guide\" \/>\n<meta property=\"article:modified_time\" content=\"2026-03-10T08:22:10+00:00\" \/>\n<meta property=\"og:image\" content=\"https:\/\/hand2noteguide.com\/wp-content\/uploads\/2025\/04\/\u0411\u0435\u0437-\u0438\u043c\u0435\u043d\u0438-1-5.jpg\" \/>\n\t<meta property=\"og:image:width\" content=\"1848\" \/>\n\t<meta property=\"og:image:height\" content=\"1019\" \/>\n\t<meta property=\"og:image:type\" content=\"image\/jpeg\" \/>\n<meta name=\"twitter:card\" content=\"summary_large_image\" \/>\n<meta name=\"twitter:label1\" content=\"Est. reading time\" \/>\n\t<meta name=\"twitter:data1\" content=\"7 minutes\" \/>\n<!-- \/ Yoast SEO plugin. -->","yoast_head_json":{"title":"L'outil \"Reports\" de Hand2Note","description":"Analysez la strat\u00e9gie de poker comme jamais auparavant avec l'onglet \u201cReports\u201d de Hand2Note - filtrez n'importe quel sc\u00e9nario et obtenez des insights approfondis sur votre jeu.","robots":{"index":"index","follow":"follow","max-snippet":"max-snippet:-1","max-image-preview":"max-image-preview:large","max-video-preview":"max-video-preview:-1"},"canonical":"https:\/\/hand2noteguide.com\/user-manual\/hand2note-report-menu\/","og_locale":"fr_FR","og_type":"article","og_title":"L'outil \"Reports\" de Hand2Note","og_description":"Analysez la strat\u00e9gie de poker comme jamais auparavant avec l'onglet \u201cReports\u201d de Hand2Note - filtrez n'importe quel sc\u00e9nario et obtenez des insights approfondis sur votre jeu.","og_url":"https:\/\/hand2noteguide.com\/user-manual\/hand2note-report-menu\/","og_site_name":"Hand2Note Guide","article_modified_time":"2026-03-10T08:22:10+00:00","og_image":[{"width":1848,"height":1019,"url":"https:\/\/hand2noteguide.com\/wp-content\/uploads\/2025\/04\/\u0411\u0435\u0437-\u0438\u043c\u0435\u043d\u0438-1-5.jpg","type":"image\/jpeg"}],"twitter_card":"summary_large_image","twitter_misc":{"Est. reading time":"7 minutes"},"schema":{"@context":"https:\/\/schema.org","@graph":[]}},"jetpack_sharing_enabled":true,"_links":{"self":[{"href":"https:\/\/hand2noteguide.com\/fr\/wp-json\/wp\/v2\/pages\/10343","targetHints":{"allow":["GET"]}}],"collection":[{"href":"https:\/\/hand2noteguide.com\/fr\/wp-json\/wp\/v2\/pages"}],"about":[{"href":"https:\/\/hand2noteguide.com\/fr\/wp-json\/wp\/v2\/types\/page"}],"author":[{"embeddable":true,"href":"https:\/\/hand2noteguide.com\/fr\/wp-json\/wp\/v2\/users\/3"}],"replies":[{"embeddable":true,"href":"https:\/\/hand2noteguide.com\/fr\/wp-json\/wp\/v2\/comments?post=10343"}],"version-history":[{"count":136,"href":"https:\/\/hand2noteguide.com\/fr\/wp-json\/wp\/v2\/pages\/10343\/revisions"}],"predecessor-version":[{"id":15622,"href":"https:\/\/hand2noteguide.com\/fr\/wp-json\/wp\/v2\/pages\/10343\/revisions\/15622"}],"up":[{"embeddable":true,"href":"https:\/\/hand2noteguide.com\/fr\/wp-json\/wp\/v2\/pages\/9199"}],"wp:featuredmedia":[{"embeddable":true,"href":"https:\/\/hand2noteguide.com\/fr\/wp-json\/wp\/v2\/media\/10348"}],"wp:attachment":[{"href":"https:\/\/hand2noteguide.com\/fr\/wp-json\/wp\/v2\/media?parent=10343"}],"curies":[{"name":"wp","href":"https:\/\/api.w.org\/{rel}","templated":true}]}}