{"id":10534,"date":"2025-04-23T18:41:53","date_gmt":"2025-04-23T15:41:53","guid":{"rendered":"https:\/\/hand2noteguide.com\/?page_id=10534"},"modified":"2026-03-10T11:23:14","modified_gmt":"2026-03-10T08:23:14","slug":"the-multiple-players-tool-in-hand2note-range-research","status":"publish","type":"page","link":"https:\/\/hand2noteguide.com\/fr\/user-manual\/the-multiple-players-tool-in-hand2note-range-research\/","title":{"rendered":"L&#8217;outil &#8220;Multiple Players&#8221; dans Hand2Note (Recherche de Ranges)"},"content":{"rendered":"\n<p>Hand2Note vous permet de rechercher des joueurs dans la base de donn\u00e9es par des filtres sp\u00e9cifiques, ainsi que de combiner leurs statistiques en un tout.<\/p>\n\n\n\n<p>Cette fonction sera utile lors de l&#8217;analyse du jeu de vos adversaires. En effet, souvent pour de nombreuses statistiques, l&#8217;\u00e9chantillon n&#8217;est pas suffisant, mais en combinant les joueurs par caract\u00e9ristiques communes, vous pouvez couvrir le sous-d\u00e9nombrement m\u00eame dans les situations de jeu les plus rares.<\/p>\n\n\n\n<h2 class=\"wp-block-heading\">Travailler avec la fonctionnalit\u00e9 \u201cMultiple Players\u201d<\/h2>\n\n\n\n<p>Vous pouvez rechercher des joueurs par attributs, ainsi que combiner leurs statistiques sous deux formats :<\/p>\n\n\n\n<ul class=\"wp-block-list\">\n<li>En format rapport via l&#8217;onglet \u201cReports\u201d ;<\/li>\n\n\n\n<li>En format statistiques via l&#8217;onglet \u201cStatistics\u201d.<\/li>\n<\/ul>\n\n\n\n<p><em>Il est important de comprendre le principal : l&#8217;outil \u201cMultiple Players\u201d filtre les joueurs eux-m\u00eames, pas les situations de jeu, et les combine en une statistique g\u00e9n\u00e9rale. La recherche, la fusion et d&#8217;autres op\u00e9rations avec les situations de jeu peuvent \u00eatre effectu\u00e9es s\u00e9par\u00e9ment dans l&#8217;onglet \u201cReports\u201d, pour plus de d\u00e9tails voir l&#8217;article : <a href=\"https:\/\/hand2noteguide.com\/fr\/user-manual\/hand2note-report-menu\/\">Outil \u201cReports\u201d de Hand2Note<\/a>.<\/em><\/p>\n\n\n\n<p>Pour ouvrir la fonction \u201cMultiple Players\u201d, allez soit aux rapports en cliquant sur \u201cReport\u201d(1) soit aux statistiques en cliquant sur \u201cStatistics\u201d(2). Ensuite, cliquez sur le pseudo du joueur dans le coin sup\u00e9rieur gauche (3) et allez \u00e0 \u201cMultiple Players\u201d(4).<\/p>\n\n\n\n<figure class=\"wp-block-image size-large\"><img loading=\"lazy\" decoding=\"async\" width=\"1024\" height=\"576\" src=\"http:\/\/hand2noteguide.com\/wp-content\/uploads\/2025\/04\/\u0411\u0435\u0437-\u0438\u044b\u0444\u0432\u0444\u044b\u0432\u0444\u044b\u0432\u043c\u0435\u043d\u0438-1-1024x576.jpg\" alt=\"\" class=\"wp-image-10618\" srcset=\"https:\/\/hand2noteguide.com\/wp-content\/uploads\/2025\/04\/\u0411\u0435\u0437-\u0438\u044b\u0444\u0432\u0444\u044b\u0432\u0444\u044b\u0432\u043c\u0435\u043d\u0438-1-1024x576.jpg 1024w, https:\/\/hand2noteguide.com\/wp-content\/uploads\/2025\/04\/\u0411\u0435\u0437-\u0438\u044b\u0444\u0432\u0444\u044b\u0432\u0444\u044b\u0432\u043c\u0435\u043d\u0438-1-300x169.jpg 300w, https:\/\/hand2noteguide.com\/wp-content\/uploads\/2025\/04\/\u0411\u0435\u0437-\u0438\u044b\u0444\u0432\u0444\u044b\u0432\u0444\u044b\u0432\u043c\u0435\u043d\u0438-1-768x432.jpg 768w, https:\/\/hand2noteguide.com\/wp-content\/uploads\/2025\/04\/\u0411\u0435\u0437-\u0438\u044b\u0444\u0432\u0444\u044b\u0432\u0444\u044b\u0432\u043c\u0435\u043d\u0438-1-1536x864.jpg 1536w, https:\/\/hand2noteguide.com\/wp-content\/uploads\/2025\/04\/\u0411\u0435\u0437-\u0438\u044b\u0444\u0432\u0444\u044b\u0432\u0444\u044b\u0432\u043c\u0435\u043d\u0438-1-772x434.jpg 772w, https:\/\/hand2noteguide.com\/wp-content\/uploads\/2025\/04\/\u0411\u0435\u0437-\u0438\u044b\u0444\u0432\u0444\u044b\u0432\u0444\u044b\u0432\u043c\u0435\u043d\u0438-1-624x351.jpg 624w, https:\/\/hand2noteguide.com\/wp-content\/uploads\/2025\/04\/\u0411\u0435\u0437-\u0438\u044b\u0444\u0432\u0444\u044b\u0432\u0444\u044b\u0432\u043c\u0435\u043d\u0438-1.jpg 1920w\" sizes=\"auto, (max-width: 1024px) 100vw, 1024px\" \/><\/figure>\n\n\n\n<h3 class=\"wp-block-heading\">Navigation g\u00e9n\u00e9rale de la fen\u00eatre \u201cMultiple Players\u201d<\/h3>\n\n\n\n<p><em>Avant de commencer \u00e0 travailler avec \u201cMultiple Players\u201d, faites attention \u00e0 la s\u00e9lection \u201cgame types\u201d et au type de jeu analys\u00e9 dans le coin sup\u00e9rieur droit de la fen\u00eatre (1). D\u00e9finissez les param\u00e8tres requis si n\u00e9cessaire.<\/em><\/p>\n\n\n\n<figure class=\"wp-block-image size-large\"><img loading=\"lazy\" decoding=\"async\" width=\"1024\" height=\"576\" src=\"http:\/\/hand2noteguide.com\/wp-content\/uploads\/2025\/04\/\u0411\u0435\u0437-\u0438\u043c\u0432\u0430\u043f\u0432\u0430\u043f\u0430\u0432\u0443\u043f\u0435\u043d\u0438-2-1024x576.jpg\" alt=\"\" class=\"wp-image-10683\" srcset=\"https:\/\/hand2noteguide.com\/wp-content\/uploads\/2025\/04\/\u0411\u0435\u0437-\u0438\u043c\u0432\u0430\u043f\u0432\u0430\u043f\u0430\u0432\u0443\u043f\u0435\u043d\u0438-2-1024x576.jpg 1024w, https:\/\/hand2noteguide.com\/wp-content\/uploads\/2025\/04\/\u0411\u0435\u0437-\u0438\u043c\u0432\u0430\u043f\u0432\u0430\u043f\u0430\u0432\u0443\u043f\u0435\u043d\u0438-2-300x169.jpg 300w, https:\/\/hand2noteguide.com\/wp-content\/uploads\/2025\/04\/\u0411\u0435\u0437-\u0438\u043c\u0432\u0430\u043f\u0432\u0430\u043f\u0430\u0432\u0443\u043f\u0435\u043d\u0438-2-768x432.jpg 768w, https:\/\/hand2noteguide.com\/wp-content\/uploads\/2025\/04\/\u0411\u0435\u0437-\u0438\u043c\u0432\u0430\u043f\u0432\u0430\u043f\u0430\u0432\u0443\u043f\u0435\u043d\u0438-2-1536x864.jpg 1536w, https:\/\/hand2noteguide.com\/wp-content\/uploads\/2025\/04\/\u0411\u0435\u0437-\u0438\u043c\u0432\u0430\u043f\u0432\u0430\u043f\u0430\u0432\u0443\u043f\u0435\u043d\u0438-2-772x434.jpg 772w, https:\/\/hand2noteguide.com\/wp-content\/uploads\/2025\/04\/\u0411\u0435\u0437-\u0438\u043c\u0432\u0430\u043f\u0432\u0430\u043f\u0430\u0432\u0443\u043f\u0435\u043d\u0438-2-624x351.jpg 624w, https:\/\/hand2noteguide.com\/wp-content\/uploads\/2025\/04\/\u0411\u0435\u0437-\u0438\u043c\u0432\u0430\u043f\u0432\u0430\u043f\u0430\u0432\u0443\u043f\u0435\u043d\u0438-2.jpg 1920w\" sizes=\"auto, (max-width: 1024px) 100vw, 1024px\" \/><\/figure>\n\n\n\n<p>La fen\u00eatre de l&#8217;outil se compose de cinq blocs principaux :<\/p>\n\n\n\n<ul class=\"wp-block-list\">\n<li>\u201cBASE STATS&#8221;(2) &#8211; Une liste de filtres de base incluant des param\u00e8tres tels que :\n<ul class=\"wp-block-list\">\n<li>&#8220;Hands&#8221; &#8211; le nombre de mains jou\u00e9es par le joueur ;<\/li>\n\n\n\n<li>&#8220;VPIP&#8221; &#8211; volontairement mis de l&#8217;argent dans le pot au pr\u00e9flop ;<\/li>\n\n\n\n<li>&#8220;PFR&#8221; &#8211; Relance pr\u00e9-flop ;<\/li>\n\n\n\n<li>&#8220;VPIP-PFR&#8221; &#8211; diff\u00e9rence entre VPIP et PFR ;<\/li>\n<\/ul>\n<\/li>\n\n\n\n<li>\u201cWINNINGS&#8221;(3) &#8211; la liste des filtres bas\u00e9s sur les gains ou les pertes du joueur, inclut des param\u00e8tres tels que :\n<ul class=\"wp-block-list\">\n<li>&#8220;Won EV&#8221; &#8211; gain ou perte sur la grosse blind en termes de EV (Valeur Attendue) ;<\/li>\n\n\n\n<li>&#8220;Win Rate EV, bb\/100&#8221; &#8211; la moyenne arithm\u00e9tique des gains ou pertes en grosses blinds pour chaque centaine de mains en termes de EV ;<\/li>\n\n\n\n<li>&#8220;Won From User&#8221; &#8211; gains ou pertes en grosses blinds contre le h\u00e9ros ;<\/li>\n<\/ul>\n<\/li>\n\n\n\n<li>&#8220;OTHER&#8221;(4) &#8211; liste d&#8217;autres filtres, qui peuvent \u00e9galement \u00eatre sp\u00e9cifi\u00e9s lors du filtrage ;<\/li>\n\n\n\n<li>&#8220;ADDITIONAL STATS&#8221;(5) &#8211; fen\u00eatre pour cr\u00e9er des formules pour le filtrage bas\u00e9 sur les stats disponibles dans Hand2Note ;<\/li>\n\n\n\n<li>Liste des joueurs trouv\u00e9s selon les filtres sp\u00e9cifi\u00e9s (6).<\/li>\n<\/ul>\n\n\n\n<p>Pour appliquer les filtres r\u00e9cemment d\u00e9finis et fusionner les statistiques des joueurs de la liste en une seule, vous devez appuyer sur \u201cAPPLY\u201d (7).<\/p>\n\n\n\n<h3 class=\"wp-block-heading\">Fen\u00eatre &#8220;ADDITIONAL STATS&#8221;<\/h3>\n\n\n\n<p>Cette fen\u00eatre vous permet de cr\u00e9er vos propres formules pour le filtrage en utilisant les stats de Hand2Note.<\/p>\n\n\n\n<figure class=\"wp-block-image size-large\"><img loading=\"lazy\" decoding=\"async\" width=\"1024\" height=\"576\" src=\"http:\/\/hand2noteguide.com\/wp-content\/uploads\/2025\/04\/\u0411\u0435\u0437-\u0438\u0432\u0430\u043f\u0432\u0430\u043f\u043c\u0435\u043d\u0438-3-1024x576.jpg\" alt=\"\" class=\"wp-image-10666\" srcset=\"https:\/\/hand2noteguide.com\/wp-content\/uploads\/2025\/04\/\u0411\u0435\u0437-\u0438\u0432\u0430\u043f\u0432\u0430\u043f\u043c\u0435\u043d\u0438-3-1024x576.jpg 1024w, https:\/\/hand2noteguide.com\/wp-content\/uploads\/2025\/04\/\u0411\u0435\u0437-\u0438\u0432\u0430\u043f\u0432\u0430\u043f\u043c\u0435\u043d\u0438-3-300x169.jpg 300w, https:\/\/hand2noteguide.com\/wp-content\/uploads\/2025\/04\/\u0411\u0435\u0437-\u0438\u0432\u0430\u043f\u0432\u0430\u043f\u043c\u0435\u043d\u0438-3-768x432.jpg 768w, https:\/\/hand2noteguide.com\/wp-content\/uploads\/2025\/04\/\u0411\u0435\u0437-\u0438\u0432\u0430\u043f\u0432\u0430\u043f\u043c\u0435\u043d\u0438-3-1536x864.jpg 1536w, https:\/\/hand2noteguide.com\/wp-content\/uploads\/2025\/04\/\u0411\u0435\u0437-\u0438\u0432\u0430\u043f\u0432\u0430\u043f\u043c\u0435\u043d\u0438-3-772x434.jpg 772w, https:\/\/hand2noteguide.com\/wp-content\/uploads\/2025\/04\/\u0411\u0435\u0437-\u0438\u0432\u0430\u043f\u0432\u0430\u043f\u043c\u0435\u043d\u0438-3-624x351.jpg 624w, https:\/\/hand2noteguide.com\/wp-content\/uploads\/2025\/04\/\u0411\u0435\u0437-\u0438\u0432\u0430\u043f\u0432\u0430\u043f\u043c\u0435\u043d\u0438-3.jpg 1920w\" sizes=\"auto, (max-width: 1024px) 100vw, 1024px\" \/><\/figure>\n\n\n\n<p>En cliquant sur \u201c+Add Stat\u2026\u201d (1), la fen\u00eatre de s\u00e9lection de stat (3) s&#8217;ouvrira. Ici, vous pouvez s\u00e9lectionner la stat requise comme param\u00e8tre de filtrage et d\u00e9finir une condition pour celle-ci. En cliquant sur \u201c+Add Stat Formula\u2026\u201d (2), une fen\u00eatre pour cr\u00e9er une formule logique compos\u00e9e de plusieurs stats (4) s&#8217;ouvrira. Ici, vous pouvez cr\u00e9er une formule bas\u00e9e sur plusieurs stats et fonctions math\u00e9matiques ou logiques et d\u00e9finir des conditions pour elles.<\/p>\n\n\n\n<p>Vous pouvez \u00e9galement s\u00e9lectionner \u201cTextual Mode\u201d(5) et entrer la formule vous-m\u00eame, sous forme de texte.<\/p>\n\n\n\n<h3 class=\"wp-block-heading\">Ce que vous pouvez faire apr\u00e8s avoir d\u00e9fini les filtres dans la fen\u00eatre de liste des joueurs<\/h3>\n\n\n\n<p>Apr\u00e8s avoir d\u00e9fini les filtres, seuls les joueurs qui correspondent aux param\u00e8tres d\u00e9finis dans la condition de filtrage seront list\u00e9s dans la fen\u00eatre de liste des joueurs.<\/p>\n\n\n\n<figure class=\"wp-block-image size-large\"><img loading=\"lazy\" decoding=\"async\" width=\"1024\" height=\"568\" src=\"http:\/\/hand2noteguide.com\/wp-content\/uploads\/2025\/04\/\u0411\u0435\u0437-\u0438\u043c\u0432\u0430\u043f\u0432\u0430\u043f\u0430\u0435\u043d\u0438-2-1024x568.jpg\" alt=\"\" class=\"wp-image-10674\" srcset=\"https:\/\/hand2noteguide.com\/wp-content\/uploads\/2025\/04\/\u0411\u0435\u0437-\u0438\u043c\u0432\u0430\u043f\u0432\u0430\u043f\u0430\u0435\u043d\u0438-2-1024x568.jpg 1024w, https:\/\/hand2noteguide.com\/wp-content\/uploads\/2025\/04\/\u0411\u0435\u0437-\u0438\u043c\u0432\u0430\u043f\u0432\u0430\u043f\u0430\u0435\u043d\u0438-2-300x166.jpg 300w, https:\/\/hand2noteguide.com\/wp-content\/uploads\/2025\/04\/\u0411\u0435\u0437-\u0438\u043c\u0432\u0430\u043f\u0432\u0430\u043f\u0430\u0435\u043d\u0438-2-768x426.jpg 768w, https:\/\/hand2noteguide.com\/wp-content\/uploads\/2025\/04\/\u0411\u0435\u0437-\u0438\u043c\u0432\u0430\u043f\u0432\u0430\u043f\u0430\u0435\u043d\u0438-2-1536x852.jpg 1536w, https:\/\/hand2noteguide.com\/wp-content\/uploads\/2025\/04\/\u0411\u0435\u0437-\u0438\u043c\u0432\u0430\u043f\u0432\u0430\u043f\u0430\u0435\u043d\u0438-2-772x428.jpg 772w, https:\/\/hand2noteguide.com\/wp-content\/uploads\/2025\/04\/\u0411\u0435\u0437-\u0438\u043c\u0432\u0430\u043f\u0432\u0430\u043f\u0430\u0435\u043d\u0438-2-624x346.jpg 624w, https:\/\/hand2noteguide.com\/wp-content\/uploads\/2025\/04\/\u0411\u0435\u0437-\u0438\u043c\u0432\u0430\u043f\u0432\u0430\u043f\u0430\u0435\u043d\u0438-2.jpg 1683w\" sizes=\"auto, (max-width: 1024px) 100vw, 1024px\" \/><\/figure>\n\n\n\n<p>En cliquant sur l&#8217;un des joueurs de la liste avec le RMB (1), un menu d\u00e9roulant s&#8217;ouvrira, o\u00f9 vous pouvez :<\/p>\n\n\n\n<ul class=\"wp-block-list\">\n<li>en cliquant sur \u201cCopy Nickname&#8221; (2) &#8211; copier le nom du joueur s\u00e9lectionn\u00e9 dans le presse-papiers ;<\/li>\n\n\n\n<li>en cliquant sur \u201cIgnore Player\u201d (3) &#8211; ignorer le joueur s\u00e9lectionn\u00e9 lors de la combinaison des statistiques ;<\/li>\n\n\n\n<li>en cliquant sur \u201cCreate Alias\u201d (4) &#8211; cr\u00e9er un alias qui inclut tous les joueurs de la liste ;<\/li>\n\n\n\n<li>en cliquant sur \u201cColor Marker\u201d (5) &#8211; placer un marqueur de couleur sur le joueur s\u00e9lectionn\u00e9.<\/li>\n<\/ul>\n\n\n\n<h3 class=\"wp-block-heading\">Visualisation des r\u00e9sultats du calcul \u201cMultiple Players\u201d<\/h3>\n\n\n\n<p>Apr\u00e8s avoir configur\u00e9 tous les param\u00e8tres, filtres et appuy\u00e9 sur \u201cAPPLY\u201d, nous verrons le r\u00e9sultat selon le format s\u00e9lectionn\u00e9 :<\/p>\n\n\n\n<ul class=\"wp-block-list\">\n<li>sous forme de rapports (via l&#8217;onglet \u201cReports\u201d) ;<\/li>\n\n\n\n<li>sous forme de statistiques (via l&#8217;onglet \u201cStatistics\u201d).<\/li>\n<\/ul>\n\n\n\n<p>Dans les rapports, la r\u00e9ussite du calcul sera indiqu\u00e9e par l&#8217;affichage du mot \u201cAlias\u201d et le nombre de joueurs inclus dans le calcul dans la colonne du pseudo du joueur (1). Dans la zone ci-dessous, vous pouvez lire le r\u00e9sultat du calcul et \u00e9tudier ou analyser leur jeu (2).<\/p>\n\n\n\n<figure class=\"wp-block-image size-large\"><img loading=\"lazy\" decoding=\"async\" width=\"1024\" height=\"576\" src=\"http:\/\/hand2noteguide.com\/wp-content\/uploads\/2025\/04\/\u0411\u0435\u0437dfgdfgdgf-\u0438\u043c\u0435\u043d\u0438-1-1024x576.jpg\" alt=\"\" class=\"wp-image-10688\" srcset=\"https:\/\/hand2noteguide.com\/wp-content\/uploads\/2025\/04\/\u0411\u0435\u0437dfgdfgdgf-\u0438\u043c\u0435\u043d\u0438-1-1024x576.jpg 1024w, https:\/\/hand2noteguide.com\/wp-content\/uploads\/2025\/04\/\u0411\u0435\u0437dfgdfgdgf-\u0438\u043c\u0435\u043d\u0438-1-300x169.jpg 300w, https:\/\/hand2noteguide.com\/wp-content\/uploads\/2025\/04\/\u0411\u0435\u0437dfgdfgdgf-\u0438\u043c\u0435\u043d\u0438-1-768x432.jpg 768w, https:\/\/hand2noteguide.com\/wp-content\/uploads\/2025\/04\/\u0411\u0435\u0437dfgdfgdgf-\u0438\u043c\u0435\u043d\u0438-1-1536x864.jpg 1536w, https:\/\/hand2noteguide.com\/wp-content\/uploads\/2025\/04\/\u0411\u0435\u0437dfgdfgdgf-\u0438\u043c\u0435\u043d\u0438-1-772x434.jpg 772w, https:\/\/hand2noteguide.com\/wp-content\/uploads\/2025\/04\/\u0411\u0435\u0437dfgdfgdgf-\u0438\u043c\u0435\u043d\u0438-1-624x351.jpg 624w, https:\/\/hand2noteguide.com\/wp-content\/uploads\/2025\/04\/\u0411\u0435\u0437dfgdfgdgf-\u0438\u043c\u0435\u043d\u0438-1.jpg 1920w\" sizes=\"auto, (max-width: 1024px) 100vw, 1024px\" \/><\/figure>\n\n\n\n<p>Dans les statistiques, la r\u00e9ussite du calcul sera indiqu\u00e9e par l&#8217;affichage du mot \u201cAlias\u201d et le nombre de joueurs inclus dans le calcul dans la colonne du pseudo du joueur (1). \u00c0 droite du pseudo, vous pouvez v\u00e9rifier ou modifier des param\u00e8tres tels que : \u201cGame Types\u201d, et popup (2). Dans la zone ci-dessous, vous pouvez lire le r\u00e9sultat du calcul et \u00e9tudier ou analyser leur jeu (3).<\/p>\n\n\n\n<figure class=\"wp-block-image size-large\"><img loading=\"lazy\" decoding=\"async\" width=\"1024\" height=\"576\" src=\"http:\/\/hand2noteguide.com\/wp-content\/uploads\/2025\/04\/\u0411\u0435\u0437-\u0438\u044b\u0432\u0430\u044b\u0432\u0430\u0432\u043c\u0435\u043d\u0438-2-1024x576.jpg\" alt=\"\" class=\"wp-image-10691\" srcset=\"https:\/\/hand2noteguide.com\/wp-content\/uploads\/2025\/04\/\u0411\u0435\u0437-\u0438\u044b\u0432\u0430\u044b\u0432\u0430\u0432\u043c\u0435\u043d\u0438-2-1024x576.jpg 1024w, https:\/\/hand2noteguide.com\/wp-content\/uploads\/2025\/04\/\u0411\u0435\u0437-\u0438\u044b\u0432\u0430\u044b\u0432\u0430\u0432\u043c\u0435\u043d\u0438-2-300x169.jpg 300w, https:\/\/hand2noteguide.com\/wp-content\/uploads\/2025\/04\/\u0411\u0435\u0437-\u0438\u044b\u0432\u0430\u044b\u0432\u0430\u0432\u043c\u0435\u043d\u0438-2-768x432.jpg 768w, https:\/\/hand2noteguide.com\/wp-content\/uploads\/2025\/04\/\u0411\u0435\u0437-\u0438\u044b\u0432\u0430\u044b\u0432\u0430\u0432\u043c\u0435\u043d\u0438-2-1536x864.jpg 1536w, https:\/\/hand2noteguide.com\/wp-content\/uploads\/2025\/04\/\u0411\u0435\u0437-\u0438\u044b\u0432\u0430\u044b\u0432\u0430\u0432\u043c\u0435\u043d\u0438-2-772x434.jpg 772w, https:\/\/hand2noteguide.com\/wp-content\/uploads\/2025\/04\/\u0411\u0435\u0437-\u0438\u044b\u0432\u0430\u044b\u0432\u0430\u0432\u043c\u0435\u043d\u0438-2-624x351.jpg 624w, https:\/\/hand2noteguide.com\/wp-content\/uploads\/2025\/04\/\u0411\u0435\u0437-\u0438\u044b\u0432\u0430\u044b\u0432\u0430\u0432\u043c\u0435\u043d\u0438-2.jpg 1920w\" sizes=\"auto, (max-width: 1024px) 100vw, 1024px\" \/><\/figure>\n\n\n\n<p>Voir aussi : <a href=\"https:\/\/hand2note.com\/Help\/Features\/multi-player-reports\" target=\"_blank\" rel=\"noreferrer noopener\">Manuel officiel de Hand2Note : Rapports Multi-Joueurs<\/a>.<\/p>\n","protected":false},"excerpt":{"rendered":"<p>Hand2Note vous permet de rechercher des joueurs dans la base de donn\u00e9es par des filtres sp\u00e9cifiques, ainsi que de combiner leurs statistiques en un tout. Cette fonction sera utile lors de l&#8217;analyse du jeu de vos adversaires. En effet, souvent pour de nombreuses statistiques, l&#8217;\u00e9chantillon n&#8217;est pas suffisant, mais en combinant les joueurs par caract\u00e9ristiques &hellip; <a href=\"https:\/\/hand2noteguide.com\/fr\/user-manual\/the-multiple-players-tool-in-hand2note-range-research\/\" class=\"more-link\">Continue reading <span class=\"screen-reader-text\">L&#8217;outil &#8220;Multiple Players&#8221; dans Hand2Note (Recherche de Ranges)<\/span><\/a><\/p>\n","protected":false},"author":3,"featured_media":10615,"parent":9199,"menu_order":0,"comment_status":"closed","ping_status":"closed","template":"","meta":{"footnotes":""},"class_list":["post-10534","page","type-page","status-publish","has-post-thumbnail","hentry"],"translation":{"provider":"WPGlobus","version":"3.0.2","language":"fr","enabled_languages":["en","ru","pt","zh","es","fr","de","it","ja"],"languages":{"en":{"title":true,"content":true,"excerpt":false},"ru":{"title":true,"content":true,"excerpt":false},"pt":{"title":true,"content":true,"excerpt":false},"zh":{"title":true,"content":true,"excerpt":false},"es":{"title":true,"content":true,"excerpt":false},"fr":{"title":true,"content":true,"excerpt":false},"de":{"title":true,"content":true,"excerpt":false},"it":{"title":true,"content":true,"excerpt":false},"ja":{"title":true,"content":true,"excerpt":false}}},"yoast_head":"<!-- This site is optimized with the Yoast SEO plugin v27.0 - https:\/\/yoast.com\/product\/yoast-seo-wordpress\/ -->\n<title>L&#039;outil \u201cMultiple Players\u201d dans Hand2Note (Recherche de Ranges)<\/title>\n<meta name=\"description\" content=\"Hand2Note vous permet de fusionner les statistiques des joueurs par traits pour une analyse plus approfondie, am\u00e9liorant ainsi la taille des \u00e9chantillons pour les situations de poker rares.\" \/>\n<meta name=\"robots\" content=\"index, follow, max-snippet:-1, max-image-preview:large, max-video-preview:-1\" \/>\n<link rel=\"canonical\" href=\"https:\/\/hand2noteguide.com\/user-manual\/the-multiple-players-tool-in-hand2note-range-research\/\" \/>\n<meta property=\"og:locale\" content=\"fr_FR\" \/>\n<meta property=\"og:type\" content=\"article\" \/>\n<meta property=\"og:title\" content=\"L&#039;outil \u201cMultiple Players\u201d dans Hand2Note (Recherche de Ranges)\" \/>\n<meta property=\"og:description\" content=\"Hand2Note vous permet de fusionner les statistiques des joueurs par traits pour une analyse plus approfondie, am\u00e9liorant ainsi la taille des \u00e9chantillons pour les situations de poker rares.\" \/>\n<meta property=\"og:url\" content=\"https:\/\/hand2noteguide.com\/user-manual\/the-multiple-players-tool-in-hand2note-range-research\/\" \/>\n<meta property=\"og:site_name\" content=\"Hand2Note Guide\" \/>\n<meta property=\"article:modified_time\" content=\"2026-03-10T08:23:14+00:00\" \/>\n<meta property=\"og:image\" content=\"https:\/\/hand2noteguide.com\/wp-content\/uploads\/2025\/04\/wp34232335893-scaled.jpg\" \/>\n\t<meta property=\"og:image:width\" content=\"2560\" \/>\n\t<meta property=\"og:image:height\" content=\"1529\" \/>\n\t<meta property=\"og:image:type\" content=\"image\/jpeg\" \/>\n<meta name=\"twitter:card\" content=\"summary_large_image\" \/>\n<meta name=\"twitter:label1\" content=\"Est. reading time\" \/>\n\t<meta name=\"twitter:data1\" content=\"5 minutes\" \/>\n<!-- \/ Yoast SEO plugin. -->","yoast_head_json":{"title":"L'outil \u201cMultiple Players\u201d dans Hand2Note (Recherche de Ranges)","description":"Hand2Note vous permet de fusionner les statistiques des joueurs par traits pour une analyse plus approfondie, am\u00e9liorant ainsi la taille des \u00e9chantillons pour les situations de poker rares.","robots":{"index":"index","follow":"follow","max-snippet":"max-snippet:-1","max-image-preview":"max-image-preview:large","max-video-preview":"max-video-preview:-1"},"canonical":"https:\/\/hand2noteguide.com\/user-manual\/the-multiple-players-tool-in-hand2note-range-research\/","og_locale":"fr_FR","og_type":"article","og_title":"L'outil \u201cMultiple Players\u201d dans Hand2Note (Recherche de Ranges)","og_description":"Hand2Note vous permet de fusionner les statistiques des joueurs par traits pour une analyse plus approfondie, am\u00e9liorant ainsi la taille des \u00e9chantillons pour les situations de poker rares.","og_url":"https:\/\/hand2noteguide.com\/user-manual\/the-multiple-players-tool-in-hand2note-range-research\/","og_site_name":"Hand2Note Guide","article_modified_time":"2026-03-10T08:23:14+00:00","og_image":[{"width":2560,"height":1529,"url":"https:\/\/hand2noteguide.com\/wp-content\/uploads\/2025\/04\/wp34232335893-scaled.jpg","type":"image\/jpeg"}],"twitter_card":"summary_large_image","twitter_misc":{"Est. reading time":"5 minutes"},"schema":{"@context":"https:\/\/schema.org","@graph":[]}},"jetpack_sharing_enabled":true,"_links":{"self":[{"href":"https:\/\/hand2noteguide.com\/fr\/wp-json\/wp\/v2\/pages\/10534","targetHints":{"allow":["GET"]}}],"collection":[{"href":"https:\/\/hand2noteguide.com\/fr\/wp-json\/wp\/v2\/pages"}],"about":[{"href":"https:\/\/hand2noteguide.com\/fr\/wp-json\/wp\/v2\/types\/page"}],"author":[{"embeddable":true,"href":"https:\/\/hand2noteguide.com\/fr\/wp-json\/wp\/v2\/users\/3"}],"replies":[{"embeddable":true,"href":"https:\/\/hand2noteguide.com\/fr\/wp-json\/wp\/v2\/comments?post=10534"}],"version-history":[{"count":71,"href":"https:\/\/hand2noteguide.com\/fr\/wp-json\/wp\/v2\/pages\/10534\/revisions"}],"predecessor-version":[{"id":15623,"href":"https:\/\/hand2noteguide.com\/fr\/wp-json\/wp\/v2\/pages\/10534\/revisions\/15623"}],"up":[{"embeddable":true,"href":"https:\/\/hand2noteguide.com\/fr\/wp-json\/wp\/v2\/pages\/9199"}],"wp:featuredmedia":[{"embeddable":true,"href":"https:\/\/hand2noteguide.com\/fr\/wp-json\/wp\/v2\/media\/10615"}],"wp:attachment":[{"href":"https:\/\/hand2noteguide.com\/fr\/wp-json\/wp\/v2\/media?parent=10534"}],"curies":[{"name":"wp","href":"https:\/\/api.w.org\/{rel}","templated":true}]}}