{"id":10548,"date":"2025-04-24T12:01:44","date_gmt":"2025-04-24T09:01:44","guid":{"rendered":"https:\/\/hand2noteguide.com\/?page_id=10548"},"modified":"2026-02-21T06:56:03","modified_gmt":"2026-02-21T03:56:03","slug":"coinpoker-hud","status":"publish","type":"page","link":"https:\/\/hand2noteguide.com\/fr\/coinpoker-hud\/","title":{"rendered":"HUD CoinPoker par Hand2Note : Votre Avantage Concurrentiel"},"content":{"rendered":"\n<p>Si vous envisagez de jouer sur <a href=\"https:\/\/coinpoker.com\/\" target=\"_blank\" rel=\"noreferrer noopener\">CoinPoker<\/a>, ou si vous \u00eates d\u00e9j\u00e0 un joueur r\u00e9gulier dans cette salle, vous pensez probablement \u00e0 la possibilit\u00e9 d&#8217;utiliser un HUD aux tables. CoinPoker est l&#8217;un des sites les plus r\u00e9ussis et \u00e0 la croissance la plus rapide ces derniers temps. La bonne nouvelle est que CoinPoker autorise officiellement l&#8217;utilisation de HUD.<\/p>\n\n\n\n<h2 class=\"wp-block-heading\">Le HUD est-il autoris\u00e9 sur CoinPoker ?<\/h2>\n\n\n\n<p>Oui. Dans le pass\u00e9, la salle avait d\u00e9cid\u00e9 d&#8217;interdire l&#8217;utilisation de logiciels tiers, mais ensuite les restrictions ont \u00e9t\u00e9 lev\u00e9es, ce qui a \u00e9t\u00e9 annonc\u00e9 dans leur <a href=\"https:\/\/discord.com\/channels\/1240617962696605798\/1240617964986957877\/1325820153631346709\" target=\"_blank\" rel=\"noreferrer noopener\">canal officiel Discord<\/a>.<\/p>\n\n\n\n<figure class=\"wp-block-image size-large\"><img loading=\"lazy\" decoding=\"async\" width=\"1024\" height=\"237\" src=\"https:\/\/hand2noteguide.com\/wp-content\/uploads\/2025\/04\/Screenshot-2025-04-24-at-5.05.07\u202fAM-1024x237.png\" alt=\"CoinPoker HUD by Hand2Note: Your Competitive Edge\" class=\"wp-image-10553\" srcset=\"https:\/\/hand2noteguide.com\/wp-content\/uploads\/2025\/04\/Screenshot-2025-04-24-at-5.05.07\u202fAM-1024x237.png 1024w, https:\/\/hand2noteguide.com\/wp-content\/uploads\/2025\/04\/Screenshot-2025-04-24-at-5.05.07\u202fAM-300x70.png 300w, https:\/\/hand2noteguide.com\/wp-content\/uploads\/2025\/04\/Screenshot-2025-04-24-at-5.05.07\u202fAM-768x178.png 768w, https:\/\/hand2noteguide.com\/wp-content\/uploads\/2025\/04\/Screenshot-2025-04-24-at-5.05.07\u202fAM-772x179.png 772w, https:\/\/hand2noteguide.com\/wp-content\/uploads\/2025\/04\/Screenshot-2025-04-24-at-5.05.07\u202fAM-624x145.png 624w, https:\/\/hand2noteguide.com\/wp-content\/uploads\/2025\/04\/Screenshot-2025-04-24-at-5.05.07\u202fAM.png 1078w\" sizes=\"auto, (max-width: 1024px) 100vw, 1024px\" \/><\/figure>\n\n\n\n<p>Par cons\u00e9quent, nous vous recommandons maintenant d&#8217;utiliser un HUD pour suivre les autres r\u00e9guliers et avoir un avantage technique suppl\u00e9mentaire sur les adversaires plus faibles.<\/p>\n\n\n<div class=\"wp-block-h2n-alert h2n-alert h2n-alert--warning\"><div class=\"h2n-alert__icon\" aria-hidden=\"true\"><svg width=\"22\" height=\"22\" viewBox=\"0 0 24 24\" fill=\"none\" stroke=\"currentColor\" stroke-width=\"2\" stroke-linecap=\"round\" stroke-linejoin=\"round\"><path d=\"M10.29 3.86L1.82 18a2 2 0 001.71 3h16.94a2 2 0 001.71-3L13.71 3.86a2 2 0 00-3.42 0z\"\/><line x1=\"12\" y1=\"9\" x2=\"12\" y2=\"13\"\/><circle cx=\"12\" cy=\"17\" r=\"1\" fill=\"currentColor\" stroke=\"none\"\/><\/svg><\/div><div class=\"h2n-alert__content\">Veuillez noter que <a href=\"https:\/\/hand2noteguide.com\/fr\/user-manual\/hud-editor-creating-a-dynamic-hud\/\" id=\"13718\">le HUD Dynamique<\/a> n&#8217;est pas pris en charge sur CoinPoker en raison des restrictions de la politique de la salle. <a href=\"https:\/\/hand2noteguide.com\/fr\/user-manual\/hud-editor-creating-a-static-hud\/\" id=\"13575\">Le HUD Statique<\/a> et <a href=\"https:\/\/hand2noteguide.com\/fr\/user-manual\/hud-editor-creating-a-positional-hud\/\" id=\"13653\">Le HUD Positionnel<\/a> continueront de fonctionner normalement.<\/div><\/div>\n\n\n<h2 class=\"wp-block-heading\">Quel est le meilleur logiciel HUD \u00e0 utiliser pour CoinPoker ?<\/h2>\n\n\n\n<p>La meilleure option de logiciel HUD pour CoinPoker est <a href=\"https:\/\/hand2note.com\/fr\/\" target=\"_blank\" rel=\"noreferrer noopener\">Hand2Note<\/a>. C&#8217;est le tracker de poker le plus populaire et avanc\u00e9, approuv\u00e9 par des milliers de joueurs. Consultez notre article <a href=\"https:\/\/hand2noteguide.com\/fr\/hand2note-4-getting-started\/\">Commencer avec Hand2Note<\/a> pour commencer \u00e0 utiliser Hand2Note avec CoinPoker d\u00e8s maintenant.<\/p>\n\n\n<div class=\"wp-block-h2n-cta-button\" style=\"text-align: left;\"><a href=\"https:\/\/hand2noteguide.com\/fr\/go\/hand2note\/\" class=\"btn btn-primary\" target=\"_blank\" rel=\"noopener noreferrer nofollow sponsored\">T\u00e9l\u00e9charger le HUD Hand2Note pour CoinPoker<\/a><\/div>\n\n\n<figure class=\"wp-block-image size-large\"><img loading=\"lazy\" decoding=\"async\" width=\"1024\" height=\"637\" src=\"http:\/\/hand2noteguide.com\/wp-content\/uploads\/2025\/04\/h2n-1-min-1024x637.webp\" alt=\"CoinPoker HUD by Hand2Note: Your Competitive Edge\" class=\"wp-image-10163\" srcset=\"https:\/\/hand2noteguide.com\/wp-content\/uploads\/2025\/04\/h2n-1-min-1024x637.webp 1024w, https:\/\/hand2noteguide.com\/wp-content\/uploads\/2025\/04\/h2n-1-min-300x187.webp 300w, https:\/\/hand2noteguide.com\/wp-content\/uploads\/2025\/04\/h2n-1-min-768x478.webp 768w, https:\/\/hand2noteguide.com\/wp-content\/uploads\/2025\/04\/h2n-1-min-1536x955.webp 1536w, https:\/\/hand2noteguide.com\/wp-content\/uploads\/2025\/04\/h2n-1-min-772x480.webp 772w, https:\/\/hand2noteguide.com\/wp-content\/uploads\/2025\/04\/h2n-1-min-624x388.webp 624w, https:\/\/hand2noteguide.com\/wp-content\/uploads\/2025\/04\/h2n-1-min.webp 1590w\" sizes=\"auto, (max-width: 1024px) 100vw, 1024px\" \/><\/figure>\n\n\n\n<p>Hand2Note PRO est la version ultime du tracker de poker le plus avanc\u00e9. Avec lui, vous pouvez am\u00e9liorer votre jeu et la qualit\u00e9 de votre analyse en dehors des tables.<\/p>\n\n\n\n<h2 class=\"wp-block-heading\">Sur quelles statistiques se concentrer sur CoinPoker<\/h2>\n\n\n\n<p>CoinPoker attire un m\u00e9lange de joueurs r\u00e9cr\u00e9atifs et de r\u00e9guliers, votre HUD doit donc vous aider \u00e0 identifier rapidement les types de joueurs. Voici les statistiques cl\u00e9s \u00e0 afficher :<\/p>\n\n\n\n<ul class=\"wp-block-list\"><li><strong>VPIP \/ PFR<\/strong> \u2014 la base de tout HUD. Sur CoinPoker, vous trouverez de nombreux joueurs avec un VPIP sup\u00e9rieur \u00e0 40%, ce qui signale des adversaires faibles que vous pouvez exploiter.<\/li><li><strong>3-Bet %<\/strong> \u2014 vous aide \u00e0 comprendre qui se bat au preflop et qui est passif.<\/li><li><strong>Fold to C-Bet<\/strong> \u2014 essentiel pour d\u00e9cider de faire une mise de continuation ou d&#8217;abandonner.<\/li><li><strong>WTSD (Went to Showdown)<\/strong> \u2014 un WTSD \u00e9lev\u00e9 signifie une calling station ; un WTSD bas signifie que vous pouvez bluffer plus efficacement.<\/li><\/ul>\n\n\n\n<p>Si vous \u00eates nouveau dans les statistiques HUD, consultez notre <a href=\"https:\/\/hand2noteguide.com\/fr\/poker\/poker-hud-stats\/\">guide complet des statistiques HUD de poker<\/a> pour une analyse d\u00e9taill\u00e9e.<\/p>\n\n\n\n<h2 class=\"wp-block-heading\">Comment d\u00e9marrer le HUD ?<\/h2>\n\n\n\n<p>Il suffit de lancer Hand2Note et la table CoinPoker en m\u00eame temps. Le HUD devrait s&#8217;afficher imm\u00e9diatement sur les adversaires. Si cela ne se produit pas, assurez-vous d&#8217;avoir install\u00e9 toutes les derni\u00e8res mises \u00e0 jour de l&#8217;application. Et assurez-vous d&#8217;installer le module CoinPokerDesktop.<\/p>\n\n\n\n<figure class=\"wp-block-image size-large\"><img loading=\"lazy\" decoding=\"async\" width=\"1024\" height=\"463\" src=\"https:\/\/hand2noteguide.com\/wp-content\/uploads\/2025\/04\/coinpoker-hand2note-settings-min-1024x463.png\" alt=\"CoinPoker HUD by Hand2Note: Your Competitive Edge\" class=\"wp-image-10565\" srcset=\"https:\/\/hand2noteguide.com\/wp-content\/uploads\/2025\/04\/coinpoker-hand2note-settings-min-1024x463.png 1024w, https:\/\/hand2noteguide.com\/wp-content\/uploads\/2025\/04\/coinpoker-hand2note-settings-min-300x136.png 300w, https:\/\/hand2noteguide.com\/wp-content\/uploads\/2025\/04\/coinpoker-hand2note-settings-min-768x347.png 768w, https:\/\/hand2noteguide.com\/wp-content\/uploads\/2025\/04\/coinpoker-hand2note-settings-min-1536x694.png 1536w, https:\/\/hand2noteguide.com\/wp-content\/uploads\/2025\/04\/coinpoker-hand2note-settings-min-772x349.png 772w, https:\/\/hand2noteguide.com\/wp-content\/uploads\/2025\/04\/coinpoker-hand2note-settings-min-624x282.png 624w, https:\/\/hand2noteguide.com\/wp-content\/uploads\/2025\/04\/coinpoker-hand2note-settings-min.png 1939w\" sizes=\"auto, (max-width: 1024px) 100vw, 1024px\" \/><\/figure>\n\n\n\n<h2 class=\"wp-block-heading\">Recommandation sp\u00e9ciale de l&#8217;\u00e9quipe de support <a href=\"https:\/\/hand2noteguide.com\/fr\/hand2note-official-support\/\" id=\"142\">Hand2Note<\/a><\/h2>\n\n\n\n<p>Pour vous assurer que tout fonctionne correctement sur CoinPoker, nous vous recommandons d&#8217;ouvrir les tables une \u00e0 une et d&#8217;attendre 1 \u00e0 2 minutes pour que le HUD apparaisse avant d&#8217;ouvrir la table suivante. Cela permet \u00e0 Hand2Note de d\u00e9tecter correctement chaque table dans les journaux.<\/p>\n\n\n\n<p>Si plusieurs tables sont ouvertes simultan\u00e9ment \u2014 surtout avec des noms similaires (par exemple, NL200 II, NL200 III, etc.) \u2014 elles peuvent recevoir le m\u00eame index interne, ce qui peut causer des probl\u00e8mes d&#8217;identification.<\/p>\n","protected":false},"excerpt":{"rendered":"<p>Si vous envisagez de jouer sur CoinPoker, ou si vous \u00eates d\u00e9j\u00e0 un joueur r\u00e9gulier dans cette salle, vous pensez probablement \u00e0 la possibilit\u00e9 d&#8217;utiliser un HUD aux tables. CoinPoker est l&#8217;un des sites les plus r\u00e9ussis et \u00e0 la croissance la plus rapide ces derniers temps. La bonne nouvelle est que CoinPoker autorise officiellement &hellip; <a href=\"https:\/\/hand2noteguide.com\/fr\/coinpoker-hud\/\" class=\"more-link\">Continue reading <span class=\"screen-reader-text\">HUD CoinPoker par Hand2Note : Votre Avantage Concurrentiel<\/span><\/a><\/p>\n","protected":false},"author":4,"featured_media":10569,"parent":0,"menu_order":0,"comment_status":"closed","ping_status":"closed","template":"","meta":{"footnotes":""},"class_list":["post-10548","page","type-page","status-publish","has-post-thumbnail","hentry"],"translation":{"provider":"WPGlobus","version":"3.0.2","language":"fr","enabled_languages":["en","ru","pt","zh","es","fr","de","it","ja"],"languages":{"en":{"title":true,"content":true,"excerpt":false},"ru":{"title":true,"content":true,"excerpt":false},"pt":{"title":true,"content":true,"excerpt":false},"zh":{"title":true,"content":true,"excerpt":false},"es":{"title":true,"content":true,"excerpt":false},"fr":{"title":true,"content":true,"excerpt":false},"de":{"title":true,"content":true,"excerpt":false},"it":{"title":true,"content":true,"excerpt":false},"ja":{"title":true,"content":true,"excerpt":false}}},"yoast_head":"<!-- This site is optimized with the Yoast SEO plugin v27.0 - https:\/\/yoast.com\/product\/yoast-seo-wordpress\/ -->\n<title>HUD CoinPoker par Hand2Note : Votre Avantage Concurrentiel<\/title>\n<meta name=\"description\" content=\"Commencez \u00e0 utiliser le HUD Hand2Note pour CoinPoker et prenez l&#039;avantage sur vos adversaires. Inscrivez-vous sur CoinPoker en utilisant notre lien et obtenez Hand2Note gratuitement.\" \/>\n<meta name=\"robots\" content=\"index, follow, max-snippet:-1, max-image-preview:large, max-video-preview:-1\" \/>\n<link rel=\"canonical\" href=\"https:\/\/hand2noteguide.com\/coinpoker-hud\/\" \/>\n<meta property=\"og:locale\" content=\"fr_FR\" \/>\n<meta property=\"og:type\" content=\"article\" \/>\n<meta property=\"og:title\" content=\"HUD CoinPoker par Hand2Note : Votre Avantage Concurrentiel\" \/>\n<meta property=\"og:description\" content=\"Commencez \u00e0 utiliser le HUD Hand2Note pour CoinPoker et prenez l&#039;avantage sur vos adversaires. Inscrivez-vous sur CoinPoker en utilisant notre lien et obtenez Hand2Note gratuitement.\" \/>\n<meta property=\"og:url\" content=\"https:\/\/hand2noteguide.com\/coinpoker-hud\/\" \/>\n<meta property=\"og:site_name\" content=\"Hand2Note Guide\" \/>\n<meta property=\"article:modified_time\" content=\"2026-02-21T03:56:03+00:00\" \/>\n<meta property=\"og:image\" content=\"https:\/\/hand2noteguide.com\/wp-content\/uploads\/2025\/04\/coinpoker-hud-4-min.png\" \/>\n\t<meta property=\"og:image:width\" content=\"1684\" \/>\n\t<meta property=\"og:image:height\" content=\"1201\" \/>\n\t<meta property=\"og:image:type\" content=\"image\/png\" \/>\n<meta name=\"twitter:card\" content=\"summary_large_image\" \/>\n<meta name=\"twitter:label1\" content=\"Est. reading time\" \/>\n\t<meta name=\"twitter:data1\" content=\"3 minutes\" \/>\n<!-- \/ Yoast SEO plugin. -->","yoast_head_json":{"title":"HUD CoinPoker par Hand2Note : Votre Avantage Concurrentiel","description":"Commencez \u00e0 utiliser le HUD Hand2Note pour CoinPoker et prenez l'avantage sur vos adversaires. Inscrivez-vous sur CoinPoker en utilisant notre lien et obtenez Hand2Note gratuitement.","robots":{"index":"index","follow":"follow","max-snippet":"max-snippet:-1","max-image-preview":"max-image-preview:large","max-video-preview":"max-video-preview:-1"},"canonical":"https:\/\/hand2noteguide.com\/coinpoker-hud\/","og_locale":"fr_FR","og_type":"article","og_title":"HUD CoinPoker par Hand2Note : Votre Avantage Concurrentiel","og_description":"Commencez \u00e0 utiliser le HUD Hand2Note pour CoinPoker et prenez l'avantage sur vos adversaires. Inscrivez-vous sur CoinPoker en utilisant notre lien et obtenez Hand2Note gratuitement.","og_url":"https:\/\/hand2noteguide.com\/coinpoker-hud\/","og_site_name":"Hand2Note Guide","article_modified_time":"2026-02-21T03:56:03+00:00","og_image":[{"width":1684,"height":1201,"url":"https:\/\/hand2noteguide.com\/wp-content\/uploads\/2025\/04\/coinpoker-hud-4-min.png","type":"image\/png"}],"twitter_card":"summary_large_image","twitter_misc":{"Est. reading time":"3 minutes"},"schema":{"@context":"https:\/\/schema.org","@graph":[]}},"jetpack_sharing_enabled":true,"_links":{"self":[{"href":"https:\/\/hand2noteguide.com\/fr\/wp-json\/wp\/v2\/pages\/10548","targetHints":{"allow":["GET"]}}],"collection":[{"href":"https:\/\/hand2noteguide.com\/fr\/wp-json\/wp\/v2\/pages"}],"about":[{"href":"https:\/\/hand2noteguide.com\/fr\/wp-json\/wp\/v2\/types\/page"}],"author":[{"embeddable":true,"href":"https:\/\/hand2noteguide.com\/fr\/wp-json\/wp\/v2\/users\/4"}],"replies":[{"embeddable":true,"href":"https:\/\/hand2noteguide.com\/fr\/wp-json\/wp\/v2\/comments?post=10548"}],"version-history":[{"count":46,"href":"https:\/\/hand2noteguide.com\/fr\/wp-json\/wp\/v2\/pages\/10548\/revisions"}],"predecessor-version":[{"id":15140,"href":"https:\/\/hand2noteguide.com\/fr\/wp-json\/wp\/v2\/pages\/10548\/revisions\/15140"}],"wp:featuredmedia":[{"embeddable":true,"href":"https:\/\/hand2noteguide.com\/fr\/wp-json\/wp\/v2\/media\/10569"}],"wp:attachment":[{"href":"https:\/\/hand2noteguide.com\/fr\/wp-json\/wp\/v2\/media?parent=10548"}],"curies":[{"name":"wp","href":"https:\/\/api.w.org\/{rel}","templated":true}]}}