{"id":10693,"date":"2025-04-26T19:43:00","date_gmt":"2025-04-26T16:43:00","guid":{"rendered":"https:\/\/hand2noteguide.com\/?page_id=10693"},"modified":"2026-03-10T11:24:05","modified_gmt":"2026-03-10T08:24:05","slug":"stat-sample-in-hand2note","status":"publish","type":"page","link":"https:\/\/hand2noteguide.com\/fr\/user-manual\/stat-sample-in-hand2note\/","title":{"rendered":"\u00c9chantillon de statistiques dans Hand2Note"},"content":{"rendered":"\n<p>Chaque statistique dans Hand2Note doit \u00eatre \u00e9valu\u00e9e non seulement par sa valeur mais aussi par son \u00e9chantillon.<\/p>\n\n\n\n<p>L&#8217;\u00e9chantillon est le nombre de situations dans lesquelles un joueur pourrait effectuer une action repr\u00e9sent\u00e9e par la statistique elle-m\u00eame. La taille de l&#8217;\u00e9chantillon affecte la cr\u00e9dibilit\u00e9 de la statistique.<\/p>\n\n\n\n<p>Par exemple, deux joueurs diff\u00e9rents ont les m\u00eames valeurs de 3-bet. En m\u00eame temps, l&#8217;un d&#8217;eux a eu l&#8217;opportunit\u00e9 de 3-bet plus de cent fois, et l&#8217;autre seulement quinze. En cons\u00e9quence, les statistiques du joueur qui a pu 3-bet plus de cent fois sont plus fiables.<\/p>\n\n\n\n<p>Dans cet article, nous discuterons de la mani\u00e8re d&#8217;\u00e9valuer la fiabilit\u00e9 des statistiques en fonction de la taille de l&#8217;\u00e9chantillon. Nous vous expliquerons \u00e9galement comment Hand2Note peut vous aider dans ce domaine.<\/p>\n\n\n\n<h2 class=\"wp-block-heading\">Comment les indicateurs statistiques sont form\u00e9s, ainsi que leur importance dans l&#8217;analyse<\/h2>\n\n\n\n<p>La valeur de chaque statistique simple dans Hand2Note est form\u00e9e par la formule :<\/p>\n\n\n\n<pre class=\"wp-block-code\"><code>Valeur = Cas \/ Opportunit\u00e9s * 100<\/code><\/pre>\n\n\n\n<p>O\u00f9 :<\/p>\n\n\n\n<ul class=\"wp-block-list\">\n<li>Valeur est la fr\u00e9quence en pourcentage avec laquelle le joueur a effectu\u00e9 l&#8217;action repr\u00e9sent\u00e9e par la statistique ;<\/li>\n\n\n\n<li>Cas est le nombre de situations o\u00f9 le joueur a effectu\u00e9 l&#8217;action repr\u00e9sent\u00e9e par la statistique ;<\/li>\n\n\n\n<li>Opportunit\u00e9s est le nombre de situations o\u00f9 un joueur pourrait effectuer l&#8217;action dans la statistique. Opportunit\u00e9s est un \u00e9chantillon de la statistique.<br><\/li>\n<\/ul>\n\n\n\n<h3 class=\"wp-block-heading\">Exemple de formation de la valeur d&#8217;un <a href=\"https:\/\/hand2noteguide.com\/fr\/poker\/poker-hud-stats\/3bet-in-poker\/\">3-bet<\/a><\/h3>\n\n\n\n<p>Supposons que pendant toute la p\u00e9riode de collecte des statistiques sur un joueur, les adversaires ont fait un Open Raise contre lui 163 fois. En cons\u00e9quence, le joueur pourrait faire un 3-bet contre eux 163 fois &#8211; c&#8217;est la s\u00e9lection sur la statistique de 3-bet, ou les opportunit\u00e9s sur la statistique de 3-bet. En m\u00eame temps, le joueur a fait un 3-bet seulement 15 fois &#8211; ce sont les cas sur la statistique de 3-bet.<\/p>\n\n\n\n<p>Pour calculer la valeur de la statistique 3Bet, appliquons la formule :<\/p>\n\n\n\n<pre class=\"wp-block-code\"><code>Valeur = Cas \/ Opportunit\u00e9s * 100<\/code><\/pre>\n\n\n\n<p>C&#8217;est-\u00e0-dire :<\/p>\n\n\n\n<pre class=\"wp-block-code\"><code>15 \/ 163 * 100 = 9%<\/code><\/pre>\n\n\n\n<p>La valeur du 3-bet dans l&#8217;exemple est de 9 %.<\/p>\n\n\n\n<h3 class=\"wp-block-heading\">Importance de la taille de l&#8217;\u00e9chantillon pour l&#8217;analyse<\/h3>\n\n\n\n<p>La taille de l&#8217;\u00e9chantillon est d&#8217;une importance extr\u00eame lors de l&#8217;\u00e9valuation des statistiques sur un joueur. En fait, du point de vue des statistiques en tant que science &#8211; plus l&#8217;\u00e9chantillon est grand, plus la valeur est fiable.<\/p>\n\n\n\n<p>Il existe de nombreuses opinions dans le poker concernant la valeur minimale de la taille de l&#8217;\u00e9chantillon n\u00e9cessaire pour faire confiance aux statistiques. Les plus fr\u00e9quentes sont :<\/p>\n\n\n\n<ul class=\"wp-block-list\">\n<li>De nombreuses \u00e9coles de poker dont les joueurs jouent sur des applications de poker mobile &#8211; conseillent de commencer \u00e0 faire confiance aux statistiques lorsque l&#8217;\u00e9chantillon est de 10 ou plus ;<\/li>\n\n\n\n<li>Les joueurs de poker de la vieille \u00e9cole qui jouent sur des sites comme PokerStars ou 888Poker sont convaincus que &#8211; les statistiques peuvent \u00eatre fiables \u00e0 un niveau d&#8217;\u00e9chantillon de 20 ou plus.<\/li>\n<\/ul>\n\n\n\n<h2 class=\"wp-block-heading\">Comment personnaliser l&#8217;affichage de l&#8217;\u00e9chantillon dans les popups et <a href=\"https:\/\/hand2noteguide.com\/fr\/poker\/poker-hud\/\">HUD<\/a>s dans Hand2Note<\/h2>\n\n\n\n<p>Dans Hand2Note, vous pouvez personnaliser l&#8217;affichage de l&#8217;\u00e9chantillon &#8211; \u00e0 c\u00f4t\u00e9 de la valeur de la statistique elle-m\u00eame.<\/p>\n\n\n\n<figure class=\"wp-block-image size-large\"><img loading=\"lazy\" decoding=\"async\" width=\"1024\" height=\"850\" src=\"http:\/\/hand2noteguide.com\/wp-content\/uploads\/2025\/04\/\u0411\u0435\u0437-\u0438\u043c\u0435\u043d\u0438-11231233-2-1024x850.jpg\" alt=\"\" class=\"wp-image-10795\" srcset=\"https:\/\/hand2noteguide.com\/wp-content\/uploads\/2025\/04\/\u0411\u0435\u0437-\u0438\u043c\u0435\u043d\u0438-11231233-2-1024x850.jpg 1024w, https:\/\/hand2noteguide.com\/wp-content\/uploads\/2025\/04\/\u0411\u0435\u0437-\u0438\u043c\u0435\u043d\u0438-11231233-2-300x249.jpg 300w, https:\/\/hand2noteguide.com\/wp-content\/uploads\/2025\/04\/\u0411\u0435\u0437-\u0438\u043c\u0435\u043d\u0438-11231233-2-768x638.jpg 768w, https:\/\/hand2noteguide.com\/wp-content\/uploads\/2025\/04\/\u0411\u0435\u0437-\u0438\u043c\u0435\u043d\u0438-11231233-2-1536x1276.jpg 1536w, https:\/\/hand2noteguide.com\/wp-content\/uploads\/2025\/04\/\u0411\u0435\u0437-\u0438\u043c\u0435\u043d\u0438-11231233-2-772x641.jpg 772w, https:\/\/hand2noteguide.com\/wp-content\/uploads\/2025\/04\/\u0411\u0435\u0437-\u0438\u043c\u0435\u043d\u0438-11231233-2-624x518.jpg 624w, https:\/\/hand2noteguide.com\/wp-content\/uploads\/2025\/04\/\u0411\u0435\u0437-\u0438\u043c\u0435\u043d\u0438-11231233-2.jpg 1876w\" sizes=\"auto, (max-width: 1024px) 100vw, 1024px\" \/><figcaption class=\"wp-element-caption\">\u00c0 gauche &#8211; sans l&#8217;\u00e9chantillon ; \u00e0 droite &#8211; avec l&#8217;\u00e9chantillon.<\/figcaption><\/figure>\n\n\n\n<p>Pour ouvrir le menu de configuration de l&#8217;\u00e9chantillon, cliquez sur \u201cConfiguration\u201d (1), puis allez dans \u201cApparence des statistiques\u201d (2).<\/p>\n\n\n\n<figure class=\"wp-block-image size-large\"><img loading=\"lazy\" decoding=\"async\" width=\"1024\" height=\"576\" src=\"http:\/\/hand2noteguide.com\/wp-content\/uploads\/2025\/04\/\u0411\u0435\u0437-\u0438\u043c234234\u0435\u043d\u0438-1-1024x576.jpg\" alt=\"\" class=\"wp-image-10776\" srcset=\"https:\/\/hand2noteguide.com\/wp-content\/uploads\/2025\/04\/\u0411\u0435\u0437-\u0438\u043c234234\u0435\u043d\u0438-1-1024x576.jpg 1024w, https:\/\/hand2noteguide.com\/wp-content\/uploads\/2025\/04\/\u0411\u0435\u0437-\u0438\u043c234234\u0435\u043d\u0438-1-300x169.jpg 300w, https:\/\/hand2noteguide.com\/wp-content\/uploads\/2025\/04\/\u0411\u0435\u0437-\u0438\u043c234234\u0435\u043d\u0438-1-768x432.jpg 768w, https:\/\/hand2noteguide.com\/wp-content\/uploads\/2025\/04\/\u0411\u0435\u0437-\u0438\u043c234234\u0435\u043d\u0438-1-1536x864.jpg 1536w, https:\/\/hand2noteguide.com\/wp-content\/uploads\/2025\/04\/\u0411\u0435\u0437-\u0438\u043c234234\u0435\u043d\u0438-1-772x434.jpg 772w, https:\/\/hand2noteguide.com\/wp-content\/uploads\/2025\/04\/\u0411\u0435\u0437-\u0438\u043c234234\u0435\u043d\u0438-1-624x351.jpg 624w, https:\/\/hand2noteguide.com\/wp-content\/uploads\/2025\/04\/\u0411\u0435\u0437-\u0438\u043c234234\u0435\u043d\u0438-1.jpg 1920w\" sizes=\"auto, (max-width: 1024px) 100vw, 1024px\" \/><\/figure>\n\n\n\n<p>Le menu \u201cTaille de l&#8217;\u00e9chantillon\u201d (3) vous permet d&#8217;appliquer la personnalisation suivante :<\/p>\n\n\n\n<ul class=\"wp-block-list\">\n<li>\u201cAfficher l&#8217;\u00e9chantillon de la statistique dans le HUD&#8221; (4) vous permet d&#8217;activer l&#8217;affichage de l&#8217;\u00e9chantillon ;<\/li>\n\n\n\n<li>\u201cTaille de la police de l&#8217;\u00e9chantillon&#8221; (5) vous permet de personnaliser la taille de la police de l&#8217;\u00e9chantillon ;<\/li>\n\n\n\n<li>\u201cCouleur de la police de l&#8217;\u00e9chantillon&#8221; (6) vous permet de s\u00e9lectionner la couleur de la police de l&#8217;\u00e9chantillon ;<\/li>\n\n\n\n<li>\u201cAfficher l&#8217;\u00e9chantillon de la statistique lorsqu&#8217;il est inf\u00e9rieur \u00e0&#8221; (7) vous permet de sp\u00e9cifier \u00e0 quelle valeur minimale d&#8217;Opportunit\u00e9s sur la statistique, l&#8217;\u00e9chantillon sera affich\u00e9 ;<\/li>\n\n\n\n<li>\u201cRendre la statistique transparente si son \u00e9chantillon est inf\u00e9rieur \u00e0&#8221; (8) permet de r\u00e9gler la transparence de la statistique si son \u00e9chantillon est inf\u00e9rieur \u00e0 celui sp\u00e9cifi\u00e9 dans cet \u00e9l\u00e9ment ;<\/li>\n\n\n\n<li>\u201cOpacit\u00e9 de la statistique en cas de petit \u00e9chantillon&#8221; (9) vous permet de sp\u00e9cifier le niveau de transparence, lors de l&#8217;utilisation de \u2018Rendre la statistique transparente si son \u00e9chantillon est inf\u00e9rieur \u00e0\u2019 ;<\/li>\n\n\n\n<li>\u201cAfficher l&#8217;\u00e9chantillon de la statistique entre parenth\u00e8ses\u201d (10) vous permet d&#8217;indiquer l&#8217;\u00e9chantillon entre parenth\u00e8ses.<\/li>\n<\/ul>\n","protected":false},"excerpt":{"rendered":"<p>Chaque statistique dans Hand2Note doit \u00eatre \u00e9valu\u00e9e non seulement par sa valeur mais aussi par son \u00e9chantillon. L&#8217;\u00e9chantillon est le nombre de situations dans lesquelles un joueur pourrait effectuer une action repr\u00e9sent\u00e9e par la statistique elle-m\u00eame. La taille de l&#8217;\u00e9chantillon affecte la cr\u00e9dibilit\u00e9 de la statistique. Par exemple, deux joueurs diff\u00e9rents ont les m\u00eames valeurs &hellip; <a href=\"https:\/\/hand2noteguide.com\/fr\/user-manual\/stat-sample-in-hand2note\/\" class=\"more-link\">Continue reading <span class=\"screen-reader-text\">\u00c9chantillon de statistiques dans Hand2Note<\/span><\/a><\/p>\n","protected":false},"author":3,"featured_media":10700,"parent":9199,"menu_order":0,"comment_status":"closed","ping_status":"closed","template":"","meta":{"footnotes":""},"class_list":["post-10693","page","type-page","status-publish","has-post-thumbnail","hentry"],"translation":{"provider":"WPGlobus","version":"3.0.2","language":"fr","enabled_languages":["en","ru","pt","zh","es","fr","de","it","ja"],"languages":{"en":{"title":true,"content":true,"excerpt":false},"ru":{"title":true,"content":true,"excerpt":false},"pt":{"title":true,"content":true,"excerpt":false},"zh":{"title":true,"content":true,"excerpt":false},"es":{"title":true,"content":true,"excerpt":false},"fr":{"title":true,"content":true,"excerpt":false},"de":{"title":true,"content":true,"excerpt":false},"it":{"title":true,"content":true,"excerpt":false},"ja":{"title":true,"content":true,"excerpt":false}}},"yoast_head":"<!-- This site is optimized with the Yoast SEO plugin v27.0 - https:\/\/yoast.com\/product\/yoast-seo-wordpress\/ -->\n<title>\u00c9chantillon de statistiques dans Hand2Note<\/title>\n<meta name=\"description\" content=\"D\u00e9couvrez comment la taille de l&#039;\u00e9chantillon impacte la fiabilit\u00e9 des statistiques dans Hand2Note et comment personnaliser l&#039;affichage de l&#039;\u00e9chantillon dans les HUDs.\" \/>\n<meta name=\"robots\" content=\"index, follow, max-snippet:-1, max-image-preview:large, max-video-preview:-1\" \/>\n<link rel=\"canonical\" href=\"https:\/\/hand2noteguide.com\/user-manual\/stat-sample-in-hand2note\/\" \/>\n<meta property=\"og:locale\" content=\"fr_FR\" \/>\n<meta property=\"og:type\" content=\"article\" \/>\n<meta property=\"og:title\" content=\"\u00c9chantillon de statistiques dans Hand2Note\" \/>\n<meta property=\"og:description\" content=\"D\u00e9couvrez comment la taille de l&#039;\u00e9chantillon impacte la fiabilit\u00e9 des statistiques dans Hand2Note et comment personnaliser l&#039;affichage de l&#039;\u00e9chantillon dans les HUDs.\" \/>\n<meta property=\"og:url\" content=\"https:\/\/hand2noteguide.com\/user-manual\/stat-sample-in-hand2note\/\" \/>\n<meta property=\"og:site_name\" content=\"Hand2Note Guide\" \/>\n<meta property=\"article:modified_time\" content=\"2026-03-10T08:24:05+00:00\" \/>\n<meta property=\"og:image\" content=\"https:\/\/hand2noteguide.com\/wp-content\/uploads\/2025\/04\/\u0411\u0435\u0437-\u0447\u0447\u044f\u0441\u044f\u0447\u0441\u0438\u043c\u0435\u043d\u0438-1.jpg\" \/>\n\t<meta property=\"og:image:width\" content=\"1920\" \/>\n\t<meta property=\"og:image:height\" content=\"1080\" \/>\n\t<meta property=\"og:image:type\" content=\"image\/jpeg\" \/>\n<meta name=\"twitter:card\" content=\"summary_large_image\" \/>\n<meta name=\"twitter:label1\" content=\"Est. reading time\" \/>\n\t<meta name=\"twitter:data1\" content=\"22 minutes\" \/>\n<!-- \/ Yoast SEO plugin. -->","yoast_head_json":{"title":"\u00c9chantillon de statistiques dans Hand2Note","description":"D\u00e9couvrez comment la taille de l'\u00e9chantillon impacte la fiabilit\u00e9 des statistiques dans Hand2Note et comment personnaliser l'affichage de l'\u00e9chantillon dans les HUDs.","robots":{"index":"index","follow":"follow","max-snippet":"max-snippet:-1","max-image-preview":"max-image-preview:large","max-video-preview":"max-video-preview:-1"},"canonical":"https:\/\/hand2noteguide.com\/user-manual\/stat-sample-in-hand2note\/","og_locale":"fr_FR","og_type":"article","og_title":"\u00c9chantillon de statistiques dans Hand2Note","og_description":"D\u00e9couvrez comment la taille de l'\u00e9chantillon impacte la fiabilit\u00e9 des statistiques dans Hand2Note et comment personnaliser l'affichage de l'\u00e9chantillon dans les HUDs.","og_url":"https:\/\/hand2noteguide.com\/user-manual\/stat-sample-in-hand2note\/","og_site_name":"Hand2Note Guide","article_modified_time":"2026-03-10T08:24:05+00:00","og_image":[{"width":1920,"height":1080,"url":"https:\/\/hand2noteguide.com\/wp-content\/uploads\/2025\/04\/\u0411\u0435\u0437-\u0447\u0447\u044f\u0441\u044f\u0447\u0441\u0438\u043c\u0435\u043d\u0438-1.jpg","type":"image\/jpeg"}],"twitter_card":"summary_large_image","twitter_misc":{"Est. reading time":"22 minutes"},"schema":{"@context":"https:\/\/schema.org","@graph":[]}},"jetpack_sharing_enabled":true,"_links":{"self":[{"href":"https:\/\/hand2noteguide.com\/fr\/wp-json\/wp\/v2\/pages\/10693","targetHints":{"allow":["GET"]}}],"collection":[{"href":"https:\/\/hand2noteguide.com\/fr\/wp-json\/wp\/v2\/pages"}],"about":[{"href":"https:\/\/hand2noteguide.com\/fr\/wp-json\/wp\/v2\/types\/page"}],"author":[{"embeddable":true,"href":"https:\/\/hand2noteguide.com\/fr\/wp-json\/wp\/v2\/users\/3"}],"replies":[{"embeddable":true,"href":"https:\/\/hand2noteguide.com\/fr\/wp-json\/wp\/v2\/comments?post=10693"}],"version-history":[{"count":94,"href":"https:\/\/hand2noteguide.com\/fr\/wp-json\/wp\/v2\/pages\/10693\/revisions"}],"predecessor-version":[{"id":15624,"href":"https:\/\/hand2noteguide.com\/fr\/wp-json\/wp\/v2\/pages\/10693\/revisions\/15624"}],"up":[{"embeddable":true,"href":"https:\/\/hand2noteguide.com\/fr\/wp-json\/wp\/v2\/pages\/9199"}],"wp:featuredmedia":[{"embeddable":true,"href":"https:\/\/hand2noteguide.com\/fr\/wp-json\/wp\/v2\/media\/10700"}],"wp:attachment":[{"href":"https:\/\/hand2noteguide.com\/fr\/wp-json\/wp\/v2\/media?parent=10693"}],"curies":[{"name":"wp","href":"https:\/\/api.w.org\/{rel}","templated":true}]}}