{"id":108,"date":"2018-07-30T02:52:22","date_gmt":"2018-07-29T23:52:22","guid":{"rendered":"https:\/\/h2n312.wordpress.com\/?page_id=108"},"modified":"2025-06-04T19:18:10","modified_gmt":"2025-06-04T16:18:10","slug":"hand2note-lags","status":"publish","type":"page","link":"https:\/\/hand2noteguide.com\/fr\/issues-resolving\/hand2note-lags\/","title":{"rendered":"Hand2Note se fige ou fonctionne lentement"},"content":{"rendered":"<p>Tout d&#8217;abord, vous devez effectuer les actions suivantes :<\/p>\n<ol>\n<li>D\u00e9sactivez l&#8217;antivirus ou ajoutez le dossier d&#8217;installation de Hand2Note \u00e0 la liste des exceptions<\/li>\n<li>Installez toutes les derni\u00e8res mises \u00e0 jour de Windows<\/li>\n<li><a href=\"https:\/\/hand2noteguide.com\/fr\/guide\/hand2note-version\/\">Mettez \u00e0 jour Hand2Note vers la derni\u00e8re version<\/a><\/li>\n<li><a href=\"https:\/\/hand2noteguide.com\/fr\/issues-resolving\/h2n-takes-much-space\/\">Supprimez les fichiers journaux, d\u00e9sactivez la journalisation<\/a><\/li>\n<\/ol>\n<p>Si le probl\u00e8me persiste apr\u00e8s ces \u00e9tapes, essayez de faire une <a href=\"https:\/\/hand2noteguide.com\/fr\/issues-resolving\/reinstall\/\">r\u00e9installation compl\u00e8te<\/a>.<\/p>\n<p>Si vous avez effectu\u00e9 toutes les \u00e9tapes d\u00e9crites ci-dessus, y compris la r\u00e9installation compl\u00e8te selon les instructions, et que Hand2Note continue de se figer ou de fonctionner lentement, contactez le <a href=\"https:\/\/hand2noteguide.com\/fr\/hand2note-official-support\/\">service d&#8217;assistance<\/a>.<\/p>\n","protected":false},"excerpt":{"rendered":"<p>Tout d&#8217;abord, vous devez effectuer les actions suivantes : D\u00e9sactivez l&#8217;antivirus ou ajoutez le dossier d&#8217;installation de Hand2Note \u00e0 la liste des exceptions Installez toutes les derni\u00e8res mises \u00e0 jour de Windows Mettez \u00e0 jour Hand2Note vers la derni\u00e8re version Supprimez les fichiers journaux, d\u00e9sactivez la journalisation Si le probl\u00e8me persiste apr\u00e8s ces \u00e9tapes, essayez &hellip; <a href=\"https:\/\/hand2noteguide.com\/fr\/issues-resolving\/hand2note-lags\/\" class=\"more-link\">Continue reading <span class=\"screen-reader-text\">Hand2Note se fige ou fonctionne lentement<\/span><\/a><\/p>\n","protected":false},"author":1,"featured_media":0,"parent":236,"menu_order":4,"comment_status":"closed","ping_status":"closed","template":"page-templates\/full-width-page.php","meta":{"footnotes":""},"class_list":["post-108","page","type-page","status-publish","hentry"],"translation":{"provider":"WPGlobus","version":"3.0.2","language":"fr","enabled_languages":["en","ru","pt","zh","es","fr","de","it","ja"],"languages":{"en":{"title":true,"content":true,"excerpt":false},"ru":{"title":true,"content":true,"excerpt":false},"pt":{"title":true,"content":true,"excerpt":false},"zh":{"title":true,"content":true,"excerpt":false},"es":{"title":true,"content":true,"excerpt":false},"fr":{"title":true,"content":true,"excerpt":false},"de":{"title":true,"content":true,"excerpt":false},"it":{"title":true,"content":true,"excerpt":false},"ja":{"title":true,"content":true,"excerpt":false}}},"yoast_head":"<!-- This site is optimized with the Yoast SEO plugin v27.0 - https:\/\/yoast.com\/product\/yoast-seo-wordpress\/ -->\n<title>Comment r\u00e9soudre le probl\u00e8me de gel ou de lenteur de Hand2Note<\/title>\n<meta name=\"description\" content=\"D\u00e9couvrez comment r\u00e9soudre les probl\u00e8mes de gel ou de lenteur de Hand2Note. Suivez notre guide \u00e9tape par \u00e9tape pour am\u00e9liorer les performances et reprendre le jeu.\" \/>\n<meta name=\"robots\" content=\"index, follow, max-snippet:-1, max-image-preview:large, max-video-preview:-1\" \/>\n<link rel=\"canonical\" href=\"https:\/\/hand2noteguide.com\/issues-resolving\/hand2note-lags\/\" \/>\n<meta property=\"og:locale\" content=\"fr_FR\" \/>\n<meta property=\"og:type\" content=\"article\" \/>\n<meta property=\"og:title\" content=\"Comment r\u00e9soudre le probl\u00e8me de gel ou de lenteur de Hand2Note\" \/>\n<meta property=\"og:description\" content=\"D\u00e9couvrez comment r\u00e9soudre les probl\u00e8mes de gel ou de lenteur de Hand2Note. Suivez notre guide \u00e9tape par \u00e9tape pour am\u00e9liorer les performances et reprendre le jeu.\" \/>\n<meta property=\"og:url\" content=\"https:\/\/hand2noteguide.com\/issues-resolving\/hand2note-lags\/\" \/>\n<meta property=\"og:site_name\" content=\"Hand2Note Guide\" \/>\n<meta property=\"article:modified_time\" content=\"2025-06-04T16:18:10+00:00\" \/>\n<meta name=\"twitter:card\" content=\"summary_large_image\" \/>\n<meta name=\"twitter:label1\" content=\"Est. reading time\" \/>\n\t<meta name=\"twitter:data1\" content=\"3 minutes\" \/>\n<!-- \/ Yoast SEO plugin. -->","yoast_head_json":{"title":"Comment r\u00e9soudre le probl\u00e8me de gel ou de lenteur de Hand2Note","description":"D\u00e9couvrez comment r\u00e9soudre les probl\u00e8mes de gel ou de lenteur de Hand2Note. Suivez notre guide \u00e9tape par \u00e9tape pour am\u00e9liorer les performances et reprendre le jeu.","robots":{"index":"index","follow":"follow","max-snippet":"max-snippet:-1","max-image-preview":"max-image-preview:large","max-video-preview":"max-video-preview:-1"},"canonical":"https:\/\/hand2noteguide.com\/issues-resolving\/hand2note-lags\/","og_locale":"fr_FR","og_type":"article","og_title":"Comment r\u00e9soudre le probl\u00e8me de gel ou de lenteur de Hand2Note","og_description":"D\u00e9couvrez comment r\u00e9soudre les probl\u00e8mes de gel ou de lenteur de Hand2Note. Suivez notre guide \u00e9tape par \u00e9tape pour am\u00e9liorer les performances et reprendre le jeu.","og_url":"https:\/\/hand2noteguide.com\/issues-resolving\/hand2note-lags\/","og_site_name":"Hand2Note Guide","article_modified_time":"2025-06-04T16:18:10+00:00","twitter_card":"summary_large_image","twitter_misc":{"Est. reading time":"3 minutes"},"schema":{"@context":"https:\/\/schema.org","@graph":[]}},"jetpack_sharing_enabled":false,"_links":{"self":[{"href":"https:\/\/hand2noteguide.com\/fr\/wp-json\/wp\/v2\/pages\/108","targetHints":{"allow":["GET"]}}],"collection":[{"href":"https:\/\/hand2noteguide.com\/fr\/wp-json\/wp\/v2\/pages"}],"about":[{"href":"https:\/\/hand2noteguide.com\/fr\/wp-json\/wp\/v2\/types\/page"}],"author":[{"embeddable":true,"href":"https:\/\/hand2noteguide.com\/fr\/wp-json\/wp\/v2\/users\/1"}],"replies":[{"embeddable":true,"href":"https:\/\/hand2noteguide.com\/fr\/wp-json\/wp\/v2\/comments?post=108"}],"version-history":[{"count":17,"href":"https:\/\/hand2noteguide.com\/fr\/wp-json\/wp\/v2\/pages\/108\/revisions"}],"predecessor-version":[{"id":13558,"href":"https:\/\/hand2noteguide.com\/fr\/wp-json\/wp\/v2\/pages\/108\/revisions\/13558"}],"up":[{"embeddable":true,"href":"https:\/\/hand2noteguide.com\/fr\/wp-json\/wp\/v2\/pages\/236"}],"wp:attachment":[{"href":"https:\/\/hand2noteguide.com\/fr\/wp-json\/wp\/v2\/media?parent=108"}],"curies":[{"name":"wp","href":"https:\/\/api.w.org\/{rel}","templated":true}]}}