{"id":10814,"date":"2025-05-02T20:26:05","date_gmt":"2025-05-02T17:26:05","guid":{"rendered":"https:\/\/hand2noteguide.com\/?page_id=10814"},"modified":"2026-03-10T11:24:50","modified_gmt":"2026-03-10T08:24:50","slug":"exporting-and-importing-configuration-to-hand2note","status":"publish","type":"page","link":"https:\/\/hand2noteguide.com\/fr\/user-manual\/exporting-and-importing-configuration-to-hand2note\/","title":{"rendered":"Exportation et importation de la configuration dans Hand2Note"},"content":{"rendered":"\n<p>Hand2Note permet de sauvegarder (exporter) la configuration dans un fichier de configuration sp\u00e9cial. Ainsi que d&#8217;installer (importer) la configuration \u00e0 partir d&#8217;un fichier dans Hand2Note.<\/p>\n\n\n\n<p>La configuration inclut tous les packages de statistiques, les HUDs, les popups, ainsi que tous les param\u00e8tres tels que les positions des panneaux HUD \u00e0 la table, et bien d&#8217;autres.<\/p>\n\n\n\n<p>Cette fonction est utile en cas de transfert de Hand2Note d&#8217;un appareil \u00e0 un autre, ainsi que pour sauvegarder tous les param\u00e8tres en cas de risque de perte de donn\u00e9es.<\/p>\n\n\n\n<h2 class=\"wp-block-heading\">Exportation de la configuration<\/h2>\n\n\n\n<p>Pour exporter la configuration, trouvez \u00ab Configuration \u00bb (1) dans le menu sup\u00e9rieur de la fen\u00eatre Hand2Note et cliquez dessus. Ensuite, cliquez sur \u00ab Exporter la config\u2026 \u00bb (2) dans la liste d\u00e9roulante. Dans la fen\u00eatre qui s&#8217;ouvre, sp\u00e9cifiez l&#8217;emplacement de sauvegarde et le nom du fichier de configuration Hand2Note (3), puis cliquez sur \u00ab Enregistrer \u00bb (4).<\/p>\n\n\n\n<figure class=\"wp-block-image size-large\"><img loading=\"lazy\" decoding=\"async\" width=\"1024\" height=\"576\" src=\"http:\/\/hand2noteguide.com\/wp-content\/uploads\/2025\/05\/\u0411\u0435\u0437-\u0438\u043c\u043532434\u043d\u0438-1-1024x576.jpg\" alt=\"\" class=\"wp-image-10831\" srcset=\"https:\/\/hand2noteguide.com\/wp-content\/uploads\/2025\/05\/\u0411\u0435\u0437-\u0438\u043c\u043532434\u043d\u0438-1-1024x576.jpg 1024w, https:\/\/hand2noteguide.com\/wp-content\/uploads\/2025\/05\/\u0411\u0435\u0437-\u0438\u043c\u043532434\u043d\u0438-1-300x169.jpg 300w, https:\/\/hand2noteguide.com\/wp-content\/uploads\/2025\/05\/\u0411\u0435\u0437-\u0438\u043c\u043532434\u043d\u0438-1-768x432.jpg 768w, https:\/\/hand2noteguide.com\/wp-content\/uploads\/2025\/05\/\u0411\u0435\u0437-\u0438\u043c\u043532434\u043d\u0438-1-1536x864.jpg 1536w, https:\/\/hand2noteguide.com\/wp-content\/uploads\/2025\/05\/\u0411\u0435\u0437-\u0438\u043c\u043532434\u043d\u0438-1-772x434.jpg 772w, https:\/\/hand2noteguide.com\/wp-content\/uploads\/2025\/05\/\u0411\u0435\u0437-\u0438\u043c\u043532434\u043d\u0438-1-624x351.jpg 624w, https:\/\/hand2noteguide.com\/wp-content\/uploads\/2025\/05\/\u0411\u0435\u0437-\u0438\u043c\u043532434\u043d\u0438-1.jpg 1920w\" sizes=\"auto, (max-width: 1024px) 100vw, 1024px\" \/><\/figure>\n\n\n\n<p><em>Le fichier de configuration, une fois cr\u00e9\u00e9, doit avoir l&#8217;extension de fichier \u00ab .h2nconfig \u00bb.<\/em><\/p>\n\n\n\n<p>La fonction d&#8217;exportation et d&#8217;importation de configuration n&#8217;inclut pas la sauvegarde et l&#8217;installation de la base de donn\u00e9es dans Hand2Note. Pour effectuer une migration de base de donn\u00e9es, nous vous recommandons de lire cet article :<em> <\/em><a href=\"https:\/\/hand2noteguide.com\/fr\/user-manual\/transferring-the-database-storage-location-as-well-as-creating-a-new-database\/\">Transf\u00e9rer la base de donn\u00e9es Hand2Note vers un nouveau r\u00e9pertoire<\/a>.<\/p>\n\n\n\n<h2 class=\"wp-block-heading\">Importation de la configuration<\/h2>\n\n\n\n<p>Pour importer la configuration, trouvez \u00ab Configuration \u00bb (1) dans le menu sup\u00e9rieur de la fen\u00eatre Hand2Note et cliquez dessus. Ensuite, cliquez sur \u00ab Importer la config\u2026 \u00bb (2) dans la liste d\u00e9roulante. Dans la fen\u00eatre ouverte, trouvez un emplacement pour enregistrer le fichier de configuration Hand2Note (avec l&#8217;extension de fichier \u00ab .h2nconfig \u00bb) et s\u00e9lectionnez-le (3), puis cliquez sur \u00ab Ouvrir \u00bb (4).<\/p>\n\n\n\n<figure class=\"wp-block-image size-large\"><img loading=\"lazy\" decoding=\"async\" width=\"1024\" height=\"576\" src=\"http:\/\/hand2noteguide.com\/wp-content\/uploads\/2025\/05\/\u0411\u0435\u0437-werwer\u0438\u043c\u0435\u043d\u0438-1-1024x576.jpg\" alt=\"\" class=\"wp-image-10839\" srcset=\"https:\/\/hand2noteguide.com\/wp-content\/uploads\/2025\/05\/\u0411\u0435\u0437-werwer\u0438\u043c\u0435\u043d\u0438-1-1024x576.jpg 1024w, https:\/\/hand2noteguide.com\/wp-content\/uploads\/2025\/05\/\u0411\u0435\u0437-werwer\u0438\u043c\u0435\u043d\u0438-1-300x169.jpg 300w, https:\/\/hand2noteguide.com\/wp-content\/uploads\/2025\/05\/\u0411\u0435\u0437-werwer\u0438\u043c\u0435\u043d\u0438-1-768x432.jpg 768w, https:\/\/hand2noteguide.com\/wp-content\/uploads\/2025\/05\/\u0411\u0435\u0437-werwer\u0438\u043c\u0435\u043d\u0438-1-1536x864.jpg 1536w, https:\/\/hand2noteguide.com\/wp-content\/uploads\/2025\/05\/\u0411\u0435\u0437-werwer\u0438\u043c\u0435\u043d\u0438-1-772x434.jpg 772w, https:\/\/hand2noteguide.com\/wp-content\/uploads\/2025\/05\/\u0411\u0435\u0437-werwer\u0438\u043c\u0435\u043d\u0438-1-624x351.jpg 624w, https:\/\/hand2noteguide.com\/wp-content\/uploads\/2025\/05\/\u0411\u0435\u0437-werwer\u0438\u043c\u0435\u043d\u0438-1.jpg 1920w\" sizes=\"auto, (max-width: 1024px) 100vw, 1024px\" \/><\/figure>\n\n\n\n<p>Apr\u00e8s l&#8217;importation, laissez Hand2Note red\u00e9marrer le programme, cela permettra \u00e0 tous les changements de prendre effet.<\/p>\n\n\n\n<p><em>Si apr\u00e8s l&#8217;importation de la configuration vous rencontrez un probl\u00e8me avec Hand2Note (par exemple &#8211; les polices dans le conteneur de distribution ont chang\u00e9 ou tout le texte s&#8217;est d\u00e9plac\u00e9 vers la droite) &#8211; red\u00e9marrez votre ordinateur, dans la plupart des situations cela r\u00e9sout tout.<\/em><\/p>\n\n\n\n<h2 class=\"wp-block-heading\">Exportation et importation des notes<\/h2>\n\n\n\n<p>La fonction d&#8217;exportation et d&#8217;importation de configuration n&#8217;inclut pas les notes.<\/p>\n\n\n\n<p>Pour exporter et importer des notes, suivez les m\u00eames \u00e9tapes que pour l&#8217;exportation et l&#8217;importation de configuration. Trouvez \u00ab Configuration \u00bb (1) dans le menu sup\u00e9rieur de la fen\u00eatre Hand2Note et cliquez dessus. Ensuite, dans la liste d\u00e9roulante, cliquez sur \u00ab Exporter les notes\u2026 \u00bb (2). Dans la fen\u00eatre qui s&#8217;ouvre, d\u00e9finissez l&#8217;emplacement de sauvegarde et le nom du fichier des notes Hand2Note (3), puis cliquez sur \u00ab Enregistrer \u00bb (4).<\/p>\n\n\n\n<p><em>Le fichier de notes, une fois cr\u00e9\u00e9, doit avoir l&#8217;extension de fichier \u00ab .h2nnotes \u00bb.<\/em><\/p>\n\n\n\n<figure class=\"wp-block-image size-large\"><img loading=\"lazy\" decoding=\"async\" width=\"1024\" height=\"576\" src=\"http:\/\/hand2noteguide.com\/wp-content\/uploads\/2025\/05\/\u0411\u0435\u0437-\u0438561313767\u043c\u0435\u043d\u0438-1-1024x576.jpg\" alt=\"\" class=\"wp-image-10869\" srcset=\"https:\/\/hand2noteguide.com\/wp-content\/uploads\/2025\/05\/\u0411\u0435\u0437-\u0438561313767\u043c\u0435\u043d\u0438-1-1024x576.jpg 1024w, https:\/\/hand2noteguide.com\/wp-content\/uploads\/2025\/05\/\u0411\u0435\u0437-\u0438561313767\u043c\u0435\u043d\u0438-1-300x169.jpg 300w, https:\/\/hand2noteguide.com\/wp-content\/uploads\/2025\/05\/\u0411\u0435\u0437-\u0438561313767\u043c\u0435\u043d\u0438-1-768x432.jpg 768w, https:\/\/hand2noteguide.com\/wp-content\/uploads\/2025\/05\/\u0411\u0435\u0437-\u0438561313767\u043c\u0435\u043d\u0438-1-1536x864.jpg 1536w, https:\/\/hand2noteguide.com\/wp-content\/uploads\/2025\/05\/\u0411\u0435\u0437-\u0438561313767\u043c\u0435\u043d\u0438-1-772x434.jpg 772w, https:\/\/hand2noteguide.com\/wp-content\/uploads\/2025\/05\/\u0411\u0435\u0437-\u0438561313767\u043c\u0435\u043d\u0438-1-624x351.jpg 624w, https:\/\/hand2noteguide.com\/wp-content\/uploads\/2025\/05\/\u0411\u0435\u0437-\u0438561313767\u043c\u0435\u043d\u0438-1.jpg 1920w\" sizes=\"auto, (max-width: 1024px) 100vw, 1024px\" \/><\/figure>\n\n\n\n<p>Pour importer des notes, trouvez \u00ab Configuration \u00bb (5) dans le menu sup\u00e9rieur de la fen\u00eatre Hand2Note et cliquez dessus. Ensuite, dans la liste d\u00e9roulante, cliquez sur \u00ab Importer les notes\u2026 \u00bb (6). Dans la fen\u00eatre ouverte, trouvez un emplacement pour enregistrer le fichier des notes Hand2Note (avec l&#8217;extension de fichier \u00ab .h2nnotes \u00bb) et s\u00e9lectionnez-le (7), puis cliquez sur \u00ab Ouvrir \u00bb (8).<\/p>\n\n\n\n<p>L&#8217;exportation et l&#8217;importation de configuration, ainsi que l&#8217;exportation et l&#8217;importation de notes, n&#8217;incluent pas les mains marqu\u00e9es. Pour effectuer le transfert des mains marqu\u00e9es, nous vous recommandons de lire l&#8217;article :<em> <\/em><a href=\"https:\/\/hand2noteguide.com\/fr\/user-manual\/marking-hands-in-hand2note\/\">Marquer les mains dans Hand2Note<\/a>.<\/p>\n","protected":false},"excerpt":{"rendered":"<p>Hand2Note permet de sauvegarder (exporter) la configuration dans un fichier de configuration sp\u00e9cial. Ainsi que d&#8217;installer (importer) la configuration \u00e0 partir d&#8217;un fichier dans Hand2Note. La configuration inclut tous les packages de statistiques, les HUDs, les popups, ainsi que tous les param\u00e8tres tels que les positions des panneaux HUD \u00e0 la table, et bien d&#8217;autres. &hellip; <a href=\"https:\/\/hand2noteguide.com\/fr\/user-manual\/exporting-and-importing-configuration-to-hand2note\/\" class=\"more-link\">Continue reading <span class=\"screen-reader-text\">Exportation et importation de la configuration dans Hand2Note<\/span><\/a><\/p>\n","protected":false},"author":3,"featured_media":10974,"parent":9199,"menu_order":0,"comment_status":"closed","ping_status":"closed","template":"","meta":{"footnotes":""},"class_list":["post-10814","page","type-page","status-publish","has-post-thumbnail","hentry"],"translation":{"provider":"WPGlobus","version":"3.0.2","language":"fr","enabled_languages":["en","ru","pt","zh","es","fr","de","it","ja"],"languages":{"en":{"title":true,"content":true,"excerpt":false},"ru":{"title":true,"content":true,"excerpt":false},"pt":{"title":true,"content":true,"excerpt":false},"zh":{"title":true,"content":true,"excerpt":false},"es":{"title":true,"content":true,"excerpt":false},"fr":{"title":true,"content":true,"excerpt":false},"de":{"title":true,"content":true,"excerpt":false},"it":{"title":true,"content":true,"excerpt":false},"ja":{"title":true,"content":true,"excerpt":false}}},"yoast_head":"<!-- This site is optimized with the Yoast SEO plugin v27.0 - https:\/\/yoast.com\/product\/yoast-seo-wordpress\/ -->\n<title>Exportation et importation de la configuration dans Hand2Note<\/title>\n<meta name=\"description\" content=\"Apprenez \u00e0 exporter et importer les configurations et notes de Hand2Note pour transf\u00e9rer ou sauvegarder en toute s\u00e9curit\u00e9 vos param\u00e8tres de HUD.\" \/>\n<meta name=\"robots\" content=\"index, follow, max-snippet:-1, max-image-preview:large, max-video-preview:-1\" \/>\n<link rel=\"canonical\" href=\"https:\/\/hand2noteguide.com\/user-manual\/exporting-and-importing-configuration-to-hand2note\/\" \/>\n<meta property=\"og:locale\" content=\"fr_FR\" \/>\n<meta property=\"og:type\" content=\"article\" \/>\n<meta property=\"og:title\" content=\"Exportation et importation de la configuration dans Hand2Note\" \/>\n<meta property=\"og:description\" content=\"Apprenez \u00e0 exporter et importer les configurations et notes de Hand2Note pour transf\u00e9rer ou sauvegarder en toute s\u00e9curit\u00e9 vos param\u00e8tres de HUD.\" \/>\n<meta property=\"og:url\" content=\"https:\/\/hand2noteguide.com\/user-manual\/exporting-and-importing-configuration-to-hand2note\/\" \/>\n<meta property=\"og:site_name\" content=\"Hand2Note Guide\" \/>\n<meta property=\"article:modified_time\" content=\"2026-03-10T08:24:50+00:00\" \/>\n<meta property=\"og:image\" content=\"https:\/\/hand2noteguide.com\/wp-content\/uploads\/2025\/05\/export-import-h2n-min.png\" \/>\n\t<meta property=\"og:image:width\" content=\"1920\" \/>\n\t<meta property=\"og:image:height\" content=\"1400\" \/>\n\t<meta property=\"og:image:type\" content=\"image\/png\" \/>\n<meta name=\"twitter:card\" content=\"summary_large_image\" \/>\n<meta name=\"twitter:label1\" content=\"Est. reading time\" \/>\n\t<meta name=\"twitter:data1\" content=\"16 minutes\" \/>\n<!-- \/ Yoast SEO plugin. -->","yoast_head_json":{"title":"Exportation et importation de la configuration dans Hand2Note","description":"Apprenez \u00e0 exporter et importer les configurations et notes de Hand2Note pour transf\u00e9rer ou sauvegarder en toute s\u00e9curit\u00e9 vos param\u00e8tres de HUD.","robots":{"index":"index","follow":"follow","max-snippet":"max-snippet:-1","max-image-preview":"max-image-preview:large","max-video-preview":"max-video-preview:-1"},"canonical":"https:\/\/hand2noteguide.com\/user-manual\/exporting-and-importing-configuration-to-hand2note\/","og_locale":"fr_FR","og_type":"article","og_title":"Exportation et importation de la configuration dans Hand2Note","og_description":"Apprenez \u00e0 exporter et importer les configurations et notes de Hand2Note pour transf\u00e9rer ou sauvegarder en toute s\u00e9curit\u00e9 vos param\u00e8tres de HUD.","og_url":"https:\/\/hand2noteguide.com\/user-manual\/exporting-and-importing-configuration-to-hand2note\/","og_site_name":"Hand2Note Guide","article_modified_time":"2026-03-10T08:24:50+00:00","og_image":[{"width":1920,"height":1400,"url":"https:\/\/hand2noteguide.com\/wp-content\/uploads\/2025\/05\/export-import-h2n-min.png","type":"image\/png"}],"twitter_card":"summary_large_image","twitter_misc":{"Est. reading time":"16 minutes"},"schema":{"@context":"https:\/\/schema.org","@graph":[]}},"jetpack_sharing_enabled":true,"_links":{"self":[{"href":"https:\/\/hand2noteguide.com\/fr\/wp-json\/wp\/v2\/pages\/10814","targetHints":{"allow":["GET"]}}],"collection":[{"href":"https:\/\/hand2noteguide.com\/fr\/wp-json\/wp\/v2\/pages"}],"about":[{"href":"https:\/\/hand2noteguide.com\/fr\/wp-json\/wp\/v2\/types\/page"}],"author":[{"embeddable":true,"href":"https:\/\/hand2noteguide.com\/fr\/wp-json\/wp\/v2\/users\/3"}],"replies":[{"embeddable":true,"href":"https:\/\/hand2noteguide.com\/fr\/wp-json\/wp\/v2\/comments?post=10814"}],"version-history":[{"count":57,"href":"https:\/\/hand2noteguide.com\/fr\/wp-json\/wp\/v2\/pages\/10814\/revisions"}],"predecessor-version":[{"id":15625,"href":"https:\/\/hand2noteguide.com\/fr\/wp-json\/wp\/v2\/pages\/10814\/revisions\/15625"}],"up":[{"embeddable":true,"href":"https:\/\/hand2noteguide.com\/fr\/wp-json\/wp\/v2\/pages\/9199"}],"wp:featuredmedia":[{"embeddable":true,"href":"https:\/\/hand2noteguide.com\/fr\/wp-json\/wp\/v2\/media\/10974"}],"wp:attachment":[{"href":"https:\/\/hand2noteguide.com\/fr\/wp-json\/wp\/v2\/media?parent=10814"}],"curies":[{"name":"wp","href":"https:\/\/api.w.org\/{rel}","templated":true}]}}