{"id":11059,"date":"2025-05-10T13:34:35","date_gmt":"2025-05-10T10:34:35","guid":{"rendered":"https:\/\/hand2noteguide.com\/?page_id=11059"},"modified":"2026-03-10T11:26:40","modified_gmt":"2026-03-10T08:26:40","slug":"hand2note-sessions","status":"publish","type":"page","link":"https:\/\/hand2noteguide.com\/fr\/user-manual\/hand2note-sessions\/","title":{"rendered":"Outil &#8220;Sessions&#8221; dans Hand2Note"},"content":{"rendered":"\n<p>Hand2Note vous permet de visualiser vos r\u00e9sultats au format de sessions de jeu \u2014 \u00e0 la fois pendant le jeu et apr\u00e8s la fin de la session.<\/p>\n\n\n\n<p>La section Sessions affiche les principales m\u00e9triques de jeu pour la session, telles que : le Win Rate EV, le nombre de mains jou\u00e9es, la dur\u00e9e de la session, et bien d&#8217;autres.<\/p>\n\n\n\n<p>Cette fonctionnalit\u00e9 est utile pour suivre vos performances actuelles en temps r\u00e9el.<\/p>\n\n\n\n<h2 class=\"wp-block-heading\">Navigation dans le menu \u201cSessions\u201d<\/h2>\n\n\n\n<p>Pour ouvrir le menu Sessions, cliquez sur <strong>\u201cSessions\u201d (1)<\/strong>. Ensuite, assurez-vous que les donn\u00e9es de session affichent les informations pour le bon joueur : cliquez sur l&#8217;<strong>ic\u00f4ne de pseudo du joueur (2)<\/strong> et s\u00e9lectionnez le joueur souhait\u00e9.<\/p>\n\n\n\n<figure class=\"wp-block-image size-large\"><img loading=\"lazy\" decoding=\"async\" width=\"1024\" height=\"576\" src=\"http:\/\/hand2noteguide.com\/wp-content\/uploads\/2025\/05\/\u0411\u0435\u0437-\u0438\u043c\u0435567\u043d\u0438-1-1024x576.jpg\" alt=\"\" class=\"wp-image-11094\" srcset=\"https:\/\/hand2noteguide.com\/wp-content\/uploads\/2025\/05\/\u0411\u0435\u0437-\u0438\u043c\u0435567\u043d\u0438-1-1024x576.jpg 1024w, https:\/\/hand2noteguide.com\/wp-content\/uploads\/2025\/05\/\u0411\u0435\u0437-\u0438\u043c\u0435567\u043d\u0438-1-300x169.jpg 300w, https:\/\/hand2noteguide.com\/wp-content\/uploads\/2025\/05\/\u0411\u0435\u0437-\u0438\u043c\u0435567\u043d\u0438-1-768x432.jpg 768w, https:\/\/hand2noteguide.com\/wp-content\/uploads\/2025\/05\/\u0411\u0435\u0437-\u0438\u043c\u0435567\u043d\u0438-1-1536x864.jpg 1536w, https:\/\/hand2noteguide.com\/wp-content\/uploads\/2025\/05\/\u0411\u0435\u0437-\u0438\u043c\u0435567\u043d\u0438-1-772x434.jpg 772w, https:\/\/hand2noteguide.com\/wp-content\/uploads\/2025\/05\/\u0411\u0435\u0437-\u0438\u043c\u0435567\u043d\u0438-1-624x351.jpg 624w, https:\/\/hand2noteguide.com\/wp-content\/uploads\/2025\/05\/\u0411\u0435\u0437-\u0438\u043c\u0435567\u043d\u0438-1.jpg 1920w\" sizes=\"auto, (max-width: 1024px) 100vw, 1024px\" \/><\/figure>\n\n\n\n<p>Vous pouvez \u00e9galement s\u00e9lectionner la <strong>p\u00e9riode de temps<\/strong> souhait\u00e9e pour la liste des sessions en cliquant sur <strong>\u201cAll Time\u201d (3)<\/strong> et en choisissant la p\u00e9riode dont vous avez besoin. Vous pouvez filtrer par <strong>type de jeu<\/strong> dans le menu d\u00e9roulant apr\u00e8s avoir cliqu\u00e9 sur <strong>\u201cCash\u201d<\/strong> (ou <strong>\u201cTournament\u201d<\/strong>) <strong>(4)<\/strong>. En cliquant sur l&#8217;<strong>ic\u00f4ne d&#8217;engrenage (5)<\/strong>, vous pouvez personnaliser les <strong>colonnes visibles<\/strong> dans la liste des sessions <strong>(6)<\/strong>. En cliquant sur n&#8217;importe quelle session dans la liste <strong>(6)<\/strong>, vous ouvrirez des informations d\u00e9taill\u00e9es sur le c\u00f4t\u00e9 droit : statistiques g\u00e9n\u00e9rales avec un <strong>graphique de gains\/pertes (7)<\/strong> et la <strong>liste des mains (8)<\/strong>.<\/p>\n\n\n\n<p>En <strong>cliquant gauche (1)<\/strong> sur n&#8217;importe quelle main dans la liste, une <strong>vue d\u00e9taill\u00e9e (2)<\/strong> de la main appara\u00eetra sur le c\u00f4t\u00e9 droit.<\/p>\n\n\n\n<figure class=\"wp-block-image size-large\"><img loading=\"lazy\" decoding=\"async\" width=\"1024\" height=\"700\" src=\"http:\/\/hand2noteguide.com\/wp-content\/uploads\/2025\/05\/\u0411\u0435\u0437-\u0438\u043c\u0435\u0432\u0430\u043f\u043d\u0438-2-1024x700.jpg\" alt=\"\" class=\"wp-image-11104\" srcset=\"https:\/\/hand2noteguide.com\/wp-content\/uploads\/2025\/05\/\u0411\u0435\u0437-\u0438\u043c\u0435\u0432\u0430\u043f\u043d\u0438-2-1024x700.jpg 1024w, https:\/\/hand2noteguide.com\/wp-content\/uploads\/2025\/05\/\u0411\u0435\u0437-\u0438\u043c\u0435\u0432\u0430\u043f\u043d\u0438-2-300x205.jpg 300w, https:\/\/hand2noteguide.com\/wp-content\/uploads\/2025\/05\/\u0411\u0435\u0437-\u0438\u043c\u0435\u0432\u0430\u043f\u043d\u0438-2-768x525.jpg 768w, https:\/\/hand2noteguide.com\/wp-content\/uploads\/2025\/05\/\u0411\u0435\u0437-\u0438\u043c\u0435\u0432\u0430\u043f\u043d\u0438-2-1536x1051.jpg 1536w, https:\/\/hand2noteguide.com\/wp-content\/uploads\/2025\/05\/\u0411\u0435\u0437-\u0438\u043c\u0435\u0432\u0430\u043f\u043d\u0438-2-772x528.jpg 772w, https:\/\/hand2noteguide.com\/wp-content\/uploads\/2025\/05\/\u0411\u0435\u0437-\u0438\u043c\u0435\u0432\u0430\u043f\u043d\u0438-2-624x427.jpg 624w, https:\/\/hand2noteguide.com\/wp-content\/uploads\/2025\/05\/\u0411\u0435\u0437-\u0438\u043c\u0435\u0432\u0430\u043f\u043d\u0438-2.jpg 1908w\" sizes=\"auto, (max-width: 1024px) 100vw, 1024px\" \/><\/figure>\n\n\n\n<p>De plus, si vous <strong>cliquez droit<\/strong> sur n&#8217;importe quelle main dans la liste, un menu contextuel appara\u00eetra avec les options suivantes :<\/p>\n\n\n\n<ul class=\"wp-block-list\">\n<li><strong>\u201cOpen in Replayer\u201d (3)<\/strong> \u2013 voir la main dans le replayer ;<\/li>\n\n\n\n<li><strong>\u201cShow Hand Details\u201d (4)<\/strong> \u2013 ouvrir les d\u00e9tails de la main dans une fen\u00eatre s\u00e9par\u00e9e ;<\/li>\n\n\n\n<li><strong>\u201cAdd to Player Note\u201d (5)<\/strong> \u2013 ajouter une note sur n&#8217;importe quel joueur impliqu\u00e9 dans la main s\u00e9lectionn\u00e9e ;<\/li>\n\n\n\n<li><strong>\u201cMark Hand\u201d (6)<\/strong> \u2013 <a href=\"https:\/\/hand2noteguide.com\/fr\/user-manual\/marking-hands-in-hand2note\/\">marquer la main<\/a> sans utiliser de tags ;<\/li>\n\n\n\n<li><strong>\u201cMark Hand With Tags\u2026\u201d (7)<\/strong> \u2013 marquer la main avec un tag s\u00e9lectionn\u00e9 ;<\/li>\n\n\n\n<li><strong>\u201cCopy Hand History\u201d (8)<\/strong> \u2013 copier l&#8217;historique de la main en tant que texte dans le presse-papiers ;<\/li>\n\n\n\n<li><strong>\u201cShow Hand History\u201d (9)<\/strong> \u2013 ouvrir l&#8217;historique de la main en tant que texte brut ;<\/li>\n\n\n\n<li><strong>\u201cExport Hands\u201d (10)<\/strong> \u2013 exporter toutes les mains de la session s\u00e9lectionn\u00e9e.<\/li>\n<\/ul>\n\n\n\n<h2 class=\"wp-block-heading\">Configurer le temps de pause de la session<\/h2>\n\n\n\n<p>Hand2Note consid\u00e8re qu&#8217;une session commence lorsque le joueur s&#8217;assoit \u00e0 la table, et se termine lorsqu&#8217;il quitte toutes les tables et reste inactif pendant une p\u00e9riode de temps d\u00e9finie (sans \u00eatre assis \u00e0 aucune table).<\/p>\n\n\n\n<p>Par d\u00e9faut, Hand2Note d\u00e9finit cette <strong>p\u00e9riode d&#8217;inactivit\u00e9<\/strong> \u00e0 <strong>dix minutes<\/strong>, mais vous pouvez la modifier \u00e0 n&#8217;importe quelle valeur qui vous convient.<\/p>\n\n\n\n<figure class=\"wp-block-image size-large\"><img loading=\"lazy\" decoding=\"async\" width=\"1024\" height=\"576\" src=\"http:\/\/hand2noteguide.com\/wp-content\/uploads\/2025\/05\/\u0411\u0435\u0437-\u0438\u043c\u0435\u044b\u0444\u0432\u0444\u044b\u0432\u0444\u043d\u0438-3-1024x576.jpg\" alt=\"\" class=\"wp-image-11109\" srcset=\"https:\/\/hand2noteguide.com\/wp-content\/uploads\/2025\/05\/\u0411\u0435\u0437-\u0438\u043c\u0435\u044b\u0444\u0432\u0444\u044b\u0432\u0444\u043d\u0438-3-1024x576.jpg 1024w, https:\/\/hand2noteguide.com\/wp-content\/uploads\/2025\/05\/\u0411\u0435\u0437-\u0438\u043c\u0435\u044b\u0444\u0432\u0444\u044b\u0432\u0444\u043d\u0438-3-300x169.jpg 300w, https:\/\/hand2noteguide.com\/wp-content\/uploads\/2025\/05\/\u0411\u0435\u0437-\u0438\u043c\u0435\u044b\u0444\u0432\u0444\u044b\u0432\u0444\u043d\u0438-3-768x432.jpg 768w, https:\/\/hand2noteguide.com\/wp-content\/uploads\/2025\/05\/\u0411\u0435\u0437-\u0438\u043c\u0435\u044b\u0444\u0432\u0444\u044b\u0432\u0444\u043d\u0438-3-1536x864.jpg 1536w, https:\/\/hand2noteguide.com\/wp-content\/uploads\/2025\/05\/\u0411\u0435\u0437-\u0438\u043c\u0435\u044b\u0444\u0432\u0444\u044b\u0432\u0444\u043d\u0438-3-772x434.jpg 772w, https:\/\/hand2noteguide.com\/wp-content\/uploads\/2025\/05\/\u0411\u0435\u0437-\u0438\u043c\u0435\u044b\u0444\u0432\u0444\u044b\u0432\u0444\u043d\u0438-3-624x351.jpg 624w, https:\/\/hand2noteguide.com\/wp-content\/uploads\/2025\/05\/\u0411\u0435\u0437-\u0438\u043c\u0435\u044b\u0444\u0432\u0444\u044b\u0432\u0444\u043d\u0438-3.jpg 1920w\" sizes=\"auto, (max-width: 1024px) 100vw, 1024px\" \/><\/figure>\n\n\n\n<p>Pour ce faire :<\/p>\n\n\n\n<ol class=\"wp-block-list\" start=\"1\">\n<li>Dans la fen\u00eatre principale de Hand2Note, allez dans <strong>\u201cConfiguration\u201d (1)<\/strong><\/li>\n\n\n\n<li>Ouvrez la section <strong>\u201cOther\u201d (2)<\/strong><\/li>\n\n\n\n<li>Trouvez le param\u00e8tre <strong>\u201cMax break between sessions (minutes)\u201d (3)<\/strong> et entrez la valeur souhait\u00e9e (en minutes)<\/li>\n<\/ol>\n","protected":false},"excerpt":{"rendered":"<p>Hand2Note vous permet de visualiser vos r\u00e9sultats au format de sessions de jeu \u2014 \u00e0 la fois pendant le jeu et apr\u00e8s la fin de la session. La section Sessions affiche les principales m\u00e9triques de jeu pour la session, telles que : le Win Rate EV, le nombre de mains jou\u00e9es, la dur\u00e9e de la &hellip; <a href=\"https:\/\/hand2noteguide.com\/fr\/user-manual\/hand2note-sessions\/\" class=\"more-link\">Continue reading <span class=\"screen-reader-text\">Outil &#8220;Sessions&#8221; dans Hand2Note<\/span><\/a><\/p>\n","protected":false},"author":3,"featured_media":11062,"parent":9199,"menu_order":0,"comment_status":"closed","ping_status":"closed","template":"","meta":{"footnotes":""},"class_list":["post-11059","page","type-page","status-publish","has-post-thumbnail","hentry"],"translation":{"provider":"WPGlobus","version":"3.0.2","language":"fr","enabled_languages":["en","ru","pt","zh","es","fr","de","it","ja"],"languages":{"en":{"title":true,"content":true,"excerpt":false},"ru":{"title":true,"content":true,"excerpt":false},"pt":{"title":true,"content":true,"excerpt":false},"zh":{"title":true,"content":true,"excerpt":false},"es":{"title":true,"content":true,"excerpt":false},"fr":{"title":true,"content":true,"excerpt":false},"de":{"title":true,"content":true,"excerpt":false},"it":{"title":true,"content":true,"excerpt":false},"ja":{"title":true,"content":true,"excerpt":false}}},"yoast_head":"<!-- This site is optimized with the Yoast SEO plugin v27.0 - https:\/\/yoast.com\/product\/yoast-seo-wordpress\/ -->\n<title>Outil &quot;Sessions&quot; dans Hand2Note<\/title>\n<meta name=\"description\" content=\"Visualisez et analysez vos r\u00e9sultats de sessions de poker dans Hand2Note. Apprenez \u00e0 naviguer dans l&#039;outil Sessions pour suivre les statistiques cl\u00e9s et am\u00e9liorer votre processus de r\u00e9vision de jeu.\" \/>\n<meta name=\"robots\" content=\"index, follow, max-snippet:-1, max-image-preview:large, max-video-preview:-1\" \/>\n<link rel=\"canonical\" href=\"https:\/\/hand2noteguide.com\/user-manual\/hand2note-sessions\/\" \/>\n<meta property=\"og:locale\" content=\"fr_FR\" \/>\n<meta property=\"og:type\" content=\"article\" \/>\n<meta property=\"og:title\" content=\"Outil &quot;Sessions&quot; dans Hand2Note\" \/>\n<meta property=\"og:description\" content=\"Visualisez et analysez vos r\u00e9sultats de sessions de poker dans Hand2Note. Apprenez \u00e0 naviguer dans l&#039;outil Sessions pour suivre les statistiques cl\u00e9s et am\u00e9liorer votre processus de r\u00e9vision de jeu.\" \/>\n<meta property=\"og:url\" content=\"https:\/\/hand2noteguide.com\/user-manual\/hand2note-sessions\/\" \/>\n<meta property=\"og:site_name\" content=\"Hand2Note Guide\" \/>\n<meta property=\"article:modified_time\" content=\"2026-03-10T08:26:40+00:00\" \/>\n<meta property=\"og:image\" content=\"https:\/\/hand2noteguide.com\/wp-content\/uploads\/2025\/05\/\u0411\u0435\u0437-\u0438\u043c\u0435\u043d\u0438-1-2.jpg\" \/>\n\t<meta property=\"og:image:width\" content=\"1907\" \/>\n\t<meta property=\"og:image:height\" content=\"1022\" \/>\n\t<meta property=\"og:image:type\" content=\"image\/jpeg\" \/>\n<meta name=\"twitter:card\" content=\"summary_large_image\" \/>\n<meta name=\"twitter:label1\" content=\"Est. reading time\" \/>\n\t<meta name=\"twitter:data1\" content=\"14 minutes\" \/>\n<!-- \/ Yoast SEO plugin. -->","yoast_head_json":{"title":"Outil \"Sessions\" dans Hand2Note","description":"Visualisez et analysez vos r\u00e9sultats de sessions de poker dans Hand2Note. Apprenez \u00e0 naviguer dans l'outil Sessions pour suivre les statistiques cl\u00e9s et am\u00e9liorer votre processus de r\u00e9vision de jeu.","robots":{"index":"index","follow":"follow","max-snippet":"max-snippet:-1","max-image-preview":"max-image-preview:large","max-video-preview":"max-video-preview:-1"},"canonical":"https:\/\/hand2noteguide.com\/user-manual\/hand2note-sessions\/","og_locale":"fr_FR","og_type":"article","og_title":"Outil \"Sessions\" dans Hand2Note","og_description":"Visualisez et analysez vos r\u00e9sultats de sessions de poker dans Hand2Note. Apprenez \u00e0 naviguer dans l'outil Sessions pour suivre les statistiques cl\u00e9s et am\u00e9liorer votre processus de r\u00e9vision de jeu.","og_url":"https:\/\/hand2noteguide.com\/user-manual\/hand2note-sessions\/","og_site_name":"Hand2Note Guide","article_modified_time":"2026-03-10T08:26:40+00:00","og_image":[{"width":1907,"height":1022,"url":"https:\/\/hand2noteguide.com\/wp-content\/uploads\/2025\/05\/\u0411\u0435\u0437-\u0438\u043c\u0435\u043d\u0438-1-2.jpg","type":"image\/jpeg"}],"twitter_card":"summary_large_image","twitter_misc":{"Est. reading time":"14 minutes"},"schema":{"@context":"https:\/\/schema.org","@graph":[]}},"jetpack_sharing_enabled":true,"_links":{"self":[{"href":"https:\/\/hand2noteguide.com\/fr\/wp-json\/wp\/v2\/pages\/11059","targetHints":{"allow":["GET"]}}],"collection":[{"href":"https:\/\/hand2noteguide.com\/fr\/wp-json\/wp\/v2\/pages"}],"about":[{"href":"https:\/\/hand2noteguide.com\/fr\/wp-json\/wp\/v2\/types\/page"}],"author":[{"embeddable":true,"href":"https:\/\/hand2noteguide.com\/fr\/wp-json\/wp\/v2\/users\/3"}],"replies":[{"embeddable":true,"href":"https:\/\/hand2noteguide.com\/fr\/wp-json\/wp\/v2\/comments?post=11059"}],"version-history":[{"count":31,"href":"https:\/\/hand2noteguide.com\/fr\/wp-json\/wp\/v2\/pages\/11059\/revisions"}],"predecessor-version":[{"id":15627,"href":"https:\/\/hand2noteguide.com\/fr\/wp-json\/wp\/v2\/pages\/11059\/revisions\/15627"}],"up":[{"embeddable":true,"href":"https:\/\/hand2noteguide.com\/fr\/wp-json\/wp\/v2\/pages\/9199"}],"wp:featuredmedia":[{"embeddable":true,"href":"https:\/\/hand2noteguide.com\/fr\/wp-json\/wp\/v2\/media\/11062"}],"wp:attachment":[{"href":"https:\/\/hand2noteguide.com\/fr\/wp-json\/wp\/v2\/media?parent=11059"}],"curies":[{"name":"wp","href":"https:\/\/api.w.org\/{rel}","templated":true}]}}