{"id":11131,"date":"2025-05-14T13:24:23","date_gmt":"2025-05-14T10:24:23","guid":{"rendered":"https:\/\/hand2noteguide.com\/?page_id=11131"},"modified":"2026-03-10T11:27:47","modified_gmt":"2026-03-10T08:27:47","slug":"the-use-and-possibilities-of-notes-in-hand2note","status":"publish","type":"page","link":"https:\/\/hand2noteguide.com\/fr\/user-manual\/the-use-and-possibilities-of-notes-in-hand2note\/","title":{"rendered":"Utilisation des notes dans Hand2Note"},"content":{"rendered":"\n<p>Hand2Note vous permet d&#8217;\u00e9crire des notes (commentaires) sur chaque joueur sous forme de texte ou de mod\u00e8les. Vous pouvez \u00e9galement inclure n&#8217;importe quelle main jou\u00e9e dans celles-ci.<\/p>\n\n\n\n<p>Cette fonctionnalit\u00e9 vous permet de prendre des notes sur les joueurs, ce qui vous aidera \u00e0 prendre des d\u00e9cisions pendant une main.<\/p>\n\n\n\n<h2 class=\"wp-block-heading\">Comment prendre une note sur un adversaire \u00e0 la table<\/h2>\n\n\n\n<p>Pour ajouter une note sur un adversaire, trouvez l&#8217;ic\u00f4ne des notes (1) dans le HUD et survolez-la avec votre pointeur de souris.<\/p>\n\n\n\n<figure class=\"wp-block-image size-large\"><img loading=\"lazy\" decoding=\"async\" width=\"1024\" height=\"793\" src=\"http:\/\/hand2noteguide.com\/wp-content\/uploads\/2025\/05\/\u0411\u0435\u0437-\u0438\u043c\u0435\u043d\u0438-1-3-1024x793.jpg\" alt=\"\" class=\"wp-image-11139\" srcset=\"https:\/\/hand2noteguide.com\/wp-content\/uploads\/2025\/05\/\u0411\u0435\u0437-\u0438\u043c\u0435\u043d\u0438-1-3-1024x793.jpg 1024w, https:\/\/hand2noteguide.com\/wp-content\/uploads\/2025\/05\/\u0411\u0435\u0437-\u0438\u043c\u0435\u043d\u0438-1-3-300x232.jpg 300w, https:\/\/hand2noteguide.com\/wp-content\/uploads\/2025\/05\/\u0411\u0435\u0437-\u0438\u043c\u0435\u043d\u0438-1-3-768x594.jpg 768w, https:\/\/hand2noteguide.com\/wp-content\/uploads\/2025\/05\/\u0411\u0435\u0437-\u0438\u043c\u0435\u043d\u0438-1-3-772x598.jpg 772w, https:\/\/hand2noteguide.com\/wp-content\/uploads\/2025\/05\/\u0411\u0435\u0437-\u0438\u043c\u0435\u043d\u0438-1-3-624x483.jpg 624w, https:\/\/hand2noteguide.com\/wp-content\/uploads\/2025\/05\/\u0411\u0435\u0437-\u0438\u043c\u0435\u043d\u0438-1-3.jpg 1053w\" sizes=\"auto, (max-width: 1024px) 100vw, 1024px\" \/><figcaption class=\"wp-element-caption\">L&#8217;exemple utilise le package de statistiques, popups et HUD : &#8220;<a href=\"https:\/\/www.hudstore.poker\/products\/exploit-hud-facilitated\" target=\"_blank\" rel=\"noreferrer noopener\">Exploit HUD Facilitated<\/a>&#8220;.<\/figcaption><\/figure>\n\n\n\n<p>Lorsque vous survolez, une fen\u00eatre appara\u00eetra o\u00f9 vous pouvez :<\/p>\n\n\n\n<ul class=\"wp-block-list\">\n<li>\u00c9crire une note sur le joueur (2) ;<\/li>\n\n\n\n<li>Ajouter une note \u00e0 partir des mod\u00e8les de notes (3) ;<\/li>\n\n\n\n<li>Ajouter la derni\u00e8re main jou\u00e9e par l&#8217;adversaire \u00e0 la table \u00e0 la liste des notes (4) ;<\/li>\n\n\n\n<li>Ajouter une note \u00e0 partir des mod\u00e8les et la derni\u00e8re main jou\u00e9e par l&#8217;adversaire \u00e0 la table ensemble, dans une ligne de la liste des notes (5).<\/li>\n<\/ul>\n\n\n\n<p>Apr\u00e8s avoir ajout\u00e9 des notes, vous pouvez les consulter \u00e0 tout moment. Pour ce faire, survolez l&#8217;ic\u00f4ne des notes dans le HUD (1) sur le joueur sur lequel vous avez pr\u00e9c\u00e9demment \u00e9crit des notes.<\/p>\n\n\n\n<p><em>Si des notes sont \u00e9crites sur un joueur, une petite image de crayon appara\u00eetra dans l&#8217;ic\u00f4ne des notes.<\/em><\/p>\n\n\n\n<figure class=\"wp-block-image size-large\"><img loading=\"lazy\" decoding=\"async\" width=\"1024\" height=\"742\" src=\"http:\/\/hand2noteguide.com\/wp-content\/uploads\/2025\/05\/NUTS1-1-1024x742.jpg\" alt=\"\" class=\"wp-image-11236\" srcset=\"https:\/\/hand2noteguide.com\/wp-content\/uploads\/2025\/05\/NUTS1-1-1024x742.jpg 1024w, https:\/\/hand2noteguide.com\/wp-content\/uploads\/2025\/05\/NUTS1-1-300x217.jpg 300w, https:\/\/hand2noteguide.com\/wp-content\/uploads\/2025\/05\/NUTS1-1-768x557.jpg 768w, https:\/\/hand2noteguide.com\/wp-content\/uploads\/2025\/05\/NUTS1-1-772x560.jpg 772w, https:\/\/hand2noteguide.com\/wp-content\/uploads\/2025\/05\/NUTS1-1-624x452.jpg 624w, https:\/\/hand2noteguide.com\/wp-content\/uploads\/2025\/05\/NUTS1-1.jpg 1145w\" sizes=\"auto, (max-width: 1024px) 100vw, 1024px\" \/><\/figure>\n\n\n\n<p>Ensuite, dans la fen\u00eatre pop-up, vous pouvez voir :<\/p>\n\n\n\n<ul class=\"wp-block-list\">\n<li>La derni\u00e8re main jou\u00e9e par le joueur et le mod\u00e8le de note ajout\u00e9s (2) ;<\/li>\n\n\n\n<li>La derni\u00e8re main jou\u00e9e par le joueur ajout\u00e9e (3) ;<\/li>\n\n\n\n<li>La note ajout\u00e9e ou la note ajout\u00e9e \u00e0 partir des mod\u00e8les de notes (4).<\/li>\n<\/ul>\n\n\n\n<p>Pour supprimer des notes ajout\u00e9es, cliquez avec le bouton droit (bouton droit de la souris) sur une note ajout\u00e9e dans la liste des notes et s\u00e9lectionnez &#8220;Supprimer la note&#8221; (ou &#8220;Supprimer la main&#8221; si vous supprimez une main ajout\u00e9e de la liste des notes).<\/p>\n\n\n\n<h3 class=\"wp-block-heading\">Comment \u00e9crire des mod\u00e8les dans la liste des mod\u00e8les de notes<\/h3>\n\n\n\n<p>Trouvez l&#8217;ic\u00f4ne des notes (1) dans le HUD et survolez-la avec votre pointeur de souris.<\/p>\n\n\n\n<figure class=\"wp-block-image size-large\"><img loading=\"lazy\" decoding=\"async\" width=\"1024\" height=\"824\" src=\"http:\/\/hand2noteguide.com\/wp-content\/uploads\/2025\/05\/\u0411\u0435\u0437-\u0438\u043c\u0435\u043d\u0444\u044b\u0432\u0438-1-1024x824.jpg\" alt=\"\" class=\"wp-image-11159\" srcset=\"https:\/\/hand2noteguide.com\/wp-content\/uploads\/2025\/05\/\u0411\u0435\u0437-\u0438\u043c\u0435\u043d\u0444\u044b\u0432\u0438-1-1024x824.jpg 1024w, https:\/\/hand2noteguide.com\/wp-content\/uploads\/2025\/05\/\u0411\u0435\u0437-\u0438\u043c\u0435\u043d\u0444\u044b\u0432\u0438-1-300x242.jpg 300w, https:\/\/hand2noteguide.com\/wp-content\/uploads\/2025\/05\/\u0411\u0435\u0437-\u0438\u043c\u0435\u043d\u0444\u044b\u0432\u0438-1-768x618.jpg 768w, https:\/\/hand2noteguide.com\/wp-content\/uploads\/2025\/05\/\u0411\u0435\u0437-\u0438\u043c\u0435\u043d\u0444\u044b\u0432\u0438-1-772x621.jpg 772w, https:\/\/hand2noteguide.com\/wp-content\/uploads\/2025\/05\/\u0411\u0435\u0437-\u0438\u043c\u0435\u043d\u0444\u044b\u0432\u0438-1-624x502.jpg 624w, https:\/\/hand2noteguide.com\/wp-content\/uploads\/2025\/05\/\u0411\u0435\u0437-\u0438\u043c\u0435\u043d\u0444\u044b\u0432\u0438-1.jpg 1036w\" sizes=\"auto, (max-width: 1024px) 100vw, 1024px\" \/><\/figure>\n\n\n\n<p>Dans la fen\u00eatre pop-up, s\u00e9lectionnez &#8220;+ Mod\u00e8le&#8221; (2) puis &#8220;+ Cr\u00e9er un mod\u00e8le&#8221; (3). Ensuite, entrez le texte du mod\u00e8le de note et cliquez sur &#8220;CR\u00c9ER&#8221; pour l&#8217;enregistrer.<\/p>\n\n\n\n<p>Apr\u00e8s avoir cr\u00e9\u00e9 un mod\u00e8le de note, il peut \u00eatre trouv\u00e9 dans la liste des mod\u00e8les et ajout\u00e9 \u00e0 un joueur.<\/p>\n\n\n\n<figure class=\"wp-block-image size-large\"><img loading=\"lazy\" decoding=\"async\" width=\"1024\" height=\"803\" src=\"http:\/\/hand2noteguide.com\/wp-content\/uploads\/2025\/05\/NUTS3-1-1024x803.jpg\" alt=\"\" class=\"wp-image-11232\" srcset=\"https:\/\/hand2noteguide.com\/wp-content\/uploads\/2025\/05\/NUTS3-1-1024x803.jpg 1024w, https:\/\/hand2noteguide.com\/wp-content\/uploads\/2025\/05\/NUTS3-1-300x235.jpg 300w, https:\/\/hand2noteguide.com\/wp-content\/uploads\/2025\/05\/NUTS3-1-768x602.jpg 768w, https:\/\/hand2noteguide.com\/wp-content\/uploads\/2025\/05\/NUTS3-1-772x606.jpg 772w, https:\/\/hand2noteguide.com\/wp-content\/uploads\/2025\/05\/NUTS3-1-624x489.jpg 624w, https:\/\/hand2noteguide.com\/wp-content\/uploads\/2025\/05\/NUTS3-1.jpg 1053w\" sizes=\"auto, (max-width: 1024px) 100vw, 1024px\" \/><\/figure>\n\n\n\n<p><em>Lors de la cr\u00e9ation de mod\u00e8les de notes via le HUD ou le popup pour un joueur, ils seront \u00e9galement visibles et disponibles pour une utilisation avec d&#8217;autres joueurs.<\/em><\/p>\n\n\n\n<h3 class=\"wp-block-heading\">Possibilit\u00e9 de cr\u00e9er, modifier ou ajouter des notes via un popup sur un joueur<\/h3>\n\n\n\n<p>Hand2Note vous permet de saisir et de modifier des notes ou leurs mod\u00e8les via des popups sur les joueurs, tout comme via les HUDs.<\/p>\n\n\n\n<p>Pour ce faire, dans le popup ouvert sur un joueur, trouvez le label &#8220;Notes&#8221; (1) et cliquez dessus. Dans la zone (2), vous pouvez voir les notes ajout\u00e9es, ainsi que modifier la liste comme indiqu\u00e9 ci-dessus, en utilisant les m\u00eames actions que via les fen\u00eatres HUD.<\/p>\n\n\n\n<figure class=\"wp-block-image size-full\"><img loading=\"lazy\" decoding=\"async\" width=\"828\" height=\"625\" src=\"http:\/\/hand2noteguide.com\/wp-content\/uploads\/2025\/05\/NUTS2-1.jpg\" alt=\"\" class=\"wp-image-11234\" srcset=\"https:\/\/hand2noteguide.com\/wp-content\/uploads\/2025\/05\/NUTS2-1.jpg 828w, https:\/\/hand2noteguide.com\/wp-content\/uploads\/2025\/05\/NUTS2-1-300x226.jpg 300w, https:\/\/hand2noteguide.com\/wp-content\/uploads\/2025\/05\/NUTS2-1-768x580.jpg 768w, https:\/\/hand2noteguide.com\/wp-content\/uploads\/2025\/05\/NUTS2-1-772x583.jpg 772w, https:\/\/hand2noteguide.com\/wp-content\/uploads\/2025\/05\/NUTS2-1-624x471.jpg 624w\" sizes=\"auto, (max-width: 828px) 100vw, 828px\" \/><\/figure>\n\n\n\n<h3 class=\"wp-block-heading\">Ajouter une note sur une statistique<\/h3>\n\n\n\n<p>Dans Hand2Note, vous pouvez ajouter des notes non seulement sur les joueurs via le HUD ou le popup, mais aussi une note sur n&#8217;importe quelle statistique d&#8217;un joueur via la fen\u00eatre popup sur la statistique.<\/p>\n\n\n\n<p>Pour ce faire, dans la fen\u00eatre popup ouverte sur la statistique, apportez des modifications comme indiqu\u00e9 ci-dessus, en utilisant les m\u00eames actions que via les fen\u00eatres HUD.<\/p>\n\n\n\n<figure class=\"wp-block-image size-full\"><img loading=\"lazy\" decoding=\"async\" width=\"617\" height=\"711\" src=\"http:\/\/hand2noteguide.com\/wp-content\/uploads\/2025\/05\/\u0411\u0435\u0437-\u0438\u0444\u044b\u0432\u0444\u044b\u0432\u043c\u0435\u043d\u0438-1.jpg\" alt=\"\" class=\"wp-image-11181\" srcset=\"https:\/\/hand2noteguide.com\/wp-content\/uploads\/2025\/05\/\u0411\u0435\u0437-\u0438\u0444\u044b\u0432\u0444\u044b\u0432\u043c\u0435\u043d\u0438-1.jpg 617w, https:\/\/hand2noteguide.com\/wp-content\/uploads\/2025\/05\/\u0411\u0435\u0437-\u0438\u0444\u044b\u0432\u0444\u044b\u0432\u043c\u0435\u043d\u0438-1-260x300.jpg 260w, https:\/\/hand2noteguide.com\/wp-content\/uploads\/2025\/05\/\u0411\u0435\u0437-\u0438\u0444\u044b\u0432\u0444\u044b\u0432\u043c\u0435\u043d\u0438-1-542x624.jpg 542w\" sizes=\"auto, (max-width: 617px) 100vw, 617px\" \/><\/figure>\n\n\n\n<p>Les notes saisies appara\u00eetront dans le popup sur la statistique pour ce joueur et dans la statistique o\u00f9 vous les avez saisies.<\/p>\n\n\n\n<p><em>De plus, si une note est saisie sur une statistique, un petit point appara\u00eetra dans le HUD ou la fen\u00eatre popup \u00e0 c\u00f4t\u00e9 de la statistique elle-m\u00eame, indiquant la pr\u00e9sence d&#8217;une note.<\/em><\/p>\n\n\n\n<h2 class=\"wp-block-heading\">Modifier l&#8217;apparence des notes<\/h2>\n\n\n\n<p>Pour ouvrir le menu de modification de l&#8217;apparence des notes dans la fen\u00eatre principale de Hand2Note, trouvez le label &#8220;Configuration&#8221; (1) et cliquez dessus. Ensuite, s\u00e9lectionnez le menu &#8220;Notes&#8221; (2).<\/p>\n\n\n\n<figure class=\"wp-block-image size-large\"><img loading=\"lazy\" decoding=\"async\" width=\"1024\" height=\"576\" src=\"http:\/\/hand2noteguide.com\/wp-content\/uploads\/2025\/05\/\u0411\u0435\u0437-\u0438\u043c\u0443\u043a\u0435\u0443\u043a\u0435\u0443\u043a\u0435\u0435\u043d\u0438-1-1024x576.jpg\" alt=\"\" class=\"wp-image-11178\" srcset=\"https:\/\/hand2noteguide.com\/wp-content\/uploads\/2025\/05\/\u0411\u0435\u0437-\u0438\u043c\u0443\u043a\u0435\u0443\u043a\u0435\u0443\u043a\u0435\u0435\u043d\u0438-1-1024x576.jpg 1024w, https:\/\/hand2noteguide.com\/wp-content\/uploads\/2025\/05\/\u0411\u0435\u0437-\u0438\u043c\u0443\u043a\u0435\u0443\u043a\u0435\u0443\u043a\u0435\u0435\u043d\u0438-1-300x169.jpg 300w, https:\/\/hand2noteguide.com\/wp-content\/uploads\/2025\/05\/\u0411\u0435\u0437-\u0438\u043c\u0443\u043a\u0435\u0443\u043a\u0435\u0443\u043a\u0435\u0435\u043d\u0438-1-768x432.jpg 768w, https:\/\/hand2noteguide.com\/wp-content\/uploads\/2025\/05\/\u0411\u0435\u0437-\u0438\u043c\u0443\u043a\u0435\u0443\u043a\u0435\u0443\u043a\u0435\u0435\u043d\u0438-1-1536x864.jpg 1536w, https:\/\/hand2noteguide.com\/wp-content\/uploads\/2025\/05\/\u0411\u0435\u0437-\u0438\u043c\u0443\u043a\u0435\u0443\u043a\u0435\u0443\u043a\u0435\u0435\u043d\u0438-1-772x434.jpg 772w, https:\/\/hand2noteguide.com\/wp-content\/uploads\/2025\/05\/\u0411\u0435\u0437-\u0438\u043c\u0443\u043a\u0435\u0443\u043a\u0435\u0443\u043a\u0435\u0435\u043d\u0438-1-624x351.jpg 624w, https:\/\/hand2noteguide.com\/wp-content\/uploads\/2025\/05\/\u0411\u0435\u0437-\u0438\u043c\u0443\u043a\u0435\u0443\u043a\u0435\u0443\u043a\u0435\u0435\u043d\u0438-1.jpg 1920w\" sizes=\"auto, (max-width: 1024px) 100vw, 1024px\" \/><\/figure>\n\n\n\n<p>Dans ce menu, vous pouvez :<\/p>\n\n\n\n<ul class=\"wp-block-list\">\n<li>D\u00e9finir la taille de police des notes (3) ;<\/li>\n\n\n\n<li>D\u00e9finir la couleur de police des notes (4) ;<\/li>\n\n\n\n<li>D\u00e9finir la taille de police de la date \u00e0 laquelle les notes ont \u00e9t\u00e9 saisies (5) ;<\/li>\n\n\n\n<li>D\u00e9finir la couleur de police de la date \u00e0 laquelle les notes ont \u00e9t\u00e9 saisies (6) ;<\/li>\n\n\n\n<li>D\u00e9finir l&#8217;arri\u00e8re-plan des notes (7) ;<\/li>\n\n\n\n<li>D\u00e9finir la couleur de l&#8217;indicateur de note sur une statistique (8).<\/li>\n<\/ul>\n\n\n\n<p>Toutes les modifications apport\u00e9es dans ce menu peuvent \u00eatre vues dans le bloc d&#8217;aper\u00e7u (9).<\/p>\n\n\n\n<h2 class=\"wp-block-heading\">Exporter et importer des notes<\/h2>\n\n\n\n<p>Pour exporter et importer des notes vers un nouvel appareil ou un autre Hand2Note, trouvez le label &#8220;Configuration&#8221; (1) dans le menu sup\u00e9rieur de la fen\u00eatre Hand2Note et cliquez dessus. Ensuite, dans la liste d\u00e9roulante, cliquez sur &#8220;Exporter les notes\u2026&#8221; (2). Dans la fen\u00eatre ouverte, sp\u00e9cifiez l&#8217;emplacement d&#8217;enregistrement et le nom du fichier de notes Hand2Note (3), puis cliquez sur &#8220;Enregistrer&#8221; (4).<\/p>\n\n\n\n<p><em>Le fichier de notes, apr\u00e8s sa cr\u00e9ation, doit avoir l&#8217;extension de fichier &#8220;.h2nnotes&#8221;.<\/em><\/p>\n\n\n\n<figure class=\"wp-block-image\"><img loading=\"lazy\" decoding=\"async\" width=\"1024\" height=\"576\" src=\"http:\/\/hand2noteguide.com\/wp-content\/uploads\/2025\/05\/\u0411\u0435\u0437-\u0438561313767\u043c\u0435\u043d\u0438-1-1024x576.jpg\" alt=\"\" class=\"wp-image-10869\" srcset=\"https:\/\/hand2noteguide.com\/wp-content\/uploads\/2025\/05\/\u0411\u0435\u0437-\u0438561313767\u043c\u0435\u043d\u0438-1-1024x576.jpg 1024w, https:\/\/hand2noteguide.com\/wp-content\/uploads\/2025\/05\/\u0411\u0435\u0437-\u0438561313767\u043c\u0435\u043d\u0438-1-300x169.jpg 300w, https:\/\/hand2noteguide.com\/wp-content\/uploads\/2025\/05\/\u0411\u0435\u0437-\u0438561313767\u043c\u0435\u043d\u0438-1-768x432.jpg 768w, https:\/\/hand2noteguide.com\/wp-content\/uploads\/2025\/05\/\u0411\u0435\u0437-\u0438561313767\u043c\u0435\u043d\u0438-1-1536x864.jpg 1536w, https:\/\/hand2noteguide.com\/wp-content\/uploads\/2025\/05\/\u0411\u0435\u0437-\u0438561313767\u043c\u0435\u043d\u0438-1-772x434.jpg 772w, https:\/\/hand2noteguide.com\/wp-content\/uploads\/2025\/05\/\u0411\u0435\u0437-\u0438561313767\u043c\u0435\u043d\u0438-1-624x351.jpg 624w, https:\/\/hand2noteguide.com\/wp-content\/uploads\/2025\/05\/\u0411\u0435\u0437-\u0438561313767\u043c\u0435\u043d\u0438-1.jpg 1920w\" sizes=\"auto, (max-width: 1024px) 100vw, 1024px\" \/><\/figure>\n\n\n\n<p>Pour effectuer l&#8217;importation des notes, trouvez le label &#8220;Configuration&#8221; (5) dans le menu sup\u00e9rieur de la fen\u00eatre Hand2Note et cliquez dessus. Ensuite, dans la liste d\u00e9roulante, cliquez sur &#8220;Importer les notes\u2026&#8221; (6). Dans la fen\u00eatre ouverte, trouvez l&#8217;emplacement d&#8217;enregistrement du fichier de notes Hand2Note (avec l&#8217;extension de fichier &#8220;.h2nnotes&#8221;) et s\u00e9lectionnez-le (7), puis cliquez sur &#8220;Ouvrir&#8221; (8).<\/p>\n\n\n\n<p>Voir aussi : <a href=\"https:\/\/hand2note.com\/Help\/Features\/notes\" target=\"_blank\" rel=\"noopener\">Manuel officiel de Hand2Note : Utilisation des notes<\/a>.<\/p>\n","protected":false},"excerpt":{"rendered":"<p>Hand2Note vous permet d&#8217;\u00e9crire des notes (commentaires) sur chaque joueur sous forme de texte ou de mod\u00e8les. Vous pouvez \u00e9galement inclure n&#8217;importe quelle main jou\u00e9e dans celles-ci. Cette fonctionnalit\u00e9 vous permet de prendre des notes sur les joueurs, ce qui vous aidera \u00e0 prendre des d\u00e9cisions pendant une main. Comment prendre une note sur un &hellip; <a href=\"https:\/\/hand2noteguide.com\/fr\/user-manual\/the-use-and-possibilities-of-notes-in-hand2note\/\" class=\"more-link\">Continue reading <span class=\"screen-reader-text\">Utilisation des notes dans Hand2Note<\/span><\/a><\/p>\n","protected":false},"author":3,"featured_media":11133,"parent":9199,"menu_order":0,"comment_status":"closed","ping_status":"closed","template":"","meta":{"footnotes":""},"class_list":["post-11131","page","type-page","status-publish","has-post-thumbnail","hentry"],"translation":{"provider":"WPGlobus","version":"3.0.2","language":"fr","enabled_languages":["en","ru","pt","zh","es","fr","de","it","ja"],"languages":{"en":{"title":true,"content":true,"excerpt":false},"ru":{"title":true,"content":true,"excerpt":false},"pt":{"title":true,"content":true,"excerpt":false},"zh":{"title":true,"content":true,"excerpt":false},"es":{"title":true,"content":true,"excerpt":false},"fr":{"title":true,"content":true,"excerpt":false},"de":{"title":true,"content":true,"excerpt":false},"it":{"title":true,"content":true,"excerpt":false},"ja":{"title":true,"content":true,"excerpt":false}}},"yoast_head":"<!-- This site is optimized with the Yoast SEO plugin v27.0 - https:\/\/yoast.com\/product\/yoast-seo-wordpress\/ -->\n<title>Ma\u00eetriser les notes de joueur dans Hand2Note pour am\u00e9liorer votre jeu<\/title>\n<meta name=\"description\" content=\"Dans Hand2Note, vous pouvez \u00e9crire des notes sur chaque joueur sous forme de texte ou de mod\u00e8les. Vous pouvez \u00e9galement y inclure des mains jou\u00e9es.\" \/>\n<meta name=\"robots\" content=\"index, follow, max-snippet:-1, max-image-preview:large, max-video-preview:-1\" \/>\n<link rel=\"canonical\" href=\"https:\/\/hand2noteguide.com\/user-manual\/the-use-and-possibilities-of-notes-in-hand2note\/\" \/>\n<meta property=\"og:locale\" content=\"fr_FR\" \/>\n<meta property=\"og:type\" content=\"article\" \/>\n<meta property=\"og:title\" content=\"Ma\u00eetriser les notes de joueur dans Hand2Note pour am\u00e9liorer votre jeu\" \/>\n<meta property=\"og:description\" content=\"Dans Hand2Note, vous pouvez \u00e9crire des notes sur chaque joueur sous forme de texte ou de mod\u00e8les. Vous pouvez \u00e9galement y inclure des mains jou\u00e9es.\" \/>\n<meta property=\"og:url\" content=\"https:\/\/hand2noteguide.com\/user-manual\/the-use-and-possibilities-of-notes-in-hand2note\/\" \/>\n<meta property=\"og:site_name\" content=\"Hand2Note Guide\" \/>\n<meta property=\"article:modified_time\" content=\"2026-03-10T08:27:47+00:00\" \/>\n<meta property=\"og:image\" content=\"https:\/\/hand2noteguide.com\/wp-content\/uploads\/2025\/05\/fantasy-poker.jpg\" \/>\n\t<meta property=\"og:image:width\" content=\"1320\" \/>\n\t<meta property=\"og:image:height\" content=\"600\" \/>\n\t<meta property=\"og:image:type\" content=\"image\/jpeg\" \/>\n<meta name=\"twitter:card\" content=\"summary_large_image\" \/>\n<meta name=\"twitter:label1\" content=\"Est. reading time\" \/>\n\t<meta name=\"twitter:data1\" content=\"2 minutes\" \/>\n<!-- \/ Yoast SEO plugin. -->","yoast_head_json":{"title":"Ma\u00eetriser les notes de joueur dans Hand2Note pour am\u00e9liorer votre jeu","description":"Dans Hand2Note, vous pouvez \u00e9crire des notes sur chaque joueur sous forme de texte ou de mod\u00e8les. Vous pouvez \u00e9galement y inclure des mains jou\u00e9es.","robots":{"index":"index","follow":"follow","max-snippet":"max-snippet:-1","max-image-preview":"max-image-preview:large","max-video-preview":"max-video-preview:-1"},"canonical":"https:\/\/hand2noteguide.com\/user-manual\/the-use-and-possibilities-of-notes-in-hand2note\/","og_locale":"fr_FR","og_type":"article","og_title":"Ma\u00eetriser les notes de joueur dans Hand2Note pour am\u00e9liorer votre jeu","og_description":"Dans Hand2Note, vous pouvez \u00e9crire des notes sur chaque joueur sous forme de texte ou de mod\u00e8les. Vous pouvez \u00e9galement y inclure des mains jou\u00e9es.","og_url":"https:\/\/hand2noteguide.com\/user-manual\/the-use-and-possibilities-of-notes-in-hand2note\/","og_site_name":"Hand2Note Guide","article_modified_time":"2026-03-10T08:27:47+00:00","og_image":[{"width":1320,"height":600,"url":"https:\/\/hand2noteguide.com\/wp-content\/uploads\/2025\/05\/fantasy-poker.jpg","type":"image\/jpeg"}],"twitter_card":"summary_large_image","twitter_misc":{"Est. reading time":"2 minutes"},"schema":{"@context":"https:\/\/schema.org","@graph":[]}},"jetpack_sharing_enabled":true,"_links":{"self":[{"href":"https:\/\/hand2noteguide.com\/fr\/wp-json\/wp\/v2\/pages\/11131","targetHints":{"allow":["GET"]}}],"collection":[{"href":"https:\/\/hand2noteguide.com\/fr\/wp-json\/wp\/v2\/pages"}],"about":[{"href":"https:\/\/hand2noteguide.com\/fr\/wp-json\/wp\/v2\/types\/page"}],"author":[{"embeddable":true,"href":"https:\/\/hand2noteguide.com\/fr\/wp-json\/wp\/v2\/users\/3"}],"replies":[{"embeddable":true,"href":"https:\/\/hand2noteguide.com\/fr\/wp-json\/wp\/v2\/comments?post=11131"}],"version-history":[{"count":65,"href":"https:\/\/hand2noteguide.com\/fr\/wp-json\/wp\/v2\/pages\/11131\/revisions"}],"predecessor-version":[{"id":15628,"href":"https:\/\/hand2noteguide.com\/fr\/wp-json\/wp\/v2\/pages\/11131\/revisions\/15628"}],"up":[{"embeddable":true,"href":"https:\/\/hand2noteguide.com\/fr\/wp-json\/wp\/v2\/pages\/9199"}],"wp:featuredmedia":[{"embeddable":true,"href":"https:\/\/hand2noteguide.com\/fr\/wp-json\/wp\/v2\/media\/11133"}],"wp:attachment":[{"href":"https:\/\/hand2noteguide.com\/fr\/wp-json\/wp\/v2\/media?parent=11131"}],"curies":[{"name":"wp","href":"https:\/\/api.w.org\/{rel}","templated":true}]}}