{"id":113,"date":"2018-07-30T03:04:27","date_gmt":"2018-07-30T00:04:27","guid":{"rendered":"https:\/\/h2n312.wordpress.com\/?page_id=113"},"modified":"2025-06-04T19:17:32","modified_gmt":"2025-06-04T16:17:32","slug":"hand2note-version","status":"publish","type":"page","link":"https:\/\/hand2noteguide.com\/fr\/guide\/hand2note-version\/","title":{"rendered":"Version utilis\u00e9e. Mise \u00e0 jour de Hand2Note."},"content":{"rendered":"\n<p>Les informations sur la version que vous utilisez sont affich\u00e9es dans le coin inf\u00e9rieur droit du logiciel. L&#8217;historique des mises \u00e0 jour de Hand2Note et des modules int\u00e9gr\u00e9s peut \u00eatre consult\u00e9 en cliquant sur le lien &#8220;Updates&#8221;. Si l&#8217;inscription n&#8217;est pas marqu\u00e9e en rouge, il n&#8217;y a actuellement aucune mise \u00e0 jour disponible, et vous utilisez la derni\u00e8re version du produit.<\/p>\n\n\n\n<figure class=\"wp-block-image\"><img loading=\"lazy\" decoding=\"async\" width=\"195\" height=\"52\" src=\"https:\/\/hand2noteguide.com\/wp-content\/uploads\/2019\/07\/hand2note-version-up-to-date.png\" alt=\"hand2note version up to date\" class=\"wp-image-1616\" \/><\/figure>\n\n\n\n<p>Si l&#8217;inscription est rouge, alors des mises \u00e0 jour sont disponibles et il est recommand\u00e9 de les installer.<\/p>\n\n\n\n<figure class=\"wp-block-image\"><img loading=\"lazy\" decoding=\"async\" width=\"223\" height=\"57\" src=\"https:\/\/hand2noteguide.com\/wp-content\/uploads\/2019\/07\/hand2note-version-update.png\" alt=\"hand2note version update\" class=\"wp-image-1618\" \/><\/figure>\n\n\n\n<p>Les modules int\u00e9gr\u00e9s peuvent \u00eatre mis \u00e0 jour ind\u00e9pendamment en arri\u00e8re-plan, quelle que soit la version du logiciel utilis\u00e9e. Pour voir quand le module pour votre salle a \u00e9t\u00e9 mis \u00e0 jour pour la derni\u00e8re fois, allez dans le dossier <em>C:\/Program Files\/Hand2Note\/external\/x64<\/em> et regardez les dates de derni\u00e8re modification. Par exemple, dans la capture d&#8217;\u00e9cran ci-dessous, le module pour PokerStars a \u00e9t\u00e9 mis \u00e0 jour pour la derni\u00e8re fois le 19 juin 2019.<\/p>\n\n\n\n<figure class=\"wp-block-image\"><img loading=\"lazy\" decoding=\"async\" width=\"863\" height=\"375\" src=\"https:\/\/hand2noteguide.com\/wp-content\/uploads\/2019\/07\/hand2note-modules-update.png\" alt=\"hand2note modules update date\" class=\"wp-image-1470\" srcset=\"https:\/\/hand2noteguide.com\/wp-content\/uploads\/2019\/07\/hand2note-modules-update.png 863w, https:\/\/hand2noteguide.com\/wp-content\/uploads\/2019\/07\/hand2note-modules-update-300x130.png 300w, https:\/\/hand2noteguide.com\/wp-content\/uploads\/2019\/07\/hand2note-modules-update-768x334.png 768w, https:\/\/hand2noteguide.com\/wp-content\/uploads\/2019\/07\/hand2note-modules-update-772x335.png 772w, https:\/\/hand2noteguide.com\/wp-content\/uploads\/2019\/07\/hand2note-modules-update-624x271.png 624w\" sizes=\"auto, (max-width: 863px) 100vw, 863px\" \/><\/figure>\n","protected":false},"excerpt":{"rendered":"<p>Les informations sur la version que vous utilisez sont affich\u00e9es dans le coin inf\u00e9rieur droit du logiciel. L&#8217;historique des mises \u00e0 jour de Hand2Note et des modules int\u00e9gr\u00e9s peut \u00eatre consult\u00e9 en cliquant sur le lien &#8220;Updates&#8221;. Si l&#8217;inscription n&#8217;est pas marqu\u00e9e en rouge, il n&#8217;y a actuellement aucune mise \u00e0 jour disponible, et vous &hellip; <a href=\"https:\/\/hand2noteguide.com\/fr\/guide\/hand2note-version\/\" class=\"more-link\">Continue reading <span class=\"screen-reader-text\">Version utilis\u00e9e. Mise \u00e0 jour de Hand2Note.<\/span><\/a><\/p>\n","protected":false},"author":1,"featured_media":0,"parent":74,"menu_order":0,"comment_status":"closed","ping_status":"closed","template":"page-templates\/full-width-page.php","meta":{"footnotes":""},"class_list":["post-113","page","type-page","status-publish","hentry"],"translation":{"provider":"WPGlobus","version":"3.0.2","language":"fr","enabled_languages":["en","ru","pt","zh","es","fr","de","it","ja"],"languages":{"en":{"title":true,"content":true,"excerpt":false},"ru":{"title":true,"content":true,"excerpt":false},"pt":{"title":true,"content":true,"excerpt":false},"zh":{"title":true,"content":true,"excerpt":false},"es":{"title":true,"content":true,"excerpt":false},"fr":{"title":true,"content":true,"excerpt":false},"de":{"title":true,"content":true,"excerpt":false},"it":{"title":true,"content":true,"excerpt":false},"ja":{"title":true,"content":true,"excerpt":false}}},"yoast_head":"<!-- This site is optimized with the Yoast SEO plugin v27.0 - https:\/\/yoast.com\/product\/yoast-seo-wordpress\/ -->\n<title>V\u00e9rification de la version Hand2Note : Restez \u00e0 jour avec les derni\u00e8res fonctionnalit\u00e9s<\/title>\n<meta name=\"description\" content=\"V\u00e9rifiez facilement votre version de Hand2Note. Apprenez comment mettre \u00e0 jour vers les derni\u00e8res fonctionnalit\u00e9s et assurez-vous que vos modules sont \u00e0 jour pour une performance optimale.\" \/>\n<meta name=\"robots\" content=\"index, follow, max-snippet:-1, max-image-preview:large, max-video-preview:-1\" \/>\n<link rel=\"canonical\" href=\"https:\/\/hand2noteguide.com\/guide\/hand2note-version\/\" \/>\n<meta property=\"og:locale\" content=\"fr_FR\" \/>\n<meta property=\"og:type\" content=\"article\" \/>\n<meta property=\"og:title\" content=\"V\u00e9rification de la version Hand2Note : Restez \u00e0 jour avec les derni\u00e8res fonctionnalit\u00e9s\" \/>\n<meta property=\"og:description\" content=\"V\u00e9rifiez facilement votre version de Hand2Note. Apprenez comment mettre \u00e0 jour vers les derni\u00e8res fonctionnalit\u00e9s et assurez-vous que vos modules sont \u00e0 jour pour une performance optimale.\" \/>\n<meta property=\"og:url\" content=\"https:\/\/hand2noteguide.com\/guide\/hand2note-version\/\" \/>\n<meta property=\"og:site_name\" content=\"Hand2Note Guide\" \/>\n<meta property=\"article:modified_time\" content=\"2025-06-04T16:17:32+00:00\" \/>\n<meta property=\"og:image\" content=\"https:\/\/hand2noteguide.com\/wp-content\/uploads\/2019\/07\/hand2note-version-up-to-date.png\" \/>\n<meta name=\"twitter:card\" content=\"summary_large_image\" \/>\n<meta name=\"twitter:label1\" content=\"Est. reading time\" \/>\n\t<meta name=\"twitter:data1\" content=\"5 minutes\" \/>\n<!-- \/ Yoast SEO plugin. -->","yoast_head_json":{"title":"V\u00e9rification de la version Hand2Note : Restez \u00e0 jour avec les derni\u00e8res fonctionnalit\u00e9s","description":"V\u00e9rifiez facilement votre version de Hand2Note. Apprenez comment mettre \u00e0 jour vers les derni\u00e8res fonctionnalit\u00e9s et assurez-vous que vos modules sont \u00e0 jour pour une performance optimale.","robots":{"index":"index","follow":"follow","max-snippet":"max-snippet:-1","max-image-preview":"max-image-preview:large","max-video-preview":"max-video-preview:-1"},"canonical":"https:\/\/hand2noteguide.com\/guide\/hand2note-version\/","og_locale":"fr_FR","og_type":"article","og_title":"V\u00e9rification de la version Hand2Note : Restez \u00e0 jour avec les derni\u00e8res fonctionnalit\u00e9s","og_description":"V\u00e9rifiez facilement votre version de Hand2Note. Apprenez comment mettre \u00e0 jour vers les derni\u00e8res fonctionnalit\u00e9s et assurez-vous que vos modules sont \u00e0 jour pour une performance optimale.","og_url":"https:\/\/hand2noteguide.com\/guide\/hand2note-version\/","og_site_name":"Hand2Note Guide","article_modified_time":"2025-06-04T16:17:32+00:00","og_image":[{"url":"https:\/\/hand2noteguide.com\/wp-content\/uploads\/2019\/07\/hand2note-version-up-to-date.png","type":"","width":"","height":""}],"twitter_card":"summary_large_image","twitter_misc":{"Est. reading time":"5 minutes"},"schema":{"@context":"https:\/\/schema.org","@graph":[]}},"jetpack_sharing_enabled":false,"_links":{"self":[{"href":"https:\/\/hand2noteguide.com\/fr\/wp-json\/wp\/v2\/pages\/113","targetHints":{"allow":["GET"]}}],"collection":[{"href":"https:\/\/hand2noteguide.com\/fr\/wp-json\/wp\/v2\/pages"}],"about":[{"href":"https:\/\/hand2noteguide.com\/fr\/wp-json\/wp\/v2\/types\/page"}],"author":[{"embeddable":true,"href":"https:\/\/hand2noteguide.com\/fr\/wp-json\/wp\/v2\/users\/1"}],"replies":[{"embeddable":true,"href":"https:\/\/hand2noteguide.com\/fr\/wp-json\/wp\/v2\/comments?post=113"}],"version-history":[{"count":23,"href":"https:\/\/hand2noteguide.com\/fr\/wp-json\/wp\/v2\/pages\/113\/revisions"}],"predecessor-version":[{"id":13557,"href":"https:\/\/hand2noteguide.com\/fr\/wp-json\/wp\/v2\/pages\/113\/revisions\/13557"}],"up":[{"embeddable":true,"href":"https:\/\/hand2noteguide.com\/fr\/wp-json\/wp\/v2\/pages\/74"}],"wp:attachment":[{"href":"https:\/\/hand2noteguide.com\/fr\/wp-json\/wp\/v2\/media?parent=113"}],"curies":[{"name":"wp","href":"https:\/\/api.w.org\/{rel}","templated":true}]}}