{"id":11364,"date":"2025-05-21T17:15:08","date_gmt":"2025-05-21T14:15:08","guid":{"rendered":"https:\/\/hand2noteguide.com\/?page_id=11364"},"modified":"2026-03-10T11:28:33","modified_gmt":"2026-03-10T08:28:33","slug":"game-analysis-by-session-duration","status":"publish","type":"page","link":"https:\/\/hand2noteguide.com\/fr\/user-manual\/game-analysis-by-session-duration\/","title":{"rendered":"Analyser le jeu par dur\u00e9e de session avec Hand2Note"},"content":{"rendered":"\n<p>En r\u00e8gle g\u00e9n\u00e9rale, dans toute activit\u00e9, les gens ont tendance \u00e0 vivre des \u00e9tats cycliques : de l&#8217;\u00e9veil \u00e0 l&#8217;optimal, de l&#8217;optimal \u00e0 la fatigue. Le poker ne fait pas exception.<\/p>\n\n\n\n<p>Dans cet article, nous allons montrer comment un joueur peut utiliser Hand2Note pour d\u00e9terminer la plage de temps optimale pour la dur\u00e9e des sessions.<\/p>\n\n\n\n<h2 class=\"wp-block-heading\">D\u00e9terminer la dur\u00e9e de session optimale par le temps<\/h2>\n\n\n\n<div class=\"wp-block-group\"><div class=\"wp-block-group__inner-container is-layout-constrained wp-block-group-is-layout-constrained\">\n<p>Notre indicateur sera le r\u00e9sultat en WinRate EV, bb\/100, pour les sessions durant :<\/p>\n\n\n\n<ul class=\"wp-block-list\">\n<li>de 1 \u00e0 2 heures ;<\/li>\n\n\n\n<li>de 2 \u00e0 3 heures ;<\/li>\n\n\n\n<li>de 3 \u00e0 4 heures ;<\/li>\n\n\n\n<li>de 4 \u00e0 5 heures ;<\/li>\n\n\n\n<li>de 5 \u00e0 6 heures ;<\/li>\n\n\n\n<li>de 6 \u00e0 7 heures ;<\/li>\n\n\n\n<li>de 7 \u00e0 8 heures ;<\/li>\n\n\n\n<li>de 8 \u00e0 9 heures ;<\/li>\n\n\n\n<li>de 9 \u00e0 10 heures.<\/li>\n<\/ul>\n\n\n\n<h3 class=\"wp-block-heading\">G\u00e9n\u00e9rer un rapport de dur\u00e9e de session dans Hand2Note<\/h3>\n\n\n\n<p>Pour voir le WinRate EV global, bb\/100 pour les sessions d&#8217;une certaine dur\u00e9e, nous pouvons utiliser l&#8217;outil <a href=\"https:\/\/hand2noteguide.com\/fr\/user-manual\/hand2note-report-menu\/\">&#8220;Reports&#8221;<\/a> dans Hand2Note.<\/p>\n\n\n\n<p>Dans la fen\u00eatre principale du programme, s\u00e9lectionnez &#8220;Reports&#8221;(1) et cliquez sur le bouton &#8220;+Filter&#8221;(2).<\/p>\n\n\n\n<figure class=\"wp-block-image size-large\"><img loading=\"lazy\" decoding=\"async\" width=\"1024\" height=\"549\" src=\"http:\/\/hand2noteguide.com\/wp-content\/uploads\/2025\/05\/123345-1-1024x549.jpg\" alt=\"\" class=\"wp-image-11681\" srcset=\"https:\/\/hand2noteguide.com\/wp-content\/uploads\/2025\/05\/123345-1-1024x549.jpg 1024w, https:\/\/hand2noteguide.com\/wp-content\/uploads\/2025\/05\/123345-1-300x161.jpg 300w, https:\/\/hand2noteguide.com\/wp-content\/uploads\/2025\/05\/123345-1-768x412.jpg 768w, https:\/\/hand2noteguide.com\/wp-content\/uploads\/2025\/05\/123345-1-1536x824.jpg 1536w, https:\/\/hand2noteguide.com\/wp-content\/uploads\/2025\/05\/123345-1-772x414.jpg 772w, https:\/\/hand2noteguide.com\/wp-content\/uploads\/2025\/05\/123345-1-624x335.jpg 624w, https:\/\/hand2noteguide.com\/wp-content\/uploads\/2025\/05\/123345-1.jpg 1919w\" sizes=\"auto, (max-width: 1024px) 100vw, 1024px\" \/><\/figure>\n<\/div><\/div>\n\n\n\n<p>Ensuite, allez dans &#8220;Sessions&#8221;(3) et trouvez la ligne &#8220;Sessions length (min)&#8221;(4). Entrez notre premi\u00e8re plage de temps &#8211; de 1 \u00e0 2 heures, en minutes (de 60 \u00e0 120 minutes). Apr\u00e8s avoir entr\u00e9 la plage de temps, cliquez sur &#8220;APPLY&#8221;(5) pour appliquer le filtre.<\/p>\n\n\n\n<p>Apr\u00e8s avoir appliqu\u00e9 le filtre, nous pouvons le voir actif dans la zone (1).<\/p>\n\n\n\n<figure class=\"wp-block-image size-large\"><img loading=\"lazy\" decoding=\"async\" width=\"1024\" height=\"551\" src=\"http:\/\/hand2noteguide.com\/wp-content\/uploads\/2025\/05\/456456464651-1-1024x551.jpg\" alt=\"\" class=\"wp-image-11755\" srcset=\"https:\/\/hand2noteguide.com\/wp-content\/uploads\/2025\/05\/456456464651-1-1024x551.jpg 1024w, https:\/\/hand2noteguide.com\/wp-content\/uploads\/2025\/05\/456456464651-1-300x161.jpg 300w, https:\/\/hand2noteguide.com\/wp-content\/uploads\/2025\/05\/456456464651-1-768x413.jpg 768w, https:\/\/hand2noteguide.com\/wp-content\/uploads\/2025\/05\/456456464651-1-1536x826.jpg 1536w, https:\/\/hand2noteguide.com\/wp-content\/uploads\/2025\/05\/456456464651-1-772x415.jpg 772w, https:\/\/hand2noteguide.com\/wp-content\/uploads\/2025\/05\/456456464651-1-624x336.jpg 624w, https:\/\/hand2noteguide.com\/wp-content\/uploads\/2025\/05\/456456464651-1.jpg 1919w\" sizes=\"auto, (max-width: 1024px) 100vw, 1024px\" \/><\/figure>\n\n\n\n<p>Aussi, en trouvant l&#8217;\u00e9tiquette &#8220;WinRate EV, bb\/100&#8243;(2), nous pouvons remarquer que le WinRate EV, bb\/100 pour les sessions durant de 1 \u00e0 2 heures est de 1,5.<\/p>\n\n\n\n<p>En r\u00e9p\u00e9tant les actions d\u00e9crites ci-dessus, mais en d\u00e9finissant de nouvelles plages de temps, notre WinRate EV, bb\/100 est :<\/p>\n\n\n\n<ul class=\"wp-block-list\">\n<li>pour une session de 1 \u00e0 2 heures \u2013 1,5 ;<\/li>\n\n\n\n<li>pour une session de 2 \u00e0 3 heures \u2013 7,4 ;<\/li>\n\n\n\n<li>pour une session de 3 \u00e0 4 heures \u2013 6,9 ;<\/li>\n\n\n\n<li>pour une session de 4 \u00e0 5 heures \u2013 8,3 ;<\/li>\n\n\n\n<li>pour une session de 5 \u00e0 6 heures \u2013 2,1 ;<\/li>\n\n\n\n<li>pour une session de 6 \u00e0 7 heures \u2013 3,3 ;<\/li>\n\n\n\n<li>pour une session de 7 \u00e0 8 heures \u2013 1,4 ;<\/li>\n\n\n\n<li>pour une session de 8 \u00e0 9 heures \u2013 -0,8 ;<\/li>\n\n\n\n<li>pour une session de 9 \u00e0 10 heures \u2013 -2,1.<\/li>\n<\/ul>\n\n\n\n<p>En fin de compte, on peut noter que le jeu optimal se situe dans la plage de 2 \u00e0 5 heures de session de jeu.<\/p>\n\n\n\n<p>Ainsi, vous pouvez d\u00e9terminer votre plage de temps optimale pour la dur\u00e9e des sessions.<\/p>\n\n\n\n<p>Il est important de noter que vous avez besoin d&#8217;une bonne taille d&#8217;\u00e9chantillon pour ce type d&#8217;analyse. Sur de petites bases de donn\u00e9es, les r\u00e9sultats peuvent \u00eatre incoh\u00e9rents. Dans notre exemple, le taux de gain pour les sessions durant de 1 \u00e0 2 heures n&#8217;\u00e9tait que de 1,5, tandis que pour les sessions de 2 \u00e0 3 heures, il \u00e9tait de 7,4. Bien s\u00fbr, cela ne signifie pas que vous devez toujours jouer pendant au moins 2 heures. Tr\u00e8s probablement, de tels chiffres sont dus \u00e0 une taille d&#8217;\u00e9chantillon insuffisante.<\/p>\n\n\n\n<p>Ce \u00e0 quoi vous devez vraiment pr\u00eater attention, c&#8217;est \u00e0 partir de quelle dur\u00e9e de session votre taux de gain commence \u00e0 baisser. Dans notre exemple, une baisse significative est observ\u00e9e apr\u00e8s 5 heures \u2014 et cela peut \u00eatre interpr\u00e9t\u00e9 comme un signal que vous pourriez vouloir arr\u00eater apr\u00e8s 4 \u00e0 5 heures de jeu et faire une pause.<\/p>\n\n\n\n<p>Rappelez-vous que chacun a des caract\u00e9ristiques individuelles, et la capacit\u00e9 \u00e0 bien jouer pendant plusieurs heures varie d&#8217;une personne \u00e0 l&#8217;autre. Si vous remarquez que votre performance baisse m\u00eame apr\u00e8s 2 heures de jeu \u2014 c&#8217;est aussi bien. Divisez simplement vos sessions en blocs de 1 \u00e0 2 heures et prenez des pauses entre elles.<\/p>\n","protected":false},"excerpt":{"rendered":"<p>En r\u00e8gle g\u00e9n\u00e9rale, dans toute activit\u00e9, les gens ont tendance \u00e0 vivre des \u00e9tats cycliques : de l&#8217;\u00e9veil \u00e0 l&#8217;optimal, de l&#8217;optimal \u00e0 la fatigue. Le poker ne fait pas exception. Dans cet article, nous allons montrer comment un joueur peut utiliser Hand2Note pour d\u00e9terminer la plage de temps optimale pour la dur\u00e9e des sessions. &hellip; <a href=\"https:\/\/hand2noteguide.com\/fr\/user-manual\/game-analysis-by-session-duration\/\" class=\"more-link\">Continue reading <span class=\"screen-reader-text\">Analyser le jeu par dur\u00e9e de session avec Hand2Note<\/span><\/a><\/p>\n","protected":false},"author":3,"featured_media":11383,"parent":9199,"menu_order":0,"comment_status":"closed","ping_status":"closed","template":"","meta":{"footnotes":""},"class_list":["post-11364","page","type-page","status-publish","has-post-thumbnail","hentry"],"translation":{"provider":"WPGlobus","version":"3.0.2","language":"fr","enabled_languages":["en","ru","pt","zh","es","fr","de","it","ja"],"languages":{"en":{"title":true,"content":true,"excerpt":false},"ru":{"title":true,"content":true,"excerpt":false},"pt":{"title":true,"content":true,"excerpt":false},"zh":{"title":true,"content":true,"excerpt":false},"es":{"title":true,"content":true,"excerpt":false},"fr":{"title":true,"content":true,"excerpt":false},"de":{"title":true,"content":true,"excerpt":false},"it":{"title":true,"content":true,"excerpt":false},"ja":{"title":true,"content":true,"excerpt":false}}},"yoast_head":"<!-- This site is optimized with the Yoast SEO plugin v27.0 - https:\/\/yoast.com\/product\/yoast-seo-wordpress\/ -->\n<title>Analyser le jeu par dur\u00e9e de session avec Hand2Note<\/title>\n<meta name=\"description\" content=\"D\u00e9couvrez comment analyser votre performance au poker par dur\u00e9e de session en utilisant Hand2Note. Trouvez la dur\u00e9e de session optimale bas\u00e9e sur les statistiques de WinRate EV, bb\/100.\" \/>\n<meta name=\"robots\" content=\"index, follow, max-snippet:-1, max-image-preview:large, max-video-preview:-1\" \/>\n<link rel=\"canonical\" href=\"https:\/\/hand2noteguide.com\/user-manual\/game-analysis-by-session-duration\/\" \/>\n<meta property=\"og:locale\" content=\"fr_FR\" \/>\n<meta property=\"og:type\" content=\"article\" \/>\n<meta property=\"og:title\" content=\"Analyser le jeu par dur\u00e9e de session avec Hand2Note\" \/>\n<meta property=\"og:description\" content=\"D\u00e9couvrez comment analyser votre performance au poker par dur\u00e9e de session en utilisant Hand2Note. Trouvez la dur\u00e9e de session optimale bas\u00e9e sur les statistiques de WinRate EV, bb\/100.\" \/>\n<meta property=\"og:url\" content=\"https:\/\/hand2noteguide.com\/user-manual\/game-analysis-by-session-duration\/\" \/>\n<meta property=\"og:site_name\" content=\"Hand2Note Guide\" \/>\n<meta property=\"article:modified_time\" content=\"2026-03-10T08:28:33+00:00\" \/>\n<meta property=\"og:image\" content=\"https:\/\/hand2noteguide.com\/wp-content\/uploads\/2025\/05\/\u0440\u0440\u0440.jpg\" \/>\n\t<meta property=\"og:image:width\" content=\"1920\" \/>\n\t<meta property=\"og:image:height\" content=\"1080\" \/>\n\t<meta property=\"og:image:type\" content=\"image\/jpeg\" \/>\n<meta name=\"twitter:card\" content=\"summary_large_image\" \/>\n<meta name=\"twitter:label1\" content=\"Est. reading time\" \/>\n\t<meta name=\"twitter:data1\" content=\"16 minutes\" \/>\n<!-- \/ Yoast SEO plugin. -->","yoast_head_json":{"title":"Analyser le jeu par dur\u00e9e de session avec Hand2Note","description":"D\u00e9couvrez comment analyser votre performance au poker par dur\u00e9e de session en utilisant Hand2Note. Trouvez la dur\u00e9e de session optimale bas\u00e9e sur les statistiques de WinRate EV, bb\/100.","robots":{"index":"index","follow":"follow","max-snippet":"max-snippet:-1","max-image-preview":"max-image-preview:large","max-video-preview":"max-video-preview:-1"},"canonical":"https:\/\/hand2noteguide.com\/user-manual\/game-analysis-by-session-duration\/","og_locale":"fr_FR","og_type":"article","og_title":"Analyser le jeu par dur\u00e9e de session avec Hand2Note","og_description":"D\u00e9couvrez comment analyser votre performance au poker par dur\u00e9e de session en utilisant Hand2Note. Trouvez la dur\u00e9e de session optimale bas\u00e9e sur les statistiques de WinRate EV, bb\/100.","og_url":"https:\/\/hand2noteguide.com\/user-manual\/game-analysis-by-session-duration\/","og_site_name":"Hand2Note Guide","article_modified_time":"2026-03-10T08:28:33+00:00","og_image":[{"width":1920,"height":1080,"url":"https:\/\/hand2noteguide.com\/wp-content\/uploads\/2025\/05\/\u0440\u0440\u0440.jpg","type":"image\/jpeg"}],"twitter_card":"summary_large_image","twitter_misc":{"Est. reading time":"16 minutes"},"schema":{"@context":"https:\/\/schema.org","@graph":[]}},"jetpack_sharing_enabled":true,"_links":{"self":[{"href":"https:\/\/hand2noteguide.com\/fr\/wp-json\/wp\/v2\/pages\/11364","targetHints":{"allow":["GET"]}}],"collection":[{"href":"https:\/\/hand2noteguide.com\/fr\/wp-json\/wp\/v2\/pages"}],"about":[{"href":"https:\/\/hand2noteguide.com\/fr\/wp-json\/wp\/v2\/types\/page"}],"author":[{"embeddable":true,"href":"https:\/\/hand2noteguide.com\/fr\/wp-json\/wp\/v2\/users\/3"}],"replies":[{"embeddable":true,"href":"https:\/\/hand2noteguide.com\/fr\/wp-json\/wp\/v2\/comments?post=11364"}],"version-history":[{"count":64,"href":"https:\/\/hand2noteguide.com\/fr\/wp-json\/wp\/v2\/pages\/11364\/revisions"}],"predecessor-version":[{"id":15629,"href":"https:\/\/hand2noteguide.com\/fr\/wp-json\/wp\/v2\/pages\/11364\/revisions\/15629"}],"up":[{"embeddable":true,"href":"https:\/\/hand2noteguide.com\/fr\/wp-json\/wp\/v2\/pages\/9199"}],"wp:featuredmedia":[{"embeddable":true,"href":"https:\/\/hand2noteguide.com\/fr\/wp-json\/wp\/v2\/media\/11383"}],"wp:attachment":[{"href":"https:\/\/hand2noteguide.com\/fr\/wp-json\/wp\/v2\/media?parent=11364"}],"curies":[{"name":"wp","href":"https:\/\/api.w.org\/{rel}","templated":true}]}}