{"id":12168,"date":"2025-05-26T09:03:09","date_gmt":"2025-05-26T06:03:09","guid":{"rendered":"https:\/\/hand2noteguide.com\/?page_id=12168"},"modified":"2026-03-10T11:30:39","modified_gmt":"2026-03-10T08:30:39","slug":"analyzing-play-based-on-distance-to-the-fish","status":"publish","type":"page","link":"https:\/\/hand2noteguide.com\/fr\/user-manual\/analyzing-play-based-on-distance-to-the-fish\/","title":{"rendered":"Analyse du jeu par distance au fish avec Hand2Note"},"content":{"rendered":"\n<p>Lorsqu&#8217;on joue avec une s\u00e9lection (<a href=\"https:\/\/hand2noteguide.com\/fr\/user-manual\/fish-game-analysis-selection-win-rate-at-fish-tables\/\">jeu cibl\u00e9 avec des fish<\/a>), il est important de jouer en position contre le fish. Cela signifie que le plus grand gain en gains est r\u00e9alis\u00e9 lorsque le fish est assis \u00e0 la table soit en premi\u00e8re ou deuxi\u00e8me position \u00e0 votre droite.<\/p>\n\n\n\n<p>Dans cet article, nous vous montrerons comment voir vos r\u00e9sultats de jeu contre diff\u00e9rentes positions de fish \u00e0 la table.<\/p>\n\n\n\n<h2 class=\"wp-block-heading\">Cr\u00e9er un rapport par distance au fish avec Hand2Note<\/h2>\n\n\n\n<p>L&#8217;outil <a href=\"https:\/\/hand2noteguide.com\/fr\/user-manual\/hand2note-report-menu\/\">&#8220;Reports&#8221; dans Hand2Note<\/a> nous aidera \u00e0 voir nos r\u00e9sultats de jeu contre diff\u00e9rentes positions de fish.<\/p>\n\n\n\n<p>Tout d&#8217;abord, souvenez-vous des num\u00e9ros de si\u00e8ge \u00e0 la table par rapport au h\u00e9ros selon le sch\u00e9ma :<\/p>\n\n\n\n<figure class=\"wp-block-image size-full\"><img loading=\"lazy\" decoding=\"async\" width=\"953\" height=\"809\" src=\"http:\/\/hand2noteguide.com\/wp-content\/uploads\/2025\/05\/\u0411\u0435\u0437-\u0438\u043c\u0435\u043d\u0438-3-1.jpg\" alt=\"\" class=\"wp-image-12375\" srcset=\"https:\/\/hand2noteguide.com\/wp-content\/uploads\/2025\/05\/\u0411\u0435\u0437-\u0438\u043c\u0435\u043d\u0438-3-1.jpg 953w, https:\/\/hand2noteguide.com\/wp-content\/uploads\/2025\/05\/\u0411\u0435\u0437-\u0438\u043c\u0435\u043d\u0438-3-1-300x255.jpg 300w, https:\/\/hand2noteguide.com\/wp-content\/uploads\/2025\/05\/\u0411\u0435\u0437-\u0438\u043c\u0435\u043d\u0438-3-1-768x652.jpg 768w, https:\/\/hand2noteguide.com\/wp-content\/uploads\/2025\/05\/\u0411\u0435\u0437-\u0438\u043c\u0435\u043d\u0438-3-1-772x655.jpg 772w, https:\/\/hand2noteguide.com\/wp-content\/uploads\/2025\/05\/\u0411\u0435\u0437-\u0438\u043c\u0435\u043d\u0438-3-1-624x530.jpg 624w\" sizes=\"auto, (max-width: 953px) 100vw, 953px\" \/><\/figure>\n\n\n\n<p>Ensuite, ouvrez les rapports dans Hand2Note. Pour ce faire, cliquez sur &#8220;Reports&#8221;(1). Assurez-vous ensuite que vous g\u00e9n\u00e9rez le rapport pour vous-m\u00eame en utilisant la zone (2) et cliquez sur &#8220;+ Filter&#8221;(3).<\/p>\n\n\n\n<figure class=\"wp-block-image size-large\"><img loading=\"lazy\" decoding=\"async\" width=\"1024\" height=\"576\" src=\"http:\/\/hand2noteguide.com\/wp-content\/uploads\/2025\/05\/\u0411\u0435\u0437-\u0438\u043c\u0435\u043d\u0438-2-2-1024x576.jpg\" alt=\"\" class=\"wp-image-12377\" srcset=\"https:\/\/hand2noteguide.com\/wp-content\/uploads\/2025\/05\/\u0411\u0435\u0437-\u0438\u043c\u0435\u043d\u0438-2-2-1024x576.jpg 1024w, https:\/\/hand2noteguide.com\/wp-content\/uploads\/2025\/05\/\u0411\u0435\u0437-\u0438\u043c\u0435\u043d\u0438-2-2-300x169.jpg 300w, https:\/\/hand2noteguide.com\/wp-content\/uploads\/2025\/05\/\u0411\u0435\u0437-\u0438\u043c\u0435\u043d\u0438-2-2-768x432.jpg 768w, https:\/\/hand2noteguide.com\/wp-content\/uploads\/2025\/05\/\u0411\u0435\u0437-\u0438\u043c\u0435\u043d\u0438-2-2-1536x864.jpg 1536w, https:\/\/hand2noteguide.com\/wp-content\/uploads\/2025\/05\/\u0411\u0435\u0437-\u0438\u043c\u0435\u043d\u0438-2-2-772x434.jpg 772w, https:\/\/hand2noteguide.com\/wp-content\/uploads\/2025\/05\/\u0411\u0435\u0437-\u0438\u043c\u0435\u043d\u0438-2-2-624x351.jpg 624w, https:\/\/hand2noteguide.com\/wp-content\/uploads\/2025\/05\/\u0411\u0435\u0437-\u0438\u043c\u0435\u043d\u0438-2-2.jpg 1920w\" sizes=\"auto, (max-width: 1024px) 100vw, 1024px\" \/><\/figure>\n\n\n\n<p>Dans la fen\u00eatre de filtre ouverte, allez \u00e0 l&#8217;onglet &#8220;General&#8221;(4). R\u00e9glez le nombre de fish \u00e0 la table de 1 \u00e0 1 dans la zone (5) et le VPIP requis du fish dans la zone (6). En utilisant le sch\u00e9ma ci-dessus, d\u00e9finissez la position requise du fish par rapport au h\u00e9ros dans la zone (7) et cliquez sur &#8220;OK&#8221;(8) pour appliquer le filtre.<\/p>\n\n\n\n<p>Apr\u00e8s avoir appliqu\u00e9 le filtre, vous pouvez le voir dans la liste des filtres appliqu\u00e9s dans la zone (1).<\/p>\n\n\n\n<figure class=\"wp-block-image size-large\"><img loading=\"lazy\" decoding=\"async\" width=\"1024\" height=\"576\" src=\"http:\/\/hand2noteguide.com\/wp-content\/uploads\/2025\/05\/\u0411\u0435\u0437-\u0438\u043c\u0435\u043d\u0438-4-1-1024x576.jpg\" alt=\"\" class=\"wp-image-12380\" srcset=\"https:\/\/hand2noteguide.com\/wp-content\/uploads\/2025\/05\/\u0411\u0435\u0437-\u0438\u043c\u0435\u043d\u0438-4-1-1024x576.jpg 1024w, https:\/\/hand2noteguide.com\/wp-content\/uploads\/2025\/05\/\u0411\u0435\u0437-\u0438\u043c\u0435\u043d\u0438-4-1-300x169.jpg 300w, https:\/\/hand2noteguide.com\/wp-content\/uploads\/2025\/05\/\u0411\u0435\u0437-\u0438\u043c\u0435\u043d\u0438-4-1-768x432.jpg 768w, https:\/\/hand2noteguide.com\/wp-content\/uploads\/2025\/05\/\u0411\u0435\u0437-\u0438\u043c\u0435\u043d\u0438-4-1-1536x864.jpg 1536w, https:\/\/hand2noteguide.com\/wp-content\/uploads\/2025\/05\/\u0411\u0435\u0437-\u0438\u043c\u0435\u043d\u0438-4-1-772x434.jpg 772w, https:\/\/hand2noteguide.com\/wp-content\/uploads\/2025\/05\/\u0411\u0435\u0437-\u0438\u043c\u0435\u043d\u0438-4-1-624x351.jpg 624w, https:\/\/hand2noteguide.com\/wp-content\/uploads\/2025\/05\/\u0411\u0435\u0437-\u0438\u043c\u0435\u043d\u0438-4-1.jpg 1920w\" sizes=\"auto, (max-width: 1024px) 100vw, 1024px\" \/><\/figure>\n\n\n\n<p>Vous pouvez \u00e9galement revoir vos r\u00e9sultats de jeu lorsque le fish est assis dans la position sp\u00e9cifi\u00e9e par rapport \u00e0 vous (2).<\/p>\n\n\n\n<p>Pour cr\u00e9er un rapport pour une autre position de fish par rapport \u00e0 vous, r\u00e9p\u00e9tez les \u00e9tapes des instructions, en d\u00e9finissant une position de fish diff\u00e9rente selon le sch\u00e9ma ci-dessus.<\/p>\n\n\n\n<p>De cette fa\u00e7on, vous pouvez \u00e9valuer votre jeu dans diff\u00e9rentes situations de si\u00e8ge par rapport au fish et choisir les priorit\u00e9s.<\/p>\n","protected":false},"excerpt":{"rendered":"<p>Lorsqu&#8217;on joue avec une s\u00e9lection (jeu cibl\u00e9 avec des fish), il est important de jouer en position contre le fish. Cela signifie que le plus grand gain en gains est r\u00e9alis\u00e9 lorsque le fish est assis \u00e0 la table soit en premi\u00e8re ou deuxi\u00e8me position \u00e0 votre droite. Dans cet article, nous vous montrerons comment &hellip; <a href=\"https:\/\/hand2noteguide.com\/fr\/user-manual\/analyzing-play-based-on-distance-to-the-fish\/\" class=\"more-link\">Continue reading <span class=\"screen-reader-text\">Analyse du jeu par distance au fish avec Hand2Note<\/span><\/a><\/p>\n","protected":false},"author":3,"featured_media":12370,"parent":9199,"menu_order":0,"comment_status":"closed","ping_status":"closed","template":"","meta":{"footnotes":""},"class_list":["post-12168","page","type-page","status-publish","has-post-thumbnail","hentry"],"translation":{"provider":"WPGlobus","version":"3.0.2","language":"fr","enabled_languages":["en","ru","pt","zh","es","fr","de","it","ja"],"languages":{"en":{"title":true,"content":true,"excerpt":false},"ru":{"title":true,"content":true,"excerpt":false},"pt":{"title":true,"content":true,"excerpt":false},"zh":{"title":true,"content":true,"excerpt":false},"es":{"title":true,"content":true,"excerpt":false},"fr":{"title":true,"content":true,"excerpt":false},"de":{"title":true,"content":true,"excerpt":false},"it":{"title":true,"content":true,"excerpt":false},"ja":{"title":true,"content":true,"excerpt":false}}},"yoast_head":"<!-- This site is optimized with the Yoast SEO plugin v27.0 - https:\/\/yoast.com\/product\/yoast-seo-wordpress\/ -->\n<title>Analyse du jeu par distance au fish avec Hand2Note<\/title>\n<meta name=\"description\" content=\"D\u00e9couvrez comment analyser les r\u00e9sultats de jeu contre les fish dans diff\u00e9rentes positions \u00e0 la table en utilisant Hand2Note pour am\u00e9liorer votre strat\u00e9gie.\" \/>\n<meta name=\"robots\" content=\"index, follow, max-snippet:-1, max-image-preview:large, max-video-preview:-1\" \/>\n<link rel=\"canonical\" href=\"https:\/\/hand2noteguide.com\/user-manual\/analyzing-play-based-on-distance-to-the-fish\/\" \/>\n<meta property=\"og:locale\" content=\"fr_FR\" \/>\n<meta property=\"og:type\" content=\"article\" \/>\n<meta property=\"og:title\" content=\"Analyse du jeu par distance au fish avec Hand2Note\" \/>\n<meta property=\"og:description\" content=\"D\u00e9couvrez comment analyser les r\u00e9sultats de jeu contre les fish dans diff\u00e9rentes positions \u00e0 la table en utilisant Hand2Note pour am\u00e9liorer votre strat\u00e9gie.\" \/>\n<meta property=\"og:url\" content=\"https:\/\/hand2noteguide.com\/user-manual\/analyzing-play-based-on-distance-to-the-fish\/\" \/>\n<meta property=\"og:site_name\" content=\"Hand2Note Guide\" \/>\n<meta property=\"article:modified_time\" content=\"2026-03-10T08:30:39+00:00\" \/>\n<meta property=\"og:image\" content=\"https:\/\/hand2noteguide.com\/wp-content\/uploads\/2025\/05\/\u0411\u0435\u0437-\u0438\u043c\u0435\u043d\u0438-1-5.jpg\" \/>\n\t<meta property=\"og:image:width\" content=\"1920\" \/>\n\t<meta property=\"og:image:height\" content=\"1080\" \/>\n\t<meta property=\"og:image:type\" content=\"image\/jpeg\" \/>\n<meta name=\"twitter:card\" content=\"summary_large_image\" \/>\n<meta name=\"twitter:label1\" content=\"Est. reading time\" \/>\n\t<meta name=\"twitter:data1\" content=\"9 minutes\" \/>\n<!-- \/ Yoast SEO plugin. -->","yoast_head_json":{"title":"Analyse du jeu par distance au fish avec Hand2Note","description":"D\u00e9couvrez comment analyser les r\u00e9sultats de jeu contre les fish dans diff\u00e9rentes positions \u00e0 la table en utilisant Hand2Note pour am\u00e9liorer votre strat\u00e9gie.","robots":{"index":"index","follow":"follow","max-snippet":"max-snippet:-1","max-image-preview":"max-image-preview:large","max-video-preview":"max-video-preview:-1"},"canonical":"https:\/\/hand2noteguide.com\/user-manual\/analyzing-play-based-on-distance-to-the-fish\/","og_locale":"fr_FR","og_type":"article","og_title":"Analyse du jeu par distance au fish avec Hand2Note","og_description":"D\u00e9couvrez comment analyser les r\u00e9sultats de jeu contre les fish dans diff\u00e9rentes positions \u00e0 la table en utilisant Hand2Note pour am\u00e9liorer votre strat\u00e9gie.","og_url":"https:\/\/hand2noteguide.com\/user-manual\/analyzing-play-based-on-distance-to-the-fish\/","og_site_name":"Hand2Note Guide","article_modified_time":"2026-03-10T08:30:39+00:00","og_image":[{"width":1920,"height":1080,"url":"https:\/\/hand2noteguide.com\/wp-content\/uploads\/2025\/05\/\u0411\u0435\u0437-\u0438\u043c\u0435\u043d\u0438-1-5.jpg","type":"image\/jpeg"}],"twitter_card":"summary_large_image","twitter_misc":{"Est. reading time":"9 minutes"},"schema":{"@context":"https:\/\/schema.org","@graph":[]}},"jetpack_sharing_enabled":true,"_links":{"self":[{"href":"https:\/\/hand2noteguide.com\/fr\/wp-json\/wp\/v2\/pages\/12168","targetHints":{"allow":["GET"]}}],"collection":[{"href":"https:\/\/hand2noteguide.com\/fr\/wp-json\/wp\/v2\/pages"}],"about":[{"href":"https:\/\/hand2noteguide.com\/fr\/wp-json\/wp\/v2\/types\/page"}],"author":[{"embeddable":true,"href":"https:\/\/hand2noteguide.com\/fr\/wp-json\/wp\/v2\/users\/3"}],"replies":[{"embeddable":true,"href":"https:\/\/hand2noteguide.com\/fr\/wp-json\/wp\/v2\/comments?post=12168"}],"version-history":[{"count":37,"href":"https:\/\/hand2noteguide.com\/fr\/wp-json\/wp\/v2\/pages\/12168\/revisions"}],"predecessor-version":[{"id":15631,"href":"https:\/\/hand2noteguide.com\/fr\/wp-json\/wp\/v2\/pages\/12168\/revisions\/15631"}],"up":[{"embeddable":true,"href":"https:\/\/hand2noteguide.com\/fr\/wp-json\/wp\/v2\/pages\/9199"}],"wp:featuredmedia":[{"embeddable":true,"href":"https:\/\/hand2noteguide.com\/fr\/wp-json\/wp\/v2\/media\/12370"}],"wp:attachment":[{"href":"https:\/\/hand2noteguide.com\/fr\/wp-json\/wp\/v2\/media?parent=12168"}],"curies":[{"name":"wp","href":"https:\/\/api.w.org\/{rel}","templated":true}]}}