{"id":12396,"date":"2025-05-28T16:43:37","date_gmt":"2025-05-28T13:43:37","guid":{"rendered":"https:\/\/hand2noteguide.com\/?page_id=12396"},"modified":"2026-03-10T11:31:19","modified_gmt":"2026-03-10T08:31:19","slug":"displaying-a-hud-on-a-hero","status":"publish","type":"page","link":"https:\/\/hand2noteguide.com\/fr\/user-manual\/displaying-a-hud-on-a-hero\/","title":{"rendered":"Affichage du HUD sur le Hero"},"content":{"rendered":"\n<p>Hand2Note vous permet d&#8217;afficher, en plus des fen\u00eatres HUD pour chaque adversaire, une fen\u00eatre HUD suppl\u00e9mentaire pour le hero. Elle refl\u00e9tera les statistiques de votre jeu.<\/p>\n\n\n\n<p>Cette fonctionnalit\u00e9 montre comment vos statistiques pourraient appara\u00eetre aux yeux des adversaires. Cela, \u00e0 son tour, aidera \u00e0 \u00e9viter l&#8217;exploitation de leur part.<\/p>\n\n\n\n<p><em>L&#8217;exploitation est un jeu ax\u00e9 sur les faiblesses du jeu de l&#8217;adversaire.<\/em><\/p>\n\n\n\n<h2 class=\"wp-block-heading\">Cr\u00e9er un HUD pour le hero dans Hand2Note<\/h2>\n\n\n\n<p>Pour afficher le HUD sur le hero, vous devez :<\/p>\n\n\n\n<ul class=\"wp-block-list\">\n<li>Copier le panneau HUD requis dans le &#8220;HUD Editor&#8221; pour l&#8217;afficher sur le hero ;<\/li>\n\n\n\n<li>D\u00e9finir les param\u00e8tres du panneau HUD copi\u00e9 pour l&#8217;afficher uniquement sur le hero ;<\/li>\n\n\n\n<li>Nettoyer et reconstruire les statistiques de la base de donn\u00e9es.<\/li>\n<\/ul>\n\n\n\n<p>Tout d&#8217;abord, ouvrez l&#8217;\u00e9diteur de HUD en cliquant sur &#8220;HUD Editor&#8221;(1).<\/p>\n\n\n\n<figure class=\"wp-block-image size-large\"><img loading=\"lazy\" decoding=\"async\" width=\"1024\" height=\"576\" src=\"http:\/\/hand2noteguide.com\/wp-content\/uploads\/2025\/05\/\u0411\u0435\u0437-\u0438\u043c\u0435\u043d\u0438-2-3-1024x576.jpg\" alt=\"\" class=\"wp-image-12412\" srcset=\"https:\/\/hand2noteguide.com\/wp-content\/uploads\/2025\/05\/\u0411\u0435\u0437-\u0438\u043c\u0435\u043d\u0438-2-3-1024x576.jpg 1024w, https:\/\/hand2noteguide.com\/wp-content\/uploads\/2025\/05\/\u0411\u0435\u0437-\u0438\u043c\u0435\u043d\u0438-2-3-300x169.jpg 300w, https:\/\/hand2noteguide.com\/wp-content\/uploads\/2025\/05\/\u0411\u0435\u0437-\u0438\u043c\u0435\u043d\u0438-2-3-768x432.jpg 768w, https:\/\/hand2noteguide.com\/wp-content\/uploads\/2025\/05\/\u0411\u0435\u0437-\u0438\u043c\u0435\u043d\u0438-2-3-1536x864.jpg 1536w, https:\/\/hand2noteguide.com\/wp-content\/uploads\/2025\/05\/\u0411\u0435\u0437-\u0438\u043c\u0435\u043d\u0438-2-3-772x434.jpg 772w, https:\/\/hand2noteguide.com\/wp-content\/uploads\/2025\/05\/\u0411\u0435\u0437-\u0438\u043c\u0435\u043d\u0438-2-3-624x351.jpg 624w, https:\/\/hand2noteguide.com\/wp-content\/uploads\/2025\/05\/\u0411\u0435\u0437-\u0438\u043c\u0435\u043d\u0438-2-3.jpg 1920w\" sizes=\"auto, (max-width: 1024px) 100vw, 1024px\" \/><\/figure>\n\n\n\n<p>Ensuite, faites un clic droit (RMB) sur le bord du panneau HUD (2) et s\u00e9lectionnez &#8220;Copy&#8221;(3) dans la liste d\u00e9roulante. Faites un clic droit (RMB) dans n&#8217;importe quelle zone libre de l&#8217;\u00e9diteur de HUD (4) et s\u00e9lectionnez &#8220;Paste&#8221;(5) dans la liste d\u00e9roulante. C&#8217;est ainsi que nous avons copi\u00e9 le panneau HUD requis.<\/p>\n\n\n\n<p>Ensuite, cliquez sur le bord du panneau HUD copi\u00e9 (1) et activez le bouton &#8220;Show only on hero&#8221; dans le menu de droite (2). Nous avons maintenant activ\u00e9 l&#8217;affichage uniquement sur le hero dans le panneau HUD copi\u00e9.<\/p>\n\n\n\n<figure class=\"wp-block-image size-large\"><img loading=\"lazy\" decoding=\"async\" width=\"1024\" height=\"576\" src=\"http:\/\/hand2noteguide.com\/wp-content\/uploads\/2025\/05\/\u0411\u0435\u0437-\u0438\u043c\u0435\u043d\u0438-3-2-1024x576.jpg\" alt=\"\" class=\"wp-image-12413\" srcset=\"https:\/\/hand2noteguide.com\/wp-content\/uploads\/2025\/05\/\u0411\u0435\u0437-\u0438\u043c\u0435\u043d\u0438-3-2-1024x576.jpg 1024w, https:\/\/hand2noteguide.com\/wp-content\/uploads\/2025\/05\/\u0411\u0435\u0437-\u0438\u043c\u0435\u043d\u0438-3-2-300x169.jpg 300w, https:\/\/hand2noteguide.com\/wp-content\/uploads\/2025\/05\/\u0411\u0435\u0437-\u0438\u043c\u0435\u043d\u0438-3-2-768x432.jpg 768w, https:\/\/hand2noteguide.com\/wp-content\/uploads\/2025\/05\/\u0411\u0435\u0437-\u0438\u043c\u0435\u043d\u0438-3-2-1536x864.jpg 1536w, https:\/\/hand2noteguide.com\/wp-content\/uploads\/2025\/05\/\u0411\u0435\u0437-\u0438\u043c\u0435\u043d\u0438-3-2-772x434.jpg 772w, https:\/\/hand2noteguide.com\/wp-content\/uploads\/2025\/05\/\u0411\u0435\u0437-\u0438\u043c\u0435\u043d\u0438-3-2-624x351.jpg 624w, https:\/\/hand2noteguide.com\/wp-content\/uploads\/2025\/05\/\u0411\u0435\u0437-\u0438\u043c\u0435\u043d\u0438-3-2.jpg 1920w\" sizes=\"auto, (max-width: 1024px) 100vw, 1024px\" \/><\/figure>\n\n\n\n<p>Ensuite, vous devez nettoyer et reconstruire les statistiques de la base de donn\u00e9es. Pour ce faire, trouvez le menu \u201cDatabase\u201d (1) dans la rang\u00e9e sup\u00e9rieure de la fen\u00eatre du programme et cliquez dessus. S\u00e9lectionnez \u201cClean &amp; Rebuild Statistics\u201d (2) dans la liste d\u00e9roulante et cliquez sur \u201cAPPLY\u201d (3) dans la fen\u00eatre \u201cBuild Statistics\u201d. Attendez que le recalcul des statistiques soit termin\u00e9.<\/p>\n\n\n\n<figure class=\"wp-block-image size-large\"><img loading=\"lazy\" decoding=\"async\" width=\"1024\" height=\"550\" src=\"http:\/\/hand2noteguide.com\/wp-content\/uploads\/2025\/05\/\u0421\u043d\u0438\u043c\u043e\u043a-\u044d\u043a\u0440\u0430\u043d\u0430-2025-05-28-173729-1024x550.jpg\" alt=\"\" class=\"wp-image-12414\" srcset=\"https:\/\/hand2noteguide.com\/wp-content\/uploads\/2025\/05\/\u0421\u043d\u0438\u043c\u043e\u043a-\u044d\u043a\u0440\u0430\u043d\u0430-2025-05-28-173729-1024x550.jpg 1024w, https:\/\/hand2noteguide.com\/wp-content\/uploads\/2025\/05\/\u0421\u043d\u0438\u043c\u043e\u043a-\u044d\u043a\u0440\u0430\u043d\u0430-2025-05-28-173729-300x161.jpg 300w, https:\/\/hand2noteguide.com\/wp-content\/uploads\/2025\/05\/\u0421\u043d\u0438\u043c\u043e\u043a-\u044d\u043a\u0440\u0430\u043d\u0430-2025-05-28-173729-768x413.jpg 768w, https:\/\/hand2noteguide.com\/wp-content\/uploads\/2025\/05\/\u0421\u043d\u0438\u043c\u043e\u043a-\u044d\u043a\u0440\u0430\u043d\u0430-2025-05-28-173729-1536x825.jpg 1536w, https:\/\/hand2noteguide.com\/wp-content\/uploads\/2025\/05\/\u0421\u043d\u0438\u043c\u043e\u043a-\u044d\u043a\u0440\u0430\u043d\u0430-2025-05-28-173729-772x415.jpg 772w, https:\/\/hand2noteguide.com\/wp-content\/uploads\/2025\/05\/\u0421\u043d\u0438\u043c\u043e\u043a-\u044d\u043a\u0440\u0430\u043d\u0430-2025-05-28-173729-624x335.jpg 624w, https:\/\/hand2noteguide.com\/wp-content\/uploads\/2025\/05\/\u0421\u043d\u0438\u043c\u043e\u043a-\u044d\u043a\u0440\u0430\u043d\u0430-2025-05-28-173729.jpg 1599w\" sizes=\"auto, (max-width: 1024px) 100vw, 1024px\" \/><\/figure>\n\n\n\n<p>Apr\u00e8s la fin du calcul, vous pouvez remarquer la fen\u00eatre HUD du hero aux tables et dans le replayer.<\/p>\n\n\n\n<figure class=\"wp-block-image size-large\"><img loading=\"lazy\" decoding=\"async\" width=\"1024\" height=\"931\" src=\"http:\/\/hand2noteguide.com\/wp-content\/uploads\/2025\/05\/Poker-Table-1024x931.jpg\" alt=\"\" class=\"wp-image-12415\" srcset=\"https:\/\/hand2noteguide.com\/wp-content\/uploads\/2025\/05\/Poker-Table-1024x931.jpg 1024w, https:\/\/hand2noteguide.com\/wp-content\/uploads\/2025\/05\/Poker-Table-300x273.jpg 300w, https:\/\/hand2noteguide.com\/wp-content\/uploads\/2025\/05\/Poker-Table-768x698.jpg 768w, https:\/\/hand2noteguide.com\/wp-content\/uploads\/2025\/05\/Poker-Table-772x702.jpg 772w, https:\/\/hand2noteguide.com\/wp-content\/uploads\/2025\/05\/Poker-Table-624x567.jpg 624w, https:\/\/hand2noteguide.com\/wp-content\/uploads\/2025\/05\/Poker-Table.jpg 1100w\" sizes=\"auto, (max-width: 1024px) 100vw, 1024px\" \/><\/figure>\n","protected":false},"excerpt":{"rendered":"<p>Hand2Note vous permet d&#8217;afficher, en plus des fen\u00eatres HUD pour chaque adversaire, une fen\u00eatre HUD suppl\u00e9mentaire pour le hero. Elle refl\u00e9tera les statistiques de votre jeu. Cette fonctionnalit\u00e9 montre comment vos statistiques pourraient appara\u00eetre aux yeux des adversaires. Cela, \u00e0 son tour, aidera \u00e0 \u00e9viter l&#8217;exploitation de leur part. L&#8217;exploitation est un jeu ax\u00e9 sur &hellip; <a href=\"https:\/\/hand2noteguide.com\/fr\/user-manual\/displaying-a-hud-on-a-hero\/\" class=\"more-link\">Continue reading <span class=\"screen-reader-text\">Affichage du HUD sur le Hero<\/span><\/a><\/p>\n","protected":false},"author":3,"featured_media":12399,"parent":9199,"menu_order":0,"comment_status":"closed","ping_status":"closed","template":"","meta":{"footnotes":""},"class_list":["post-12396","page","type-page","status-publish","has-post-thumbnail","hentry"],"translation":{"provider":"WPGlobus","version":"3.0.2","language":"fr","enabled_languages":["en","ru","pt","zh","es","fr","de","it","ja"],"languages":{"en":{"title":true,"content":true,"excerpt":false},"ru":{"title":true,"content":true,"excerpt":false},"pt":{"title":true,"content":true,"excerpt":false},"zh":{"title":true,"content":true,"excerpt":false},"es":{"title":true,"content":true,"excerpt":false},"fr":{"title":true,"content":true,"excerpt":false},"de":{"title":true,"content":true,"excerpt":false},"it":{"title":true,"content":true,"excerpt":false},"ja":{"title":true,"content":true,"excerpt":false}}},"yoast_head":"<!-- This site is optimized with the Yoast SEO plugin v27.0 - https:\/\/yoast.com\/product\/yoast-seo-wordpress\/ -->\n<title>Affichage du HUD sur le Hero avec Hand2Note<\/title>\n<meta name=\"description\" content=\"D\u00e9couvrez comment configurer l&#039;affichage de la fen\u00eatre HUD sur le hero dans Hand2Note pour visualiser vos statistiques et \u00e9viter l&#039;exploitation par les adversaires.\" \/>\n<meta name=\"robots\" content=\"index, follow, max-snippet:-1, max-image-preview:large, max-video-preview:-1\" \/>\n<link rel=\"canonical\" href=\"https:\/\/hand2noteguide.com\/user-manual\/displaying-a-hud-on-a-hero\/\" \/>\n<meta property=\"og:locale\" content=\"fr_FR\" \/>\n<meta property=\"og:type\" content=\"article\" \/>\n<meta property=\"og:title\" content=\"Affichage du HUD sur le Hero avec Hand2Note\" \/>\n<meta property=\"og:description\" content=\"D\u00e9couvrez comment configurer l&#039;affichage de la fen\u00eatre HUD sur le hero dans Hand2Note pour visualiser vos statistiques et \u00e9viter l&#039;exploitation par les adversaires.\" \/>\n<meta property=\"og:url\" content=\"https:\/\/hand2noteguide.com\/user-manual\/displaying-a-hud-on-a-hero\/\" \/>\n<meta property=\"og:site_name\" content=\"Hand2Note Guide\" \/>\n<meta property=\"article:modified_time\" content=\"2026-03-10T08:31:19+00:00\" \/>\n<meta property=\"og:image\" content=\"https:\/\/hand2noteguide.com\/wp-content\/uploads\/2025\/05\/\u0411\u0435\u0437-\u0438\u043c\u0435\u043d\u0438-1-6.jpg\" \/>\n\t<meta property=\"og:image:width\" content=\"1920\" \/>\n\t<meta property=\"og:image:height\" content=\"1080\" \/>\n\t<meta property=\"og:image:type\" content=\"image\/jpeg\" \/>\n<meta name=\"twitter:card\" content=\"summary_large_image\" \/>\n<meta name=\"twitter:label1\" content=\"Est. reading time\" \/>\n\t<meta name=\"twitter:data1\" content=\"9 minutes\" \/>\n<!-- \/ Yoast SEO plugin. -->","yoast_head_json":{"title":"Affichage du HUD sur le Hero avec Hand2Note","description":"D\u00e9couvrez comment configurer l'affichage de la fen\u00eatre HUD sur le hero dans Hand2Note pour visualiser vos statistiques et \u00e9viter l'exploitation par les adversaires.","robots":{"index":"index","follow":"follow","max-snippet":"max-snippet:-1","max-image-preview":"max-image-preview:large","max-video-preview":"max-video-preview:-1"},"canonical":"https:\/\/hand2noteguide.com\/user-manual\/displaying-a-hud-on-a-hero\/","og_locale":"fr_FR","og_type":"article","og_title":"Affichage du HUD sur le Hero avec Hand2Note","og_description":"D\u00e9couvrez comment configurer l'affichage de la fen\u00eatre HUD sur le hero dans Hand2Note pour visualiser vos statistiques et \u00e9viter l'exploitation par les adversaires.","og_url":"https:\/\/hand2noteguide.com\/user-manual\/displaying-a-hud-on-a-hero\/","og_site_name":"Hand2Note Guide","article_modified_time":"2026-03-10T08:31:19+00:00","og_image":[{"width":1920,"height":1080,"url":"https:\/\/hand2noteguide.com\/wp-content\/uploads\/2025\/05\/\u0411\u0435\u0437-\u0438\u043c\u0435\u043d\u0438-1-6.jpg","type":"image\/jpeg"}],"twitter_card":"summary_large_image","twitter_misc":{"Est. reading time":"9 minutes"},"schema":{"@context":"https:\/\/schema.org","@graph":[]}},"jetpack_sharing_enabled":true,"_links":{"self":[{"href":"https:\/\/hand2noteguide.com\/fr\/wp-json\/wp\/v2\/pages\/12396","targetHints":{"allow":["GET"]}}],"collection":[{"href":"https:\/\/hand2noteguide.com\/fr\/wp-json\/wp\/v2\/pages"}],"about":[{"href":"https:\/\/hand2noteguide.com\/fr\/wp-json\/wp\/v2\/types\/page"}],"author":[{"embeddable":true,"href":"https:\/\/hand2noteguide.com\/fr\/wp-json\/wp\/v2\/users\/3"}],"replies":[{"embeddable":true,"href":"https:\/\/hand2noteguide.com\/fr\/wp-json\/wp\/v2\/comments?post=12396"}],"version-history":[{"count":38,"href":"https:\/\/hand2noteguide.com\/fr\/wp-json\/wp\/v2\/pages\/12396\/revisions"}],"predecessor-version":[{"id":15632,"href":"https:\/\/hand2noteguide.com\/fr\/wp-json\/wp\/v2\/pages\/12396\/revisions\/15632"}],"up":[{"embeddable":true,"href":"https:\/\/hand2noteguide.com\/fr\/wp-json\/wp\/v2\/pages\/9199"}],"wp:featuredmedia":[{"embeddable":true,"href":"https:\/\/hand2noteguide.com\/fr\/wp-json\/wp\/v2\/media\/12399"}],"wp:attachment":[{"href":"https:\/\/hand2noteguide.com\/fr\/wp-json\/wp\/v2\/media?parent=12396"}],"curies":[{"name":"wp","href":"https:\/\/api.w.org\/{rel}","templated":true}]}}