{"id":12436,"date":"2025-05-29T16:23:34","date_gmt":"2025-05-29T13:23:34","guid":{"rendered":"https:\/\/hand2noteguide.com\/?page_id=12436"},"modified":"2026-03-10T11:32:08","modified_gmt":"2026-03-10T08:32:08","slug":"when-is-it-more-profitable-to-play-morning-or-evening","status":"publish","type":"page","link":"https:\/\/hand2noteguide.com\/fr\/user-manual\/when-is-it-more-profitable-to-play-morning-or-evening\/","title":{"rendered":"\u00c0 quel moment est-il plus rentable de jouer \u2013 matin ou soir ?"},"content":{"rendered":"\n<p>De nombreux joueurs de poker en ligne finissent par se poser la question de changer l&#8217;heure \u00e0 laquelle ils jouent. Cela est souvent li\u00e9 soit \u00e0 une mont\u00e9e en limites, soit \u00e0 un changement de plateforme de poker.<\/p>\n\n\n\n<p>Apr\u00e8s avoir jou\u00e9 un nombre suffisant de mains \u00e0 un nouvel horaire, il y a un d\u00e9sir de comparer vos r\u00e9sultats de jeu avec les r\u00e9sultats pr\u00e9c\u00e9dents.<\/p>\n\n\n\n<p>Hand2Note vous permet de g\u00e9n\u00e9rer des <a href=\"https:\/\/hand2noteguide.com\/fr\/user-manual\/hand2note-report-menu\/\">rapports de jeu<\/a> pour diff\u00e9rents moments de la journ\u00e9e. Cela vous aidera \u00e0 voir visuellement vos r\u00e9sultats \u00e0 diff\u00e9rents moments de la journ\u00e9e ou de la nuit. Cela vous aidera \u00e9galement \u00e0 r\u00e9pondre \u00e0 la question : devez-vous changer votre horaire de jeu ou non.<\/p>\n\n\n\n<h2 class=\"wp-block-heading\">G\u00e9n\u00e9rer un rapport de jeu pour un moment sp\u00e9cifique de la journ\u00e9e avec Hand2Note<\/h2>\n\n\n\n<p>Dans la fen\u00eatre principale de Hand2Note, ouvrez les rapports en cliquant sur &#8220;Reports&#8221; (1). Ensuite, cliquez sur &#8220;+ Filter&#8221; (2) pour ouvrir le menu des filtres rapides, et allez \u00e0 l&#8217;onglet &#8220;Session&#8221; (3).<\/p>\n\n\n\n<figure class=\"wp-block-image size-large\"><img loading=\"lazy\" decoding=\"async\" width=\"1024\" height=\"576\" src=\"http:\/\/hand2noteguide.com\/wp-content\/uploads\/2025\/05\/\u0411\u0435\u0437-\u0438\u043c\u0435\u043d\u0438-2-4-1024x576.jpg\" alt=\"\" class=\"wp-image-12645\" srcset=\"https:\/\/hand2noteguide.com\/wp-content\/uploads\/2025\/05\/\u0411\u0435\u0437-\u0438\u043c\u0435\u043d\u0438-2-4-1024x576.jpg 1024w, https:\/\/hand2noteguide.com\/wp-content\/uploads\/2025\/05\/\u0411\u0435\u0437-\u0438\u043c\u0435\u043d\u0438-2-4-300x169.jpg 300w, https:\/\/hand2noteguide.com\/wp-content\/uploads\/2025\/05\/\u0411\u0435\u0437-\u0438\u043c\u0435\u043d\u0438-2-4-768x432.jpg 768w, https:\/\/hand2noteguide.com\/wp-content\/uploads\/2025\/05\/\u0411\u0435\u0437-\u0438\u043c\u0435\u043d\u0438-2-4-1536x864.jpg 1536w, https:\/\/hand2noteguide.com\/wp-content\/uploads\/2025\/05\/\u0411\u0435\u0437-\u0438\u043c\u0435\u043d\u0438-2-4-772x434.jpg 772w, https:\/\/hand2noteguide.com\/wp-content\/uploads\/2025\/05\/\u0411\u0435\u0437-\u0438\u043c\u0435\u043d\u0438-2-4-624x351.jpg 624w, https:\/\/hand2noteguide.com\/wp-content\/uploads\/2025\/05\/\u0411\u0435\u0437-\u0438\u043c\u0435\u043d\u0438-2-4.jpg 1920w\" sizes=\"auto, (max-width: 1024px) 100vw, 1024px\" \/><\/figure>\n\n\n\n<p>Dans la fen\u00eatre des param\u00e8tres du filtre de session, sp\u00e9cifiez la plage horaire requise pour l&#8217;analyse \u00e0 c\u00f4t\u00e9 du param\u00e8tre &#8220;Time of Day&#8221; (4). Cliquez sur &#8220;OK&#8221; (5) pour appliquer le filtre.<\/p>\n\n\n\n<p>Apr\u00e8s avoir appliqu\u00e9 le filtre, vous pouvez voir son activit\u00e9 dans la zone (1).<\/p>\n\n\n\n<figure class=\"wp-block-image size-large\"><img loading=\"lazy\" decoding=\"async\" width=\"1024\" height=\"576\" src=\"http:\/\/hand2noteguide.com\/wp-content\/uploads\/2025\/05\/\u0411\u0435\u0437-\u0438\u043c\u0435\u043d\u0438-3-3-1024x576.jpg\" alt=\"\" class=\"wp-image-12647\" srcset=\"https:\/\/hand2noteguide.com\/wp-content\/uploads\/2025\/05\/\u0411\u0435\u0437-\u0438\u043c\u0435\u043d\u0438-3-3-1024x576.jpg 1024w, https:\/\/hand2noteguide.com\/wp-content\/uploads\/2025\/05\/\u0411\u0435\u0437-\u0438\u043c\u0435\u043d\u0438-3-3-300x169.jpg 300w, https:\/\/hand2noteguide.com\/wp-content\/uploads\/2025\/05\/\u0411\u0435\u0437-\u0438\u043c\u0435\u043d\u0438-3-3-768x432.jpg 768w, https:\/\/hand2noteguide.com\/wp-content\/uploads\/2025\/05\/\u0411\u0435\u0437-\u0438\u043c\u0435\u043d\u0438-3-3-1536x864.jpg 1536w, https:\/\/hand2noteguide.com\/wp-content\/uploads\/2025\/05\/\u0411\u0435\u0437-\u0438\u043c\u0435\u043d\u0438-3-3-772x434.jpg 772w, https:\/\/hand2noteguide.com\/wp-content\/uploads\/2025\/05\/\u0411\u0435\u0437-\u0438\u043c\u0435\u043d\u0438-3-3-624x351.jpg 624w, https:\/\/hand2noteguide.com\/wp-content\/uploads\/2025\/05\/\u0411\u0435\u0437-\u0438\u043c\u0435\u043d\u0438-3-3.jpg 1920w\" sizes=\"auto, (max-width: 1024px) 100vw, 1024px\" \/><\/figure>\n\n\n\n<p>En dessous de la zone (1), vous pouvez voir vos r\u00e9sultats de jeu dans la plage horaire sp\u00e9cifi\u00e9e.<\/p>\n\n\n\n<p>De cette mani\u00e8re, vous pouvez g\u00e9n\u00e9rer un rapport de votre jeu pour diff\u00e9rents moments de la journ\u00e9e. En comparant les donn\u00e9es de jeu pour diff\u00e9rents intervalles de temps, vous pouvez tirer des conclusions sur vos r\u00e9sultats lorsque vous changez votre horaire de jeu.<\/p>\n","protected":false},"excerpt":{"rendered":"<p>De nombreux joueurs de poker en ligne finissent par se poser la question de changer l&#8217;heure \u00e0 laquelle ils jouent. Cela est souvent li\u00e9 soit \u00e0 une mont\u00e9e en limites, soit \u00e0 un changement de plateforme de poker. Apr\u00e8s avoir jou\u00e9 un nombre suffisant de mains \u00e0 un nouvel horaire, il y a un d\u00e9sir &hellip; <a href=\"https:\/\/hand2noteguide.com\/fr\/user-manual\/when-is-it-more-profitable-to-play-morning-or-evening\/\" class=\"more-link\">Continue reading <span class=\"screen-reader-text\">\u00c0 quel moment est-il plus rentable de jouer \u2013 matin ou soir ?<\/span><\/a><\/p>\n","protected":false},"author":3,"featured_media":12692,"parent":9199,"menu_order":0,"comment_status":"closed","ping_status":"closed","template":"","meta":{"footnotes":""},"class_list":["post-12436","page","type-page","status-publish","has-post-thumbnail","hentry"],"translation":{"provider":"WPGlobus","version":"3.0.2","language":"fr","enabled_languages":["en","ru","pt","zh","es","fr","de","it","ja"],"languages":{"en":{"title":true,"content":true,"excerpt":false},"ru":{"title":true,"content":true,"excerpt":false},"pt":{"title":true,"content":true,"excerpt":false},"zh":{"title":true,"content":true,"excerpt":false},"es":{"title":true,"content":true,"excerpt":false},"fr":{"title":true,"content":true,"excerpt":false},"de":{"title":true,"content":true,"excerpt":false},"it":{"title":true,"content":true,"excerpt":false},"ja":{"title":true,"content":true,"excerpt":false}}},"yoast_head":"<!-- This site is optimized with the Yoast SEO plugin v27.0 - https:\/\/yoast.com\/product\/yoast-seo-wordpress\/ -->\n<title>\u00c0 quel moment est-il plus rentable de jouer \u2013 matin ou soir ?<\/title>\n<meta name=\"description\" content=\"D\u00e9couvrez \u00e0 quel moment de la journ\u00e9e jouer au poker est le plus rentable. Comparez les r\u00e9sultats et d\u00e9cidez si vous devez changer votre horaire de jeu.\" \/>\n<meta name=\"robots\" content=\"index, follow, max-snippet:-1, max-image-preview:large, max-video-preview:-1\" \/>\n<link rel=\"canonical\" href=\"https:\/\/hand2noteguide.com\/user-manual\/when-is-it-more-profitable-to-play-morning-or-evening\/\" \/>\n<meta property=\"og:locale\" content=\"fr_FR\" \/>\n<meta property=\"og:type\" content=\"article\" \/>\n<meta property=\"og:title\" content=\"\u00c0 quel moment est-il plus rentable de jouer \u2013 matin ou soir ?\" \/>\n<meta property=\"og:description\" content=\"D\u00e9couvrez \u00e0 quel moment de la journ\u00e9e jouer au poker est le plus rentable. Comparez les r\u00e9sultats et d\u00e9cidez si vous devez changer votre horaire de jeu.\" \/>\n<meta property=\"og:url\" content=\"https:\/\/hand2noteguide.com\/user-manual\/when-is-it-more-profitable-to-play-morning-or-evening\/\" \/>\n<meta property=\"og:site_name\" content=\"Hand2Note Guide\" \/>\n<meta property=\"article:modified_time\" content=\"2026-03-10T08:32:08+00:00\" \/>\n<meta property=\"og:image\" content=\"https:\/\/hand2noteguide.com\/wp-content\/uploads\/2025\/05\/day-or-night-play-min.jpg\" \/>\n\t<meta property=\"og:image:width\" content=\"1512\" \/>\n\t<meta property=\"og:image:height\" content=\"1024\" \/>\n\t<meta property=\"og:image:type\" content=\"image\/jpeg\" \/>\n<meta name=\"twitter:card\" content=\"summary_large_image\" \/>\n<meta name=\"twitter:label1\" content=\"Est. reading time\" \/>\n\t<meta name=\"twitter:data1\" content=\"8 minutes\" \/>\n<!-- \/ Yoast SEO plugin. -->","yoast_head_json":{"title":"\u00c0 quel moment est-il plus rentable de jouer \u2013 matin ou soir ?","description":"D\u00e9couvrez \u00e0 quel moment de la journ\u00e9e jouer au poker est le plus rentable. Comparez les r\u00e9sultats et d\u00e9cidez si vous devez changer votre horaire de jeu.","robots":{"index":"index","follow":"follow","max-snippet":"max-snippet:-1","max-image-preview":"max-image-preview:large","max-video-preview":"max-video-preview:-1"},"canonical":"https:\/\/hand2noteguide.com\/user-manual\/when-is-it-more-profitable-to-play-morning-or-evening\/","og_locale":"fr_FR","og_type":"article","og_title":"\u00c0 quel moment est-il plus rentable de jouer \u2013 matin ou soir ?","og_description":"D\u00e9couvrez \u00e0 quel moment de la journ\u00e9e jouer au poker est le plus rentable. Comparez les r\u00e9sultats et d\u00e9cidez si vous devez changer votre horaire de jeu.","og_url":"https:\/\/hand2noteguide.com\/user-manual\/when-is-it-more-profitable-to-play-morning-or-evening\/","og_site_name":"Hand2Note Guide","article_modified_time":"2026-03-10T08:32:08+00:00","og_image":[{"width":1512,"height":1024,"url":"https:\/\/hand2noteguide.com\/wp-content\/uploads\/2025\/05\/day-or-night-play-min.jpg","type":"image\/jpeg"}],"twitter_card":"summary_large_image","twitter_misc":{"Est. reading time":"8 minutes"},"schema":{"@context":"https:\/\/schema.org","@graph":[]}},"jetpack_sharing_enabled":true,"_links":{"self":[{"href":"https:\/\/hand2noteguide.com\/fr\/wp-json\/wp\/v2\/pages\/12436","targetHints":{"allow":["GET"]}}],"collection":[{"href":"https:\/\/hand2noteguide.com\/fr\/wp-json\/wp\/v2\/pages"}],"about":[{"href":"https:\/\/hand2noteguide.com\/fr\/wp-json\/wp\/v2\/types\/page"}],"author":[{"embeddable":true,"href":"https:\/\/hand2noteguide.com\/fr\/wp-json\/wp\/v2\/users\/3"}],"replies":[{"embeddable":true,"href":"https:\/\/hand2noteguide.com\/fr\/wp-json\/wp\/v2\/comments?post=12436"}],"version-history":[{"count":49,"href":"https:\/\/hand2noteguide.com\/fr\/wp-json\/wp\/v2\/pages\/12436\/revisions"}],"predecessor-version":[{"id":15633,"href":"https:\/\/hand2noteguide.com\/fr\/wp-json\/wp\/v2\/pages\/12436\/revisions\/15633"}],"up":[{"embeddable":true,"href":"https:\/\/hand2noteguide.com\/fr\/wp-json\/wp\/v2\/pages\/9199"}],"wp:featuredmedia":[{"embeddable":true,"href":"https:\/\/hand2noteguide.com\/fr\/wp-json\/wp\/v2\/media\/12692"}],"wp:attachment":[{"href":"https:\/\/hand2noteguide.com\/fr\/wp-json\/wp\/v2\/media?parent=12436"}],"curies":[{"name":"wp","href":"https:\/\/api.w.org\/{rel}","templated":true}]}}