{"id":12655,"date":"2025-05-30T18:27:45","date_gmt":"2025-05-30T15:27:45","guid":{"rendered":"https:\/\/hand2noteguide.com\/?page_id=12655"},"modified":"2026-03-10T11:32:47","modified_gmt":"2026-03-10T08:32:47","slug":"setting-up-a-quick-hand-preview-hand-view","status":"publish","type":"page","link":"https:\/\/hand2noteguide.com\/fr\/user-manual\/setting-up-a-quick-hand-preview-hand-view\/","title":{"rendered":"Configuration rapide de l&#8217;analyse de main"},"content":{"rendered":"\n<p>Hand2Note offre une vue de main pratique bas\u00e9e sur du texte &#8211; Quick Hand Review. Elle est disponible dans la section <a href=\"https:\/\/hand2noteguide.com\/fr\/user-manual\/hand2note-report-menu\/\">Rapports<\/a>, <a href=\"https:\/\/hand2noteguide.com\/fr\/user-manual\/hand2note-sessions\/\">Sessions<\/a>, et aussi dans les <a href=\"https:\/\/hand2noteguide.com\/fr\/user-manual\/the-use-and-possibilities-of-notes-in-hand2note\/\">Notes<\/a>. Avec Quick Hand Review, vous pouvez rapidement trouver et analyser la main n\u00e9cessaire parmi de nombreuses autres.<\/p>\n\n\n\n<p>L&#8217;apparence de Quick Hand Review peut \u00eatre personnalis\u00e9e selon vos pr\u00e9f\u00e9rences personnelles. Dans cet article, nous vous indiquerons o\u00f9 se trouve le menu des param\u00e8tres d&#8217;apparence pour Quick Hand Review et quelles options il propose.<\/p>\n\n\n\n<h2 class=\"wp-block-heading\">Menu des param\u00e8tres d&#8217;apparence pour &#8220;Vue de main&#8221;<\/h2>\n\n\n\n<p>Pour ouvrir le menu des param\u00e8tres d&#8217;apparence pour Quick Hand Review, cliquez sur &#8220;Configuration&#8221;(1). Puis s\u00e9lectionnez le menu &#8220;Vue de main&#8221; (2).<\/p>\n\n\n\n<figure class=\"wp-block-image size-large\"><img loading=\"lazy\" decoding=\"async\" width=\"1024\" height=\"576\" src=\"http:\/\/hand2noteguide.com\/wp-content\/uploads\/2025\/05\/\u0411\u0435\u0437-\u0438\u043c\u0435\u043d\u0438-7-1-1024x576.jpg\" alt=\"\" class=\"wp-image-12703\" srcset=\"https:\/\/hand2noteguide.com\/wp-content\/uploads\/2025\/05\/\u0411\u0435\u0437-\u0438\u043c\u0435\u043d\u0438-7-1-1024x576.jpg 1024w, https:\/\/hand2noteguide.com\/wp-content\/uploads\/2025\/05\/\u0411\u0435\u0437-\u0438\u043c\u0435\u043d\u0438-7-1-300x169.jpg 300w, https:\/\/hand2noteguide.com\/wp-content\/uploads\/2025\/05\/\u0411\u0435\u0437-\u0438\u043c\u0435\u043d\u0438-7-1-768x432.jpg 768w, https:\/\/hand2noteguide.com\/wp-content\/uploads\/2025\/05\/\u0411\u0435\u0437-\u0438\u043c\u0435\u043d\u0438-7-1-1536x864.jpg 1536w, https:\/\/hand2noteguide.com\/wp-content\/uploads\/2025\/05\/\u0411\u0435\u0437-\u0438\u043c\u0435\u043d\u0438-7-1-772x434.jpg 772w, https:\/\/hand2noteguide.com\/wp-content\/uploads\/2025\/05\/\u0411\u0435\u0437-\u0438\u043c\u0435\u043d\u0438-7-1-624x351.jpg 624w, https:\/\/hand2noteguide.com\/wp-content\/uploads\/2025\/05\/\u0411\u0435\u0437-\u0438\u043c\u0435\u043d\u0438-7-1.jpg 1920w\" sizes=\"auto, (max-width: 1024px) 100vw, 1024px\" \/><\/figure>\n\n\n\n<p>Le menu des param\u00e8tres d&#8217;apparence pour Quick Hand Review se compose de blocs :<\/p>\n\n\n\n<ul class=\"wp-block-list\">\n<li>&#8220;Couleurs&#8221;(3) &#8211; vous permet de personnaliser la couleur de chaque \u00e9l\u00e9ment dans la ligne de Quick Hand Review ;<\/li>\n\n\n\n<li>&#8220;Polices&#8221;(4) &#8211; vous permet de personnaliser la taille de la police pour les \u00e9l\u00e9ments de texte dans la ligne de Quick Hand Review ;<\/li>\n\n\n\n<li>&#8220;Taille des cartes&#8221;(5) &#8211; vous permet de personnaliser la taille des images des cartes dans la ligne de Quick Hand Review ;<\/li>\n\n\n\n<li>&#8220;Options&#8221;(6) &#8211; vous permet d&#8217;utiliser des param\u00e8tres d&#8217;affichage suppl\u00e9mentaires, tels que :\n<ul class=\"wp-block-list\">\n<li>&#8220;Taille des mises en BB&#8221; &#8211; change l&#8217;affichage des mises de montants en devise \u00e0 des grosses blinds ;<\/li>\n\n\n\n<li>&#8220;Montant gagn\u00e9 en BB&#8221; &#8211; change l&#8217;affichage du montant gagn\u00e9 (perdu) de montants en devise \u00e0 des grosses blinds ;<\/li>\n\n\n\n<li>&#8220;Afficher le montant de l&#8217;action&#8221; &#8211; active ou d\u00e9sactive l&#8217;affichage du montant gagn\u00e9 (perdu) ;<\/li>\n\n\n\n<li>&#8220;Afficher la taille de la pile effective&#8221; &#8211; active ou d\u00e9sactive l&#8217;affichage de la taille de la pile effective ;<\/li>\n\n\n\n<li>&#8220;Pot en scopies&#8221; &#8211; active ou d\u00e9sactive l&#8217;affichage de la taille du pot \u00e0 chaque rue avant les actions des joueurs &#8211; entre parenth\u00e8ses ;<\/li>\n\n\n\n<li>&#8220;Taille de la pile effective en scopies&#8221; &#8211; active ou d\u00e9sactive l&#8217;affichage de la taille de la pile effective &#8211; entre parenth\u00e8ses.<\/li>\n<\/ul>\n<\/li>\n\n\n\n<li>&#8220;Aper\u00e7u&#8221;(7) &#8211; zone d&#8217;aper\u00e7u, vous permet de voir les modifications apport\u00e9es dans les param\u00e8tres de &#8220;Vue de main&#8221;.<\/li>\n<\/ul>\n\n\n\n<p>Ainsi, en acc\u00e9dant au menu des param\u00e8tres de Quick Hand Review, vous pouvez personnaliser leur apparence selon vos pr\u00e9f\u00e9rences. Cela simplifiera la perception visuelle de la &#8220;Vue de main&#8221; et acc\u00e9l\u00e9rera votre prise de d\u00e9cision aux tables lors de l&#8217;utilisation des <a href=\"https:\/\/hand2noteguide.com\/fr\/user-manual\/the-use-and-possibilities-of-notes-in-hand2note\/\">mains incluses dans les notes<\/a>. De plus, ce param\u00e8tre simplifiera la recherche de la main n\u00e9cessaire parmi de nombreuses autres via n&#8217;importe quel menu Quick Hand Review.<\/p>\n\n\n\n<p>Voir aussi : <a href=\"https:\/\/hand2note.com\/Help\/Features\/compact-hand-view\" target=\"_blank\" rel=\"noreferrer noopener\">Manuel officiel Hand2Note : Vue de main compacte<\/a>.<\/p>\n","protected":false},"excerpt":{"rendered":"<p>Hand2Note offre une vue de main pratique bas\u00e9e sur du texte &#8211; Quick Hand Review. Elle est disponible dans la section Rapports, Sessions, et aussi dans les Notes. Avec Quick Hand Review, vous pouvez rapidement trouver et analyser la main n\u00e9cessaire parmi de nombreuses autres. L&#8217;apparence de Quick Hand Review peut \u00eatre personnalis\u00e9e selon vos &hellip; <a href=\"https:\/\/hand2noteguide.com\/fr\/user-manual\/setting-up-a-quick-hand-preview-hand-view\/\" class=\"more-link\">Continue reading <span class=\"screen-reader-text\">Configuration rapide de l&#8217;analyse de main<\/span><\/a><\/p>\n","protected":false},"author":3,"featured_media":12745,"parent":9199,"menu_order":0,"comment_status":"closed","ping_status":"closed","template":"","meta":{"footnotes":""},"class_list":["post-12655","page","type-page","status-publish","has-post-thumbnail","hentry"],"translation":{"provider":"WPGlobus","version":"3.0.2","language":"fr","enabled_languages":["en","ru","pt","zh","es","fr","de","it","ja"],"languages":{"en":{"title":true,"content":true,"excerpt":false},"ru":{"title":true,"content":true,"excerpt":false},"pt":{"title":true,"content":true,"excerpt":false},"zh":{"title":true,"content":true,"excerpt":false},"es":{"title":true,"content":true,"excerpt":false},"fr":{"title":true,"content":true,"excerpt":false},"de":{"title":true,"content":true,"excerpt":false},"it":{"title":true,"content":true,"excerpt":false},"ja":{"title":true,"content":true,"excerpt":false}}},"yoast_head":"<!-- This site is optimized with the Yoast SEO plugin v27.0 - https:\/\/yoast.com\/product\/yoast-seo-wordpress\/ -->\n<title>Configuration rapide de l&#039;analyse de main dans Hand2Note<\/title>\n<meta name=\"description\" content=\"Personnalisez l&#039;apparence de Quick Hand Review dans Hand2Note pour faciliter l&#039;analyse et la prise de d\u00e9cision \u00e0 la table. D\u00e9couvrez comment modifier les styles et les options.\" \/>\n<meta name=\"robots\" content=\"index, follow, max-snippet:-1, max-image-preview:large, max-video-preview:-1\" \/>\n<link rel=\"canonical\" href=\"https:\/\/hand2noteguide.com\/user-manual\/setting-up-a-quick-hand-preview-hand-view\/\" \/>\n<meta property=\"og:locale\" content=\"fr_FR\" \/>\n<meta property=\"og:type\" content=\"article\" \/>\n<meta property=\"og:title\" content=\"Configuration rapide de l&#039;analyse de main dans Hand2Note\" \/>\n<meta property=\"og:description\" content=\"Personnalisez l&#039;apparence de Quick Hand Review dans Hand2Note pour faciliter l&#039;analyse et la prise de d\u00e9cision \u00e0 la table. D\u00e9couvrez comment modifier les styles et les options.\" \/>\n<meta property=\"og:url\" content=\"https:\/\/hand2noteguide.com\/user-manual\/setting-up-a-quick-hand-preview-hand-view\/\" \/>\n<meta property=\"og:site_name\" content=\"Hand2Note Guide\" \/>\n<meta property=\"article:modified_time\" content=\"2026-03-10T08:32:47+00:00\" \/>\n<meta property=\"og:image\" content=\"https:\/\/hand2noteguide.com\/wp-content\/uploads\/2025\/06\/\u0411\u0435\u0437-\u0438\u043c\u0435\u043d\u0438-5.jpg\" \/>\n\t<meta property=\"og:image:width\" content=\"1920\" \/>\n\t<meta property=\"og:image:height\" content=\"1080\" \/>\n\t<meta property=\"og:image:type\" content=\"image\/jpeg\" \/>\n<meta name=\"twitter:card\" content=\"summary_large_image\" \/>\n<meta name=\"twitter:label1\" content=\"Est. reading time\" \/>\n\t<meta name=\"twitter:data1\" content=\"3 minutes\" \/>\n<!-- \/ Yoast SEO plugin. -->","yoast_head_json":{"title":"Configuration rapide de l'analyse de main dans Hand2Note","description":"Personnalisez l'apparence de Quick Hand Review dans Hand2Note pour faciliter l'analyse et la prise de d\u00e9cision \u00e0 la table. D\u00e9couvrez comment modifier les styles et les options.","robots":{"index":"index","follow":"follow","max-snippet":"max-snippet:-1","max-image-preview":"max-image-preview:large","max-video-preview":"max-video-preview:-1"},"canonical":"https:\/\/hand2noteguide.com\/user-manual\/setting-up-a-quick-hand-preview-hand-view\/","og_locale":"fr_FR","og_type":"article","og_title":"Configuration rapide de l'analyse de main dans Hand2Note","og_description":"Personnalisez l'apparence de Quick Hand Review dans Hand2Note pour faciliter l'analyse et la prise de d\u00e9cision \u00e0 la table. D\u00e9couvrez comment modifier les styles et les options.","og_url":"https:\/\/hand2noteguide.com\/user-manual\/setting-up-a-quick-hand-preview-hand-view\/","og_site_name":"Hand2Note Guide","article_modified_time":"2026-03-10T08:32:47+00:00","og_image":[{"width":1920,"height":1080,"url":"https:\/\/hand2noteguide.com\/wp-content\/uploads\/2025\/06\/\u0411\u0435\u0437-\u0438\u043c\u0435\u043d\u0438-5.jpg","type":"image\/jpeg"}],"twitter_card":"summary_large_image","twitter_misc":{"Est. reading time":"3 minutes"},"schema":{"@context":"https:\/\/schema.org","@graph":[]}},"jetpack_sharing_enabled":true,"_links":{"self":[{"href":"https:\/\/hand2noteguide.com\/fr\/wp-json\/wp\/v2\/pages\/12655","targetHints":{"allow":["GET"]}}],"collection":[{"href":"https:\/\/hand2noteguide.com\/fr\/wp-json\/wp\/v2\/pages"}],"about":[{"href":"https:\/\/hand2noteguide.com\/fr\/wp-json\/wp\/v2\/types\/page"}],"author":[{"embeddable":true,"href":"https:\/\/hand2noteguide.com\/fr\/wp-json\/wp\/v2\/users\/3"}],"replies":[{"embeddable":true,"href":"https:\/\/hand2noteguide.com\/fr\/wp-json\/wp\/v2\/comments?post=12655"}],"version-history":[{"count":53,"href":"https:\/\/hand2noteguide.com\/fr\/wp-json\/wp\/v2\/pages\/12655\/revisions"}],"predecessor-version":[{"id":15634,"href":"https:\/\/hand2noteguide.com\/fr\/wp-json\/wp\/v2\/pages\/12655\/revisions\/15634"}],"up":[{"embeddable":true,"href":"https:\/\/hand2noteguide.com\/fr\/wp-json\/wp\/v2\/pages\/9199"}],"wp:featuredmedia":[{"embeddable":true,"href":"https:\/\/hand2noteguide.com\/fr\/wp-json\/wp\/v2\/media\/12745"}],"wp:attachment":[{"href":"https:\/\/hand2noteguide.com\/fr\/wp-json\/wp\/v2\/media?parent=12655"}],"curies":[{"name":"wp","href":"https:\/\/api.w.org\/{rel}","templated":true}]}}