{"id":12875,"date":"2025-06-02T21:40:43","date_gmt":"2025-06-02T18:40:43","guid":{"rendered":"https:\/\/hand2noteguide.com\/?page_id=12875"},"modified":"2026-02-20T17:34:14","modified_gmt":"2026-02-20T14:34:14","slug":"hand2note-3-free-version-is-gone-what-now","status":"publish","type":"page","link":"https:\/\/hand2noteguide.com\/fr\/hand2note-3-free-version-is-gone-what-now\/","title":{"rendered":"La version gratuite de Hand2Note 3 a disparu \u2013 Que faire maintenant ?"},"content":{"rendered":"\n<p><strong>Le 29 mai 2025<\/strong>, la <strong>version gratuite (de base) de Hand2Note 3 a \u00e9t\u00e9 officiellement arr\u00eat\u00e9e<\/strong> \ud83e\udd7a. Apr\u00e8s de nombreuses ann\u00e9es de service, cet outil de confiance n&#8217;est plus disponible pour les nouveaux ou anciens utilisateurs. Cette d\u00e9cision a \u00e9t\u00e9 prise par l&#8217;\u00e9quipe de Hand2Note, et malheureusement, la version gratuite ne reviendra pas.<\/p>\n\n\n\n<p>La <strong>version gratuite de Hand2Note<\/strong> a \u00e9t\u00e9 un pilier dans le monde du poker pendant des ann\u00e9es. Des milliers de joueurs s&#8217;y sont fi\u00e9s quotidiennement \u2014 des grinders de petites mises aux r\u00e9guliers s\u00e9rieux. Elle \u00e9tait l\u00e9g\u00e8re, puissante, et surtout \u2014 gratuite. Nous comprenons \u00e0 quel point ce changement est important. De nombreux joueurs ont construit leur routine et leur analyse de jeu autour de Hand2Note, et perdre cet outil est frustrant.<\/p>\n\n\n\n<p>En tant que <strong>revendeur officiel de Hand2Note<\/strong>, nous voulons \u00eatre transparents : ce n&#8217;\u00e9tait <strong>pas notre d\u00e9cision<\/strong>, et nous n&#8217;avons <strong>aucun contr\u00f4le<\/strong> sur cela. Ce que nous <em>pouvons<\/em> faire, c&#8217;est vous aider \u00e0 aller de l&#8217;avant. Voici deux voies claires que vous pouvez emprunter \u00e0 partir d&#8217;ici :<\/p>\n\n\n\n<h2 class=\"wp-block-heading\">\u2705 Option 1 : Obtenez Hand2Note 3 PRO ou Hand2Note 4 avec r\u00e9duction<\/h2>\n\n\n\n<p>Si vous avez aim\u00e9 la version gratuite, vous adorerez la version PRO compl\u00e8te. Vous pouvez passer \u00e0 <strong>Hand2Note 3 PRO<\/strong> ou \u00e0 la nouvelle <a href=\"https:\/\/hand2noteguide.com\/fr\/hand2note-4-getting-started\/\"><strong>Hand2Note 4<\/strong><\/a> avec notre <a href=\"https:\/\/hand2noteguide.com\/fr\/promo\/\"><strong>code promo GUIDE10<\/strong><\/a> exclusif.<\/p>\n\n\n\n<p>Lorsque vous achetez chez nous, vous recevrez :<\/p>\n\n\n\n<ul class=\"wp-block-list\">\n<li>\ud83c\udfaf <strong>10% de r\u00e9duction<\/strong> sur tout abonnement<\/li>\n\n\n\n<li>\ud83c\udf81 <a href=\"https:\/\/hand2noteguide.com\/fr\/hud-store\/simple-cash-pack-for-free\/\"><strong>Pack HUD premium gratuit<\/strong><\/a><\/li>\n\n\n\n<li>\ud83d\udcf9 <a href=\"https:\/\/hand2noteguide.com\/fr\/video-course\/\"><strong>Cours vid\u00e9o gratuit<\/strong><\/a> pour vous aider \u00e0 ma\u00eetriser le logiciel rapidement<\/li>\n<\/ul>\n\n\n\n<p>Voici les options d&#8217;abonnement actuelles :<\/p>\n\n\n\n<ul class=\"wp-block-list\">\n<li><strong>1\ufe0f\u20e3 Hand2Note 3 PRO<\/strong> \u2013 59,90 $\/mois ou 588 $\/an<br>Avec notre r\u00e9duction : <strong>53,90 $\/mois<\/strong> ou <strong>529,20 $\/an<\/strong><\/li>\n\n\n\n<li><strong>2\ufe0f\u20e3 Hand2Note 4 PRO<\/strong> \u2013 59,90 $\/mois ou 588 $\/an<br>Avec notre r\u00e9duction : <strong>53,90 $\/mois<\/strong> ou <strong>529,20 $\/an<\/strong><\/li>\n\n\n\n<li><strong>3\ufe0f\u20e3 Hand2Note 4 Learner<\/strong> \u2013 19,90 $\/mois ou 192 $\/an<br>Avec notre r\u00e9duction : <strong>17,90 $\/mois<\/strong> ou <strong>172,70 $\/an<\/strong><\/li>\n<\/ul>\n\n\n\n<p><em>Note :<\/em> Learner est un nouveau type de licence con\u00e7u pour les micro-mises (jusqu&#8217;\u00e0 NL25 ou buy-ins de 20 $) et inclut une limite de base de donn\u00e9es de 200 000 mains.<\/p>\n\n\n\n<p>C&#8217;est le meilleur choix si vous souhaitez continuer \u00e0 utiliser le m\u00eame ensemble d&#8217;outils \u2014 maintenant avec un acc\u00e8s complet, de meilleures statistiques et un support premium.<\/p>\n\n\n\n<p style=\"margin-top:24px\">\n  <a href=\"https:\/\/hand2note3.hand2note.com\/\" class=\"article-action-link\" target=\"_blank\" rel=\"noopener\">\n     \ud83d\udfe2 Obtenez Hand2Note 3 \u2192\n  <\/a>\n  <a href=\"https:\/\/hand2noteguide.com\/fr\/go\/hand2note\/\" class=\"article-action-link\" target=\"_blank\" rel=\"sponsored noopener\">\n     \ud83d\udd35 Obtenez Hand2Note 4 \u2192\n  <\/a>\n<\/p>\n\n\n\n<h2 class=\"wp-block-heading\">\u2705 Option 2 : Essayez un autre <a href=\"https:\/\/hand2noteguide.com\/fr\/poker\/5-best-online-poker-software\/\">logiciel de poker<\/a><\/h2>\n\n\n\n<p>Si vous pensez qu&#8217;il est temps de passer \u00e0 autre chose que Hand2Note \u2014 nous comprenons. Peut-\u00eatre que vous voulez un nouveau d\u00e9part ou une exp\u00e9rience diff\u00e9rente. Il existe plusieurs alternatives sur le march\u00e9, et de nombreux joueurs explorent \u00e9galement d&#8217;autres options.<\/p>\n\n\n\n<p>Nous respectons compl\u00e8tement ce choix. Vous devriez utiliser les outils qui fonctionnent le mieux pour votre style personnel, votre budget et vos objectifs.<\/p>\n\n\n\n<h2 class=\"wp-block-heading\">R\u00e9flexions finales<\/h2>\n\n\n\n<p>Nous sommes vraiment d\u00e9sol\u00e9s de voir la version gratuite de Hand2Note 3 dispara\u00eetre. C&#8217;\u00e9tait un outil fiable et appr\u00e9ci\u00e9 pendant de nombreuses ann\u00e9es, et sa fermeture laisse un vide dans le monde des logiciels de poker.<\/p>\n\n\n\n<p>Mais nous esp\u00e9rons que les options que nous avons partag\u00e9es ici vous aideront \u00e0 aller de l&#8217;avant. Que vous passiez \u00e0 une version sup\u00e9rieure, que vous passiez \u00e0 CoinPoker ou que vous essayiez autre chose \u2014 nous vous souhaitons le meilleur.<\/p>\n\n\n\n<p><strong>Choisissez ce qui fonctionne le mieux pour vous, et bonne chance dans votre parcours de poker !<\/strong><\/p>\n\n\n\n<p><\/p>\n","protected":false},"excerpt":{"rendered":"<p>Le 29 mai 2025, la version gratuite (de base) de Hand2Note 3 a \u00e9t\u00e9 officiellement arr\u00eat\u00e9e \ud83e\udd7a. Apr\u00e8s de nombreuses ann\u00e9es de service, cet outil de confiance n&#8217;est plus disponible pour les nouveaux ou anciens utilisateurs. Cette d\u00e9cision a \u00e9t\u00e9 prise par l&#8217;\u00e9quipe de Hand2Note, et malheureusement, la version gratuite ne reviendra pas. La version &hellip; <a href=\"https:\/\/hand2noteguide.com\/fr\/hand2note-3-free-version-is-gone-what-now\/\" class=\"more-link\">Continue reading <span class=\"screen-reader-text\">La version gratuite de Hand2Note 3 a disparu \u2013 Que faire maintenant ?<\/span><\/a><\/p>\n","protected":false},"author":1,"featured_media":12894,"parent":0,"menu_order":0,"comment_status":"closed","ping_status":"closed","template":"","meta":{"footnotes":""},"class_list":["post-12875","page","type-page","status-publish","has-post-thumbnail","hentry"],"translation":{"provider":"WPGlobus","version":"3.0.2","language":"fr","enabled_languages":["en","ru","pt","zh","es","fr","de","it","ja"],"languages":{"en":{"title":true,"content":true,"excerpt":false},"ru":{"title":true,"content":true,"excerpt":false},"pt":{"title":true,"content":true,"excerpt":false},"zh":{"title":true,"content":true,"excerpt":false},"es":{"title":true,"content":true,"excerpt":false},"fr":{"title":true,"content":true,"excerpt":false},"de":{"title":true,"content":true,"excerpt":false},"it":{"title":true,"content":true,"excerpt":false},"ja":{"title":true,"content":true,"excerpt":false}}},"yoast_head":"<!-- This site is optimized with the Yoast SEO plugin v27.0 - https:\/\/yoast.com\/product\/yoast-seo-wordpress\/ -->\n<title>La version gratuite de Hand2Note 3 a disparu \u2013 Que faire maintenant ?<\/title>\n<meta name=\"description\" content=\"La version gratuite de Hand2Note 3 n&#039;est plus disponible. D\u00e9couvrez vos options : mise \u00e0 niveau avec r\u00e9duction, obtenez la version PRO via CoinPoker, ou explorez des alternatives.\" \/>\n<meta name=\"robots\" content=\"index, follow, max-snippet:-1, max-image-preview:large, max-video-preview:-1\" \/>\n<link rel=\"canonical\" href=\"https:\/\/hand2noteguide.com\/fr\/hand2note-3-free-version-is-gone-what-now\/\" \/>\n<meta property=\"og:locale\" content=\"fr_FR\" \/>\n<meta property=\"og:type\" content=\"article\" \/>\n<meta property=\"og:title\" content=\"La version gratuite de Hand2Note 3 a disparu \u2013 Que faire maintenant ?\" \/>\n<meta property=\"og:description\" content=\"La version gratuite de Hand2Note 3 n&#039;est plus disponible. D\u00e9couvrez vos options : mise \u00e0 niveau avec r\u00e9duction, obtenez la version PRO via CoinPoker, ou explorez des alternatives.\" \/>\n<meta property=\"og:url\" content=\"https:\/\/hand2noteguide.com\/fr\/hand2note-3-free-version-is-gone-what-now\/\" \/>\n<meta property=\"og:site_name\" content=\"Hand2Note Guide\" \/>\n<meta property=\"article:modified_time\" content=\"2026-02-20T14:34:14+00:00\" \/>\n<meta property=\"og:image\" content=\"https:\/\/hand2noteguide.com\/wp-content\/uploads\/2025\/06\/free-hand2note-is-over.webp\" \/>\n\t<meta property=\"og:image:width\" content=\"1212\" \/>\n\t<meta property=\"og:image:height\" content=\"843\" \/>\n\t<meta property=\"og:image:type\" content=\"image\/webp\" \/>\n<meta name=\"twitter:card\" content=\"summary_large_image\" \/>\n<meta name=\"twitter:label1\" content=\"Est. reading time\" \/>\n\t<meta name=\"twitter:data1\" content=\"3 minutes\" \/>\n<!-- \/ Yoast SEO plugin. -->","yoast_head_json":{"title":"La version gratuite de Hand2Note 3 a disparu \u2013 Que faire maintenant ?","description":"La version gratuite de Hand2Note 3 n'est plus disponible. D\u00e9couvrez vos options : mise \u00e0 niveau avec r\u00e9duction, obtenez la version PRO via CoinPoker, ou explorez des alternatives.","robots":{"index":"index","follow":"follow","max-snippet":"max-snippet:-1","max-image-preview":"max-image-preview:large","max-video-preview":"max-video-preview:-1"},"canonical":"https:\/\/hand2noteguide.com\/fr\/hand2note-3-free-version-is-gone-what-now\/","og_locale":"fr_FR","og_type":"article","og_title":"La version gratuite de Hand2Note 3 a disparu \u2013 Que faire maintenant ?","og_description":"La version gratuite de Hand2Note 3 n'est plus disponible. D\u00e9couvrez vos options : mise \u00e0 niveau avec r\u00e9duction, obtenez la version PRO via CoinPoker, ou explorez des alternatives.","og_url":"https:\/\/hand2noteguide.com\/fr\/hand2note-3-free-version-is-gone-what-now\/","og_site_name":"Hand2Note Guide","article_modified_time":"2026-02-20T14:34:14+00:00","og_image":[{"width":1212,"height":843,"url":"https:\/\/hand2noteguide.com\/wp-content\/uploads\/2025\/06\/free-hand2note-is-over.webp","type":"image\/webp"}],"twitter_card":"summary_large_image","twitter_misc":{"Est. reading time":"3 minutes"},"schema":{"@context":"https:\/\/schema.org","@graph":[]}},"jetpack_sharing_enabled":true,"_links":{"self":[{"href":"https:\/\/hand2noteguide.com\/fr\/wp-json\/wp\/v2\/pages\/12875","targetHints":{"allow":["GET"]}}],"collection":[{"href":"https:\/\/hand2noteguide.com\/fr\/wp-json\/wp\/v2\/pages"}],"about":[{"href":"https:\/\/hand2noteguide.com\/fr\/wp-json\/wp\/v2\/types\/page"}],"author":[{"embeddable":true,"href":"https:\/\/hand2noteguide.com\/fr\/wp-json\/wp\/v2\/users\/1"}],"replies":[{"embeddable":true,"href":"https:\/\/hand2noteguide.com\/fr\/wp-json\/wp\/v2\/comments?post=12875"}],"version-history":[{"count":43,"href":"https:\/\/hand2noteguide.com\/fr\/wp-json\/wp\/v2\/pages\/12875\/revisions"}],"predecessor-version":[{"id":15068,"href":"https:\/\/hand2noteguide.com\/fr\/wp-json\/wp\/v2\/pages\/12875\/revisions\/15068"}],"wp:featuredmedia":[{"embeddable":true,"href":"https:\/\/hand2noteguide.com\/fr\/wp-json\/wp\/v2\/media\/12894"}],"wp:attachment":[{"href":"https:\/\/hand2noteguide.com\/fr\/wp-json\/wp\/v2\/media?parent=12875"}],"curies":[{"name":"wp","href":"https:\/\/api.w.org\/{rel}","templated":true}]}}