{"id":13653,"date":"2025-06-18T12:19:21","date_gmt":"2025-06-18T09:19:21","guid":{"rendered":"https:\/\/hand2noteguide.com\/?page_id=13653"},"modified":"2026-03-10T11:36:18","modified_gmt":"2026-03-10T08:36:18","slug":"hud-editor-creating-a-positional-hud","status":"publish","type":"page","link":"https:\/\/hand2noteguide.com\/fr\/user-manual\/hud-editor-creating-a-positional-hud\/","title":{"rendered":"\u00c9diteur de HUD Partie 3 : Cr\u00e9ation d&#8217;un HUD positionnel"},"content":{"rendered":"\n<p>En plus des <a href=\"https:\/\/hand2noteguide.com\/fr\/user-manual\/hud-editor-creating-a-static-hud\/\">panneaux HUD statiques<\/a>, Hand2Note vous permet d&#8217;appliquer des propri\u00e9t\u00e9s positionnelles \u00e0 ceux-ci. Cela aide \u00e0 \u00e9conomiser de l&#8217;espace sur les tables et \u00e0 rendre les fen\u00eatres du HUD plus ergonomiques. Elles permettent \u00e9galement de changer automatiquement l&#8217;affichage des statistiques dans le HUD pour des informations plus pertinentes, du point de vue des <a href=\"https:\/\/hand2noteguide.com\/fr\/poker\/poker-positions\/\">positions des joueurs \u00e0 la table<\/a>.<\/p>\n\n\n\n<p>Dans cet article, nous allons vous montrer comment appliquer des propri\u00e9t\u00e9s positionnelles au HUD que nous avons cr\u00e9\u00e9 pr\u00e9c\u00e9demment dans l&#8217;article <a href=\"https:\/\/hand2noteguide.com\/fr\/user-manual\/hud-editor-creating-a-static-hud\/\">\u00c9diteur de HUD : Cr\u00e9ation d&#8217;un HUD statique<\/a>. Cela aidera \u00e0 le rendre plus compact et les informations affich\u00e9es seront plus pertinentes du point de vue des positions des joueurs \u00e0 la table.<\/p>\n\n\n\n<h2 class=\"wp-block-heading\">Plan pour cr\u00e9er un HUD positionnel<\/h2>\n\n\n\n<p>Pr\u00e9c\u00e9demment, nous avons cr\u00e9\u00e9 un HUD o\u00f9 l&#8217;ensemble des statistiques ressemble \u00e0 ceci :<\/p>\n\n\n\n<figure class=\"wp-block-image size-large\"><img loading=\"lazy\" decoding=\"async\" width=\"1024\" height=\"576\" src=\"https:\/\/hand2noteguide.com\/wp-content\/uploads\/2025\/06\/static-hud-1024x576.jpg\" alt=\"\" class=\"wp-image-14045\" srcset=\"https:\/\/hand2noteguide.com\/wp-content\/uploads\/2025\/06\/static-hud-1024x576.jpg 1024w, https:\/\/hand2noteguide.com\/wp-content\/uploads\/2025\/06\/static-hud-300x169.jpg 300w, https:\/\/hand2noteguide.com\/wp-content\/uploads\/2025\/06\/static-hud-768x432.jpg 768w, https:\/\/hand2noteguide.com\/wp-content\/uploads\/2025\/06\/static-hud-1536x864.jpg 1536w, https:\/\/hand2noteguide.com\/wp-content\/uploads\/2025\/06\/static-hud-772x434.jpg 772w, https:\/\/hand2noteguide.com\/wp-content\/uploads\/2025\/06\/static-hud-624x351.jpg 624w, https:\/\/hand2noteguide.com\/wp-content\/uploads\/2025\/06\/static-hud.jpg 1920w\" sizes=\"auto, (max-width: 1024px) 100vw, 1024px\" \/><\/figure>\n\n\n\n<ul class=\"wp-block-list\">\n<li>Premi\u00e8re ligne du HUD, statistiques dans l&#8217;ordre de gauche \u00e0 droite : &#8220;VPIP&#8221;, &#8220;PFR&#8221;, &#8220;Fold to 3Bet&#8221;, &#8220;<a href=\"https:\/\/hand2noteguide.com\/fr\/poker\/poker-hud-stats\/3bet-in-poker\/\">3Bet<\/a>&#8220;, &#8220;Fold to 4Bet&#8221;, &#8220;4Bet Range&#8221; ;<\/li>\n\n\n\n<li>Deuxi\u00e8me ligne du HUD, statistiques dans l&#8217;ordre de gauche \u00e0 droite : &#8220;WTSD%&#8221;, &#8220;WWSF%&#8221;, &#8220;WonSD%&#8221;, &#8220;Aggression Frq Flop%&#8221;, &#8220;Aggression Frq Turn%&#8221;, &#8220;Aggression Frq River%&#8221; ;<\/li>\n\n\n\n<li>Troisi\u00e8me ligne du HUD, statistiques dans l&#8217;ordre de gauche \u00e0 droite : nombre total de mains (&#8220;Hands&#8221;), &#8220;Winrate bb\/100&#8221;.<\/li>\n<\/ul>\n\n\n\n<p>Dans cet article, nous allons modifier l&#8217;ensemble des statistiques et leur variation d&#8217;affichage dans le HUD comme suit :<\/p>\n\n\n\n<ul class=\"wp-block-list\">\n<li>Premi\u00e8re ligne du HUD, statistiques dans l&#8217;ordre de gauche \u00e0 droite : &#8220;VPIP&#8221;, &#8220;PFR&#8221;, &#8220;Fold to 3Bet&#8221;, &#8220;3Bet&#8221;, &#8220;Fold to 4Bet&#8221;, &#8220;4Bet Range&#8221; ;<\/li>\n\n\n\n<li>Deuxi\u00e8me ligne du HUD, statistiques dans l&#8217;ordre de gauche \u00e0 droite : &#8220;WTSD%&#8221;, &#8220;WWSF%&#8221;, &#8220;WonSD%&#8221;, &#8220;Aggression Frq Flop%&#8221;, &#8220;Aggression Frq Turn%&#8221;, &#8220;Aggression Frq River%&#8221; ;<\/li>\n\n\n\n<li><strong>La troisi\u00e8me (nouvelle) ligne du HUD utilisera des conditions d&#8217;affichage positionnelles et affichera les statistiques &#8220;RFI UTG&#8221;, &#8220;RFI EP&#8221;, &#8220;RFI MP&#8221;, &#8220;RFI CO&#8221;, &#8220;RFI BTN&#8221;, &#8220;RFI SB&#8221;, &#8220;Fold to 3Bet IP postflop&#8221;, &#8220;Fold to 3Bet OOP postflop&#8221; &#8211; selon les positions du joueur et du h\u00e9ros &#8211; simultan\u00e9ment ;<\/strong><\/li>\n\n\n\n<li>Quatri\u00e8me ligne du HUD, statistiques dans l&#8217;ordre de gauche \u00e0 droite : nombre total de mains (&#8220;Hands&#8221;), &#8220;Winrate bb\/100&#8221;.<\/li>\n<\/ul>\n\n\n\n<h2 class=\"wp-block-heading\">Application des conditions d&#8217;affichage positionnelles<\/h2>\n\n\n\n<p>Tout d&#8217;abord, ajoutez une nouvelle ligne au HUD. Toutes les statistiques n\u00e9cessaires ont \u00e9t\u00e9 pr\u00e9c\u00e9demment cr\u00e9\u00e9es dans l&#8217;<a href=\"https:\/\/hand2noteguide.com\/fr\/user-manual\/creating-a-simple-stat-continued-bet-on-the-river-in-a-3bet-pot-position\/\">\u00e9diteur de statistiques<\/a>.<\/p>\n\n\n\n<figure class=\"wp-block-image size-large\"><img loading=\"lazy\" decoding=\"async\" width=\"1024\" height=\"576\" src=\"http:\/\/hand2noteguide.com\/wp-content\/uploads\/2025\/06\/\u0411\u0435\u0437-\u0438\u043c\u0435\u043d\u0438-14-2-1024x576.jpg\" alt=\"\" class=\"wp-image-13707\" srcset=\"https:\/\/hand2noteguide.com\/wp-content\/uploads\/2025\/06\/\u0411\u0435\u0437-\u0438\u043c\u0435\u043d\u0438-14-2-1024x576.jpg 1024w, https:\/\/hand2noteguide.com\/wp-content\/uploads\/2025\/06\/\u0411\u0435\u0437-\u0438\u043c\u0435\u043d\u0438-14-2-300x169.jpg 300w, https:\/\/hand2noteguide.com\/wp-content\/uploads\/2025\/06\/\u0411\u0435\u0437-\u0438\u043c\u0435\u043d\u0438-14-2-768x432.jpg 768w, https:\/\/hand2noteguide.com\/wp-content\/uploads\/2025\/06\/\u0411\u0435\u0437-\u0438\u043c\u0435\u043d\u0438-14-2-1536x864.jpg 1536w, https:\/\/hand2noteguide.com\/wp-content\/uploads\/2025\/06\/\u0411\u0435\u0437-\u0438\u043c\u0435\u043d\u0438-14-2-772x434.jpg 772w, https:\/\/hand2noteguide.com\/wp-content\/uploads\/2025\/06\/\u0411\u0435\u0437-\u0438\u043c\u0435\u043d\u0438-14-2-624x351.jpg 624w, https:\/\/hand2noteguide.com\/wp-content\/uploads\/2025\/06\/\u0411\u0435\u0437-\u0438\u043c\u0435\u043d\u0438-14-2.jpg 1920w\" sizes=\"auto, (max-width: 1024px) 100vw, 1024px\" \/><figcaption class=\"wp-element-caption\">Apparence du HUD dans le replayer avec les nouvelles statistiques ajout\u00e9es dans la troisi\u00e8me ligne :<\/figcaption><\/figure>\n\n\n\n<p>Nous devons maintenant d\u00e9finir les propri\u00e9t\u00e9s positionnelles pour les cellules de la troisi\u00e8me ligne. Pour ce faire, d\u00e9terminez d&#8217;abord quelle cellule avec quelle statistique doit appara\u00eetre et dans quelles conditions :<\/p>\n\n\n\n<ul class=\"wp-block-list\">\n<li>Cellule avec la statistique &#8220;RFI UTG&#8221; &#8211; lorsque le joueur est en position &#8220;UTG&#8221; ;<\/li>\n\n\n\n<li>Cellule avec la statistique &#8220;RFI EP&#8221; &#8211; lorsque le joueur est en position &#8220;EP&#8221; ;<\/li>\n\n\n\n<li>Cellule avec la statistique &#8220;RFI MP&#8221; &#8211; lorsque le joueur est en position &#8220;MP&#8221; ;<\/li>\n\n\n\n<li>Cellule avec la statistique &#8220;RFI CO&#8221; &#8211; lorsque le joueur est en position &#8220;CO&#8221; ;<\/li>\n\n\n\n<li>Cellule avec la statistique &#8220;RFI BTN&#8221; &#8211; lorsque le joueur est en position &#8220;BTN&#8221; ;<\/li>\n\n\n\n<li>Cellule avec la statistique &#8220;RFI SB&#8221; &#8211; lorsque le joueur est en position &#8220;SB&#8221; ;<\/li>\n\n\n\n<li>Cellule avec la statistique &#8220;Fold to 3Bet IP postflop&#8221; &#8211; lorsque le joueur est dans une position qui lui permet d&#8217;\u00eatre en position sur le flop, le turn ou la river contre le h\u00e9ros ;<\/li>\n\n\n\n<li>Cellule avec la statistique &#8220;Fold to 3Bet OOP postflop&#8221; &#8211; lorsque le joueur est dans une position qui lui permet d&#8217;\u00eatre hors de position sur le flop, le turn ou la river contre le h\u00e9ros.<\/li>\n<\/ul>\n\n\n\n<p>Pour d\u00e9finir la position du joueur comme condition d&#8217;affichage pour les cellules, allez dans l'&#8221;HUD Editor&#8221; et s\u00e9lectionnez la cellule avec la statistique n\u00e9cessaire (par exemple, &#8220;RFI UTG&#8221;) en utilisant le bouton gauche de la souris (1).<\/p>\n\n\n\n<figure class=\"wp-block-image size-large\"><img loading=\"lazy\" decoding=\"async\" width=\"1024\" height=\"576\" src=\"http:\/\/hand2noteguide.com\/wp-content\/uploads\/2025\/06\/\u0411\u0435\u0437-\u0438\u043c\u0435\u043d\u0438-15-1-1024x576.jpg\" alt=\"\" class=\"wp-image-13711\" srcset=\"https:\/\/hand2noteguide.com\/wp-content\/uploads\/2025\/06\/\u0411\u0435\u0437-\u0438\u043c\u0435\u043d\u0438-15-1-1024x576.jpg 1024w, https:\/\/hand2noteguide.com\/wp-content\/uploads\/2025\/06\/\u0411\u0435\u0437-\u0438\u043c\u0435\u043d\u0438-15-1-300x169.jpg 300w, https:\/\/hand2noteguide.com\/wp-content\/uploads\/2025\/06\/\u0411\u0435\u0437-\u0438\u043c\u0435\u043d\u0438-15-1-768x432.jpg 768w, https:\/\/hand2noteguide.com\/wp-content\/uploads\/2025\/06\/\u0411\u0435\u0437-\u0438\u043c\u0435\u043d\u0438-15-1-1536x864.jpg 1536w, https:\/\/hand2noteguide.com\/wp-content\/uploads\/2025\/06\/\u0411\u0435\u0437-\u0438\u043c\u0435\u043d\u0438-15-1-772x434.jpg 772w, https:\/\/hand2noteguide.com\/wp-content\/uploads\/2025\/06\/\u0411\u0435\u0437-\u0438\u043c\u0435\u043d\u0438-15-1-624x351.jpg 624w, https:\/\/hand2noteguide.com\/wp-content\/uploads\/2025\/06\/\u0411\u0435\u0437-\u0438\u043c\u0435\u043d\u0438-15-1.jpg 1920w\" sizes=\"auto, (max-width: 1024px) 100vw, 1024px\" \/><\/figure>\n\n\n\n<p>Ensuite, dans le menu de droite, trouvez le param\u00e8tre &#8220;Afficher lorsque la position du joueur est :&#8221; et sp\u00e9cifiez les positions n\u00e9cessaires du joueur (2) (par exemple, de UTG1 \u00e0 UTG4).<\/p>\n\n\n\n<p>R\u00e9p\u00e9tez l&#8217;action avec chaque cellule contenant des statistiques RFI, en leur attribuant des positions selon les positions des statistiques RFI dans les cellules elles-m\u00eames.<\/p>\n\n\n\n<p>Pour d\u00e9finir les param\u00e8tres d&#8217;affichage pour la cellule avec la statistique &#8220;Fold to 3Bet IP postflop&#8221;, s\u00e9lectionnez-la en utilisant le bouton gauche de la souris (1).<\/p>\n\n\n\n<figure class=\"wp-block-image size-large\"><img loading=\"lazy\" decoding=\"async\" width=\"1024\" height=\"576\" src=\"http:\/\/hand2noteguide.com\/wp-content\/uploads\/2025\/06\/\u0411\u0435\u0437-\u0438\u043c\u0435\u043d\u0438-16-2-1024x576.jpg\" alt=\"\" class=\"wp-image-13712\" srcset=\"https:\/\/hand2noteguide.com\/wp-content\/uploads\/2025\/06\/\u0411\u0435\u0437-\u0438\u043c\u0435\u043d\u0438-16-2-1024x576.jpg 1024w, https:\/\/hand2noteguide.com\/wp-content\/uploads\/2025\/06\/\u0411\u0435\u0437-\u0438\u043c\u0435\u043d\u0438-16-2-300x169.jpg 300w, https:\/\/hand2noteguide.com\/wp-content\/uploads\/2025\/06\/\u0411\u0435\u0437-\u0438\u043c\u0435\u043d\u0438-16-2-768x432.jpg 768w, https:\/\/hand2noteguide.com\/wp-content\/uploads\/2025\/06\/\u0411\u0435\u0437-\u0438\u043c\u0435\u043d\u0438-16-2-1536x864.jpg 1536w, https:\/\/hand2noteguide.com\/wp-content\/uploads\/2025\/06\/\u0411\u0435\u0437-\u0438\u043c\u0435\u043d\u0438-16-2-772x434.jpg 772w, https:\/\/hand2noteguide.com\/wp-content\/uploads\/2025\/06\/\u0411\u0435\u0437-\u0438\u043c\u0435\u043d\u0438-16-2-624x351.jpg 624w, https:\/\/hand2noteguide.com\/wp-content\/uploads\/2025\/06\/\u0411\u0435\u0437-\u0438\u043c\u0435\u043d\u0438-16-2.jpg 1920w\" sizes=\"auto, (max-width: 1024px) 100vw, 1024px\" \/><\/figure>\n\n\n\n<p>Ensuite, dans le menu de droite, trouvez le param\u00e8tre &#8220;Position postflop par rapport au h\u00e9ros&#8221; et r\u00e9glez-le sur &#8220;En position&#8221; (2).<\/p>\n\n\n\n<p>R\u00e9p\u00e9tez l&#8217;action avec la cellule contenant la statistique &#8220;Fold to 3Bet IP postflop&#8221;, mais maintenant r\u00e9glez le param\u00e8tre &#8220;Position postflop par rapport au h\u00e9ros&#8221; sur &#8220;Hors de position&#8221;.<\/p>\n\n\n\n<p>Apr\u00e8s avoir termin\u00e9 les r\u00e9glages, vous pouvez voir le r\u00e9sultat dans le replayer en utilisant &#8220;Aper\u00e7u&#8221;.<\/p>\n\n\n\n<figure class=\"wp-block-image size-large\"><img loading=\"lazy\" decoding=\"async\" width=\"1024\" height=\"576\" src=\"http:\/\/hand2noteguide.com\/wp-content\/uploads\/2025\/06\/\u0411\u0435\u0437-\u0438\u043c\u0435\u043d\u0438-17-2-1024x576.jpg\" alt=\"\" class=\"wp-image-13713\" srcset=\"https:\/\/hand2noteguide.com\/wp-content\/uploads\/2025\/06\/\u0411\u0435\u0437-\u0438\u043c\u0435\u043d\u0438-17-2-1024x576.jpg 1024w, https:\/\/hand2noteguide.com\/wp-content\/uploads\/2025\/06\/\u0411\u0435\u0437-\u0438\u043c\u0435\u043d\u0438-17-2-300x169.jpg 300w, https:\/\/hand2noteguide.com\/wp-content\/uploads\/2025\/06\/\u0411\u0435\u0437-\u0438\u043c\u0435\u043d\u0438-17-2-768x432.jpg 768w, https:\/\/hand2noteguide.com\/wp-content\/uploads\/2025\/06\/\u0411\u0435\u0437-\u0438\u043c\u0435\u043d\u0438-17-2-1536x864.jpg 1536w, https:\/\/hand2noteguide.com\/wp-content\/uploads\/2025\/06\/\u0411\u0435\u0437-\u0438\u043c\u0435\u043d\u0438-17-2-772x434.jpg 772w, https:\/\/hand2noteguide.com\/wp-content\/uploads\/2025\/06\/\u0411\u0435\u0437-\u0438\u043c\u0435\u043d\u0438-17-2-624x351.jpg 624w, https:\/\/hand2noteguide.com\/wp-content\/uploads\/2025\/06\/\u0411\u0435\u0437-\u0438\u043c\u0435\u043d\u0438-17-2.jpg 1920w\" sizes=\"auto, (max-width: 1024px) 100vw, 1024px\" \/><\/figure>\n\n\n\n<p>Maintenant, dans la troisi\u00e8me ligne, pas plus de deux statistiques sont visibles. La premi\u00e8re statistique \u00e0 gauche affiche le RFI selon la position que le joueur occupe. La deuxi\u00e8me statistique montre Fold to 3Bet, selon la position que le joueur peut occuper sur le flop, le turn ou la river contre le h\u00e9ros (en position &#8211; IP, ou hors de position &#8211; OOP).<\/p>\n\n\n\n<p>\u00c9tant donn\u00e9 que nous avons utilis\u00e9 des propri\u00e9t\u00e9s d&#8217;affichage communes et positionnelles pour les cellules ou panneaux du HUD, notre HUD est positionnel.<\/p>\n\n\n\n<h2 class=\"wp-block-heading\">Conclusion<\/h2>\n\n\n\n<p>Ainsi, vous pouvez \u00e9conomiser de l&#8217;espace sur les tables et rendre les fen\u00eatres du HUD plus ergonomiques. De plus, vous pouvez configurer l&#8217;affichage des informations n\u00e9cessaires pour qu&#8217;elles soient plus pertinentes du point de vue des positions des joueurs.<\/p>\n\n\n\n<p><em>Certaines salles de poker bloquent le HUD s&#8217;il utilise des conditions d&#8217;affichage dynamiques ou positionnelles. Au moment de la r\u00e9daction, il s&#8217;agit de : <a href=\"https:\/\/hand2noteguide.com\/fr\/pokerstars-hud\/\">PokerStars<\/a>, IPoker, Winamax. Nous vous recommandons de v\u00e9rifier cette nuance avec le <a href=\"https:\/\/hand2noteguide.com\/fr\/hand2note-official-support\/\">support Hand2Note<\/a> avant de modifier le HUD.<\/em><\/p>\n\n\n\n<p>Dans le prochain article : <a href=\"https:\/\/hand2noteguide.com\/fr\/user-manual\/hud-editor-creating-a-dynamic-hud\/\">\u00c9diteur de HUD : Cr\u00e9ation d&#8217;un HUD dynamique<\/a> &#8211; nous continuerons \u00e0 modifier le HUD et appliquerons des conditions d&#8217;affichage dynamiques \u00e0 ses cellules. Cela fournira une compr\u00e9hension de la fa\u00e7on d&#8217;appliquer des propri\u00e9t\u00e9s dynamiques au HUD et de le rendre encore plus ergonomique, avec des affichages de statistiques plus pertinents.<\/p>\n","protected":false},"excerpt":{"rendered":"<p>En plus des panneaux HUD statiques, Hand2Note vous permet d&#8217;appliquer des propri\u00e9t\u00e9s positionnelles \u00e0 ceux-ci. Cela aide \u00e0 \u00e9conomiser de l&#8217;espace sur les tables et \u00e0 rendre les fen\u00eatres du HUD plus ergonomiques. Elles permettent \u00e9galement de changer automatiquement l&#8217;affichage des statistiques dans le HUD pour des informations plus pertinentes, du point de vue des &hellip; <a href=\"https:\/\/hand2noteguide.com\/fr\/user-manual\/hud-editor-creating-a-positional-hud\/\" class=\"more-link\">Continue reading <span class=\"screen-reader-text\">\u00c9diteur de HUD Partie 3 : Cr\u00e9ation d&#8217;un HUD positionnel<\/span><\/a><\/p>\n","protected":false},"author":3,"featured_media":13656,"parent":9199,"menu_order":0,"comment_status":"closed","ping_status":"closed","template":"","meta":{"footnotes":""},"class_list":["post-13653","page","type-page","status-publish","has-post-thumbnail","hentry"],"translation":{"provider":"WPGlobus","version":"3.0.2","language":"fr","enabled_languages":["en","ru","pt","zh","es","fr","de","it","ja"],"languages":{"en":{"title":true,"content":true,"excerpt":false},"ru":{"title":true,"content":true,"excerpt":false},"pt":{"title":true,"content":true,"excerpt":false},"zh":{"title":true,"content":true,"excerpt":false},"es":{"title":true,"content":true,"excerpt":false},"fr":{"title":true,"content":true,"excerpt":false},"de":{"title":true,"content":true,"excerpt":false},"it":{"title":true,"content":true,"excerpt":false},"ja":{"title":true,"content":true,"excerpt":false}}},"yoast_head":"<!-- This site is optimized with the Yoast SEO plugin v27.0 - https:\/\/yoast.com\/product\/yoast-seo-wordpress\/ -->\n<title>\u00c9diteur de HUD Hand2Note Partie 3 : Cr\u00e9ation d&#039;un HUD positionnel<\/title>\n<meta name=\"description\" content=\"Apprenez \u00e0 rendre votre HUD plus compact et pertinent en appliquant des propri\u00e9t\u00e9s positionnelles dans Hand2Note. Am\u00e9liorez l&#039;ergonomie et l&#039;efficacit\u00e9 de votre jeu.\" \/>\n<meta name=\"robots\" content=\"index, follow, max-snippet:-1, max-image-preview:large, max-video-preview:-1\" \/>\n<link rel=\"canonical\" href=\"https:\/\/hand2noteguide.com\/user-manual\/hud-editor-creating-a-positional-hud\/\" \/>\n<meta property=\"og:locale\" content=\"fr_FR\" \/>\n<meta property=\"og:type\" content=\"article\" \/>\n<meta property=\"og:title\" content=\"\u00c9diteur de HUD Hand2Note Partie 3 : Cr\u00e9ation d&#039;un HUD positionnel\" \/>\n<meta property=\"og:description\" content=\"Apprenez \u00e0 rendre votre HUD plus compact et pertinent en appliquant des propri\u00e9t\u00e9s positionnelles dans Hand2Note. Am\u00e9liorez l&#039;ergonomie et l&#039;efficacit\u00e9 de votre jeu.\" \/>\n<meta property=\"og:url\" content=\"https:\/\/hand2noteguide.com\/user-manual\/hud-editor-creating-a-positional-hud\/\" \/>\n<meta property=\"og:site_name\" content=\"Hand2Note Guide\" \/>\n<meta property=\"article:modified_time\" content=\"2026-03-10T08:36:18+00:00\" \/>\n<meta property=\"og:image\" content=\"https:\/\/hand2noteguide.com\/wp-content\/uploads\/2025\/06\/\u0411\u0435\u0437-\u0438\u043c\u0435\u043d\u0438-1-3-2.jpg\" \/>\n\t<meta property=\"og:image:width\" content=\"1920\" \/>\n\t<meta property=\"og:image:height\" content=\"1080\" \/>\n\t<meta property=\"og:image:type\" content=\"image\/jpeg\" \/>\n<meta name=\"twitter:card\" content=\"summary_large_image\" \/>\n<meta name=\"twitter:label1\" content=\"Est. reading time\" \/>\n\t<meta name=\"twitter:data1\" content=\"32 minutes\" \/>\n<!-- \/ Yoast SEO plugin. -->","yoast_head_json":{"title":"\u00c9diteur de HUD Hand2Note Partie 3 : Cr\u00e9ation d'un HUD positionnel","description":"Apprenez \u00e0 rendre votre HUD plus compact et pertinent en appliquant des propri\u00e9t\u00e9s positionnelles dans Hand2Note. Am\u00e9liorez l'ergonomie et l'efficacit\u00e9 de votre jeu.","robots":{"index":"index","follow":"follow","max-snippet":"max-snippet:-1","max-image-preview":"max-image-preview:large","max-video-preview":"max-video-preview:-1"},"canonical":"https:\/\/hand2noteguide.com\/user-manual\/hud-editor-creating-a-positional-hud\/","og_locale":"fr_FR","og_type":"article","og_title":"\u00c9diteur de HUD Hand2Note Partie 3 : Cr\u00e9ation d'un HUD positionnel","og_description":"Apprenez \u00e0 rendre votre HUD plus compact et pertinent en appliquant des propri\u00e9t\u00e9s positionnelles dans Hand2Note. Am\u00e9liorez l'ergonomie et l'efficacit\u00e9 de votre jeu.","og_url":"https:\/\/hand2noteguide.com\/user-manual\/hud-editor-creating-a-positional-hud\/","og_site_name":"Hand2Note Guide","article_modified_time":"2026-03-10T08:36:18+00:00","og_image":[{"width":1920,"height":1080,"url":"https:\/\/hand2noteguide.com\/wp-content\/uploads\/2025\/06\/\u0411\u0435\u0437-\u0438\u043c\u0435\u043d\u0438-1-3-2.jpg","type":"image\/jpeg"}],"twitter_card":"summary_large_image","twitter_misc":{"Est. reading time":"32 minutes"},"schema":{"@context":"https:\/\/schema.org","@graph":[]}},"jetpack_sharing_enabled":true,"_links":{"self":[{"href":"https:\/\/hand2noteguide.com\/fr\/wp-json\/wp\/v2\/pages\/13653","targetHints":{"allow":["GET"]}}],"collection":[{"href":"https:\/\/hand2noteguide.com\/fr\/wp-json\/wp\/v2\/pages"}],"about":[{"href":"https:\/\/hand2noteguide.com\/fr\/wp-json\/wp\/v2\/types\/page"}],"author":[{"embeddable":true,"href":"https:\/\/hand2noteguide.com\/fr\/wp-json\/wp\/v2\/users\/3"}],"replies":[{"embeddable":true,"href":"https:\/\/hand2noteguide.com\/fr\/wp-json\/wp\/v2\/comments?post=13653"}],"version-history":[{"count":70,"href":"https:\/\/hand2noteguide.com\/fr\/wp-json\/wp\/v2\/pages\/13653\/revisions"}],"predecessor-version":[{"id":15637,"href":"https:\/\/hand2noteguide.com\/fr\/wp-json\/wp\/v2\/pages\/13653\/revisions\/15637"}],"up":[{"embeddable":true,"href":"https:\/\/hand2noteguide.com\/fr\/wp-json\/wp\/v2\/pages\/9199"}],"wp:featuredmedia":[{"embeddable":true,"href":"https:\/\/hand2noteguide.com\/fr\/wp-json\/wp\/v2\/media\/13656"}],"wp:attachment":[{"href":"https:\/\/hand2noteguide.com\/fr\/wp-json\/wp\/v2\/media?parent=13653"}],"curies":[{"name":"wp","href":"https:\/\/api.w.org\/{rel}","templated":true}]}}