{"id":137,"date":"2018-07-31T23:12:53","date_gmt":"2018-07-31T20:12:53","guid":{"rendered":"https:\/\/h2n312.wordpress.com\/?page_id=137"},"modified":"2025-06-04T19:16:00","modified_gmt":"2025-06-04T16:16:00","slug":"connecting-to-server","status":"publish","type":"page","link":"https:\/\/hand2noteguide.com\/fr\/issues-resolving\/connecting-to-server\/","title":{"rendered":"Hand2Note se bloque sur &#8220;Connecting to server&#8221;"},"content":{"rendered":"\n<figure class=\"wp-block-image\"><img loading=\"lazy\" decoding=\"async\" width=\"347\" height=\"474\" src=\"https:\/\/hand2noteguide.com\/wp-content\/uploads\/2018\/07\/11111111111111111111.png\" alt=\"Connecting to server\" class=\"wp-image-138\" srcset=\"https:\/\/hand2noteguide.com\/wp-content\/uploads\/2018\/07\/11111111111111111111.png 347w, https:\/\/hand2noteguide.com\/wp-content\/uploads\/2018\/07\/11111111111111111111-220x300.png 220w\" sizes=\"auto, (max-width: 347px) 100vw, 347px\" \/><\/figure>\n\n\n\n<div class=\"red-block\">\n<p><strong>\ud83d\udc49 Mise \u00e0 jour du 2 juin 2025 :<\/strong> Si vous rencontrez ce probl\u00e8me, il est fort probable que vous utilisiez une version gratuite de Hand2Note. \u00c0 partir du 29 mai 2025, <a href=\"https:\/\/hand2noteguide.com\/fr\/hand2note-3-free-version-is-gone-what-now\/\"><strong>la version gratuite de Hand2Note n&#8217;est plus disponible \ud83e\udd7a<\/strong><\/a>. Vous devez acheter un abonnement pour continuer \u00e0 utiliser Hand2Note.<\/p>\n\n<p>D\u00e9sol\u00e9 de vous d\u00e9cevoir, mais c&#8217;\u00e9tait une d\u00e9cision officielle de Hand2Note, et cela \u00e9chappe \u00e0 notre contr\u00f4le. Nous sommes le revendeur n\u00b01 de Hand2Note et tout ce que nous pouvons faire, c&#8217;est de vous offrir la meilleure offre pour acheter le logiciel.<\/p>\n\n<p>1\ufe0f\u20e3 Donc, si vous d\u00e9cidez de rester avec Hand2Note, vous pouvez acheter un abonnement \u00e0 <strong><a href=\"https:\/\/hand2note3.hand2note.com\/?aid=c0\" target=\"_blank\" rel=\"noopener\">Hand2Note 3<\/a><\/strong> ou <strong><a href=\"https:\/\/hand2note.com?rid=2250\" target=\"_blank\" rel=\"noopener\">Hand2Note 4<\/a><\/strong> avec notre <a href=\"https:\/\/hand2noteguide.com\/fr\/promo\/\"><strong>promo GUIDE10<\/strong><\/a>. Vous b\u00e9n\u00e9ficierez d&#8217;une <strong>r\u00e9duction instantan\u00e9e de 10% et de bonus suppl\u00e9mentaires<\/strong> \u2013 HUD gratuit et cours vid\u00e9o<strong>.<\/strong><\/p>\n\n<p>2\ufe0f\u20e3 Vous pouvez toujours <a href=\"https:\/\/hand2noteguide.com\/fr\/coinpoker-hand2note\/\">obtenir Hand2Note PRO gratuitement<\/a> si vous g\u00e9n\u00e9rez 300 $ de rake mensuellement sur Coinpoker.<\/p>\n\n<p>3\ufe0f\u20e3 Si vous d\u00e9cidez de <strong>cesser d&#8217;utiliser Hand2Note<\/strong>, nous comprenons tout \u00e0 fait.<\/p>\n\n<p style=\"margin-bottom:0\">Merci.<\/p>\n<\/div>\n\n\n\n<p>Cette situation peut se produire lors de la mise \u00e0 jour des modules sur le serveur. Tout d&#8217;abord, essayez de ne pas fermer la fen\u00eatre et attendez 15 minutes.<\/p>\n\n\n\n<p>Si le probl\u00e8me persiste, faites ce qui suit :<\/p>\n\n\n\n<ol class=\"wp-block-list\">\n<li>V\u00e9rifiez votre connexion Internet<\/li>\n\n\n\n<li>Installez toutes les derni\u00e8res mises \u00e0 jour de Windows<\/li>\n\n\n\n<li>D\u00e9sactivez l&#8217;antivirus<\/li>\n\n\n\n<li>Red\u00e9marrez le routeur<\/li>\n\n\n\n<li>Assurez-vous de lancer Hand2Note en tant qu&#8217;administrateur<\/li>\n<\/ol>\n\n\n\n<p>Si cela ne vous aide pas, vous utilisez peut-\u00eatre une ancienne version du programme. Essayez de <a href=\"https:\/\/hand2noteguide.com\/fr\/issues-resolving\/reinstall\/\">r\u00e9installer Hand2Note<\/a> en utilisant le dernier installateur depuis le site officiel.<\/p>\n\n\n\n<p>Si Hand2Note continue d&#8217;afficher le m\u00eame message, contactez le <a href=\"https:\/\/hand2noteguide.com\/fr\/hand2note-official-support\/\">service d&#8217;assistance<\/a>.<\/p>\n","protected":false},"excerpt":{"rendered":"<p>\ud83d\udc49 Mise \u00e0 jour du 2 juin 2025 : Si vous rencontrez ce probl\u00e8me, il est fort probable que vous utilisiez une version gratuite de Hand2Note. \u00c0 partir du 29 mai 2025, la version gratuite de Hand2Note n&#8217;est plus disponible \ud83e\udd7a. Vous devez acheter un abonnement pour continuer \u00e0 utiliser Hand2Note. D\u00e9sol\u00e9 de vous d\u00e9cevoir, &hellip; <a href=\"https:\/\/hand2noteguide.com\/fr\/issues-resolving\/connecting-to-server\/\" class=\"more-link\">Continue reading <span class=\"screen-reader-text\">Hand2Note se bloque sur &#8220;Connecting to server&#8221;<\/span><\/a><\/p>\n","protected":false},"author":1,"featured_media":0,"parent":236,"menu_order":1,"comment_status":"closed","ping_status":"closed","template":"page-templates\/full-width-page.php","meta":{"footnotes":""},"class_list":["post-137","page","type-page","status-publish","hentry"],"translation":{"provider":"WPGlobus","version":"3.0.2","language":"fr","enabled_languages":["en","ru","pt","zh","es","fr","de","it","ja"],"languages":{"en":{"title":true,"content":true,"excerpt":false},"ru":{"title":true,"content":true,"excerpt":false},"pt":{"title":true,"content":true,"excerpt":false},"zh":{"title":true,"content":true,"excerpt":false},"es":{"title":true,"content":true,"excerpt":false},"fr":{"title":true,"content":true,"excerpt":false},"de":{"title":true,"content":true,"excerpt":false},"it":{"title":true,"content":true,"excerpt":false},"ja":{"title":true,"content":true,"excerpt":false}}},"yoast_head":"<!-- This site is optimized with the Yoast SEO plugin v27.0 - https:\/\/yoast.com\/product\/yoast-seo-wordpress\/ -->\n<title>Hand2Note se bloque sur &quot;Connecting to server&quot;<\/title>\n<meta name=\"description\" content=\"D\u00e9couvrez comment r\u00e9soudre le probl\u00e8me lorsque Hand2Note se bloque sur &quot;Connecting to server&quot;. Suivez notre guide \u00e9tape par \u00e9tape pour d\u00e9panner et r\u00e9soudre le probl\u00e8me.\" \/>\n<meta name=\"robots\" content=\"index, follow, max-snippet:-1, max-image-preview:large, max-video-preview:-1\" \/>\n<link rel=\"canonical\" href=\"https:\/\/hand2noteguide.com\/issues-resolving\/connecting-to-server\/\" \/>\n<meta property=\"og:locale\" content=\"fr_FR\" \/>\n<meta property=\"og:type\" content=\"article\" \/>\n<meta property=\"og:title\" content=\"Hand2Note se bloque sur &quot;Connecting to server&quot;\" \/>\n<meta property=\"og:description\" content=\"D\u00e9couvrez comment r\u00e9soudre le probl\u00e8me lorsque Hand2Note se bloque sur &quot;Connecting to server&quot;. Suivez notre guide \u00e9tape par \u00e9tape pour d\u00e9panner et r\u00e9soudre le probl\u00e8me.\" \/>\n<meta property=\"og:url\" content=\"https:\/\/hand2noteguide.com\/issues-resolving\/connecting-to-server\/\" \/>\n<meta property=\"og:site_name\" content=\"Hand2Note Guide\" \/>\n<meta property=\"article:modified_time\" content=\"2025-06-04T16:16:00+00:00\" \/>\n<meta property=\"og:image\" content=\"https:\/\/hand2noteguide.com\/wp-content\/uploads\/2018\/07\/11111111111111111111.png\" \/>\n<meta name=\"twitter:card\" content=\"summary_large_image\" \/>\n<meta name=\"twitter:label1\" content=\"Est. reading time\" \/>\n\t<meta name=\"twitter:data1\" content=\"8 minutes\" \/>\n<!-- \/ Yoast SEO plugin. -->","yoast_head_json":{"title":"Hand2Note se bloque sur \"Connecting to server\"","description":"D\u00e9couvrez comment r\u00e9soudre le probl\u00e8me lorsque Hand2Note se bloque sur \"Connecting to server\". Suivez notre guide \u00e9tape par \u00e9tape pour d\u00e9panner et r\u00e9soudre le probl\u00e8me.","robots":{"index":"index","follow":"follow","max-snippet":"max-snippet:-1","max-image-preview":"max-image-preview:large","max-video-preview":"max-video-preview:-1"},"canonical":"https:\/\/hand2noteguide.com\/issues-resolving\/connecting-to-server\/","og_locale":"fr_FR","og_type":"article","og_title":"Hand2Note se bloque sur \"Connecting to server\"","og_description":"D\u00e9couvrez comment r\u00e9soudre le probl\u00e8me lorsque Hand2Note se bloque sur \"Connecting to server\". Suivez notre guide \u00e9tape par \u00e9tape pour d\u00e9panner et r\u00e9soudre le probl\u00e8me.","og_url":"https:\/\/hand2noteguide.com\/issues-resolving\/connecting-to-server\/","og_site_name":"Hand2Note Guide","article_modified_time":"2025-06-04T16:16:00+00:00","og_image":[{"url":"https:\/\/hand2noteguide.com\/wp-content\/uploads\/2018\/07\/11111111111111111111.png","type":"","width":"","height":""}],"twitter_card":"summary_large_image","twitter_misc":{"Est. reading time":"8 minutes"},"schema":{"@context":"https:\/\/schema.org","@graph":[]}},"jetpack_sharing_enabled":false,"_links":{"self":[{"href":"https:\/\/hand2noteguide.com\/fr\/wp-json\/wp\/v2\/pages\/137","targetHints":{"allow":["GET"]}}],"collection":[{"href":"https:\/\/hand2noteguide.com\/fr\/wp-json\/wp\/v2\/pages"}],"about":[{"href":"https:\/\/hand2noteguide.com\/fr\/wp-json\/wp\/v2\/types\/page"}],"author":[{"embeddable":true,"href":"https:\/\/hand2noteguide.com\/fr\/wp-json\/wp\/v2\/users\/1"}],"replies":[{"embeddable":true,"href":"https:\/\/hand2noteguide.com\/fr\/wp-json\/wp\/v2\/comments?post=137"}],"version-history":[{"count":55,"href":"https:\/\/hand2noteguide.com\/fr\/wp-json\/wp\/v2\/pages\/137\/revisions"}],"predecessor-version":[{"id":13555,"href":"https:\/\/hand2noteguide.com\/fr\/wp-json\/wp\/v2\/pages\/137\/revisions\/13555"}],"up":[{"embeddable":true,"href":"https:\/\/hand2noteguide.com\/fr\/wp-json\/wp\/v2\/pages\/236"}],"wp:attachment":[{"href":"https:\/\/hand2noteguide.com\/fr\/wp-json\/wp\/v2\/media?parent=137"}],"curies":[{"name":"wp","href":"https:\/\/api.w.org\/{rel}","templated":true}]}}