{"id":13718,"date":"2025-06-19T09:37:34","date_gmt":"2025-06-19T06:37:34","guid":{"rendered":"https:\/\/hand2noteguide.com\/?page_id=13718"},"modified":"2026-03-10T11:37:03","modified_gmt":"2026-03-10T08:37:03","slug":"hud-editor-creating-a-dynamic-hud","status":"publish","type":"page","link":"https:\/\/hand2noteguide.com\/fr\/user-manual\/hud-editor-creating-a-dynamic-hud\/","title":{"rendered":"\u00c9diteur de HUD Partie 4 : Cr\u00e9er un HUD dynamique"},"content":{"rendered":"\n<p>Hand2Note vous permet d&#8217;appliquer des conditions d&#8217;affichage adaptatives et dynamiques aux cellules ou panneaux du HUD. Cela aide \u00e0 \u00e9conomiser de l&#8217;espace sur les tables et \u00e0 adapter l&#8217;affichage des informations, en les montrant lorsqu&#8217;elles sont les plus pertinentes.<\/p>\n\n\n\n<p>Dans les articles pr\u00e9c\u00e9dents, <a href=\"https:\/\/hand2noteguide.com\/fr\/user-manual\/hud-editor-creating-a-static-hud\/\">\u00c9diteur de HUD : Cr\u00e9er un HUD statique<\/a> et <a href=\"https:\/\/hand2noteguide.com\/fr\/user-manual\/hud-editor-creating-a-positional-hud\/\">\u00c9diteur de HUD : Cr\u00e9er un HUD positionnel<\/a>, nous avons montr\u00e9 comment cr\u00e9er un HUD statique et comment appliquer des conditions d&#8217;affichage positionnelles \u00e0 ses cellules ou panneaux. Dans cet article, nous continuerons \u00e0 \u00e9diter le HUD en appliquant des propri\u00e9t\u00e9s d&#8217;affichage dynamiques \u00e0 ses cellules.<\/p>\n\n\n\n<h2 class=\"wp-block-heading\">Plan pour cr\u00e9er un HUD dynamique<\/h2>\n\n\n\n<p>Dans les deux articles pr\u00e9c\u00e9dents, nous avons cr\u00e9\u00e9 un HUD o\u00f9 l&#8217;ensemble des stats ressemble \u00e0 ceci :<\/p>\n\n\n\n<figure class=\"wp-block-image size-large\"><img loading=\"lazy\" decoding=\"async\" width=\"1024\" height=\"576\" src=\"http:\/\/hand2noteguide.com\/wp-content\/uploads\/2025\/06\/\u0411\u0435\u0437-\u0438\u043c\u0435\u043d\u0438-17-2-1024x576.jpg\" alt=\"\" class=\"wp-image-13713\" srcset=\"https:\/\/hand2noteguide.com\/wp-content\/uploads\/2025\/06\/\u0411\u0435\u0437-\u0438\u043c\u0435\u043d\u0438-17-2-1024x576.jpg 1024w, https:\/\/hand2noteguide.com\/wp-content\/uploads\/2025\/06\/\u0411\u0435\u0437-\u0438\u043c\u0435\u043d\u0438-17-2-300x169.jpg 300w, https:\/\/hand2noteguide.com\/wp-content\/uploads\/2025\/06\/\u0411\u0435\u0437-\u0438\u043c\u0435\u043d\u0438-17-2-768x432.jpg 768w, https:\/\/hand2noteguide.com\/wp-content\/uploads\/2025\/06\/\u0411\u0435\u0437-\u0438\u043c\u0435\u043d\u0438-17-2-1536x864.jpg 1536w, https:\/\/hand2noteguide.com\/wp-content\/uploads\/2025\/06\/\u0411\u0435\u0437-\u0438\u043c\u0435\u043d\u0438-17-2-772x434.jpg 772w, https:\/\/hand2noteguide.com\/wp-content\/uploads\/2025\/06\/\u0411\u0435\u0437-\u0438\u043c\u0435\u043d\u0438-17-2-624x351.jpg 624w, https:\/\/hand2noteguide.com\/wp-content\/uploads\/2025\/06\/\u0411\u0435\u0437-\u0438\u043c\u0435\u043d\u0438-17-2.jpg 1920w\" sizes=\"auto, (max-width: 1024px) 100vw, 1024px\" \/><\/figure>\n\n\n\n<ul class=\"wp-block-list\">\n<li>La premi\u00e8re ligne du HUD, stats dans l&#8217;ordre de gauche \u00e0 droite : &#8220;VPIP&#8221;, &#8220;PFR&#8221;, &#8220;Fold to 3Bet&#8221;, &#8220;3Bet&#8221;, &#8220;Fold to 4Bet&#8221;, &#8220;4Bet Range&#8221; ;<\/li>\n\n\n\n<li>La deuxi\u00e8me ligne du HUD, stats dans l&#8217;ordre de gauche \u00e0 droite : &#8220;WTSD%&#8221;, &#8220;WWSF%&#8221;, &#8220;WonSD%&#8221;, &#8220;Fr\u00e9quence d&#8217;agression Flop%&#8221;, &#8220;Fr\u00e9quence d&#8217;agression Turn%&#8221;, &#8220;Fr\u00e9quence d&#8217;agression River%&#8221; ;<\/li>\n\n\n\n<li>La troisi\u00e8me ligne utilise des conditions d&#8217;affichage positionnelles et montre les stats &#8220;RFI UTG&#8221;, &#8220;RFI EP&#8221;, &#8220;RFI MP&#8221;, &#8220;RFI CO&#8221;, &#8220;RFI BTN&#8221;, &#8220;RFI SB&#8221;, &#8220;Fold to 3Bet IP postflop&#8221;, &#8220;Fold to 3Bet OOP postflop&#8221; selon les positions des joueurs \u00e0 la table ;<\/li>\n\n\n\n<li>La quatri\u00e8me ligne du HUD, stats dans l&#8217;ordre de gauche \u00e0 droite : nombre total de mains (&#8220;Hands&#8221;), &#8220;Winrate bb\/100&#8221;.<\/li>\n<\/ul>\n\n\n\n<p>Dans cet article, nous appliquerons une condition d&#8217;affichage dynamique aux cellules de la troisi\u00e8me ligne (&#8220;RFI UTG&#8221;, &#8220;RFI EP&#8221;, &#8220;RFI MP&#8221;, &#8220;RFI CO&#8221;, &#8220;RFI BTN&#8221;, &#8220;RFI SB&#8221;, &#8220;Fold to 3Bet IP postflop&#8221;, &#8220;Fold to 3Bet OOP postflop&#8221;) : elles appara\u00eetront uniquement lorsque le joueur effectue une relance d&#8217;ouverture.<\/p>\n\n\n\n<h2 class=\"wp-block-heading\">Application des conditions d&#8217;affichage dynamiques<\/h2>\n\n\n\n<p>Actuellement, les fen\u00eatres du HUD remplissent des conditions d&#8217;affichage g\u00e9n\u00e9rales et positionnelles. Pour d\u00e9finir des param\u00e8tres d&#8217;affichage dynamiques pour une cellule, allez dans le &#8220;HUD Editor&#8221; et s\u00e9lectionnez-la avec le bouton gauche de la souris (1).<\/p>\n\n\n\n<figure class=\"wp-block-image size-large\"><img loading=\"lazy\" decoding=\"async\" width=\"1024\" height=\"576\" src=\"http:\/\/hand2noteguide.com\/wp-content\/uploads\/2025\/06\/\u0411\u0435\u0437-\u0438\u043c\u0435\u043d\u0438-1-6-1024x576.jpg\" alt=\"\" class=\"wp-image-13734\" srcset=\"https:\/\/hand2noteguide.com\/wp-content\/uploads\/2025\/06\/\u0411\u0435\u0437-\u0438\u043c\u0435\u043d\u0438-1-6-1024x576.jpg 1024w, https:\/\/hand2noteguide.com\/wp-content\/uploads\/2025\/06\/\u0411\u0435\u0437-\u0438\u043c\u0435\u043d\u0438-1-6-300x169.jpg 300w, https:\/\/hand2noteguide.com\/wp-content\/uploads\/2025\/06\/\u0411\u0435\u0437-\u0438\u043c\u0435\u043d\u0438-1-6-768x432.jpg 768w, https:\/\/hand2noteguide.com\/wp-content\/uploads\/2025\/06\/\u0411\u0435\u0437-\u0438\u043c\u0435\u043d\u0438-1-6-1536x864.jpg 1536w, https:\/\/hand2noteguide.com\/wp-content\/uploads\/2025\/06\/\u0411\u0435\u0437-\u0438\u043c\u0435\u043d\u0438-1-6-772x434.jpg 772w, https:\/\/hand2noteguide.com\/wp-content\/uploads\/2025\/06\/\u0411\u0435\u0437-\u0438\u043c\u0435\u043d\u0438-1-6-624x351.jpg 624w, https:\/\/hand2noteguide.com\/wp-content\/uploads\/2025\/06\/\u0411\u0435\u0437-\u0438\u043c\u0435\u043d\u0438-1-6.jpg 1920w\" sizes=\"auto, (max-width: 1024px) 100vw, 1024px\" \/><\/figure>\n\n\n\n<p>Ensuite, dans le menu des param\u00e8tres suppl\u00e9mentaires \u00e0 droite, s\u00e9lectionnez &#8220;Open Raise&#8221; dans le menu d\u00e9roulant \u00e0 c\u00f4t\u00e9 du param\u00e8tre &#8220;Did specific action&#8221; (2). R\u00e9p\u00e9tez cette action pour toutes les cellules n\u00e9cessaires.<\/p>\n\n\n\n<p>Apr\u00e8s avoir termin\u00e9 les r\u00e9glages, vous pouvez voir le r\u00e9sultat dans le replayer en utilisant &#8220;Preview&#8221;.<\/p>\n\n\n\n<p>La capture d&#8217;\u00e9cran ci-dessous montre la vue du HUD lorsque aucun des joueurs n&#8217;a effectu\u00e9 de relance d&#8217;ouverture. Comme vous pouvez le voir, la troisi\u00e8me ligne est compl\u00e8tement absente.<\/p>\n\n\n\n<figure class=\"wp-block-image size-full\"><img loading=\"lazy\" decoding=\"async\" width=\"976\" height=\"690\" src=\"http:\/\/hand2noteguide.com\/wp-content\/uploads\/2025\/06\/\u0411\u0435\u0437-\u0438\u043c\u0435\u043d\u0438-2-3.jpg\" alt=\"\" class=\"wp-image-13735\" srcset=\"https:\/\/hand2noteguide.com\/wp-content\/uploads\/2025\/06\/\u0411\u0435\u0437-\u0438\u043c\u0435\u043d\u0438-2-3.jpg 976w, https:\/\/hand2noteguide.com\/wp-content\/uploads\/2025\/06\/\u0411\u0435\u0437-\u0438\u043c\u0435\u043d\u0438-2-3-300x212.jpg 300w, https:\/\/hand2noteguide.com\/wp-content\/uploads\/2025\/06\/\u0411\u0435\u0437-\u0438\u043c\u0435\u043d\u0438-2-3-768x543.jpg 768w, https:\/\/hand2noteguide.com\/wp-content\/uploads\/2025\/06\/\u0411\u0435\u0437-\u0438\u043c\u0435\u043d\u0438-2-3-772x546.jpg 772w, https:\/\/hand2noteguide.com\/wp-content\/uploads\/2025\/06\/\u0411\u0435\u0437-\u0438\u043c\u0435\u043d\u0438-2-3-624x441.jpg 624w\" sizes=\"auto, (max-width: 976px) 100vw, 976px\" \/><\/figure>\n\n\n\n<p>Cependant, d\u00e8s qu&#8217;un joueur effectue une relance d&#8217;ouverture, les stats apparaissent dans leur HUD selon les param\u00e8tres d\u00e9finis.<\/p>\n\n\n\n<figure class=\"wp-block-image size-full\"><img loading=\"lazy\" decoding=\"async\" width=\"976\" height=\"690\" src=\"http:\/\/hand2noteguide.com\/wp-content\/uploads\/2025\/06\/\u0411\u0435\u0437-\u0438\u043c\u0435\u043d\u0438-3-2.jpg\" alt=\"\" class=\"wp-image-13736\" srcset=\"https:\/\/hand2noteguide.com\/wp-content\/uploads\/2025\/06\/\u0411\u0435\u0437-\u0438\u043c\u0435\u043d\u0438-3-2.jpg 976w, https:\/\/hand2noteguide.com\/wp-content\/uploads\/2025\/06\/\u0411\u0435\u0437-\u0438\u043c\u0435\u043d\u0438-3-2-300x212.jpg 300w, https:\/\/hand2noteguide.com\/wp-content\/uploads\/2025\/06\/\u0411\u0435\u0437-\u0438\u043c\u0435\u043d\u0438-3-2-768x543.jpg 768w, https:\/\/hand2noteguide.com\/wp-content\/uploads\/2025\/06\/\u0411\u0435\u0437-\u0438\u043c\u0435\u043d\u0438-3-2-772x546.jpg 772w, https:\/\/hand2noteguide.com\/wp-content\/uploads\/2025\/06\/\u0411\u0435\u0437-\u0438\u043c\u0435\u043d\u0438-3-2-624x441.jpg 624w\" sizes=\"auto, (max-width: 976px) 100vw, 976px\" \/><\/figure>\n\n\n\n<p>Maintenant, dans la troisi\u00e8me ligne, pas plus de deux stats sont visibles et uniquement dans le HUD du joueur qui a effectu\u00e9 la relance d&#8217;ouverture. La premi\u00e8re stat \u00e0 gauche affiche le RFI selon la position que le joueur occupe. La deuxi\u00e8me stat montre Fold to 3Bet, selon la position que le joueur peut occuper au flop, turn ou river contre le h\u00e9ros (en position &#8211; IP, ou hors position &#8211; OOP).<\/p>\n\n\n\n<p>Comme nous avons utilis\u00e9 des propri\u00e9t\u00e9s d&#8217;affichage g\u00e9n\u00e9rales, positionnelles et dynamiques pour les cellules ou panneaux du HUD, notre HUD est dynamique.<\/p>\n\n\n\n<p><em>Certaines salles de poker bloquent le fonctionnement du HUD s&#8217;il utilise des conditions d&#8217;affichage dynamiques ou positionnelles. Au moment de la r\u00e9daction, celles-ci sont : <a href=\"https:\/\/hand2noteguide.com\/fr\/pokerstars-hud\/\">PokerStars<\/a>, IPoker, Winamax. Nous vous recommandons de v\u00e9rifier cette nuance avec le <a href=\"https:\/\/hand2noteguide.com\/fr\/hand2note-official-support\/\">support Hand2Note<\/a> avant de modifier le HUD.<\/em><\/p>\n\n\n\n<h2 class=\"wp-block-heading\">Conclusion<\/h2>\n\n\n\n<p>Ainsi, vous pouvez cr\u00e9er ou \u00e9diter n&#8217;importe quel HUD dynamique pour votre confort ou vos besoins de jeu. Cela vous permettra d&#8217;\u00e9conomiser plus d&#8217;espace sur les tables et d&#8217;adapter l&#8217;affichage des informations au moment o\u00f9 elles sont pertinentes.<\/p>\n","protected":false},"excerpt":{"rendered":"<p>Hand2Note vous permet d&#8217;appliquer des conditions d&#8217;affichage adaptatives et dynamiques aux cellules ou panneaux du HUD. Cela aide \u00e0 \u00e9conomiser de l&#8217;espace sur les tables et \u00e0 adapter l&#8217;affichage des informations, en les montrant lorsqu&#8217;elles sont les plus pertinentes. Dans les articles pr\u00e9c\u00e9dents, \u00c9diteur de HUD : Cr\u00e9er un HUD statique et \u00c9diteur de HUD &hellip; <a href=\"https:\/\/hand2noteguide.com\/fr\/user-manual\/hud-editor-creating-a-dynamic-hud\/\" class=\"more-link\">Continue reading <span class=\"screen-reader-text\">\u00c9diteur de HUD Partie 4 : Cr\u00e9er un HUD dynamique<\/span><\/a><\/p>\n","protected":false},"author":3,"featured_media":13720,"parent":9199,"menu_order":0,"comment_status":"closed","ping_status":"closed","template":"","meta":{"footnotes":""},"class_list":["post-13718","page","type-page","status-publish","has-post-thumbnail","hentry"],"translation":{"provider":"WPGlobus","version":"3.0.2","language":"fr","enabled_languages":["en","ru","pt","zh","es","fr","de","it","ja"],"languages":{"en":{"title":true,"content":true,"excerpt":false},"ru":{"title":true,"content":true,"excerpt":false},"pt":{"title":true,"content":true,"excerpt":false},"zh":{"title":true,"content":true,"excerpt":false},"es":{"title":true,"content":true,"excerpt":false},"fr":{"title":true,"content":true,"excerpt":false},"de":{"title":true,"content":true,"excerpt":false},"it":{"title":true,"content":true,"excerpt":false},"ja":{"title":true,"content":true,"excerpt":false}}},"yoast_head":"<!-- This site is optimized with the Yoast SEO plugin v27.0 - https:\/\/yoast.com\/product\/yoast-seo-wordpress\/ -->\n<title>\u00c9diteur de HUD Hand2Note Partie 4 : Cr\u00e9er un HUD dynamique<\/title>\n<meta name=\"description\" content=\"Apprenez \u00e0 cr\u00e9er un HUD dynamique dans Hand2Note en appliquant des conditions d&#039;affichage adaptatives pour \u00e9conomiser de l&#039;espace et garantir la pertinence des informations.\" \/>\n<meta name=\"robots\" content=\"index, follow, max-snippet:-1, max-image-preview:large, max-video-preview:-1\" \/>\n<link rel=\"canonical\" href=\"https:\/\/hand2noteguide.com\/user-manual\/hud-editor-creating-a-dynamic-hud\/\" \/>\n<meta property=\"og:locale\" content=\"fr_FR\" \/>\n<meta property=\"og:type\" content=\"article\" \/>\n<meta property=\"og:title\" content=\"\u00c9diteur de HUD Hand2Note Partie 4 : Cr\u00e9er un HUD dynamique\" \/>\n<meta property=\"og:description\" content=\"Apprenez \u00e0 cr\u00e9er un HUD dynamique dans Hand2Note en appliquant des conditions d&#039;affichage adaptatives pour \u00e9conomiser de l&#039;espace et garantir la pertinence des informations.\" \/>\n<meta property=\"og:url\" content=\"https:\/\/hand2noteguide.com\/user-manual\/hud-editor-creating-a-dynamic-hud\/\" \/>\n<meta property=\"og:site_name\" content=\"Hand2Note Guide\" \/>\n<meta property=\"article:modified_time\" content=\"2026-03-10T08:37:03+00:00\" \/>\n<meta property=\"og:image\" content=\"https:\/\/hand2noteguide.com\/wp-content\/uploads\/2025\/06\/\u0411\u0435\u0437-\u0438\u043c\u0435\u043d\u0438-1-3-3.jpg\" \/>\n\t<meta property=\"og:image:width\" content=\"1920\" \/>\n\t<meta property=\"og:image:height\" content=\"1080\" \/>\n\t<meta property=\"og:image:type\" content=\"image\/jpeg\" \/>\n<meta name=\"twitter:card\" content=\"summary_large_image\" \/>\n<meta name=\"twitter:label1\" content=\"Est. reading time\" \/>\n\t<meta name=\"twitter:data1\" content=\"20 minutes\" \/>\n<!-- \/ Yoast SEO plugin. -->","yoast_head_json":{"title":"\u00c9diteur de HUD Hand2Note Partie 4 : Cr\u00e9er un HUD dynamique","description":"Apprenez \u00e0 cr\u00e9er un HUD dynamique dans Hand2Note en appliquant des conditions d'affichage adaptatives pour \u00e9conomiser de l'espace et garantir la pertinence des informations.","robots":{"index":"index","follow":"follow","max-snippet":"max-snippet:-1","max-image-preview":"max-image-preview:large","max-video-preview":"max-video-preview:-1"},"canonical":"https:\/\/hand2noteguide.com\/user-manual\/hud-editor-creating-a-dynamic-hud\/","og_locale":"fr_FR","og_type":"article","og_title":"\u00c9diteur de HUD Hand2Note Partie 4 : Cr\u00e9er un HUD dynamique","og_description":"Apprenez \u00e0 cr\u00e9er un HUD dynamique dans Hand2Note en appliquant des conditions d'affichage adaptatives pour \u00e9conomiser de l'espace et garantir la pertinence des informations.","og_url":"https:\/\/hand2noteguide.com\/user-manual\/hud-editor-creating-a-dynamic-hud\/","og_site_name":"Hand2Note Guide","article_modified_time":"2026-03-10T08:37:03+00:00","og_image":[{"width":1920,"height":1080,"url":"https:\/\/hand2noteguide.com\/wp-content\/uploads\/2025\/06\/\u0411\u0435\u0437-\u0438\u043c\u0435\u043d\u0438-1-3-3.jpg","type":"image\/jpeg"}],"twitter_card":"summary_large_image","twitter_misc":{"Est. reading time":"20 minutes"},"schema":{"@context":"https:\/\/schema.org","@graph":[]}},"jetpack_sharing_enabled":true,"_links":{"self":[{"href":"https:\/\/hand2noteguide.com\/fr\/wp-json\/wp\/v2\/pages\/13718","targetHints":{"allow":["GET"]}}],"collection":[{"href":"https:\/\/hand2noteguide.com\/fr\/wp-json\/wp\/v2\/pages"}],"about":[{"href":"https:\/\/hand2noteguide.com\/fr\/wp-json\/wp\/v2\/types\/page"}],"author":[{"embeddable":true,"href":"https:\/\/hand2noteguide.com\/fr\/wp-json\/wp\/v2\/users\/3"}],"replies":[{"embeddable":true,"href":"https:\/\/hand2noteguide.com\/fr\/wp-json\/wp\/v2\/comments?post=13718"}],"version-history":[{"count":50,"href":"https:\/\/hand2noteguide.com\/fr\/wp-json\/wp\/v2\/pages\/13718\/revisions"}],"predecessor-version":[{"id":15638,"href":"https:\/\/hand2noteguide.com\/fr\/wp-json\/wp\/v2\/pages\/13718\/revisions\/15638"}],"up":[{"embeddable":true,"href":"https:\/\/hand2noteguide.com\/fr\/wp-json\/wp\/v2\/pages\/9199"}],"wp:featuredmedia":[{"embeddable":true,"href":"https:\/\/hand2noteguide.com\/fr\/wp-json\/wp\/v2\/media\/13720"}],"wp:attachment":[{"href":"https:\/\/hand2noteguide.com\/fr\/wp-json\/wp\/v2\/media?parent=13718"}],"curies":[{"name":"wp","href":"https:\/\/api.w.org\/{rel}","templated":true}]}}