{"id":14100,"date":"2025-06-20T18:40:50","date_gmt":"2025-06-20T15:40:50","guid":{"rendered":"https:\/\/hand2noteguide.com\/?page_id=14100"},"modified":"2026-03-10T11:38:53","modified_gmt":"2026-03-10T08:38:53","slug":"bet-sizing-cetegories","status":"publish","type":"page","link":"https:\/\/hand2noteguide.com\/fr\/user-manual\/bet-sizing-cetegories\/","title":{"rendered":"D\u00e9finir les cat\u00e9gories de taille de mise"},"content":{"rendered":"\n<p>Hand2Note vous permet d&#8217;\u00e9diter et de cr\u00e9er des cat\u00e9gories de taille de mise qui sont affich\u00e9es dans le <a href=\"https:\/\/hand2noteguide.com\/fr\/user-manual\/popup-on-stat\/\">popup avanc\u00e9 sur stat<\/a>. Cela vous permet de voir non seulement les valeurs statistiques globales, mais aussi de les analyser en fonction de diff\u00e9rentes tailles de mise.<\/p>\n\n\n\n<p>Les cat\u00e9gories de taille de mise sont affich\u00e9es dans la fen\u00eatre popup sur stat dans l&#8217;onglet &#8220;Bet Sizes&#8221;. Elles contiennent des clarifications sur les tailles de mise prises en compte dans l&#8217;action consid\u00e9r\u00e9e par la stat.<\/p>\n\n\n\n<p>Par exemple, dans la fen\u00eatre popup sur la stat &#8220;Flop Cbet&#8221; (mise de continuation sur le flop), l&#8217;onglet &#8220;Bet Sizes&#8221; contient les informations suivantes :<\/p>\n\n\n\n<figure class=\"wp-block-image size-large\"><img loading=\"lazy\" decoding=\"async\" width=\"1024\" height=\"576\" src=\"http:\/\/hand2noteguide.com\/wp-content\/uploads\/2025\/06\/45645\u0438646456-1024x576.jpg\" alt=\"\" class=\"wp-image-14148\" srcset=\"https:\/\/hand2noteguide.com\/wp-content\/uploads\/2025\/06\/45645\u0438646456-1024x576.jpg 1024w, https:\/\/hand2noteguide.com\/wp-content\/uploads\/2025\/06\/45645\u0438646456-300x169.jpg 300w, https:\/\/hand2noteguide.com\/wp-content\/uploads\/2025\/06\/45645\u0438646456-768x432.jpg 768w, https:\/\/hand2noteguide.com\/wp-content\/uploads\/2025\/06\/45645\u0438646456-1536x864.jpg 1536w, https:\/\/hand2noteguide.com\/wp-content\/uploads\/2025\/06\/45645\u0438646456-772x434.jpg 772w, https:\/\/hand2noteguide.com\/wp-content\/uploads\/2025\/06\/45645\u0438646456-624x351.jpg 624w, https:\/\/hand2noteguide.com\/wp-content\/uploads\/2025\/06\/45645\u0438646456.jpg 1919w\" sizes=\"auto, (max-width: 1024px) 100vw, 1024px\" \/><\/figure>\n\n\n\n<ul class=\"wp-block-list\">\n<li>Dans la zone (1), les ranges des tailles de mise de cbet au flop du joueur sont affich\u00e9es, repr\u00e9sent\u00e9es dans chaque ligne.<\/li>\n\n\n\n<li>Dans la zone (2), la fr\u00e9quence d&#8217;utilisation du cbet au flop du joueur avec diff\u00e9rentes tailles de mise est affich\u00e9e.<\/li>\n\n\n\n<li>Dans la zone (3), un graphique de la distribution de la force des mains lorsque le joueur effectue un cbet au flop en fonction des tailles de mise est pr\u00e9sent\u00e9.<\/li>\n\n\n\n<li>Dans la zone (4), la r\u00e9action du joueur aux actions des adversaires apr\u00e8s leur cbet au flop avec diff\u00e9rentes tailles de mise est affich\u00e9e.<\/li>\n<\/ul>\n\n\n\n<p>Dans cet article, nous explorerons les outils pour \u00e9diter et cr\u00e9er des cat\u00e9gories de taille de mise, ainsi qu&#8217;un exemple de cr\u00e9ation d&#8217;une nouvelle cat\u00e9gorie.<\/p>\n\n\n\n<h2 class=\"wp-block-heading\">Param\u00e8tres des cat\u00e9gories de taille de mise<\/h2>\n\n\n\n<p>Pour ouvrir le menu des param\u00e8tres des cat\u00e9gories de taille de mise dans la fen\u00eatre principale de Hand2Note, s\u00e9lectionnez &#8220;Configuration&#8221;(1), puis allez dans &#8220;Bet Sizing Categories&#8221;(2).<\/p>\n\n\n\n<figure class=\"wp-block-image size-large\"><img loading=\"lazy\" decoding=\"async\" width=\"1024\" height=\"576\" src=\"http:\/\/hand2noteguide.com\/wp-content\/uploads\/2025\/06\/\u0411\u0435\u0437-\u0438\u043c\u0435\u043d\u0438-2-4-1024x576.jpg\" alt=\"\" class=\"wp-image-14118\" srcset=\"https:\/\/hand2noteguide.com\/wp-content\/uploads\/2025\/06\/\u0411\u0435\u0437-\u0438\u043c\u0435\u043d\u0438-2-4-1024x576.jpg 1024w, https:\/\/hand2noteguide.com\/wp-content\/uploads\/2025\/06\/\u0411\u0435\u0437-\u0438\u043c\u0435\u043d\u0438-2-4-300x169.jpg 300w, https:\/\/hand2noteguide.com\/wp-content\/uploads\/2025\/06\/\u0411\u0435\u0437-\u0438\u043c\u0435\u043d\u0438-2-4-768x432.jpg 768w, https:\/\/hand2noteguide.com\/wp-content\/uploads\/2025\/06\/\u0411\u0435\u0437-\u0438\u043c\u0435\u043d\u0438-2-4-1536x864.jpg 1536w, https:\/\/hand2noteguide.com\/wp-content\/uploads\/2025\/06\/\u0411\u0435\u0437-\u0438\u043c\u0435\u043d\u0438-2-4-772x434.jpg 772w, https:\/\/hand2noteguide.com\/wp-content\/uploads\/2025\/06\/\u0411\u0435\u0437-\u0438\u043c\u0435\u043d\u0438-2-4-624x351.jpg 624w, https:\/\/hand2noteguide.com\/wp-content\/uploads\/2025\/06\/\u0411\u0435\u0437-\u0438\u043c\u0435\u043d\u0438-2-4.jpg 1920w\" sizes=\"auto, (max-width: 1024px) 100vw, 1024px\" \/><\/figure>\n\n\n\n<p>Dans le menu des param\u00e8tres des cat\u00e9gories de taille de mise, vous pouvez :<\/p>\n\n\n\n<ol class=\"wp-block-list\" start=\"1\">\n<li>Cr\u00e9er une nouvelle cat\u00e9gorie en cliquant sur &#8220;+ Add Bet Sizing Categories&#8221; (3).<\/li>\n\n\n\n<li>Voir ou \u00e9diter la liste de toutes les cat\u00e9gories de taille de mise actives dans la zone (4).<\/li>\n\n\n\n<li>R\u00e9initialiser les cat\u00e9gories de taille de mise aux param\u00e8tres par d\u00e9faut en cliquant sur &#8220;Reset to default&#8221; (5).<\/li>\n<\/ol>\n\n\n\n<p>Description des colonnes dans la liste des cat\u00e9gories de taille de mise actives :<\/p>\n\n\n\n<figure class=\"wp-block-image size-large\"><img loading=\"lazy\" decoding=\"async\" width=\"1024\" height=\"661\" src=\"http:\/\/hand2noteguide.com\/wp-content\/uploads\/2025\/06\/\u0411\u0435\u0437-\u0438\u043c\u0435\u043d\u0438-3-3-1024x661.jpg\" alt=\"\" class=\"wp-image-14124\" srcset=\"https:\/\/hand2noteguide.com\/wp-content\/uploads\/2025\/06\/\u0411\u0435\u0437-\u0438\u043c\u0435\u043d\u0438-3-3-1024x661.jpg 1024w, https:\/\/hand2noteguide.com\/wp-content\/uploads\/2025\/06\/\u0411\u0435\u0437-\u0438\u043c\u0435\u043d\u0438-3-3-300x194.jpg 300w, https:\/\/hand2noteguide.com\/wp-content\/uploads\/2025\/06\/\u0411\u0435\u0437-\u0438\u043c\u0435\u043d\u0438-3-3-768x496.jpg 768w, https:\/\/hand2noteguide.com\/wp-content\/uploads\/2025\/06\/\u0411\u0435\u0437-\u0438\u043c\u0435\u043d\u0438-3-3-772x498.jpg 772w, https:\/\/hand2noteguide.com\/wp-content\/uploads\/2025\/06\/\u0411\u0435\u0437-\u0438\u043c\u0435\u043d\u0438-3-3-624x403.jpg 624w, https:\/\/hand2noteguide.com\/wp-content\/uploads\/2025\/06\/\u0411\u0435\u0437-\u0438\u043c\u0435\u043d\u0438-3-3.jpg 1213w\" sizes=\"auto, (max-width: 1024px) 100vw, 1024px\" \/><\/figure>\n\n\n\n<ol class=\"wp-block-list\" start=\"1\">\n<li>&#8220;Name&#8221; \u2014 le nom de la cat\u00e9gorie.<\/li>\n\n\n\n<li>&#8220;Action&#8221; \u2014 l&#8217;action du joueur consid\u00e9r\u00e9e dans la cat\u00e9gorie.<\/li>\n\n\n\n<li>&#8220;Street&#8221; \u2014 la rue o\u00f9 l&#8217;action est consid\u00e9r\u00e9e.<\/li>\n\n\n\n<li>&#8220;Bet Size \/ x&#8221; \u2014 le ratio de la taille de la mise \u00e0 &#8220;X&#8221;. La sixi\u00e8me colonne vous permet de choisir ce qu&#8217;est &#8220;X&#8221;.<\/li>\n\n\n\n<li>&#8220;Eff stack size \/ x&#8221; \u2014 le ratio du stack effectif du joueur \u00e0 &#8220;X&#8221;. La sixi\u00e8me colonne vous permet de choisir ce qu&#8217;est &#8220;X&#8221;.<\/li>\n\n\n\n<li>&#8220;Where X&#8221; \u2014 la d\u00e9finition du param\u00e8tre &#8220;X&#8221;. Cela peut \u00eatre :\n<ul class=\"wp-block-list\">\n<li>&#8220;Pot&#8221; \u2014 la taille du pot au moment o\u00f9 le joueur effectue l&#8217;action consid\u00e9r\u00e9e par la stat.<\/li>\n\n\n\n<li>&#8220;BB&#8221; \u2014 cette option vous permet de sp\u00e9cifier la plage exacte des tailles de mise prises en compte dans les 4e et 5e param\u00e8tres, en grosses blindes.<\/li>\n\n\n\n<li>&#8220;M&#8221; \u2014 cette option vous permet de sp\u00e9cifier la plage exacte des tailles de mise prises en compte dans les 4e et 5e param\u00e8tres, en petites blindes.<\/li>\n\n\n\n<li>&#8220;Previous Action&#8221; \u2014 la taille de la mise de l&#8217;adversaire avant que le joueur effectue l&#8217;action consid\u00e9r\u00e9e par la stat.<\/li>\n<\/ul>\n<\/li>\n\n\n\n<li>&#8220;Is All-in&#8221; \u2014 si la mise du joueur est un all-in (une mise pour tout le stack).<\/li>\n\n\n\n<li>Gestion \u2014 d\u00e9placer la cat\u00e9gorie dans la liste (fl\u00e8ches haut\/bas) ou la supprimer (croix).<\/li>\n<\/ol>\n\n\n\n<h2 class=\"wp-block-heading\">Exemple de cr\u00e9ation d&#8217;une cat\u00e9gorie de taille de mise : &#8220;Bet 101-135% pot&#8221;<\/h2>\n\n\n\n<p>Pour cr\u00e9er une nouvelle cat\u00e9gorie, cliquez sur &#8220;+ Add Bet Sizing Categories&#8221; (1). La nouvelle cat\u00e9gorie appara\u00eetra en bas de la liste (2).<\/p>\n\n\n\n<figure class=\"wp-block-image size-large\"><img loading=\"lazy\" decoding=\"async\" width=\"1024\" height=\"576\" src=\"http:\/\/hand2noteguide.com\/wp-content\/uploads\/2025\/06\/\u0411\u0435\u0437-\u0438\u043c\u0435\u043d\u0438-4-4-1024x576.jpg\" alt=\"\" class=\"wp-image-14127\" srcset=\"https:\/\/hand2noteguide.com\/wp-content\/uploads\/2025\/06\/\u0411\u0435\u0437-\u0438\u043c\u0435\u043d\u0438-4-4-1024x576.jpg 1024w, https:\/\/hand2noteguide.com\/wp-content\/uploads\/2025\/06\/\u0411\u0435\u0437-\u0438\u043c\u0435\u043d\u0438-4-4-300x169.jpg 300w, https:\/\/hand2noteguide.com\/wp-content\/uploads\/2025\/06\/\u0411\u0435\u0437-\u0438\u043c\u0435\u043d\u0438-4-4-768x432.jpg 768w, https:\/\/hand2noteguide.com\/wp-content\/uploads\/2025\/06\/\u0411\u0435\u0437-\u0438\u043c\u0435\u043d\u0438-4-4-1536x864.jpg 1536w, https:\/\/hand2noteguide.com\/wp-content\/uploads\/2025\/06\/\u0411\u0435\u0437-\u0438\u043c\u0435\u043d\u0438-4-4-772x434.jpg 772w, https:\/\/hand2noteguide.com\/wp-content\/uploads\/2025\/06\/\u0411\u0435\u0437-\u0438\u043c\u0435\u043d\u0438-4-4-624x351.jpg 624w, https:\/\/hand2noteguide.com\/wp-content\/uploads\/2025\/06\/\u0411\u0435\u0437-\u0438\u043c\u0435\u043d\u0438-4-4.jpg 1919w\" sizes=\"auto, (max-width: 1024px) 100vw, 1024px\" \/><\/figure>\n\n\n\n<p>Ensuite, configurez la cat\u00e9gorie :<\/p>\n\n\n\n<ol class=\"wp-block-list\">\n<li>Utilisez les fl\u00e8ches dans le bloc (8) pour la d\u00e9placer \u00e0 la position souhait\u00e9e (9).<\/li>\n\n\n\n<li>Double-cliquez avec le bouton gauche de la souris dans la zone (1) pour d\u00e9finir le nom (dans l&#8217;exemple \u2014 <em>Bet 101-135% pot<\/em>).<\/li>\n\n\n\n<li>Dans la zone (2), s\u00e9lectionnez l&#8217;action que la cat\u00e9gorie prendra en compte (dans l&#8217;exemple \u2014 <em>Bet<\/em>).<\/li>\n\n\n\n<li>Dans la zone (3), sp\u00e9cifiez les rues o\u00f9 l&#8217;action s&#8217;applique (dans l&#8217;exemple \u2014 <em>Postflop<\/em>).<\/li>\n\n\n\n<li>Dans la zone (4), d\u00e9finissez la plage de taille de mise en pourcentage du pot (dans l&#8217;exemple \u2014 de <em>1.01<\/em> \u00e0 <em>1.35<\/em>).<\/li>\n\n\n\n<li>Dans la zone (5), sp\u00e9cifiez le ratio du stack effectif du joueur au pot (dans l&#8217;exemple \u2014 de <em>1.25<\/em> \u00e0 <em>\u221e<\/em>).<\/li>\n\n\n\n<li>Dans la zone (6), choisissez \u00e0 quoi se rapportent les param\u00e8tres des zones (4) et (5) (dans l&#8217;exemple \u2014 <em>taille du pot<\/em>).<\/li>\n\n\n\n<li>Dans la zone (7), indiquez si la cat\u00e9gorie prend en compte les all-in.<\/li>\n<\/ol>\n\n\n\n<figure class=\"wp-block-image size-large\"><img loading=\"lazy\" decoding=\"async\" width=\"1024\" height=\"576\" src=\"http:\/\/hand2noteguide.com\/wp-content\/uploads\/2025\/06\/45646456464654646-1024x576.jpg\" alt=\"\" class=\"wp-image-14135\" srcset=\"https:\/\/hand2noteguide.com\/wp-content\/uploads\/2025\/06\/45646456464654646-1024x576.jpg 1024w, https:\/\/hand2noteguide.com\/wp-content\/uploads\/2025\/06\/45646456464654646-300x169.jpg 300w, https:\/\/hand2noteguide.com\/wp-content\/uploads\/2025\/06\/45646456464654646-768x432.jpg 768w, https:\/\/hand2noteguide.com\/wp-content\/uploads\/2025\/06\/45646456464654646-1536x864.jpg 1536w, https:\/\/hand2noteguide.com\/wp-content\/uploads\/2025\/06\/45646456464654646-772x434.jpg 772w, https:\/\/hand2noteguide.com\/wp-content\/uploads\/2025\/06\/45646456464654646-624x351.jpg 624w, https:\/\/hand2noteguide.com\/wp-content\/uploads\/2025\/06\/45646456464654646.jpg 1919w\" sizes=\"auto, (max-width: 1024px) 100vw, 1024px\" \/><\/figure>\n\n\n\n<p>Apr\u00e8s avoir configur\u00e9 la cat\u00e9gorie, vous devez reconstruire les statistiques de la base de donn\u00e9es pour appliquer tous les changements effectu\u00e9s.<\/p>\n\n\n\n<p>Pour ce faire :<\/p>\n\n\n\n<ol class=\"wp-block-list\" start=\"1\">\n<li>Trouvez l&#8217;\u00e9l\u00e9ment &#8220;Database&#8221; (1) en haut de la fen\u00eatre et cliquez dessus.<\/li>\n\n\n\n<li>Dans le menu d\u00e9roulant, s\u00e9lectionnez &#8220;Clean &amp; Rebuild Statistics&#8221; (2).<\/li>\n<\/ol>\n\n\n\n<figure class=\"wp-block-image size-large\"><img loading=\"lazy\" decoding=\"async\" width=\"1024\" height=\"576\" src=\"http:\/\/hand2noteguide.com\/wp-content\/uploads\/2025\/06\/\u043f\u0440\u0430\u043f\u0440\u0430\u043f\u0440\u0430-1024x576.jpg\" alt=\"\" class=\"wp-image-14139\" srcset=\"https:\/\/hand2noteguide.com\/wp-content\/uploads\/2025\/06\/\u043f\u0440\u0430\u043f\u0440\u0430\u043f\u0440\u0430-1024x576.jpg 1024w, https:\/\/hand2noteguide.com\/wp-content\/uploads\/2025\/06\/\u043f\u0440\u0430\u043f\u0440\u0430\u043f\u0440\u0430-300x169.jpg 300w, https:\/\/hand2noteguide.com\/wp-content\/uploads\/2025\/06\/\u043f\u0440\u0430\u043f\u0440\u0430\u043f\u0440\u0430-768x432.jpg 768w, https:\/\/hand2noteguide.com\/wp-content\/uploads\/2025\/06\/\u043f\u0440\u0430\u043f\u0440\u0430\u043f\u0440\u0430-1536x864.jpg 1536w, https:\/\/hand2noteguide.com\/wp-content\/uploads\/2025\/06\/\u043f\u0440\u0430\u043f\u0440\u0430\u043f\u0440\u0430-772x434.jpg 772w, https:\/\/hand2noteguide.com\/wp-content\/uploads\/2025\/06\/\u043f\u0440\u0430\u043f\u0440\u0430\u043f\u0440\u0430-624x351.jpg 624w, https:\/\/hand2noteguide.com\/wp-content\/uploads\/2025\/06\/\u043f\u0440\u0430\u043f\u0440\u0430\u043f\u0440\u0430.jpg 1919w\" sizes=\"auto, (max-width: 1024px) 100vw, 1024px\" \/><\/figure>\n\n\n\n<p>Avant de cr\u00e9er la nouvelle cat\u00e9gorie de taille de mise, la section <em>Bet Sizes<\/em> dans la fen\u00eatre popup sur stat ressemblait \u00e0 ceci :<\/p>\n\n\n\n<figure class=\"wp-block-image size-large\"><img loading=\"lazy\" decoding=\"async\" width=\"1024\" height=\"576\" src=\"http:\/\/hand2noteguide.com\/wp-content\/uploads\/2025\/06\/\u0411\u0435\u0437-\u0438\u043c\u0435\u043d\u0438-66565-1024x576.jpg\" alt=\"\" class=\"wp-image-14142\" srcset=\"https:\/\/hand2noteguide.com\/wp-content\/uploads\/2025\/06\/\u0411\u0435\u0437-\u0438\u043c\u0435\u043d\u0438-66565-1024x576.jpg 1024w, https:\/\/hand2noteguide.com\/wp-content\/uploads\/2025\/06\/\u0411\u0435\u0437-\u0438\u043c\u0435\u043d\u0438-66565-300x169.jpg 300w, https:\/\/hand2noteguide.com\/wp-content\/uploads\/2025\/06\/\u0411\u0435\u0437-\u0438\u043c\u0435\u043d\u0438-66565-768x432.jpg 768w, https:\/\/hand2noteguide.com\/wp-content\/uploads\/2025\/06\/\u0411\u0435\u0437-\u0438\u043c\u0435\u043d\u0438-66565-1536x864.jpg 1536w, https:\/\/hand2noteguide.com\/wp-content\/uploads\/2025\/06\/\u0411\u0435\u0437-\u0438\u043c\u0435\u043d\u0438-66565-772x434.jpg 772w, https:\/\/hand2noteguide.com\/wp-content\/uploads\/2025\/06\/\u0411\u0435\u0437-\u0438\u043c\u0435\u043d\u0438-66565-624x351.jpg 624w, https:\/\/hand2noteguide.com\/wp-content\/uploads\/2025\/06\/\u0411\u0435\u0437-\u0438\u043c\u0435\u043d\u0438-66565.jpg 1919w\" sizes=\"auto, (max-width: 1024px) 100vw, 1024px\" \/><\/figure>\n\n\n\n<p>Apr\u00e8s avoir cr\u00e9\u00e9 la nouvelle cat\u00e9gorie et mis \u00e0 jour les statistiques, elle appara\u00eet maintenant dans la m\u00eame section dans la fen\u00eatre popup sur stat :<\/p>\n\n\n\n<figure class=\"wp-block-image size-large\"><img loading=\"lazy\" decoding=\"async\" width=\"1024\" height=\"576\" src=\"http:\/\/hand2noteguide.com\/wp-content\/uploads\/2025\/06\/\u0411\u0435\u0437-\u0438\u043c\u0435\u043d\u0438-6\u0446\u0443\u043a\u0446\u0443\u043a-1024x576.jpg\" alt=\"\" class=\"wp-image-14144\" srcset=\"https:\/\/hand2noteguide.com\/wp-content\/uploads\/2025\/06\/\u0411\u0435\u0437-\u0438\u043c\u0435\u043d\u0438-6\u0446\u0443\u043a\u0446\u0443\u043a-1024x576.jpg 1024w, https:\/\/hand2noteguide.com\/wp-content\/uploads\/2025\/06\/\u0411\u0435\u0437-\u0438\u043c\u0435\u043d\u0438-6\u0446\u0443\u043a\u0446\u0443\u043a-300x169.jpg 300w, https:\/\/hand2noteguide.com\/wp-content\/uploads\/2025\/06\/\u0411\u0435\u0437-\u0438\u043c\u0435\u043d\u0438-6\u0446\u0443\u043a\u0446\u0443\u043a-768x432.jpg 768w, https:\/\/hand2noteguide.com\/wp-content\/uploads\/2025\/06\/\u0411\u0435\u0437-\u0438\u043c\u0435\u043d\u0438-6\u0446\u0443\u043a\u0446\u0443\u043a-1536x864.jpg 1536w, https:\/\/hand2noteguide.com\/wp-content\/uploads\/2025\/06\/\u0411\u0435\u0437-\u0438\u043c\u0435\u043d\u0438-6\u0446\u0443\u043a\u0446\u0443\u043a-772x434.jpg 772w, https:\/\/hand2noteguide.com\/wp-content\/uploads\/2025\/06\/\u0411\u0435\u0437-\u0438\u043c\u0435\u043d\u0438-6\u0446\u0443\u043a\u0446\u0443\u043a-624x351.jpg 624w, https:\/\/hand2noteguide.com\/wp-content\/uploads\/2025\/06\/\u0411\u0435\u0437-\u0438\u043c\u0435\u043d\u0438-6\u0446\u0443\u043a\u0446\u0443\u043a.jpg 1919w\" sizes=\"auto, (max-width: 1024px) 100vw, 1024px\" \/><\/figure>\n\n\n\n<p>Cela vous permet de personnaliser les cat\u00e9gories de taille de mise pour des besoins sp\u00e9cifiques, am\u00e9liorant l&#8217;analyse et aidant \u00e0 trouver plus de vuln\u00e9rabilit\u00e9s dans le jeu des adversaires.<\/p>\n\n\n\n<p>Notez que vous pouvez \u00e9galement personnaliser les <a href=\"https:\/\/hand2noteguide.com\/fr\/user-manual\/setting-up-board-categories\/\">textures de board<\/a> et les <a href=\"https:\/\/hand2noteguide.com\/fr\/user-manual\/setting-up-hand-ranges\/\">ranges de force de main<\/a>.<\/p>\n","protected":false},"excerpt":{"rendered":"<p>Hand2Note vous permet d&#8217;\u00e9diter et de cr\u00e9er des cat\u00e9gories de taille de mise qui sont affich\u00e9es dans le popup avanc\u00e9 sur stat. Cela vous permet de voir non seulement les valeurs statistiques globales, mais aussi de les analyser en fonction de diff\u00e9rentes tailles de mise. Les cat\u00e9gories de taille de mise sont affich\u00e9es dans la &hellip; <a href=\"https:\/\/hand2noteguide.com\/fr\/user-manual\/bet-sizing-cetegories\/\" class=\"more-link\">Continue reading <span class=\"screen-reader-text\">D\u00e9finir les cat\u00e9gories de taille de mise<\/span><\/a><\/p>\n","protected":false},"author":3,"featured_media":14107,"parent":9199,"menu_order":0,"comment_status":"closed","ping_status":"closed","template":"","meta":{"footnotes":""},"class_list":["post-14100","page","type-page","status-publish","has-post-thumbnail","hentry"],"translation":{"provider":"WPGlobus","version":"3.0.2","language":"fr","enabled_languages":["en","ru","pt","zh","es","fr","de","it","ja"],"languages":{"en":{"title":true,"content":true,"excerpt":false},"ru":{"title":true,"content":true,"excerpt":false},"pt":{"title":true,"content":true,"excerpt":false},"zh":{"title":true,"content":true,"excerpt":false},"es":{"title":true,"content":true,"excerpt":false},"fr":{"title":true,"content":true,"excerpt":false},"de":{"title":true,"content":true,"excerpt":false},"it":{"title":true,"content":true,"excerpt":false},"ja":{"title":true,"content":true,"excerpt":false}}},"yoast_head":"<!-- This site is optimized with the Yoast SEO plugin v27.0 - https:\/\/yoast.com\/product\/yoast-seo-wordpress\/ -->\n<title>D\u00e9finir les cat\u00e9gories de taille de mise dans Hand2Note<\/title>\n<meta name=\"description\" content=\"Configurez les cat\u00e9gories de taille de mise dans Hand2Note pour am\u00e9liorer l&#039;analyse du jeu. Apprenez \u00e0 cr\u00e9er et \u00e9diter des cat\u00e9gories pour des statistiques plus pr\u00e9cises.\" \/>\n<meta name=\"robots\" content=\"index, follow, max-snippet:-1, max-image-preview:large, max-video-preview:-1\" \/>\n<link rel=\"canonical\" href=\"https:\/\/hand2noteguide.com\/user-manual\/bet-sizing-cetegories\/\" \/>\n<meta property=\"og:locale\" content=\"fr_FR\" \/>\n<meta property=\"og:type\" content=\"article\" \/>\n<meta property=\"og:title\" content=\"D\u00e9finir les cat\u00e9gories de taille de mise dans Hand2Note\" \/>\n<meta property=\"og:description\" content=\"Configurez les cat\u00e9gories de taille de mise dans Hand2Note pour am\u00e9liorer l&#039;analyse du jeu. Apprenez \u00e0 cr\u00e9er et \u00e9diter des cat\u00e9gories pour des statistiques plus pr\u00e9cises.\" \/>\n<meta property=\"og:url\" content=\"https:\/\/hand2noteguide.com\/user-manual\/bet-sizing-cetegories\/\" \/>\n<meta property=\"og:site_name\" content=\"Hand2Note Guide\" \/>\n<meta property=\"article:modified_time\" content=\"2026-03-10T08:38:53+00:00\" \/>\n<meta property=\"og:image\" content=\"https:\/\/hand2noteguide.com\/wp-content\/uploads\/2025\/06\/\u041a\u0430\u0442\u0435\u0433\u043e\u0440\u0438\u0438-\u0440\u0430\u0437\u043c\u0435\u0440\u043e\u0432-\u0441\u0442\u0430\u0432\u043e\u043a222.jpg\" \/>\n\t<meta property=\"og:image:width\" content=\"1920\" \/>\n\t<meta property=\"og:image:height\" content=\"1080\" \/>\n\t<meta property=\"og:image:type\" content=\"image\/jpeg\" \/>\n<meta name=\"twitter:card\" content=\"summary_large_image\" \/>\n<meta name=\"twitter:label1\" content=\"Est. reading time\" \/>\n\t<meta name=\"twitter:data1\" content=\"26 minutes\" \/>\n<!-- \/ Yoast SEO plugin. -->","yoast_head_json":{"title":"D\u00e9finir les cat\u00e9gories de taille de mise dans Hand2Note","description":"Configurez les cat\u00e9gories de taille de mise dans Hand2Note pour am\u00e9liorer l'analyse du jeu. Apprenez \u00e0 cr\u00e9er et \u00e9diter des cat\u00e9gories pour des statistiques plus pr\u00e9cises.","robots":{"index":"index","follow":"follow","max-snippet":"max-snippet:-1","max-image-preview":"max-image-preview:large","max-video-preview":"max-video-preview:-1"},"canonical":"https:\/\/hand2noteguide.com\/user-manual\/bet-sizing-cetegories\/","og_locale":"fr_FR","og_type":"article","og_title":"D\u00e9finir les cat\u00e9gories de taille de mise dans Hand2Note","og_description":"Configurez les cat\u00e9gories de taille de mise dans Hand2Note pour am\u00e9liorer l'analyse du jeu. Apprenez \u00e0 cr\u00e9er et \u00e9diter des cat\u00e9gories pour des statistiques plus pr\u00e9cises.","og_url":"https:\/\/hand2noteguide.com\/user-manual\/bet-sizing-cetegories\/","og_site_name":"Hand2Note Guide","article_modified_time":"2026-03-10T08:38:53+00:00","og_image":[{"width":1920,"height":1080,"url":"https:\/\/hand2noteguide.com\/wp-content\/uploads\/2025\/06\/\u041a\u0430\u0442\u0435\u0433\u043e\u0440\u0438\u0438-\u0440\u0430\u0437\u043c\u0435\u0440\u043e\u0432-\u0441\u0442\u0430\u0432\u043e\u043a222.jpg","type":"image\/jpeg"}],"twitter_card":"summary_large_image","twitter_misc":{"Est. reading time":"26 minutes"},"schema":{"@context":"https:\/\/schema.org","@graph":[]}},"jetpack_sharing_enabled":true,"_links":{"self":[{"href":"https:\/\/hand2noteguide.com\/fr\/wp-json\/wp\/v2\/pages\/14100","targetHints":{"allow":["GET"]}}],"collection":[{"href":"https:\/\/hand2noteguide.com\/fr\/wp-json\/wp\/v2\/pages"}],"about":[{"href":"https:\/\/hand2noteguide.com\/fr\/wp-json\/wp\/v2\/types\/page"}],"author":[{"embeddable":true,"href":"https:\/\/hand2noteguide.com\/fr\/wp-json\/wp\/v2\/users\/3"}],"replies":[{"embeddable":true,"href":"https:\/\/hand2noteguide.com\/fr\/wp-json\/wp\/v2\/comments?post=14100"}],"version-history":[{"count":68,"href":"https:\/\/hand2noteguide.com\/fr\/wp-json\/wp\/v2\/pages\/14100\/revisions"}],"predecessor-version":[{"id":15640,"href":"https:\/\/hand2noteguide.com\/fr\/wp-json\/wp\/v2\/pages\/14100\/revisions\/15640"}],"up":[{"embeddable":true,"href":"https:\/\/hand2noteguide.com\/fr\/wp-json\/wp\/v2\/pages\/9199"}],"wp:featuredmedia":[{"embeddable":true,"href":"https:\/\/hand2noteguide.com\/fr\/wp-json\/wp\/v2\/media\/14107"}],"wp:attachment":[{"href":"https:\/\/hand2noteguide.com\/fr\/wp-json\/wp\/v2\/media?parent=14100"}],"curies":[{"name":"wp","href":"https:\/\/api.w.org\/{rel}","templated":true}]}}