{"id":14179,"date":"2025-06-22T14:52:53","date_gmt":"2025-06-22T11:52:53","guid":{"rendered":"https:\/\/hand2noteguide.com\/?page_id=14179"},"modified":"2026-03-10T11:39:54","modified_gmt":"2026-03-10T08:39:54","slug":"popup-on-stat","status":"publish","type":"page","link":"https:\/\/hand2noteguide.com\/fr\/user-manual\/popup-on-stat\/","title":{"rendered":"Popup avanc\u00e9 sur Stat"},"content":{"rendered":"\n<p>Hand2Note vous permet d&#8217;afficher un popup sur une stat en survolant ou en cliquant avec le curseur de la souris sur les stats dans le popup ou le HUD. Il contient des informations d\u00e9taill\u00e9es telles que les ranges preflop, les cat\u00e9gories de tailles de mise, les graphiques de force des mains, le WinRate de l&#8217;ex\u00e9cution de la stat, et bien d&#8217;autres.<\/p>\n\n\n\n<p>Dans cet article, nous allons examiner en d\u00e9tail les informations et les capacit\u00e9s fournies par le popup sur une stat.<\/p>\n\n\n\n<h2 class=\"wp-block-heading\">Comment d\u00e9clencher un popup sur une stat dans Hand2Note et quelles informations il fournit<\/h2>\n\n\n\n<p>L&#8217;ouverture d&#8217;un popup sur une stat dans Hand2Note est impl\u00e9ment\u00e9e soit en survolant le curseur de la souris sur une stat dans le HUD ou le popup, soit en cliquant sur la stat avec le bouton gauche de la souris (LMB). Il contient des informations d\u00e9taill\u00e9es et \u00e9tendues sur la stat.<\/p>\n\n\n\n<p>Le popup sur une stat est affich\u00e9 en deux variantes :<\/p>\n\n\n\n<ol class=\"wp-block-list\" start=\"1\">\n<li><strong>Pour les statistiques preflop (1)<\/strong> &#8211; par exemple, pour la stat &#8220;Raise 1st in,&#8221; qui montre la fr\u00e9quence d&#8217;open-raise du joueur.<\/li>\n\n\n\n<li><strong>Pour les statistiques postflop (2)<\/strong> &#8211; par exemple, pour la stat &#8220;Raise 1st &#8211; Continuation Bet,&#8221; qui montre la fr\u00e9quence de continuation bet du joueur sur le flop.<\/li>\n<\/ol>\n\n\n\n<figure class=\"wp-block-image size-large\"><img loading=\"lazy\" decoding=\"async\" width=\"1024\" height=\"576\" src=\"http:\/\/hand2noteguide.com\/wp-content\/uploads\/2025\/06\/\u044b\u0432\u0430\u043f\u0440-1024x576.jpg\" alt=\"\" class=\"wp-image-14196\" srcset=\"https:\/\/hand2noteguide.com\/wp-content\/uploads\/2025\/06\/\u044b\u0432\u0430\u043f\u0440-1024x576.jpg 1024w, https:\/\/hand2noteguide.com\/wp-content\/uploads\/2025\/06\/\u044b\u0432\u0430\u043f\u0440-300x169.jpg 300w, https:\/\/hand2noteguide.com\/wp-content\/uploads\/2025\/06\/\u044b\u0432\u0430\u043f\u0440-768x432.jpg 768w, https:\/\/hand2noteguide.com\/wp-content\/uploads\/2025\/06\/\u044b\u0432\u0430\u043f\u0440-1536x864.jpg 1536w, https:\/\/hand2noteguide.com\/wp-content\/uploads\/2025\/06\/\u044b\u0432\u0430\u043f\u0440-772x434.jpg 772w, https:\/\/hand2noteguide.com\/wp-content\/uploads\/2025\/06\/\u044b\u0432\u0430\u043f\u0440-624x351.jpg 624w, https:\/\/hand2noteguide.com\/wp-content\/uploads\/2025\/06\/\u044b\u0432\u0430\u043f\u0440.jpg 1919w\" sizes=\"auto, (max-width: 1024px) 100vw, 1024px\" \/><\/figure>\n\n\n\n<h3 class=\"wp-block-heading\">Popup sur Stat pour les statistiques preflop<\/h3>\n\n\n\n<p>Le popup sur une stat pour les statistiques preflop inclut les \u00e9l\u00e9ments suivants :<\/p>\n\n\n\n<div class=\"wp-block-group is-vertical is-content-justification-center is-layout-flex wp-container-core-group-is-layout-4b2eccd6 wp-block-group-is-layout-flex\">\n<div class=\"wp-block-group is-content-justification-center is-nowrap is-layout-flex wp-container-core-group-is-layout-079bfc22 wp-block-group-is-layout-flex\">\n<figure class=\"wp-block-image size-full\"><img loading=\"lazy\" decoding=\"async\" width=\"402\" height=\"638\" src=\"http:\/\/hand2noteguide.com\/wp-content\/uploads\/2025\/06\/\u0440\u0435\u0439\u0437.jpg\" alt=\"\" class=\"wp-image-14207\" srcset=\"https:\/\/hand2noteguide.com\/wp-content\/uploads\/2025\/06\/\u0440\u0435\u0439\u0437.jpg 402w, https:\/\/hand2noteguide.com\/wp-content\/uploads\/2025\/06\/\u0440\u0435\u0439\u0437-189x300.jpg 189w, https:\/\/hand2noteguide.com\/wp-content\/uploads\/2025\/06\/\u0440\u0435\u0439\u0437-393x624.jpg 393w\" sizes=\"auto, (max-width: 402px) 100vw, 402px\" \/><\/figure>\n\n\n\n<figure class=\"wp-block-image size-full\"><img loading=\"lazy\" decoding=\"async\" width=\"403\" height=\"644\" src=\"http:\/\/hand2noteguide.com\/wp-content\/uploads\/2025\/06\/\u043a\u043e\u043b\u043b.jpg\" alt=\"\" class=\"wp-image-14208\" srcset=\"https:\/\/hand2noteguide.com\/wp-content\/uploads\/2025\/06\/\u043a\u043e\u043b\u043b.jpg 403w, https:\/\/hand2noteguide.com\/wp-content\/uploads\/2025\/06\/\u043a\u043e\u043b\u043b-188x300.jpg 188w, https:\/\/hand2noteguide.com\/wp-content\/uploads\/2025\/06\/\u043a\u043e\u043b\u043b-390x624.jpg 390w\" sizes=\"auto, (max-width: 403px) 100vw, 403px\" \/><\/figure>\n<\/div>\n\n\n\n<div class=\"wp-block-group is-content-justification-center is-nowrap is-layout-flex wp-container-core-group-is-layout-079bfc22 wp-block-group-is-layout-flex\">\n<figure class=\"wp-block-image size-full\"><img loading=\"lazy\" decoding=\"async\" width=\"403\" height=\"637\" src=\"http:\/\/hand2noteguide.com\/wp-content\/uploads\/2025\/06\/\u0447\u0435\u043a.jpg\" alt=\"\" class=\"wp-image-14204\" srcset=\"https:\/\/hand2noteguide.com\/wp-content\/uploads\/2025\/06\/\u0447\u0435\u043a.jpg 403w, https:\/\/hand2noteguide.com\/wp-content\/uploads\/2025\/06\/\u0447\u0435\u043a-190x300.jpg 190w, https:\/\/hand2noteguide.com\/wp-content\/uploads\/2025\/06\/\u0447\u0435\u043a-395x624.jpg 395w\" sizes=\"auto, (max-width: 403px) 100vw, 403px\" \/><\/figure>\n\n\n\n<figure class=\"wp-block-image size-full\"><img loading=\"lazy\" decoding=\"async\" width=\"403\" height=\"547\" src=\"http:\/\/hand2noteguide.com\/wp-content\/uploads\/2025\/06\/\u0431\u0435\u0442-\u0441\u0430\u0439\u0437\u0438\u043d\u0433.jpg\" alt=\"\" class=\"wp-image-14205\" srcset=\"https:\/\/hand2noteguide.com\/wp-content\/uploads\/2025\/06\/\u0431\u0435\u0442-\u0441\u0430\u0439\u0437\u0438\u043d\u0433.jpg 403w, https:\/\/hand2noteguide.com\/wp-content\/uploads\/2025\/06\/\u0431\u0435\u0442-\u0441\u0430\u0439\u0437\u0438\u043d\u0433-221x300.jpg 221w\" sizes=\"auto, (max-width: 403px) 100vw, 403px\" \/><\/figure>\n\n\n\n<figure class=\"wp-block-image size-large\"><img loading=\"lazy\" decoding=\"async\" width=\"1024\" height=\"779\" src=\"http:\/\/hand2noteguide.com\/wp-content\/uploads\/2025\/06\/\u0445\u0435\u043d\u0434\u0441-1024x779.jpg\" alt=\"\" class=\"wp-image-14206\" srcset=\"https:\/\/hand2noteguide.com\/wp-content\/uploads\/2025\/06\/\u0445\u0435\u043d\u0434\u0441-1024x779.jpg 1024w, https:\/\/hand2noteguide.com\/wp-content\/uploads\/2025\/06\/\u0445\u0435\u043d\u0434\u0441-300x228.jpg 300w, https:\/\/hand2noteguide.com\/wp-content\/uploads\/2025\/06\/\u0445\u0435\u043d\u0434\u0441-768x584.jpg 768w, https:\/\/hand2noteguide.com\/wp-content\/uploads\/2025\/06\/\u0445\u0435\u043d\u0434\u0441-772x587.jpg 772w, https:\/\/hand2noteguide.com\/wp-content\/uploads\/2025\/06\/\u0445\u0435\u043d\u0434\u0441-624x475.jpg 624w, https:\/\/hand2noteguide.com\/wp-content\/uploads\/2025\/06\/\u0445\u0435\u043d\u0434\u0441.jpg 1036w\" sizes=\"auto, (max-width: 1024px) 100vw, 1024px\" \/><\/figure>\n<\/div>\n<\/div>\n\n\n\n<ol class=\"wp-block-list\" start=\"1\">\n<li>Nom de la Stat\n<ul class=\"wp-block-list\">\n<li>En survolant le cercle \u00e0 la fin du nom, la condition logique de la stat est affich\u00e9e.<\/li>\n<\/ul>\n<\/li>\n\n\n\n<li>Configuration des Notes\n<ul class=\"wp-block-list\">\n<li>Une ligne pour configurer <a href=\"https:\/\/hand2noteguide.com\/fr\/user-manual\/the-use-and-possibilities-of-notes-in-hand2note\/\">les notes sur la stat du joueur<\/a>.<\/li>\n<\/ul>\n<\/li>\n\n\n\n<li>Param\u00e8tres G\u00e9n\u00e9raux\n<ul class=\"wp-block-list\">\n<li>Valeur de la Stat \u2014 fr\u00e9quence globale (en %) de l&#8217;ex\u00e9cution de la stat.<\/li>\n\n\n\n<li>Valeur de la Stat Vs-Utilisateur \u2014 fr\u00e9quence de l&#8217;ex\u00e9cution de la stat (en %), contre vous.<\/li>\n\n\n\n<li>Profit de l&#8217;Action \u2014 rentabilit\u00e9 de l&#8217;action.<\/li>\n\n\n\n<li>Main Gagn\u00e9e \u2014 nombre de mains gagn\u00e9es (en %).<\/li>\n\n\n\n<li>WTSD (Went to Showdown) \u2014 fr\u00e9quence d&#8217;atteinte du showdown.<\/li>\n\n\n\n<li>Et d&#8217;autres param\u00e8tres.<br><em>Toutes les valeurs sont calcul\u00e9es en tenant compte de la condition de la stat.<\/em><\/li>\n<\/ul>\n<\/li>\n\n\n\n<li>Onglet &#8220;Raise&#8221;\n<ul class=\"wp-block-list\">\n<li>Si l&#8217;action de la stat est un raise, son range preflop (cat\u00e9gories preflop) est affich\u00e9.<\/li>\n\n\n\n<li>Sinon, le range de raise comme action alternative est montr\u00e9.<\/li>\n<\/ul>\n<\/li>\n\n\n\n<li>Onglet &#8220;Call&#8221;\n<ul class=\"wp-block-list\">\n<li>Si l&#8217;action de la stat est un call, son range preflop (cat\u00e9gories preflop) est affich\u00e9.<\/li>\n\n\n\n<li>Sinon, le range de call comme action alternative est montr\u00e9.<\/li>\n<\/ul>\n<\/li>\n\n\n\n<li>Onglet &#8220;Check&#8221;\n<ul class=\"wp-block-list\">\n<li>Si l&#8217;action de la stat est un check, son range preflop (cat\u00e9gories preflop) est affich\u00e9.<\/li>\n\n\n\n<li>Sinon, le range de check comme action alternative est montr\u00e9.<\/li>\n<\/ul>\n<\/li>\n\n\n\n<li>Onglet &#8220;Bet Sizes&#8221;\n<ul class=\"wp-block-list\">\n<li>Affiche les cat\u00e9gories de tailles de mise pour la stat ex\u00e9cut\u00e9e.<\/li>\n<\/ul>\n<\/li>\n\n\n\n<li>Onglet &#8220;Hands&#8221;\n<ul class=\"wp-block-list\">\n<li>Liste des mains du joueur satisfaisant la condition de la stat.<\/li>\n<\/ul>\n<\/li>\n\n\n\n<li>Zone de Donn\u00e9es\n<ul class=\"wp-block-list\">\n<li>Cette partie affiche les valeurs correspondant \u00e0 l&#8217;onglet s\u00e9lectionn\u00e9.<\/li>\n<\/ul>\n<\/li>\n<\/ol>\n\n\n\n<h3 class=\"wp-block-heading\">Popup sur Stat pour les statistiques postflop<\/h3>\n\n\n\n<p>Le popup sur une stat pour les statistiques postflop inclut les \u00e9l\u00e9ments suivants :<\/p>\n\n\n\n<div class=\"wp-block-group is-vertical is-content-justification-center is-layout-flex wp-container-core-group-is-layout-4b2eccd6 wp-block-group-is-layout-flex\">\n<div class=\"wp-block-group is-content-justification-center is-nowrap is-layout-flex wp-container-core-group-is-layout-079bfc22 wp-block-group-is-layout-flex\">\n<figure class=\"wp-block-image size-full\"><img loading=\"lazy\" decoding=\"async\" width=\"491\" height=\"723\" src=\"http:\/\/hand2noteguide.com\/wp-content\/uploads\/2025\/06\/\u0440\u0435\u043d\u0436.jpg\" alt=\"\" class=\"wp-image-14224\" srcset=\"https:\/\/hand2noteguide.com\/wp-content\/uploads\/2025\/06\/\u0440\u0435\u043d\u0436.jpg 491w, https:\/\/hand2noteguide.com\/wp-content\/uploads\/2025\/06\/\u0440\u0435\u043d\u0436-204x300.jpg 204w, https:\/\/hand2noteguide.com\/wp-content\/uploads\/2025\/06\/\u0440\u0435\u043d\u0436-424x624.jpg 424w\" sizes=\"auto, (max-width: 491px) 100vw, 491px\" \/><\/figure>\n\n\n\n<figure class=\"wp-block-image size-full\"><img loading=\"lazy\" decoding=\"async\" width=\"591\" height=\"526\" src=\"http:\/\/hand2noteguide.com\/wp-content\/uploads\/2025\/06\/\u0431\u043e\u0440\u0434.jpg\" alt=\"\" class=\"wp-image-14225\" srcset=\"https:\/\/hand2noteguide.com\/wp-content\/uploads\/2025\/06\/\u0431\u043e\u0440\u0434.jpg 591w, https:\/\/hand2noteguide.com\/wp-content\/uploads\/2025\/06\/\u0431\u043e\u0440\u0434-300x267.jpg 300w\" sizes=\"auto, (max-width: 591px) 100vw, 591px\" \/><\/figure>\n<\/div>\n\n\n\n<div class=\"wp-block-group is-content-justification-center is-nowrap is-layout-flex wp-container-core-group-is-layout-35f56f29 wp-block-group-is-layout-flex\">\n<figure class=\"wp-block-image size-full\"><img loading=\"lazy\" decoding=\"async\" width=\"634\" height=\"529\" src=\"http:\/\/hand2noteguide.com\/wp-content\/uploads\/2025\/06\/\u0431\u0435\u0442-\u0441\u0430\u0439\u0437\u0438\u043d\u04332.jpg\" alt=\"\" class=\"wp-image-14226\" srcset=\"https:\/\/hand2noteguide.com\/wp-content\/uploads\/2025\/06\/\u0431\u0435\u0442-\u0441\u0430\u0439\u0437\u0438\u043d\u04332.jpg 634w, https:\/\/hand2noteguide.com\/wp-content\/uploads\/2025\/06\/\u0431\u0435\u0442-\u0441\u0430\u0439\u0437\u0438\u043d\u04332-300x250.jpg 300w, https:\/\/hand2noteguide.com\/wp-content\/uploads\/2025\/06\/\u0431\u0435\u0442-\u0441\u0430\u0439\u0437\u0438\u043d\u04332-624x521.jpg 624w\" sizes=\"auto, (max-width: 634px) 100vw, 634px\" \/><\/figure>\n\n\n\n<figure class=\"wp-block-image size-full\"><img loading=\"lazy\" decoding=\"async\" width=\"1019\" height=\"788\" src=\"http:\/\/hand2noteguide.com\/wp-content\/uploads\/2025\/06\/\u0445\u0435\u043d\u0434\u04412.jpg\" alt=\"\" class=\"wp-image-14227\" srcset=\"https:\/\/hand2noteguide.com\/wp-content\/uploads\/2025\/06\/\u0445\u0435\u043d\u0434\u04412.jpg 1019w, https:\/\/hand2noteguide.com\/wp-content\/uploads\/2025\/06\/\u0445\u0435\u043d\u0434\u04412-300x232.jpg 300w, https:\/\/hand2noteguide.com\/wp-content\/uploads\/2025\/06\/\u0445\u0435\u043d\u0434\u04412-768x594.jpg 768w, https:\/\/hand2noteguide.com\/wp-content\/uploads\/2025\/06\/\u0445\u0435\u043d\u0434\u04412-772x597.jpg 772w, https:\/\/hand2noteguide.com\/wp-content\/uploads\/2025\/06\/\u0445\u0435\u043d\u0434\u04412-624x483.jpg 624w\" sizes=\"auto, (max-width: 1019px) 100vw, 1019px\" \/><\/figure>\n<\/div>\n<\/div>\n\n\n\n<ul class=\"wp-block-list\">\n<ol class=\"wp-block-list\" start=\"1\">\n<li>Nom de la Stat\n<ul class=\"wp-block-list\">\n<li>En survolant le cercle \u00e0 la fin du nom, la condition logique de la stat est affich\u00e9e.<\/li>\n<\/ul>\n<\/li>\n\n\n\n<li>Configuration des Notes\n<ul class=\"wp-block-list\">\n<li>Une ligne pour configurer les notes sur la stat du joueur.<\/li>\n<\/ul>\n<\/li>\n\n\n\n<li>Param\u00e8tres G\u00e9n\u00e9raux\n<ul class=\"wp-block-list\">\n<li>Valeur de la Stat \u2014 fr\u00e9quence globale (en %) de l&#8217;ex\u00e9cution de la stat.<\/li>\n\n\n\n<li>Valeur de la Stat Vs-Utilisateur \u2014 fr\u00e9quence de l&#8217;ex\u00e9cution de la stat (en %), contre vous.<\/li>\n\n\n\n<li>Profit de l&#8217;Action \u2014 rentabilit\u00e9 de l&#8217;action.<\/li>\n\n\n\n<li>Main Gagn\u00e9e \u2014 nombre de mains gagn\u00e9es (en %).<\/li>\n\n\n\n<li>WTSD (Went to Showdown) \u2014 fr\u00e9quence d&#8217;atteinte du showdown.<\/li>\n\n\n\n<li>Et d&#8217;autres param\u00e8tres.<br><em>Toutes les valeurs sont calcul\u00e9es en tenant compte de la condition de la stat.<\/em><\/li>\n<\/ul>\n<\/li>\n\n\n\n<li>Onglet &#8220;Range&#8221;\n<ul class=\"wp-block-list\">\n<li>Affiche le contenu de la force des mains sous forme d&#8217;histogrammes.<\/li>\n<\/ul>\n<\/li>\n\n\n\n<li>Onglet &#8220;Boards&#8221;\n<ul class=\"wp-block-list\">\n<li>Affiche les fr\u00e9quences de l&#8217;ex\u00e9cution de la stat (en %) et les histogrammes de force des mains r\u00e9partis sur diff\u00e9rents types de boards.<\/li>\n<\/ul>\n<\/li>\n\n\n\n<li>Onglet &#8220;Bet Sizes&#8221;\n<ul class=\"wp-block-list\">\n<li>Affiche les cat\u00e9gories de tailles de mise pour la stat ex\u00e9cut\u00e9e et un histogramme de force des mains pour chacune d&#8217;elles.<\/li>\n<\/ul>\n<\/li>\n\n\n\n<li>Onglet &#8220;Hands&#8221;\n<ul class=\"wp-block-list\">\n<li>Liste des mains du joueur satisfaisant la condition de la stat.<\/li>\n<\/ul>\n<\/li>\n\n\n\n<li>Zone de Donn\u00e9es\n<ul class=\"wp-block-list\">\n<li>Cette partie affiche les valeurs correspondant \u00e0 l&#8217;onglet s\u00e9lectionn\u00e9.<\/li>\n<\/ul>\n<\/li>\n<\/ol>\n<\/ul>\n\n\n\n<h2 class=\"wp-block-heading\">Param\u00e8tres pour d\u00e9clencher un popup sur une stat<\/h2>\n\n\n\n<p>Le d\u00e9clenchement d&#8217;un popup sur une stat dans le HUD ou le popup peut \u00eatre configur\u00e9. Pour cela, dans la fen\u00eatre principale de Hand2Note, allez dans les param\u00e8tres en s\u00e9lectionnant &#8220;Configuration&#8221; (1). Puis ouvrez le menu &#8220;HUD&#8221; (2).<\/p>\n\n\n\n<figure class=\"wp-block-image size-large\"><img loading=\"lazy\" decoding=\"async\" width=\"1024\" height=\"576\" src=\"http:\/\/hand2noteguide.com\/wp-content\/uploads\/2025\/06\/78778878-1024x576.jpg\" alt=\"\" class=\"wp-image-14187\" srcset=\"https:\/\/hand2noteguide.com\/wp-content\/uploads\/2025\/06\/78778878-1024x576.jpg 1024w, https:\/\/hand2noteguide.com\/wp-content\/uploads\/2025\/06\/78778878-300x169.jpg 300w, https:\/\/hand2noteguide.com\/wp-content\/uploads\/2025\/06\/78778878-768x432.jpg 768w, https:\/\/hand2noteguide.com\/wp-content\/uploads\/2025\/06\/78778878-1536x864.jpg 1536w, https:\/\/hand2noteguide.com\/wp-content\/uploads\/2025\/06\/78778878-772x434.jpg 772w, https:\/\/hand2noteguide.com\/wp-content\/uploads\/2025\/06\/78778878-624x351.jpg 624w, https:\/\/hand2noteguide.com\/wp-content\/uploads\/2025\/06\/78778878.jpg 1919w\" sizes=\"auto, (max-width: 1024px) 100vw, 1024px\" \/><\/figure>\n\n\n\n<p>Dans les <a href=\"https:\/\/hand2noteguide.com\/fr\/user-manual\/basic-settings-for-displaying-the-hada-in-hand2note\/\">param\u00e8tres du HUD<\/a>, vous pouvez \u00e9galement configurer l&#8217;affichage du popup sur une stat en utilisant les \u00e9l\u00e9ments suivants :<\/p>\n\n\n\n<ul class=\"wp-block-list\">\n<li>&#8220;Ouvrir le popup sur une stat et le popup principal par clics gauche et droit&#8221; (3) &#8211; lorsque cette option est activ\u00e9e, l&#8217;ouverture d&#8217;un popup sur une stat se fera en cliquant sur la stat avec le LMB au lieu de survoler le curseur de la souris;<\/li>\n\n\n\n<li>Si l&#8217;option &#8220;Ouvrir le popup sur une stat et le popup principal par clics gauche et droit&#8221; est d\u00e9sactiv\u00e9e, vous pouvez d\u00e9finir le d\u00e9lai d&#8217;ouverture du popup lors du survol d&#8217;une stat en utilisant l&#8217;option &#8220;D\u00e9lai pour ouvrir le popup sur une stat apr\u00e8s le survol de la souris (en millisecondes)&#8221; (4) (la valeur est sp\u00e9cifi\u00e9e en millisecondes). Le d\u00e9lai est n\u00e9cessaire pour que les popups s&#8217;ouvrent uniquement lorsque vous le souhaitez vraiment, et ne clignotent pas \u00e0 chaque survol accidentel de la souris sur les stats.<\/li>\n<\/ul>\n\n\n\n<h2 class=\"wp-block-heading\">Conclusion<\/h2>\n\n\n\n<p>Le popup sur une stat fournit des donn\u00e9es analytiques pr\u00e9cieuses qui peuvent \u00eatre utilis\u00e9es \u00e0 la fois lors de l&#8217;analyse des mains et directement pendant le jeu. La plupart des param\u00e8tres sont disponibles pour un r\u00e9glage fin, permettant d&#8217;adapter l&#8217;outil aux besoins individuels du joueur.<\/p>\n\n\n\n<p>Nous recommandons \u00e9galement d&#8217;\u00e9tudier des mat\u00e9riaux suppl\u00e9mentaires sur le travail avec le popup sur une stat :<\/p>\n\n\n\n<ul class=\"wp-block-list\">\n<li><a href=\"https:\/\/hand2noteguide.com\/fr\/user-manual\/bet-sizing-cetegories\/\">Configuration des cat\u00e9gories de tailles de mise<\/a><\/li>\n\n\n\n<li><a href=\"https:\/\/hand2noteguide.com\/fr\/user-manual\/setting-up-board-categories\/\">Configuration des textures de board<\/a><\/li>\n\n\n\n<li><a href=\"https:\/\/hand2noteguide.com\/fr\/user-manual\/setting-up-hand-ranges\/\">Configuration des ranges de mains<\/a><\/li>\n<\/ul>\n","protected":false},"excerpt":{"rendered":"<p>Hand2Note vous permet d&#8217;afficher un popup sur une stat en survolant ou en cliquant avec le curseur de la souris sur les stats dans le popup ou le HUD. Il contient des informations d\u00e9taill\u00e9es telles que les ranges preflop, les cat\u00e9gories de tailles de mise, les graphiques de force des mains, le WinRate de l&#8217;ex\u00e9cution &hellip; <a href=\"https:\/\/hand2noteguide.com\/fr\/user-manual\/popup-on-stat\/\" class=\"more-link\">Continue reading <span class=\"screen-reader-text\">Popup avanc\u00e9 sur Stat<\/span><\/a><\/p>\n","protected":false},"author":3,"featured_media":14181,"parent":9199,"menu_order":0,"comment_status":"closed","ping_status":"closed","template":"","meta":{"footnotes":""},"class_list":["post-14179","page","type-page","status-publish","has-post-thumbnail","hentry"],"translation":{"provider":"WPGlobus","version":"3.0.2","language":"fr","enabled_languages":["en","ru","pt","zh","es","fr","de","it","ja"],"languages":{"en":{"title":true,"content":true,"excerpt":false},"ru":{"title":true,"content":true,"excerpt":false},"pt":{"title":true,"content":true,"excerpt":false},"zh":{"title":true,"content":true,"excerpt":false},"es":{"title":true,"content":true,"excerpt":false},"fr":{"title":true,"content":true,"excerpt":false},"de":{"title":true,"content":true,"excerpt":false},"it":{"title":true,"content":true,"excerpt":false},"ja":{"title":true,"content":true,"excerpt":false}}},"yoast_head":"<!-- This site is optimized with the Yoast SEO plugin v27.0 - https:\/\/yoast.com\/product\/yoast-seo-wordpress\/ -->\n<title>Popup avanc\u00e9 sur Stat dans Hand2Note<\/title>\n<meta name=\"description\" content=\"D\u00e9couvrez comment utiliser les popups avanc\u00e9s sur stat dans Hand2Note pour analyser les statistiques preflop et postflop afin d&#039;am\u00e9liorer votre jeu.\" \/>\n<meta name=\"robots\" content=\"index, follow, max-snippet:-1, max-image-preview:large, max-video-preview:-1\" \/>\n<link rel=\"canonical\" href=\"https:\/\/hand2noteguide.com\/user-manual\/popup-on-stat\/\" \/>\n<meta property=\"og:locale\" content=\"fr_FR\" \/>\n<meta property=\"og:type\" content=\"article\" \/>\n<meta property=\"og:title\" content=\"Popup avanc\u00e9 sur Stat dans Hand2Note\" \/>\n<meta property=\"og:description\" content=\"D\u00e9couvrez comment utiliser les popups avanc\u00e9s sur stat dans Hand2Note pour analyser les statistiques preflop et postflop afin d&#039;am\u00e9liorer votre jeu.\" \/>\n<meta property=\"og:url\" content=\"https:\/\/hand2noteguide.com\/user-manual\/popup-on-stat\/\" \/>\n<meta property=\"og:site_name\" content=\"Hand2Note Guide\" \/>\n<meta property=\"article:modified_time\" content=\"2026-03-10T08:39:54+00:00\" \/>\n<meta property=\"og:image\" content=\"https:\/\/hand2noteguide.com\/wp-content\/uploads\/2025\/06\/\u0411\u0435\u0437-\u0438\u043c\u0435\u043d\u0438-1-7.jpg\" \/>\n\t<meta property=\"og:image:width\" content=\"1920\" \/>\n\t<meta property=\"og:image:height\" content=\"1080\" \/>\n\t<meta property=\"og:image:type\" content=\"image\/jpeg\" \/>\n<meta name=\"twitter:card\" content=\"summary_large_image\" \/>\n<meta name=\"twitter:label1\" content=\"Est. reading time\" \/>\n\t<meta name=\"twitter:data1\" content=\"29 minutes\" \/>\n<!-- \/ Yoast SEO plugin. -->","yoast_head_json":{"title":"Popup avanc\u00e9 sur Stat dans Hand2Note","description":"D\u00e9couvrez comment utiliser les popups avanc\u00e9s sur stat dans Hand2Note pour analyser les statistiques preflop et postflop afin d'am\u00e9liorer votre jeu.","robots":{"index":"index","follow":"follow","max-snippet":"max-snippet:-1","max-image-preview":"max-image-preview:large","max-video-preview":"max-video-preview:-1"},"canonical":"https:\/\/hand2noteguide.com\/user-manual\/popup-on-stat\/","og_locale":"fr_FR","og_type":"article","og_title":"Popup avanc\u00e9 sur Stat dans Hand2Note","og_description":"D\u00e9couvrez comment utiliser les popups avanc\u00e9s sur stat dans Hand2Note pour analyser les statistiques preflop et postflop afin d'am\u00e9liorer votre jeu.","og_url":"https:\/\/hand2noteguide.com\/user-manual\/popup-on-stat\/","og_site_name":"Hand2Note Guide","article_modified_time":"2026-03-10T08:39:54+00:00","og_image":[{"width":1920,"height":1080,"url":"https:\/\/hand2noteguide.com\/wp-content\/uploads\/2025\/06\/\u0411\u0435\u0437-\u0438\u043c\u0435\u043d\u0438-1-7.jpg","type":"image\/jpeg"}],"twitter_card":"summary_large_image","twitter_misc":{"Est. reading time":"29 minutes"},"schema":{"@context":"https:\/\/schema.org","@graph":[]}},"jetpack_sharing_enabled":true,"_links":{"self":[{"href":"https:\/\/hand2noteguide.com\/fr\/wp-json\/wp\/v2\/pages\/14179","targetHints":{"allow":["GET"]}}],"collection":[{"href":"https:\/\/hand2noteguide.com\/fr\/wp-json\/wp\/v2\/pages"}],"about":[{"href":"https:\/\/hand2noteguide.com\/fr\/wp-json\/wp\/v2\/types\/page"}],"author":[{"embeddable":true,"href":"https:\/\/hand2noteguide.com\/fr\/wp-json\/wp\/v2\/users\/3"}],"replies":[{"embeddable":true,"href":"https:\/\/hand2noteguide.com\/fr\/wp-json\/wp\/v2\/comments?post=14179"}],"version-history":[{"count":68,"href":"https:\/\/hand2noteguide.com\/fr\/wp-json\/wp\/v2\/pages\/14179\/revisions"}],"predecessor-version":[{"id":15641,"href":"https:\/\/hand2noteguide.com\/fr\/wp-json\/wp\/v2\/pages\/14179\/revisions\/15641"}],"up":[{"embeddable":true,"href":"https:\/\/hand2noteguide.com\/fr\/wp-json\/wp\/v2\/pages\/9199"}],"wp:featuredmedia":[{"embeddable":true,"href":"https:\/\/hand2noteguide.com\/fr\/wp-json\/wp\/v2\/media\/14181"}],"wp:attachment":[{"href":"https:\/\/hand2noteguide.com\/fr\/wp-json\/wp\/v2\/media?parent=14179"}],"curies":[{"name":"wp","href":"https:\/\/api.w.org\/{rel}","templated":true}]}}