{"id":142,"date":"2018-07-31T23:22:45","date_gmt":"2018-07-31T20:22:45","guid":{"rendered":"https:\/\/h2n312.wordpress.com\/?page_id=142"},"modified":"2026-04-24T04:25:36","modified_gmt":"2026-04-24T01:25:36","slug":"hand2note-official-support","status":"publish","type":"page","link":"https:\/\/hand2noteguide.com\/fr\/hand2note-official-support\/","title":{"rendered":"Service d&#8217;assistance Hand2Note"},"content":{"rendered":"\n<p>Avant de contacter le support Hand2Note, consultez les solutions possibles pour vos probl\u00e8mes. Si vous souhaitez comprendre comment fonctionne une fonctionnalit\u00e9 sp\u00e9cifique, vous pouvez d&#8217;abord consulter les informations dans le <a href=\"\/fr\/user-manual\/\">manuel d&#8217;utilisateur Hand2Note<\/a>. Si vous avez des probl\u00e8mes avec le logiciel, jetez un \u0153il \u00e0 la section <a href=\"https:\/\/hand2noteguide.com\/fr\/issues-resolving\/\">d\u00e9pannage<\/a>.<\/p>\n\n\n\n<p>Dans le cas o\u00f9 vous ne trouvez pas de r\u00e9ponses \u00e0 vos questions, vous pouvez faire appel \u00e0 l&#8217;aide de sp\u00e9cialistes. L&#8217;\u00e9quipe de support Hand2Note travaille 24\/7 et est toujours pr\u00eate \u00e0 vous aider. Vous pouvez contacter les op\u00e9rateurs de l&#8217;une des mani\u00e8res suivantes :<\/p>\n\n\n\n<ul class=\"wp-block-list\">\n<li><strong>Chat en direct :<\/strong> <a aria-label=\"undefined (opens in a new tab)\" href=\"https:\/\/hand2note.com?rid=2250\" target=\"_blank\" rel=\"noreferrer noopener\">http:\/\/www.hand2note.com\/<\/a><\/li>\n\n\n\n<li><strong>Discord :<\/strong> <a aria-label=\"undefined (opens in a new tab)\" href=\"https:\/\/discord.gg\/Hand2Note\" target=\"_blank\" rel=\"noreferrer noopener\">Serveur Discord Hand2Note<\/a><\/li>\n\n\n\n<li><strong>Email :<\/strong> <a href=\"mailto:support@hand2note.com\" target=\"_blank\" rel=\"noreferrer noopener\">support@hand2note.com<\/a><\/li>\n<\/ul>\n\n\n<div class=\"wp-block-h2n-alert h2n-alert h2n-alert--info\"><div class=\"h2n-alert__icon\" aria-hidden=\"true\"><svg width=\"22\" height=\"22\" viewBox=\"0 0 24 24\" fill=\"none\" stroke=\"currentColor\" stroke-width=\"2\" stroke-linecap=\"round\" stroke-linejoin=\"round\"><circle cx=\"12\" cy=\"12\" r=\"10\"\/><line x1=\"12\" y1=\"16\" x2=\"12\" y2=\"12\"\/><circle cx=\"12\" cy=\"8\" r=\"1\" fill=\"currentColor\" stroke=\"none\"\/><\/svg><\/div><div class=\"h2n-alert__content\">Si vous ne voyez pas la fen\u00eatre de chat en bas \u00e0 droite du site hand2note.com, essayez de d\u00e9sactiver les bloqueurs de publicit\u00e9 ou d&#8217;utiliser le mode navigation priv\u00e9e. Si cela ne suffit pas, les op\u00e9rateurs sont probablement hors ligne : essayez un autre moyen dans la liste ci-dessus.<\/div><\/div>\n\n\n<p>Veuillez clairement indiquer votre probl\u00e8me et fournir aux op\u00e9rateurs autant d&#8217;informations que possible :<\/p>\n\n\n\n<ul class=\"wp-block-list\">\n<li>Quelle version de Hand2Note avez-vous install\u00e9e ?<\/li>\n\n\n\n<li>Dans quelle salle de poker jouez-vous actuellement ?<\/li>\n\n\n\n<li>Quel type de poker jouez-vous dans cette salle de poker ?<\/li>\n\n\n\n<li>Avez-vous install\u00e9 des packages HUD commerciaux ?&nbsp;<\/li>\n<\/ul>\n\n\n\n<p>Merci.<\/p>\n","protected":false},"excerpt":{"rendered":"<p>Avant de contacter le support Hand2Note, consultez les solutions possibles pour vos probl\u00e8mes. Si vous souhaitez comprendre comment fonctionne une fonctionnalit\u00e9 sp\u00e9cifique, vous pouvez d&#8217;abord consulter les informations dans le manuel d&#8217;utilisateur Hand2Note. Si vous avez des probl\u00e8mes avec le logiciel, jetez un \u0153il \u00e0 la section d\u00e9pannage. Dans le cas o\u00f9 vous ne trouvez &hellip; <a href=\"https:\/\/hand2noteguide.com\/fr\/hand2note-official-support\/\" class=\"more-link\">Continue reading <span class=\"screen-reader-text\">Service d&#8217;assistance Hand2Note<\/span><\/a><\/p>\n","protected":false},"author":1,"featured_media":0,"parent":0,"menu_order":0,"comment_status":"closed","ping_status":"closed","template":"page-templates\/full-width-page.php","meta":{"footnotes":""},"class_list":["post-142","page","type-page","status-publish","hentry"],"translation":{"provider":"WPGlobus","version":"3.0.2","language":"fr","enabled_languages":["en","ru","pt","zh","es","fr","de","it","ja"],"languages":{"en":{"title":true,"content":true,"excerpt":false},"ru":{"title":true,"content":true,"excerpt":false},"pt":{"title":true,"content":true,"excerpt":false},"zh":{"title":true,"content":true,"excerpt":false},"es":{"title":true,"content":true,"excerpt":false},"fr":{"title":true,"content":true,"excerpt":false},"de":{"title":true,"content":true,"excerpt":false},"it":{"title":true,"content":true,"excerpt":false},"ja":{"title":true,"content":true,"excerpt":false}}},"yoast_head":"<!-- This site is optimized with the Yoast SEO plugin v27.0 - https:\/\/yoast.com\/product\/yoast-seo-wordpress\/ -->\n<title>Service d&#039;assistance Hand2Note : Chat en direct, Discord, Email<\/title>\n<meta name=\"description\" content=\"L&#039;\u00e9quipe de support Hand2Note travaille 24\/7 et est toujours pr\u00eate \u00e0 aider. Vous pouvez nous contacter par chat en direct, email ou via la communaut\u00e9 Discord. R\u00e9solvez vos probl\u00e8mes rapidement !\" \/>\n<meta name=\"robots\" content=\"index, follow, max-snippet:-1, max-image-preview:large, max-video-preview:-1\" \/>\n<link rel=\"canonical\" href=\"https:\/\/hand2noteguide.com\/hand2note-official-support\/\" \/>\n<meta property=\"og:locale\" content=\"fr_FR\" \/>\n<meta property=\"og:type\" content=\"article\" \/>\n<meta property=\"og:title\" content=\"Service d&#039;assistance Hand2Note : Chat en direct, Discord, Email\" \/>\n<meta property=\"og:description\" content=\"L&#039;\u00e9quipe de support Hand2Note travaille 24\/7 et est toujours pr\u00eate \u00e0 aider. Vous pouvez nous contacter par chat en direct, email ou via la communaut\u00e9 Discord. R\u00e9solvez vos probl\u00e8mes rapidement !\" \/>\n<meta property=\"og:url\" content=\"https:\/\/hand2noteguide.com\/hand2note-official-support\/\" \/>\n<meta property=\"og:site_name\" content=\"Hand2Note Guide\" \/>\n<meta property=\"article:modified_time\" content=\"2026-04-24T01:25:36+00:00\" \/>\n<meta name=\"twitter:card\" content=\"summary_large_image\" \/>\n<meta name=\"twitter:label1\" content=\"Est. reading time\" \/>\n\t<meta name=\"twitter:data1\" content=\"1 minute\" \/>\n<!-- \/ Yoast SEO plugin. -->","yoast_head_json":{"title":"Service d'assistance Hand2Note : Chat en direct, Discord, Email","description":"L'\u00e9quipe de support Hand2Note travaille 24\/7 et est toujours pr\u00eate \u00e0 aider. Vous pouvez nous contacter par chat en direct, email ou via la communaut\u00e9 Discord. R\u00e9solvez vos probl\u00e8mes rapidement !","robots":{"index":"index","follow":"follow","max-snippet":"max-snippet:-1","max-image-preview":"max-image-preview:large","max-video-preview":"max-video-preview:-1"},"canonical":"https:\/\/hand2noteguide.com\/hand2note-official-support\/","og_locale":"fr_FR","og_type":"article","og_title":"Service d'assistance Hand2Note : Chat en direct, Discord, Email","og_description":"L'\u00e9quipe de support Hand2Note travaille 24\/7 et est toujours pr\u00eate \u00e0 aider. Vous pouvez nous contacter par chat en direct, email ou via la communaut\u00e9 Discord. R\u00e9solvez vos probl\u00e8mes rapidement !","og_url":"https:\/\/hand2noteguide.com\/hand2note-official-support\/","og_site_name":"Hand2Note Guide","article_modified_time":"2026-04-24T01:25:36+00:00","twitter_card":"summary_large_image","twitter_misc":{"Est. reading time":"1 minute"},"schema":{"@context":"https:\/\/schema.org","@graph":[]}},"jetpack_sharing_enabled":false,"_links":{"self":[{"href":"https:\/\/hand2noteguide.com\/fr\/wp-json\/wp\/v2\/pages\/142","targetHints":{"allow":["GET"]}}],"collection":[{"href":"https:\/\/hand2noteguide.com\/fr\/wp-json\/wp\/v2\/pages"}],"about":[{"href":"https:\/\/hand2noteguide.com\/fr\/wp-json\/wp\/v2\/types\/page"}],"author":[{"embeddable":true,"href":"https:\/\/hand2noteguide.com\/fr\/wp-json\/wp\/v2\/users\/1"}],"replies":[{"embeddable":true,"href":"https:\/\/hand2noteguide.com\/fr\/wp-json\/wp\/v2\/comments?post=142"}],"version-history":[{"count":48,"href":"https:\/\/hand2noteguide.com\/fr\/wp-json\/wp\/v2\/pages\/142\/revisions"}],"predecessor-version":[{"id":16405,"href":"https:\/\/hand2noteguide.com\/fr\/wp-json\/wp\/v2\/pages\/142\/revisions\/16405"}],"wp:attachment":[{"href":"https:\/\/hand2noteguide.com\/fr\/wp-json\/wp\/v2\/media?parent=142"}],"curies":[{"name":"wp","href":"https:\/\/api.w.org\/{rel}","templated":true}]}}