{"id":14539,"date":"2025-09-10T21:06:40","date_gmt":"2025-09-10T18:06:40","guid":{"rendered":"https:\/\/hand2noteguide.com\/?page_id=14539"},"modified":"2026-02-21T10:46:42","modified_gmt":"2026-02-21T07:46:42","slug":"editorial-policy","status":"publish","type":"page","link":"https:\/\/hand2noteguide.com\/fr\/editorial-policy\/","title":{"rendered":"Politique \u00c9ditoriale"},"content":{"rendered":"\n<h2>1. Objectif<\/h2>\n<p><strong>Hand2Note Guide<\/strong> est une ressource \u00e9ducative sur le poker. Notre mission est de fournir aux joueurs de poker des informations claires, pratiques et fiables sur le <strong>logiciel de poker<\/strong> : HUDs, solveurs, applications de formation et autres outils modernes de poker. Nous publions \u00e9galement des guides simples et accessibles sur les <strong>r\u00e8gles du poker<\/strong> et les techniques de jeu de base.<\/p>\n\n<h2>2. Principes de Contenu<\/h2>\n<p>Tout notre contenu est bas\u00e9 sur l&#8217;utilisation directe de logiciels de poker, l&#8217;exp\u00e9rience pratique du poker et un apprentissage continu. Avant publication, chaque guide est test\u00e9 et examin\u00e9 pour garantir pr\u00e9cision, clart\u00e9 et ind\u00e9pendance. Nous nous concentrons sur l&#8217;explication des outils complexes et des concepts th\u00e9oriques de mani\u00e8re simple, les rendant accessibles et utiles pour les joueurs de tous niveaux. Nous prenons \u00e9galement en compte les retours de nos lecteurs et des joueurs professionnels, en mettant \u00e0 jour et en am\u00e9liorant nos guides lorsque de nouvelles id\u00e9es ou corrections sont n\u00e9cessaires.<\/p>\n\n<h2>3. Mises \u00e0 Jour<\/h2>\n<p>Nous r\u00e9visons et mettons \u00e0 jour r\u00e9guli\u00e8rement nos guides pour refl\u00e9ter les nouvelles versions des logiciels et les changements dans l&#8217;industrie du poker. Le cas \u00e9ch\u00e9ant, nous notons la date de la derni\u00e8re mise \u00e0 jour directement sur la page.<\/p>\n\n<h2>4. Auteurs et Expertise<\/h2>\n<p>Notre \u00e9quipe principale comprend <a href=\"https:\/\/hand2noteguide.com\/fr\/author\/admin\/\"><strong>Nick Korolev<\/strong><\/a> \u2014 joueur professionnel de No-Limit Holdem, auteur du manuel officiel de Hand2Note 3 et membre de longue date des \u00e9quipes de d\u00e9veloppement de logiciels de poker ; <strong>Roman Belousov<\/strong> \u2014 joueur professionnel de 6+ Holdem, expert en HUD et cr\u00e9ateur de la ligne de produits Cosmos HUD ; et <a href=\"https:\/\/hand2noteguide.com\/fr\/author\/konstantinabakumov\/\"><strong>Konstantin Abbakumov<\/strong><\/a> \u2014 joueur professionnel, expert en solveurs et cr\u00e9ateur de Exploit HUD. Ensemble, ils apportent des ann\u00e9es d&#8217;expertise pratique en poker et en logiciels, non seulement avec Hand2Note mais aussi avec des solveurs, des applications de formation et d&#8217;autres outils de poker.<\/p>\n<p>Nous collaborons \u00e9galement avec d&#8217;autres joueurs, auteurs et entra\u00eeneurs respect\u00e9s. \u00catre en contact \u00e9troit avec les d\u00e9veloppeurs de logiciels nous donne une compr\u00e9hension approfondie de ces outils et nous permet de les expliquer clairement.<\/p>\n\n<h2>5. Ind\u00e9pendance et Liens Affili\u00e9s<\/h2>\n<p>Nous incluons parfois des liens affili\u00e9s vers des logiciels et services de poker tels que Hand2Note, GTO Wizard et Freebetrange. Cela signifie que nous pouvons percevoir une petite commission, sans co\u00fbt suppl\u00e9mentaire pour vous, si vous choisissez d&#8217;utiliser ces liens. Cependant, les partenariats d&#8217;affiliation n&#8217;influencent pas nos d\u00e9cisions \u00e9ditoriales. Nous ne recommandons que des outils que nous avons test\u00e9s et que nous croyons sinc\u00e8rement \u00eatre pr\u00e9cieux pour les joueurs.<\/p>\n\n<h2>6. Notre Engagement<\/h2>\n<p>Notre engagement est de fournir un contenu \u00e9ducatif objectif, transparent et utile pour la communaut\u00e9 mondiale du poker. Nous visons \u00e0 soutenir les joueurs de tous niveaux dans la ma\u00eetrise des outils et l&#8217;am\u00e9lioration de leur jeu global.<\/p>\n","protected":false},"excerpt":{"rendered":"<p>1. Objectif Hand2Note Guide est une ressource \u00e9ducative sur le poker. Notre mission est de fournir aux joueurs de poker des informations claires, pratiques et fiables sur le logiciel de poker : HUDs, solveurs, applications de formation et autres outils modernes de poker. Nous publions \u00e9galement des guides simples et accessibles sur les r\u00e8gles du &hellip; <a href=\"https:\/\/hand2noteguide.com\/fr\/editorial-policy\/\" class=\"more-link\">Continue reading <span class=\"screen-reader-text\">Politique \u00c9ditoriale<\/span><\/a><\/p>\n","protected":false},"author":1,"featured_media":0,"parent":0,"menu_order":0,"comment_status":"closed","ping_status":"closed","template":"page-templates\/full-width-page.php","meta":{"footnotes":""},"class_list":["post-14539","page","type-page","status-publish","hentry"],"translation":{"provider":"WPGlobus","version":"3.0.2","language":"fr","enabled_languages":["en","ru","pt","zh","es","fr","de","it","ja"],"languages":{"en":{"title":true,"content":true,"excerpt":false},"ru":{"title":true,"content":true,"excerpt":false},"pt":{"title":true,"content":true,"excerpt":false},"zh":{"title":true,"content":true,"excerpt":false},"es":{"title":true,"content":true,"excerpt":false},"fr":{"title":true,"content":true,"excerpt":false},"de":{"title":true,"content":true,"excerpt":false},"it":{"title":true,"content":true,"excerpt":false},"ja":{"title":true,"content":true,"excerpt":false}}},"yoast_head":"<!-- This site is optimized with the Yoast SEO plugin v27.0 - https:\/\/yoast.com\/product\/yoast-seo-wordpress\/ -->\n<title>Politique \u00c9ditoriale | Guide Hand2Note<\/title>\n<meta name=\"description\" content=\"Politique \u00c9ditoriale du Guide Hand2Note : tout le contenu est r\u00e9dig\u00e9 par des experts en poker, examin\u00e9 par des professionnels et mis \u00e0 jour pour garantir son exactitude.\" \/>\n<meta name=\"robots\" content=\"index, follow, max-snippet:-1, max-image-preview:large, max-video-preview:-1\" \/>\n<link rel=\"canonical\" href=\"https:\/\/hand2noteguide.com\/editorial-policy\/\" \/>\n<meta property=\"og:locale\" content=\"fr_FR\" \/>\n<meta property=\"og:type\" content=\"article\" \/>\n<meta property=\"og:title\" content=\"Politique \u00c9ditoriale | Guide Hand2Note\" \/>\n<meta property=\"og:description\" content=\"Politique \u00c9ditoriale du Guide Hand2Note : tout le contenu est r\u00e9dig\u00e9 par des experts en poker, examin\u00e9 par des professionnels et mis \u00e0 jour pour garantir son exactitude.\" \/>\n<meta property=\"og:url\" content=\"https:\/\/hand2noteguide.com\/editorial-policy\/\" \/>\n<meta property=\"og:site_name\" content=\"Hand2Note Guide\" \/>\n<meta property=\"article:modified_time\" content=\"2026-02-21T07:46:42+00:00\" \/>\n<meta name=\"twitter:card\" content=\"summary_large_image\" \/>\n<meta name=\"twitter:label1\" content=\"Est. reading time\" \/>\n\t<meta name=\"twitter:data1\" content=\"3 minutes\" \/>\n<!-- \/ Yoast SEO plugin. -->","yoast_head_json":{"title":"Politique \u00c9ditoriale | Guide Hand2Note","description":"Politique \u00c9ditoriale du Guide Hand2Note : tout le contenu est r\u00e9dig\u00e9 par des experts en poker, examin\u00e9 par des professionnels et mis \u00e0 jour pour garantir son exactitude.","robots":{"index":"index","follow":"follow","max-snippet":"max-snippet:-1","max-image-preview":"max-image-preview:large","max-video-preview":"max-video-preview:-1"},"canonical":"https:\/\/hand2noteguide.com\/editorial-policy\/","og_locale":"fr_FR","og_type":"article","og_title":"Politique \u00c9ditoriale | Guide Hand2Note","og_description":"Politique \u00c9ditoriale du Guide Hand2Note : tout le contenu est r\u00e9dig\u00e9 par des experts en poker, examin\u00e9 par des professionnels et mis \u00e0 jour pour garantir son exactitude.","og_url":"https:\/\/hand2noteguide.com\/editorial-policy\/","og_site_name":"Hand2Note Guide","article_modified_time":"2026-02-21T07:46:42+00:00","twitter_card":"summary_large_image","twitter_misc":{"Est. reading time":"3 minutes"},"schema":{"@context":"https:\/\/schema.org","@graph":[]}},"jetpack_sharing_enabled":true,"_links":{"self":[{"href":"https:\/\/hand2noteguide.com\/fr\/wp-json\/wp\/v2\/pages\/14539","targetHints":{"allow":["GET"]}}],"collection":[{"href":"https:\/\/hand2noteguide.com\/fr\/wp-json\/wp\/v2\/pages"}],"about":[{"href":"https:\/\/hand2noteguide.com\/fr\/wp-json\/wp\/v2\/types\/page"}],"author":[{"embeddable":true,"href":"https:\/\/hand2noteguide.com\/fr\/wp-json\/wp\/v2\/users\/1"}],"replies":[{"embeddable":true,"href":"https:\/\/hand2noteguide.com\/fr\/wp-json\/wp\/v2\/comments?post=14539"}],"version-history":[{"count":88,"href":"https:\/\/hand2noteguide.com\/fr\/wp-json\/wp\/v2\/pages\/14539\/revisions"}],"predecessor-version":[{"id":15046,"href":"https:\/\/hand2noteguide.com\/fr\/wp-json\/wp\/v2\/pages\/14539\/revisions\/15046"}],"wp:attachment":[{"href":"https:\/\/hand2noteguide.com\/fr\/wp-json\/wp\/v2\/media?parent=14539"}],"curies":[{"name":"wp","href":"https:\/\/api.w.org\/{rel}","templated":true}]}}